{"id":73879,"date":"2026-03-26T10:18:13","date_gmt":"2026-03-26T15:18:13","guid":{"rendered":"https:\/\/www.partnershipagainstcancer.ca\/about-us\/who-we-are\/advisors\/hendrik-du-plessis\/"},"modified":"2026-03-26T13:17:58","modified_gmt":"2026-03-26T18:17:58","slug":"hendrik-du-plessis","status":"publish","type":"page","link":"https:\/\/www.partnershipagainstcancer.ca\/fr\/about-us\/who-we-are\/advisors\/hendrik-du-plessis\/","title":{"rendered":"Conseiller en d\u00e9pistage, Dr Hendrik du Plessis"},"content":{"rendered":"<p><img loading=\"lazy\" decoding=\"async\" class=\"alignleft wp-image-73875\" src=\"https:\/\/www.partnershipagainstcancer.ca\/wp-content\/uploads\/2026\/03\/Hendrik-du-Plessis.png\" alt=\"Hendrik du Plessis\" width=\"185\" height=\"194\" \/>Le D<sup>r<\/sup>\u00a0Hendrik du\u00a0Plessis est n\u00e9 en Afrique du Sud, o\u00f9 il a suivi une formation de chirurgien g\u00e9n\u00e9ral avant d\u2019immigrer au Canada en\u00a02008. Il s\u2019est install\u00e9 dans un petit centre r\u00e9gional de chirurgie des Prairies, o\u00f9 il pratique la chirurgie g\u00e9n\u00e9rale et endoscopique au sein d\u2019une petite \u00e9quipe de chirurgiennes et chirurgiens g\u00e9n\u00e9raux d\u00e9vou\u00e9s. Il est affili\u00e9 au D\u00e9partement de chirurgie de la facult\u00e9 de m\u00e9decine de l\u2019Universit\u00e9 de la Saskatchewan, et d\u00e9tient le certificat du Coll\u00e8ge royal des chirurgiens du Canada.<\/p>\n<p>C\u2019est en 2012 qu\u2019a commenc\u00e9 sa collaboration avec le Partenariat canadien contre le cancer (le Partenariat), qui l\u2019a invit\u00e9 \u00e0 assister \u00e0 une r\u00e9union visant la cr\u00e9ation d\u2019un syst\u00e8me de rapports synoptiques de coloscopie, aux c\u00f4t\u00e9s de celui qui occupait alors le poste de conseiller m\u00e9dical du programme de d\u00e9pistage du cancer colorectal (SPCRC\/ColonCheck) de la Saskatchewan.<\/p>\n<p>Pendant la pand\u00e9mie de COVID-19, le\u00a0D<sup>r<\/sup>\u00a0du\u00a0Plessis est devenu conseiller m\u00e9dical pour ce m\u00eame programme de la Saskatchewan\u00a0Cancer\u00a0Agency, un poste temporaire \u00e0 l\u2019origine qu\u2019il occupe encore aujourd\u2019hui.<\/p>\n<p>En\u00a02025, il a accept\u00e9 le r\u00f4le de conseiller en d\u00e9pistage du cancer colorectal aupr\u00e8s du Partenariat. Fort de son exp\u00e9rience acquise au sein d\u2019un programme provincial, il appuie des initiatives nationales visant \u00e0 am\u00e9liorer la sensibilisation au cancer colorectal et la participation au d\u00e9pistage au Canada.<\/p>\n<p>Le D<sup>r<\/sup>\u00a0du\u00a0Plessis apporte \u00e0 ce r\u00f4le un vif enthousiasme et une vision claire, dont il se sert pour <a href=\"https:\/\/www.partnershipagainstcancer.ca\/fr\/news-events\/news\/article\/mission-to-increase-colorectal-cancer-screening\/\">maximiser la sensibilisation aux avantages du d\u00e9pistage du cancer colorectal et renforcer la participation \u00e0 cet examen<\/a>, surtout chez les populations mal desservies des r\u00e9gions \u00e9loign\u00e9es \u2014\u00a0notamment les communaut\u00e9s nordiques et isol\u00e9es des Premi\u00e8res\u00a0Nations, les populations des territoires et d\u2019autres groupes dont l\u2019acc\u00e8s aux services de sant\u00e9 demeure insuffisant au pays.<\/p>\n","protected":false},"excerpt":{"rendered":"<p>Le Dr\u00a0Hendrik du\u00a0Plessis est n\u00e9 en Afrique du Sud, o\u00f9 il a suivi une formation de chirurgien g\u00e9n\u00e9ral avant d\u2019immigrer au Canada en\u00a02008. Il s\u2019est install\u00e9 dans un petit centre r\u00e9gional de chirurgie des Prairies, o\u00f9 il pratique la chirurgie g\u00e9n\u00e9rale et endoscopique au sein d\u2019une petite \u00e9quipe de chirurgiennes et chirurgiens g\u00e9n\u00e9raux d\u00e9vou\u00e9s. Il [&hellip;]<\/p>\n","protected":false},"author":24,"featured_media":0,"parent":34428,"menu_order":0,"comment_status":"closed","ping_status":"closed","template":"content-1col.php","meta":{"_acf_changed":false,"_monsterinsights_skip_tracking":false,"_monsterinsights_sitenote_active":false,"_monsterinsights_sitenote_note":"","_monsterinsights_sitenote_category":0,"ep_exclude_from_search":false,"footnotes":""},"categories":[],"tags":[],"site-tools":[],"ppma_author":[1964],"class_list":["post-73879","page","type-page","status-publish","hentry"],"acf":[],"yoast_head":"<!-- This site is optimized with the Yoast SEO plugin v27.3 - https:\/\/yoast.com\/product\/yoast-seo-wordpress\/ -->\n<title>Canadian Partnership Against Cancer<\/title>\n<meta name=\"robots\" content=\"index, follow, max-snippet:-1, max-image-preview:large, max-video-preview:-1\" \/>\n<link rel=\"canonical\" href=\"https:\/\/www.partnershipagainstcancer.ca\/fr\/about-us\/who-we-are\/advisors\/hendrik-du-plessis\/\" \/>\n<meta property=\"og:locale\" content=\"fr_FR\" \/>\n<meta property=\"og:type\" content=\"article\" \/>\n<meta property=\"og:title\" content=\"Conseiller en d\u00e9pistage, Dr Hendrik du Plessis - Canadian Partnership Against Cancer\" \/>\n<meta property=\"og:description\" content=\"Le Dr\u00a0Hendrik du\u00a0Plessis est n\u00e9 en Afrique du Sud, o\u00f9 il a suivi une formation de chirurgien g\u00e9n\u00e9ral avant d\u2019immigrer au Canada en\u00a02008. Il s\u2019est install\u00e9 dans un petit centre r\u00e9gional de chirurgie des Prairies, o\u00f9 il pratique la chirurgie g\u00e9n\u00e9rale et endoscopique au sein d\u2019une petite \u00e9quipe de chirurgiennes et chirurgiens g\u00e9n\u00e9raux d\u00e9vou\u00e9s. Il [&hellip;]\" \/>\n<meta property=\"og:url\" content=\"https:\/\/www.partnershipagainstcancer.ca\/fr\/about-us\/who-we-are\/advisors\/hendrik-du-plessis\/\" \/>\n<meta property=\"og:site_name\" content=\"Canadian Partnership Against Cancer\" \/>\n<meta property=\"article:publisher\" content=\"https:\/\/www.facebook.com\/CanadianPartnershipAgainstCancer\/\" \/>\n<meta property=\"article:modified_time\" content=\"2026-03-26T18:17:58+00:00\" \/>\n<meta property=\"og:image\" content=\"https:\/\/www.partnershipagainstcancer.ca\/wp-content\/uploads\/2026\/03\/Hendrik-du-Plessis.png\" \/>\n\t<meta property=\"og:image:width\" content=\"252\" \/>\n\t<meta property=\"og:image:height\" content=\"264\" \/>\n\t<meta property=\"og:image:type\" content=\"image\/png\" \/>\n<meta name=\"twitter:card\" content=\"summary_large_image\" \/>\n<meta name=\"twitter:site\" content=\"@cancerstratca\" \/>\n<meta name=\"twitter:label1\" content=\"Dur\u00e9e de lecture estim\u00e9e\" \/>\n\t<meta name=\"twitter:data1\" content=\"2 minutes\" \/>\n<script type=\"application\/ld+json\" class=\"yoast-schema-graph\">{\"@context\":\"https:\\\/\\\/schema.org\",\"@graph\":[{\"@type\":\"WebPage\",\"@id\":\"https:\\\/\\\/www.partnershipagainstcancer.ca\\\/fr\\\/about-us\\\/who-we-are\\\/advisors\\\/hendrik-du-plessis\\\/\",\"url\":\"https:\\\/\\\/www.partnershipagainstcancer.ca\\\/fr\\\/about-us\\\/who-we-are\\\/advisors\\\/hendrik-du-plessis\\\/\",\"name\":\"Conseiller en d\u00e9pistage, Dr Hendrik du Plessis - Canadian Partnership Against Cancer\",\"isPartOf\":{\"@id\":\"https:\\\/\\\/dev.partnershipagainstcancer.ca\\\/#website\"},\"primaryImageOfPage\":{\"@id\":\"https:\\\/\\\/www.partnershipagainstcancer.ca\\\/fr\\\/about-us\\\/who-we-are\\\/advisors\\\/hendrik-du-plessis\\\/#primaryimage\"},\"image\":{\"@id\":\"https:\\\/\\\/www.partnershipagainstcancer.ca\\\/fr\\\/about-us\\\/who-we-are\\\/advisors\\\/hendrik-du-plessis\\\/#primaryimage\"},\"thumbnailUrl\":\"https:\\\/\\\/www.partnershipagainstcancer.ca\\\/wp-content\\\/uploads\\\/2026\\\/03\\\/Hendrik-du-Plessis.png\",\"datePublished\":\"2026-03-26T15:18:13+00:00\",\"dateModified\":\"2026-03-26T18:17:58+00:00\",\"breadcrumb\":{\"@id\":\"https:\\\/\\\/www.partnershipagainstcancer.ca\\\/fr\\\/about-us\\\/who-we-are\\\/advisors\\\/hendrik-du-plessis\\\/#breadcrumb\"},\"inLanguage\":\"fr-FR\",\"potentialAction\":[{\"@type\":\"ReadAction\",\"target\":[\"https:\\\/\\\/www.partnershipagainstcancer.ca\\\/fr\\\/about-us\\\/who-we-are\\\/advisors\\\/hendrik-du-plessis\\\/\"]}]},{\"@type\":\"ImageObject\",\"inLanguage\":\"fr-FR\",\"@id\":\"https:\\\/\\\/www.partnershipagainstcancer.ca\\\/fr\\\/about-us\\\/who-we-are\\\/advisors\\\/hendrik-du-plessis\\\/#primaryimage\",\"url\":\"https:\\\/\\\/www.partnershipagainstcancer.ca\\\/wp-content\\\/uploads\\\/2026\\\/03\\\/Hendrik-du-Plessis.png\",\"contentUrl\":\"https:\\\/\\\/www.partnershipagainstcancer.ca\\\/wp-content\\\/uploads\\\/2026\\\/03\\\/Hendrik-du-Plessis.png\"},{\"@type\":\"BreadcrumbList\",\"@id\":\"https:\\\/\\\/www.partnershipagainstcancer.ca\\\/fr\\\/about-us\\\/who-we-are\\\/advisors\\\/hendrik-du-plessis\\\/#breadcrumb\",\"itemListElement\":[{\"@type\":\"ListItem\",\"position\":1,\"name\":\"\u00c0 propos de nous\",\"item\":\"https:\\\/\\\/www.partnershipagainstcancer.ca\\\/fr\\\/about-us\\\/\"},{\"@type\":\"ListItem\",\"position\":2,\"name\":\"Qui nous sommes\",\"item\":\"https:\\\/\\\/www.partnershipagainstcancer.ca\\\/fr\\\/about-us\\\/who-we-are\\\/\"},{\"@type\":\"ListItem\",\"position\":3,\"name\":\"Conseill\u00e8res et conseillers\",\"item\":\"https:\\\/\\\/www.partnershipagainstcancer.ca\\\/fr\\\/about-us\\\/who-we-are\\\/advisors\\\/\"},{\"@type\":\"ListItem\",\"position\":4,\"name\":\"Conseiller en d\u00e9pistage, Dr Hendrik du Plessis\"}]},{\"@type\":\"WebSite\",\"@id\":\"https:\\\/\\\/dev.partnershipagainstcancer.ca\\\/#website\",\"url\":\"https:\\\/\\\/dev.partnershipagainstcancer.ca\\\/\",\"name\":\"Canadian Partnership Against Cancer\",\"description\":\"\",\"potentialAction\":[{\"@type\":\"SearchAction\",\"target\":{\"@type\":\"EntryPoint\",\"urlTemplate\":\"https:\\\/\\\/dev.partnershipagainstcancer.ca\\\/?s={search_term_string}\"},\"query-input\":{\"@type\":\"PropertyValueSpecification\",\"valueRequired\":true,\"valueName\":\"search_term_string\"}}],\"inLanguage\":\"fr-FR\"}]}<\/script>\n<!-- \/ Yoast SEO plugin. -->","yoast_head_json":{"title":"Canadian Partnership Against Cancer","robots":{"index":"index","follow":"follow","max-snippet":"max-snippet:-1","max-image-preview":"max-image-preview:large","max-video-preview":"max-video-preview:-1"},"canonical":"https:\/\/www.partnershipagainstcancer.ca\/fr\/about-us\/who-we-are\/advisors\/hendrik-du-plessis\/","og_locale":"fr_FR","og_type":"article","og_title":"Conseiller en d\u00e9pistage, Dr Hendrik du Plessis - Canadian Partnership Against Cancer","og_description":"Le Dr\u00a0Hendrik du\u00a0Plessis est n\u00e9 en Afrique du Sud, o\u00f9 il a suivi une formation de chirurgien g\u00e9n\u00e9ral avant d\u2019immigrer au Canada en\u00a02008. Il s\u2019est install\u00e9 dans un petit centre r\u00e9gional de chirurgie des Prairies, o\u00f9 il pratique la chirurgie g\u00e9n\u00e9rale et endoscopique au sein d\u2019une petite \u00e9quipe de chirurgiennes et chirurgiens g\u00e9n\u00e9raux d\u00e9vou\u00e9s. Il [&hellip;]","og_url":"https:\/\/www.partnershipagainstcancer.ca\/fr\/about-us\/who-we-are\/advisors\/hendrik-du-plessis\/","og_site_name":"Canadian Partnership Against Cancer","article_publisher":"https:\/\/www.facebook.com\/CanadianPartnershipAgainstCancer\/","article_modified_time":"2026-03-26T18:17:58+00:00","og_image":[{"width":252,"height":264,"url":"https:\/\/www.partnershipagainstcancer.ca\/wp-content\/uploads\/2026\/03\/Hendrik-du-Plessis.png","type":"image\/png"}],"twitter_card":"summary_large_image","twitter_site":"@cancerstratca","twitter_misc":{"Dur\u00e9e de lecture estim\u00e9e":"2 minutes"},"schema":{"@context":"https:\/\/schema.org","@graph":[{"@type":"WebPage","@id":"https:\/\/www.partnershipagainstcancer.ca\/fr\/about-us\/who-we-are\/advisors\/hendrik-du-plessis\/","url":"https:\/\/www.partnershipagainstcancer.ca\/fr\/about-us\/who-we-are\/advisors\/hendrik-du-plessis\/","name":"Conseiller en d\u00e9pistage, Dr Hendrik du Plessis - Canadian Partnership Against Cancer","isPartOf":{"@id":"https:\/\/dev.partnershipagainstcancer.ca\/#website"},"primaryImageOfPage":{"@id":"https:\/\/www.partnershipagainstcancer.ca\/fr\/about-us\/who-we-are\/advisors\/hendrik-du-plessis\/#primaryimage"},"image":{"@id":"https:\/\/www.partnershipagainstcancer.ca\/fr\/about-us\/who-we-are\/advisors\/hendrik-du-plessis\/#primaryimage"},"thumbnailUrl":"https:\/\/www.partnershipagainstcancer.ca\/wp-content\/uploads\/2026\/03\/Hendrik-du-Plessis.png","datePublished":"2026-03-26T15:18:13+00:00","dateModified":"2026-03-26T18:17:58+00:00","breadcrumb":{"@id":"https:\/\/www.partnershipagainstcancer.ca\/fr\/about-us\/who-we-are\/advisors\/hendrik-du-plessis\/#breadcrumb"},"inLanguage":"fr-FR","potentialAction":[{"@type":"ReadAction","target":["https:\/\/www.partnershipagainstcancer.ca\/fr\/about-us\/who-we-are\/advisors\/hendrik-du-plessis\/"]}]},{"@type":"ImageObject","inLanguage":"fr-FR","@id":"https:\/\/www.partnershipagainstcancer.ca\/fr\/about-us\/who-we-are\/advisors\/hendrik-du-plessis\/#primaryimage","url":"https:\/\/www.partnershipagainstcancer.ca\/wp-content\/uploads\/2026\/03\/Hendrik-du-Plessis.png","contentUrl":"https:\/\/www.partnershipagainstcancer.ca\/wp-content\/uploads\/2026\/03\/Hendrik-du-Plessis.png"},{"@type":"BreadcrumbList","@id":"https:\/\/www.partnershipagainstcancer.ca\/fr\/about-us\/who-we-are\/advisors\/hendrik-du-plessis\/#breadcrumb","itemListElement":[{"@type":"ListItem","position":1,"name":"\u00c0 propos de nous","item":"https:\/\/www.partnershipagainstcancer.ca\/fr\/about-us\/"},{"@type":"ListItem","position":2,"name":"Qui nous sommes","item":"https:\/\/www.partnershipagainstcancer.ca\/fr\/about-us\/who-we-are\/"},{"@type":"ListItem","position":3,"name":"Conseill\u00e8res et conseillers","item":"https:\/\/www.partnershipagainstcancer.ca\/fr\/about-us\/who-we-are\/advisors\/"},{"@type":"ListItem","position":4,"name":"Conseiller en d\u00e9pistage, Dr Hendrik du Plessis"}]},{"@type":"WebSite","@id":"https:\/\/dev.partnershipagainstcancer.ca\/#website","url":"https:\/\/dev.partnershipagainstcancer.ca\/","name":"Canadian Partnership Against Cancer","description":"","potentialAction":[{"@type":"SearchAction","target":{"@type":"EntryPoint","urlTemplate":"https:\/\/dev.partnershipagainstcancer.ca\/?s={search_term_string}"},"query-input":{"@type":"PropertyValueSpecification","valueRequired":true,"valueName":"search_term_string"}}],"inLanguage":"fr-FR"}]}},"_links":{"self":[{"href":"https:\/\/www.partnershipagainstcancer.ca\/fr\/wp-json\/wp\/v2\/pages\/73879","targetHints":{"allow":["GET"]}}],"collection":[{"href":"https:\/\/www.partnershipagainstcancer.ca\/fr\/wp-json\/wp\/v2\/pages"}],"about":[{"href":"https:\/\/www.partnershipagainstcancer.ca\/fr\/wp-json\/wp\/v2\/types\/page"}],"author":[{"embeddable":true,"href":"https:\/\/www.partnershipagainstcancer.ca\/fr\/wp-json\/wp\/v2\/users\/24"}],"replies":[{"embeddable":true,"href":"https:\/\/www.partnershipagainstcancer.ca\/fr\/wp-json\/wp\/v2\/comments?post=73879"}],"version-history":[{"count":2,"href":"https:\/\/www.partnershipagainstcancer.ca\/fr\/wp-json\/wp\/v2\/pages\/73879\/revisions"}],"predecessor-version":[{"id":73883,"href":"https:\/\/www.partnershipagainstcancer.ca\/fr\/wp-json\/wp\/v2\/pages\/73879\/revisions\/73883"}],"up":[{"embeddable":true,"href":"https:\/\/www.partnershipagainstcancer.ca\/fr\/wp-json\/wp\/v2\/pages\/34428"}],"wp:attachment":[{"href":"https:\/\/www.partnershipagainstcancer.ca\/fr\/wp-json\/wp\/v2\/media?parent=73879"}],"wp:term":[{"taxonomy":"category","embeddable":true,"href":"https:\/\/www.partnershipagainstcancer.ca\/fr\/wp-json\/wp\/v2\/categories?post=73879"},{"taxonomy":"post_tag","embeddable":true,"href":"https:\/\/www.partnershipagainstcancer.ca\/fr\/wp-json\/wp\/v2\/tags?post=73879"},{"taxonomy":"site-tools","embeddable":true,"href":"https:\/\/www.partnershipagainstcancer.ca\/fr\/wp-json\/wp\/v2\/site-tools?post=73879"},{"taxonomy":"author","embeddable":true,"href":"https:\/\/www.partnershipagainstcancer.ca\/fr\/wp-json\/wp\/v2\/ppma_author?post=73879"}],"curies":[{"name":"wp","href":"https:\/\/api.w.org\/{rel}","templated":true}]}}