{"id":71019,"date":"2024-08-30T11:05:19","date_gmt":"2024-08-30T16:05:19","guid":{"rendered":"https:\/\/www.partnershipagainstcancer.ca\/?page_id=71019"},"modified":"2024-09-10T09:26:23","modified_gmt":"2024-09-10T14:26:23","slug":"un-programme-du-partenariat-et-desc-qui-appuie-les-soins-palliatifs-prodigues-a-domicile-par-des-ambulanciers-paramedicaux-permet-de-reduire-les-depenses-la-duree-dintervention-et-l","status":"publish","type":"page","link":"https:\/\/www.partnershipagainstcancer.ca\/fr\/un-programme-du-partenariat-et-desc-qui-appuie-les-soins-palliatifs-prodigues-a-domicile-par-des-ambulanciers-paramedicaux-permet-de-reduire-les-depenses-la-duree-dintervention-et-l\/","title":{"rendered":"Un programme du Partenariat et d\u2019ESC qui appuie les soins palliatifs prodigu\u00e9s \u00e0 domicile par des ambulanciers param\u00e9dicaux permet de r\u00e9duire les d\u00e9penses, la dur\u00e9e d\u2019intervention et les visites aux urgences"},"content":{"rendered":"<p><img loading=\"lazy\" decoding=\"async\" class=\"wp-image-71003 alignnone\" src=\"https:\/\/www.partnershipagainstcancer.ca\/wp-content\/uploads\/2024\/08\/Paramedics-and-palliative-care-300x169.png\" alt=\"\" width=\"753\" height=\"424\" srcset=\"https:\/\/www.partnershipagainstcancer.ca\/wp-content\/uploads\/2024\/08\/Paramedics-and-palliative-care-300x169.png 300w, https:\/\/www.partnershipagainstcancer.ca\/wp-content\/uploads\/2024\/08\/Paramedics-and-palliative-care-1024x576.png 1024w, https:\/\/www.partnershipagainstcancer.ca\/wp-content\/uploads\/2024\/08\/Paramedics-and-palliative-care-768x432.png 768w, https:\/\/www.partnershipagainstcancer.ca\/wp-content\/uploads\/2024\/08\/Paramedics-and-palliative-care.png 1280w\" sizes=\"auto, (max-width: 753px) 100vw, 753px\" \/><\/p>\n<p><strong>Le 5 septembre 2024<\/strong> \u2013 Une nouvelle \u00e9tude a d\u00e9montr\u00e9 que la prestation de soins palliatifs \u00e0 domicile par des ambulanciers param\u00e9dicaux permet non seulement de respecter les pr\u00e9f\u00e9rences des patients et de r\u00e9duire le temps consacr\u00e9 \u00e0 l\u2019intervention, mais aussi d\u2019\u00e9conomiser de l\u2019argent. On estime ainsi pouvoir \u00e9conomiser 2 773 $ par appel au 9-1-1 lorsque les ambulanciers param\u00e9dicaux sont en mesure de prodiguer des soins centr\u00e9s sur la personne au domicile de personnes atteintes d\u2019un cancer ou d\u2019autres maladies limitant l\u2019esp\u00e9rance de vie.<\/p>\n<p>Ces chiffres font partie des conclusions publi\u00e9es dans un article de recherche (en anglais) paru dans le <em>Canadian Journal of Emergency Medicine<\/em> en juillet 2024, qui a analys\u00e9 les donn\u00e9es issues de l\u2019initiative Ambulanciers param\u00e9dicaux et soins palliatifs pour un service vital aux Canadiens, men\u00e9e conjointement par le Partenariat canadien contre le cancer (le Partenariat) et Excellence en sant\u00e9 Canada (ESC), en collaboration avec des fournisseurs de soins de sant\u00e9 de partout au Canada.<\/p>\n<p>Lanc\u00e9 en 2011 en Nouvelle-\u00c9cosse, \u00e0 l\u2019\u00cele-du-Prince-\u00c9douard et en Alberta, le programme a ensuite \u00e9t\u00e9 mis en place \u00e0 Terre-Neuve-et-Labrador, au Nouveau-Brunswick, en Ontario, au Manitoba, en Saskatchewan et en Colombie-Britannique. Plus de 7 500 ambulanciers ont \u00e9t\u00e9 form\u00e9s \u00e0 ce jour.<br \/>\nLes avantages de l\u2019initiative de prestation de soins palliatifs par des ambulanciers param\u00e9dicaux sont nombreux :<\/p>\n<ul>\n<li>Parmi les appels au 9-1-1, 60 % se sont conclus par un traitement \u00e0 domicile plut\u00f4t qu\u2019un transport aux urgences (compar\u00e9 \u00e0 90 % des appels au 9-1-1 qui entra\u00eenent g\u00e9n\u00e9ralement un transport aux urgences);<\/li>\n<li>En moyenne, la prestation de soins palliatifs \u00e0 domicile par des ambulanciers param\u00e9dicaux a permis de retrancher 31 minutes par visite, comparativement au transport aux urgences;<\/li>\n<li>Pour chaque dollar investi dans le programme, des \u00e9conomies de 4,60 $ ont \u00e9t\u00e9 r\u00e9alis\u00e9es;<\/li>\n<li>Plus de 92 % des patients et membres de la famille sond\u00e9s \u00e9taient satisfaits des soins prodigu\u00e9s par les ambulanciers param\u00e9dicaux.<\/li>\n<\/ul>\n<p>Le programme a pris une importance accrue durant la pand\u00e9mie de COVID-19, alors que les syst\u00e8mes de soins de sant\u00e9 s\u2019effor\u00e7aient de garder les gens hors des h\u00f4pitaux dans la mesure du possible.<\/p>\n<blockquote class=\"blockquote-smaller\"><p>L\u2019initiative Ambulanciers param\u00e9dicaux et soins palliatifs vient r\u00e9pondre au besoin exprim\u00e9 par les patients de pouvoir rester chez eux en fin de vie. Cette \u00e9tude montre que l\u2019approche propos\u00e9e g\u00e9n\u00e8re une valeur ajout\u00e9e pour le syst\u00e8me de sant\u00e9 tout en am\u00e9liorant les soins pour les patients et leurs proches.<\/p>\n<p>\u2013 Jennifer Zelmer, pr\u00e9sidente-directrice g\u00e9n\u00e9rale d\u2019ESC<\/p><\/blockquote>\n<blockquote class=\"blockquote-smaller\"><p>Les retomb\u00e9es positives de l\u2019initiative Ambulanciers param\u00e9dicaux et soins palliatifs sont dues \u00e0 l\u2019engagement et \u00e0 la collaboration de 7 500 ambulanciers param\u00e9dicaux et de 200 fournisseurs de soins de sant\u00e9 de partout au pays. Nous sommes fiers de constater les r\u00e9sultats de l\u2019initiative. Gr\u00e2ce au leadership des partenaires et des services ambulanciers param\u00e9dicaux, nous sommes impatients de voir l\u2019adoption de cette approche de soins palliatifs dans le syst\u00e8me de soins contre le cancer et au-del\u00e0.<\/p>\n<p>\u2013 D<sup>r<\/sup> Craig Earle, pr\u00e9sident-directeur g\u00e9n\u00e9ral du Partenariat<\/p><\/blockquote>\n<blockquote class=\"blockquote-smaller\"><p>Notre analyse de l\u2019initiative nous a montr\u00e9 qu\u2019en permettant \u00e0 des ambulanciers param\u00e9dicaux qualifi\u00e9s de fournir des soins palliatifs et de fin de vie \u00e0 domicile, on aide les patients en soins palliatifs en r\u00e9duisant le temps pass\u00e9 \u00e0 l\u2019h\u00f4pital et le stress associ\u00e9. En mettant l\u2019initiative en \u0153uvre dans d\u2019autres milieux, on pourrait d\u00e9congestionner les urgences, et les ambulanciers param\u00e9dicaux passeraient une plus grande partie de leur temps \u00e0 prendre soin des patientes et patients directement plut\u00f4t que d\u2019attendre de les transf\u00e9rer en milieu hospitalier<\/p>\n<p>\u2013 Jean-\u00c9ric Tarride, premier auteur de l\u2019\u00e9tude et directeur du Centre for Health Economics and Policy Analysis de la facult\u00e9 des sciences de la sant\u00e9 de l\u2019Universit\u00e9 McMaster<\/p><\/blockquote>\n<p><strong>Pour en savoir plus :<\/strong><\/p>\n<p>Tarride, J.E., Stennett, D., et Coronado, A.C. et coll. (2024). Economic evaluation of the \u201cparamedics and palliative care: bringing vital services to Canadians\u201d program compared to the status quo. Canadian Journal of Emergency Medicine. <a href=\"https:\/\/doi.org\/10.1007\/s43678-024-00738-9\" target=\"_blank\" rel=\"noopener\">https:\/\/doi.org\/10.1007\/s43678-024-00738-9 <\/a>(en anglais)<\/p>\n<p><a href=\"https:\/\/www.healthcareexcellence.ca\/fr\/notre-action\/tous-les-programmes\/ambulanciers-paramedicaux-et-soins-palliatifs-pour-un-service-vital-aux-canadiens\/\" target=\"_blank\" rel=\"noopener\">Ambulanciers param\u00e9dicaux et soins palliatifs pour un service vital aux Canadiens<\/a><\/p>\n<p><a href=\"https:\/\/theconversation.com\/paramedics-treating-patients-palliative-needs-at-home-benefits-everyone-236013\" target=\"_blank\" rel=\"noopener\">Paramedics treating patients\u2019 palliative needs at home benefits everyone (en anglais)<\/a><\/p>\n<p style=\"text-align: center;\">-XX-<\/p>\n<h3><strong>\u00c0 propos du Partenariat canadien contre le cancer<\/strong><\/h3>\n<p>En tant que coordonnateur de la <em>Strat\u00e9gie canadienne de lutte contre le cancer<\/em> (la Strat\u00e9gie), le Partenariat contre le cancer (le Partenariat) travaille avec les minist\u00e8res provinciaux et territoriaux de la Sant\u00e9 et leurs programmes de lutte contre le cancer, les gouvernements et organisations repr\u00e9sentant les Premi\u00e8res Nations, les Inuits et les M\u00e9tis, les dirigeants et le personnel clinique du syst\u00e8me de sant\u00e9, et des personnes touch\u00e9es par le cancer dans tout le Canada afin de mettre en \u0153uvre la Strat\u00e9gie dans le but d\u2019am\u00e9liorer les r\u00e9sultats li\u00e9s au cancer pour toute la population canadienne. Pour en savoir plus : <a href=\"https:\/\/www.partnershipagainstcancer.ca\/fr\/\">https:\/\/www.partnershipagainstcancer.ca\/fr\/<\/a>.<\/p>\n<h3><strong>\u00c0 propos d\u2019Excellence en sant\u00e9 Canada<\/strong><\/h3>\n<p>Excellence en sant\u00e9 Canada (ESC) travaille avec des partenaires pour diffuser les innovations, renforcer les capacit\u00e9s et catalyser le changement dans les politiques afin que toutes et tous au Canada re\u00e7oivent des soins s\u00fbrs et de qualit\u00e9. En collaborant avec les patientes et les patients, les personnes proches aidantes et le personnel des services de sant\u00e9, nous transformons les innovations \u00e9prouv\u00e9es en am\u00e9liorations durables dans tous les aspects de l\u2019excellence en sant\u00e9. Cr\u00e9\u00e9 en 2021, ESC est issu de la fusion de l\u2019Institut canadien pour la s\u00e9curit\u00e9 des patients et de la Fondation canadienne pour l\u2019am\u00e9lioration des services de sant\u00e9. Pour en savoir plus : <a href=\"https:\/\/www.healthcareexcellence.ca\/fr\/.\">https:\/\/www.healthcareexcellence.ca\/fr\/.<\/a><\/p>\n<p><strong>Pour de plus amples renseignements, veuillez communiquer avec :<\/strong><\/p>\n<p>Gelek Badheytsang<br \/>\nResponsable des communications strat\u00e9giques<br \/>\nPartenariat canadien contre le cancer<br \/>\n<a href=\"mailto:Gelek.Badheytsang@partnershipagainstcancer.ca\">Gelek.Badheytsang@partnershipagainstcancer.ca<\/a><br \/>\n416-915-9222, poste\u00a05977<\/p>\n<p>Kat Guerin<br \/>\nGestionnaire, Communications<br \/>\nExcellence en sant\u00e9 Canada<br \/>\n<a href=\"mailto:Katrina.Guerin@hec-esc.ca\">Katrina.Guerin@hec-esc.ca<\/a><br \/>\n613-714-6676<\/p>\n<p>&nbsp;<\/p>\n","protected":false},"excerpt":{"rendered":"<p>Le 5 septembre 2024 \u2013 Une nouvelle \u00e9tude a d\u00e9montr\u00e9 que la prestation de soins palliatifs \u00e0 domicile par des ambulanciers param\u00e9dicaux permet non seulement de respecter les pr\u00e9f\u00e9rences des patients et de r\u00e9duire le temps consacr\u00e9 \u00e0 l\u2019intervention, mais aussi d\u2019\u00e9conomiser de l\u2019argent. On estime ainsi pouvoir \u00e9conomiser 2 773 $ par appel au [&hellip;]<\/p>\n","protected":false},"author":67,"featured_media":0,"parent":0,"menu_order":0,"comment_status":"closed","ping_status":"closed","template":"","meta":{"_acf_changed":false,"_monsterinsights_skip_tracking":false,"_monsterinsights_sitenote_active":false,"_monsterinsights_sitenote_note":"","_monsterinsights_sitenote_category":0,"ep_exclude_from_search":false,"footnotes":""},"categories":[],"tags":[],"site-tools":[],"ppma_author":[1977],"class_list":["post-71019","page","type-page","status-publish","hentry"],"acf":[],"yoast_head":"<!-- This site is optimized with the Yoast SEO plugin v27.3 - https:\/\/yoast.com\/product\/yoast-seo-wordpress\/ -->\n<title>Canadian Partnership Against Cancer<\/title>\n<meta name=\"robots\" content=\"index, follow, max-snippet:-1, max-image-preview:large, max-video-preview:-1\" \/>\n<link rel=\"canonical\" href=\"https:\/\/www.partnershipagainstcancer.ca\/fr\/un-programme-du-partenariat-et-desc-qui-appuie-les-soins-palliatifs-prodigues-a-domicile-par-des-ambulanciers-paramedicaux-permet-de-reduire-les-depenses-la-duree-dintervention-et-l\/\" \/>\n<meta property=\"og:locale\" content=\"fr_FR\" \/>\n<meta property=\"og:type\" content=\"article\" \/>\n<meta property=\"og:title\" content=\"Un programme du Partenariat et d\u2019ESC qui appuie les soins palliatifs prodigu\u00e9s \u00e0 domicile par des ambulanciers param\u00e9dicaux permet de r\u00e9duire les d\u00e9penses, la dur\u00e9e d\u2019intervention et les visites aux urgences - Canadian Partnership Against Cancer\" \/>\n<meta property=\"og:description\" content=\"Le 5 septembre 2024 \u2013 Une nouvelle \u00e9tude a d\u00e9montr\u00e9 que la prestation de soins palliatifs \u00e0 domicile par des ambulanciers param\u00e9dicaux permet non seulement de respecter les pr\u00e9f\u00e9rences des patients et de r\u00e9duire le temps consacr\u00e9 \u00e0 l\u2019intervention, mais aussi d\u2019\u00e9conomiser de l\u2019argent. On estime ainsi pouvoir \u00e9conomiser 2 773 $ par appel au [&hellip;]\" \/>\n<meta property=\"og:url\" content=\"https:\/\/www.partnershipagainstcancer.ca\/fr\/un-programme-du-partenariat-et-desc-qui-appuie-les-soins-palliatifs-prodigues-a-domicile-par-des-ambulanciers-paramedicaux-permet-de-reduire-les-depenses-la-duree-dintervention-et-l\/\" \/>\n<meta property=\"og:site_name\" content=\"Canadian Partnership Against Cancer\" \/>\n<meta property=\"article:publisher\" content=\"https:\/\/www.facebook.com\/CanadianPartnershipAgainstCancer\/\" \/>\n<meta property=\"article:modified_time\" content=\"2024-09-10T14:26:23+00:00\" \/>\n<meta property=\"og:image\" content=\"https:\/\/www.partnershipagainstcancer.ca\/wp-content\/uploads\/2024\/08\/Paramedics-and-palliative-care-300x169.png\" \/>\n<meta name=\"twitter:card\" content=\"summary_large_image\" \/>\n<meta name=\"twitter:site\" content=\"@cancerstratca\" \/>\n<meta name=\"twitter:label1\" content=\"Dur\u00e9e de lecture estim\u00e9e\" \/>\n\t<meta name=\"twitter:data1\" content=\"4 minutes\" \/>\n<script type=\"application\/ld+json\" class=\"yoast-schema-graph\">{\"@context\":\"https:\\\/\\\/schema.org\",\"@graph\":[{\"@type\":\"WebPage\",\"@id\":\"https:\\\/\\\/www.partnershipagainstcancer.ca\\\/fr\\\/un-programme-du-partenariat-et-desc-qui-appuie-les-soins-palliatifs-prodigues-a-domicile-par-des-ambulanciers-paramedicaux-permet-de-reduire-les-depenses-la-duree-dintervention-et-l\\\/\",\"url\":\"https:\\\/\\\/www.partnershipagainstcancer.ca\\\/fr\\\/un-programme-du-partenariat-et-desc-qui-appuie-les-soins-palliatifs-prodigues-a-domicile-par-des-ambulanciers-paramedicaux-permet-de-reduire-les-depenses-la-duree-dintervention-et-l\\\/\",\"name\":\"Un programme du Partenariat et d\u2019ESC qui appuie les soins palliatifs prodigu\u00e9s \u00e0 domicile par des ambulanciers param\u00e9dicaux permet de r\u00e9duire les d\u00e9penses, la dur\u00e9e d\u2019intervention et les visites aux urgences - Canadian Partnership Against Cancer\",\"isPartOf\":{\"@id\":\"https:\\\/\\\/dev.partnershipagainstcancer.ca\\\/#website\"},\"primaryImageOfPage\":{\"@id\":\"https:\\\/\\\/www.partnershipagainstcancer.ca\\\/fr\\\/un-programme-du-partenariat-et-desc-qui-appuie-les-soins-palliatifs-prodigues-a-domicile-par-des-ambulanciers-paramedicaux-permet-de-reduire-les-depenses-la-duree-dintervention-et-l\\\/#primaryimage\"},\"image\":{\"@id\":\"https:\\\/\\\/www.partnershipagainstcancer.ca\\\/fr\\\/un-programme-du-partenariat-et-desc-qui-appuie-les-soins-palliatifs-prodigues-a-domicile-par-des-ambulanciers-paramedicaux-permet-de-reduire-les-depenses-la-duree-dintervention-et-l\\\/#primaryimage\"},\"thumbnailUrl\":\"https:\\\/\\\/www.partnershipagainstcancer.ca\\\/wp-content\\\/uploads\\\/2024\\\/08\\\/Paramedics-and-palliative-care-300x169.png\",\"datePublished\":\"2024-08-30T16:05:19+00:00\",\"dateModified\":\"2024-09-10T14:26:23+00:00\",\"inLanguage\":\"fr-FR\",\"potentialAction\":[{\"@type\":\"ReadAction\",\"target\":[\"https:\\\/\\\/www.partnershipagainstcancer.ca\\\/fr\\\/un-programme-du-partenariat-et-desc-qui-appuie-les-soins-palliatifs-prodigues-a-domicile-par-des-ambulanciers-paramedicaux-permet-de-reduire-les-depenses-la-duree-dintervention-et-l\\\/\"]}]},{\"@type\":\"ImageObject\",\"inLanguage\":\"fr-FR\",\"@id\":\"https:\\\/\\\/www.partnershipagainstcancer.ca\\\/fr\\\/un-programme-du-partenariat-et-desc-qui-appuie-les-soins-palliatifs-prodigues-a-domicile-par-des-ambulanciers-paramedicaux-permet-de-reduire-les-depenses-la-duree-dintervention-et-l\\\/#primaryimage\",\"url\":\"https:\\\/\\\/www.partnershipagainstcancer.ca\\\/wp-content\\\/uploads\\\/2024\\\/08\\\/Paramedics-and-palliative-care-300x169.png\",\"contentUrl\":\"https:\\\/\\\/www.partnershipagainstcancer.ca\\\/wp-content\\\/uploads\\\/2024\\\/08\\\/Paramedics-and-palliative-care-300x169.png\"},{\"@type\":\"WebSite\",\"@id\":\"https:\\\/\\\/dev.partnershipagainstcancer.ca\\\/#website\",\"url\":\"https:\\\/\\\/dev.partnershipagainstcancer.ca\\\/\",\"name\":\"Canadian Partnership Against Cancer\",\"description\":\"\",\"potentialAction\":[{\"@type\":\"SearchAction\",\"target\":{\"@type\":\"EntryPoint\",\"urlTemplate\":\"https:\\\/\\\/dev.partnershipagainstcancer.ca\\\/?s={search_term_string}\"},\"query-input\":{\"@type\":\"PropertyValueSpecification\",\"valueRequired\":true,\"valueName\":\"search_term_string\"}}],\"inLanguage\":\"fr-FR\"}]}<\/script>\n<!-- \/ Yoast SEO plugin. -->","yoast_head_json":{"title":"Canadian Partnership Against Cancer","robots":{"index":"index","follow":"follow","max-snippet":"max-snippet:-1","max-image-preview":"max-image-preview:large","max-video-preview":"max-video-preview:-1"},"canonical":"https:\/\/www.partnershipagainstcancer.ca\/fr\/un-programme-du-partenariat-et-desc-qui-appuie-les-soins-palliatifs-prodigues-a-domicile-par-des-ambulanciers-paramedicaux-permet-de-reduire-les-depenses-la-duree-dintervention-et-l\/","og_locale":"fr_FR","og_type":"article","og_title":"Un programme du Partenariat et d\u2019ESC qui appuie les soins palliatifs prodigu\u00e9s \u00e0 domicile par des ambulanciers param\u00e9dicaux permet de r\u00e9duire les d\u00e9penses, la dur\u00e9e d\u2019intervention et les visites aux urgences - Canadian Partnership Against Cancer","og_description":"Le 5 septembre 2024 \u2013 Une nouvelle \u00e9tude a d\u00e9montr\u00e9 que la prestation de soins palliatifs \u00e0 domicile par des ambulanciers param\u00e9dicaux permet non seulement de respecter les pr\u00e9f\u00e9rences des patients et de r\u00e9duire le temps consacr\u00e9 \u00e0 l\u2019intervention, mais aussi d\u2019\u00e9conomiser de l\u2019argent. On estime ainsi pouvoir \u00e9conomiser 2 773 $ par appel au [&hellip;]","og_url":"https:\/\/www.partnershipagainstcancer.ca\/fr\/un-programme-du-partenariat-et-desc-qui-appuie-les-soins-palliatifs-prodigues-a-domicile-par-des-ambulanciers-paramedicaux-permet-de-reduire-les-depenses-la-duree-dintervention-et-l\/","og_site_name":"Canadian Partnership Against Cancer","article_publisher":"https:\/\/www.facebook.com\/CanadianPartnershipAgainstCancer\/","article_modified_time":"2024-09-10T14:26:23+00:00","og_image":[{"url":"https:\/\/www.partnershipagainstcancer.ca\/wp-content\/uploads\/2024\/08\/Paramedics-and-palliative-care-300x169.png","type":"","width":"","height":""}],"twitter_card":"summary_large_image","twitter_site":"@cancerstratca","twitter_misc":{"Dur\u00e9e de lecture estim\u00e9e":"4 minutes"},"schema":{"@context":"https:\/\/schema.org","@graph":[{"@type":"WebPage","@id":"https:\/\/www.partnershipagainstcancer.ca\/fr\/un-programme-du-partenariat-et-desc-qui-appuie-les-soins-palliatifs-prodigues-a-domicile-par-des-ambulanciers-paramedicaux-permet-de-reduire-les-depenses-la-duree-dintervention-et-l\/","url":"https:\/\/www.partnershipagainstcancer.ca\/fr\/un-programme-du-partenariat-et-desc-qui-appuie-les-soins-palliatifs-prodigues-a-domicile-par-des-ambulanciers-paramedicaux-permet-de-reduire-les-depenses-la-duree-dintervention-et-l\/","name":"Un programme du Partenariat et d\u2019ESC qui appuie les soins palliatifs prodigu\u00e9s \u00e0 domicile par des ambulanciers param\u00e9dicaux permet de r\u00e9duire les d\u00e9penses, la dur\u00e9e d\u2019intervention et les visites aux urgences - Canadian Partnership Against Cancer","isPartOf":{"@id":"https:\/\/dev.partnershipagainstcancer.ca\/#website"},"primaryImageOfPage":{"@id":"https:\/\/www.partnershipagainstcancer.ca\/fr\/un-programme-du-partenariat-et-desc-qui-appuie-les-soins-palliatifs-prodigues-a-domicile-par-des-ambulanciers-paramedicaux-permet-de-reduire-les-depenses-la-duree-dintervention-et-l\/#primaryimage"},"image":{"@id":"https:\/\/www.partnershipagainstcancer.ca\/fr\/un-programme-du-partenariat-et-desc-qui-appuie-les-soins-palliatifs-prodigues-a-domicile-par-des-ambulanciers-paramedicaux-permet-de-reduire-les-depenses-la-duree-dintervention-et-l\/#primaryimage"},"thumbnailUrl":"https:\/\/www.partnershipagainstcancer.ca\/wp-content\/uploads\/2024\/08\/Paramedics-and-palliative-care-300x169.png","datePublished":"2024-08-30T16:05:19+00:00","dateModified":"2024-09-10T14:26:23+00:00","inLanguage":"fr-FR","potentialAction":[{"@type":"ReadAction","target":["https:\/\/www.partnershipagainstcancer.ca\/fr\/un-programme-du-partenariat-et-desc-qui-appuie-les-soins-palliatifs-prodigues-a-domicile-par-des-ambulanciers-paramedicaux-permet-de-reduire-les-depenses-la-duree-dintervention-et-l\/"]}]},{"@type":"ImageObject","inLanguage":"fr-FR","@id":"https:\/\/www.partnershipagainstcancer.ca\/fr\/un-programme-du-partenariat-et-desc-qui-appuie-les-soins-palliatifs-prodigues-a-domicile-par-des-ambulanciers-paramedicaux-permet-de-reduire-les-depenses-la-duree-dintervention-et-l\/#primaryimage","url":"https:\/\/www.partnershipagainstcancer.ca\/wp-content\/uploads\/2024\/08\/Paramedics-and-palliative-care-300x169.png","contentUrl":"https:\/\/www.partnershipagainstcancer.ca\/wp-content\/uploads\/2024\/08\/Paramedics-and-palliative-care-300x169.png"},{"@type":"WebSite","@id":"https:\/\/dev.partnershipagainstcancer.ca\/#website","url":"https:\/\/dev.partnershipagainstcancer.ca\/","name":"Canadian Partnership Against Cancer","description":"","potentialAction":[{"@type":"SearchAction","target":{"@type":"EntryPoint","urlTemplate":"https:\/\/dev.partnershipagainstcancer.ca\/?s={search_term_string}"},"query-input":{"@type":"PropertyValueSpecification","valueRequired":true,"valueName":"search_term_string"}}],"inLanguage":"fr-FR"}]}},"_links":{"self":[{"href":"https:\/\/www.partnershipagainstcancer.ca\/fr\/wp-json\/wp\/v2\/pages\/71019","targetHints":{"allow":["GET"]}}],"collection":[{"href":"https:\/\/www.partnershipagainstcancer.ca\/fr\/wp-json\/wp\/v2\/pages"}],"about":[{"href":"https:\/\/www.partnershipagainstcancer.ca\/fr\/wp-json\/wp\/v2\/types\/page"}],"author":[{"embeddable":true,"href":"https:\/\/www.partnershipagainstcancer.ca\/fr\/wp-json\/wp\/v2\/users\/67"}],"replies":[{"embeddable":true,"href":"https:\/\/www.partnershipagainstcancer.ca\/fr\/wp-json\/wp\/v2\/comments?post=71019"}],"version-history":[{"count":2,"href":"https:\/\/www.partnershipagainstcancer.ca\/fr\/wp-json\/wp\/v2\/pages\/71019\/revisions"}],"predecessor-version":[{"id":71031,"href":"https:\/\/www.partnershipagainstcancer.ca\/fr\/wp-json\/wp\/v2\/pages\/71019\/revisions\/71031"}],"wp:attachment":[{"href":"https:\/\/www.partnershipagainstcancer.ca\/fr\/wp-json\/wp\/v2\/media?parent=71019"}],"wp:term":[{"taxonomy":"category","embeddable":true,"href":"https:\/\/www.partnershipagainstcancer.ca\/fr\/wp-json\/wp\/v2\/categories?post=71019"},{"taxonomy":"post_tag","embeddable":true,"href":"https:\/\/www.partnershipagainstcancer.ca\/fr\/wp-json\/wp\/v2\/tags?post=71019"},{"taxonomy":"site-tools","embeddable":true,"href":"https:\/\/www.partnershipagainstcancer.ca\/fr\/wp-json\/wp\/v2\/site-tools?post=71019"},{"taxonomy":"author","embeddable":true,"href":"https:\/\/www.partnershipagainstcancer.ca\/fr\/wp-json\/wp\/v2\/ppma_author?post=71019"}],"curies":[{"name":"wp","href":"https:\/\/api.w.org\/{rel}","templated":true}]}}