{"id":69949,"date":"2024-06-20T13:33:37","date_gmt":"2024-06-20T18:33:37","guid":{"rendered":"https:\/\/www.partnershipagainstcancer.ca\/?page_id=69949"},"modified":"2024-06-21T09:52:09","modified_gmt":"2024-06-21T14:52:09","slug":"les-conseilleres-membre-des-premieres-nations-inuite-et-metisse-sur-limportance-de-la-journee-nationale-des-peuples-autochtones","status":"publish","type":"page","link":"https:\/\/www.partnershipagainstcancer.ca\/fr\/les-conseilleres-membre-des-premieres-nations-inuite-et-metisse-sur-limportance-de-la-journee-nationale-des-peuples-autochtones\/","title":{"rendered":"Les conseill\u00e8res membre des Premi\u00e8res Nations, inuite et m\u00e9tisse sur l\u2019importance de la Journ\u00e9e nationale des peuples autochtones"},"content":{"rendered":"","protected":true},"excerpt":{"rendered":"","protected":true},"author":67,"featured_media":0,"parent":0,"menu_order":0,"comment_status":"closed","ping_status":"closed","template":"","meta":{"_acf_changed":false,"_monsterinsights_skip_tracking":false,"_monsterinsights_sitenote_active":false,"_monsterinsights_sitenote_note":"","_monsterinsights_sitenote_category":0,"ep_exclude_from_search":false,"footnotes":""},"categories":[],"tags":[],"site-tools":[],"ppma_author":[1977],"class_list":["post-69949","page","type-page","status-publish","post-password-required","hentry"],"acf":[],"yoast_head":"<!-- This site is optimized with the Yoast SEO plugin v27.3 - https:\/\/yoast.com\/product\/yoast-seo-wordpress\/ -->\n<title>Canadian Partnership Against Cancer<\/title>\n<meta name=\"robots\" content=\"index, follow, max-snippet:-1, max-image-preview:large, max-video-preview:-1\" \/>\n<link rel=\"canonical\" href=\"https:\/\/www.partnershipagainstcancer.ca\/fr\/les-conseilleres-membre-des-premieres-nations-inuite-et-metisse-sur-limportance-de-la-journee-nationale-des-peuples-autochtones\/\" \/>\n<meta property=\"og:locale\" content=\"fr_FR\" \/>\n<meta property=\"og:type\" content=\"article\" \/>\n<meta property=\"og:title\" content=\"Les conseill\u00e8res membre des Premi\u00e8res Nations, inuite et m\u00e9tisse sur l\u2019importance de la Journ\u00e9e nationale des peuples autochtones - Canadian Partnership Against Cancer\" \/>\n<meta property=\"og:description\" content=\"Il n&rsquo;y a pas d&rsquo;extrait, car cet article est prot\u00e9g\u00e9.\" \/>\n<meta property=\"og:url\" content=\"https:\/\/www.partnershipagainstcancer.ca\/fr\/les-conseilleres-membre-des-premieres-nations-inuite-et-metisse-sur-limportance-de-la-journee-nationale-des-peuples-autochtones\/\" \/>\n<meta property=\"og:site_name\" content=\"Canadian Partnership Against Cancer\" \/>\n<meta property=\"article:publisher\" content=\"https:\/\/www.facebook.com\/CanadianPartnershipAgainstCancer\/\" \/>\n<meta property=\"article:modified_time\" content=\"2024-06-21T14:52:09+00:00\" \/>\n<meta name=\"twitter:card\" content=\"summary_large_image\" \/>\n<meta name=\"twitter:site\" content=\"@cancerstratca\" \/>\n<meta name=\"twitter:label1\" content=\"Dur\u00e9e de lecture estim\u00e9e\" \/>\n\t<meta name=\"twitter:data1\" content=\"1 minute\" \/>\n<script type=\"application\/ld+json\" class=\"yoast-schema-graph\">{\"@context\":\"https:\\\/\\\/schema.org\",\"@graph\":[{\"@type\":\"WebPage\",\"@id\":\"https:\\\/\\\/www.partnershipagainstcancer.ca\\\/fr\\\/les-conseilleres-membre-des-premieres-nations-inuite-et-metisse-sur-limportance-de-la-journee-nationale-des-peuples-autochtones\\\/\",\"url\":\"https:\\\/\\\/www.partnershipagainstcancer.ca\\\/fr\\\/les-conseilleres-membre-des-premieres-nations-inuite-et-metisse-sur-limportance-de-la-journee-nationale-des-peuples-autochtones\\\/\",\"name\":\"Les conseill\u00e8res membre des Premi\u00e8res Nations, inuite et m\u00e9tisse sur l\u2019importance de la Journ\u00e9e nationale des peuples autochtones - Canadian Partnership Against Cancer\",\"isPartOf\":{\"@id\":\"https:\\\/\\\/dev.partnershipagainstcancer.ca\\\/#website\"},\"datePublished\":\"2024-06-20T18:33:37+00:00\",\"dateModified\":\"2024-06-21T14:52:09+00:00\",\"breadcrumb\":{\"@id\":\"https:\\\/\\\/www.partnershipagainstcancer.ca\\\/fr\\\/les-conseilleres-membre-des-premieres-nations-inuite-et-metisse-sur-limportance-de-la-journee-nationale-des-peuples-autochtones\\\/#breadcrumb\"},\"inLanguage\":\"fr-FR\"},{\"@type\":\"WebSite\",\"@id\":\"https:\\\/\\\/dev.partnershipagainstcancer.ca\\\/#website\",\"url\":\"https:\\\/\\\/dev.partnershipagainstcancer.ca\\\/\",\"name\":\"Canadian Partnership Against Cancer\",\"description\":\"\",\"potentialAction\":[{\"@type\":\"SearchAction\",\"target\":{\"@type\":\"EntryPoint\",\"urlTemplate\":\"https:\\\/\\\/dev.partnershipagainstcancer.ca\\\/?s={search_term_string}\"},\"query-input\":{\"@type\":\"PropertyValueSpecification\",\"valueRequired\":true,\"valueName\":\"search_term_string\"}}],\"inLanguage\":\"fr-FR\"}]}<\/script>\n<!-- \/ Yoast SEO plugin. -->","yoast_head_json":{"title":"Canadian Partnership Against Cancer","robots":{"index":"index","follow":"follow","max-snippet":"max-snippet:-1","max-image-preview":"max-image-preview:large","max-video-preview":"max-video-preview:-1"},"canonical":"https:\/\/www.partnershipagainstcancer.ca\/fr\/les-conseilleres-membre-des-premieres-nations-inuite-et-metisse-sur-limportance-de-la-journee-nationale-des-peuples-autochtones\/","og_locale":"fr_FR","og_type":"article","og_title":"Les conseill\u00e8res membre des Premi\u00e8res Nations, inuite et m\u00e9tisse sur l\u2019importance de la Journ\u00e9e nationale des peuples autochtones - Canadian Partnership Against Cancer","og_description":"Il n&rsquo;y a pas d&rsquo;extrait, car cet article est prot\u00e9g\u00e9.","og_url":"https:\/\/www.partnershipagainstcancer.ca\/fr\/les-conseilleres-membre-des-premieres-nations-inuite-et-metisse-sur-limportance-de-la-journee-nationale-des-peuples-autochtones\/","og_site_name":"Canadian Partnership Against Cancer","article_publisher":"https:\/\/www.facebook.com\/CanadianPartnershipAgainstCancer\/","article_modified_time":"2024-06-21T14:52:09+00:00","twitter_card":"summary_large_image","twitter_site":"@cancerstratca","twitter_misc":{"Dur\u00e9e de lecture estim\u00e9e":"1 minute"},"schema":{"@context":"https:\/\/schema.org","@graph":[{"@type":"WebPage","@id":"https:\/\/www.partnershipagainstcancer.ca\/fr\/les-conseilleres-membre-des-premieres-nations-inuite-et-metisse-sur-limportance-de-la-journee-nationale-des-peuples-autochtones\/","url":"https:\/\/www.partnershipagainstcancer.ca\/fr\/les-conseilleres-membre-des-premieres-nations-inuite-et-metisse-sur-limportance-de-la-journee-nationale-des-peuples-autochtones\/","name":"Les conseill\u00e8res membre des Premi\u00e8res Nations, inuite et m\u00e9tisse sur l\u2019importance de la Journ\u00e9e nationale des peuples autochtones - Canadian Partnership Against Cancer","isPartOf":{"@id":"https:\/\/dev.partnershipagainstcancer.ca\/#website"},"datePublished":"2024-06-20T18:33:37+00:00","dateModified":"2024-06-21T14:52:09+00:00","breadcrumb":{"@id":"https:\/\/www.partnershipagainstcancer.ca\/fr\/les-conseilleres-membre-des-premieres-nations-inuite-et-metisse-sur-limportance-de-la-journee-nationale-des-peuples-autochtones\/#breadcrumb"},"inLanguage":"fr-FR"},{"@type":"WebSite","@id":"https:\/\/dev.partnershipagainstcancer.ca\/#website","url":"https:\/\/dev.partnershipagainstcancer.ca\/","name":"Canadian Partnership Against Cancer","description":"","potentialAction":[{"@type":"SearchAction","target":{"@type":"EntryPoint","urlTemplate":"https:\/\/dev.partnershipagainstcancer.ca\/?s={search_term_string}"},"query-input":{"@type":"PropertyValueSpecification","valueRequired":true,"valueName":"search_term_string"}}],"inLanguage":"fr-FR"}]}},"_links":{"self":[{"href":"https:\/\/www.partnershipagainstcancer.ca\/fr\/wp-json\/wp\/v2\/pages\/69949","targetHints":{"allow":["GET"]}}],"collection":[{"href":"https:\/\/www.partnershipagainstcancer.ca\/fr\/wp-json\/wp\/v2\/pages"}],"about":[{"href":"https:\/\/www.partnershipagainstcancer.ca\/fr\/wp-json\/wp\/v2\/types\/page"}],"author":[{"embeddable":true,"href":"https:\/\/www.partnershipagainstcancer.ca\/fr\/wp-json\/wp\/v2\/users\/67"}],"replies":[{"embeddable":true,"href":"https:\/\/www.partnershipagainstcancer.ca\/fr\/wp-json\/wp\/v2\/comments?post=69949"}],"version-history":[{"count":3,"href":"https:\/\/www.partnershipagainstcancer.ca\/fr\/wp-json\/wp\/v2\/pages\/69949\/revisions"}],"predecessor-version":[{"id":69975,"href":"https:\/\/www.partnershipagainstcancer.ca\/fr\/wp-json\/wp\/v2\/pages\/69949\/revisions\/69975"}],"wp:attachment":[{"href":"https:\/\/www.partnershipagainstcancer.ca\/fr\/wp-json\/wp\/v2\/media?parent=69949"}],"wp:term":[{"taxonomy":"category","embeddable":true,"href":"https:\/\/www.partnershipagainstcancer.ca\/fr\/wp-json\/wp\/v2\/categories?post=69949"},{"taxonomy":"post_tag","embeddable":true,"href":"https:\/\/www.partnershipagainstcancer.ca\/fr\/wp-json\/wp\/v2\/tags?post=69949"},{"taxonomy":"site-tools","embeddable":true,"href":"https:\/\/www.partnershipagainstcancer.ca\/fr\/wp-json\/wp\/v2\/site-tools?post=69949"},{"taxonomy":"author","embeddable":true,"href":"https:\/\/www.partnershipagainstcancer.ca\/fr\/wp-json\/wp\/v2\/ppma_author?post=69949"}],"curies":[{"name":"wp","href":"https:\/\/api.w.org\/{rel}","templated":true}]}}