{"id":68043,"date":"2024-03-07T14:53:33","date_gmt":"2024-03-07T19:53:33","guid":{"rendered":"https:\/\/www.partnershipagainstcancer.ca\/first-nations-inuit-and-metis-initiatives\/"},"modified":"2026-01-07T15:06:51","modified_gmt":"2026-01-07T20:06:51","slug":"first-nations-inuit-and-metis-initiatives","status":"publish","type":"page","link":"https:\/\/www.partnershipagainstcancer.ca\/fr\/about-us\/corporate-resources-publications\/pan-canadian-cancer-data-strategy\/first-nations-inuit-and-metis-initiatives\/","title":{"rendered":"Initiatives des Premi\u00e8res Nations, Inuits et M\u00e9tis"},"content":{"rendered":"","protected":false},"excerpt":{"rendered":"","protected":false},"author":46,"featured_media":0,"parent":63117,"menu_order":25,"comment_status":"closed","ping_status":"closed","template":"ccds-page.php","meta":{"_acf_changed":false,"_monsterinsights_skip_tracking":false,"_monsterinsights_sitenote_active":false,"_monsterinsights_sitenote_note":"","_monsterinsights_sitenote_category":0,"ep_exclude_from_search":false,"footnotes":""},"categories":[],"tags":[],"site-tools":[],"ppma_author":[1961],"class_list":["post-68043","page","type-page","status-publish","hentry"],"acf":[],"yoast_head":"<!-- This site is optimized with the Yoast SEO plugin v27.3 - https:\/\/yoast.com\/product\/yoast-seo-wordpress\/ -->\n<title>Canadian Partnership Against Cancer<\/title>\n<meta name=\"description\" content=\"Voyez ce que font les Premi\u00e8res Nations, Inuits et M\u00e9tis pour mieux comprendre le paysage du cancer dans les communaut\u00e9s.\" \/>\n<meta name=\"robots\" content=\"index, follow, max-snippet:-1, max-image-preview:large, max-video-preview:-1\" \/>\n<link rel=\"canonical\" href=\"https:\/\/www.partnershipagainstcancer.ca\/fr\/about-us\/corporate-resources-publications\/pan-canadian-cancer-data-strategy\/first-nations-inuit-and-metis-initiatives\/\" \/>\n<meta property=\"og:locale\" content=\"fr_FR\" \/>\n<meta property=\"og:type\" content=\"article\" \/>\n<meta property=\"og:title\" content=\"Initiatives des Premi\u00e8res Nations, Inuits et M\u00e9tis - Canadian Partnership Against Cancer\" \/>\n<meta property=\"og:description\" content=\"Voyez ce que font les Premi\u00e8res Nations, Inuits et M\u00e9tis pour mieux comprendre le paysage du cancer dans les communaut\u00e9s.\" \/>\n<meta property=\"og:url\" content=\"https:\/\/www.partnershipagainstcancer.ca\/fr\/about-us\/corporate-resources-publications\/pan-canadian-cancer-data-strategy\/first-nations-inuit-and-metis-initiatives\/\" \/>\n<meta property=\"og:site_name\" content=\"Canadian Partnership Against Cancer\" \/>\n<meta property=\"article:publisher\" content=\"https:\/\/www.facebook.com\/CanadianPartnershipAgainstCancer\/\" \/>\n<meta property=\"article:modified_time\" content=\"2026-01-07T20:06:51+00:00\" \/>\n<meta name=\"twitter:card\" content=\"summary_large_image\" \/>\n<meta name=\"twitter:site\" content=\"@cancerstratca\" \/>\n<script type=\"application\/ld+json\" class=\"yoast-schema-graph\">{\"@context\":\"https:\\\/\\\/schema.org\",\"@graph\":[{\"@type\":\"WebPage\",\"@id\":\"https:\\\/\\\/www.partnershipagainstcancer.ca\\\/fr\\\/about-us\\\/corporate-resources-publications\\\/pan-canadian-cancer-data-strategy\\\/first-nations-inuit-and-metis-initiatives\\\/\",\"url\":\"https:\\\/\\\/www.partnershipagainstcancer.ca\\\/fr\\\/about-us\\\/corporate-resources-publications\\\/pan-canadian-cancer-data-strategy\\\/first-nations-inuit-and-metis-initiatives\\\/\",\"name\":\"Initiatives des Premi\u00e8res Nations, Inuits et M\u00e9tis - Canadian Partnership Against Cancer\",\"isPartOf\":{\"@id\":\"https:\\\/\\\/dev.partnershipagainstcancer.ca\\\/#website\"},\"datePublished\":\"2024-03-07T19:53:33+00:00\",\"dateModified\":\"2026-01-07T20:06:51+00:00\",\"description\":\"Voyez ce que font les Premi\u00e8res Nations, Inuits et M\u00e9tis pour mieux comprendre le paysage du cancer dans les communaut\u00e9s.\",\"breadcrumb\":{\"@id\":\"https:\\\/\\\/www.partnershipagainstcancer.ca\\\/fr\\\/about-us\\\/corporate-resources-publications\\\/pan-canadian-cancer-data-strategy\\\/first-nations-inuit-and-metis-initiatives\\\/#breadcrumb\"},\"inLanguage\":\"fr-FR\",\"potentialAction\":[{\"@type\":\"ReadAction\",\"target\":[\"https:\\\/\\\/www.partnershipagainstcancer.ca\\\/fr\\\/about-us\\\/corporate-resources-publications\\\/pan-canadian-cancer-data-strategy\\\/first-nations-inuit-and-metis-initiatives\\\/\"]}]},{\"@type\":\"BreadcrumbList\",\"@id\":\"https:\\\/\\\/www.partnershipagainstcancer.ca\\\/fr\\\/about-us\\\/corporate-resources-publications\\\/pan-canadian-cancer-data-strategy\\\/first-nations-inuit-and-metis-initiatives\\\/#breadcrumb\",\"itemListElement\":[{\"@type\":\"ListItem\",\"position\":1,\"name\":\"\u00c0 propos de nous\",\"item\":\"https:\\\/\\\/www.partnershipagainstcancer.ca\\\/fr\\\/about-us\\\/\"},{\"@type\":\"ListItem\",\"position\":2,\"name\":\"Publications organisationnelles\",\"item\":\"https:\\\/\\\/www.partnershipagainstcancer.ca\\\/fr\\\/about-us\\\/corporate-resources-publications\\\/\"},{\"@type\":\"ListItem\",\"position\":3,\"name\":\"Strat\u00e9gie pancanadienne de donn\u00e9es sur le cancer\",\"item\":\"https:\\\/\\\/www.partnershipagainstcancer.ca\\\/fr\\\/about-us\\\/corporate-resources-publications\\\/pan-canadian-cancer-data-strategy\\\/\"},{\"@type\":\"ListItem\",\"position\":4,\"name\":\"Initiatives des Premi\u00e8res Nations, Inuits et M\u00e9tis\"}]},{\"@type\":\"WebSite\",\"@id\":\"https:\\\/\\\/dev.partnershipagainstcancer.ca\\\/#website\",\"url\":\"https:\\\/\\\/dev.partnershipagainstcancer.ca\\\/\",\"name\":\"Canadian Partnership Against Cancer\",\"description\":\"\",\"potentialAction\":[{\"@type\":\"SearchAction\",\"target\":{\"@type\":\"EntryPoint\",\"urlTemplate\":\"https:\\\/\\\/dev.partnershipagainstcancer.ca\\\/?s={search_term_string}\"},\"query-input\":{\"@type\":\"PropertyValueSpecification\",\"valueRequired\":true,\"valueName\":\"search_term_string\"}}],\"inLanguage\":\"fr-FR\"}]}<\/script>\n<!-- \/ Yoast SEO plugin. -->","yoast_head_json":{"title":"Canadian Partnership Against Cancer","description":"Voyez ce que font les Premi\u00e8res Nations, Inuits et M\u00e9tis pour mieux comprendre le paysage du cancer dans les communaut\u00e9s.","robots":{"index":"index","follow":"follow","max-snippet":"max-snippet:-1","max-image-preview":"max-image-preview:large","max-video-preview":"max-video-preview:-1"},"canonical":"https:\/\/www.partnershipagainstcancer.ca\/fr\/about-us\/corporate-resources-publications\/pan-canadian-cancer-data-strategy\/first-nations-inuit-and-metis-initiatives\/","og_locale":"fr_FR","og_type":"article","og_title":"Initiatives des Premi\u00e8res Nations, Inuits et M\u00e9tis - Canadian Partnership Against Cancer","og_description":"Voyez ce que font les Premi\u00e8res Nations, Inuits et M\u00e9tis pour mieux comprendre le paysage du cancer dans les communaut\u00e9s.","og_url":"https:\/\/www.partnershipagainstcancer.ca\/fr\/about-us\/corporate-resources-publications\/pan-canadian-cancer-data-strategy\/first-nations-inuit-and-metis-initiatives\/","og_site_name":"Canadian Partnership Against Cancer","article_publisher":"https:\/\/www.facebook.com\/CanadianPartnershipAgainstCancer\/","article_modified_time":"2026-01-07T20:06:51+00:00","twitter_card":"summary_large_image","twitter_site":"@cancerstratca","schema":{"@context":"https:\/\/schema.org","@graph":[{"@type":"WebPage","@id":"https:\/\/www.partnershipagainstcancer.ca\/fr\/about-us\/corporate-resources-publications\/pan-canadian-cancer-data-strategy\/first-nations-inuit-and-metis-initiatives\/","url":"https:\/\/www.partnershipagainstcancer.ca\/fr\/about-us\/corporate-resources-publications\/pan-canadian-cancer-data-strategy\/first-nations-inuit-and-metis-initiatives\/","name":"Initiatives des Premi\u00e8res Nations, Inuits et M\u00e9tis - Canadian Partnership Against Cancer","isPartOf":{"@id":"https:\/\/dev.partnershipagainstcancer.ca\/#website"},"datePublished":"2024-03-07T19:53:33+00:00","dateModified":"2026-01-07T20:06:51+00:00","description":"Voyez ce que font les Premi\u00e8res Nations, Inuits et M\u00e9tis pour mieux comprendre le paysage du cancer dans les communaut\u00e9s.","breadcrumb":{"@id":"https:\/\/www.partnershipagainstcancer.ca\/fr\/about-us\/corporate-resources-publications\/pan-canadian-cancer-data-strategy\/first-nations-inuit-and-metis-initiatives\/#breadcrumb"},"inLanguage":"fr-FR","potentialAction":[{"@type":"ReadAction","target":["https:\/\/www.partnershipagainstcancer.ca\/fr\/about-us\/corporate-resources-publications\/pan-canadian-cancer-data-strategy\/first-nations-inuit-and-metis-initiatives\/"]}]},{"@type":"BreadcrumbList","@id":"https:\/\/www.partnershipagainstcancer.ca\/fr\/about-us\/corporate-resources-publications\/pan-canadian-cancer-data-strategy\/first-nations-inuit-and-metis-initiatives\/#breadcrumb","itemListElement":[{"@type":"ListItem","position":1,"name":"\u00c0 propos de nous","item":"https:\/\/www.partnershipagainstcancer.ca\/fr\/about-us\/"},{"@type":"ListItem","position":2,"name":"Publications organisationnelles","item":"https:\/\/www.partnershipagainstcancer.ca\/fr\/about-us\/corporate-resources-publications\/"},{"@type":"ListItem","position":3,"name":"Strat\u00e9gie pancanadienne de donn\u00e9es sur le cancer","item":"https:\/\/www.partnershipagainstcancer.ca\/fr\/about-us\/corporate-resources-publications\/pan-canadian-cancer-data-strategy\/"},{"@type":"ListItem","position":4,"name":"Initiatives des Premi\u00e8res Nations, Inuits et M\u00e9tis"}]},{"@type":"WebSite","@id":"https:\/\/dev.partnershipagainstcancer.ca\/#website","url":"https:\/\/dev.partnershipagainstcancer.ca\/","name":"Canadian Partnership Against Cancer","description":"","potentialAction":[{"@type":"SearchAction","target":{"@type":"EntryPoint","urlTemplate":"https:\/\/dev.partnershipagainstcancer.ca\/?s={search_term_string}"},"query-input":{"@type":"PropertyValueSpecification","valueRequired":true,"valueName":"search_term_string"}}],"inLanguage":"fr-FR"}]}},"_links":{"self":[{"href":"https:\/\/www.partnershipagainstcancer.ca\/fr\/wp-json\/wp\/v2\/pages\/68043","targetHints":{"allow":["GET"]}}],"collection":[{"href":"https:\/\/www.partnershipagainstcancer.ca\/fr\/wp-json\/wp\/v2\/pages"}],"about":[{"href":"https:\/\/www.partnershipagainstcancer.ca\/fr\/wp-json\/wp\/v2\/types\/page"}],"author":[{"embeddable":true,"href":"https:\/\/www.partnershipagainstcancer.ca\/fr\/wp-json\/wp\/v2\/users\/46"}],"replies":[{"embeddable":true,"href":"https:\/\/www.partnershipagainstcancer.ca\/fr\/wp-json\/wp\/v2\/comments?post=68043"}],"version-history":[{"count":4,"href":"https:\/\/www.partnershipagainstcancer.ca\/fr\/wp-json\/wp\/v2\/pages\/68043\/revisions"}],"predecessor-version":[{"id":73306,"href":"https:\/\/www.partnershipagainstcancer.ca\/fr\/wp-json\/wp\/v2\/pages\/68043\/revisions\/73306"}],"up":[{"embeddable":true,"href":"https:\/\/www.partnershipagainstcancer.ca\/fr\/wp-json\/wp\/v2\/pages\/63117"}],"wp:attachment":[{"href":"https:\/\/www.partnershipagainstcancer.ca\/fr\/wp-json\/wp\/v2\/media?parent=68043"}],"wp:term":[{"taxonomy":"category","embeddable":true,"href":"https:\/\/www.partnershipagainstcancer.ca\/fr\/wp-json\/wp\/v2\/categories?post=68043"},{"taxonomy":"post_tag","embeddable":true,"href":"https:\/\/www.partnershipagainstcancer.ca\/fr\/wp-json\/wp\/v2\/tags?post=68043"},{"taxonomy":"site-tools","embeddable":true,"href":"https:\/\/www.partnershipagainstcancer.ca\/fr\/wp-json\/wp\/v2\/site-tools?post=68043"},{"taxonomy":"author","embeddable":true,"href":"https:\/\/www.partnershipagainstcancer.ca\/fr\/wp-json\/wp\/v2\/ppma_author?post=68043"}],"curies":[{"name":"wp","href":"https:\/\/api.w.org\/{rel}","templated":true}]}}