{"id":68042,"date":"2024-03-07T14:42:34","date_gmt":"2024-03-07T19:42:34","guid":{"rendered":"https:\/\/www.partnershipagainstcancer.ca\/facilitators\/"},"modified":"2024-04-24T11:47:50","modified_gmt":"2024-04-24T16:47:50","slug":"facilitators","status":"publish","type":"page","link":"https:\/\/www.partnershipagainstcancer.ca\/fr\/about-us\/corporate-resources-publications\/pan-canadian-cancer-data-strategy\/facilitators\/","title":{"rendered":"\u00c9l\u00e9ments facilitateurs"},"content":{"rendered":"","protected":false},"excerpt":{"rendered":"","protected":false},"author":46,"featured_media":0,"parent":63117,"menu_order":20,"comment_status":"closed","ping_status":"closed","template":"ccds-page.php","meta":{"_acf_changed":false,"_monsterinsights_skip_tracking":false,"_monsterinsights_sitenote_active":false,"_monsterinsights_sitenote_note":"","_monsterinsights_sitenote_category":0,"ep_exclude_from_search":false,"footnotes":""},"categories":[],"tags":[],"site-tools":[],"ppma_author":[1961],"class_list":["post-68042","page","type-page","status-publish","hentry"],"acf":[],"yoast_head":"<!-- This site is optimized with the Yoast SEO plugin v27.3 - https:\/\/yoast.com\/product\/yoast-seo-wordpress\/ -->\n<title>Canadian Partnership Against Cancer<\/title>\n<meta name=\"description\" content=\"Find out how these foundational elements will support the advancement of the cancer data strategy\u2019s key priorities.Voyez comment ces \u00e9l\u00e9ments fondamentaux favoriseront la mise en \u0153uvre des priorit\u00e9s cl\u00e9s de la strat\u00e9gie de donn\u00e9es sur le cancer.\" \/>\n<meta name=\"robots\" content=\"index, follow, max-snippet:-1, max-image-preview:large, max-video-preview:-1\" \/>\n<link rel=\"canonical\" href=\"https:\/\/www.partnershipagainstcancer.ca\/fr\/about-us\/corporate-resources-publications\/pan-canadian-cancer-data-strategy\/facilitators\/\" \/>\n<meta property=\"og:locale\" content=\"fr_FR\" \/>\n<meta property=\"og:type\" content=\"article\" \/>\n<meta property=\"og:title\" content=\"\u00c9l\u00e9ments facilitateurs - Canadian Partnership Against Cancer\" \/>\n<meta property=\"og:description\" content=\"Find out how these foundational elements will support the advancement of the cancer data strategy\u2019s key priorities.Voyez comment ces \u00e9l\u00e9ments fondamentaux favoriseront la mise en \u0153uvre des priorit\u00e9s cl\u00e9s de la strat\u00e9gie de donn\u00e9es sur le cancer.\" \/>\n<meta property=\"og:url\" content=\"https:\/\/www.partnershipagainstcancer.ca\/fr\/about-us\/corporate-resources-publications\/pan-canadian-cancer-data-strategy\/facilitators\/\" \/>\n<meta property=\"og:site_name\" content=\"Canadian Partnership Against Cancer\" \/>\n<meta property=\"article:publisher\" content=\"https:\/\/www.facebook.com\/CanadianPartnershipAgainstCancer\/\" \/>\n<meta property=\"article:modified_time\" content=\"2024-04-24T16:47:50+00:00\" \/>\n<meta name=\"twitter:card\" content=\"summary_large_image\" \/>\n<meta name=\"twitter:site\" content=\"@cancerstratca\" \/>\n<script type=\"application\/ld+json\" class=\"yoast-schema-graph\">{\"@context\":\"https:\\\/\\\/schema.org\",\"@graph\":[{\"@type\":\"WebPage\",\"@id\":\"https:\\\/\\\/www.partnershipagainstcancer.ca\\\/fr\\\/about-us\\\/corporate-resources-publications\\\/pan-canadian-cancer-data-strategy\\\/facilitators\\\/\",\"url\":\"https:\\\/\\\/www.partnershipagainstcancer.ca\\\/fr\\\/about-us\\\/corporate-resources-publications\\\/pan-canadian-cancer-data-strategy\\\/facilitators\\\/\",\"name\":\"\u00c9l\u00e9ments facilitateurs - Canadian Partnership Against Cancer\",\"isPartOf\":{\"@id\":\"https:\\\/\\\/dev.partnershipagainstcancer.ca\\\/#website\"},\"datePublished\":\"2024-03-07T19:42:34+00:00\",\"dateModified\":\"2024-04-24T16:47:50+00:00\",\"description\":\"Find out how these foundational elements will support the advancement of the cancer data strategy\u2019s key priorities.Voyez comment ces \u00e9l\u00e9ments fondamentaux favoriseront la mise en \u0153uvre des priorit\u00e9s cl\u00e9s de la strat\u00e9gie de donn\u00e9es sur le cancer.\",\"breadcrumb\":{\"@id\":\"https:\\\/\\\/www.partnershipagainstcancer.ca\\\/fr\\\/about-us\\\/corporate-resources-publications\\\/pan-canadian-cancer-data-strategy\\\/facilitators\\\/#breadcrumb\"},\"inLanguage\":\"fr-FR\",\"potentialAction\":[{\"@type\":\"ReadAction\",\"target\":[\"https:\\\/\\\/www.partnershipagainstcancer.ca\\\/fr\\\/about-us\\\/corporate-resources-publications\\\/pan-canadian-cancer-data-strategy\\\/facilitators\\\/\"]}]},{\"@type\":\"BreadcrumbList\",\"@id\":\"https:\\\/\\\/www.partnershipagainstcancer.ca\\\/fr\\\/about-us\\\/corporate-resources-publications\\\/pan-canadian-cancer-data-strategy\\\/facilitators\\\/#breadcrumb\",\"itemListElement\":[{\"@type\":\"ListItem\",\"position\":1,\"name\":\"\u00c0 propos de nous\",\"item\":\"https:\\\/\\\/www.partnershipagainstcancer.ca\\\/fr\\\/about-us\\\/\"},{\"@type\":\"ListItem\",\"position\":2,\"name\":\"Publications organisationnelles\",\"item\":\"https:\\\/\\\/www.partnershipagainstcancer.ca\\\/fr\\\/about-us\\\/corporate-resources-publications\\\/\"},{\"@type\":\"ListItem\",\"position\":3,\"name\":\"Strat\u00e9gie pancanadienne de donn\u00e9es sur le cancer\",\"item\":\"https:\\\/\\\/www.partnershipagainstcancer.ca\\\/fr\\\/about-us\\\/corporate-resources-publications\\\/pan-canadian-cancer-data-strategy\\\/\"},{\"@type\":\"ListItem\",\"position\":4,\"name\":\"\u00c9l\u00e9ments facilitateurs\"}]},{\"@type\":\"WebSite\",\"@id\":\"https:\\\/\\\/dev.partnershipagainstcancer.ca\\\/#website\",\"url\":\"https:\\\/\\\/dev.partnershipagainstcancer.ca\\\/\",\"name\":\"Canadian Partnership Against Cancer\",\"description\":\"\",\"potentialAction\":[{\"@type\":\"SearchAction\",\"target\":{\"@type\":\"EntryPoint\",\"urlTemplate\":\"https:\\\/\\\/dev.partnershipagainstcancer.ca\\\/?s={search_term_string}\"},\"query-input\":{\"@type\":\"PropertyValueSpecification\",\"valueRequired\":true,\"valueName\":\"search_term_string\"}}],\"inLanguage\":\"fr-FR\"}]}<\/script>\n<!-- \/ Yoast SEO plugin. -->","yoast_head_json":{"title":"Canadian Partnership Against Cancer","description":"Find out how these foundational elements will support the advancement of the cancer data strategy\u2019s key priorities.Voyez comment ces \u00e9l\u00e9ments fondamentaux favoriseront la mise en \u0153uvre des priorit\u00e9s cl\u00e9s de la strat\u00e9gie de donn\u00e9es sur le cancer.","robots":{"index":"index","follow":"follow","max-snippet":"max-snippet:-1","max-image-preview":"max-image-preview:large","max-video-preview":"max-video-preview:-1"},"canonical":"https:\/\/www.partnershipagainstcancer.ca\/fr\/about-us\/corporate-resources-publications\/pan-canadian-cancer-data-strategy\/facilitators\/","og_locale":"fr_FR","og_type":"article","og_title":"\u00c9l\u00e9ments facilitateurs - Canadian Partnership Against Cancer","og_description":"Find out how these foundational elements will support the advancement of the cancer data strategy\u2019s key priorities.Voyez comment ces \u00e9l\u00e9ments fondamentaux favoriseront la mise en \u0153uvre des priorit\u00e9s cl\u00e9s de la strat\u00e9gie de donn\u00e9es sur le cancer.","og_url":"https:\/\/www.partnershipagainstcancer.ca\/fr\/about-us\/corporate-resources-publications\/pan-canadian-cancer-data-strategy\/facilitators\/","og_site_name":"Canadian Partnership Against Cancer","article_publisher":"https:\/\/www.facebook.com\/CanadianPartnershipAgainstCancer\/","article_modified_time":"2024-04-24T16:47:50+00:00","twitter_card":"summary_large_image","twitter_site":"@cancerstratca","schema":{"@context":"https:\/\/schema.org","@graph":[{"@type":"WebPage","@id":"https:\/\/www.partnershipagainstcancer.ca\/fr\/about-us\/corporate-resources-publications\/pan-canadian-cancer-data-strategy\/facilitators\/","url":"https:\/\/www.partnershipagainstcancer.ca\/fr\/about-us\/corporate-resources-publications\/pan-canadian-cancer-data-strategy\/facilitators\/","name":"\u00c9l\u00e9ments facilitateurs - Canadian Partnership Against Cancer","isPartOf":{"@id":"https:\/\/dev.partnershipagainstcancer.ca\/#website"},"datePublished":"2024-03-07T19:42:34+00:00","dateModified":"2024-04-24T16:47:50+00:00","description":"Find out how these foundational elements will support the advancement of the cancer data strategy\u2019s key priorities.Voyez comment ces \u00e9l\u00e9ments fondamentaux favoriseront la mise en \u0153uvre des priorit\u00e9s cl\u00e9s de la strat\u00e9gie de donn\u00e9es sur le cancer.","breadcrumb":{"@id":"https:\/\/www.partnershipagainstcancer.ca\/fr\/about-us\/corporate-resources-publications\/pan-canadian-cancer-data-strategy\/facilitators\/#breadcrumb"},"inLanguage":"fr-FR","potentialAction":[{"@type":"ReadAction","target":["https:\/\/www.partnershipagainstcancer.ca\/fr\/about-us\/corporate-resources-publications\/pan-canadian-cancer-data-strategy\/facilitators\/"]}]},{"@type":"BreadcrumbList","@id":"https:\/\/www.partnershipagainstcancer.ca\/fr\/about-us\/corporate-resources-publications\/pan-canadian-cancer-data-strategy\/facilitators\/#breadcrumb","itemListElement":[{"@type":"ListItem","position":1,"name":"\u00c0 propos de nous","item":"https:\/\/www.partnershipagainstcancer.ca\/fr\/about-us\/"},{"@type":"ListItem","position":2,"name":"Publications organisationnelles","item":"https:\/\/www.partnershipagainstcancer.ca\/fr\/about-us\/corporate-resources-publications\/"},{"@type":"ListItem","position":3,"name":"Strat\u00e9gie pancanadienne de donn\u00e9es sur le cancer","item":"https:\/\/www.partnershipagainstcancer.ca\/fr\/about-us\/corporate-resources-publications\/pan-canadian-cancer-data-strategy\/"},{"@type":"ListItem","position":4,"name":"\u00c9l\u00e9ments facilitateurs"}]},{"@type":"WebSite","@id":"https:\/\/dev.partnershipagainstcancer.ca\/#website","url":"https:\/\/dev.partnershipagainstcancer.ca\/","name":"Canadian Partnership Against Cancer","description":"","potentialAction":[{"@type":"SearchAction","target":{"@type":"EntryPoint","urlTemplate":"https:\/\/dev.partnershipagainstcancer.ca\/?s={search_term_string}"},"query-input":{"@type":"PropertyValueSpecification","valueRequired":true,"valueName":"search_term_string"}}],"inLanguage":"fr-FR"}]}},"_links":{"self":[{"href":"https:\/\/www.partnershipagainstcancer.ca\/fr\/wp-json\/wp\/v2\/pages\/68042","targetHints":{"allow":["GET"]}}],"collection":[{"href":"https:\/\/www.partnershipagainstcancer.ca\/fr\/wp-json\/wp\/v2\/pages"}],"about":[{"href":"https:\/\/www.partnershipagainstcancer.ca\/fr\/wp-json\/wp\/v2\/types\/page"}],"author":[{"embeddable":true,"href":"https:\/\/www.partnershipagainstcancer.ca\/fr\/wp-json\/wp\/v2\/users\/46"}],"replies":[{"embeddable":true,"href":"https:\/\/www.partnershipagainstcancer.ca\/fr\/wp-json\/wp\/v2\/comments?post=68042"}],"version-history":[{"count":2,"href":"https:\/\/www.partnershipagainstcancer.ca\/fr\/wp-json\/wp\/v2\/pages\/68042\/revisions"}],"predecessor-version":[{"id":68245,"href":"https:\/\/www.partnershipagainstcancer.ca\/fr\/wp-json\/wp\/v2\/pages\/68042\/revisions\/68245"}],"up":[{"embeddable":true,"href":"https:\/\/www.partnershipagainstcancer.ca\/fr\/wp-json\/wp\/v2\/pages\/63117"}],"wp:attachment":[{"href":"https:\/\/www.partnershipagainstcancer.ca\/fr\/wp-json\/wp\/v2\/media?parent=68042"}],"wp:term":[{"taxonomy":"category","embeddable":true,"href":"https:\/\/www.partnershipagainstcancer.ca\/fr\/wp-json\/wp\/v2\/categories?post=68042"},{"taxonomy":"post_tag","embeddable":true,"href":"https:\/\/www.partnershipagainstcancer.ca\/fr\/wp-json\/wp\/v2\/tags?post=68042"},{"taxonomy":"site-tools","embeddable":true,"href":"https:\/\/www.partnershipagainstcancer.ca\/fr\/wp-json\/wp\/v2\/site-tools?post=68042"},{"taxonomy":"author","embeddable":true,"href":"https:\/\/www.partnershipagainstcancer.ca\/fr\/wp-json\/wp\/v2\/ppma_author?post=68042"}],"curies":[{"name":"wp","href":"https:\/\/api.w.org\/{rel}","templated":true}]}}