{"id":68038,"date":"2024-03-04T09:40:25","date_gmt":"2024-03-04T14:40:25","guid":{"rendered":"https:\/\/www.partnershipagainstcancer.ca\/priority-1\/"},"modified":"2025-12-23T15:29:43","modified_gmt":"2025-12-23T20:29:43","slug":"priority-1","status":"publish","type":"page","link":"https:\/\/www.partnershipagainstcancer.ca\/fr\/about-us\/corporate-resources-publications\/pan-canadian-cancer-data-strategy\/priority-1\/","title":{"rendered":"Priorit\u00e9 1 : Am\u00e9liorer l\u2019efficacit\u00e9, la rapidit\u00e9 et la qualit\u00e9 de la saisie des donn\u00e9es et de l\u2019acc\u00e8s aux donn\u00e9es"},"content":{"rendered":"<p>La mise en \u0153uvre de cette priorit\u00e9 facilitera la saisie des donn\u00e9es dans les syst\u00e8mes de donn\u00e9es actuels et l\u2019acc\u00e8s aux donn\u00e9es d\u00e9j\u00e0 recueillies. La strat\u00e9gie de donn\u00e9es sur le cancer recommande les mesures suivantes :<\/p>\n<ul>\n<li>accro\u00eetre l\u2019efficacit\u00e9 et la facilit\u00e9 d\u2019acc\u00e8s aux donn\u00e9es; ;<\/li>\n<li>am\u00e9liorer la rapidit\u00e9 de la saisie et de la disponibilit\u00e9 des donn\u00e9es;<\/li>\n<li>tirer parti des lignes directrices et des normes relatives aux donn\u00e9es sur le cancer, y compris des indicateurs de qualit\u00e9 des donn\u00e9es.<\/li>\n<\/ul>\n<h3><strong><span style=\"color: inherit; font-size: 30px;\">Comment cette priorit\u00e9 est mise en \u0153uvre au Canada<\/span><\/strong><\/h3>\n<p>Voici des exemples d\u2019initiatives qui sont entreprises pour mettre en \u0153uvre cette priorit\u00e9 et am\u00e9liorer les r\u00e9sultats pour la sant\u00e9 de la population canadienne.<\/p>\n<p>R\u00e9fl\u00e9chissez \u00e0 la mani\u00e8re dont vous pouvez mettre en pratique ces enseignements dans votre propre organisation ou territoire de comp\u00e9tence pour contribuer \u00e0 am\u00e9liorer le syst\u00e8me de donn\u00e9es sur le cancer.<\/p>\n","protected":false},"excerpt":{"rendered":"<p>La mise en \u0153uvre de cette priorit\u00e9 facilitera la saisie des donn\u00e9es dans les syst\u00e8mes de donn\u00e9es actuels et l\u2019acc\u00e8s aux donn\u00e9es d\u00e9j\u00e0 recueillies. La strat\u00e9gie de donn\u00e9es sur le cancer recommande les mesures suivantes : accro\u00eetre l\u2019efficacit\u00e9 et la facilit\u00e9 d\u2019acc\u00e8s aux donn\u00e9es; ; am\u00e9liorer la rapidit\u00e9 de la saisie et de la disponibilit\u00e9 [&hellip;]<\/p>\n","protected":false},"author":46,"featured_media":0,"parent":63117,"menu_order":5,"comment_status":"closed","ping_status":"closed","template":"ccds-page.php","meta":{"_acf_changed":false,"_monsterinsights_skip_tracking":false,"_monsterinsights_sitenote_active":false,"_monsterinsights_sitenote_note":"","_monsterinsights_sitenote_category":0,"ep_exclude_from_search":false,"footnotes":""},"categories":[],"tags":[],"site-tools":[],"ppma_author":[1961],"class_list":["post-68038","page","type-page","status-publish","hentry"],"acf":[],"yoast_head":"<!-- This site is optimized with the Yoast SEO plugin v27.3 - https:\/\/yoast.com\/product\/yoast-seo-wordpress\/ -->\n<title>Canadian Partnership Against Cancer<\/title>\n<meta name=\"description\" content=\"Find out how advancing this priority will make it easier to capture data in current systems and access previously collected data.Voyez comment cette priorit\u00e9 facilitera la saisie des donn\u00e9es dans les syst\u00e8mes actuels et l\u2019acc\u00e8s aux donn\u00e9es d\u00e9j\u00e0 recueillies.\" \/>\n<meta name=\"robots\" content=\"index, follow, max-snippet:-1, max-image-preview:large, max-video-preview:-1\" \/>\n<link rel=\"canonical\" href=\"https:\/\/www.partnershipagainstcancer.ca\/fr\/about-us\/corporate-resources-publications\/pan-canadian-cancer-data-strategy\/priority-1\/\" \/>\n<meta property=\"og:locale\" content=\"fr_FR\" \/>\n<meta property=\"og:type\" content=\"article\" \/>\n<meta property=\"og:title\" content=\"Priorit\u00e9 1 : Am\u00e9liorer l\u2019efficacit\u00e9, la rapidit\u00e9 et la qualit\u00e9 de la saisie des donn\u00e9es et de l\u2019acc\u00e8s aux donn\u00e9es - Canadian Partnership Against Cancer\" \/>\n<meta property=\"og:description\" content=\"Find out how advancing this priority will make it easier to capture data in current systems and access previously collected data.Voyez comment cette priorit\u00e9 facilitera la saisie des donn\u00e9es dans les syst\u00e8mes actuels et l\u2019acc\u00e8s aux donn\u00e9es d\u00e9j\u00e0 recueillies.\" \/>\n<meta property=\"og:url\" content=\"https:\/\/www.partnershipagainstcancer.ca\/fr\/about-us\/corporate-resources-publications\/pan-canadian-cancer-data-strategy\/priority-1\/\" \/>\n<meta property=\"og:site_name\" content=\"Canadian Partnership Against Cancer\" \/>\n<meta property=\"article:publisher\" content=\"https:\/\/www.facebook.com\/CanadianPartnershipAgainstCancer\/\" \/>\n<meta property=\"article:modified_time\" content=\"2025-12-23T20:29:43+00:00\" \/>\n<meta name=\"twitter:card\" content=\"summary_large_image\" \/>\n<meta name=\"twitter:site\" content=\"@cancerstratca\" \/>\n<meta name=\"twitter:label1\" content=\"Dur\u00e9e de lecture estim\u00e9e\" \/>\n\t<meta name=\"twitter:data1\" content=\"1 minute\" \/>\n<script type=\"application\/ld+json\" class=\"yoast-schema-graph\">{\"@context\":\"https:\\\/\\\/schema.org\",\"@graph\":[{\"@type\":\"WebPage\",\"@id\":\"https:\\\/\\\/www.partnershipagainstcancer.ca\\\/fr\\\/about-us\\\/corporate-resources-publications\\\/pan-canadian-cancer-data-strategy\\\/priority-1\\\/\",\"url\":\"https:\\\/\\\/www.partnershipagainstcancer.ca\\\/fr\\\/about-us\\\/corporate-resources-publications\\\/pan-canadian-cancer-data-strategy\\\/priority-1\\\/\",\"name\":\"Priorit\u00e9 1 : Am\u00e9liorer l\u2019efficacit\u00e9, la rapidit\u00e9 et la qualit\u00e9 de la saisie des donn\u00e9es et de l\u2019acc\u00e8s aux donn\u00e9es - Canadian Partnership Against Cancer\",\"isPartOf\":{\"@id\":\"https:\\\/\\\/dev.partnershipagainstcancer.ca\\\/#website\"},\"datePublished\":\"2024-03-04T14:40:25+00:00\",\"dateModified\":\"2025-12-23T20:29:43+00:00\",\"description\":\"Find out how advancing this priority will make it easier to capture data in current systems and access previously collected data.Voyez comment cette priorit\u00e9 facilitera la saisie des donn\u00e9es dans les syst\u00e8mes actuels et l\u2019acc\u00e8s aux donn\u00e9es d\u00e9j\u00e0 recueillies.\",\"breadcrumb\":{\"@id\":\"https:\\\/\\\/www.partnershipagainstcancer.ca\\\/fr\\\/about-us\\\/corporate-resources-publications\\\/pan-canadian-cancer-data-strategy\\\/priority-1\\\/#breadcrumb\"},\"inLanguage\":\"fr-FR\",\"potentialAction\":[{\"@type\":\"ReadAction\",\"target\":[\"https:\\\/\\\/www.partnershipagainstcancer.ca\\\/fr\\\/about-us\\\/corporate-resources-publications\\\/pan-canadian-cancer-data-strategy\\\/priority-1\\\/\"]}]},{\"@type\":\"BreadcrumbList\",\"@id\":\"https:\\\/\\\/www.partnershipagainstcancer.ca\\\/fr\\\/about-us\\\/corporate-resources-publications\\\/pan-canadian-cancer-data-strategy\\\/priority-1\\\/#breadcrumb\",\"itemListElement\":[{\"@type\":\"ListItem\",\"position\":1,\"name\":\"\u00c0 propos de nous\",\"item\":\"https:\\\/\\\/www.partnershipagainstcancer.ca\\\/fr\\\/about-us\\\/\"},{\"@type\":\"ListItem\",\"position\":2,\"name\":\"Publications organisationnelles\",\"item\":\"https:\\\/\\\/www.partnershipagainstcancer.ca\\\/fr\\\/about-us\\\/corporate-resources-publications\\\/\"},{\"@type\":\"ListItem\",\"position\":3,\"name\":\"Strat\u00e9gie pancanadienne de donn\u00e9es sur le cancer\",\"item\":\"https:\\\/\\\/www.partnershipagainstcancer.ca\\\/fr\\\/about-us\\\/corporate-resources-publications\\\/pan-canadian-cancer-data-strategy\\\/\"},{\"@type\":\"ListItem\",\"position\":4,\"name\":\"Priorit\u00e9 1 : Am\u00e9liorer l\u2019efficacit\u00e9, la rapidit\u00e9 et la qualit\u00e9 de la saisie des donn\u00e9es et de l\u2019acc\u00e8s aux donn\u00e9es\"}]},{\"@type\":\"WebSite\",\"@id\":\"https:\\\/\\\/dev.partnershipagainstcancer.ca\\\/#website\",\"url\":\"https:\\\/\\\/dev.partnershipagainstcancer.ca\\\/\",\"name\":\"Canadian Partnership Against Cancer\",\"description\":\"\",\"potentialAction\":[{\"@type\":\"SearchAction\",\"target\":{\"@type\":\"EntryPoint\",\"urlTemplate\":\"https:\\\/\\\/dev.partnershipagainstcancer.ca\\\/?s={search_term_string}\"},\"query-input\":{\"@type\":\"PropertyValueSpecification\",\"valueRequired\":true,\"valueName\":\"search_term_string\"}}],\"inLanguage\":\"fr-FR\"}]}<\/script>\n<!-- \/ Yoast SEO plugin. -->","yoast_head_json":{"title":"Canadian Partnership Against Cancer","description":"Find out how advancing this priority will make it easier to capture data in current systems and access previously collected data.Voyez comment cette priorit\u00e9 facilitera la saisie des donn\u00e9es dans les syst\u00e8mes actuels et l\u2019acc\u00e8s aux donn\u00e9es d\u00e9j\u00e0 recueillies.","robots":{"index":"index","follow":"follow","max-snippet":"max-snippet:-1","max-image-preview":"max-image-preview:large","max-video-preview":"max-video-preview:-1"},"canonical":"https:\/\/www.partnershipagainstcancer.ca\/fr\/about-us\/corporate-resources-publications\/pan-canadian-cancer-data-strategy\/priority-1\/","og_locale":"fr_FR","og_type":"article","og_title":"Priorit\u00e9 1 : Am\u00e9liorer l\u2019efficacit\u00e9, la rapidit\u00e9 et la qualit\u00e9 de la saisie des donn\u00e9es et de l\u2019acc\u00e8s aux donn\u00e9es - Canadian Partnership Against Cancer","og_description":"Find out how advancing this priority will make it easier to capture data in current systems and access previously collected data.Voyez comment cette priorit\u00e9 facilitera la saisie des donn\u00e9es dans les syst\u00e8mes actuels et l\u2019acc\u00e8s aux donn\u00e9es d\u00e9j\u00e0 recueillies.","og_url":"https:\/\/www.partnershipagainstcancer.ca\/fr\/about-us\/corporate-resources-publications\/pan-canadian-cancer-data-strategy\/priority-1\/","og_site_name":"Canadian Partnership Against Cancer","article_publisher":"https:\/\/www.facebook.com\/CanadianPartnershipAgainstCancer\/","article_modified_time":"2025-12-23T20:29:43+00:00","twitter_card":"summary_large_image","twitter_site":"@cancerstratca","twitter_misc":{"Dur\u00e9e de lecture estim\u00e9e":"1 minute"},"schema":{"@context":"https:\/\/schema.org","@graph":[{"@type":"WebPage","@id":"https:\/\/www.partnershipagainstcancer.ca\/fr\/about-us\/corporate-resources-publications\/pan-canadian-cancer-data-strategy\/priority-1\/","url":"https:\/\/www.partnershipagainstcancer.ca\/fr\/about-us\/corporate-resources-publications\/pan-canadian-cancer-data-strategy\/priority-1\/","name":"Priorit\u00e9 1 : Am\u00e9liorer l\u2019efficacit\u00e9, la rapidit\u00e9 et la qualit\u00e9 de la saisie des donn\u00e9es et de l\u2019acc\u00e8s aux donn\u00e9es - Canadian Partnership Against Cancer","isPartOf":{"@id":"https:\/\/dev.partnershipagainstcancer.ca\/#website"},"datePublished":"2024-03-04T14:40:25+00:00","dateModified":"2025-12-23T20:29:43+00:00","description":"Find out how advancing this priority will make it easier to capture data in current systems and access previously collected data.Voyez comment cette priorit\u00e9 facilitera la saisie des donn\u00e9es dans les syst\u00e8mes actuels et l\u2019acc\u00e8s aux donn\u00e9es d\u00e9j\u00e0 recueillies.","breadcrumb":{"@id":"https:\/\/www.partnershipagainstcancer.ca\/fr\/about-us\/corporate-resources-publications\/pan-canadian-cancer-data-strategy\/priority-1\/#breadcrumb"},"inLanguage":"fr-FR","potentialAction":[{"@type":"ReadAction","target":["https:\/\/www.partnershipagainstcancer.ca\/fr\/about-us\/corporate-resources-publications\/pan-canadian-cancer-data-strategy\/priority-1\/"]}]},{"@type":"BreadcrumbList","@id":"https:\/\/www.partnershipagainstcancer.ca\/fr\/about-us\/corporate-resources-publications\/pan-canadian-cancer-data-strategy\/priority-1\/#breadcrumb","itemListElement":[{"@type":"ListItem","position":1,"name":"\u00c0 propos de nous","item":"https:\/\/www.partnershipagainstcancer.ca\/fr\/about-us\/"},{"@type":"ListItem","position":2,"name":"Publications organisationnelles","item":"https:\/\/www.partnershipagainstcancer.ca\/fr\/about-us\/corporate-resources-publications\/"},{"@type":"ListItem","position":3,"name":"Strat\u00e9gie pancanadienne de donn\u00e9es sur le cancer","item":"https:\/\/www.partnershipagainstcancer.ca\/fr\/about-us\/corporate-resources-publications\/pan-canadian-cancer-data-strategy\/"},{"@type":"ListItem","position":4,"name":"Priorit\u00e9 1 : Am\u00e9liorer l\u2019efficacit\u00e9, la rapidit\u00e9 et la qualit\u00e9 de la saisie des donn\u00e9es et de l\u2019acc\u00e8s aux donn\u00e9es"}]},{"@type":"WebSite","@id":"https:\/\/dev.partnershipagainstcancer.ca\/#website","url":"https:\/\/dev.partnershipagainstcancer.ca\/","name":"Canadian Partnership Against Cancer","description":"","potentialAction":[{"@type":"SearchAction","target":{"@type":"EntryPoint","urlTemplate":"https:\/\/dev.partnershipagainstcancer.ca\/?s={search_term_string}"},"query-input":{"@type":"PropertyValueSpecification","valueRequired":true,"valueName":"search_term_string"}}],"inLanguage":"fr-FR"}]}},"_links":{"self":[{"href":"https:\/\/www.partnershipagainstcancer.ca\/fr\/wp-json\/wp\/v2\/pages\/68038","targetHints":{"allow":["GET"]}}],"collection":[{"href":"https:\/\/www.partnershipagainstcancer.ca\/fr\/wp-json\/wp\/v2\/pages"}],"about":[{"href":"https:\/\/www.partnershipagainstcancer.ca\/fr\/wp-json\/wp\/v2\/types\/page"}],"author":[{"embeddable":true,"href":"https:\/\/www.partnershipagainstcancer.ca\/fr\/wp-json\/wp\/v2\/users\/46"}],"replies":[{"embeddable":true,"href":"https:\/\/www.partnershipagainstcancer.ca\/fr\/wp-json\/wp\/v2\/comments?post=68038"}],"version-history":[{"count":4,"href":"https:\/\/www.partnershipagainstcancer.ca\/fr\/wp-json\/wp\/v2\/pages\/68038\/revisions"}],"predecessor-version":[{"id":73295,"href":"https:\/\/www.partnershipagainstcancer.ca\/fr\/wp-json\/wp\/v2\/pages\/68038\/revisions\/73295"}],"up":[{"embeddable":true,"href":"https:\/\/www.partnershipagainstcancer.ca\/fr\/wp-json\/wp\/v2\/pages\/63117"}],"wp:attachment":[{"href":"https:\/\/www.partnershipagainstcancer.ca\/fr\/wp-json\/wp\/v2\/media?parent=68038"}],"wp:term":[{"taxonomy":"category","embeddable":true,"href":"https:\/\/www.partnershipagainstcancer.ca\/fr\/wp-json\/wp\/v2\/categories?post=68038"},{"taxonomy":"post_tag","embeddable":true,"href":"https:\/\/www.partnershipagainstcancer.ca\/fr\/wp-json\/wp\/v2\/tags?post=68038"},{"taxonomy":"site-tools","embeddable":true,"href":"https:\/\/www.partnershipagainstcancer.ca\/fr\/wp-json\/wp\/v2\/site-tools?post=68038"},{"taxonomy":"author","embeddable":true,"href":"https:\/\/www.partnershipagainstcancer.ca\/fr\/wp-json\/wp\/v2\/ppma_author?post=68038"}],"curies":[{"name":"wp","href":"https:\/\/api.w.org\/{rel}","templated":true}]}}