{"id":64861,"date":"2023-10-03T09:13:08","date_gmt":"2023-10-03T14:13:08","guid":{"rendered":"https:\/\/www.partnershipagainstcancer.ca\/cancer-strategy\/how-is-my-province-or-territory-doing\/"},"modified":"2024-03-04T14:42:06","modified_gmt":"2024-03-04T19:42:06","slug":"how-is-my-province-or-territory-doing","status":"publish","type":"page","link":"https:\/\/www.partnershipagainstcancer.ca\/fr\/cancer-strategy\/how-is-my-province-or-territory-doing\/","title":{"rendered":"O\u00f9 en est ma province ou mon territoire?"},"content":{"rendered":"<h2>Colombie-Britannique<\/h2>\n<ul>\n<li>Priorit\u00e9 1 : <a href=\"https:\/\/www.partnershipagainstcancer.ca\/fr\/cancer-strategy\/strategic-priorities\/priority-1-decrease-risk\/?j=Colombie-Britannique&amp;a=action1#priority-tab-action\">R\u00e9duire le risque de cancer dans la population<\/a><\/li>\n<li>Priorit\u00e9 2 : <a href=\"https:\/\/www.partnershipagainstcancer.ca\/fr\/cancer-strategy\/strategic-priorities\/priority-2-diagnose\/?j=Colombie-Britannique&amp;a=action1#priority-tab-action\">Diagnostiquer le cancer plus rapidement, avec exactitude et \u00e0 un stade plus pr\u00e9coce<\/a><\/li>\n<li>Priorit\u00e9 3 : <a href=\"https:\/\/www.partnershipagainstcancer.ca\/fr\/cancer-strategy\/strategic-priorities\/priority-3-quality-care\/?j=Colombie-Britannique&amp;a=action1#priority-tab-action\">Offrir des soins de grande qualit\u00e9 dans le cadre d\u2019un syst\u00e8me durable et de calibre mondial<\/a><\/li>\n<li>Priorit\u00e9 4 : <a href=\"https:\/\/www.partnershipagainstcancer.ca\/fr\/cancer-strategy\/strategic-priorities\/priority-4-eliminate-barriers\/?j=Colombie-Britannique&amp;a=action2#priority-tab-action\">\u00c9liminer les obstacles qui emp\u00eachent les gens d\u2019obtenir les soins dont ils ont besoin<\/a><\/li>\n<li>Priorit\u00e9 5 : <a href=\"https:\/\/www.partnershipagainstcancer.ca\/fr\/cancer-strategy\/strategic-priorities\/priority-5-info-supports\/?j=Colombie-Britannique&amp;a=action1#priority-tab-action\">Offrir de l\u2019information et du soutien aux personnes atteintes<\/a><\/li>\n<li><a href=\"https:\/\/www.partnershipagainstcancer.ca\/fr\/supplementary-data-british-columbia\/\">Donn\u00e9es suppl\u00e9mentaires sur l\u2019ensemble des priorit\u00e9s<\/a><\/li>\n<\/ul>\n<h2>Alberta<\/h2>\n<ul>\n<li>Priorit\u00e9 1 : <a href=\"https:\/\/www.partnershipagainstcancer.ca\/fr\/cancer-strategy\/strategic-priorities\/priority-1-decrease-risk\/?j=Alberta&amp;a=action1#priority-tab-action\">R\u00e9duire le risque de cancer dans la population<\/a><\/li>\n<li>Priorit\u00e9 2 : <a href=\"https:\/\/www.partnershipagainstcancer.ca\/fr\/cancer-strategy\/strategic-priorities\/priority-2-diagnose\/?j=Alberta&amp;a=action1#priority-tab-action\">Diagnostiquer le cancer plus rapidement, avec exactitude et \u00e0 un stade plus pr\u00e9coce<\/a><\/li>\n<li>Priorit\u00e9 3 : <a href=\"https:\/\/www.partnershipagainstcancer.ca\/fr\/cancer-strategy\/strategic-priorities\/priority-3-quality-care\/?j=Alberta&amp;a=action2#priority-tab-action\">Offrir des soins de grande qualit\u00e9 dans le cadre d\u2019un syst\u00e8me durable et de calibre mondial<\/a><\/li>\n<li>Priorit\u00e9 4 : <a href=\"https:\/\/www.partnershipagainstcancer.ca\/fr\/cancer-strategy\/strategic-priorities\/priority-4-eliminate-barriers\/?j=Alberta&amp;a=action1#priority-tab-action\">\u00c9liminer les obstacles qui emp\u00eachent les gens d\u2019obtenir les soins dont ils ont besoin<\/a><\/li>\n<li>Priorit\u00e9 5 : <a href=\"https:\/\/www.partnershipagainstcancer.ca\/fr\/cancer-strategy\/strategic-priorities\/priority-5-info-supports\/?j=Alberta&amp;a=action1#priority-tab-action\">Offrir de l\u2019information et du soutien aux personnes atteintes<\/a><\/li>\n<li><a href=\"https:\/\/www.partnershipagainstcancer.ca\/fr\/supplementary-data-alberta\/\">Donn\u00e9es suppl\u00e9mentaires sur l\u2019ensemble des priorit\u00e9s<\/a><\/li>\n<\/ul>\n<h2>Saskatchewan<\/h2>\n<ul>\n<li>Priorit\u00e9 1 : <a href=\"https:\/\/www.partnershipagainstcancer.ca\/fr\/cancer-strategy\/strategic-priorities\/priority-1-decrease-risk\/?j=Saskatchewan&amp;a=action1#priority-tab-action\">R\u00e9duire le risque de cancer dans la population<\/a><\/li>\n<li>Priorit\u00e9 2 : <a href=\"https:\/\/www.partnershipagainstcancer.ca\/fr\/cancer-strategy\/strategic-priorities\/priority-2-diagnose\/?j=Saskatchewan&amp;a=action1#priority-tab-action\">Diagnostiquer le cancer plus rapidement, avec exactitude et \u00e0 un stade plus pr\u00e9coce<\/a><\/li>\n<li>Priorit\u00e9 3 : <a href=\"https:\/\/www.partnershipagainstcancer.ca\/fr\/cancer-strategy\/strategic-priorities\/priority-3-quality-care\/?j=Saskatchewan&amp;a=action1#priority-tab-action\">Offrir des soins de grande qualit\u00e9 dans le cadre d\u2019un syst\u00e8me durable et de calibre mondial<\/a><\/li>\n<li>Priorit\u00e9 4 : <a href=\"https:\/\/www.partnershipagainstcancer.ca\/fr\/cancer-strategy\/strategic-priorities\/priority-4-eliminate-barriers\/?j=Saskatchewan&amp;a=action1#priority-tab-action\">\u00c9liminer les obstacles qui emp\u00eachent les gens d\u2019obtenir les soins dont ils ont besoin<\/a><\/li>\n<li>Priorit\u00e9 5 : <a href=\"https:\/\/www.partnershipagainstcancer.ca\/fr\/cancer-strategy\/strategic-priorities\/priority-5-info-supports\/?j=Saskatchewan&amp;a=action1#priority-tab-action\">Offrir de l\u2019information et du soutien aux personnes atteintes<\/a><\/li>\n<li><a href=\"https:\/\/www.partnershipagainstcancer.ca\/fr\/supplementary-data-saskatchewan\/\">Donn\u00e9es suppl\u00e9mentaires sur l\u2019ensemble des priorit\u00e9s<\/a><\/li>\n<\/ul>\n<h2>Manitoba<\/h2>\n<ul>\n<li>Priorit\u00e9 1 : <a href=\"https:\/\/www.partnershipagainstcancer.ca\/fr\/cancer-strategy\/strategic-priorities\/priority-1-decrease-risk\/?j=Manitoba&amp;a=action1#priority-tab-action\">R\u00e9duire le risque de cancer dans la population<\/a><\/li>\n<li>Priorit\u00e9 2 : <a href=\"https:\/\/www.partnershipagainstcancer.ca\/fr\/cancer-strategy\/strategic-priorities\/priority-2-diagnose\/?j=Manitoba&amp;a=action1#priority-tab-action\">Diagnostiquer le cancer plus rapidement, avec exactitude et \u00e0 un stade plus pr\u00e9coce<\/a><\/li>\n<li>Priorit\u00e9 3 : <a href=\"https:\/\/www.partnershipagainstcancer.ca\/fr\/cancer-strategy\/strategic-priorities\/priority-3-quality-care\/?j=Manitoba&amp;a=action1#priority-tab-action\">Offrir des soins de grande qualit\u00e9 dans le cadre d\u2019un syst\u00e8me durable et de calibre mondial<\/a><\/li>\n<li>Priorit\u00e9 4 : <a href=\"https:\/\/www.partnershipagainstcancer.ca\/fr\/cancer-strategy\/strategic-priorities\/priority-4-eliminate-barriers\/?j=Manitoba&amp;a=action1#priority-tab-action\">\u00c9liminer les obstacles qui emp\u00eachent les gens d\u2019obtenir les soins dont ils ont besoin<\/a><\/li>\n<li>Priorit\u00e9 5 : <a href=\"https:\/\/www.partnershipagainstcancer.ca\/fr\/cancer-strategy\/strategic-priorities\/priority-5-info-supports\/?j=Manitoba&amp;a=action1#priority-tab-action\">Offrir de l\u2019information et du soutien aux personnes atteintes<\/a><\/li>\n<li><a href=\"https:\/\/www.partnershipagainstcancer.ca\/fr\/supplementary-data-manitoba\/\">Donn\u00e9es suppl\u00e9mentaires sur l\u2019ensemble des priorit\u00e9s<\/a><\/li>\n<\/ul>\n<h2>Ontario<\/h2>\n<ul>\n<li>Priorit\u00e9 1 : <a href=\"https:\/\/www.partnershipagainstcancer.ca\/fr\/cancer-strategy\/strategic-priorities\/priority-1-decrease-risk\/?j=Ontario&amp;a=action1#priority-tab-action\">R\u00e9duire le risque de cancer dans la population<\/a><\/li>\n<li>Priorit\u00e9 2 : <a href=\"https:\/\/www.partnershipagainstcancer.ca\/fr\/cancer-strategy\/strategic-priorities\/priority-2-diagnose\/?j=Ontario&amp;a=action1#priority-tab-action\">Diagnostiquer le cancer plus rapidement, avec exactitude et \u00e0 un stade plus pr\u00e9coce<\/a><\/li>\n<li>Priorit\u00e9 3 : <a href=\"https:\/\/www.partnershipagainstcancer.ca\/fr\/cancer-strategy\/strategic-priorities\/priority-3-quality-care\/?j=Ontario&amp;a=action1#priority-tab-action\">Offrir des soins de grande qualit\u00e9 dans le cadre d\u2019un syst\u00e8me durable et de calibre mondial<\/a><\/li>\n<li>Priorit\u00e9 4 : <a href=\"https:\/\/www.partnershipagainstcancer.ca\/fr\/cancer-strategy\/strategic-priorities\/priority-4-eliminate-barriers\/?j=Ontario&amp;a=action2#priority-tab-action\">\u00c9liminer les obstacles qui emp\u00eachent les gens d\u2019obtenir les soins dont ils ont besoin<\/a><\/li>\n<li>Priorit\u00e9 5 : <a href=\"https:\/\/www.partnershipagainstcancer.ca\/fr\/cancer-strategy\/strategic-priorities\/priority-5-info-supports\/?j=Ontario&amp;a=action1#priority-tab-action\">Offrir de l\u2019information et du soutien aux personnes atteintes de cancer, aux familles et aux aidants<\/a><\/li>\n<li><a href=\"https:\/\/www.partnershipagainstcancer.ca\/fr\/supplementary-data-ontario\/\">Donn\u00e9es suppl\u00e9mentaires sur l\u2019ensemble des priorit\u00e9s<\/a><\/li>\n<\/ul>\n<h2>Nouveau-Brunswick<\/h2>\n<ul>\n<li>Priorit\u00e9 1 : <a href=\"https:\/\/www.partnershipagainstcancer.ca\/fr\/cancer-strategy\/strategic-priorities\/priority-1-decrease-risk\/?j=Nouveau-Brunswick&amp;a=action1#priority-tab-action\">R\u00e9duire le risque de cancer dans la population<\/a><\/li>\n<li>Priorit\u00e9 2 : <a href=\"https:\/\/www.partnershipagainstcancer.ca\/fr\/cancer-strategy\/strategic-priorities\/priority-2-diagnose\/?j=Nouveau-Brunswick&amp;a=action1#priority-tab-action\">Diagnostiquer le cancer plus rapidement, avec exactitude et \u00e0 un stade plus pr\u00e9coce<\/a><\/li>\n<li>Priorit\u00e9 3 : <a href=\"https:\/\/www.partnershipagainstcancer.ca\/fr\/cancer-strategy\/strategic-priorities\/priority-3-quality-care\/?j=Nouveau-Brunswick&amp;a=action1#priority-tab-action\">Offrir des soins de grande qualit\u00e9 dans le cadre d\u2019un syst\u00e8me durable et de calibre mondial<\/a><\/li>\n<li>Priorit\u00e9 4 : <a href=\"https:\/\/www.partnershipagainstcancer.ca\/fr\/cancer-strategy\/strategic-priorities\/priority-4-eliminate-barriers\/?j=Nouveau-Brunswick&amp;a=action1#priority-tab-action\">\u00c9liminer les obstacles qui emp\u00eachent les gens d\u2019obtenir les soins dont ils ont besoin<\/a><\/li>\n<li>Priorit\u00e9 5 : <a href=\"https:\/\/www.partnershipagainstcancer.ca\/fr\/cancer-strategy\/strategic-priorities\/priority-5-info-supports\/?j=Nouveau-Brunswick&amp;a=action2#priority-tab-action\">Offrir de l\u2019information et du soutien aux personnes atteintes<\/a><\/li>\n<li><a href=\"https:\/\/www.partnershipagainstcancer.ca\/fr\/supplementary-data-new-brunswick\/\">Donn\u00e9es suppl\u00e9mentaires sur l\u2019ensemble des priorit\u00e9s<\/a><\/li>\n<\/ul>\n<h2>Nouvelle-\u00c9cosse<\/h2>\n<ul>\n<li>Priorit\u00e9 1 : <a href=\"https:\/\/www.partnershipagainstcancer.ca\/fr\/cancer-strategy\/strategic-priorities\/priority-1-decrease-risk\/?j=Nouvelle-%C3%89cosse&amp;a=action1#priority-tab-action\">R\u00e9duire le risque de cancer dans la population<\/a><\/li>\n<li>Priorit\u00e9 2 : <a href=\"https:\/\/www.partnershipagainstcancer.ca\/fr\/cancer-strategy\/strategic-priorities\/priority-2-diagnose\/?j=Nouvelle-%C3%89cosse&amp;a=action1#priority-tab-action\">Diagnostiquer le cancer plus rapidement, avec exactitude et \u00e0 un stade plus pr\u00e9coce<\/a><\/li>\n<li>Priorit\u00e9 3 : <a href=\"https:\/\/www.partnershipagainstcancer.ca\/fr\/cancer-strategy\/strategic-priorities\/priority-3-quality-care\/?j=Nouvelle-%C3%89cosse&amp;a=action1#priority-tab-action\">Offrir des soins de grande qualit\u00e9 dans le cadre d\u2019un syst\u00e8me durable et de calibre mondial<\/a><\/li>\n<li>Priorit\u00e9 4 : <a href=\"https:\/\/www.partnershipagainstcancer.ca\/fr\/cancer-strategy\/strategic-priorities\/priority-4-eliminate-barriers\/?j=Nouvelle-%C3%89cosse&amp;a=action1#priority-tab-action\">\u00c9liminer les obstacles qui emp\u00eachent les gens d\u2019obtenir les soins dont ils ont besoin<\/a><\/li>\n<li>Priorit\u00e9 5 : <a href=\"https:\/\/www.partnershipagainstcancer.ca\/fr\/cancer-strategy\/strategic-priorities\/priority-5-info-supports\/?j=Nouvelle-%C3%89cosse&amp;a=action1#priority-tab-action\">Offrir de l\u2019information et du soutien aux personnes atteintes<\/a><\/li>\n<li><a href=\"https:\/\/www.partnershipagainstcancer.ca\/fr\/supplementary-data-nova-scotia\/\">Donn\u00e9es suppl\u00e9mentaires sur l\u2019ensemble des priorit\u00e9s<\/a><\/li>\n<\/ul>\n<h2>\u00cele-du-Prince-\u00c9douard<\/h2>\n<ul>\n<li>Priorit\u00e9 1 : <a href=\"https:\/\/www.partnershipagainstcancer.ca\/fr\/cancer-strategy\/strategic-priorities\/priority-1-decrease-risk\/?j=\u00cele-du-Prince-\u00c9douard&amp;a=action1#priority-tab-action\">R\u00e9duire le risque de cancer dans la population<\/a><\/li>\n<li>Priorit\u00e9 2 : <a href=\"https:\/\/www.partnershipagainstcancer.ca\/fr\/cancer-strategy\/strategic-priorities\/priority-2-diagnose\/?j=\u00cele-du-Prince-\u00c9douard&amp;a=action1#priority-tab-action\">Diagnostiquer le cancer plus rapidement, avec exactitude et \u00e0 un stade plus pr\u00e9coce<\/a><\/li>\n<li>Priorit\u00e9 3 : <a href=\"https:\/\/www.partnershipagainstcancer.ca\/fr\/cancer-strategy\/strategic-priorities\/priority-3-quality-care\/?j=\u00cele-du-Prince-\u00c9douard&amp;a=action1#priority-tab-action\">Offrir des soins de grande qualit\u00e9 dans le cadre d\u2019un syst\u00e8me durable et de calibre mondial<\/a><\/li>\n<li>Priorit\u00e9 4 : <a href=\"https:\/\/www.partnershipagainstcancer.ca\/fr\/cancer-strategy\/strategic-priorities\/priority-4-eliminate-barriers\/?j=\u00cele-du-Prince-\u00c9douard&amp;a=action1#priority-tab-action\">\u00c9liminer les obstacles qui emp\u00eachent les gens d\u2019obtenir les soins dont ils ont besoin<\/a><\/li>\n<li>Priorit\u00e9 5 : <a href=\"https:\/\/www.partnershipagainstcancer.ca\/fr\/cancer-strategy\/strategic-priorities\/priority-5-info-supports\/?j=\u00cele-du-Prince-\u00c9douard&amp;a=action1#priority-tab-action\">Offrir de l\u2019information et du soutien aux personnes atteintes<\/a><\/li>\n<li><a href=\"https:\/\/www.partnershipagainstcancer.ca\/fr\/supplementary-data-prince-edward-island\/\">Donn\u00e9es suppl\u00e9mentaires sur l\u2019ensemble des priorit\u00e9s<\/a><\/li>\n<\/ul>\n<h2>Terre-Neuve-et-Labrador<\/h2>\n<ul>\n<li>Priorit\u00e9 1 : <a href=\"https:\/\/www.partnershipagainstcancer.ca\/fr\/cancer-strategy\/strategic-priorities\/priority-1-decrease-risk\/?j=Terre-Neuve-et-Labrador&#038;a=action1#priority-tab-action\">R\u00e9duire le risque de cancer dans la population<\/a><\/li>\n<li>Priorit\u00e9 2 : <a href=\"https:\/\/www.partnershipagainstcancer.ca\/fr\/cancer-strategy\/strategic-priorities\/priority-2-diagnose\/?j=Terre-Neuve-et-Labrador&#038;a=action1#priority-tab-action\">Diagnostiquer le cancer plus rapidement, avec exactitude et \u00e0 un stade plus pr\u00e9coce<\/a><\/li>\n<li>Priorit\u00e9 3 : <a href=\"https:\/\/www.partnershipagainstcancer.ca\/fr\/cancer-strategy\/strategic-priorities\/priority-3-quality-care\/?j=Terre-Neuve-et-Labrador&#038;a=action1#priority-tab-action\">Offrir des soins de grande qualit\u00e9 dans le cadre d\u2019un syst\u00e8me durable et de calibre mondial<\/a><\/li>\n<li>Priorit\u00e9 4 : <a href=\"https:\/\/www.partnershipagainstcancer.ca\/fr\/cancer-strategy\/strategic-priorities\/priority-4-eliminate-barriers\/?j=Terre-Neuve-et-Labrador&#038;a=action1#priority-tab-action\">\u00c9liminer les obstacles qui emp\u00eachent les gens d\u2019obtenir les soins dont ils ont besoin<\/a><\/li>\n<li>Priorit\u00e9 5 : <a href=\"https:\/\/www.partnershipagainstcancer.ca\/fr\/cancer-strategy\/strategic-priorities\/priority-5-info-supports\/?j=Terre-Neuve-et-Labrador&#038;a=action1#priority-tab-action\">Offrir de l\u2019information et du soutien aux personnes atteintes<\/a><\/li>\n<li><a href=\"https:\/\/www.partnershipagainstcancer.ca\/fr\/supplementary-data-newfoundland-labrador\/\">Donn\u00e9es suppl\u00e9mentaires sur l\u2019ensemble des priorit\u00e9s<\/a><\/li>\n<\/ul>\n","protected":false},"excerpt":{"rendered":"<p>Colombie-Britannique Priorit\u00e9 1 : R\u00e9duire le risque de cancer dans la population Priorit\u00e9 2 : Diagnostiquer le cancer plus rapidement, avec exactitude et \u00e0 un stade plus pr\u00e9coce Priorit\u00e9 3 : Offrir des soins de grande qualit\u00e9 dans le cadre d\u2019un syst\u00e8me durable et de calibre mondial Priorit\u00e9 4 : \u00c9liminer les obstacles qui emp\u00eachent [&hellip;]<\/p>\n","protected":false},"author":24,"featured_media":0,"parent":37057,"menu_order":0,"comment_status":"closed","ping_status":"closed","template":"content-1col.php","meta":{"_acf_changed":false,"_monsterinsights_skip_tracking":false,"_monsterinsights_sitenote_active":false,"_monsterinsights_sitenote_note":"","_monsterinsights_sitenote_category":0,"ep_exclude_from_search":false,"footnotes":""},"categories":[],"tags":[],"site-tools":[],"ppma_author":[1964],"class_list":["post-64861","page","type-page","status-publish","hentry"],"acf":[],"yoast_head":"<!-- This site is optimized with the Yoast SEO plugin v27.3 - https:\/\/yoast.com\/product\/yoast-seo-wordpress\/ -->\n<title>Canadian Partnership Against Cancer<\/title>\n<meta name=\"robots\" content=\"index, follow, max-snippet:-1, max-image-preview:large, max-video-preview:-1\" \/>\n<link rel=\"canonical\" href=\"https:\/\/www.partnershipagainstcancer.ca\/fr\/cancer-strategy\/how-is-my-province-or-territory-doing\/\" \/>\n<meta property=\"og:locale\" content=\"fr_FR\" \/>\n<meta property=\"og:type\" content=\"article\" \/>\n<meta property=\"og:title\" content=\"O\u00f9 en est ma province ou mon territoire? - Canadian Partnership Against Cancer\" \/>\n<meta property=\"og:description\" content=\"Colombie-Britannique Priorit\u00e9 1 : R\u00e9duire le risque de cancer dans la population Priorit\u00e9 2 : Diagnostiquer le cancer plus rapidement, avec exactitude et \u00e0 un stade plus pr\u00e9coce Priorit\u00e9 3 : Offrir des soins de grande qualit\u00e9 dans le cadre d\u2019un syst\u00e8me durable et de calibre mondial Priorit\u00e9 4 : \u00c9liminer les obstacles qui emp\u00eachent [&hellip;]\" \/>\n<meta property=\"og:url\" content=\"https:\/\/www.partnershipagainstcancer.ca\/fr\/cancer-strategy\/how-is-my-province-or-territory-doing\/\" \/>\n<meta property=\"og:site_name\" content=\"Canadian Partnership Against Cancer\" \/>\n<meta property=\"article:publisher\" content=\"https:\/\/www.facebook.com\/CanadianPartnershipAgainstCancer\/\" \/>\n<meta property=\"article:modified_time\" content=\"2024-03-04T19:42:06+00:00\" \/>\n<meta name=\"twitter:card\" content=\"summary_large_image\" \/>\n<meta name=\"twitter:site\" content=\"@cancerstratca\" \/>\n<meta name=\"twitter:label1\" content=\"Dur\u00e9e de lecture estim\u00e9e\" \/>\n\t<meta name=\"twitter:data1\" content=\"4 minutes\" \/>\n<script type=\"application\/ld+json\" class=\"yoast-schema-graph\">{\"@context\":\"https:\\\/\\\/schema.org\",\"@graph\":[{\"@type\":\"WebPage\",\"@id\":\"https:\\\/\\\/www.partnershipagainstcancer.ca\\\/fr\\\/cancer-strategy\\\/how-is-my-province-or-territory-doing\\\/\",\"url\":\"https:\\\/\\\/www.partnershipagainstcancer.ca\\\/fr\\\/cancer-strategy\\\/how-is-my-province-or-territory-doing\\\/\",\"name\":\"O\u00f9 en est ma province ou mon territoire? - Canadian Partnership Against Cancer\",\"isPartOf\":{\"@id\":\"https:\\\/\\\/dev.partnershipagainstcancer.ca\\\/#website\"},\"datePublished\":\"2023-10-03T14:13:08+00:00\",\"dateModified\":\"2024-03-04T19:42:06+00:00\",\"breadcrumb\":{\"@id\":\"https:\\\/\\\/www.partnershipagainstcancer.ca\\\/fr\\\/cancer-strategy\\\/how-is-my-province-or-territory-doing\\\/#breadcrumb\"},\"inLanguage\":\"fr-FR\",\"potentialAction\":[{\"@type\":\"ReadAction\",\"target\":[\"https:\\\/\\\/www.partnershipagainstcancer.ca\\\/fr\\\/cancer-strategy\\\/how-is-my-province-or-territory-doing\\\/\"]}]},{\"@type\":\"BreadcrumbList\",\"@id\":\"https:\\\/\\\/www.partnershipagainstcancer.ca\\\/fr\\\/cancer-strategy\\\/how-is-my-province-or-territory-doing\\\/#breadcrumb\",\"itemListElement\":[{\"@type\":\"ListItem\",\"position\":1,\"name\":\"Strat\u00e9gie sur le cancer\",\"item\":\"https:\\\/\\\/www.partnershipagainstcancer.ca\\\/fr\\\/cancer-strategy\\\/\"},{\"@type\":\"ListItem\",\"position\":2,\"name\":\"O\u00f9 en est ma province ou mon territoire?\"}]},{\"@type\":\"WebSite\",\"@id\":\"https:\\\/\\\/dev.partnershipagainstcancer.ca\\\/#website\",\"url\":\"https:\\\/\\\/dev.partnershipagainstcancer.ca\\\/\",\"name\":\"Canadian Partnership Against Cancer\",\"description\":\"\",\"potentialAction\":[{\"@type\":\"SearchAction\",\"target\":{\"@type\":\"EntryPoint\",\"urlTemplate\":\"https:\\\/\\\/dev.partnershipagainstcancer.ca\\\/?s={search_term_string}\"},\"query-input\":{\"@type\":\"PropertyValueSpecification\",\"valueRequired\":true,\"valueName\":\"search_term_string\"}}],\"inLanguage\":\"fr-FR\"}]}<\/script>\n<!-- \/ Yoast SEO plugin. -->","yoast_head_json":{"title":"Canadian Partnership Against Cancer","robots":{"index":"index","follow":"follow","max-snippet":"max-snippet:-1","max-image-preview":"max-image-preview:large","max-video-preview":"max-video-preview:-1"},"canonical":"https:\/\/www.partnershipagainstcancer.ca\/fr\/cancer-strategy\/how-is-my-province-or-territory-doing\/","og_locale":"fr_FR","og_type":"article","og_title":"O\u00f9 en est ma province ou mon territoire? - Canadian Partnership Against Cancer","og_description":"Colombie-Britannique Priorit\u00e9 1 : R\u00e9duire le risque de cancer dans la population Priorit\u00e9 2 : Diagnostiquer le cancer plus rapidement, avec exactitude et \u00e0 un stade plus pr\u00e9coce Priorit\u00e9 3 : Offrir des soins de grande qualit\u00e9 dans le cadre d\u2019un syst\u00e8me durable et de calibre mondial Priorit\u00e9 4 : \u00c9liminer les obstacles qui emp\u00eachent [&hellip;]","og_url":"https:\/\/www.partnershipagainstcancer.ca\/fr\/cancer-strategy\/how-is-my-province-or-territory-doing\/","og_site_name":"Canadian Partnership Against Cancer","article_publisher":"https:\/\/www.facebook.com\/CanadianPartnershipAgainstCancer\/","article_modified_time":"2024-03-04T19:42:06+00:00","twitter_card":"summary_large_image","twitter_site":"@cancerstratca","twitter_misc":{"Dur\u00e9e de lecture estim\u00e9e":"4 minutes"},"schema":{"@context":"https:\/\/schema.org","@graph":[{"@type":"WebPage","@id":"https:\/\/www.partnershipagainstcancer.ca\/fr\/cancer-strategy\/how-is-my-province-or-territory-doing\/","url":"https:\/\/www.partnershipagainstcancer.ca\/fr\/cancer-strategy\/how-is-my-province-or-territory-doing\/","name":"O\u00f9 en est ma province ou mon territoire? - Canadian Partnership Against Cancer","isPartOf":{"@id":"https:\/\/dev.partnershipagainstcancer.ca\/#website"},"datePublished":"2023-10-03T14:13:08+00:00","dateModified":"2024-03-04T19:42:06+00:00","breadcrumb":{"@id":"https:\/\/www.partnershipagainstcancer.ca\/fr\/cancer-strategy\/how-is-my-province-or-territory-doing\/#breadcrumb"},"inLanguage":"fr-FR","potentialAction":[{"@type":"ReadAction","target":["https:\/\/www.partnershipagainstcancer.ca\/fr\/cancer-strategy\/how-is-my-province-or-territory-doing\/"]}]},{"@type":"BreadcrumbList","@id":"https:\/\/www.partnershipagainstcancer.ca\/fr\/cancer-strategy\/how-is-my-province-or-territory-doing\/#breadcrumb","itemListElement":[{"@type":"ListItem","position":1,"name":"Strat\u00e9gie sur le cancer","item":"https:\/\/www.partnershipagainstcancer.ca\/fr\/cancer-strategy\/"},{"@type":"ListItem","position":2,"name":"O\u00f9 en est ma province ou mon territoire?"}]},{"@type":"WebSite","@id":"https:\/\/dev.partnershipagainstcancer.ca\/#website","url":"https:\/\/dev.partnershipagainstcancer.ca\/","name":"Canadian Partnership Against Cancer","description":"","potentialAction":[{"@type":"SearchAction","target":{"@type":"EntryPoint","urlTemplate":"https:\/\/dev.partnershipagainstcancer.ca\/?s={search_term_string}"},"query-input":{"@type":"PropertyValueSpecification","valueRequired":true,"valueName":"search_term_string"}}],"inLanguage":"fr-FR"}]}},"_links":{"self":[{"href":"https:\/\/www.partnershipagainstcancer.ca\/fr\/wp-json\/wp\/v2\/pages\/64861","targetHints":{"allow":["GET"]}}],"collection":[{"href":"https:\/\/www.partnershipagainstcancer.ca\/fr\/wp-json\/wp\/v2\/pages"}],"about":[{"href":"https:\/\/www.partnershipagainstcancer.ca\/fr\/wp-json\/wp\/v2\/types\/page"}],"author":[{"embeddable":true,"href":"https:\/\/www.partnershipagainstcancer.ca\/fr\/wp-json\/wp\/v2\/users\/24"}],"replies":[{"embeddable":true,"href":"https:\/\/www.partnershipagainstcancer.ca\/fr\/wp-json\/wp\/v2\/comments?post=64861"}],"version-history":[{"count":3,"href":"https:\/\/www.partnershipagainstcancer.ca\/fr\/wp-json\/wp\/v2\/pages\/64861\/revisions"}],"predecessor-version":[{"id":67343,"href":"https:\/\/www.partnershipagainstcancer.ca\/fr\/wp-json\/wp\/v2\/pages\/64861\/revisions\/67343"}],"up":[{"embeddable":true,"href":"https:\/\/www.partnershipagainstcancer.ca\/fr\/wp-json\/wp\/v2\/pages\/37057"}],"wp:attachment":[{"href":"https:\/\/www.partnershipagainstcancer.ca\/fr\/wp-json\/wp\/v2\/media?parent=64861"}],"wp:term":[{"taxonomy":"category","embeddable":true,"href":"https:\/\/www.partnershipagainstcancer.ca\/fr\/wp-json\/wp\/v2\/categories?post=64861"},{"taxonomy":"post_tag","embeddable":true,"href":"https:\/\/www.partnershipagainstcancer.ca\/fr\/wp-json\/wp\/v2\/tags?post=64861"},{"taxonomy":"site-tools","embeddable":true,"href":"https:\/\/www.partnershipagainstcancer.ca\/fr\/wp-json\/wp\/v2\/site-tools?post=64861"},{"taxonomy":"author","embeddable":true,"href":"https:\/\/www.partnershipagainstcancer.ca\/fr\/wp-json\/wp\/v2\/ppma_author?post=64861"}],"curies":[{"name":"wp","href":"https:\/\/api.w.org\/{rel}","templated":true}]}}