{"id":58912,"date":"2023-01-10T09:13:12","date_gmt":"2023-01-10T14:13:12","guid":{"rendered":"https:\/\/www.partnershipagainstcancer.ca\/?page_id=58912"},"modified":"2025-05-13T12:49:11","modified_gmt":"2025-05-13T17:49:11","slug":"road-to-recovery-impacts-mortality-text-descriptions-footnotes","status":"publish","type":"page","link":"https:\/\/www.partnershipagainstcancer.ca\/fr\/road-to-recovery-impacts-mortality-text-descriptions-footnotes\/","title":{"rendered":"Descriptions textuelles et tableaux de donn\u00e9es pour le rapport intitul\u00e9 <em>La voie du r\u00e9tablissement : le cancer \u00e0 l\u2019\u00e8re de la COVID-19<\/em>"},"content":{"rendered":"<h2>R\u00e9percussions sur la mortalit\u00e9 attribuable au cancer<\/h2>\n<h3>NOMBRE DE D\u00c9C\u00c8S PAR MOIS, CHEZ LES PERSONNES DONT LE D\u00c9C\u00c8S \u00c9TAIT ATTRIBUABLE \u00c0 LA FOIS \u00c0 LA COVID-19 ET AU CANCER, CANADA, 2020<\/h3>\n<table class=\"table table-bordered\">\n<thead>\n<tr class=\"active\">\n<th width=\"16%\">Mois<\/th>\n<th width=\"16%\">D\u00e9c\u00e8s<\/th>\n<\/tr>\n<\/thead>\n<tbody>\n<tr>\n<td width=\"209\"><strong>Mars<\/strong><\/td>\n<td width=\"127\">30<\/td>\n<\/tr>\n<tr>\n<td width=\"209\"><strong>Avril<\/strong><\/td>\n<td width=\"127\">360<\/td>\n<\/tr>\n<tr>\n<td width=\"209\"><strong>Mai<\/strong><\/td>\n<td width=\"127\">305<\/td>\n<\/tr>\n<tr>\n<td width=\"209\"><strong>Juin<\/strong><\/td>\n<td width=\"127\">80<\/td>\n<\/tr>\n<tr>\n<td width=\"209\"><strong>Julliet<\/strong><\/td>\n<td width=\"127\">35<\/td>\n<\/tr>\n<tr>\n<td width=\"209\"><strong>Ao\u00fbt<\/strong><\/td>\n<td width=\"127\">20<\/td>\n<\/tr>\n<tr>\n<td width=\"209\"><strong>Septembre<\/strong><\/td>\n<td width=\"127\">25<\/td>\n<\/tr>\n<tr>\n<td width=\"209\"><strong>Octobre<\/strong><\/td>\n<td width=\"127\">95<\/td>\n<\/tr>\n<tr>\n<td width=\"209\"><strong>Novembre<\/strong><\/td>\n<td width=\"127\">175<\/td>\n<\/tr>\n<tr>\n<td width=\"209\"><strong>D\u00e9cembre<\/strong><\/td>\n<td width=\"127\">300<\/td>\n<\/tr>\n<\/tbody>\n<\/table>\n<h6>Remarque : La base de donn\u00e9es ne comprend pas les actes de d\u00e9c\u00e8s enregistr\u00e9s en 2020 au Yukon.<br \/>\nSource : Statistique Canada, Base canadienne de donn\u00e9es de l\u2019\u00e9tat civil<\/h6>\n<h3>D\u00c9C\u00c8S ATTRIBUABLES \u00c0 LA FOIS \u00c0 LA COVID-19 ET AU CANCER, PAR TYPE DE CANCER ET PAR SEXE, CANADA, 2020<\/h3>\n<table class=\"table table-bordered\">\n<thead>\n<tr class=\"active\">\n<td width=\"16%\"><\/td>\n<th width=\"16%\">Poumon<\/th>\n<th width=\"16%\">Sang<\/th>\n<th width=\"16%\">Prostate<\/th>\n<th width=\"16%\">Colorectal<\/th>\n<th width=\"16%\">Sein<\/th>\n<\/tr>\n<\/thead>\n<tbody>\n<tr>\n<td width=\"209\"><strong>Hommes<\/strong><\/td>\n<td width=\"127\">10,6<\/td>\n<td width=\"127\">9,8<\/td>\n<td width=\"127\">12,1<\/td>\n<td width=\"127\">5,6<\/td>\n<td width=\"127\"><\/td>\n<\/tr>\n<tr>\n<td width=\"209\"><strong>Femmes<\/strong><\/td>\n<td width=\"127\">9,6<\/td>\n<td width=\"127\">7,7<\/td>\n<td width=\"127\">0<\/td>\n<td width=\"127\">5,6<\/td>\n<td width=\"127\">10,8<\/td>\n<\/tr>\n<\/tbody>\n<\/table>\n<h6>Remarque : La base de donn\u00e9es ne comprend pas les actes de d\u00e9c\u00e8s enregistr\u00e9s en 2020 au Yukon.<br \/>\nSource : Statistique Canada, Base canadienne de donn\u00e9es de l\u2019\u00e9tat civil<\/h6>\n<h3>\u00c2GE M\u00c9DIAN POUR LES D\u00c9C\u00c8S SIGNAL\u00c9S COMME \u00c9TANT ATTRIBUABLES \u00c0 LA FOIS AU CANCER ET \u00c0 LA COVID-19<\/h3>\n<table class=\"table table-bordered\">\n<thead>\n<tr class=\"active\">\n<td width=\"16%\"><\/td>\n<th width=\"16%\">Poumon<\/th>\n<th width=\"16%\">Sang<\/th>\n<th width=\"16%\">Prostate<\/th>\n<th width=\"16%\">Colorectal<\/th>\n<th width=\"16%\">Sein<\/th>\n<\/tr>\n<\/thead>\n<tbody>\n<tr>\n<td width=\"209\"><strong>Hommes<\/strong><\/td>\n<td width=\"127\">76 ans<\/td>\n<td width=\"127\">78 ans<\/td>\n<td width=\"127\">87 ans<\/td>\n<td width=\"127\">84 ans<\/td>\n<td width=\"127\"><\/td>\n<\/tr>\n<tr>\n<td width=\"209\"><strong>Femmes<\/strong><\/td>\n<td width=\"127\">76 ans<\/td>\n<td width=\"127\">84 ans<\/td>\n<td width=\"127\"><\/td>\n<td width=\"127\">86 ans<\/td>\n<td width=\"127\">84 ans<\/td>\n<\/tr>\n<\/tbody>\n<\/table>\n<h6>Remarque : La base de donn\u00e9es ne comprend pas les actes de d\u00e9c\u00e8s enregistr\u00e9s en 2020 au Yukon.<br \/>\nSource : Statistique Canada, Base canadienne de donn\u00e9es de l\u2019\u00e9tat civil<\/h6>\n<h3>AUTRES AFFECTIONS INDIQU\u00c9ES COMME CAUSE DE D\u00c9C\u00c8S CHEZ LES PERSONNES D\u00c9C\u00c9D\u00c9ES \u00c0 LA FOIS D\u2019UN CANCER ET DE LA COVID-19, EN POURCENTAGE DE CES D\u00c9C\u00c8S, CANADA, 2020<\/h3>\n<table class=\"table table-bordered\">\n<thead>\n<tr class=\"active\">\n<th width=\"16%\">Autres causes de d\u00e9c\u00e8s<\/th>\n<th width=\"16%\">Pourcentage de cas<\/th>\n<\/tr>\n<\/thead>\n<tbody>\n<tr>\n<td width=\"209\"><strong>Grippe et pneumonie<\/strong><\/td>\n<td width=\"127\">31,5<\/td>\n<\/tr>\n<tr>\n<td width=\"209\"><strong>D\u00e9mence (y compris la maladie d&rsquo;Alzheimer)<\/strong><\/td>\n<td width=\"127\">26,0<\/td>\n<\/tr>\n<tr>\n<td width=\"209\"><strong>Cardiopathie<\/strong><\/td>\n<td width=\"127\">25,0<\/td>\n<\/tr>\n<tr>\n<td width=\"209\"><strong>Hypertension essentielle<\/strong><\/td>\n<td width=\"127\">15,4<\/td>\n<\/tr>\n<tr>\n<td width=\"209\"><strong>Maladie chronique des voies respiratoires inf\u00e9rieures<\/strong><\/td>\n<td width=\"127\">12,0<\/td>\n<\/tr>\n<tr>\n<td width=\"209\"><strong>Diab\u00e8te surc\u00e9<\/strong><\/td>\n<td width=\"127\">11,2<\/td>\n<\/tr>\n<tr>\n<td width=\"209\"><strong>Maladie c\u00e9r\u00e9brovasculaire<\/strong><\/td>\n<td width=\"127\">6,2<\/td>\n<\/tr>\n<\/tbody>\n<\/table>\n<h6>Remarque : La base de donn\u00e9es ne comprend pas les actes de d\u00e9c\u00e8s enregistr\u00e9s en 2020 au Yukon.<br \/>\nSource : Statistique Canada, Base canadienne de donn\u00e9es de l\u2019\u00e9tat civil<\/h6>\n","protected":false},"excerpt":{"rendered":"<p>R\u00e9percussions sur la mortalit\u00e9 attribuable au cancer NOMBRE DE D\u00c9C\u00c8S PAR MOIS, CHEZ LES PERSONNES DONT LE D\u00c9C\u00c8S \u00c9TAIT ATTRIBUABLE \u00c0 LA FOIS \u00c0 LA COVID-19 ET AU CANCER, CANADA, 2020 Mois D\u00e9c\u00e8s Mars 30 Avril 360 Mai 305 Juin 80 Julliet 35 Ao\u00fbt 20 Septembre 25 Octobre 95 Novembre 175 D\u00e9cembre 300 Remarque : [&hellip;]<\/p>\n","protected":false},"author":24,"featured_media":0,"parent":0,"menu_order":0,"comment_status":"closed","ping_status":"closed","template":"content-1col.php","meta":{"_acf_changed":false,"_monsterinsights_skip_tracking":false,"_monsterinsights_sitenote_active":false,"_monsterinsights_sitenote_note":"","_monsterinsights_sitenote_category":0,"ep_exclude_from_search":false,"footnotes":""},"categories":[],"tags":[],"site-tools":[],"ppma_author":[1964],"class_list":["post-58912","page","type-page","status-publish","hentry"],"acf":[],"yoast_head":"<!-- This site is optimized with the Yoast SEO plugin v27.3 - https:\/\/yoast.com\/product\/yoast-seo-wordpress\/ -->\n<title>Canadian Partnership Against Cancer<\/title>\n<meta name=\"robots\" content=\"index, follow, max-snippet:-1, max-image-preview:large, max-video-preview:-1\" \/>\n<link rel=\"canonical\" href=\"https:\/\/www.partnershipagainstcancer.ca\/fr\/road-to-recovery-impacts-mortality-text-descriptions-footnotes\/\" \/>\n<meta property=\"og:locale\" content=\"fr_FR\" \/>\n<meta property=\"og:type\" content=\"article\" \/>\n<meta property=\"og:title\" content=\"Descriptions textuelles et tableaux de donn\u00e9es pour le rapport intitul\u00e9 La voie du r\u00e9tablissement : le cancer \u00e0 l\u2019\u00e8re de la COVID-19 - Canadian Partnership Against Cancer\" \/>\n<meta property=\"og:description\" content=\"R\u00e9percussions sur la mortalit\u00e9 attribuable au cancer NOMBRE DE D\u00c9C\u00c8S PAR MOIS, CHEZ LES PERSONNES DONT LE D\u00c9C\u00c8S \u00c9TAIT ATTRIBUABLE \u00c0 LA FOIS \u00c0 LA COVID-19 ET AU CANCER, CANADA, 2020 Mois D\u00e9c\u00e8s Mars 30 Avril 360 Mai 305 Juin 80 Julliet 35 Ao\u00fbt 20 Septembre 25 Octobre 95 Novembre 175 D\u00e9cembre 300 Remarque : [&hellip;]\" \/>\n<meta property=\"og:url\" content=\"https:\/\/www.partnershipagainstcancer.ca\/fr\/road-to-recovery-impacts-mortality-text-descriptions-footnotes\/\" \/>\n<meta property=\"og:site_name\" content=\"Canadian Partnership Against Cancer\" \/>\n<meta property=\"article:publisher\" content=\"https:\/\/www.facebook.com\/CanadianPartnershipAgainstCancer\/\" \/>\n<meta property=\"article:modified_time\" content=\"2025-05-13T17:49:11+00:00\" \/>\n<meta name=\"twitter:card\" content=\"summary_large_image\" \/>\n<meta name=\"twitter:site\" content=\"@cancerstratca\" \/>\n<meta name=\"twitter:label1\" content=\"Dur\u00e9e de lecture estim\u00e9e\" \/>\n\t<meta name=\"twitter:data1\" content=\"2 minutes\" \/>\n<script type=\"application\/ld+json\" class=\"yoast-schema-graph\">{\"@context\":\"https:\\\/\\\/schema.org\",\"@graph\":[{\"@type\":\"WebPage\",\"@id\":\"https:\\\/\\\/www.partnershipagainstcancer.ca\\\/fr\\\/road-to-recovery-impacts-mortality-text-descriptions-footnotes\\\/\",\"url\":\"https:\\\/\\\/www.partnershipagainstcancer.ca\\\/fr\\\/road-to-recovery-impacts-mortality-text-descriptions-footnotes\\\/\",\"name\":\"Descriptions textuelles et tableaux de donn\u00e9es pour le rapport intitul\u00e9 La voie du r\u00e9tablissement : le cancer \u00e0 l\u2019\u00e8re de la COVID-19 - Canadian Partnership Against Cancer\",\"isPartOf\":{\"@id\":\"https:\\\/\\\/dev.partnershipagainstcancer.ca\\\/#website\"},\"datePublished\":\"2023-01-10T14:13:12+00:00\",\"dateModified\":\"2025-05-13T17:49:11+00:00\",\"inLanguage\":\"fr-FR\",\"potentialAction\":[{\"@type\":\"ReadAction\",\"target\":[\"https:\\\/\\\/www.partnershipagainstcancer.ca\\\/fr\\\/road-to-recovery-impacts-mortality-text-descriptions-footnotes\\\/\"]}]},{\"@type\":\"WebSite\",\"@id\":\"https:\\\/\\\/dev.partnershipagainstcancer.ca\\\/#website\",\"url\":\"https:\\\/\\\/dev.partnershipagainstcancer.ca\\\/\",\"name\":\"Canadian Partnership Against Cancer\",\"description\":\"\",\"potentialAction\":[{\"@type\":\"SearchAction\",\"target\":{\"@type\":\"EntryPoint\",\"urlTemplate\":\"https:\\\/\\\/dev.partnershipagainstcancer.ca\\\/?s={search_term_string}\"},\"query-input\":{\"@type\":\"PropertyValueSpecification\",\"valueRequired\":true,\"valueName\":\"search_term_string\"}}],\"inLanguage\":\"fr-FR\"}]}<\/script>\n<!-- \/ Yoast SEO plugin. -->","yoast_head_json":{"title":"Canadian Partnership Against Cancer","robots":{"index":"index","follow":"follow","max-snippet":"max-snippet:-1","max-image-preview":"max-image-preview:large","max-video-preview":"max-video-preview:-1"},"canonical":"https:\/\/www.partnershipagainstcancer.ca\/fr\/road-to-recovery-impacts-mortality-text-descriptions-footnotes\/","og_locale":"fr_FR","og_type":"article","og_title":"Descriptions textuelles et tableaux de donn\u00e9es pour le rapport intitul\u00e9 La voie du r\u00e9tablissement : le cancer \u00e0 l\u2019\u00e8re de la COVID-19 - Canadian Partnership Against Cancer","og_description":"R\u00e9percussions sur la mortalit\u00e9 attribuable au cancer NOMBRE DE D\u00c9C\u00c8S PAR MOIS, CHEZ LES PERSONNES DONT LE D\u00c9C\u00c8S \u00c9TAIT ATTRIBUABLE \u00c0 LA FOIS \u00c0 LA COVID-19 ET AU CANCER, CANADA, 2020 Mois D\u00e9c\u00e8s Mars 30 Avril 360 Mai 305 Juin 80 Julliet 35 Ao\u00fbt 20 Septembre 25 Octobre 95 Novembre 175 D\u00e9cembre 300 Remarque : [&hellip;]","og_url":"https:\/\/www.partnershipagainstcancer.ca\/fr\/road-to-recovery-impacts-mortality-text-descriptions-footnotes\/","og_site_name":"Canadian Partnership Against Cancer","article_publisher":"https:\/\/www.facebook.com\/CanadianPartnershipAgainstCancer\/","article_modified_time":"2025-05-13T17:49:11+00:00","twitter_card":"summary_large_image","twitter_site":"@cancerstratca","twitter_misc":{"Dur\u00e9e de lecture estim\u00e9e":"2 minutes"},"schema":{"@context":"https:\/\/schema.org","@graph":[{"@type":"WebPage","@id":"https:\/\/www.partnershipagainstcancer.ca\/fr\/road-to-recovery-impacts-mortality-text-descriptions-footnotes\/","url":"https:\/\/www.partnershipagainstcancer.ca\/fr\/road-to-recovery-impacts-mortality-text-descriptions-footnotes\/","name":"Descriptions textuelles et tableaux de donn\u00e9es pour le rapport intitul\u00e9 La voie du r\u00e9tablissement : le cancer \u00e0 l\u2019\u00e8re de la COVID-19 - Canadian Partnership Against Cancer","isPartOf":{"@id":"https:\/\/dev.partnershipagainstcancer.ca\/#website"},"datePublished":"2023-01-10T14:13:12+00:00","dateModified":"2025-05-13T17:49:11+00:00","inLanguage":"fr-FR","potentialAction":[{"@type":"ReadAction","target":["https:\/\/www.partnershipagainstcancer.ca\/fr\/road-to-recovery-impacts-mortality-text-descriptions-footnotes\/"]}]},{"@type":"WebSite","@id":"https:\/\/dev.partnershipagainstcancer.ca\/#website","url":"https:\/\/dev.partnershipagainstcancer.ca\/","name":"Canadian Partnership Against Cancer","description":"","potentialAction":[{"@type":"SearchAction","target":{"@type":"EntryPoint","urlTemplate":"https:\/\/dev.partnershipagainstcancer.ca\/?s={search_term_string}"},"query-input":{"@type":"PropertyValueSpecification","valueRequired":true,"valueName":"search_term_string"}}],"inLanguage":"fr-FR"}]}},"_links":{"self":[{"href":"https:\/\/www.partnershipagainstcancer.ca\/fr\/wp-json\/wp\/v2\/pages\/58912","targetHints":{"allow":["GET"]}}],"collection":[{"href":"https:\/\/www.partnershipagainstcancer.ca\/fr\/wp-json\/wp\/v2\/pages"}],"about":[{"href":"https:\/\/www.partnershipagainstcancer.ca\/fr\/wp-json\/wp\/v2\/types\/page"}],"author":[{"embeddable":true,"href":"https:\/\/www.partnershipagainstcancer.ca\/fr\/wp-json\/wp\/v2\/users\/24"}],"replies":[{"embeddable":true,"href":"https:\/\/www.partnershipagainstcancer.ca\/fr\/wp-json\/wp\/v2\/comments?post=58912"}],"version-history":[{"count":5,"href":"https:\/\/www.partnershipagainstcancer.ca\/fr\/wp-json\/wp\/v2\/pages\/58912\/revisions"}],"predecessor-version":[{"id":72201,"href":"https:\/\/www.partnershipagainstcancer.ca\/fr\/wp-json\/wp\/v2\/pages\/58912\/revisions\/72201"}],"wp:attachment":[{"href":"https:\/\/www.partnershipagainstcancer.ca\/fr\/wp-json\/wp\/v2\/media?parent=58912"}],"wp:term":[{"taxonomy":"category","embeddable":true,"href":"https:\/\/www.partnershipagainstcancer.ca\/fr\/wp-json\/wp\/v2\/categories?post=58912"},{"taxonomy":"post_tag","embeddable":true,"href":"https:\/\/www.partnershipagainstcancer.ca\/fr\/wp-json\/wp\/v2\/tags?post=58912"},{"taxonomy":"site-tools","embeddable":true,"href":"https:\/\/www.partnershipagainstcancer.ca\/fr\/wp-json\/wp\/v2\/site-tools?post=58912"},{"taxonomy":"author","embeddable":true,"href":"https:\/\/www.partnershipagainstcancer.ca\/fr\/wp-json\/wp\/v2\/ppma_author?post=58912"}],"curies":[{"name":"wp","href":"https:\/\/api.w.org\/{rel}","templated":true}]}}