{"id":58590,"date":"2022-10-13T09:07:08","date_gmt":"2022-10-13T14:07:08","guid":{"rendered":"https:\/\/www.partnershipagainstcancer.ca\/?page_id=58590"},"modified":"2023-06-20T08:46:06","modified_gmt":"2023-06-20T13:46:06","slug":"canadianglobalcancernetwork","status":"publish","type":"page","link":"https:\/\/www.partnershipagainstcancer.ca\/fr\/canadianglobalcancernetwork\/","title":{"rendered":""},"content":{"rendered":"<p><a name=\"Home\"><\/a><br \/>\n<img loading=\"lazy\" decoding=\"async\" class=\"alignnone wp-image-58594 size-full\" src=\"https:\/\/www.partnershipagainstcancer.ca\/wp-content\/uploads\/2022\/11\/FR-CGCN-scaled-e1669151125662.jpg\" alt=\"R\u00e9seau canadien de lutte mondiale contre le cancer\" width=\"2553\" height=\"908\" srcset=\"https:\/\/www.partnershipagainstcancer.ca\/wp-content\/uploads\/2022\/11\/FR-CGCN-scaled-e1669151125662.jpg 2553w, https:\/\/www.partnershipagainstcancer.ca\/wp-content\/uploads\/2022\/11\/FR-CGCN-scaled-e1669151125662-300x107.jpg 300w, https:\/\/www.partnershipagainstcancer.ca\/wp-content\/uploads\/2022\/11\/FR-CGCN-scaled-e1669151125662-1024x364.jpg 1024w, https:\/\/www.partnershipagainstcancer.ca\/wp-content\/uploads\/2022\/11\/FR-CGCN-scaled-e1669151125662-768x273.jpg 768w, https:\/\/www.partnershipagainstcancer.ca\/wp-content\/uploads\/2022\/11\/FR-CGCN-scaled-e1669151125662-1536x546.jpg 1536w, https:\/\/www.partnershipagainstcancer.ca\/wp-content\/uploads\/2022\/11\/FR-CGCN-scaled-e1669151125662-2048x728.jpg 2048w\" sizes=\"auto, (max-width: 2553px) 100vw, 2553px\" \/><\/p>\n<p><a href=\"#About the network\">\u00c0 propos du r\u00e9seau<\/a><br \/>\n<a href=\"#Membership\">Membres des organisations<\/a><br \/>\n<a href=\"#Canadian Global Oncology Workshops\">Ateliers<\/a><br \/>\n<a name=\"About the network\"><\/a><br \/>\n<a href=\"https:\/\/www.partnershipagainstcancer.ca\/fr\/cancer-strategy\/\"><img loading=\"lazy\" decoding=\"async\" class=\"alignnone wp-image-57929\" src=\"https:\/\/www.partnershipagainstcancer.ca\/wp-content\/uploads\/2022\/10\/PRT-image.png\" alt=\"Child being helped across a field\" width=\"117\" height=\"102\" srcset=\"https:\/\/www.partnershipagainstcancer.ca\/wp-content\/uploads\/2022\/10\/PRT-image.png 534w, https:\/\/www.partnershipagainstcancer.ca\/wp-content\/uploads\/2022\/10\/PRT-image-300x260.png 300w\" sizes=\"auto, (max-width: 117px) 100vw, 117px\" \/><\/a><\/p>\n<h2><strong>\u00c0 propos du r\u00e9seau <\/strong><\/h2>\n<p>L\u2019\u00e9quit\u00e9 en sant\u00e9 est un pilier cl\u00e9 du syst\u00e8me de sant\u00e9 canadien et l\u2019un des fondements de la <a href=\"https:\/\/www.partnershipagainstcancer.ca\/fr\/cancer-strategy\/\"><em>Strat\u00e9gie canadienne de la lutte contre le cancer<\/em><\/a>, qui souligne l\u2019importance des partenariats internationaux pour faire progresser la lutte contre le cancer, tant au Canada qu\u2019\u00e0 l\u2019\u00e9tranger. Des organisations et des \u00e9tablissements \u00e0 travers le Canada se consacrent \u00e0 la lutte mondiale contre le cancer en mati\u00e8re d\u2019acc\u00e8s et de disparit\u00e9s. Cependant, la sensibilisation et la compr\u00e9hension de la port\u00e9e et de l\u2019\u00e9tendue de ces activit\u00e9s \u00e0 travers le pays ont, \u00e0 ce jour, \u00e9t\u00e9 limit\u00e9es.<\/p>\n<p>La cr\u00e9ation du R\u00e9seau canadien de lutte mondiale contre le cancer est la premi\u00e8re \u00e9tape pour \u00e9laborer une approche nationale collaborative de la lutte mondiale contre le cancer, pour apprendre les uns des autres et pour maximiser les retomb\u00e9es de nos efforts collectifs.<\/p>\n<h4>R\u00e9seau canadien de lutte mondiale contre le cancer strat\u00e9gie<\/h4>\n<p><em><strong>Vision<\/strong><\/em><\/p>\n<p>Am\u00e9liorer l\u2019\u00e9quit\u00e9 et r\u00e9duire les disparit\u00e9s dans la lutte contre le cancer \u00e0 l\u2019\u00e9chelle mondiale gr\u00e2ce \u00e0 une collaboration pancanadienne.<\/p>\n<p><em><strong>Mission<\/strong><\/em><\/p>\n<p>\u00c9laborer une approche pancanadienne de la lutte mondiale contre le cancer qui facilite les partenariats efficaces et \u00e9thiques, renforce les capacit\u00e9s des syst\u00e8mes de lutte contre le cancer et positionne le cancer dans le programme canadien de sant\u00e9 mondiale.<\/p>\n<p><img loading=\"lazy\" decoding=\"async\" class=\"alignnone wp-image-58598 size-full\" src=\"https:\/\/www.partnershipagainstcancer.ca\/wp-content\/uploads\/2022\/11\/FR-Business-Marketing-Strategy-Tips-Graph-e1669151271273.jpg\" alt=\"\" width=\"1024\" height=\"640\" srcset=\"https:\/\/www.partnershipagainstcancer.ca\/wp-content\/uploads\/2022\/11\/FR-Business-Marketing-Strategy-Tips-Graph-e1669151271273.jpg 1024w, https:\/\/www.partnershipagainstcancer.ca\/wp-content\/uploads\/2022\/11\/FR-Business-Marketing-Strategy-Tips-Graph-e1669151271273-300x188.jpg 300w, https:\/\/www.partnershipagainstcancer.ca\/wp-content\/uploads\/2022\/11\/FR-Business-Marketing-Strategy-Tips-Graph-e1669151271273-768x480.jpg 768w\" sizes=\"auto, (max-width: 1024px) 100vw, 1024px\" \/><img loading=\"lazy\" decoding=\"async\" class=\"alignnone size-full wp-image-58721\" src=\"https:\/\/www.partnershipagainstcancer.ca\/wp-content\/uploads\/2022\/11\/FR-Business-Marketing-Strategy-Tips-Graph-Poster-Portrait-1.jpg\" alt=\"Strat\u00e9gie et conseils\" width=\"2304\" height=\"1728\" srcset=\"https:\/\/www.partnershipagainstcancer.ca\/wp-content\/uploads\/2022\/11\/FR-Business-Marketing-Strategy-Tips-Graph-Poster-Portrait-1.jpg 2304w, https:\/\/www.partnershipagainstcancer.ca\/wp-content\/uploads\/2022\/11\/FR-Business-Marketing-Strategy-Tips-Graph-Poster-Portrait-1-300x225.jpg 300w, https:\/\/www.partnershipagainstcancer.ca\/wp-content\/uploads\/2022\/11\/FR-Business-Marketing-Strategy-Tips-Graph-Poster-Portrait-1-1024x768.jpg 1024w, https:\/\/www.partnershipagainstcancer.ca\/wp-content\/uploads\/2022\/11\/FR-Business-Marketing-Strategy-Tips-Graph-Poster-Portrait-1-768x576.jpg 768w, https:\/\/www.partnershipagainstcancer.ca\/wp-content\/uploads\/2022\/11\/FR-Business-Marketing-Strategy-Tips-Graph-Poster-Portrait-1-1536x1152.jpg 1536w, https:\/\/www.partnershipagainstcancer.ca\/wp-content\/uploads\/2022\/11\/FR-Business-Marketing-Strategy-Tips-Graph-Poster-Portrait-1-2048x1536.jpg 2048w\" sizes=\"auto, (max-width: 2304px) 100vw, 2304px\" \/><\/p>\n<p><a name=\"Membership\"><\/a><\/p>\n<h2><strong>Adh\u00e9sion des membres<\/strong><\/h2>\n<p><a href=\"https:\/\/www.partnershipagainstcancer.ca\/fr\/cgcnmembershipinfofr\/\" target=\"_blank\" rel=\"noopener\">Cliquez ici pour les membres des organisations.<\/a><\/p>\n<p><a name=\"Canadian Global Oncology Workshops\"><\/a><\/p>\n<h2><strong>Atelier canadien sur l\u2019oncologie mondiale<\/strong><\/h2>\n<p>En novembre\u00a02020, le premier atelier canadien sur l\u2019oncologie mondiale a eu lieu pour faciliter une discussion multisectorielle entre les leaders canadiens dans la lutte mondiale contre le cancer. L\u2019atelier a \u00e9t\u00e9 envisag\u00e9 comme une premi\u00e8re \u00e9tape vers la r\u00e9alisation d\u2019un r\u00e9seau collaboratif canadien en oncologie mondiale et l\u2019\u00e9laboration d\u2019une strat\u00e9gie pancanadienne de lutte mondiale contre le cancer.<\/p>\n<p>Des ateliers annuels sont organis\u00e9s pour continuer \u00e0 connecter les Canadiens s\u2019int\u00e9ressant \u00e0 l\u2019oncologie mondiale, faciliter l\u2019engagement bidirectionnel et discuter d\u2019initiatives en mati\u00e8re de recherche, d\u2019\u00e9ducation, de d\u00e9fense des int\u00e9r\u00eats et de politiques.<\/p>\n<h2><strong>Atelier 2023 : Date \u00e0 venir prochainement.<\/strong><\/h2>\n<p><strong>Ateliers pr\u00e9c\u00e9dents\u00a0:<\/strong><\/p>\n<p><img loading=\"lazy\" decoding=\"async\" class=\"alignnone size-full wp-image-57185\" src=\"https:\/\/www.partnershipagainstcancer.ca\/wp-content\/uploads\/2022\/09\/CGCN-People-e1664308716593.png\" alt=\"Three icons of people connected\" width=\"50\" height=\"50\" \/><em><strong>2022<\/strong><\/em><\/p>\n<p>Gr\u00e2ce \u00e0 cette importante initiative, nous esp\u00e9rons mettre en \u00e9vidence les disparit\u00e9s dans les soins contre le cancer \u00e0 l\u2019\u00e9chelle mondiale et fournir des perspectives internationales uniques.<\/p>\n<p><img loading=\"lazy\" decoding=\"async\" class=\"alignnone size-full wp-image-57185\" src=\"https:\/\/www.partnershipagainstcancer.ca\/wp-content\/uploads\/2022\/09\/CGCN-People-e1664308716593.png\" alt=\"Three icons of people connected\" width=\"50\" height=\"50\" \/><em><strong>2021<\/strong><\/em><\/p>\n<p>En 2021, le Queen&rsquo;s Global Oncology Program (programme d\u2019oncologie mondiale de la Reine) a \u00e9t\u00e9 fier d\u2019accueillir l\u2019atelier canadien sur l\u2019oncologie mondiale. Plus de 150\u00a0participants du monde entier ont assist\u00e9 \u00e0 un atelier virtuel dynamique de deux jours.<\/p>\n<p><em><strong><img loading=\"lazy\" decoding=\"async\" class=\"alignnone size-full wp-image-57185\" src=\"https:\/\/www.partnershipagainstcancer.ca\/wp-content\/uploads\/2022\/09\/CGCN-People-e1664308716593.png\" alt=\"Three icons of people connected\" width=\"50\" height=\"50\" \/>2020<\/strong><\/em><\/p>\n<p>Le Princess Margaret Global Cancer Program (programme de lutte mondiale contre le cancer de la princesse Margaret) et le Partenariat canadien contre le cancer ont organis\u00e9 le premier atelier canadien annuel sur l\u2019oncologie mondiale. Cet \u00e9v\u00e9nement a r\u00e9uni 112\u00a0participants. Cliquez ici pour consulter les enregistrements, la publication dans la revue <a href=\"https:\/\/pmcancercampus.ca\/\" target=\"_blank\" rel=\"noopener\"><em>The Lancet et le rapport de l\u2019\u00e9v\u00e9nement<\/em><\/a>.<\/p>\n<p>&nbsp;<\/p>\n","protected":false},"excerpt":{"rendered":"<p>\u00c0 propos du r\u00e9seau Membres des organisations Ateliers \u00c0 propos du r\u00e9seau L\u2019\u00e9quit\u00e9 en sant\u00e9 est un pilier cl\u00e9 du syst\u00e8me de sant\u00e9 canadien et l\u2019un des fondements de la Strat\u00e9gie canadienne de la lutte contre le cancer, qui souligne l\u2019importance des partenariats internationaux pour faire progresser la lutte contre le cancer, tant au Canada [&hellip;]<\/p>\n","protected":false},"author":24,"featured_media":58594,"parent":0,"menu_order":0,"comment_status":"closed","ping_status":"closed","template":"content-1col.php","meta":{"_acf_changed":false,"_monsterinsights_skip_tracking":false,"_monsterinsights_sitenote_active":false,"_monsterinsights_sitenote_note":"","_monsterinsights_sitenote_category":0,"ep_exclude_from_search":false,"footnotes":""},"categories":[],"tags":[],"site-tools":[],"ppma_author":[1964],"class_list":["post-58590","page","type-page","status-publish","has-post-thumbnail","hentry"],"acf":[],"yoast_head":"<!-- This site is optimized with the Yoast SEO plugin v27.3 - https:\/\/yoast.com\/product\/yoast-seo-wordpress\/ -->\n<title>Canadian Partnership Against Cancer<\/title>\n<meta name=\"robots\" content=\"index, follow, max-snippet:-1, max-image-preview:large, max-video-preview:-1\" \/>\n<link rel=\"canonical\" href=\"https:\/\/www.partnershipagainstcancer.ca\/fr\/canadianglobalcancernetwork\/\" \/>\n<meta property=\"og:locale\" content=\"fr_FR\" \/>\n<meta property=\"og:type\" content=\"article\" \/>\n<meta property=\"og:title\" content=\"- Canadian Partnership Against Cancer\" \/>\n<meta property=\"og:description\" content=\"\u00c0 propos du r\u00e9seau Membres des organisations Ateliers \u00c0 propos du r\u00e9seau L\u2019\u00e9quit\u00e9 en sant\u00e9 est un pilier cl\u00e9 du syst\u00e8me de sant\u00e9 canadien et l\u2019un des fondements de la Strat\u00e9gie canadienne de la lutte contre le cancer, qui souligne l\u2019importance des partenariats internationaux pour faire progresser la lutte contre le cancer, tant au Canada [&hellip;]\" \/>\n<meta property=\"og:url\" content=\"https:\/\/www.partnershipagainstcancer.ca\/fr\/canadianglobalcancernetwork\/\" \/>\n<meta property=\"og:site_name\" content=\"Canadian Partnership Against Cancer\" \/>\n<meta property=\"article:publisher\" content=\"https:\/\/www.facebook.com\/CanadianPartnershipAgainstCancer\/\" \/>\n<meta property=\"article:modified_time\" content=\"2023-06-20T13:46:06+00:00\" \/>\n<meta property=\"og:image\" content=\"https:\/\/www.partnershipagainstcancer.ca\/wp-content\/uploads\/2022\/11\/FR-CGCN-scaled-e1669151125662.jpg\" \/>\n\t<meta property=\"og:image:width\" content=\"2553\" \/>\n\t<meta property=\"og:image:height\" content=\"908\" \/>\n\t<meta property=\"og:image:type\" content=\"image\/jpeg\" \/>\n<meta name=\"twitter:card\" content=\"summary_large_image\" \/>\n<meta name=\"twitter:site\" content=\"@cancerstratca\" \/>\n<meta name=\"twitter:label1\" content=\"Dur\u00e9e de lecture estim\u00e9e\" \/>\n\t<meta name=\"twitter:data1\" content=\"4 minutes\" \/>\n<script type=\"application\/ld+json\" class=\"yoast-schema-graph\">{\"@context\":\"https:\\\/\\\/schema.org\",\"@graph\":[{\"@type\":\"WebPage\",\"@id\":\"https:\\\/\\\/www.partnershipagainstcancer.ca\\\/fr\\\/canadianglobalcancernetwork\\\/\",\"url\":\"https:\\\/\\\/www.partnershipagainstcancer.ca\\\/fr\\\/canadianglobalcancernetwork\\\/\",\"name\":\"- Canadian Partnership Against Cancer\",\"isPartOf\":{\"@id\":\"https:\\\/\\\/dev.partnershipagainstcancer.ca\\\/#website\"},\"primaryImageOfPage\":{\"@id\":\"https:\\\/\\\/www.partnershipagainstcancer.ca\\\/fr\\\/canadianglobalcancernetwork\\\/#primaryimage\"},\"image\":{\"@id\":\"https:\\\/\\\/www.partnershipagainstcancer.ca\\\/fr\\\/canadianglobalcancernetwork\\\/#primaryimage\"},\"thumbnailUrl\":\"https:\\\/\\\/www.partnershipagainstcancer.ca\\\/wp-content\\\/uploads\\\/2022\\\/11\\\/FR-CGCN-scaled-e1669151125662.jpg\",\"datePublished\":\"2022-10-13T14:07:08+00:00\",\"dateModified\":\"2023-06-20T13:46:06+00:00\",\"breadcrumb\":{\"@id\":\"https:\\\/\\\/www.partnershipagainstcancer.ca\\\/fr\\\/canadianglobalcancernetwork\\\/#breadcrumb\"},\"inLanguage\":\"fr-FR\",\"potentialAction\":[{\"@type\":\"ReadAction\",\"target\":[\"https:\\\/\\\/www.partnershipagainstcancer.ca\\\/fr\\\/canadianglobalcancernetwork\\\/\"]}]},{\"@type\":\"ImageObject\",\"inLanguage\":\"fr-FR\",\"@id\":\"https:\\\/\\\/www.partnershipagainstcancer.ca\\\/fr\\\/canadianglobalcancernetwork\\\/#primaryimage\",\"url\":\"https:\\\/\\\/www.partnershipagainstcancer.ca\\\/wp-content\\\/uploads\\\/2022\\\/11\\\/FR-CGCN-scaled-e1669151125662.jpg\",\"contentUrl\":\"https:\\\/\\\/www.partnershipagainstcancer.ca\\\/wp-content\\\/uploads\\\/2022\\\/11\\\/FR-CGCN-scaled-e1669151125662.jpg\",\"width\":2553,\"height\":908,\"caption\":\"R\u00e9seau canadien de lutte mondiale contre le cancer\"},{\"@type\":\"BreadcrumbList\",\"@id\":\"https:\\\/\\\/www.partnershipagainstcancer.ca\\\/fr\\\/canadianglobalcancernetwork\\\/#breadcrumb\",\"itemListElement\":[]},{\"@type\":\"WebSite\",\"@id\":\"https:\\\/\\\/dev.partnershipagainstcancer.ca\\\/#website\",\"url\":\"https:\\\/\\\/dev.partnershipagainstcancer.ca\\\/\",\"name\":\"Canadian Partnership Against Cancer\",\"description\":\"\",\"potentialAction\":[{\"@type\":\"SearchAction\",\"target\":{\"@type\":\"EntryPoint\",\"urlTemplate\":\"https:\\\/\\\/dev.partnershipagainstcancer.ca\\\/?s={search_term_string}\"},\"query-input\":{\"@type\":\"PropertyValueSpecification\",\"valueRequired\":true,\"valueName\":\"search_term_string\"}}],\"inLanguage\":\"fr-FR\"}]}<\/script>\n<!-- \/ Yoast SEO plugin. -->","yoast_head_json":{"title":"Canadian Partnership Against Cancer","robots":{"index":"index","follow":"follow","max-snippet":"max-snippet:-1","max-image-preview":"max-image-preview:large","max-video-preview":"max-video-preview:-1"},"canonical":"https:\/\/www.partnershipagainstcancer.ca\/fr\/canadianglobalcancernetwork\/","og_locale":"fr_FR","og_type":"article","og_title":"- Canadian Partnership Against Cancer","og_description":"\u00c0 propos du r\u00e9seau Membres des organisations Ateliers \u00c0 propos du r\u00e9seau L\u2019\u00e9quit\u00e9 en sant\u00e9 est un pilier cl\u00e9 du syst\u00e8me de sant\u00e9 canadien et l\u2019un des fondements de la Strat\u00e9gie canadienne de la lutte contre le cancer, qui souligne l\u2019importance des partenariats internationaux pour faire progresser la lutte contre le cancer, tant au Canada [&hellip;]","og_url":"https:\/\/www.partnershipagainstcancer.ca\/fr\/canadianglobalcancernetwork\/","og_site_name":"Canadian Partnership Against Cancer","article_publisher":"https:\/\/www.facebook.com\/CanadianPartnershipAgainstCancer\/","article_modified_time":"2023-06-20T13:46:06+00:00","og_image":[{"width":2553,"height":908,"url":"https:\/\/www.partnershipagainstcancer.ca\/wp-content\/uploads\/2022\/11\/FR-CGCN-scaled-e1669151125662.jpg","type":"image\/jpeg"}],"twitter_card":"summary_large_image","twitter_site":"@cancerstratca","twitter_misc":{"Dur\u00e9e de lecture estim\u00e9e":"4 minutes"},"schema":{"@context":"https:\/\/schema.org","@graph":[{"@type":"WebPage","@id":"https:\/\/www.partnershipagainstcancer.ca\/fr\/canadianglobalcancernetwork\/","url":"https:\/\/www.partnershipagainstcancer.ca\/fr\/canadianglobalcancernetwork\/","name":"- Canadian Partnership Against Cancer","isPartOf":{"@id":"https:\/\/dev.partnershipagainstcancer.ca\/#website"},"primaryImageOfPage":{"@id":"https:\/\/www.partnershipagainstcancer.ca\/fr\/canadianglobalcancernetwork\/#primaryimage"},"image":{"@id":"https:\/\/www.partnershipagainstcancer.ca\/fr\/canadianglobalcancernetwork\/#primaryimage"},"thumbnailUrl":"https:\/\/www.partnershipagainstcancer.ca\/wp-content\/uploads\/2022\/11\/FR-CGCN-scaled-e1669151125662.jpg","datePublished":"2022-10-13T14:07:08+00:00","dateModified":"2023-06-20T13:46:06+00:00","breadcrumb":{"@id":"https:\/\/www.partnershipagainstcancer.ca\/fr\/canadianglobalcancernetwork\/#breadcrumb"},"inLanguage":"fr-FR","potentialAction":[{"@type":"ReadAction","target":["https:\/\/www.partnershipagainstcancer.ca\/fr\/canadianglobalcancernetwork\/"]}]},{"@type":"ImageObject","inLanguage":"fr-FR","@id":"https:\/\/www.partnershipagainstcancer.ca\/fr\/canadianglobalcancernetwork\/#primaryimage","url":"https:\/\/www.partnershipagainstcancer.ca\/wp-content\/uploads\/2022\/11\/FR-CGCN-scaled-e1669151125662.jpg","contentUrl":"https:\/\/www.partnershipagainstcancer.ca\/wp-content\/uploads\/2022\/11\/FR-CGCN-scaled-e1669151125662.jpg","width":2553,"height":908,"caption":"R\u00e9seau canadien de lutte mondiale contre le cancer"},{"@type":"BreadcrumbList","@id":"https:\/\/www.partnershipagainstcancer.ca\/fr\/canadianglobalcancernetwork\/#breadcrumb","itemListElement":[]},{"@type":"WebSite","@id":"https:\/\/dev.partnershipagainstcancer.ca\/#website","url":"https:\/\/dev.partnershipagainstcancer.ca\/","name":"Canadian Partnership Against Cancer","description":"","potentialAction":[{"@type":"SearchAction","target":{"@type":"EntryPoint","urlTemplate":"https:\/\/dev.partnershipagainstcancer.ca\/?s={search_term_string}"},"query-input":{"@type":"PropertyValueSpecification","valueRequired":true,"valueName":"search_term_string"}}],"inLanguage":"fr-FR"}]}},"_links":{"self":[{"href":"https:\/\/www.partnershipagainstcancer.ca\/fr\/wp-json\/wp\/v2\/pages\/58590","targetHints":{"allow":["GET"]}}],"collection":[{"href":"https:\/\/www.partnershipagainstcancer.ca\/fr\/wp-json\/wp\/v2\/pages"}],"about":[{"href":"https:\/\/www.partnershipagainstcancer.ca\/fr\/wp-json\/wp\/v2\/types\/page"}],"author":[{"embeddable":true,"href":"https:\/\/www.partnershipagainstcancer.ca\/fr\/wp-json\/wp\/v2\/users\/24"}],"replies":[{"embeddable":true,"href":"https:\/\/www.partnershipagainstcancer.ca\/fr\/wp-json\/wp\/v2\/comments?post=58590"}],"version-history":[{"count":4,"href":"https:\/\/www.partnershipagainstcancer.ca\/fr\/wp-json\/wp\/v2\/pages\/58590\/revisions"}],"predecessor-version":[{"id":62685,"href":"https:\/\/www.partnershipagainstcancer.ca\/fr\/wp-json\/wp\/v2\/pages\/58590\/revisions\/62685"}],"wp:featuredmedia":[{"embeddable":true,"href":"https:\/\/www.partnershipagainstcancer.ca\/fr\/wp-json\/wp\/v2\/media\/58594"}],"wp:attachment":[{"href":"https:\/\/www.partnershipagainstcancer.ca\/fr\/wp-json\/wp\/v2\/media?parent=58590"}],"wp:term":[{"taxonomy":"category","embeddable":true,"href":"https:\/\/www.partnershipagainstcancer.ca\/fr\/wp-json\/wp\/v2\/categories?post=58590"},{"taxonomy":"post_tag","embeddable":true,"href":"https:\/\/www.partnershipagainstcancer.ca\/fr\/wp-json\/wp\/v2\/tags?post=58590"},{"taxonomy":"site-tools","embeddable":true,"href":"https:\/\/www.partnershipagainstcancer.ca\/fr\/wp-json\/wp\/v2\/site-tools?post=58590"},{"taxonomy":"author","embeddable":true,"href":"https:\/\/www.partnershipagainstcancer.ca\/fr\/wp-json\/wp\/v2\/ppma_author?post=58590"}],"curies":[{"name":"wp","href":"https:\/\/api.w.org\/{rel}","templated":true}]}}