{"id":56800,"date":"2022-09-26T13:01:37","date_gmt":"2022-09-26T18:01:37","guid":{"rendered":"https:\/\/www.partnershipagainstcancer.ca\/?page_id=56800"},"modified":"2024-01-15T11:29:45","modified_gmt":"2024-01-15T16:29:45","slug":"supplementary-data-canada","status":"publish","type":"page","link":"https:\/\/www.partnershipagainstcancer.ca\/fr\/supplementary-data-canada\/","title":{"rendered":"Donn\u00e9es suppl\u00e9mentaires : Canada"},"content":{"rendered":"<h2>Priorit<strong>\u00e9<\/strong> 5 Mesure 3 : <a href=\"https:\/\/www.partnershipagainstcancer.ca\/fr\/cancer-strategy\/strategic-priorities\/priority-5-info-supports\/\"><strong>Soutenir les enfants, les adolescents et les jeunes adultes \u00e0 des points de transition cl\u00e9s de leur parcours unique face au cancer<\/strong><\/a><\/h2>\n<p><strong>Sujet<\/strong>\u00a0: Am\u00e9liorer les soins pour les adolescents et les jeunes adultes atteints de cancer<br \/>\n<strong>Titre de l\u2019image<\/strong> : Pourcentage d\u2019AJA atteints d\u2019un cancer ayant suivi un plan de soins sp\u00e9cialis\u00e9s, au Canada<br \/>\n<strong>Importants messages d\u2019avertissement\/limitations<\/strong>\u00a0:<\/p>\n<ul>\n<li>Les donn\u00e9es ont \u00e9t\u00e9 agr\u00e9g\u00e9es au niveau national en raison de la petite taille des \u00e9chantillons.<\/li>\n<li>La cat\u00e9gorie \u00ab Autre identit\u00e9 de genre \u00bb a \u00e9t\u00e9 s\u00e9lectionn\u00e9e par les r\u00e9pondants s\u2019identifiant \u00e0 un genre qui n\u2019\u00e9tait ni f\u00e9minin ni masculin. La cat\u00e9gorie \u00ab Urbain\/rural \u00bb a \u00e9t\u00e9 s\u00e9lectionn\u00e9e par les r\u00e9pondants eux-m\u00eames (s\u2019ils consid\u00e9raient qu\u2019ils vivaient dans un milieu urbain ou rural).<\/li>\n<li>Seuls les d\u00e9nominateurs sont indiqu\u00e9s pour chaque cat\u00e9gorie (les num\u00e9rateurs ne sont pas explicitement indiqu\u00e9s dans le graphique).<\/li>\n<li>Un plan de soins a \u00e9t\u00e9 d\u00e9fini comme un document d\u00e9crivant les activit\u00e9s ou les traitements recommand\u00e9s pour le patient atteint de cancer dans l\u2019avenir.<\/li>\n<li>Veuillez noter que le recrutement pour ce sondage n\u2019a pas cibl\u00e9 de groupes particuliers au sein de la communaut\u00e9 de YACC (p. ex., par genre, emplacement), mais s\u2019est adress\u00e9 \u00e0 la communaut\u00e9 dans son ensemble, qui compte un pourcentage plus \u00e9lev\u00e9 de personnes s\u2019identifiant comme des femmes et vivant dans une r\u00e9gion urbaine. Cela signifie que les participants au sondage peuvent ne pas \u00eatre repr\u00e9sentatifs de l\u2019ensemble de la population AJA.<\/li>\n<li>Le sondage ne pr\u00e9cisait pas si le patient \u00e9tait trait\u00e9 dans un \u00e9tablissement p\u00e9diatrique ou pour adultes.<\/li>\n<\/ul>\n<p><img loading=\"lazy\" decoding=\"async\" class=\"aligncenter wp-image-57636\" src=\"https:\/\/www.partnershipagainstcancer.ca\/wp-content\/uploads\/2022\/10\/CA-P5-Act3-Supp-Care-AYA-FR.png\" alt=\"ensemble 45,8 %\" width=\"700\" height=\"598\" srcset=\"https:\/\/www.partnershipagainstcancer.ca\/wp-content\/uploads\/2022\/10\/CA-P5-Act3-Supp-Care-AYA-FR.png 1001w, https:\/\/www.partnershipagainstcancer.ca\/wp-content\/uploads\/2022\/10\/CA-P5-Act3-Supp-Care-AYA-FR-300x256.png 300w, https:\/\/www.partnershipagainstcancer.ca\/wp-content\/uploads\/2022\/10\/CA-P5-Act3-Supp-Care-AYA-FR-768x656.png 768w\" sizes=\"auto, (max-width: 700px) 100vw, 700px\" \/><\/p>\n<p><strong>Titre du tableau\u00a0<\/strong>: Pourcentage d\u2019AJA atteints d\u2019un cancer ayant suivi un plan de soins sp\u00e9cialis\u00e9s, au Canada<\/p>\n<table class=\"table table-bordered\">\n<thead>\n<tr class=\"active\">\n<th style=\"vertical-align: top;\" width=\"10%\">Cat\u00e9gorie<\/th>\n<th style=\"vertical-align: top;\" width=\"10%\"><strong>Ensemble<\/strong><\/th>\n<th style=\"vertical-align: top;\" width=\"10%\"><strong>15-29 ans<\/strong><\/th>\n<th style=\"vertical-align: top;\" width=\"10%\"><strong>30-39 ans<\/strong><\/th>\n<th style=\"vertical-align: top;\" width=\"10%\"><strong>Femmes<\/strong><\/th>\n<th style=\"vertical-align: top;\" width=\"10%\"><strong>Hommes<\/strong><\/th>\n<th style=\"vertical-align: top;\" width=\"10%\"><strong>Autre sexe<\/strong><\/th>\n<th style=\"vertical-align: top;\" width=\"10%\"><strong>Eloign\u00e9<\/strong><\/th>\n<th style=\"vertical-align: top;\" width=\"10%\"><strong>Rural<\/strong><\/th>\n<th style=\"vertical-align: top;\" width=\"10%\"><strong>Urbain<\/strong><\/th>\n<\/tr>\n<\/thead>\n<tbody>\n<tr>\n<td width=\"60\"><strong>Nombre de r\u00e9pondants<\/strong><\/td>\n<td width=\"60\">336<\/td>\n<td width=\"60\">124<\/td>\n<td width=\"60\">212<\/td>\n<td width=\"60\">162<\/td>\n<td width=\"60\">165<\/td>\n<td width=\"60\">9<\/td>\n<td width=\"60\">12<\/td>\n<td width=\"60\">91<\/td>\n<td width=\"60\">233<\/td>\n<\/tr>\n<\/tbody>\n<tbody>\n<tr>\n<td width=\"60\"><strong>Pourcentage<\/strong><\/td>\n<td width=\"60\">45,8 %<\/td>\n<td width=\"60\">53,2 %<\/td>\n<td width=\"60\">41,5 %<\/td>\n<td width=\"60\">36,4 %<\/td>\n<td width=\"60\">53,9 %<\/td>\n<td width=\"60\">66,7 %<\/td>\n<td width=\"60\">33,3 %<\/td>\n<td width=\"60\">38,5 %<\/td>\n<td width=\"60\">49,4 %<\/td>\n<\/tr>\n<\/tbody>\n<\/table>\n<p><strong>Source des donn\u00e9es<\/strong> : Sondage de YACC (Young Adult Cancer Canada \u2013 cancer des jeunes adultes du Canada), 2021<\/p>\n<hr \/>\n<p><strong>Sujet<\/strong>\u00a0: Am\u00e9liorer les transitions pour les adolescents et les jeunes adultes atteints de cancer<br \/>\n<strong>Titre de l\u2019image<\/strong> : Pourcentage d\u2019AJA atteints d\u2019un cancer ayant v\u00e9cu une exp\u00e9rience positive des phases de transition dans les soins tout au long de leur parcours face au cancer, au Canada<br \/>\n<strong>Importants messages d\u2019avertissement\/limitations<\/strong>\u00a0:<\/p>\n<ul>\n<li>Les donn\u00e9es ont \u00e9t\u00e9 agr\u00e9g\u00e9es au niveau national en raison de la petite taille des \u00e9chantillons.<\/li>\n<li>La cat\u00e9gorie \u00ab Autre identit\u00e9 de genre \u00bb a \u00e9t\u00e9 s\u00e9lectionn\u00e9e par les r\u00e9pondants s\u2019identifiant \u00e0 un genre qui n\u2019\u00e9tait ni f\u00e9minin ni masculin. La cat\u00e9gorie \u00ab Urbain\/rural \u00bb a \u00e9t\u00e9 s\u00e9lectionn\u00e9e par les r\u00e9pondants eux-m\u00eames (s\u2019ils consid\u00e9raient qu\u2019ils vivaient dans un milieu urbain ou rural).<\/li>\n<li>Seuls les d\u00e9nominateurs sont indiqu\u00e9s pour chaque cat\u00e9gorie (les num\u00e9rateurs ne sont pas explicitement indiqu\u00e9s dans le graphique).<\/li>\n<li>Les transitions ont \u00e9t\u00e9 d\u00e9finies comme des changements dans la maladie et le traitement du patient (p. ex., changement de type de prestataire ou de lieu d\u2019administration du traitement, passage d\u2019un traitement actif \u00e0 la surveillance) ou d\u2019autres \u00e9v\u00e9nements de la vie (p. ex., retour chez les parents, perte d\u2019un emploi ou d\u2019une relation).<\/li>\n<li>Veuillez noter que le recrutement pour ce sondage n\u2019a pas cibl\u00e9 de groupes particuliers au sein de la communaut\u00e9 de YACC (p. ex., par genre, emplacement), mais s\u2019est adress\u00e9 \u00e0 la communaut\u00e9 dans son ensemble, qui compte un pourcentage plus \u00e9lev\u00e9 de personnes s\u2019identifiant comme des femmes et vivant dans une r\u00e9gion urbaine. Cela signifie que les participants au sondage peuvent ne pas \u00eatre repr\u00e9sentatifs de l\u2019ensemble de la population AJA.<\/li>\n<li>Le sondage ne pr\u00e9cisait pas si le patient \u00e9tait trait\u00e9 dans un \u00e9tablissement p\u00e9diatrique ou pour adultes.<\/li>\n<\/ul>\n<p><img loading=\"lazy\" decoding=\"async\" class=\"aligncenter wp-image-57638\" src=\"https:\/\/www.partnershipagainstcancer.ca\/wp-content\/uploads\/2022\/10\/CA-P5-Act3-Supp-Transition-AYA-FR.png\" alt=\"ensemble 45,5 $\" width=\"700\" height=\"598\" srcset=\"https:\/\/www.partnershipagainstcancer.ca\/wp-content\/uploads\/2022\/10\/CA-P5-Act3-Supp-Transition-AYA-FR.png 1001w, https:\/\/www.partnershipagainstcancer.ca\/wp-content\/uploads\/2022\/10\/CA-P5-Act3-Supp-Transition-AYA-FR-300x256.png 300w, https:\/\/www.partnershipagainstcancer.ca\/wp-content\/uploads\/2022\/10\/CA-P5-Act3-Supp-Transition-AYA-FR-768x656.png 768w\" sizes=\"auto, (max-width: 700px) 100vw, 700px\" \/><strong>Titre du tableau\u00a0<\/strong>: Pourcentage d\u2019AJA atteints d\u2019un cancer ayant v\u00e9cu une exp\u00e9rience positive des phases de transition dans les soins tout au long de leur parcours face au cancer, au Canada<\/p>\n<table class=\"table table-bordered\">\n<thead>\n<tr class=\"active\">\n<th style=\"vertical-align: top;\" width=\"10%\">Cat\u00e9gorie<\/th>\n<th style=\"vertical-align: top;\" width=\"10%\"><strong>Ensemble<\/strong><\/th>\n<th style=\"vertical-align: top;\" width=\"10%\"><strong>15-29 ans<\/strong><\/th>\n<th style=\"vertical-align: top;\" width=\"10%\"><strong>30-39 ans<\/strong><\/th>\n<th style=\"vertical-align: top;\" width=\"10%\"><strong>Femmes<\/strong><\/th>\n<th style=\"vertical-align: top;\" width=\"10%\"><strong>Hommes<\/strong><\/th>\n<th style=\"vertical-align: top;\" width=\"10%\"><strong>Autre sexe<\/strong><\/th>\n<th style=\"vertical-align: top;\" width=\"10%\"><strong>Eloign\u00e9<\/strong><\/th>\n<th style=\"vertical-align: top;\" width=\"10%\"><strong>Rural<\/strong><\/th>\n<th style=\"vertical-align: top;\" width=\"10%\"><strong>Urbain<\/strong><\/th>\n<\/tr>\n<\/thead>\n<tbody>\n<tr>\n<td width=\"60\"><strong>Nombre de r\u00e9pondants<\/strong><\/td>\n<td width=\"60\">336<\/td>\n<td width=\"60\">124<\/td>\n<td width=\"60\">212<\/td>\n<td width=\"60\">162<\/td>\n<td width=\"60\">165<\/td>\n<td width=\"60\">9<\/td>\n<td width=\"60\">12<\/td>\n<td width=\"60\">91<\/td>\n<td width=\"60\">233<\/td>\n<\/tr>\n<\/tbody>\n<tbody>\n<tr>\n<td width=\"60\"><strong>Pourcentage<\/strong><\/td>\n<td width=\"60\">45,5 %<\/td>\n<td width=\"60\">44,4 %<\/td>\n<td width=\"60\">46,2 %<\/td>\n<td width=\"60\">38,3 %<\/td>\n<td width=\"60\">52,7 %<\/td>\n<td width=\"60\">44,4 %<\/td>\n<td width=\"60\">58,3 %<\/td>\n<td width=\"60\">37,4 %<\/td>\n<td width=\"60\">48,1 %<\/td>\n<\/tr>\n<\/tbody>\n<\/table>\n<p><strong>Source des donn\u00e9es<\/strong> : Sondage de YACC (Young Adult Cancer Canada \u2013 cancer des jeunes adultes du Canada), 2021<\/p>\n","protected":false},"excerpt":{"rendered":"<p>Priorit\u00e9 5 Mesure 3 : Soutenir les enfants, les adolescents et les jeunes adultes \u00e0 des points de transition cl\u00e9s de leur parcours unique face au cancer Sujet\u00a0: Am\u00e9liorer les soins pour les adolescents et les jeunes adultes atteints de cancer Titre de l\u2019image : Pourcentage d\u2019AJA atteints d\u2019un cancer ayant suivi un plan de [&hellip;]<\/p>\n","protected":false},"author":24,"featured_media":0,"parent":0,"menu_order":0,"comment_status":"closed","ping_status":"closed","template":"content-1col.php","meta":{"_acf_changed":false,"_monsterinsights_skip_tracking":false,"_monsterinsights_sitenote_active":false,"_monsterinsights_sitenote_note":"","_monsterinsights_sitenote_category":0,"ep_exclude_from_search":false,"footnotes":""},"categories":[],"tags":[],"site-tools":[],"ppma_author":[1964],"class_list":["post-56800","page","type-page","status-publish","hentry"],"acf":[],"yoast_head":"<!-- This site is optimized with the Yoast SEO plugin v27.3 - https:\/\/yoast.com\/product\/yoast-seo-wordpress\/ -->\n<title>Canadian Partnership Against Cancer<\/title>\n<meta name=\"robots\" content=\"index, follow, max-snippet:-1, max-image-preview:large, max-video-preview:-1\" \/>\n<link rel=\"canonical\" href=\"https:\/\/www.partnershipagainstcancer.ca\/fr\/supplementary-data-canada\/\" \/>\n<meta property=\"og:locale\" content=\"fr_FR\" \/>\n<meta property=\"og:type\" content=\"article\" \/>\n<meta property=\"og:title\" content=\"Donn\u00e9es suppl\u00e9mentaires : Canada - Canadian Partnership Against Cancer\" \/>\n<meta property=\"og:description\" content=\"Priorit\u00e9 5 Mesure 3 : Soutenir les enfants, les adolescents et les jeunes adultes \u00e0 des points de transition cl\u00e9s de leur parcours unique face au cancer Sujet\u00a0: Am\u00e9liorer les soins pour les adolescents et les jeunes adultes atteints de cancer Titre de l\u2019image : Pourcentage d\u2019AJA atteints d\u2019un cancer ayant suivi un plan de [&hellip;]\" \/>\n<meta property=\"og:url\" content=\"https:\/\/www.partnershipagainstcancer.ca\/fr\/supplementary-data-canada\/\" \/>\n<meta property=\"og:site_name\" content=\"Canadian Partnership Against Cancer\" \/>\n<meta property=\"article:publisher\" content=\"https:\/\/www.facebook.com\/CanadianPartnershipAgainstCancer\/\" \/>\n<meta property=\"article:modified_time\" content=\"2024-01-15T16:29:45+00:00\" \/>\n<meta property=\"og:image\" content=\"https:\/\/www.partnershipagainstcancer.ca\/wp-content\/uploads\/2022\/10\/CA-P5-Act3-Supp-Care-AYA-FR.png\" \/>\n<meta name=\"twitter:card\" content=\"summary_large_image\" \/>\n<meta name=\"twitter:site\" content=\"@cancerstratca\" \/>\n<meta name=\"twitter:label1\" content=\"Dur\u00e9e de lecture estim\u00e9e\" \/>\n\t<meta name=\"twitter:data1\" content=\"4 minutes\" \/>\n<script type=\"application\/ld+json\" class=\"yoast-schema-graph\">{\"@context\":\"https:\\\/\\\/schema.org\",\"@graph\":[{\"@type\":\"WebPage\",\"@id\":\"https:\\\/\\\/www.partnershipagainstcancer.ca\\\/fr\\\/supplementary-data-canada\\\/\",\"url\":\"https:\\\/\\\/www.partnershipagainstcancer.ca\\\/fr\\\/supplementary-data-canada\\\/\",\"name\":\"Donn\u00e9es suppl\u00e9mentaires : Canada - Canadian Partnership Against Cancer\",\"isPartOf\":{\"@id\":\"https:\\\/\\\/dev.partnershipagainstcancer.ca\\\/#website\"},\"primaryImageOfPage\":{\"@id\":\"https:\\\/\\\/www.partnershipagainstcancer.ca\\\/fr\\\/supplementary-data-canada\\\/#primaryimage\"},\"image\":{\"@id\":\"https:\\\/\\\/www.partnershipagainstcancer.ca\\\/fr\\\/supplementary-data-canada\\\/#primaryimage\"},\"thumbnailUrl\":\"https:\\\/\\\/www.partnershipagainstcancer.ca\\\/wp-content\\\/uploads\\\/2022\\\/10\\\/CA-P5-Act3-Supp-Care-AYA-FR.png\",\"datePublished\":\"2022-09-26T18:01:37+00:00\",\"dateModified\":\"2024-01-15T16:29:45+00:00\",\"inLanguage\":\"fr-FR\",\"potentialAction\":[{\"@type\":\"ReadAction\",\"target\":[\"https:\\\/\\\/www.partnershipagainstcancer.ca\\\/fr\\\/supplementary-data-canada\\\/\"]}]},{\"@type\":\"ImageObject\",\"inLanguage\":\"fr-FR\",\"@id\":\"https:\\\/\\\/www.partnershipagainstcancer.ca\\\/fr\\\/supplementary-data-canada\\\/#primaryimage\",\"url\":\"https:\\\/\\\/www.partnershipagainstcancer.ca\\\/wp-content\\\/uploads\\\/2022\\\/10\\\/CA-P5-Act3-Supp-Care-AYA-FR.png\",\"contentUrl\":\"https:\\\/\\\/www.partnershipagainstcancer.ca\\\/wp-content\\\/uploads\\\/2022\\\/10\\\/CA-P5-Act3-Supp-Care-AYA-FR.png\"},{\"@type\":\"WebSite\",\"@id\":\"https:\\\/\\\/dev.partnershipagainstcancer.ca\\\/#website\",\"url\":\"https:\\\/\\\/dev.partnershipagainstcancer.ca\\\/\",\"name\":\"Canadian Partnership Against Cancer\",\"description\":\"\",\"potentialAction\":[{\"@type\":\"SearchAction\",\"target\":{\"@type\":\"EntryPoint\",\"urlTemplate\":\"https:\\\/\\\/dev.partnershipagainstcancer.ca\\\/?s={search_term_string}\"},\"query-input\":{\"@type\":\"PropertyValueSpecification\",\"valueRequired\":true,\"valueName\":\"search_term_string\"}}],\"inLanguage\":\"fr-FR\"}]}<\/script>\n<!-- \/ Yoast SEO plugin. -->","yoast_head_json":{"title":"Canadian Partnership Against Cancer","robots":{"index":"index","follow":"follow","max-snippet":"max-snippet:-1","max-image-preview":"max-image-preview:large","max-video-preview":"max-video-preview:-1"},"canonical":"https:\/\/www.partnershipagainstcancer.ca\/fr\/supplementary-data-canada\/","og_locale":"fr_FR","og_type":"article","og_title":"Donn\u00e9es suppl\u00e9mentaires : Canada - Canadian Partnership Against Cancer","og_description":"Priorit\u00e9 5 Mesure 3 : Soutenir les enfants, les adolescents et les jeunes adultes \u00e0 des points de transition cl\u00e9s de leur parcours unique face au cancer Sujet\u00a0: Am\u00e9liorer les soins pour les adolescents et les jeunes adultes atteints de cancer Titre de l\u2019image : Pourcentage d\u2019AJA atteints d\u2019un cancer ayant suivi un plan de [&hellip;]","og_url":"https:\/\/www.partnershipagainstcancer.ca\/fr\/supplementary-data-canada\/","og_site_name":"Canadian Partnership Against Cancer","article_publisher":"https:\/\/www.facebook.com\/CanadianPartnershipAgainstCancer\/","article_modified_time":"2024-01-15T16:29:45+00:00","og_image":[{"url":"https:\/\/www.partnershipagainstcancer.ca\/wp-content\/uploads\/2022\/10\/CA-P5-Act3-Supp-Care-AYA-FR.png","type":"","width":"","height":""}],"twitter_card":"summary_large_image","twitter_site":"@cancerstratca","twitter_misc":{"Dur\u00e9e de lecture estim\u00e9e":"4 minutes"},"schema":{"@context":"https:\/\/schema.org","@graph":[{"@type":"WebPage","@id":"https:\/\/www.partnershipagainstcancer.ca\/fr\/supplementary-data-canada\/","url":"https:\/\/www.partnershipagainstcancer.ca\/fr\/supplementary-data-canada\/","name":"Donn\u00e9es suppl\u00e9mentaires : Canada - Canadian Partnership Against Cancer","isPartOf":{"@id":"https:\/\/dev.partnershipagainstcancer.ca\/#website"},"primaryImageOfPage":{"@id":"https:\/\/www.partnershipagainstcancer.ca\/fr\/supplementary-data-canada\/#primaryimage"},"image":{"@id":"https:\/\/www.partnershipagainstcancer.ca\/fr\/supplementary-data-canada\/#primaryimage"},"thumbnailUrl":"https:\/\/www.partnershipagainstcancer.ca\/wp-content\/uploads\/2022\/10\/CA-P5-Act3-Supp-Care-AYA-FR.png","datePublished":"2022-09-26T18:01:37+00:00","dateModified":"2024-01-15T16:29:45+00:00","inLanguage":"fr-FR","potentialAction":[{"@type":"ReadAction","target":["https:\/\/www.partnershipagainstcancer.ca\/fr\/supplementary-data-canada\/"]}]},{"@type":"ImageObject","inLanguage":"fr-FR","@id":"https:\/\/www.partnershipagainstcancer.ca\/fr\/supplementary-data-canada\/#primaryimage","url":"https:\/\/www.partnershipagainstcancer.ca\/wp-content\/uploads\/2022\/10\/CA-P5-Act3-Supp-Care-AYA-FR.png","contentUrl":"https:\/\/www.partnershipagainstcancer.ca\/wp-content\/uploads\/2022\/10\/CA-P5-Act3-Supp-Care-AYA-FR.png"},{"@type":"WebSite","@id":"https:\/\/dev.partnershipagainstcancer.ca\/#website","url":"https:\/\/dev.partnershipagainstcancer.ca\/","name":"Canadian Partnership Against Cancer","description":"","potentialAction":[{"@type":"SearchAction","target":{"@type":"EntryPoint","urlTemplate":"https:\/\/dev.partnershipagainstcancer.ca\/?s={search_term_string}"},"query-input":{"@type":"PropertyValueSpecification","valueRequired":true,"valueName":"search_term_string"}}],"inLanguage":"fr-FR"}]}},"_links":{"self":[{"href":"https:\/\/www.partnershipagainstcancer.ca\/fr\/wp-json\/wp\/v2\/pages\/56800","targetHints":{"allow":["GET"]}}],"collection":[{"href":"https:\/\/www.partnershipagainstcancer.ca\/fr\/wp-json\/wp\/v2\/pages"}],"about":[{"href":"https:\/\/www.partnershipagainstcancer.ca\/fr\/wp-json\/wp\/v2\/types\/page"}],"author":[{"embeddable":true,"href":"https:\/\/www.partnershipagainstcancer.ca\/fr\/wp-json\/wp\/v2\/users\/24"}],"replies":[{"embeddable":true,"href":"https:\/\/www.partnershipagainstcancer.ca\/fr\/wp-json\/wp\/v2\/comments?post=56800"}],"version-history":[{"count":3,"href":"https:\/\/www.partnershipagainstcancer.ca\/fr\/wp-json\/wp\/v2\/pages\/56800\/revisions"}],"predecessor-version":[{"id":66821,"href":"https:\/\/www.partnershipagainstcancer.ca\/fr\/wp-json\/wp\/v2\/pages\/56800\/revisions\/66821"}],"wp:attachment":[{"href":"https:\/\/www.partnershipagainstcancer.ca\/fr\/wp-json\/wp\/v2\/media?parent=56800"}],"wp:term":[{"taxonomy":"category","embeddable":true,"href":"https:\/\/www.partnershipagainstcancer.ca\/fr\/wp-json\/wp\/v2\/categories?post=56800"},{"taxonomy":"post_tag","embeddable":true,"href":"https:\/\/www.partnershipagainstcancer.ca\/fr\/wp-json\/wp\/v2\/tags?post=56800"},{"taxonomy":"site-tools","embeddable":true,"href":"https:\/\/www.partnershipagainstcancer.ca\/fr\/wp-json\/wp\/v2\/site-tools?post=56800"},{"taxonomy":"author","embeddable":true,"href":"https:\/\/www.partnershipagainstcancer.ca\/fr\/wp-json\/wp\/v2\/ppma_author?post=56800"}],"curies":[{"name":"wp","href":"https:\/\/api.w.org\/{rel}","templated":true}]}}