{"id":55590,"date":"2022-08-01T22:41:14","date_gmt":"2022-08-02T03:41:14","guid":{"rendered":"https:\/\/www.partnershipagainstcancer.ca\/cancer-strategy\/strategic-priorities\/priorities-and-indicators\/sharing-research-findings-back-indigenous-peoples-consulted-development-process\/"},"modified":"2025-08-07T14:44:08","modified_gmt":"2025-08-07T19:44:08","slug":"research-findings","status":"publish","type":"page","link":"https:\/\/www.partnershipagainstcancer.ca\/fr\/cancer-strategy\/strategic-priorities\/priorities-and-indicators\/research-findings\/","title":{"rendered":"Comment l\u2019\u00e9thique de la recherche sur les communaut\u00e9s inuites, m\u00e9tisses et des Premi\u00e8res Nations est-elle respect\u00e9e et comment la voix de ces peuples est-elle prise en compte pendant le processus de recherche?"},"content":{"rendered":"<h2>Pourquoi cet indicateur est-il important pour les Premi\u00e8res Nations, les Inuits et les M\u00e9tis?<\/h2>\n<p>Pour mener des \u00e9tudes de mani\u00e8re \u00e9thique aupr\u00e8s des Premi\u00e8res Nations, des Inuits et des M\u00e9tis, il faut \u00e9tablir des relations de confiance et de r\u00e9ciprocit\u00e9 qui constituent la base d\u2019une collaboration respectueuse. Il est essentiel de bien communiquer avec les communaut\u00e9s inuites, m\u00e9tisses et des Premi\u00e8res Nations pour s\u2019assurer qu\u2019elles ont la possibilit\u00e9 de mener des \u00e9tudes d\u00e9termin\u00e9es par leurs peuples.<\/p>\n<p>Les peuples autochtones ont souvent fait l\u2019objet d\u2019\u00e9tudes men\u00e9es dans le cadre de syst\u00e8mes occidentaux dominants de connaissances et de m\u00e9thodes de recherche, qui s\u2019appuient sur une vision coloniale. Ces m\u00e9thodes et approches se concentrent souvent trop exclusivement sur les lacunes et n\u00e9gligent la contextualisation ainsi que les modes de connaissance et les forces des Premi\u00e8res Nations, des Inuits et des M\u00e9tis.<\/p>\n<p>La conduite par les Premi\u00e8res Nations, les Inuits et les M\u00e9tis d\u2019une recherche \u00e9thique sur le cancer peut att\u00e9nuer les pr\u00e9judices, car ces peuples et leurs communaut\u00e9s ont ainsi la possibilit\u00e9 de fa\u00e7onner la recherche, de participer \u00e0 la conception de tous les aspects d\u2019un projet de recherche, d\u2019interpr\u00e9ter les r\u00e9sultats, d\u2019en tirer des conclusions et de les pr\u00e9senter d\u2019une mani\u00e8re utile et adapt\u00e9e \u00e0 leurs besoins.<\/p>\n<p>Une recherche respectueuse de l\u2019\u00e9thique implique \u00e9galement de reconna\u00eetre les communaut\u00e9s en tant que d\u00e9cideurs cl\u00e9s et responsables du mode d\u2019expression des connaissances et de la m\u00e9thode de communication de l\u2019information \u00e0 la fin d\u2019un projet de recherche. Le traitement et la communication des r\u00e9sultats de la recherche, des donn\u00e9es et des connaissances sont des processus qui n\u00e9cessitent une r\u00e9flexion approfondie et une sensibilit\u00e9 culturelle.<\/p>\n<p>Les Premi\u00e8res Nations, les Inuits et les M\u00e9tis disposent de lignes directrices en mati\u00e8re d\u2019\u00e9thique de la recherche visant \u00e0 guider la collecte, l\u2019utilisation et le stockage de leurs donn\u00e9es respectives. Voici quelques exemples de ces lignes directrices et cadres :<\/p>\n<ul>\n<li>Le comit\u00e9 consultatif gouvernemental de la recherche du Centre de recherche du Nunatsiavut (<a href=\"https:\/\/nunatsiavutresearchcentre.com\/ngrac\/\" target=\"_blank\" rel=\"noopener\">Comit\u00e9 consultatif gouvernemental sur la recherche &#8211; Centre de recherche du Nunatsiavut<\/a>, en anglais seulement)<\/li>\n<li>Le Comit\u00e9 d\u2019\u00e9valuation de la recherche de Manitoulin Anishinabek (<a href=\"https:\/\/nthc.ca\/programs-services\/projects-research\/research-ethics\/\" target=\"_blank\" rel=\"noopener\">\u00c9thique de la recherche [noojmowin-teg.ca]<\/a>, en anglais seulement)<\/li>\n<li>La politique d\u2019\u00e9thique de la recherche des Six Nations (<a href=\"https:\/\/www.sixNations.ca\/app\/uploads\/2022\/05\/SNGREthicsPolicy.pdf\" target=\"_blank\" rel=\"noopener\">La conduite de la recherche aux Six Nations [Approuv\u00e9 04\/2014]<\/a> en anglais seulement)<\/li>\n<li>Les <a href=\"https:\/\/www.gida-global.org\/care\" target=\"_blank\" rel=\"noopener\">Principes CARE pour la gouvernance des donn\u00e9es autochtones &#8211; Alliance mondiale pour les donn\u00e9es autochtones [gida-global.org]<\/a> en anglais seulement)<\/li>\n<li>Les principes de l\u2019Inuit Qaujimajatuqangit\u00a0&#8211; <a href=\"https:\/\/ruor.uottawa.ca\/bitstream\/10393\/30411\/1\/2010_Ethics_FactSheet9.pdf\" target=\"_blank\" rel=\"noopener\">Lignes directrices pour la recherche sur les Inuits<\/a> (en anglais seulement, 2010)<\/li>\n<li>Les principes de propri\u00e9t\u00e9, de contr\u00f4le, d\u2019acc\u00e8s et d\u2019intendance des M\u00e9tis du Manitoba\u00a0&#8211; <a href=\"https:\/\/ruor.uottawa.ca\/bitstream\/10393\/30555\/1\/2011_04_ethics.pdf\" target=\"_blank\" rel=\"noopener\">principes d\u2019\u00e9thique de la recherche sur les M\u00e9tis<\/a> (en anglais seulement, 2011)<\/li>\n<li>Les principes de propri\u00e9t\u00e9, de contr\u00f4le, d\u2019acc\u00e8s et de possession des Premi\u00e8res\u00a0Nations (PCAP\u00ae) (<a href=\"https:\/\/fnigc.ca\/fr\/les-principes-de-pcap-des-premieres-nations\/\" target=\"_blank\" rel=\"noopener\">Les principes de PCAP\u00ae des Premi\u00e8res\u00a0Nations &#8211; Centre de gouvernance de l\u2019information des Premi\u00e8res\u00a0Nations [fnigc.ca]<\/a>)<\/li>\n<\/ul>\n<p><a href=\"https:\/\/www.partnershipagainstcancer.ca\/fr\/cancer-strategy\/strategic-priorities\/co-development-peoples-specific-self-determined-priorities-indicators\/#determinants\">Voir les d\u00e9terminants de la sant\u00e9 propres aux Autochtones<\/a><\/p>\n<h2>Quelle incidence cela a-t-il sur les soins et les r\u00e9sultats?<\/h2>\n<p>Une recherche \u00e9thique et les conclusions qui en d\u00e9coulent peuvent fournir des donn\u00e9es probantes pr\u00e9cieuses pour guider le travail des communaut\u00e9s afin d\u2019am\u00e9liorer l\u2019acc\u00e8s, les exp\u00e9riences et les r\u00e9sultats des Premi\u00e8res\u00a0Nations, des Inuits et des M\u00e9tis en mati\u00e8re de pr\u00e9vention et de soins du cancer.<\/p>\n<p>Plus pr\u00e9cis\u00e9ment, elles peuvent contribuer \u00e0 renforcer les capacit\u00e9s et \u00e0 cr\u00e9er des politiques et des programmes qui r\u00e9pondent aux besoins des communaut\u00e9s et qui sont adapt\u00e9s \u00e0 leur culture. Elles peuvent donner lieu \u00e0 d\u2019importants progr\u00e8s syst\u00e9miques susceptibles d\u2019am\u00e9liorer l\u2019exp\u00e9rience des patients, les soins et les r\u00e9sultats gr\u00e2ce \u00e0 l\u2019inclusion respectueuse des opinions des communaut\u00e9s des Premi\u00e8res\u00a0Nations, des Inuits et des M\u00e9tis.<\/p>\n<h2>Vers l\u2019\u00e9quit\u00e9 en sant\u00e9<\/h2>\n<p>La recherche \u00e9thique soutient l\u2019\u00e9quit\u00e9 en sant\u00e9, car elle est men\u00e9e de mani\u00e8re \u00e9quitable pour toutes les personnes concern\u00e9es. Cela implique de reconna\u00eetre et de respecter les besoins de toutes les personnes qui participent au processus de recherche, notamment les participants, les chercheurs et les communaut\u00e9s.<\/p>\n<p>L\u2019\u00e9tablissement d\u2019une recherche et d\u2019une repr\u00e9sentation \u00e9thiques et bien \u00e9quilibr\u00e9es aide \u00e0 renouer les relations entre les chercheurs et les communaut\u00e9s des Premi\u00e8res\u00a0Nations, des Inuits et des M\u00e9tis.<\/p>\n<h2>Ce que cela signifierait pour les personnes vivant au Canada<\/h2>\n<p>Des activit\u00e9s et des r\u00e9sultats de recherche \u00e9thiques et \u00e9quitables permettraient d\u2019optimiser les normes de sant\u00e9 pour l\u2019ensemble de la population canadienne, en particulier pour les personnes dont la sant\u00e9 risque de se d\u00e9t\u00e9riorer davantage en raison d\u2019obstacles syst\u00e9miques.<\/p>\n<p><a href=\"https:\/\/www.partnershipagainstcancer.ca\/fr\/cancer-strategy\/co-development-peoples-specific-self-determined-priorities-indicators\/\">Voir le processus d\u2019\u00e9laboration des indicateurs<\/a><br \/>\n<a href=\"https:\/\/www.partnershipagainstcancer.ca\/fr\/cancer-strategy\/strategic-priorities\/priorities-and-indicators\/\">Voir les m\u00e9thodes de mesure des indicateurs<\/a><\/p>\n","protected":false},"excerpt":{"rendered":"<p>Pourquoi cet indicateur est-il important pour les Premi\u00e8res Nations, les Inuits et les M\u00e9tis? Pour mener des \u00e9tudes de mani\u00e8re \u00e9thique aupr\u00e8s des Premi\u00e8res Nations, des Inuits et des M\u00e9tis, il faut \u00e9tablir des relations de confiance et de r\u00e9ciprocit\u00e9 qui constituent la base d\u2019une collaboration respectueuse. Il est essentiel de bien communiquer avec les [&hellip;]<\/p>\n","protected":false},"author":24,"featured_media":55588,"parent":55450,"menu_order":1,"comment_status":"closed","ping_status":"closed","template":"","meta":{"_acf_changed":false,"_monsterinsights_skip_tracking":false,"_monsterinsights_sitenote_active":false,"_monsterinsights_sitenote_note":"","_monsterinsights_sitenote_category":0,"ep_exclude_from_search":false,"footnotes":""},"categories":[997,1937],"tags":[],"site-tools":[],"ppma_author":[1964],"class_list":["post-55590","page","type-page","status-publish","has-post-thumbnail","hentry","category-actif","category-priority-indicator-fr"],"acf":[],"yoast_head":"<!-- This site is optimized with the Yoast SEO plugin v27.3 - https:\/\/yoast.com\/product\/yoast-seo-wordpress\/ -->\n<title>Canadian Partnership Against Cancer<\/title>\n<meta name=\"robots\" content=\"index, follow, max-snippet:-1, max-image-preview:large, max-video-preview:-1\" \/>\n<link rel=\"canonical\" href=\"https:\/\/www.partnershipagainstcancer.ca\/fr\/cancer-strategy\/strategic-priorities\/priorities-and-indicators\/research-findings\/\" \/>\n<meta property=\"og:locale\" content=\"fr_FR\" \/>\n<meta property=\"og:type\" content=\"article\" \/>\n<meta property=\"og:title\" content=\"Comment l\u2019\u00e9thique de la recherche sur les communaut\u00e9s inuites, m\u00e9tisses et des Premi\u00e8res Nations est-elle respect\u00e9e et comment la voix de ces peuples est-elle prise en compte pendant le processus de recherche? - Canadian Partnership Against Cancer\" \/>\n<meta property=\"og:description\" content=\"Pourquoi cet indicateur est-il important pour les Premi\u00e8res Nations, les Inuits et les M\u00e9tis? Pour mener des \u00e9tudes de mani\u00e8re \u00e9thique aupr\u00e8s des Premi\u00e8res Nations, des Inuits et des M\u00e9tis, il faut \u00e9tablir des relations de confiance et de r\u00e9ciprocit\u00e9 qui constituent la base d\u2019une collaboration respectueuse. Il est essentiel de bien communiquer avec les [&hellip;]\" \/>\n<meta property=\"og:url\" content=\"https:\/\/www.partnershipagainstcancer.ca\/fr\/cancer-strategy\/strategic-priorities\/priorities-and-indicators\/research-findings\/\" \/>\n<meta property=\"og:site_name\" content=\"Canadian Partnership Against Cancer\" \/>\n<meta property=\"article:publisher\" content=\"https:\/\/www.facebook.com\/CanadianPartnershipAgainstCancer\/\" \/>\n<meta property=\"article:modified_time\" content=\"2025-08-07T19:44:08+00:00\" \/>\n<meta property=\"og:image\" content=\"https:\/\/www.partnershipagainstcancer.ca\/wp-content\/uploads\/2022\/08\/11-share-research-findings-back-development-process.png\" \/>\n\t<meta property=\"og:image:width\" content=\"216\" \/>\n\t<meta property=\"og:image:height\" content=\"217\" \/>\n\t<meta property=\"og:image:type\" content=\"image\/png\" \/>\n<meta name=\"twitter:card\" content=\"summary_large_image\" \/>\n<meta name=\"twitter:site\" content=\"@cancerstratca\" \/>\n<meta name=\"twitter:label1\" content=\"Dur\u00e9e de lecture estim\u00e9e\" \/>\n\t<meta name=\"twitter:data1\" content=\"4 minutes\" \/>\n<script type=\"application\/ld+json\" class=\"yoast-schema-graph\">{\"@context\":\"https:\\\/\\\/schema.org\",\"@graph\":[{\"@type\":\"WebPage\",\"@id\":\"https:\\\/\\\/www.partnershipagainstcancer.ca\\\/fr\\\/cancer-strategy\\\/strategic-priorities\\\/priorities-and-indicators\\\/research-findings\\\/\",\"url\":\"https:\\\/\\\/www.partnershipagainstcancer.ca\\\/fr\\\/cancer-strategy\\\/strategic-priorities\\\/priorities-and-indicators\\\/research-findings\\\/\",\"name\":\"Comment l\u2019\u00e9thique de la recherche sur les communaut\u00e9s inuites, m\u00e9tisses et des Premi\u00e8res Nations est-elle respect\u00e9e et comment la voix de ces peuples est-elle prise en compte pendant le processus de recherche? - Canadian Partnership Against Cancer\",\"isPartOf\":{\"@id\":\"https:\\\/\\\/dev.partnershipagainstcancer.ca\\\/#website\"},\"primaryImageOfPage\":{\"@id\":\"https:\\\/\\\/www.partnershipagainstcancer.ca\\\/fr\\\/cancer-strategy\\\/strategic-priorities\\\/priorities-and-indicators\\\/research-findings\\\/#primaryimage\"},\"image\":{\"@id\":\"https:\\\/\\\/www.partnershipagainstcancer.ca\\\/fr\\\/cancer-strategy\\\/strategic-priorities\\\/priorities-and-indicators\\\/research-findings\\\/#primaryimage\"},\"thumbnailUrl\":\"https:\\\/\\\/www.partnershipagainstcancer.ca\\\/wp-content\\\/uploads\\\/2022\\\/08\\\/11-share-research-findings-back-development-process.png\",\"datePublished\":\"2022-08-02T03:41:14+00:00\",\"dateModified\":\"2025-08-07T19:44:08+00:00\",\"breadcrumb\":{\"@id\":\"https:\\\/\\\/www.partnershipagainstcancer.ca\\\/fr\\\/cancer-strategy\\\/strategic-priorities\\\/priorities-and-indicators\\\/research-findings\\\/#breadcrumb\"},\"inLanguage\":\"fr-FR\",\"potentialAction\":[{\"@type\":\"ReadAction\",\"target\":[\"https:\\\/\\\/www.partnershipagainstcancer.ca\\\/fr\\\/cancer-strategy\\\/strategic-priorities\\\/priorities-and-indicators\\\/research-findings\\\/\"]}]},{\"@type\":\"ImageObject\",\"inLanguage\":\"fr-FR\",\"@id\":\"https:\\\/\\\/www.partnershipagainstcancer.ca\\\/fr\\\/cancer-strategy\\\/strategic-priorities\\\/priorities-and-indicators\\\/research-findings\\\/#primaryimage\",\"url\":\"https:\\\/\\\/www.partnershipagainstcancer.ca\\\/wp-content\\\/uploads\\\/2022\\\/08\\\/11-share-research-findings-back-development-process.png\",\"contentUrl\":\"https:\\\/\\\/www.partnershipagainstcancer.ca\\\/wp-content\\\/uploads\\\/2022\\\/08\\\/11-share-research-findings-back-development-process.png\",\"width\":216,\"height\":217},{\"@type\":\"BreadcrumbList\",\"@id\":\"https:\\\/\\\/www.partnershipagainstcancer.ca\\\/fr\\\/cancer-strategy\\\/strategic-priorities\\\/priorities-and-indicators\\\/research-findings\\\/#breadcrumb\",\"itemListElement\":[{\"@type\":\"ListItem\",\"position\":1,\"name\":\"Strat\u00e9gie sur le cancer\",\"item\":\"https:\\\/\\\/www.partnershipagainstcancer.ca\\\/fr\\\/cancer-strategy\\\/\"},{\"@type\":\"ListItem\",\"position\":2,\"name\":\"Priorit\u00e9s strat\u00e9giques\",\"item\":\"https:\\\/\\\/www.partnershipagainstcancer.ca\\\/fr\\\/cancer-strategy\\\/strategic-priorities\\\/\"},{\"@type\":\"ListItem\",\"position\":3,\"name\":\"Priorit\u00e9s et indicateurs\",\"item\":\"https:\\\/\\\/www.partnershipagainstcancer.ca\\\/fr\\\/cancer-strategy\\\/strategic-priorities\\\/priorities-and-indicators\\\/\"},{\"@type\":\"ListItem\",\"position\":4,\"name\":\"Comment l\u2019\u00e9thique de la recherche sur les communaut\u00e9s inuites, m\u00e9tisses et des Premi\u00e8res Nations est-elle respect\u00e9e et comment la voix de ces peuples est-elle prise en compte pendant le processus de recherche?\"}]},{\"@type\":\"WebSite\",\"@id\":\"https:\\\/\\\/dev.partnershipagainstcancer.ca\\\/#website\",\"url\":\"https:\\\/\\\/dev.partnershipagainstcancer.ca\\\/\",\"name\":\"Canadian Partnership Against Cancer\",\"description\":\"\",\"potentialAction\":[{\"@type\":\"SearchAction\",\"target\":{\"@type\":\"EntryPoint\",\"urlTemplate\":\"https:\\\/\\\/dev.partnershipagainstcancer.ca\\\/?s={search_term_string}\"},\"query-input\":{\"@type\":\"PropertyValueSpecification\",\"valueRequired\":true,\"valueName\":\"search_term_string\"}}],\"inLanguage\":\"fr-FR\"}]}<\/script>\n<!-- \/ Yoast SEO plugin. -->","yoast_head_json":{"title":"Canadian Partnership Against Cancer","robots":{"index":"index","follow":"follow","max-snippet":"max-snippet:-1","max-image-preview":"max-image-preview:large","max-video-preview":"max-video-preview:-1"},"canonical":"https:\/\/www.partnershipagainstcancer.ca\/fr\/cancer-strategy\/strategic-priorities\/priorities-and-indicators\/research-findings\/","og_locale":"fr_FR","og_type":"article","og_title":"Comment l\u2019\u00e9thique de la recherche sur les communaut\u00e9s inuites, m\u00e9tisses et des Premi\u00e8res Nations est-elle respect\u00e9e et comment la voix de ces peuples est-elle prise en compte pendant le processus de recherche? - Canadian Partnership Against Cancer","og_description":"Pourquoi cet indicateur est-il important pour les Premi\u00e8res Nations, les Inuits et les M\u00e9tis? Pour mener des \u00e9tudes de mani\u00e8re \u00e9thique aupr\u00e8s des Premi\u00e8res Nations, des Inuits et des M\u00e9tis, il faut \u00e9tablir des relations de confiance et de r\u00e9ciprocit\u00e9 qui constituent la base d\u2019une collaboration respectueuse. Il est essentiel de bien communiquer avec les [&hellip;]","og_url":"https:\/\/www.partnershipagainstcancer.ca\/fr\/cancer-strategy\/strategic-priorities\/priorities-and-indicators\/research-findings\/","og_site_name":"Canadian Partnership Against Cancer","article_publisher":"https:\/\/www.facebook.com\/CanadianPartnershipAgainstCancer\/","article_modified_time":"2025-08-07T19:44:08+00:00","og_image":[{"width":216,"height":217,"url":"https:\/\/www.partnershipagainstcancer.ca\/wp-content\/uploads\/2022\/08\/11-share-research-findings-back-development-process.png","type":"image\/png"}],"twitter_card":"summary_large_image","twitter_site":"@cancerstratca","twitter_misc":{"Dur\u00e9e de lecture estim\u00e9e":"4 minutes"},"schema":{"@context":"https:\/\/schema.org","@graph":[{"@type":"WebPage","@id":"https:\/\/www.partnershipagainstcancer.ca\/fr\/cancer-strategy\/strategic-priorities\/priorities-and-indicators\/research-findings\/","url":"https:\/\/www.partnershipagainstcancer.ca\/fr\/cancer-strategy\/strategic-priorities\/priorities-and-indicators\/research-findings\/","name":"Comment l\u2019\u00e9thique de la recherche sur les communaut\u00e9s inuites, m\u00e9tisses et des Premi\u00e8res Nations est-elle respect\u00e9e et comment la voix de ces peuples est-elle prise en compte pendant le processus de recherche? - Canadian Partnership Against Cancer","isPartOf":{"@id":"https:\/\/dev.partnershipagainstcancer.ca\/#website"},"primaryImageOfPage":{"@id":"https:\/\/www.partnershipagainstcancer.ca\/fr\/cancer-strategy\/strategic-priorities\/priorities-and-indicators\/research-findings\/#primaryimage"},"image":{"@id":"https:\/\/www.partnershipagainstcancer.ca\/fr\/cancer-strategy\/strategic-priorities\/priorities-and-indicators\/research-findings\/#primaryimage"},"thumbnailUrl":"https:\/\/www.partnershipagainstcancer.ca\/wp-content\/uploads\/2022\/08\/11-share-research-findings-back-development-process.png","datePublished":"2022-08-02T03:41:14+00:00","dateModified":"2025-08-07T19:44:08+00:00","breadcrumb":{"@id":"https:\/\/www.partnershipagainstcancer.ca\/fr\/cancer-strategy\/strategic-priorities\/priorities-and-indicators\/research-findings\/#breadcrumb"},"inLanguage":"fr-FR","potentialAction":[{"@type":"ReadAction","target":["https:\/\/www.partnershipagainstcancer.ca\/fr\/cancer-strategy\/strategic-priorities\/priorities-and-indicators\/research-findings\/"]}]},{"@type":"ImageObject","inLanguage":"fr-FR","@id":"https:\/\/www.partnershipagainstcancer.ca\/fr\/cancer-strategy\/strategic-priorities\/priorities-and-indicators\/research-findings\/#primaryimage","url":"https:\/\/www.partnershipagainstcancer.ca\/wp-content\/uploads\/2022\/08\/11-share-research-findings-back-development-process.png","contentUrl":"https:\/\/www.partnershipagainstcancer.ca\/wp-content\/uploads\/2022\/08\/11-share-research-findings-back-development-process.png","width":216,"height":217},{"@type":"BreadcrumbList","@id":"https:\/\/www.partnershipagainstcancer.ca\/fr\/cancer-strategy\/strategic-priorities\/priorities-and-indicators\/research-findings\/#breadcrumb","itemListElement":[{"@type":"ListItem","position":1,"name":"Strat\u00e9gie sur le cancer","item":"https:\/\/www.partnershipagainstcancer.ca\/fr\/cancer-strategy\/"},{"@type":"ListItem","position":2,"name":"Priorit\u00e9s strat\u00e9giques","item":"https:\/\/www.partnershipagainstcancer.ca\/fr\/cancer-strategy\/strategic-priorities\/"},{"@type":"ListItem","position":3,"name":"Priorit\u00e9s et indicateurs","item":"https:\/\/www.partnershipagainstcancer.ca\/fr\/cancer-strategy\/strategic-priorities\/priorities-and-indicators\/"},{"@type":"ListItem","position":4,"name":"Comment l\u2019\u00e9thique de la recherche sur les communaut\u00e9s inuites, m\u00e9tisses et des Premi\u00e8res Nations est-elle respect\u00e9e et comment la voix de ces peuples est-elle prise en compte pendant le processus de recherche?"}]},{"@type":"WebSite","@id":"https:\/\/dev.partnershipagainstcancer.ca\/#website","url":"https:\/\/dev.partnershipagainstcancer.ca\/","name":"Canadian Partnership Against Cancer","description":"","potentialAction":[{"@type":"SearchAction","target":{"@type":"EntryPoint","urlTemplate":"https:\/\/dev.partnershipagainstcancer.ca\/?s={search_term_string}"},"query-input":{"@type":"PropertyValueSpecification","valueRequired":true,"valueName":"search_term_string"}}],"inLanguage":"fr-FR"}]}},"_links":{"self":[{"href":"https:\/\/www.partnershipagainstcancer.ca\/fr\/wp-json\/wp\/v2\/pages\/55590","targetHints":{"allow":["GET"]}}],"collection":[{"href":"https:\/\/www.partnershipagainstcancer.ca\/fr\/wp-json\/wp\/v2\/pages"}],"about":[{"href":"https:\/\/www.partnershipagainstcancer.ca\/fr\/wp-json\/wp\/v2\/types\/page"}],"author":[{"embeddable":true,"href":"https:\/\/www.partnershipagainstcancer.ca\/fr\/wp-json\/wp\/v2\/users\/24"}],"replies":[{"embeddable":true,"href":"https:\/\/www.partnershipagainstcancer.ca\/fr\/wp-json\/wp\/v2\/comments?post=55590"}],"version-history":[{"count":3,"href":"https:\/\/www.partnershipagainstcancer.ca\/fr\/wp-json\/wp\/v2\/pages\/55590\/revisions"}],"predecessor-version":[{"id":72693,"href":"https:\/\/www.partnershipagainstcancer.ca\/fr\/wp-json\/wp\/v2\/pages\/55590\/revisions\/72693"}],"up":[{"embeddable":true,"href":"https:\/\/www.partnershipagainstcancer.ca\/fr\/wp-json\/wp\/v2\/pages\/55450"}],"wp:featuredmedia":[{"embeddable":true,"href":"https:\/\/www.partnershipagainstcancer.ca\/fr\/wp-json\/wp\/v2\/media\/55588"}],"wp:attachment":[{"href":"https:\/\/www.partnershipagainstcancer.ca\/fr\/wp-json\/wp\/v2\/media?parent=55590"}],"wp:term":[{"taxonomy":"category","embeddable":true,"href":"https:\/\/www.partnershipagainstcancer.ca\/fr\/wp-json\/wp\/v2\/categories?post=55590"},{"taxonomy":"post_tag","embeddable":true,"href":"https:\/\/www.partnershipagainstcancer.ca\/fr\/wp-json\/wp\/v2\/tags?post=55590"},{"taxonomy":"site-tools","embeddable":true,"href":"https:\/\/www.partnershipagainstcancer.ca\/fr\/wp-json\/wp\/v2\/site-tools?post=55590"},{"taxonomy":"author","embeddable":true,"href":"https:\/\/www.partnershipagainstcancer.ca\/fr\/wp-json\/wp\/v2\/ppma_author?post=55590"}],"curies":[{"name":"wp","href":"https:\/\/api.w.org\/{rel}","templated":true}]}}