{"id":55558,"date":"2022-08-01T22:16:44","date_gmt":"2022-08-02T03:16:44","guid":{"rendered":"https:\/\/www.partnershipagainstcancer.ca\/cancer-strategy\/strategic-priorities\/priorities-and-indicators\/assistance-indigenous-language\/"},"modified":"2025-08-07T14:21:53","modified_gmt":"2025-08-07T19:21:53","slug":"care-resources-preferred-language","status":"publish","type":"page","link":"https:\/\/www.partnershipagainstcancer.ca\/fr\/cancer-strategy\/strategic-priorities\/priorities-and-indicators\/care-resources-preferred-language\/","title":{"rendered":"Avez-vous pu acc\u00e9der aux soins et aux ressources dans la langue de votre choix?"},"content":{"rendered":"<h2>Contexte<\/h2>\n<p>Plus de 70 langues diff\u00e9rentes sont parl\u00e9es au sein des communaut\u00e9s inuites, m\u00e9tisses et des Premi\u00e8res Nations au Canada. Le cri, l\u2019inuktitut, l\u2019ojibw\u00e9, l\u2019oji-cri et le michif sont les langues les plus parl\u00e9es<sup>1<\/sup>.<\/p>\n<p>Plus de soixante pour cent (60 %) des a\u00een\u00e9s inuits \u00e2g\u00e9s de 65 ans et plus d\u00e9clarent une langue inuite comme langue maternelle. De m\u00eame, un pourcentage \u00e9lev\u00e9 (35 %) d\u2019a\u00een\u00e9s des Premi\u00e8res Nations conversent dans leur langue maternelle.<\/p>\n<p>Pour les Inuits, la <em>Loi sur les langues officielles du Nunavut<\/em><sup>2<\/sup> reconna\u00eet l\u2019inuktitut et l\u2019inuinnaqtun comme langues officielles du territoire. Aux Territoires du Nord-Ouest, 11 langues autochtones sont utilis\u00e9es au quotidien. Pour les M\u00e9tis, le michif est la langue de pr\u00e9dilection de nombreux a\u00een\u00e9s.<\/p>\n<p>Certains patients, en particulier les personnes \u00e2g\u00e9es qui souhaitent recevoir des soins et des traitements, peuvent se sentir plus \u00e0 l\u2019aise dans leur langue maternelle et avoir besoin de services de traduction.<\/p>\n<h2>Pourquoi cet indicateur est-il important pour les Premi\u00e8res Nations, les Inuits et les M\u00e9tis?<\/h2>\n<p>Les communaut\u00e9s inuites, m\u00e9tisses et des Premi\u00e8res Nations sont confront\u00e9es \u00e0 des obstacles en mati\u00e8re de soins parce que leur langue maternelle n\u2019est pas l\u2019une des deux langues officielles (l\u2019anglais ou le fran\u00e7ais)<sup>3<\/sup>.<\/p>\n<p>Les personnes confront\u00e9es \u00e0 la barri\u00e8re de la langue risquent de recevoir des soins de mauvaise qualit\u00e9 et d\u2019\u00eatre plus expos\u00e9es \u00e0 des erreurs m\u00e9dicales, \u00e0 des examens inutiles et \u00e0 des effets ind\u00e9sirables li\u00e9s au traitement<sup>3<\/sup>.<\/p>\n<p>L\u2019utilisation des langues des Premi\u00e8res Nations, des Inuits et des M\u00e9tis dans un cadre m\u00e9dical peut cr\u00e9er un environnement plus accueillant pour les patients, am\u00e9liorer leur sentiment de confort et de s\u00e9curisation culturelle et les encourager \u00e0 revenir pour des soins de suivi.<\/p>\n<h2>Quelle incidence cela a-t-il sur les soins et les r\u00e9sultats?<\/h2>\n<p>Il est extr\u00eamement difficile, pour un patient dont l\u2019anglais ou le fran\u00e7ais n\u2019est pas la langue maternelle, de comprendre le diagnostic et le traitement du cancer et de s\u2019orienter dans le syst\u00e8me de soins en canc\u00e9rologie.<\/p>\n<p>Les barri\u00e8res linguistiques peuvent nuire \u00e0 l\u2019acc\u00e8s aux soins, \u00e0 la confidentialit\u00e9 et au consentement des patients, \u00e0 leur compr\u00e9hension et \u00e0 leur capacit\u00e9 \u00e0 suivre leur plan de traitement, ainsi qu\u2019\u00e0 la qualit\u00e9 des soins<sup>4<\/sup>.<\/p>\n<p>L\u2019incompr\u00e9hension et la mauvaise communication peuvent constituer un risque pour la s\u00e9curit\u00e9 des patients, car elles peuvent conduire \u00e0 des erreurs diagnostiques et m\u00e9dicales telles que la prescription inappropri\u00e9e de m\u00e9dicaments<sup>4<\/sup>.<\/p>\n<p>Outre les barri\u00e8res linguistiques, il est essentiel de veiller \u00e0 ce que <a href=\"https:\/\/www.partnershipagainstcancer.ca\/fr\/cancer-strategy\/strategic-priorities\/priorities-and-indicators\/medical-terminology\/\">la terminologie m\u00e9dicale soit communiqu\u00e9e dans un langage clair et simple<\/a>.<\/p>\n<p>Au-del\u00e0 de la s\u00e9curit\u00e9 des patients, la prestation de soins s\u00e9curisants sur le plan culturel est \u00e9galement un aspect important pour offrir des soins de qualit\u00e9.<\/p>\n<p>Les langues et la culture des Premi\u00e8res Nations, des Inuits et des M\u00e9tis sont indissociables. Ensemble, elles influencent les croyances en mati\u00e8re de sant\u00e9 et de bien-\u00eatre, les comportements favorables \u00e0 la sant\u00e9, la mani\u00e8re dont les personnes s\u2019occupent de leur sant\u00e9 et les sch\u00e9mas de communication.<\/p>\n<p>La compr\u00e9hension et le respect de ces diverses visions du monde constituent la pierre angulaire des soins adapt\u00e9s sur le plan culturel.<\/p>\n<h2>Vers l\u2019\u00e9quit\u00e9 en sant\u00e9<\/h2>\n<p>L\u2019\u00e9quit\u00e9 en sant\u00e9 est assur\u00e9e si chacun a une chance \u00e9gale d\u2019atteindre son plein potentiel sur le plan de la sant\u00e9. La r\u00e9duction des obstacles et des diff\u00e9rences \u00e9vitables dans les soins y contribue.<\/p>\n<p>Les efforts d\u00e9ploy\u00e9s pour surmonter les barri\u00e8res linguistiques et fournir des soins s\u00e9curisants sur le plan culturel peuvent am\u00e9liorer l\u2019acc\u00e8s aux soins de sant\u00e9, la qualit\u00e9 des soins, les droits des patients, la satisfaction des patients et des prestataires de soins, et surtout, les r\u00e9sultats sur la sant\u00e9 des patients.<\/p>\n<h2>Ce que cela signifierait pour les personnes vivant au Canada<\/h2>\n<p>L\u2019universalit\u00e9 des soins de sant\u00e9 est une valeur profond\u00e9ment ancr\u00e9e au Canada. Cependant, en raison des barri\u00e8res linguistiques, tout le monde au pays n\u2019est pas en mesure d\u2019acc\u00e9der \u00e0 ce syst\u00e8me de soins et d\u2019en tirer profit.<\/p>\n<p>La situation s\u2019am\u00e9liorera lorsque les patients inuits, m\u00e9tis et des Premi\u00e8res Nations qui parlent leur langue ancestrale pourront acc\u00e9der \u00e0 des soins de qualit\u00e9 et s\u00e9curisants dans la langue de leur choix.<\/p>\n","protected":false},"excerpt":{"rendered":"<p>Contexte Plus de 70 langues diff\u00e9rentes sont parl\u00e9es au sein des communaut\u00e9s inuites, m\u00e9tisses et des Premi\u00e8res Nations au Canada. Le cri, l\u2019inuktitut, l\u2019ojibw\u00e9, l\u2019oji-cri et le michif sont les langues les plus parl\u00e9es1. Plus de soixante pour cent (60 %) des a\u00een\u00e9s inuits \u00e2g\u00e9s de 65 ans et plus d\u00e9clarent une langue inuite comme [&hellip;]<\/p>\n","protected":false},"author":24,"featured_media":55556,"parent":55450,"menu_order":12,"comment_status":"closed","ping_status":"closed","template":"","meta":{"_acf_changed":false,"_monsterinsights_skip_tracking":false,"_monsterinsights_sitenote_active":false,"_monsterinsights_sitenote_note":"","_monsterinsights_sitenote_category":0,"ep_exclude_from_search":false,"footnotes":""},"categories":[997,1937],"tags":[],"site-tools":[],"ppma_author":[1964],"class_list":["post-55558","page","type-page","status-publish","has-post-thumbnail","hentry","category-actif","category-priority-indicator-fr"],"acf":[],"yoast_head":"<!-- This site is optimized with the Yoast SEO plugin v27.3 - https:\/\/yoast.com\/product\/yoast-seo-wordpress\/ -->\n<title>Canadian Partnership Against Cancer<\/title>\n<meta name=\"robots\" content=\"index, follow, max-snippet:-1, max-image-preview:large, max-video-preview:-1\" \/>\n<link rel=\"canonical\" href=\"https:\/\/www.partnershipagainstcancer.ca\/fr\/cancer-strategy\/strategic-priorities\/priorities-and-indicators\/care-resources-preferred-language\/\" \/>\n<meta property=\"og:locale\" content=\"fr_FR\" \/>\n<meta property=\"og:type\" content=\"article\" \/>\n<meta property=\"og:title\" content=\"Avez-vous pu acc\u00e9der aux soins et aux ressources dans la langue de votre choix? - Canadian Partnership Against Cancer\" \/>\n<meta property=\"og:description\" content=\"Contexte Plus de 70 langues diff\u00e9rentes sont parl\u00e9es au sein des communaut\u00e9s inuites, m\u00e9tisses et des Premi\u00e8res Nations au Canada. Le cri, l\u2019inuktitut, l\u2019ojibw\u00e9, l\u2019oji-cri et le michif sont les langues les plus parl\u00e9es1. Plus de soixante pour cent (60 %) des a\u00een\u00e9s inuits \u00e2g\u00e9s de 65 ans et plus d\u00e9clarent une langue inuite comme [&hellip;]\" \/>\n<meta property=\"og:url\" content=\"https:\/\/www.partnershipagainstcancer.ca\/fr\/cancer-strategy\/strategic-priorities\/priorities-and-indicators\/care-resources-preferred-language\/\" \/>\n<meta property=\"og:site_name\" content=\"Canadian Partnership Against Cancer\" \/>\n<meta property=\"article:publisher\" content=\"https:\/\/www.facebook.com\/CanadianPartnershipAgainstCancer\/\" \/>\n<meta property=\"article:modified_time\" content=\"2025-08-07T19:21:53+00:00\" \/>\n<meta property=\"og:image\" content=\"https:\/\/www.partnershipagainstcancer.ca\/wp-content\/uploads\/2022\/08\/6-assistance-Indigenous-language.png\" \/>\n\t<meta property=\"og:image:width\" content=\"217\" \/>\n\t<meta property=\"og:image:height\" content=\"217\" \/>\n\t<meta property=\"og:image:type\" content=\"image\/png\" \/>\n<meta name=\"twitter:card\" content=\"summary_large_image\" \/>\n<meta name=\"twitter:site\" content=\"@cancerstratca\" \/>\n<meta name=\"twitter:label1\" content=\"Dur\u00e9e de lecture estim\u00e9e\" \/>\n\t<meta name=\"twitter:data1\" content=\"4 minutes\" \/>\n<script type=\"application\/ld+json\" class=\"yoast-schema-graph\">{\"@context\":\"https:\\\/\\\/schema.org\",\"@graph\":[{\"@type\":\"WebPage\",\"@id\":\"https:\\\/\\\/www.partnershipagainstcancer.ca\\\/fr\\\/cancer-strategy\\\/strategic-priorities\\\/priorities-and-indicators\\\/care-resources-preferred-language\\\/\",\"url\":\"https:\\\/\\\/www.partnershipagainstcancer.ca\\\/fr\\\/cancer-strategy\\\/strategic-priorities\\\/priorities-and-indicators\\\/care-resources-preferred-language\\\/\",\"name\":\"Avez-vous pu acc\u00e9der aux soins et aux ressources dans la langue de votre choix? - Canadian Partnership Against Cancer\",\"isPartOf\":{\"@id\":\"https:\\\/\\\/dev.partnershipagainstcancer.ca\\\/#website\"},\"primaryImageOfPage\":{\"@id\":\"https:\\\/\\\/www.partnershipagainstcancer.ca\\\/fr\\\/cancer-strategy\\\/strategic-priorities\\\/priorities-and-indicators\\\/care-resources-preferred-language\\\/#primaryimage\"},\"image\":{\"@id\":\"https:\\\/\\\/www.partnershipagainstcancer.ca\\\/fr\\\/cancer-strategy\\\/strategic-priorities\\\/priorities-and-indicators\\\/care-resources-preferred-language\\\/#primaryimage\"},\"thumbnailUrl\":\"https:\\\/\\\/www.partnershipagainstcancer.ca\\\/wp-content\\\/uploads\\\/2022\\\/08\\\/6-assistance-Indigenous-language.png\",\"datePublished\":\"2022-08-02T03:16:44+00:00\",\"dateModified\":\"2025-08-07T19:21:53+00:00\",\"breadcrumb\":{\"@id\":\"https:\\\/\\\/www.partnershipagainstcancer.ca\\\/fr\\\/cancer-strategy\\\/strategic-priorities\\\/priorities-and-indicators\\\/care-resources-preferred-language\\\/#breadcrumb\"},\"inLanguage\":\"fr-FR\",\"potentialAction\":[{\"@type\":\"ReadAction\",\"target\":[\"https:\\\/\\\/www.partnershipagainstcancer.ca\\\/fr\\\/cancer-strategy\\\/strategic-priorities\\\/priorities-and-indicators\\\/care-resources-preferred-language\\\/\"]}]},{\"@type\":\"ImageObject\",\"inLanguage\":\"fr-FR\",\"@id\":\"https:\\\/\\\/www.partnershipagainstcancer.ca\\\/fr\\\/cancer-strategy\\\/strategic-priorities\\\/priorities-and-indicators\\\/care-resources-preferred-language\\\/#primaryimage\",\"url\":\"https:\\\/\\\/www.partnershipagainstcancer.ca\\\/wp-content\\\/uploads\\\/2022\\\/08\\\/6-assistance-Indigenous-language.png\",\"contentUrl\":\"https:\\\/\\\/www.partnershipagainstcancer.ca\\\/wp-content\\\/uploads\\\/2022\\\/08\\\/6-assistance-Indigenous-language.png\",\"width\":217,\"height\":217},{\"@type\":\"BreadcrumbList\",\"@id\":\"https:\\\/\\\/www.partnershipagainstcancer.ca\\\/fr\\\/cancer-strategy\\\/strategic-priorities\\\/priorities-and-indicators\\\/care-resources-preferred-language\\\/#breadcrumb\",\"itemListElement\":[{\"@type\":\"ListItem\",\"position\":1,\"name\":\"Strat\u00e9gie sur le cancer\",\"item\":\"https:\\\/\\\/www.partnershipagainstcancer.ca\\\/fr\\\/cancer-strategy\\\/\"},{\"@type\":\"ListItem\",\"position\":2,\"name\":\"Priorit\u00e9s strat\u00e9giques\",\"item\":\"https:\\\/\\\/www.partnershipagainstcancer.ca\\\/fr\\\/cancer-strategy\\\/strategic-priorities\\\/\"},{\"@type\":\"ListItem\",\"position\":3,\"name\":\"Priorit\u00e9s et indicateurs\",\"item\":\"https:\\\/\\\/www.partnershipagainstcancer.ca\\\/fr\\\/cancer-strategy\\\/strategic-priorities\\\/priorities-and-indicators\\\/\"},{\"@type\":\"ListItem\",\"position\":4,\"name\":\"Avez-vous pu acc\u00e9der aux soins et aux ressources dans la langue de votre choix?\"}]},{\"@type\":\"WebSite\",\"@id\":\"https:\\\/\\\/dev.partnershipagainstcancer.ca\\\/#website\",\"url\":\"https:\\\/\\\/dev.partnershipagainstcancer.ca\\\/\",\"name\":\"Canadian Partnership Against Cancer\",\"description\":\"\",\"potentialAction\":[{\"@type\":\"SearchAction\",\"target\":{\"@type\":\"EntryPoint\",\"urlTemplate\":\"https:\\\/\\\/dev.partnershipagainstcancer.ca\\\/?s={search_term_string}\"},\"query-input\":{\"@type\":\"PropertyValueSpecification\",\"valueRequired\":true,\"valueName\":\"search_term_string\"}}],\"inLanguage\":\"fr-FR\"}]}<\/script>\n<!-- \/ Yoast SEO plugin. -->","yoast_head_json":{"title":"Canadian Partnership Against Cancer","robots":{"index":"index","follow":"follow","max-snippet":"max-snippet:-1","max-image-preview":"max-image-preview:large","max-video-preview":"max-video-preview:-1"},"canonical":"https:\/\/www.partnershipagainstcancer.ca\/fr\/cancer-strategy\/strategic-priorities\/priorities-and-indicators\/care-resources-preferred-language\/","og_locale":"fr_FR","og_type":"article","og_title":"Avez-vous pu acc\u00e9der aux soins et aux ressources dans la langue de votre choix? - Canadian Partnership Against Cancer","og_description":"Contexte Plus de 70 langues diff\u00e9rentes sont parl\u00e9es au sein des communaut\u00e9s inuites, m\u00e9tisses et des Premi\u00e8res Nations au Canada. Le cri, l\u2019inuktitut, l\u2019ojibw\u00e9, l\u2019oji-cri et le michif sont les langues les plus parl\u00e9es1. Plus de soixante pour cent (60 %) des a\u00een\u00e9s inuits \u00e2g\u00e9s de 65 ans et plus d\u00e9clarent une langue inuite comme [&hellip;]","og_url":"https:\/\/www.partnershipagainstcancer.ca\/fr\/cancer-strategy\/strategic-priorities\/priorities-and-indicators\/care-resources-preferred-language\/","og_site_name":"Canadian Partnership Against Cancer","article_publisher":"https:\/\/www.facebook.com\/CanadianPartnershipAgainstCancer\/","article_modified_time":"2025-08-07T19:21:53+00:00","og_image":[{"width":217,"height":217,"url":"https:\/\/www.partnershipagainstcancer.ca\/wp-content\/uploads\/2022\/08\/6-assistance-Indigenous-language.png","type":"image\/png"}],"twitter_card":"summary_large_image","twitter_site":"@cancerstratca","twitter_misc":{"Dur\u00e9e de lecture estim\u00e9e":"4 minutes"},"schema":{"@context":"https:\/\/schema.org","@graph":[{"@type":"WebPage","@id":"https:\/\/www.partnershipagainstcancer.ca\/fr\/cancer-strategy\/strategic-priorities\/priorities-and-indicators\/care-resources-preferred-language\/","url":"https:\/\/www.partnershipagainstcancer.ca\/fr\/cancer-strategy\/strategic-priorities\/priorities-and-indicators\/care-resources-preferred-language\/","name":"Avez-vous pu acc\u00e9der aux soins et aux ressources dans la langue de votre choix? - Canadian Partnership Against Cancer","isPartOf":{"@id":"https:\/\/dev.partnershipagainstcancer.ca\/#website"},"primaryImageOfPage":{"@id":"https:\/\/www.partnershipagainstcancer.ca\/fr\/cancer-strategy\/strategic-priorities\/priorities-and-indicators\/care-resources-preferred-language\/#primaryimage"},"image":{"@id":"https:\/\/www.partnershipagainstcancer.ca\/fr\/cancer-strategy\/strategic-priorities\/priorities-and-indicators\/care-resources-preferred-language\/#primaryimage"},"thumbnailUrl":"https:\/\/www.partnershipagainstcancer.ca\/wp-content\/uploads\/2022\/08\/6-assistance-Indigenous-language.png","datePublished":"2022-08-02T03:16:44+00:00","dateModified":"2025-08-07T19:21:53+00:00","breadcrumb":{"@id":"https:\/\/www.partnershipagainstcancer.ca\/fr\/cancer-strategy\/strategic-priorities\/priorities-and-indicators\/care-resources-preferred-language\/#breadcrumb"},"inLanguage":"fr-FR","potentialAction":[{"@type":"ReadAction","target":["https:\/\/www.partnershipagainstcancer.ca\/fr\/cancer-strategy\/strategic-priorities\/priorities-and-indicators\/care-resources-preferred-language\/"]}]},{"@type":"ImageObject","inLanguage":"fr-FR","@id":"https:\/\/www.partnershipagainstcancer.ca\/fr\/cancer-strategy\/strategic-priorities\/priorities-and-indicators\/care-resources-preferred-language\/#primaryimage","url":"https:\/\/www.partnershipagainstcancer.ca\/wp-content\/uploads\/2022\/08\/6-assistance-Indigenous-language.png","contentUrl":"https:\/\/www.partnershipagainstcancer.ca\/wp-content\/uploads\/2022\/08\/6-assistance-Indigenous-language.png","width":217,"height":217},{"@type":"BreadcrumbList","@id":"https:\/\/www.partnershipagainstcancer.ca\/fr\/cancer-strategy\/strategic-priorities\/priorities-and-indicators\/care-resources-preferred-language\/#breadcrumb","itemListElement":[{"@type":"ListItem","position":1,"name":"Strat\u00e9gie sur le cancer","item":"https:\/\/www.partnershipagainstcancer.ca\/fr\/cancer-strategy\/"},{"@type":"ListItem","position":2,"name":"Priorit\u00e9s strat\u00e9giques","item":"https:\/\/www.partnershipagainstcancer.ca\/fr\/cancer-strategy\/strategic-priorities\/"},{"@type":"ListItem","position":3,"name":"Priorit\u00e9s et indicateurs","item":"https:\/\/www.partnershipagainstcancer.ca\/fr\/cancer-strategy\/strategic-priorities\/priorities-and-indicators\/"},{"@type":"ListItem","position":4,"name":"Avez-vous pu acc\u00e9der aux soins et aux ressources dans la langue de votre choix?"}]},{"@type":"WebSite","@id":"https:\/\/dev.partnershipagainstcancer.ca\/#website","url":"https:\/\/dev.partnershipagainstcancer.ca\/","name":"Canadian Partnership Against Cancer","description":"","potentialAction":[{"@type":"SearchAction","target":{"@type":"EntryPoint","urlTemplate":"https:\/\/dev.partnershipagainstcancer.ca\/?s={search_term_string}"},"query-input":{"@type":"PropertyValueSpecification","valueRequired":true,"valueName":"search_term_string"}}],"inLanguage":"fr-FR"}]}},"_links":{"self":[{"href":"https:\/\/www.partnershipagainstcancer.ca\/fr\/wp-json\/wp\/v2\/pages\/55558","targetHints":{"allow":["GET"]}}],"collection":[{"href":"https:\/\/www.partnershipagainstcancer.ca\/fr\/wp-json\/wp\/v2\/pages"}],"about":[{"href":"https:\/\/www.partnershipagainstcancer.ca\/fr\/wp-json\/wp\/v2\/types\/page"}],"author":[{"embeddable":true,"href":"https:\/\/www.partnershipagainstcancer.ca\/fr\/wp-json\/wp\/v2\/users\/24"}],"replies":[{"embeddable":true,"href":"https:\/\/www.partnershipagainstcancer.ca\/fr\/wp-json\/wp\/v2\/comments?post=55558"}],"version-history":[{"count":3,"href":"https:\/\/www.partnershipagainstcancer.ca\/fr\/wp-json\/wp\/v2\/pages\/55558\/revisions"}],"predecessor-version":[{"id":72688,"href":"https:\/\/www.partnershipagainstcancer.ca\/fr\/wp-json\/wp\/v2\/pages\/55558\/revisions\/72688"}],"up":[{"embeddable":true,"href":"https:\/\/www.partnershipagainstcancer.ca\/fr\/wp-json\/wp\/v2\/pages\/55450"}],"wp:featuredmedia":[{"embeddable":true,"href":"https:\/\/www.partnershipagainstcancer.ca\/fr\/wp-json\/wp\/v2\/media\/55556"}],"wp:attachment":[{"href":"https:\/\/www.partnershipagainstcancer.ca\/fr\/wp-json\/wp\/v2\/media?parent=55558"}],"wp:term":[{"taxonomy":"category","embeddable":true,"href":"https:\/\/www.partnershipagainstcancer.ca\/fr\/wp-json\/wp\/v2\/categories?post=55558"},{"taxonomy":"post_tag","embeddable":true,"href":"https:\/\/www.partnershipagainstcancer.ca\/fr\/wp-json\/wp\/v2\/tags?post=55558"},{"taxonomy":"site-tools","embeddable":true,"href":"https:\/\/www.partnershipagainstcancer.ca\/fr\/wp-json\/wp\/v2\/site-tools?post=55558"},{"taxonomy":"author","embeddable":true,"href":"https:\/\/www.partnershipagainstcancer.ca\/fr\/wp-json\/wp\/v2\/ppma_author?post=55558"}],"curies":[{"name":"wp","href":"https:\/\/api.w.org\/{rel}","templated":true}]}}