{"id":55549,"date":"2022-08-01T22:14:58","date_gmt":"2022-08-02T03:14:58","guid":{"rendered":"https:\/\/www.partnershipagainstcancer.ca\/cancer-strategy\/strategic-priorities\/priorities-and-indicators\/escort-elder-in-room\/"},"modified":"2025-12-23T14:05:54","modified_gmt":"2025-12-23T19:05:54","slug":"family-community-supports","status":"publish","type":"page","link":"https:\/\/www.partnershipagainstcancer.ca\/fr\/cancer-strategy\/strategic-priorities\/priorities-and-indicators\/family-community-supports\/","title":{"rendered":"Avez-vous pu compter sur le soutien de votre famille et de votre communaut\u00e9 pendant votre parcours face au cancer?"},"content":{"rendered":"<h2>Pourquoi cet indicateur est-il important pour les Premi\u00e8res Nations, les Inuits et les M\u00e9tis?<\/h2>\n<p>Les patients ont une meilleure exp\u00e9rience de soins lorsque les soins m\u00e9dicaux ou les interventions physiques s\u2019accompagnent d\u2019un soutien mental, \u00e9motionnel, culturel et spirituel.<\/p>\n<p>Ce soutien, qu\u2019il soit offert par la famille ou par un autre membre de la communaut\u00e9 comme un a\u00een\u00e9 ou une personne accompagnant le patient tout au long de son traitement contre le cancer, est essentiel.<\/p>\n<p>Il peut permettre de surmonter les diff\u00e9rences linguistiques et culturelles, d\u2019expliquer et de d\u00e9fendre les int\u00e9r\u00eats du patient, d\u2019intervenir lorsque les soins ne sont pas s\u00e9curisants sur le plan culturel et d\u2019apporter une aide sociale et spirituelle. Parfois, ce soutien peut \u00e9galement \u00eatre offert par des intervenants-pivots autochtones \u00e0 l\u2019h\u00f4pital<sup>1<\/sup>.<\/p>\n<p><a href=\"https:\/\/www.partnershipagainstcancer.ca\/fr\/cancer-strategy\/strategic-priorities\/co-development-peoples-specific-self-determined-priorities-indicators\/#determinants\">Voir les d\u00e9terminants de la sant\u00e9 propres aux Autochtones<\/a><\/p>\n<h2>Quelle incidence cela a-t-il sur les soins et les r\u00e9sultats?<\/h2>\n<p>Outre les difficult\u00e9s et les d\u00e9sagr\u00e9ments li\u00e9s aux d\u00e9placements prolong\u00e9s, les patients souffrent de l\u2019isolement qu\u2019entra\u00eenent les longues p\u00e9riodes pass\u00e9es loin de chez eux pour le traitement du cancer. Il est essentiel de pouvoir b\u00e9n\u00e9ficier d\u2019un soutien \u00e9motionnel.<\/p>\n<p>La pr\u00e9sence d\u2019un membre de la famille ou de la communaut\u00e9 aux rendez-vous pour d\u00e9fendre les int\u00e9r\u00eats du patient peut am\u00e9liorer les soins en r\u00e9solvant les probl\u00e8mes li\u00e9s aux d\u00e9placements, \u00e0 la communication et aux barri\u00e8res linguistiques ou en r\u00e9pondant aux pr\u00e9occupations relatives \u00e0 la s\u00e9curisation culturelle. Un membre de la famille ou de la communaut\u00e9 en qui le patient a confiance peut conduire ce dernier ou l\u2019aider \u00e0 faire face aux aspects physiquement exigeants des d\u00e9placements, assister aux rendez-vous pour transmettre des informations et recevoir des instructions de soins, assurer la traduction, signer les formulaires de consentement et fournir les ant\u00e9c\u00e9dents m\u00e9dicaux. M\u00eame lors de rendez-vous virtuels, le soutien d\u2019un membre de la famille ou d\u2019un interpr\u00e8te est essentiel.<\/p>\n<p>D\u2019autres personnes de confiance de la communaut\u00e9, comme les a\u00een\u00e9s, peuvent apporter un soutien \u00e9motionnel et culturel en offrant pri\u00e8res, chants ou acc\u00e8s \u00e0 la nourriture et aux m\u00e9dicaments traditionnels. La communaut\u00e9 reconna\u00eet que les a\u00een\u00e9s ont le don de la connaissance de la langue, des enseignements, des pri\u00e8res, des c\u00e9r\u00e9monies et des m\u00e9dicaments ancestraux. Leur pr\u00e9sence apaisante et leurs conseils avis\u00e9s sont utiles dans les moments de stress. Il est donc important que les patients puissent b\u00e9n\u00e9ficier du soutien de la communaut\u00e9 tout au long de leur parcours de lutte contre le cancer.<\/p>\n<h2>Points de vue uniques des Inuits<\/h2>\n<p>Voici des extraits des points de vue de patientes inuites recueillis en 2010 dans le cadre de la s\u00e9rie de vid\u00e9os intitul\u00e9e \u00ab <a href=\"https:\/\/www.partnershipagainstcancer.ca\/fr\/topics\/truth-of-it-video-series\/\">En toute v\u00e9rit\u00e9<\/a> \u00bb r\u00e9alis\u00e9e par le Partenariat. Les vid\u00e9os d\u00e9crivent le stress g\u00e9n\u00e9r\u00e9 par les d\u00e9placements et le besoin imp\u00e9rieux du soutien mental et \u00e9motionnel d\u2019un accompagnateur.<\/p>\n<blockquote class=\"blockquote-smaller\"><p>J\u2019habite \u00e0 Kugluktuk, et nous devons voyager de Kugluktuk \u00e0 Yellowknife, passer la nuit \u00e0 Yellowknife, puis prendre l\u2019avion pour Edmonton le lendemain. Voyager seul, c\u2019est long; on est d\u00e9j\u00e0 inquiet, vous savez, et on se demande ce qui va nous arriver&#8230;<\/p>\n<p>&#8211; <a href=\"https:\/\/youtu.be\/dpGcHIHLZdc?si=m9Z1squQRgnvqc8c\" target=\"_blank\" rel=\"noopener\">Beatrice<\/a><\/p><\/blockquote>\n<blockquote class=\"blockquote-smaller\"><p>J\u2019avais la possibilit\u00e9 de rester \u00e0 Winnipeg pendant quatre mois, mais je ne voulais pas. J\u2019ai donc choisi d\u2019y aller trois semaines et de recevoir mon traitement, puis de revenir \u00e0 la maison pendant trois semaines. C\u2019est ce que j\u2019ai fait de novembre \u00e0 avril, et puis, pendant un an, j\u2019ai suivi le traitement par Herceptin toutes les trois semaines. J\u2019ai beaucoup voyag\u00e9&#8230;<\/p>\n<p>Ils ont essay\u00e9 une fois de m\u2019offrir le traitement ici, mais \u00e7a co\u00fbtait trop cher au gouvernement d\u2019envoyer une infirmi\u00e8re ici. Je me suis habitu\u00e9e \u00e0 voyager, et j\u2019\u00e9tais si contente d\u2019avoir une accompagnatrice durant tout ce temps. C\u2019est plus une question de mental \u2013 on ne veut pas traverser \u00e7a tout seul. Peu importe notre force mentale, c\u2019est toujours bon d\u2019avoir quelqu\u2019un \u00e0 nos c\u00f4t\u00e9s.<\/p>\n<p>&#8211; <a href=\"https:\/\/youtu.be\/asJIyfOjMOg?si=TYxwfd1OAFyhkyeL\" target=\"_blank\" rel=\"noopener\">Veronica<\/a><\/p><\/blockquote>\n<h2>Vers l\u2019\u00e9quit\u00e9 en sant\u00e9<\/h2>\n<p>Les personnes de soutien, qu\u2019elles soient membres de la famille ou de la communaut\u00e9, sont importantes dans les soins que re\u00e7oit le patient. Elles devraient donc pouvoir acc\u00e9der facilement aux programmes de transport et autres aides financi\u00e8res pour le transport, l\u2019h\u00e9bergement et les repas afin d\u2019\u00eatre en mesure d\u2019assister \u00e0 tous les rendez-vous du patient.<\/p>\n<p>Bien que les patients inuits et des Premi\u00e8res Nations, ainsi que leurs accompagnateurs, b\u00e9n\u00e9ficient d\u2019une aide pour couvrir les frais de d\u00e9placement dans le cadre des services de sant\u00e9 non assur\u00e9s de Sant\u00e9 Canada, les M\u00e9tis et les membres non inscrits des Premi\u00e8res Nations n\u2019y sont pas admissibles. La couverture du programme varie \u00e9galement d\u2019une province ou d\u2019un territoire \u00e0 l\u2019autre. Cette situation est d\u00e9crite plus en d\u00e9tail dans l\u2019article <a href=\"https:\/\/www.partnershipagainstcancer.ca\/fr\/cancer-strategy\/strategic-priorities\/priorities-and-indicators\/travel-access-care\/\">Indicateur : Avez-vous pu recevoir des soins \u00e0 proximit\u00e9 de votre domicile?<\/a><\/p>\n<h2>Ce que cela signifierait pour les personnes vivant au Canada<\/h2>\n<p>Les personnes atteintes d\u2019un cancer ne devraient pas avoir \u00e0 s\u2019inqui\u00e9ter d\u2019\u00eatre seules pour recevoir les soins dont elles ont besoin.<\/p>\n<p>Le co\u00fbt ne devrait pas limiter la capacit\u00e9 d\u2019un patient \u00e0 voyager avec un aidant ou une personne de soutien.<\/p>\n<p><a href=\"https:\/\/www.partnershipagainstcancer.ca\/fr\/cancer-strategy\/co-development-peoples-specific-self-determined-priorities-indicators\/\">Voir le processus d\u2019\u00e9laboration des indicateurs<\/a><br \/>\n<a href=\"https:\/\/www.partnershipagainstcancer.ca\/fr\/cancer-strategy\/strategic-priorities\/priorities-and-indicators\/\">Voir les m\u00e9thodes de mesure des indicateurs<\/a><\/p>\n","protected":false},"excerpt":{"rendered":"<p>Pourquoi cet indicateur est-il important pour les Premi\u00e8res Nations, les Inuits et les M\u00e9tis? Les patients ont une meilleure exp\u00e9rience de soins lorsque les soins m\u00e9dicaux ou les interventions physiques s\u2019accompagnent d\u2019un soutien mental, \u00e9motionnel, culturel et spirituel. Ce soutien, qu\u2019il soit offert par la famille ou par un autre membre de la communaut\u00e9 comme [&hellip;]<\/p>\n","protected":false},"author":24,"featured_media":55547,"parent":55450,"menu_order":8,"comment_status":"closed","ping_status":"closed","template":"","meta":{"_acf_changed":false,"_monsterinsights_skip_tracking":false,"_monsterinsights_sitenote_active":false,"_monsterinsights_sitenote_note":"","_monsterinsights_sitenote_category":0,"ep_exclude_from_search":false,"footnotes":""},"categories":[997,1937],"tags":[],"site-tools":[],"ppma_author":[1964],"class_list":["post-55549","page","type-page","status-publish","has-post-thumbnail","hentry","category-actif","category-priority-indicator-fr"],"acf":[],"yoast_head":"<!-- This site is optimized with the Yoast SEO plugin v27.3 - https:\/\/yoast.com\/product\/yoast-seo-wordpress\/ -->\n<title>Canadian Partnership Against Cancer<\/title>\n<meta name=\"robots\" content=\"index, follow, max-snippet:-1, max-image-preview:large, max-video-preview:-1\" \/>\n<link rel=\"canonical\" href=\"https:\/\/www.partnershipagainstcancer.ca\/fr\/cancer-strategy\/strategic-priorities\/priorities-and-indicators\/family-community-supports\/\" \/>\n<meta property=\"og:locale\" content=\"fr_FR\" \/>\n<meta property=\"og:type\" content=\"article\" \/>\n<meta property=\"og:title\" content=\"Avez-vous pu compter sur le soutien de votre famille et de votre communaut\u00e9 pendant votre parcours face au cancer? - Canadian Partnership Against Cancer\" \/>\n<meta property=\"og:description\" content=\"Pourquoi cet indicateur est-il important pour les Premi\u00e8res Nations, les Inuits et les M\u00e9tis? Les patients ont une meilleure exp\u00e9rience de soins lorsque les soins m\u00e9dicaux ou les interventions physiques s\u2019accompagnent d\u2019un soutien mental, \u00e9motionnel, culturel et spirituel. Ce soutien, qu\u2019il soit offert par la famille ou par un autre membre de la communaut\u00e9 comme [&hellip;]\" \/>\n<meta property=\"og:url\" content=\"https:\/\/www.partnershipagainstcancer.ca\/fr\/cancer-strategy\/strategic-priorities\/priorities-and-indicators\/family-community-supports\/\" \/>\n<meta property=\"og:site_name\" content=\"Canadian Partnership Against Cancer\" \/>\n<meta property=\"article:publisher\" content=\"https:\/\/www.facebook.com\/CanadianPartnershipAgainstCancer\/\" \/>\n<meta property=\"article:modified_time\" content=\"2025-12-23T19:05:54+00:00\" \/>\n<meta property=\"og:image\" content=\"https:\/\/www.partnershipagainstcancer.ca\/wp-content\/uploads\/2022\/08\/5-escort-Elder.png\" \/>\n\t<meta property=\"og:image:width\" content=\"216\" \/>\n\t<meta property=\"og:image:height\" content=\"217\" \/>\n\t<meta property=\"og:image:type\" content=\"image\/png\" \/>\n<meta name=\"twitter:card\" content=\"summary_large_image\" \/>\n<meta name=\"twitter:site\" content=\"@cancerstratca\" \/>\n<meta name=\"twitter:label1\" content=\"Dur\u00e9e de lecture estim\u00e9e\" \/>\n\t<meta name=\"twitter:data1\" content=\"4 minutes\" \/>\n<script type=\"application\/ld+json\" class=\"yoast-schema-graph\">{\"@context\":\"https:\\\/\\\/schema.org\",\"@graph\":[{\"@type\":\"WebPage\",\"@id\":\"https:\\\/\\\/www.partnershipagainstcancer.ca\\\/fr\\\/cancer-strategy\\\/strategic-priorities\\\/priorities-and-indicators\\\/family-community-supports\\\/\",\"url\":\"https:\\\/\\\/www.partnershipagainstcancer.ca\\\/fr\\\/cancer-strategy\\\/strategic-priorities\\\/priorities-and-indicators\\\/family-community-supports\\\/\",\"name\":\"Avez-vous pu compter sur le soutien de votre famille et de votre communaut\u00e9 pendant votre parcours face au cancer? - Canadian Partnership Against Cancer\",\"isPartOf\":{\"@id\":\"https:\\\/\\\/dev.partnershipagainstcancer.ca\\\/#website\"},\"primaryImageOfPage\":{\"@id\":\"https:\\\/\\\/www.partnershipagainstcancer.ca\\\/fr\\\/cancer-strategy\\\/strategic-priorities\\\/priorities-and-indicators\\\/family-community-supports\\\/#primaryimage\"},\"image\":{\"@id\":\"https:\\\/\\\/www.partnershipagainstcancer.ca\\\/fr\\\/cancer-strategy\\\/strategic-priorities\\\/priorities-and-indicators\\\/family-community-supports\\\/#primaryimage\"},\"thumbnailUrl\":\"https:\\\/\\\/www.partnershipagainstcancer.ca\\\/wp-content\\\/uploads\\\/2022\\\/08\\\/5-escort-Elder.png\",\"datePublished\":\"2022-08-02T03:14:58+00:00\",\"dateModified\":\"2025-12-23T19:05:54+00:00\",\"breadcrumb\":{\"@id\":\"https:\\\/\\\/www.partnershipagainstcancer.ca\\\/fr\\\/cancer-strategy\\\/strategic-priorities\\\/priorities-and-indicators\\\/family-community-supports\\\/#breadcrumb\"},\"inLanguage\":\"fr-FR\",\"potentialAction\":[{\"@type\":\"ReadAction\",\"target\":[\"https:\\\/\\\/www.partnershipagainstcancer.ca\\\/fr\\\/cancer-strategy\\\/strategic-priorities\\\/priorities-and-indicators\\\/family-community-supports\\\/\"]}]},{\"@type\":\"ImageObject\",\"inLanguage\":\"fr-FR\",\"@id\":\"https:\\\/\\\/www.partnershipagainstcancer.ca\\\/fr\\\/cancer-strategy\\\/strategic-priorities\\\/priorities-and-indicators\\\/family-community-supports\\\/#primaryimage\",\"url\":\"https:\\\/\\\/www.partnershipagainstcancer.ca\\\/wp-content\\\/uploads\\\/2022\\\/08\\\/5-escort-Elder.png\",\"contentUrl\":\"https:\\\/\\\/www.partnershipagainstcancer.ca\\\/wp-content\\\/uploads\\\/2022\\\/08\\\/5-escort-Elder.png\",\"width\":216,\"height\":217},{\"@type\":\"BreadcrumbList\",\"@id\":\"https:\\\/\\\/www.partnershipagainstcancer.ca\\\/fr\\\/cancer-strategy\\\/strategic-priorities\\\/priorities-and-indicators\\\/family-community-supports\\\/#breadcrumb\",\"itemListElement\":[{\"@type\":\"ListItem\",\"position\":1,\"name\":\"Strat\u00e9gie sur le cancer\",\"item\":\"https:\\\/\\\/www.partnershipagainstcancer.ca\\\/fr\\\/cancer-strategy\\\/\"},{\"@type\":\"ListItem\",\"position\":2,\"name\":\"Priorit\u00e9s strat\u00e9giques\",\"item\":\"https:\\\/\\\/www.partnershipagainstcancer.ca\\\/fr\\\/cancer-strategy\\\/strategic-priorities\\\/\"},{\"@type\":\"ListItem\",\"position\":3,\"name\":\"Priorit\u00e9s et indicateurs\",\"item\":\"https:\\\/\\\/www.partnershipagainstcancer.ca\\\/fr\\\/cancer-strategy\\\/strategic-priorities\\\/priorities-and-indicators\\\/\"},{\"@type\":\"ListItem\",\"position\":4,\"name\":\"Avez-vous pu compter sur le soutien de votre famille et de votre communaut\u00e9 pendant votre parcours face au cancer?\"}]},{\"@type\":\"WebSite\",\"@id\":\"https:\\\/\\\/dev.partnershipagainstcancer.ca\\\/#website\",\"url\":\"https:\\\/\\\/dev.partnershipagainstcancer.ca\\\/\",\"name\":\"Canadian Partnership Against Cancer\",\"description\":\"\",\"potentialAction\":[{\"@type\":\"SearchAction\",\"target\":{\"@type\":\"EntryPoint\",\"urlTemplate\":\"https:\\\/\\\/dev.partnershipagainstcancer.ca\\\/?s={search_term_string}\"},\"query-input\":{\"@type\":\"PropertyValueSpecification\",\"valueRequired\":true,\"valueName\":\"search_term_string\"}}],\"inLanguage\":\"fr-FR\"}]}<\/script>\n<!-- \/ Yoast SEO plugin. -->","yoast_head_json":{"title":"Canadian Partnership Against Cancer","robots":{"index":"index","follow":"follow","max-snippet":"max-snippet:-1","max-image-preview":"max-image-preview:large","max-video-preview":"max-video-preview:-1"},"canonical":"https:\/\/www.partnershipagainstcancer.ca\/fr\/cancer-strategy\/strategic-priorities\/priorities-and-indicators\/family-community-supports\/","og_locale":"fr_FR","og_type":"article","og_title":"Avez-vous pu compter sur le soutien de votre famille et de votre communaut\u00e9 pendant votre parcours face au cancer? - Canadian Partnership Against Cancer","og_description":"Pourquoi cet indicateur est-il important pour les Premi\u00e8res Nations, les Inuits et les M\u00e9tis? Les patients ont une meilleure exp\u00e9rience de soins lorsque les soins m\u00e9dicaux ou les interventions physiques s\u2019accompagnent d\u2019un soutien mental, \u00e9motionnel, culturel et spirituel. Ce soutien, qu\u2019il soit offert par la famille ou par un autre membre de la communaut\u00e9 comme [&hellip;]","og_url":"https:\/\/www.partnershipagainstcancer.ca\/fr\/cancer-strategy\/strategic-priorities\/priorities-and-indicators\/family-community-supports\/","og_site_name":"Canadian Partnership Against Cancer","article_publisher":"https:\/\/www.facebook.com\/CanadianPartnershipAgainstCancer\/","article_modified_time":"2025-12-23T19:05:54+00:00","og_image":[{"width":216,"height":217,"url":"https:\/\/www.partnershipagainstcancer.ca\/wp-content\/uploads\/2022\/08\/5-escort-Elder.png","type":"image\/png"}],"twitter_card":"summary_large_image","twitter_site":"@cancerstratca","twitter_misc":{"Dur\u00e9e de lecture estim\u00e9e":"4 minutes"},"schema":{"@context":"https:\/\/schema.org","@graph":[{"@type":"WebPage","@id":"https:\/\/www.partnershipagainstcancer.ca\/fr\/cancer-strategy\/strategic-priorities\/priorities-and-indicators\/family-community-supports\/","url":"https:\/\/www.partnershipagainstcancer.ca\/fr\/cancer-strategy\/strategic-priorities\/priorities-and-indicators\/family-community-supports\/","name":"Avez-vous pu compter sur le soutien de votre famille et de votre communaut\u00e9 pendant votre parcours face au cancer? - Canadian Partnership Against Cancer","isPartOf":{"@id":"https:\/\/dev.partnershipagainstcancer.ca\/#website"},"primaryImageOfPage":{"@id":"https:\/\/www.partnershipagainstcancer.ca\/fr\/cancer-strategy\/strategic-priorities\/priorities-and-indicators\/family-community-supports\/#primaryimage"},"image":{"@id":"https:\/\/www.partnershipagainstcancer.ca\/fr\/cancer-strategy\/strategic-priorities\/priorities-and-indicators\/family-community-supports\/#primaryimage"},"thumbnailUrl":"https:\/\/www.partnershipagainstcancer.ca\/wp-content\/uploads\/2022\/08\/5-escort-Elder.png","datePublished":"2022-08-02T03:14:58+00:00","dateModified":"2025-12-23T19:05:54+00:00","breadcrumb":{"@id":"https:\/\/www.partnershipagainstcancer.ca\/fr\/cancer-strategy\/strategic-priorities\/priorities-and-indicators\/family-community-supports\/#breadcrumb"},"inLanguage":"fr-FR","potentialAction":[{"@type":"ReadAction","target":["https:\/\/www.partnershipagainstcancer.ca\/fr\/cancer-strategy\/strategic-priorities\/priorities-and-indicators\/family-community-supports\/"]}]},{"@type":"ImageObject","inLanguage":"fr-FR","@id":"https:\/\/www.partnershipagainstcancer.ca\/fr\/cancer-strategy\/strategic-priorities\/priorities-and-indicators\/family-community-supports\/#primaryimage","url":"https:\/\/www.partnershipagainstcancer.ca\/wp-content\/uploads\/2022\/08\/5-escort-Elder.png","contentUrl":"https:\/\/www.partnershipagainstcancer.ca\/wp-content\/uploads\/2022\/08\/5-escort-Elder.png","width":216,"height":217},{"@type":"BreadcrumbList","@id":"https:\/\/www.partnershipagainstcancer.ca\/fr\/cancer-strategy\/strategic-priorities\/priorities-and-indicators\/family-community-supports\/#breadcrumb","itemListElement":[{"@type":"ListItem","position":1,"name":"Strat\u00e9gie sur le cancer","item":"https:\/\/www.partnershipagainstcancer.ca\/fr\/cancer-strategy\/"},{"@type":"ListItem","position":2,"name":"Priorit\u00e9s strat\u00e9giques","item":"https:\/\/www.partnershipagainstcancer.ca\/fr\/cancer-strategy\/strategic-priorities\/"},{"@type":"ListItem","position":3,"name":"Priorit\u00e9s et indicateurs","item":"https:\/\/www.partnershipagainstcancer.ca\/fr\/cancer-strategy\/strategic-priorities\/priorities-and-indicators\/"},{"@type":"ListItem","position":4,"name":"Avez-vous pu compter sur le soutien de votre famille et de votre communaut\u00e9 pendant votre parcours face au cancer?"}]},{"@type":"WebSite","@id":"https:\/\/dev.partnershipagainstcancer.ca\/#website","url":"https:\/\/dev.partnershipagainstcancer.ca\/","name":"Canadian Partnership Against Cancer","description":"","potentialAction":[{"@type":"SearchAction","target":{"@type":"EntryPoint","urlTemplate":"https:\/\/dev.partnershipagainstcancer.ca\/?s={search_term_string}"},"query-input":{"@type":"PropertyValueSpecification","valueRequired":true,"valueName":"search_term_string"}}],"inLanguage":"fr-FR"}]}},"_links":{"self":[{"href":"https:\/\/www.partnershipagainstcancer.ca\/fr\/wp-json\/wp\/v2\/pages\/55549","targetHints":{"allow":["GET"]}}],"collection":[{"href":"https:\/\/www.partnershipagainstcancer.ca\/fr\/wp-json\/wp\/v2\/pages"}],"about":[{"href":"https:\/\/www.partnershipagainstcancer.ca\/fr\/wp-json\/wp\/v2\/types\/page"}],"author":[{"embeddable":true,"href":"https:\/\/www.partnershipagainstcancer.ca\/fr\/wp-json\/wp\/v2\/users\/24"}],"replies":[{"embeddable":true,"href":"https:\/\/www.partnershipagainstcancer.ca\/fr\/wp-json\/wp\/v2\/comments?post=55549"}],"version-history":[{"count":3,"href":"https:\/\/www.partnershipagainstcancer.ca\/fr\/wp-json\/wp\/v2\/pages\/55549\/revisions"}],"predecessor-version":[{"id":73291,"href":"https:\/\/www.partnershipagainstcancer.ca\/fr\/wp-json\/wp\/v2\/pages\/55549\/revisions\/73291"}],"up":[{"embeddable":true,"href":"https:\/\/www.partnershipagainstcancer.ca\/fr\/wp-json\/wp\/v2\/pages\/55450"}],"wp:featuredmedia":[{"embeddable":true,"href":"https:\/\/www.partnershipagainstcancer.ca\/fr\/wp-json\/wp\/v2\/media\/55547"}],"wp:attachment":[{"href":"https:\/\/www.partnershipagainstcancer.ca\/fr\/wp-json\/wp\/v2\/media?parent=55549"}],"wp:term":[{"taxonomy":"category","embeddable":true,"href":"https:\/\/www.partnershipagainstcancer.ca\/fr\/wp-json\/wp\/v2\/categories?post=55549"},{"taxonomy":"post_tag","embeddable":true,"href":"https:\/\/www.partnershipagainstcancer.ca\/fr\/wp-json\/wp\/v2\/tags?post=55549"},{"taxonomy":"site-tools","embeddable":true,"href":"https:\/\/www.partnershipagainstcancer.ca\/fr\/wp-json\/wp\/v2\/site-tools?post=55549"},{"taxonomy":"author","embeddable":true,"href":"https:\/\/www.partnershipagainstcancer.ca\/fr\/wp-json\/wp\/v2\/ppma_author?post=55549"}],"curies":[{"name":"wp","href":"https:\/\/api.w.org\/{rel}","templated":true}]}}