{"id":55503,"date":"2022-07-20T09:38:09","date_gmt":"2022-07-20T14:38:09","guid":{"rendered":"https:\/\/www.partnershipagainstcancer.ca\/cancer-strategy\/strategic-priorities\/priorities-and-indicators\/medical-terminology\/"},"modified":"2024-02-08T15:52:28","modified_gmt":"2024-02-08T20:52:28","slug":"medical-terminology","status":"publish","type":"page","link":"https:\/\/www.partnershipagainstcancer.ca\/fr\/cancer-strategy\/strategic-priorities\/priorities-and-indicators\/medical-terminology\/","title":{"rendered":"La terminologie m\u00e9dicale a-t-elle \u00e9t\u00e9 communiqu\u00e9e de mani\u00e8re accessible?"},"content":{"rendered":"<h2>Pourquoi cet indicateur est-il important pour les Premi\u00e8res Nations, les Inuits et les M\u00e9tis?<\/h2>\n<p>Pour de nombreuses raisons, les Premi\u00e8res Nations, les Inuits et les M\u00e9tis peuvent se m\u00e9fier des h\u00f4pitaux et du syst\u00e8me de soins de sant\u00e9.<\/p>\n<p><img loading=\"lazy\" decoding=\"async\" class=\"aligncenter wp-image-57031 size-full\" src=\"https:\/\/www.partnershipagainstcancer.ca\/wp-content\/uploads\/2022\/08\/istock-senior-woman-examines-pharmacy-brochure-gm1166209388-321182759-1-scaled.jpg\" alt=\"Senior woman reads a pharmacy brochure while picking up a prescription. She is reading about the pharmacy's services.\" width=\"2560\" height=\"1707\" \/><\/p>\n<p>Cette m\u00e9fiance, combin\u00e9e aux connaissances limit\u00e9es de nombreux prestataires de soins et \u00e0 leur manque de compr\u00e9hension des peuples autochtones, de leur histoire et de leurs diff\u00e9rences culturelles, peut donner lieu \u00e0 une mauvaise communication concernant les besoins des Premi\u00e8res Nations, des Inuits et des M\u00e9tis en mati\u00e8re de soins contre le cancer.<\/p>\n<p>Les obstacles \u00e0 une bonne communication proviennent des diff\u00e9rences en mati\u00e8re de langue, de styles de communication et de connaissances, ainsi que de l\u2019utilisation de la terminologie m\u00e9dicale et des diff\u00e9rences interculturelles relatives \u00e0 certains concepts tels que le temps.<\/p>\n<p><a href=\"\/fr\/cancer-strategy\/strategic-priorities\/co-development-peoples-specific-self-determined-priorities-indicators\/#determinants\"> Voir les d\u00e9terminants de la sant\u00e9 propres aux Autochtones<\/a><\/p>\n<h2>Quelle incidence cela a-t-il sur les soins et les r\u00e9sultats?<\/h2>\n<p><img loading=\"lazy\" decoding=\"async\" class=\"size-medium wp-image-56975 alignleft\" style=\"padding-right: 20px;\" src=\"https:\/\/www.partnershipagainstcancer.ca\/wp-content\/uploads\/2022\/08\/iStock-healthcare-help-gm1395938918-450871059-300x200.jpg\" alt=\"\" width=\"300\" height=\"200\" \/>Le fait de pouvoir poser des questions ainsi que de pouvoir comprendre et d\u2019\u00eatre compris fait une \u00e9norme diff\u00e9rence dans l\u2019exp\u00e9rience globale du patient en milieu hospitalier.<\/p>\n<p>Une bonne communication de la part des prestataires de soins en des termes que les patients peuvent comprendre permet \u00e0 ces derniers de comprendre leur plan de soins et de traitement et les aide \u00e0 jouer un r\u00f4le actif dans leur parcours de gu\u00e9rison.<\/p>\n<p>Les m\u00e9dicaments constituent une part importante des soins. Des explications claires sur la nature des m\u00e9dicaments, leur utilit\u00e9, la mani\u00e8re de les prendre et leurs effets secondaires possibles peuvent aider \u00e0 pr\u00e9venir les erreurs de m\u00e9dication.<\/p>\n<h2>Vers l\u2019\u00e9quit\u00e9 en sant\u00e9<\/h2>\n<p><img loading=\"lazy\" decoding=\"async\" class=\"alignright size-medium wp-image-56973\" style=\"padding-left: 20px;\" src=\"https:\/\/www.partnershipagainstcancer.ca\/wp-content\/uploads\/2022\/08\/iStock-photomedical-appointment-gm1309150846-398958601-300x200.jpg\" alt=\"\" width=\"300\" height=\"200\" \/>Afin d\u2019am\u00e9liorer la prestation des soins contre le cancer pour les peuples autochtones et d\u2019\u00e9liminer les obstacles \u00e0 la prestation des soins, les communications contenant des termes m\u00e9dicaux doivent \u00eatre claires, en plus d\u2019\u00eatre adapt\u00e9es aux diff\u00e9rences culturelles et centr\u00e9es sur le patient.<\/p>\n<h2>Ce que cela signifierait pour les personnes vivant au Canada<\/h2>\n<p>Les personnes autochtones atteintes d\u2019un cancer recevraient des communications et des renseignements sur leurs soins \u00e0 la fois compr\u00e9hensibles et adapt\u00e9s \u00e0 leur culture.<\/p>\n<p>Elles auraient ainsi une meilleure compr\u00e9hension du cancer et de leur parcours face au cancer.<\/p>\n<p><a href=\"https:\/\/www.partnershipagainstcancer.ca\/fr\/cancer-strategy\/co-development-peoples-specific-self-determined-priorities-indicators\/\">Voir le processus d\u2019\u00e9laboration des indicateurs<\/a><br \/>\n<a href=\"https:\/\/www.partnershipagainstcancer.ca\/fr\/cancer-strategy\/strategic-priorities\/priorities-and-indicators\/\">Voir les m\u00e9thodes de mesure des indicateurs<\/a><\/p>\n","protected":false},"excerpt":{"rendered":"<p>Pourquoi cet indicateur est-il important pour les Premi\u00e8res Nations, les Inuits et les M\u00e9tis? Pour de nombreuses raisons, les Premi\u00e8res Nations, les Inuits et les M\u00e9tis peuvent se m\u00e9fier des h\u00f4pitaux et du syst\u00e8me de soins de sant\u00e9. Cette m\u00e9fiance, combin\u00e9e aux connaissances limit\u00e9es de nombreux prestataires de soins et \u00e0 leur manque de compr\u00e9hension [&hellip;]<\/p>\n","protected":false},"author":37,"featured_media":55501,"parent":55450,"menu_order":0,"comment_status":"closed","ping_status":"closed","template":"","meta":{"_acf_changed":false,"_monsterinsights_skip_tracking":false,"_monsterinsights_sitenote_active":false,"_monsterinsights_sitenote_note":"","_monsterinsights_sitenote_category":0,"ep_exclude_from_search":false,"footnotes":""},"categories":[997,1937],"tags":[],"site-tools":[],"ppma_author":[],"class_list":["post-55503","page","type-page","status-publish","has-post-thumbnail","hentry","category-actif","category-priority-indicator-fr"],"acf":[],"yoast_head":"<!-- This site is optimized with the Yoast SEO plugin v27.3 - https:\/\/yoast.com\/product\/yoast-seo-wordpress\/ -->\n<title>Canadian Partnership Against Cancer<\/title>\n<meta name=\"robots\" content=\"index, follow, max-snippet:-1, max-image-preview:large, max-video-preview:-1\" \/>\n<link rel=\"canonical\" href=\"https:\/\/www.partnershipagainstcancer.ca\/fr\/cancer-strategy\/strategic-priorities\/priorities-and-indicators\/medical-terminology\/\" \/>\n<meta property=\"og:locale\" content=\"fr_FR\" \/>\n<meta property=\"og:type\" content=\"article\" \/>\n<meta property=\"og:title\" content=\"La terminologie m\u00e9dicale a-t-elle \u00e9t\u00e9 communiqu\u00e9e de mani\u00e8re accessible? - Canadian Partnership Against Cancer\" \/>\n<meta property=\"og:description\" content=\"Pourquoi cet indicateur est-il important pour les Premi\u00e8res Nations, les Inuits et les M\u00e9tis? Pour de nombreuses raisons, les Premi\u00e8res Nations, les Inuits et les M\u00e9tis peuvent se m\u00e9fier des h\u00f4pitaux et du syst\u00e8me de soins de sant\u00e9. Cette m\u00e9fiance, combin\u00e9e aux connaissances limit\u00e9es de nombreux prestataires de soins et \u00e0 leur manque de compr\u00e9hension [&hellip;]\" \/>\n<meta property=\"og:url\" content=\"https:\/\/www.partnershipagainstcancer.ca\/fr\/cancer-strategy\/strategic-priorities\/priorities-and-indicators\/medical-terminology\/\" \/>\n<meta property=\"og:site_name\" content=\"Canadian Partnership Against Cancer\" \/>\n<meta property=\"article:publisher\" content=\"https:\/\/www.facebook.com\/CanadianPartnershipAgainstCancer\/\" \/>\n<meta property=\"article:modified_time\" content=\"2024-02-08T20:52:28+00:00\" \/>\n<meta property=\"og:image\" content=\"https:\/\/www.partnershipagainstcancer.ca\/wp-content\/uploads\/2022\/08\/3-medical-terminology.png\" \/>\n\t<meta property=\"og:image:width\" content=\"216\" \/>\n\t<meta property=\"og:image:height\" content=\"216\" \/>\n\t<meta property=\"og:image:type\" content=\"image\/png\" \/>\n<meta name=\"twitter:card\" content=\"summary_large_image\" \/>\n<meta name=\"twitter:site\" content=\"@cancerstratca\" \/>\n<meta name=\"twitter:label1\" content=\"Dur\u00e9e de lecture estim\u00e9e\" \/>\n\t<meta name=\"twitter:data1\" content=\"3 minutes\" \/>\n<script type=\"application\/ld+json\" class=\"yoast-schema-graph\">{\"@context\":\"https:\\\/\\\/schema.org\",\"@graph\":[{\"@type\":\"WebPage\",\"@id\":\"https:\\\/\\\/www.partnershipagainstcancer.ca\\\/fr\\\/cancer-strategy\\\/strategic-priorities\\\/priorities-and-indicators\\\/medical-terminology\\\/\",\"url\":\"https:\\\/\\\/www.partnershipagainstcancer.ca\\\/fr\\\/cancer-strategy\\\/strategic-priorities\\\/priorities-and-indicators\\\/medical-terminology\\\/\",\"name\":\"La terminologie m\u00e9dicale a-t-elle \u00e9t\u00e9 communiqu\u00e9e de mani\u00e8re accessible? - Canadian Partnership Against Cancer\",\"isPartOf\":{\"@id\":\"https:\\\/\\\/dev.partnershipagainstcancer.ca\\\/#website\"},\"primaryImageOfPage\":{\"@id\":\"https:\\\/\\\/www.partnershipagainstcancer.ca\\\/fr\\\/cancer-strategy\\\/strategic-priorities\\\/priorities-and-indicators\\\/medical-terminology\\\/#primaryimage\"},\"image\":{\"@id\":\"https:\\\/\\\/www.partnershipagainstcancer.ca\\\/fr\\\/cancer-strategy\\\/strategic-priorities\\\/priorities-and-indicators\\\/medical-terminology\\\/#primaryimage\"},\"thumbnailUrl\":\"https:\\\/\\\/www.partnershipagainstcancer.ca\\\/wp-content\\\/uploads\\\/2022\\\/08\\\/3-medical-terminology.png\",\"datePublished\":\"2022-07-20T14:38:09+00:00\",\"dateModified\":\"2024-02-08T20:52:28+00:00\",\"breadcrumb\":{\"@id\":\"https:\\\/\\\/www.partnershipagainstcancer.ca\\\/fr\\\/cancer-strategy\\\/strategic-priorities\\\/priorities-and-indicators\\\/medical-terminology\\\/#breadcrumb\"},\"inLanguage\":\"fr-FR\",\"potentialAction\":[{\"@type\":\"ReadAction\",\"target\":[\"https:\\\/\\\/www.partnershipagainstcancer.ca\\\/fr\\\/cancer-strategy\\\/strategic-priorities\\\/priorities-and-indicators\\\/medical-terminology\\\/\"]}]},{\"@type\":\"ImageObject\",\"inLanguage\":\"fr-FR\",\"@id\":\"https:\\\/\\\/www.partnershipagainstcancer.ca\\\/fr\\\/cancer-strategy\\\/strategic-priorities\\\/priorities-and-indicators\\\/medical-terminology\\\/#primaryimage\",\"url\":\"https:\\\/\\\/www.partnershipagainstcancer.ca\\\/wp-content\\\/uploads\\\/2022\\\/08\\\/3-medical-terminology.png\",\"contentUrl\":\"https:\\\/\\\/www.partnershipagainstcancer.ca\\\/wp-content\\\/uploads\\\/2022\\\/08\\\/3-medical-terminology.png\",\"width\":216,\"height\":216},{\"@type\":\"BreadcrumbList\",\"@id\":\"https:\\\/\\\/www.partnershipagainstcancer.ca\\\/fr\\\/cancer-strategy\\\/strategic-priorities\\\/priorities-and-indicators\\\/medical-terminology\\\/#breadcrumb\",\"itemListElement\":[{\"@type\":\"ListItem\",\"position\":1,\"name\":\"Strat\u00e9gie sur le cancer\",\"item\":\"https:\\\/\\\/www.partnershipagainstcancer.ca\\\/fr\\\/cancer-strategy\\\/\"},{\"@type\":\"ListItem\",\"position\":2,\"name\":\"Priorit\u00e9s strat\u00e9giques\",\"item\":\"https:\\\/\\\/www.partnershipagainstcancer.ca\\\/fr\\\/cancer-strategy\\\/strategic-priorities\\\/\"},{\"@type\":\"ListItem\",\"position\":3,\"name\":\"Priorit\u00e9s et indicateurs\",\"item\":\"https:\\\/\\\/www.partnershipagainstcancer.ca\\\/fr\\\/cancer-strategy\\\/strategic-priorities\\\/priorities-and-indicators\\\/\"},{\"@type\":\"ListItem\",\"position\":4,\"name\":\"La terminologie m\u00e9dicale a-t-elle \u00e9t\u00e9 communiqu\u00e9e de mani\u00e8re accessible?\"}]},{\"@type\":\"WebSite\",\"@id\":\"https:\\\/\\\/dev.partnershipagainstcancer.ca\\\/#website\",\"url\":\"https:\\\/\\\/dev.partnershipagainstcancer.ca\\\/\",\"name\":\"Canadian Partnership Against Cancer\",\"description\":\"\",\"potentialAction\":[{\"@type\":\"SearchAction\",\"target\":{\"@type\":\"EntryPoint\",\"urlTemplate\":\"https:\\\/\\\/dev.partnershipagainstcancer.ca\\\/?s={search_term_string}\"},\"query-input\":{\"@type\":\"PropertyValueSpecification\",\"valueRequired\":true,\"valueName\":\"search_term_string\"}}],\"inLanguage\":\"fr-FR\"}]}<\/script>\n<!-- \/ Yoast SEO plugin. -->","yoast_head_json":{"title":"Canadian Partnership Against Cancer","robots":{"index":"index","follow":"follow","max-snippet":"max-snippet:-1","max-image-preview":"max-image-preview:large","max-video-preview":"max-video-preview:-1"},"canonical":"https:\/\/www.partnershipagainstcancer.ca\/fr\/cancer-strategy\/strategic-priorities\/priorities-and-indicators\/medical-terminology\/","og_locale":"fr_FR","og_type":"article","og_title":"La terminologie m\u00e9dicale a-t-elle \u00e9t\u00e9 communiqu\u00e9e de mani\u00e8re accessible? - Canadian Partnership Against Cancer","og_description":"Pourquoi cet indicateur est-il important pour les Premi\u00e8res Nations, les Inuits et les M\u00e9tis? Pour de nombreuses raisons, les Premi\u00e8res Nations, les Inuits et les M\u00e9tis peuvent se m\u00e9fier des h\u00f4pitaux et du syst\u00e8me de soins de sant\u00e9. Cette m\u00e9fiance, combin\u00e9e aux connaissances limit\u00e9es de nombreux prestataires de soins et \u00e0 leur manque de compr\u00e9hension [&hellip;]","og_url":"https:\/\/www.partnershipagainstcancer.ca\/fr\/cancer-strategy\/strategic-priorities\/priorities-and-indicators\/medical-terminology\/","og_site_name":"Canadian Partnership Against Cancer","article_publisher":"https:\/\/www.facebook.com\/CanadianPartnershipAgainstCancer\/","article_modified_time":"2024-02-08T20:52:28+00:00","og_image":[{"width":216,"height":216,"url":"https:\/\/www.partnershipagainstcancer.ca\/wp-content\/uploads\/2022\/08\/3-medical-terminology.png","type":"image\/png"}],"twitter_card":"summary_large_image","twitter_site":"@cancerstratca","twitter_misc":{"Dur\u00e9e de lecture estim\u00e9e":"3 minutes"},"schema":{"@context":"https:\/\/schema.org","@graph":[{"@type":"WebPage","@id":"https:\/\/www.partnershipagainstcancer.ca\/fr\/cancer-strategy\/strategic-priorities\/priorities-and-indicators\/medical-terminology\/","url":"https:\/\/www.partnershipagainstcancer.ca\/fr\/cancer-strategy\/strategic-priorities\/priorities-and-indicators\/medical-terminology\/","name":"La terminologie m\u00e9dicale a-t-elle \u00e9t\u00e9 communiqu\u00e9e de mani\u00e8re accessible? - Canadian Partnership Against Cancer","isPartOf":{"@id":"https:\/\/dev.partnershipagainstcancer.ca\/#website"},"primaryImageOfPage":{"@id":"https:\/\/www.partnershipagainstcancer.ca\/fr\/cancer-strategy\/strategic-priorities\/priorities-and-indicators\/medical-terminology\/#primaryimage"},"image":{"@id":"https:\/\/www.partnershipagainstcancer.ca\/fr\/cancer-strategy\/strategic-priorities\/priorities-and-indicators\/medical-terminology\/#primaryimage"},"thumbnailUrl":"https:\/\/www.partnershipagainstcancer.ca\/wp-content\/uploads\/2022\/08\/3-medical-terminology.png","datePublished":"2022-07-20T14:38:09+00:00","dateModified":"2024-02-08T20:52:28+00:00","breadcrumb":{"@id":"https:\/\/www.partnershipagainstcancer.ca\/fr\/cancer-strategy\/strategic-priorities\/priorities-and-indicators\/medical-terminology\/#breadcrumb"},"inLanguage":"fr-FR","potentialAction":[{"@type":"ReadAction","target":["https:\/\/www.partnershipagainstcancer.ca\/fr\/cancer-strategy\/strategic-priorities\/priorities-and-indicators\/medical-terminology\/"]}]},{"@type":"ImageObject","inLanguage":"fr-FR","@id":"https:\/\/www.partnershipagainstcancer.ca\/fr\/cancer-strategy\/strategic-priorities\/priorities-and-indicators\/medical-terminology\/#primaryimage","url":"https:\/\/www.partnershipagainstcancer.ca\/wp-content\/uploads\/2022\/08\/3-medical-terminology.png","contentUrl":"https:\/\/www.partnershipagainstcancer.ca\/wp-content\/uploads\/2022\/08\/3-medical-terminology.png","width":216,"height":216},{"@type":"BreadcrumbList","@id":"https:\/\/www.partnershipagainstcancer.ca\/fr\/cancer-strategy\/strategic-priorities\/priorities-and-indicators\/medical-terminology\/#breadcrumb","itemListElement":[{"@type":"ListItem","position":1,"name":"Strat\u00e9gie sur le cancer","item":"https:\/\/www.partnershipagainstcancer.ca\/fr\/cancer-strategy\/"},{"@type":"ListItem","position":2,"name":"Priorit\u00e9s strat\u00e9giques","item":"https:\/\/www.partnershipagainstcancer.ca\/fr\/cancer-strategy\/strategic-priorities\/"},{"@type":"ListItem","position":3,"name":"Priorit\u00e9s et indicateurs","item":"https:\/\/www.partnershipagainstcancer.ca\/fr\/cancer-strategy\/strategic-priorities\/priorities-and-indicators\/"},{"@type":"ListItem","position":4,"name":"La terminologie m\u00e9dicale a-t-elle \u00e9t\u00e9 communiqu\u00e9e de mani\u00e8re accessible?"}]},{"@type":"WebSite","@id":"https:\/\/dev.partnershipagainstcancer.ca\/#website","url":"https:\/\/dev.partnershipagainstcancer.ca\/","name":"Canadian Partnership Against Cancer","description":"","potentialAction":[{"@type":"SearchAction","target":{"@type":"EntryPoint","urlTemplate":"https:\/\/dev.partnershipagainstcancer.ca\/?s={search_term_string}"},"query-input":{"@type":"PropertyValueSpecification","valueRequired":true,"valueName":"search_term_string"}}],"inLanguage":"fr-FR"}]}},"_links":{"self":[{"href":"https:\/\/www.partnershipagainstcancer.ca\/fr\/wp-json\/wp\/v2\/pages\/55503","targetHints":{"allow":["GET"]}}],"collection":[{"href":"https:\/\/www.partnershipagainstcancer.ca\/fr\/wp-json\/wp\/v2\/pages"}],"about":[{"href":"https:\/\/www.partnershipagainstcancer.ca\/fr\/wp-json\/wp\/v2\/types\/page"}],"author":[{"embeddable":true,"href":"https:\/\/www.partnershipagainstcancer.ca\/fr\/wp-json\/wp\/v2\/users\/37"}],"replies":[{"embeddable":true,"href":"https:\/\/www.partnershipagainstcancer.ca\/fr\/wp-json\/wp\/v2\/comments?post=55503"}],"version-history":[{"count":4,"href":"https:\/\/www.partnershipagainstcancer.ca\/fr\/wp-json\/wp\/v2\/pages\/55503\/revisions"}],"predecessor-version":[{"id":67013,"href":"https:\/\/www.partnershipagainstcancer.ca\/fr\/wp-json\/wp\/v2\/pages\/55503\/revisions\/67013"}],"up":[{"embeddable":true,"href":"https:\/\/www.partnershipagainstcancer.ca\/fr\/wp-json\/wp\/v2\/pages\/55450"}],"wp:featuredmedia":[{"embeddable":true,"href":"https:\/\/www.partnershipagainstcancer.ca\/fr\/wp-json\/wp\/v2\/media\/55501"}],"wp:attachment":[{"href":"https:\/\/www.partnershipagainstcancer.ca\/fr\/wp-json\/wp\/v2\/media?parent=55503"}],"wp:term":[{"taxonomy":"category","embeddable":true,"href":"https:\/\/www.partnershipagainstcancer.ca\/fr\/wp-json\/wp\/v2\/categories?post=55503"},{"taxonomy":"post_tag","embeddable":true,"href":"https:\/\/www.partnershipagainstcancer.ca\/fr\/wp-json\/wp\/v2\/tags?post=55503"},{"taxonomy":"site-tools","embeddable":true,"href":"https:\/\/www.partnershipagainstcancer.ca\/fr\/wp-json\/wp\/v2\/site-tools?post=55503"},{"taxonomy":"author","embeddable":true,"href":"https:\/\/www.partnershipagainstcancer.ca\/fr\/wp-json\/wp\/v2\/ppma_author?post=55503"}],"curies":[{"name":"wp","href":"https:\/\/api.w.org\/{rel}","templated":true}]}}