{"id":55493,"date":"2022-07-20T09:35:45","date_gmt":"2022-07-20T14:35:45","guid":{"rendered":"https:\/\/www.partnershipagainstcancer.ca\/cancer-strategy\/strategic-priorities\/priorities-and-indicators\/care-provider-respect\/"},"modified":"2024-02-08T15:52:05","modified_gmt":"2024-02-08T20:52:05","slug":"care-provider-respect","status":"publish","type":"page","link":"https:\/\/www.partnershipagainstcancer.ca\/fr\/cancer-strategy\/strategic-priorities\/priorities-and-indicators\/care-provider-respect\/","title":{"rendered":"Avez-vous eu l\u2019impression que votre prestataire de soins vous a trait\u00e9(e) avec respect?"},"content":{"rendered":"<h2>Pourquoi cet indicateur est-il important pour les Premi\u00e8res Nations, les Inuits et les M\u00e9tis?<\/h2>\n<p>L\u2019un des obstacles \u00e0 l\u2019am\u00e9lioration des r\u00e9sultats en mati\u00e8re de sant\u00e9 chez les peuples autochtones est la profonde m\u00e9fiance que bon nombre d\u2019Autochtones \u00e9prouvent \u00e0 l\u2019\u00e9gard du syst\u00e8me de soins de sant\u00e9.<\/p>\n<p><img loading=\"lazy\" decoding=\"async\" class=\"aligncenter wp-image-57029 size-full\" src=\"https:\/\/www.partnershipagainstcancer.ca\/wp-content\/uploads\/2022\/08\/iStock-photomedical-appointment-gm1309150846-398958601-1.jpg\" alt=\"\" width=\"2121\" height=\"1414\" \/><\/p>\n<p>Cette m\u00e9fiance s\u2019accentue en raison de la discrimination et du racisme permanents dans les \u00e9tablissements de sant\u00e9, ce qui pousse de nombreux Autochtones \u00e0 \u00e9viter de recourir aux services de soins de sant\u00e9.<\/p>\n<p>Si l\u2019on ajoute \u00e0 cela le fait que les prestataires de soins ne comprennent pas les peuples autochtones, leur histoire, leur culture et leurs modes de connaissance, il en r\u00e9sulte des milieux et des soins non s\u00e9curisants sur le plan culturel.<\/p>\n<p>Le respect est au c\u0153ur des soins s\u00e9curisants sur le plan culturel. Lorsque les peuples autochtones se sentent respect\u00e9s et en s\u00e9curit\u00e9 lorsqu\u2019il est question d\u2019exprimer leur identit\u00e9 culturelle, leurs interactions avec le syst\u00e8me de soins de sant\u00e9 et, par cons\u00e9quent, leurs r\u00e9sultats en mati\u00e8re de soins du cancer, sont nettement meilleurs.<\/p>\n<p><a href=\"\/fr\/cancer-strategy\/strategic-priorities\/co-development-peoples-specific-self-determined-priorities-indicators\/#determinants\"> Voir les d\u00e9terminants de la sant\u00e9 propres aux Autochtones<\/a><\/p>\n<h2>Quelle incidence cela a-t-il sur les soins et les r\u00e9sultats?<\/h2>\n<p><img loading=\"lazy\" decoding=\"async\" class=\"wp-image-56977 size-medium alignleft\" style=\"padding-right: 20px;\" src=\"https:\/\/www.partnershipagainstcancer.ca\/wp-content\/uploads\/2022\/08\/iStock-mother-and-daughter-at-the-doctors-gm1354932054-429553596-300x200.jpg\" alt=\"\" width=\"300\" height=\"200\" \/>Les Premi\u00e8res Nations, les Inuits et les M\u00e9tis sont moins susceptibles de demander de l&rsquo;aide et plus enclins \u00e0 tarder \u00e0 obtenir des soins lorsqu\u2019ils ressentent des sympt\u00f4mes, par crainte des exp\u00e9riences n\u00e9gatives en mati\u00e8re de soins, du racisme et de la discrimination dans les h\u00f4pitaux et le syst\u00e8me de soins de sant\u00e9.<\/p>\n<p>Lorsqu\u2019ils tardent \u00e0 obtenir des soins, les patients des Premi\u00e8res Nations ainsi que les patients inuits et m\u00e9tis peuvent recevoir un diagnostic de cancer beaucoup plus tardif, la maladie \u00e9tant alors plus difficile ou impossible \u00e0 traiter et associ\u00e9e \u00e0 un risque plus \u00e9lev\u00e9 de mauvais pronostic.<\/p>\n<p>Des soins respectueux et s\u00e9curisants sur le plan culturel contribuent \u00e0 une meilleure communication, \u00e0 une meilleure compr\u00e9hension et \u00e0 la responsabilisation des patients qui participent alors activement \u00e0 une approche de soins centr\u00e9s sur le patient dans leur cheminement vers le bien-\u00eatre.<\/p>\n<h2>Vers l\u2019\u00e9quit\u00e9 en sant\u00e9<\/h2>\n<p><img loading=\"lazy\" decoding=\"async\" class=\"alignright wp-image-56975 size-medium\" style=\"padding-left: 20px;\" src=\"https:\/\/www.partnershipagainstcancer.ca\/wp-content\/uploads\/2022\/08\/iStock-healthcare-help-gm1395938918-450871059-300x200.jpg\" alt=\"\" width=\"300\" height=\"200\" \/>Pour \u00e9liminer les in\u00e9galit\u00e9s en mati\u00e8re de sant\u00e9, il faut s\u2019attaquer aux d\u00e9terminants de la sant\u00e9, y compris le racisme et les soins non s\u00e9curisants sur le plan culturel, dans le syst\u00e8me de soins de sant\u00e9.<\/p>\n<p>On reconna\u00eet de plus en plus l\u2019importance de la s\u00e9curisation culturelle, tant au niveau des prestataires de soins qu\u2019au niveau organisationnel, pour offrir des soins de sant\u00e9 \u00e9quitables.<\/p>\n<p>La s\u00e9curisation culturelle est un r\u00e9sultat fond\u00e9 sur des interactions respectueuses qui permettent de mieux soutenir les patients dans leur cheminement vers le bien-\u00eatre pendant leur parcours de soins contre le cancer, et de cr\u00e9er un environnement o\u00f9 les gens se sentent en s\u00e9curit\u00e9 lorsqu\u2019ils re\u00e7oivent des soins.<\/p>\n<h2>Ce que cela signifierait pour les personnes vivant au Canada<\/h2>\n<p>Des relations respectueuses entre le syst\u00e8me de soins de sant\u00e9 et les partenaires autochtones permettraient d\u2019offrir des soins contre le cancer s\u00e9curisants sur le plan culturel et adapt\u00e9s aux besoins uniques des peuples autochtones.<\/p>\n<p>Le racisme sous toutes ses formes serait reconnu et combattu dans le syst\u00e8me de soins li\u00e9s au cancer.<\/p>\n<p>Tout patient serait trait\u00e9 avec dignit\u00e9 et respect et recevrait des soins exempts de toute discrimination.<\/p>\n<p><a href=\"https:\/\/www.partnershipagainstcancer.ca\/fr\/cancer-strategy\/co-development-peoples-specific-self-determined-priorities-indicators\/\">Voir le processus d\u2019\u00e9laboration des indicateurs<\/a><br \/>\n<a href=\"https:\/\/www.partnershipagainstcancer.ca\/fr\/cancer-strategy\/strategic-priorities\/priorities-and-indicators\/\">Voir les m\u00e9thodes de mesure des indicateurs<\/a><\/p>\n","protected":false},"excerpt":{"rendered":"<p>Pourquoi cet indicateur est-il important pour les Premi\u00e8res Nations, les Inuits et les M\u00e9tis? L\u2019un des obstacles \u00e0 l\u2019am\u00e9lioration des r\u00e9sultats en mati\u00e8re de sant\u00e9 chez les peuples autochtones est la profonde m\u00e9fiance que bon nombre d\u2019Autochtones \u00e9prouvent \u00e0 l\u2019\u00e9gard du syst\u00e8me de soins de sant\u00e9. Cette m\u00e9fiance s\u2019accentue en raison de la discrimination et [&hellip;]<\/p>\n","protected":false},"author":37,"featured_media":55491,"parent":55450,"menu_order":0,"comment_status":"closed","ping_status":"closed","template":"","meta":{"_acf_changed":false,"_monsterinsights_skip_tracking":false,"_monsterinsights_sitenote_active":false,"_monsterinsights_sitenote_note":"","_monsterinsights_sitenote_category":0,"ep_exclude_from_search":false,"footnotes":""},"categories":[997,1937],"tags":[],"site-tools":[],"ppma_author":[],"class_list":["post-55493","page","type-page","status-publish","has-post-thumbnail","hentry","category-actif","category-priority-indicator-fr"],"acf":[],"yoast_head":"<!-- This site is optimized with the Yoast SEO plugin v27.3 - https:\/\/yoast.com\/product\/yoast-seo-wordpress\/ -->\n<title>Canadian Partnership Against Cancer<\/title>\n<meta name=\"robots\" content=\"index, follow, max-snippet:-1, max-image-preview:large, max-video-preview:-1\" \/>\n<link rel=\"canonical\" href=\"https:\/\/www.partnershipagainstcancer.ca\/fr\/cancer-strategy\/strategic-priorities\/priorities-and-indicators\/care-provider-respect\/\" \/>\n<meta property=\"og:locale\" content=\"fr_FR\" \/>\n<meta property=\"og:type\" content=\"article\" \/>\n<meta property=\"og:title\" content=\"Avez-vous eu l\u2019impression que votre prestataire de soins vous a trait\u00e9(e) avec respect? - Canadian Partnership Against Cancer\" \/>\n<meta property=\"og:description\" content=\"Pourquoi cet indicateur est-il important pour les Premi\u00e8res Nations, les Inuits et les M\u00e9tis? L\u2019un des obstacles \u00e0 l\u2019am\u00e9lioration des r\u00e9sultats en mati\u00e8re de sant\u00e9 chez les peuples autochtones est la profonde m\u00e9fiance que bon nombre d\u2019Autochtones \u00e9prouvent \u00e0 l\u2019\u00e9gard du syst\u00e8me de soins de sant\u00e9. Cette m\u00e9fiance s\u2019accentue en raison de la discrimination et [&hellip;]\" \/>\n<meta property=\"og:url\" content=\"https:\/\/www.partnershipagainstcancer.ca\/fr\/cancer-strategy\/strategic-priorities\/priorities-and-indicators\/care-provider-respect\/\" \/>\n<meta property=\"og:site_name\" content=\"Canadian Partnership Against Cancer\" \/>\n<meta property=\"article:publisher\" content=\"https:\/\/www.facebook.com\/CanadianPartnershipAgainstCancer\/\" \/>\n<meta property=\"article:modified_time\" content=\"2024-02-08T20:52:05+00:00\" \/>\n<meta property=\"og:image\" content=\"https:\/\/www.partnershipagainstcancer.ca\/wp-content\/uploads\/2022\/08\/2-care-provider-respect.png\" \/>\n\t<meta property=\"og:image:width\" content=\"216\" \/>\n\t<meta property=\"og:image:height\" content=\"216\" \/>\n\t<meta property=\"og:image:type\" content=\"image\/png\" \/>\n<meta name=\"twitter:card\" content=\"summary_large_image\" \/>\n<meta name=\"twitter:site\" content=\"@cancerstratca\" \/>\n<meta name=\"twitter:label1\" content=\"Dur\u00e9e de lecture estim\u00e9e\" \/>\n\t<meta name=\"twitter:data1\" content=\"4 minutes\" \/>\n<script type=\"application\/ld+json\" class=\"yoast-schema-graph\">{\"@context\":\"https:\\\/\\\/schema.org\",\"@graph\":[{\"@type\":\"WebPage\",\"@id\":\"https:\\\/\\\/www.partnershipagainstcancer.ca\\\/fr\\\/cancer-strategy\\\/strategic-priorities\\\/priorities-and-indicators\\\/care-provider-respect\\\/\",\"url\":\"https:\\\/\\\/www.partnershipagainstcancer.ca\\\/fr\\\/cancer-strategy\\\/strategic-priorities\\\/priorities-and-indicators\\\/care-provider-respect\\\/\",\"name\":\"Avez-vous eu l\u2019impression que votre prestataire de soins vous a trait\u00e9(e) avec respect? - Canadian Partnership Against Cancer\",\"isPartOf\":{\"@id\":\"https:\\\/\\\/dev.partnershipagainstcancer.ca\\\/#website\"},\"primaryImageOfPage\":{\"@id\":\"https:\\\/\\\/www.partnershipagainstcancer.ca\\\/fr\\\/cancer-strategy\\\/strategic-priorities\\\/priorities-and-indicators\\\/care-provider-respect\\\/#primaryimage\"},\"image\":{\"@id\":\"https:\\\/\\\/www.partnershipagainstcancer.ca\\\/fr\\\/cancer-strategy\\\/strategic-priorities\\\/priorities-and-indicators\\\/care-provider-respect\\\/#primaryimage\"},\"thumbnailUrl\":\"https:\\\/\\\/www.partnershipagainstcancer.ca\\\/wp-content\\\/uploads\\\/2022\\\/08\\\/2-care-provider-respect.png\",\"datePublished\":\"2022-07-20T14:35:45+00:00\",\"dateModified\":\"2024-02-08T20:52:05+00:00\",\"breadcrumb\":{\"@id\":\"https:\\\/\\\/www.partnershipagainstcancer.ca\\\/fr\\\/cancer-strategy\\\/strategic-priorities\\\/priorities-and-indicators\\\/care-provider-respect\\\/#breadcrumb\"},\"inLanguage\":\"fr-FR\",\"potentialAction\":[{\"@type\":\"ReadAction\",\"target\":[\"https:\\\/\\\/www.partnershipagainstcancer.ca\\\/fr\\\/cancer-strategy\\\/strategic-priorities\\\/priorities-and-indicators\\\/care-provider-respect\\\/\"]}]},{\"@type\":\"ImageObject\",\"inLanguage\":\"fr-FR\",\"@id\":\"https:\\\/\\\/www.partnershipagainstcancer.ca\\\/fr\\\/cancer-strategy\\\/strategic-priorities\\\/priorities-and-indicators\\\/care-provider-respect\\\/#primaryimage\",\"url\":\"https:\\\/\\\/www.partnershipagainstcancer.ca\\\/wp-content\\\/uploads\\\/2022\\\/08\\\/2-care-provider-respect.png\",\"contentUrl\":\"https:\\\/\\\/www.partnershipagainstcancer.ca\\\/wp-content\\\/uploads\\\/2022\\\/08\\\/2-care-provider-respect.png\",\"width\":216,\"height\":216},{\"@type\":\"BreadcrumbList\",\"@id\":\"https:\\\/\\\/www.partnershipagainstcancer.ca\\\/fr\\\/cancer-strategy\\\/strategic-priorities\\\/priorities-and-indicators\\\/care-provider-respect\\\/#breadcrumb\",\"itemListElement\":[{\"@type\":\"ListItem\",\"position\":1,\"name\":\"Strat\u00e9gie sur le cancer\",\"item\":\"https:\\\/\\\/www.partnershipagainstcancer.ca\\\/fr\\\/cancer-strategy\\\/\"},{\"@type\":\"ListItem\",\"position\":2,\"name\":\"Priorit\u00e9s strat\u00e9giques\",\"item\":\"https:\\\/\\\/www.partnershipagainstcancer.ca\\\/fr\\\/cancer-strategy\\\/strategic-priorities\\\/\"},{\"@type\":\"ListItem\",\"position\":3,\"name\":\"Priorit\u00e9s et indicateurs\",\"item\":\"https:\\\/\\\/www.partnershipagainstcancer.ca\\\/fr\\\/cancer-strategy\\\/strategic-priorities\\\/priorities-and-indicators\\\/\"},{\"@type\":\"ListItem\",\"position\":4,\"name\":\"Avez-vous eu l\u2019impression que votre prestataire de soins vous a trait\u00e9(e) avec respect?\"}]},{\"@type\":\"WebSite\",\"@id\":\"https:\\\/\\\/dev.partnershipagainstcancer.ca\\\/#website\",\"url\":\"https:\\\/\\\/dev.partnershipagainstcancer.ca\\\/\",\"name\":\"Canadian Partnership Against Cancer\",\"description\":\"\",\"potentialAction\":[{\"@type\":\"SearchAction\",\"target\":{\"@type\":\"EntryPoint\",\"urlTemplate\":\"https:\\\/\\\/dev.partnershipagainstcancer.ca\\\/?s={search_term_string}\"},\"query-input\":{\"@type\":\"PropertyValueSpecification\",\"valueRequired\":true,\"valueName\":\"search_term_string\"}}],\"inLanguage\":\"fr-FR\"}]}<\/script>\n<!-- \/ Yoast SEO plugin. -->","yoast_head_json":{"title":"Canadian Partnership Against Cancer","robots":{"index":"index","follow":"follow","max-snippet":"max-snippet:-1","max-image-preview":"max-image-preview:large","max-video-preview":"max-video-preview:-1"},"canonical":"https:\/\/www.partnershipagainstcancer.ca\/fr\/cancer-strategy\/strategic-priorities\/priorities-and-indicators\/care-provider-respect\/","og_locale":"fr_FR","og_type":"article","og_title":"Avez-vous eu l\u2019impression que votre prestataire de soins vous a trait\u00e9(e) avec respect? - Canadian Partnership Against Cancer","og_description":"Pourquoi cet indicateur est-il important pour les Premi\u00e8res Nations, les Inuits et les M\u00e9tis? L\u2019un des obstacles \u00e0 l\u2019am\u00e9lioration des r\u00e9sultats en mati\u00e8re de sant\u00e9 chez les peuples autochtones est la profonde m\u00e9fiance que bon nombre d\u2019Autochtones \u00e9prouvent \u00e0 l\u2019\u00e9gard du syst\u00e8me de soins de sant\u00e9. Cette m\u00e9fiance s\u2019accentue en raison de la discrimination et [&hellip;]","og_url":"https:\/\/www.partnershipagainstcancer.ca\/fr\/cancer-strategy\/strategic-priorities\/priorities-and-indicators\/care-provider-respect\/","og_site_name":"Canadian Partnership Against Cancer","article_publisher":"https:\/\/www.facebook.com\/CanadianPartnershipAgainstCancer\/","article_modified_time":"2024-02-08T20:52:05+00:00","og_image":[{"width":216,"height":216,"url":"https:\/\/www.partnershipagainstcancer.ca\/wp-content\/uploads\/2022\/08\/2-care-provider-respect.png","type":"image\/png"}],"twitter_card":"summary_large_image","twitter_site":"@cancerstratca","twitter_misc":{"Dur\u00e9e de lecture estim\u00e9e":"4 minutes"},"schema":{"@context":"https:\/\/schema.org","@graph":[{"@type":"WebPage","@id":"https:\/\/www.partnershipagainstcancer.ca\/fr\/cancer-strategy\/strategic-priorities\/priorities-and-indicators\/care-provider-respect\/","url":"https:\/\/www.partnershipagainstcancer.ca\/fr\/cancer-strategy\/strategic-priorities\/priorities-and-indicators\/care-provider-respect\/","name":"Avez-vous eu l\u2019impression que votre prestataire de soins vous a trait\u00e9(e) avec respect? - Canadian Partnership Against Cancer","isPartOf":{"@id":"https:\/\/dev.partnershipagainstcancer.ca\/#website"},"primaryImageOfPage":{"@id":"https:\/\/www.partnershipagainstcancer.ca\/fr\/cancer-strategy\/strategic-priorities\/priorities-and-indicators\/care-provider-respect\/#primaryimage"},"image":{"@id":"https:\/\/www.partnershipagainstcancer.ca\/fr\/cancer-strategy\/strategic-priorities\/priorities-and-indicators\/care-provider-respect\/#primaryimage"},"thumbnailUrl":"https:\/\/www.partnershipagainstcancer.ca\/wp-content\/uploads\/2022\/08\/2-care-provider-respect.png","datePublished":"2022-07-20T14:35:45+00:00","dateModified":"2024-02-08T20:52:05+00:00","breadcrumb":{"@id":"https:\/\/www.partnershipagainstcancer.ca\/fr\/cancer-strategy\/strategic-priorities\/priorities-and-indicators\/care-provider-respect\/#breadcrumb"},"inLanguage":"fr-FR","potentialAction":[{"@type":"ReadAction","target":["https:\/\/www.partnershipagainstcancer.ca\/fr\/cancer-strategy\/strategic-priorities\/priorities-and-indicators\/care-provider-respect\/"]}]},{"@type":"ImageObject","inLanguage":"fr-FR","@id":"https:\/\/www.partnershipagainstcancer.ca\/fr\/cancer-strategy\/strategic-priorities\/priorities-and-indicators\/care-provider-respect\/#primaryimage","url":"https:\/\/www.partnershipagainstcancer.ca\/wp-content\/uploads\/2022\/08\/2-care-provider-respect.png","contentUrl":"https:\/\/www.partnershipagainstcancer.ca\/wp-content\/uploads\/2022\/08\/2-care-provider-respect.png","width":216,"height":216},{"@type":"BreadcrumbList","@id":"https:\/\/www.partnershipagainstcancer.ca\/fr\/cancer-strategy\/strategic-priorities\/priorities-and-indicators\/care-provider-respect\/#breadcrumb","itemListElement":[{"@type":"ListItem","position":1,"name":"Strat\u00e9gie sur le cancer","item":"https:\/\/www.partnershipagainstcancer.ca\/fr\/cancer-strategy\/"},{"@type":"ListItem","position":2,"name":"Priorit\u00e9s strat\u00e9giques","item":"https:\/\/www.partnershipagainstcancer.ca\/fr\/cancer-strategy\/strategic-priorities\/"},{"@type":"ListItem","position":3,"name":"Priorit\u00e9s et indicateurs","item":"https:\/\/www.partnershipagainstcancer.ca\/fr\/cancer-strategy\/strategic-priorities\/priorities-and-indicators\/"},{"@type":"ListItem","position":4,"name":"Avez-vous eu l\u2019impression que votre prestataire de soins vous a trait\u00e9(e) avec respect?"}]},{"@type":"WebSite","@id":"https:\/\/dev.partnershipagainstcancer.ca\/#website","url":"https:\/\/dev.partnershipagainstcancer.ca\/","name":"Canadian Partnership Against Cancer","description":"","potentialAction":[{"@type":"SearchAction","target":{"@type":"EntryPoint","urlTemplate":"https:\/\/dev.partnershipagainstcancer.ca\/?s={search_term_string}"},"query-input":{"@type":"PropertyValueSpecification","valueRequired":true,"valueName":"search_term_string"}}],"inLanguage":"fr-FR"}]}},"_links":{"self":[{"href":"https:\/\/www.partnershipagainstcancer.ca\/fr\/wp-json\/wp\/v2\/pages\/55493","targetHints":{"allow":["GET"]}}],"collection":[{"href":"https:\/\/www.partnershipagainstcancer.ca\/fr\/wp-json\/wp\/v2\/pages"}],"about":[{"href":"https:\/\/www.partnershipagainstcancer.ca\/fr\/wp-json\/wp\/v2\/types\/page"}],"author":[{"embeddable":true,"href":"https:\/\/www.partnershipagainstcancer.ca\/fr\/wp-json\/wp\/v2\/users\/37"}],"replies":[{"embeddable":true,"href":"https:\/\/www.partnershipagainstcancer.ca\/fr\/wp-json\/wp\/v2\/comments?post=55493"}],"version-history":[{"count":4,"href":"https:\/\/www.partnershipagainstcancer.ca\/fr\/wp-json\/wp\/v2\/pages\/55493\/revisions"}],"predecessor-version":[{"id":67012,"href":"https:\/\/www.partnershipagainstcancer.ca\/fr\/wp-json\/wp\/v2\/pages\/55493\/revisions\/67012"}],"up":[{"embeddable":true,"href":"https:\/\/www.partnershipagainstcancer.ca\/fr\/wp-json\/wp\/v2\/pages\/55450"}],"wp:featuredmedia":[{"embeddable":true,"href":"https:\/\/www.partnershipagainstcancer.ca\/fr\/wp-json\/wp\/v2\/media\/55491"}],"wp:attachment":[{"href":"https:\/\/www.partnershipagainstcancer.ca\/fr\/wp-json\/wp\/v2\/media?parent=55493"}],"wp:term":[{"taxonomy":"category","embeddable":true,"href":"https:\/\/www.partnershipagainstcancer.ca\/fr\/wp-json\/wp\/v2\/categories?post=55493"},{"taxonomy":"post_tag","embeddable":true,"href":"https:\/\/www.partnershipagainstcancer.ca\/fr\/wp-json\/wp\/v2\/tags?post=55493"},{"taxonomy":"site-tools","embeddable":true,"href":"https:\/\/www.partnershipagainstcancer.ca\/fr\/wp-json\/wp\/v2\/site-tools?post=55493"},{"taxonomy":"author","embeddable":true,"href":"https:\/\/www.partnershipagainstcancer.ca\/fr\/wp-json\/wp\/v2\/ppma_author?post=55493"}],"curies":[{"name":"wp","href":"https:\/\/api.w.org\/{rel}","templated":true}]}}