{"id":54109,"date":"2022-05-18T01:04:23","date_gmt":"2022-05-18T06:04:23","guid":{"rendered":"https:\/\/www.partnershipagainstcancer.ca\/cancer-strategy\/eliminate-cervical-cancer\/"},"modified":"2022-05-18T13:53:47","modified_gmt":"2022-05-18T18:53:47","slug":"eliminate-cervical-cancer","status":"publish","type":"page","link":"https:\/\/www.partnershipagainstcancer.ca\/fr\/cancer-strategy\/eliminate-cervical-cancer\/","title":{"rendered":"Agir pour \u00e9liminer le cancer du col de l\u2019ut\u00e9rus"},"content":{"rendered":"<h3><img loading=\"lazy\" decoding=\"async\" class=\"alignnone size-full wp-image-54750\" src=\"https:\/\/www.partnershipagainstcancer.ca\/wp-content\/uploads\/2022\/04\/iStock-1141394588-scaled.jpg\" alt=\"Multiethnic young friends enjoying together\" width=\"2560\" height=\"1706\" \/><\/h3>\n<h3>Dites adieu au cancer du col de l\u2019ut\u00e9rus<\/h3>\n<div class=\"related-stats ml-25 purple col-sm-12 col-md-12 col-lg-6 display-right\">   <div class=\"stats-sub-header\">Chaque ann\u00e9e, au Canada, <strong>1 300<\/strong> personnes re\u00e7oivent un diagnostic de cancer du col de l\u2019ut\u00e9rus et plus de <strong>400<\/strong> meurent de cette maladie.<\/div>\n                    <\/div>\n<p>L\u2019\u00e9limination du cancer du col de l\u2019ut\u00e9rus est un objectif ambitieux. Mais le Canada a un plan, et des partenaires dans tout le pays le mettent en \u0153uvre. Le travail est d\u00e9j\u00e0 en cours pour :<\/p>\n<ul>\n<li>Augmenter le nombre de jeunes vaccin\u00e9s contre le virus du papillome humain (VPH)<\/li>\n<li>Introduire le d\u00e9pistage primaire du VPH<\/li>\n<li>Am\u00e9liorer le suivi lorsque le test de d\u00e9tection du VPH d\u2019une personne est positif<\/li>\n<\/ul>\n<p>&nbsp;<\/p>\n<p><strong>Regardez comment les dirigeants du monde entier prennent des mesures pour \u00e9liminer le cancer du col de l\u2019ut\u00e9rus.<\/strong><\/p>\n<p><iframe loading=\"lazy\" title=\"YouTube video player\" src=\"https:\/\/www.youtube.com\/embed\/XeMncE7XBkA\" width=\"1150\" height=\"550\" frameborder=\"0\" allowfullscreen=\"allowfullscreen\"><\/iframe><\/p>\n<p><a href=\"https:\/\/www.partnershipagainstcancer.ca\/wp-content\/uploads\/2022\/05\/Taking-action-to-eliminate-cervical-cancer-French-video-transcript.pdf\">La transcription<\/a> [Vid\u00e9o en anglais seulement]<\/p>\n<h3>Vaccins contre le VPH \u2013 une bonne nouvelle<\/h3>\n<div class=\"related-stats green col-sm-12 col-md-12 col-lg-6 display-left\"><div class=\"stats-header\">90%<\/div>   <div class=\"stats-sub-header\"> des cas de cancer du col de l\u2019ut\u00e9rus peuvent \u00eatre \u00e9vit\u00e9s par les vaccins contre le VPH <\/div>\n                    <\/div>\n<p>La plupart des cas de cancer du col de l\u2019ut\u00e9rus sont caus\u00e9s par le VPH, une infection sexuellement transmissible courante. La vaccination contre le VPH peut pr\u00e9venir plus de 90 % des cas, et les programmes en milieu scolaire sont bien \u00e9tablis. Cependant, les taux de vaccination varient d\u2019un bout \u00e0 l\u2019autre du pays et ont chut\u00e9 pendant la fermeture des \u00e9coles lors de la pand\u00e9mie. Certaines communaut\u00e9s, y compris les Premi\u00e8res Nations, les Inuits et les M\u00e9tis ainsi que les jeunes qui ne vont pas \u00e0 l\u2019\u00e9cole, sont confront\u00e9es \u00e0 des obstacles culturels et d\u2019acc\u00e8s. Dans le cadre de la Strat\u00e9gie canadienne de lutte contre le cancer, des approches novatrices sont \u00e9labor\u00e9es pour rem\u00e9dier \u00e0 ces in\u00e9galit\u00e9s et augmenter les taux de vaccination dans tout le pays.<\/p>\n<blockquote class=\"blockquote-smaller\"><p>Recevoir un diagnostic de cancer est absolument d\u00e9vastateur. Et si j\u2019avais pu recevoir le vaccin contre le VPH plus t\u00f4t? Et si mon m\u00e9decin g\u00e9n\u00e9raliste avait pu me faire passer un test de d\u00e9pistage du VPH et si j\u2019avais b\u00e9n\u00e9fici\u00e9 des suivis dont j\u2019avais d\u00e9sesp\u00e9r\u00e9ment besoin? Il n\u2019y avait que deux ou trois choses \u00e0 changer, \u00e0 am\u00e9liorer, et tout cela aurait \u00e9t\u00e9 \u00e9vit\u00e9 pour moi et ma famille.<\/p>\n<p>Le cancer du col de l\u2019ut\u00e9rus peut devenir chose du pass\u00e9. Je connais tellement d\u2019autres femmes, qui mentionnent des histoires comme la mienne, et ce n\u2019est tout simplement pas acceptable quand la maladie et le traumatisme qu\u2019elle entra\u00eene sont \u00e9vitables.\u00a0\u00bb<\/p>\n<p>Cindy\u00a0Howard<br \/>\nWinnipeg, Manitoba<\/p><\/blockquote>\n<h3>Le test primaire de d\u00e9pistage du VPH : un changement de la donne<\/h3>\n<p>\u00c0 l\u2019heure actuelle, les tests Pap sont la m\u00e9thode la plus utilis\u00e9e pour d\u00e9pister le cancer du col de l\u2019ut\u00e9rus. Toutefois, le d\u00e9pistage primaire du VPH est un moyen plus efficace de d\u00e9celer le VPH dans les cellules du col de l\u2019ut\u00e9rus avant m\u00eame que les cellules canc\u00e9reuses ne se d\u00e9veloppent \u2013 une approche novatrice qui sauvera des vies et aidera le Canada \u00e0 atteindre son objectif. De nombreux territoires de comp\u00e9tence mettent en place des plans pour passer au test primaire du VPH, et une province a d\u00e9j\u00e0 lanc\u00e9 un projet pilote.<\/p>\n<p>Le test primaire du VPH peut \u00e9galement offrir un autre avantage. L\u2019autopr\u00e9l\u00e8vement. Cela signifie que les personnes peuvent recueillir leur propre \u00e9chantillon de cellules du col de l\u2019ut\u00e9rus \u00e0 l\u2019aide d\u2019un \u00e9couvillon fourni dans une trousse de d\u00e9pistage. Les avantages? Commodit\u00e9, intimit\u00e9, confidentialit\u00e9, s\u00e9curit\u00e9 culturelle et une nouvelle option pour les personnes qui n\u2019ont pas facilement acc\u00e8s aux fournisseurs de soins de sant\u00e9. Cela signifie que davantage de personnes auront acc\u00e8s au d\u00e9pistage du cancer du col de l\u2019ut\u00e9rus, y compris les personnes qui vivent en dehors des zones urbaines ou celles qui n\u2019ont pas de fournisseurs de soins de sant\u00e9 primaires.<\/p>\n","protected":false},"excerpt":{"rendered":"<p>Dites adieu au cancer du col de l\u2019ut\u00e9rus L\u2019\u00e9limination du cancer du col de l\u2019ut\u00e9rus est un objectif ambitieux. Mais le Canada a un plan, et des partenaires dans tout le pays le mettent en \u0153uvre. Le travail est d\u00e9j\u00e0 en cours pour : Augmenter le nombre de jeunes vaccin\u00e9s contre le virus du papillome [&hellip;]<\/p>\n","protected":false},"author":24,"featured_media":0,"parent":37057,"menu_order":0,"comment_status":"closed","ping_status":"closed","template":"content-1col.php","meta":{"_acf_changed":false,"_monsterinsights_skip_tracking":false,"_monsterinsights_sitenote_active":false,"_monsterinsights_sitenote_note":"","_monsterinsights_sitenote_category":0,"ep_exclude_from_search":false,"footnotes":""},"categories":[],"tags":[],"site-tools":[],"ppma_author":[],"class_list":["post-54109","page","type-page","status-publish","hentry"],"acf":[],"yoast_head":"<!-- This site is optimized with the Yoast SEO plugin v27.3 - https:\/\/yoast.com\/product\/yoast-seo-wordpress\/ -->\n<title>Canadian Partnership Against Cancer<\/title>\n<meta name=\"description\" content=\"Le cancer du col de l\u2019ut\u00e9rus peut \u00eatre pr\u00e9venu et trait\u00e9 lorsqu\u2019il est d\u00e9tect\u00e9 \u00e0 un stade pr\u00e9coce. Maintenant, il est temps de l\u2019\u00e9liminer.\" \/>\n<meta name=\"robots\" content=\"index, follow, max-snippet:-1, max-image-preview:large, max-video-preview:-1\" \/>\n<link rel=\"canonical\" href=\"https:\/\/www.partnershipagainstcancer.ca\/fr\/cancer-strategy\/eliminate-cervical-cancer\/\" \/>\n<meta property=\"og:locale\" content=\"fr_FR\" \/>\n<meta property=\"og:type\" content=\"article\" \/>\n<meta property=\"og:title\" content=\"Agir pour \u00e9liminer le cancer du col de l\u2019ut\u00e9rus - Canadian Partnership Against Cancer\" \/>\n<meta property=\"og:description\" content=\"Le cancer du col de l\u2019ut\u00e9rus peut \u00eatre pr\u00e9venu et trait\u00e9 lorsqu\u2019il est d\u00e9tect\u00e9 \u00e0 un stade pr\u00e9coce. Maintenant, il est temps de l\u2019\u00e9liminer.\" \/>\n<meta property=\"og:url\" content=\"https:\/\/www.partnershipagainstcancer.ca\/fr\/cancer-strategy\/eliminate-cervical-cancer\/\" \/>\n<meta property=\"og:site_name\" content=\"Canadian Partnership Against Cancer\" \/>\n<meta property=\"article:publisher\" content=\"https:\/\/www.facebook.com\/CanadianPartnershipAgainstCancer\/\" \/>\n<meta property=\"article:modified_time\" content=\"2022-05-18T18:53:47+00:00\" \/>\n<meta property=\"og:image\" content=\"https:\/\/www.partnershipagainstcancer.ca\/wp-content\/uploads\/2022\/04\/iStock-1141394588-scaled.jpg\" \/>\n<meta name=\"twitter:card\" content=\"summary_large_image\" \/>\n<meta name=\"twitter:site\" content=\"@cancerstratca\" \/>\n<meta name=\"twitter:label1\" content=\"Dur\u00e9e de lecture estim\u00e9e\" \/>\n\t<meta name=\"twitter:data1\" content=\"3 minutes\" \/>\n<script type=\"application\/ld+json\" class=\"yoast-schema-graph\">{\"@context\":\"https:\\\/\\\/schema.org\",\"@graph\":[{\"@type\":\"WebPage\",\"@id\":\"https:\\\/\\\/www.partnershipagainstcancer.ca\\\/fr\\\/cancer-strategy\\\/eliminate-cervical-cancer\\\/\",\"url\":\"https:\\\/\\\/www.partnershipagainstcancer.ca\\\/fr\\\/cancer-strategy\\\/eliminate-cervical-cancer\\\/\",\"name\":\"Agir pour \u00e9liminer le cancer du col de l\u2019ut\u00e9rus - Canadian Partnership Against Cancer\",\"isPartOf\":{\"@id\":\"https:\\\/\\\/dev.partnershipagainstcancer.ca\\\/#website\"},\"primaryImageOfPage\":{\"@id\":\"https:\\\/\\\/www.partnershipagainstcancer.ca\\\/fr\\\/cancer-strategy\\\/eliminate-cervical-cancer\\\/#primaryimage\"},\"image\":{\"@id\":\"https:\\\/\\\/www.partnershipagainstcancer.ca\\\/fr\\\/cancer-strategy\\\/eliminate-cervical-cancer\\\/#primaryimage\"},\"thumbnailUrl\":\"https:\\\/\\\/www.partnershipagainstcancer.ca\\\/wp-content\\\/uploads\\\/2022\\\/04\\\/iStock-1141394588-scaled.jpg\",\"datePublished\":\"2022-05-18T06:04:23+00:00\",\"dateModified\":\"2022-05-18T18:53:47+00:00\",\"description\":\"Le cancer du col de l\u2019ut\u00e9rus peut \u00eatre pr\u00e9venu et trait\u00e9 lorsqu\u2019il est d\u00e9tect\u00e9 \u00e0 un stade pr\u00e9coce. Maintenant, il est temps de l\u2019\u00e9liminer.\",\"breadcrumb\":{\"@id\":\"https:\\\/\\\/www.partnershipagainstcancer.ca\\\/fr\\\/cancer-strategy\\\/eliminate-cervical-cancer\\\/#breadcrumb\"},\"inLanguage\":\"fr-FR\",\"potentialAction\":[{\"@type\":\"ReadAction\",\"target\":[\"https:\\\/\\\/www.partnershipagainstcancer.ca\\\/fr\\\/cancer-strategy\\\/eliminate-cervical-cancer\\\/\"]}]},{\"@type\":\"ImageObject\",\"inLanguage\":\"fr-FR\",\"@id\":\"https:\\\/\\\/www.partnershipagainstcancer.ca\\\/fr\\\/cancer-strategy\\\/eliminate-cervical-cancer\\\/#primaryimage\",\"url\":\"https:\\\/\\\/www.partnershipagainstcancer.ca\\\/wp-content\\\/uploads\\\/2022\\\/04\\\/iStock-1141394588-scaled.jpg\",\"contentUrl\":\"https:\\\/\\\/www.partnershipagainstcancer.ca\\\/wp-content\\\/uploads\\\/2022\\\/04\\\/iStock-1141394588-scaled.jpg\"},{\"@type\":\"BreadcrumbList\",\"@id\":\"https:\\\/\\\/www.partnershipagainstcancer.ca\\\/fr\\\/cancer-strategy\\\/eliminate-cervical-cancer\\\/#breadcrumb\",\"itemListElement\":[{\"@type\":\"ListItem\",\"position\":1,\"name\":\"Strat\u00e9gie sur le cancer\",\"item\":\"https:\\\/\\\/www.partnershipagainstcancer.ca\\\/fr\\\/cancer-strategy\\\/\"},{\"@type\":\"ListItem\",\"position\":2,\"name\":\"Agir pour \u00e9liminer le cancer du col de l\u2019ut\u00e9rus\"}]},{\"@type\":\"WebSite\",\"@id\":\"https:\\\/\\\/dev.partnershipagainstcancer.ca\\\/#website\",\"url\":\"https:\\\/\\\/dev.partnershipagainstcancer.ca\\\/\",\"name\":\"Canadian Partnership Against Cancer\",\"description\":\"\",\"potentialAction\":[{\"@type\":\"SearchAction\",\"target\":{\"@type\":\"EntryPoint\",\"urlTemplate\":\"https:\\\/\\\/dev.partnershipagainstcancer.ca\\\/?s={search_term_string}\"},\"query-input\":{\"@type\":\"PropertyValueSpecification\",\"valueRequired\":true,\"valueName\":\"search_term_string\"}}],\"inLanguage\":\"fr-FR\"}]}<\/script>\n<!-- \/ Yoast SEO plugin. -->","yoast_head_json":{"title":"Canadian Partnership Against Cancer","description":"Le cancer du col de l\u2019ut\u00e9rus peut \u00eatre pr\u00e9venu et trait\u00e9 lorsqu\u2019il est d\u00e9tect\u00e9 \u00e0 un stade pr\u00e9coce. Maintenant, il est temps de l\u2019\u00e9liminer.","robots":{"index":"index","follow":"follow","max-snippet":"max-snippet:-1","max-image-preview":"max-image-preview:large","max-video-preview":"max-video-preview:-1"},"canonical":"https:\/\/www.partnershipagainstcancer.ca\/fr\/cancer-strategy\/eliminate-cervical-cancer\/","og_locale":"fr_FR","og_type":"article","og_title":"Agir pour \u00e9liminer le cancer du col de l\u2019ut\u00e9rus - Canadian Partnership Against Cancer","og_description":"Le cancer du col de l\u2019ut\u00e9rus peut \u00eatre pr\u00e9venu et trait\u00e9 lorsqu\u2019il est d\u00e9tect\u00e9 \u00e0 un stade pr\u00e9coce. Maintenant, il est temps de l\u2019\u00e9liminer.","og_url":"https:\/\/www.partnershipagainstcancer.ca\/fr\/cancer-strategy\/eliminate-cervical-cancer\/","og_site_name":"Canadian Partnership Against Cancer","article_publisher":"https:\/\/www.facebook.com\/CanadianPartnershipAgainstCancer\/","article_modified_time":"2022-05-18T18:53:47+00:00","og_image":[{"url":"https:\/\/www.partnershipagainstcancer.ca\/wp-content\/uploads\/2022\/04\/iStock-1141394588-scaled.jpg","type":"","width":"","height":""}],"twitter_card":"summary_large_image","twitter_site":"@cancerstratca","twitter_misc":{"Dur\u00e9e de lecture estim\u00e9e":"3 minutes"},"schema":{"@context":"https:\/\/schema.org","@graph":[{"@type":"WebPage","@id":"https:\/\/www.partnershipagainstcancer.ca\/fr\/cancer-strategy\/eliminate-cervical-cancer\/","url":"https:\/\/www.partnershipagainstcancer.ca\/fr\/cancer-strategy\/eliminate-cervical-cancer\/","name":"Agir pour \u00e9liminer le cancer du col de l\u2019ut\u00e9rus - Canadian Partnership Against Cancer","isPartOf":{"@id":"https:\/\/dev.partnershipagainstcancer.ca\/#website"},"primaryImageOfPage":{"@id":"https:\/\/www.partnershipagainstcancer.ca\/fr\/cancer-strategy\/eliminate-cervical-cancer\/#primaryimage"},"image":{"@id":"https:\/\/www.partnershipagainstcancer.ca\/fr\/cancer-strategy\/eliminate-cervical-cancer\/#primaryimage"},"thumbnailUrl":"https:\/\/www.partnershipagainstcancer.ca\/wp-content\/uploads\/2022\/04\/iStock-1141394588-scaled.jpg","datePublished":"2022-05-18T06:04:23+00:00","dateModified":"2022-05-18T18:53:47+00:00","description":"Le cancer du col de l\u2019ut\u00e9rus peut \u00eatre pr\u00e9venu et trait\u00e9 lorsqu\u2019il est d\u00e9tect\u00e9 \u00e0 un stade pr\u00e9coce. Maintenant, il est temps de l\u2019\u00e9liminer.","breadcrumb":{"@id":"https:\/\/www.partnershipagainstcancer.ca\/fr\/cancer-strategy\/eliminate-cervical-cancer\/#breadcrumb"},"inLanguage":"fr-FR","potentialAction":[{"@type":"ReadAction","target":["https:\/\/www.partnershipagainstcancer.ca\/fr\/cancer-strategy\/eliminate-cervical-cancer\/"]}]},{"@type":"ImageObject","inLanguage":"fr-FR","@id":"https:\/\/www.partnershipagainstcancer.ca\/fr\/cancer-strategy\/eliminate-cervical-cancer\/#primaryimage","url":"https:\/\/www.partnershipagainstcancer.ca\/wp-content\/uploads\/2022\/04\/iStock-1141394588-scaled.jpg","contentUrl":"https:\/\/www.partnershipagainstcancer.ca\/wp-content\/uploads\/2022\/04\/iStock-1141394588-scaled.jpg"},{"@type":"BreadcrumbList","@id":"https:\/\/www.partnershipagainstcancer.ca\/fr\/cancer-strategy\/eliminate-cervical-cancer\/#breadcrumb","itemListElement":[{"@type":"ListItem","position":1,"name":"Strat\u00e9gie sur le cancer","item":"https:\/\/www.partnershipagainstcancer.ca\/fr\/cancer-strategy\/"},{"@type":"ListItem","position":2,"name":"Agir pour \u00e9liminer le cancer du col de l\u2019ut\u00e9rus"}]},{"@type":"WebSite","@id":"https:\/\/dev.partnershipagainstcancer.ca\/#website","url":"https:\/\/dev.partnershipagainstcancer.ca\/","name":"Canadian Partnership Against Cancer","description":"","potentialAction":[{"@type":"SearchAction","target":{"@type":"EntryPoint","urlTemplate":"https:\/\/dev.partnershipagainstcancer.ca\/?s={search_term_string}"},"query-input":{"@type":"PropertyValueSpecification","valueRequired":true,"valueName":"search_term_string"}}],"inLanguage":"fr-FR"}]}},"_links":{"self":[{"href":"https:\/\/www.partnershipagainstcancer.ca\/fr\/wp-json\/wp\/v2\/pages\/54109","targetHints":{"allow":["GET"]}}],"collection":[{"href":"https:\/\/www.partnershipagainstcancer.ca\/fr\/wp-json\/wp\/v2\/pages"}],"about":[{"href":"https:\/\/www.partnershipagainstcancer.ca\/fr\/wp-json\/wp\/v2\/types\/page"}],"author":[{"embeddable":true,"href":"https:\/\/www.partnershipagainstcancer.ca\/fr\/wp-json\/wp\/v2\/users\/24"}],"replies":[{"embeddable":true,"href":"https:\/\/www.partnershipagainstcancer.ca\/fr\/wp-json\/wp\/v2\/comments?post=54109"}],"version-history":[{"count":4,"href":"https:\/\/www.partnershipagainstcancer.ca\/fr\/wp-json\/wp\/v2\/pages\/54109\/revisions"}],"predecessor-version":[{"id":54121,"href":"https:\/\/www.partnershipagainstcancer.ca\/fr\/wp-json\/wp\/v2\/pages\/54109\/revisions\/54121"}],"up":[{"embeddable":true,"href":"https:\/\/www.partnershipagainstcancer.ca\/fr\/wp-json\/wp\/v2\/pages\/37057"}],"wp:attachment":[{"href":"https:\/\/www.partnershipagainstcancer.ca\/fr\/wp-json\/wp\/v2\/media?parent=54109"}],"wp:term":[{"taxonomy":"category","embeddable":true,"href":"https:\/\/www.partnershipagainstcancer.ca\/fr\/wp-json\/wp\/v2\/categories?post=54109"},{"taxonomy":"post_tag","embeddable":true,"href":"https:\/\/www.partnershipagainstcancer.ca\/fr\/wp-json\/wp\/v2\/tags?post=54109"},{"taxonomy":"site-tools","embeddable":true,"href":"https:\/\/www.partnershipagainstcancer.ca\/fr\/wp-json\/wp\/v2\/site-tools?post=54109"},{"taxonomy":"author","embeddable":true,"href":"https:\/\/www.partnershipagainstcancer.ca\/fr\/wp-json\/wp\/v2\/ppma_author?post=54109"}],"curies":[{"name":"wp","href":"https:\/\/api.w.org\/{rel}","templated":true}]}}