{"id":52669,"date":"2022-05-08T20:29:15","date_gmt":"2022-05-09T01:29:15","guid":{"rendered":"https:\/\/www.partnershipagainstcancer.ca\/?page_id=52669"},"modified":"2024-02-23T11:16:43","modified_gmt":"2024-02-23T16:16:43","slug":"models-of-care-funding-initiative","status":"publish","type":"page","link":"https:\/\/www.partnershipagainstcancer.ca\/fr\/models-of-care-funding-initiative\/","title":{"rendered":"Page d\u2019information sur l\u2019Initiative de financement des mod\u00e8les de soins"},"content":{"rendered":"<p><img loading=\"lazy\" decoding=\"async\" class=\"alignnone wp-image-52083 size-full\" src=\"https:\/\/www.partnershipagainstcancer.ca\/wp-content\/uploads\/2021\/12\/iStock-1329859783-flip-scaled.jpg\" alt=\"A female farmer looking over a beautiful market garden vegetable farm in evening light.\" width=\"2560\" height=\"1701\" srcset=\"https:\/\/www.partnershipagainstcancer.ca\/wp-content\/uploads\/2021\/12\/iStock-1329859783-flip-scaled.jpg 2560w, https:\/\/www.partnershipagainstcancer.ca\/wp-content\/uploads\/2021\/12\/iStock-1329859783-flip-300x199.jpg 300w, https:\/\/www.partnershipagainstcancer.ca\/wp-content\/uploads\/2021\/12\/iStock-1329859783-flip-1024x681.jpg 1024w, https:\/\/www.partnershipagainstcancer.ca\/wp-content\/uploads\/2021\/12\/iStock-1329859783-flip-768x510.jpg 768w, https:\/\/www.partnershipagainstcancer.ca\/wp-content\/uploads\/2021\/12\/iStock-1329859783-flip-1536x1021.jpg 1536w, https:\/\/www.partnershipagainstcancer.ca\/wp-content\/uploads\/2021\/12\/iStock-1329859783-flip-2048x1361.jpg 2048w\" sizes=\"auto, (max-width: 2560px) 100vw, 2560px\" \/><\/p>\n<p>L\u2019accroissement du fardeau du cancer au Canada, ainsi que les attentes croissantes en mati\u00e8re de soins s\u00e9curisants sur le plan culturel et centr\u00e9s sur la personne, pr\u00e8s du domicile, les ressources humaines limit\u00e9es dans le domaine de la sant\u00e9 et la pand\u00e9mie de COVID-19 ont exerc\u00e9 une pression croissante sur la capacit\u00e9 des fournisseurs de soins contre le cancer et ont aggrav\u00e9 les in\u00e9galit\u00e9s d\u2019acc\u00e8s aux soins. \u00c0 l\u2019heure actuelle, comme de nombreux territoires de comp\u00e9tence se concentrent sur la voie de la reprise apr\u00e8s la pand\u00e9mie, il est possible d\u2019am\u00e9liorer l\u2019efficacit\u00e9, la qualit\u00e9 et l\u2019\u00e9quit\u00e9 de la prestation des soins contre le cancer.<\/p>\n<p>Dans le cadre de l\u2019avancement des priorit\u00e9s 2, 3, 5 et 7 de la <a href=\"https:\/\/www.partnershipagainstcancer.ca\/wp-content\/uploads\/2019\/06\/Canadian-Strategy-Cancer-Control-2019-2029-FR.pdf\" target=\"_blank\" rel=\"noopener\">Strat\u00e9gie canadienne de lutte contre le cancer actualis\u00e9e<\/a> (la Strat\u00e9gie), et en r\u00e9ponse \u00e0 une demande des partenaires, le Partenariat canadien contre le cancer (le Partenariat) aidera les territoires de comp\u00e9tence \u00e0 concevoir, \u00e0 mettre en \u0153uvre et \u00e0 \u00e9valuer des mod\u00e8les de soins novateurs dans le cadre du cycle d\u2019affaires 2022-2027.<\/p>\n<p>Le Partenariat a lanc\u00e9 l\u2019initiative pancanadienne de financement des mod\u00e8les de soins. Cet espace en ligne fournit aux partenaires des renseignements et des ressources pour les aider \u00e0 remplir le formulaire d\u2019admission des projets de mod\u00e8les de soins et sert d\u2019espace de soutien aux partenaires pendant la p\u00e9riode de consultation \u00e9t\u00e9\/automne. Veuillez continuer \u00e0 consulter ce site pour obtenir les renseignements les plus r\u00e9cents sur l\u2019initiative de financement des mod\u00e8les de soins. Si vous avez des questions, veuillez envoyer un courriel au <a href=\"mailto:tc@partenariatcontrelecancer.ca\">tc@partenariatcontrelecancer.ca<\/a>.<\/p>\n<h2>\u00c9ch\u00e9ancier<\/h2>\n<p><img loading=\"lazy\" decoding=\"async\" class=\"aligncenter size-full wp-image-67198\" src=\"https:\/\/www.partnershipagainstcancer.ca\/wp-content\/uploads\/2024\/02\/FR-timeline.png\" alt=\"\" width=\"1584\" height=\"787\" srcset=\"https:\/\/www.partnershipagainstcancer.ca\/wp-content\/uploads\/2024\/02\/FR-timeline.png 1584w, https:\/\/www.partnershipagainstcancer.ca\/wp-content\/uploads\/2024\/02\/FR-timeline-300x149.png 300w, https:\/\/www.partnershipagainstcancer.ca\/wp-content\/uploads\/2024\/02\/FR-timeline-1024x509.png 1024w, https:\/\/www.partnershipagainstcancer.ca\/wp-content\/uploads\/2024\/02\/FR-timeline-768x382.png 768w, https:\/\/www.partnershipagainstcancer.ca\/wp-content\/uploads\/2024\/02\/FR-timeline-1536x763.png 1536w\" sizes=\"auto, (max-width: 1584px) 100vw, 1584px\" \/><\/p>\n<p>&nbsp;<\/p>\n<h2>FAQ (mise \u00e0 jour le 15 janvier2024)<\/h2>\n<ul>\n<li><a href=\"https:\/\/www.partnershipagainstcancer.ca\/wp-content\/uploads\/2024\/02\/MOC-FAQ-Jan-15-2024-FR-Final.pdf\">T\u00e9l\u00e9charger la FAQ<\/a> (mise \u00e0 jour le 15 janvier 2024)<\/li>\n<li>o Si vous ne trouvez pas de r\u00e9ponse \u00e0 votre question dans la FAQ, veuillez envoyer un courriel au <a href=\"mailto:tc@partnershipagainstcancer.ca\">tc@partnershipagainstcancer.ca<\/a><\/li>\n<\/ul>\n<h2>La priorit\u00e9 que donne le Partenariat \u00e0 l&rsquo;\u00e9quit\u00e9 en mati\u00e8re de sant\u00e9<\/h2>\n<ul>\n<li>Il est essentiel de disposer d\u2019un syst\u00e8me de lutte contre le cancer \u00e9quitable pour am\u00e9liorer les soins dispens\u00e9s aux personnes atteintes de cancer au Canada et dans le monde. L\u2019\u00e9quit\u00e9 est int\u00e9gr\u00e9e dans les r\u00e9sultats ultimes de la Strat\u00e9gie canadienne de lutte contre le cancer (la Strat\u00e9gie) \u2014 toutes les personnes au Canada ont acc\u00e8s \u00e0 des soins de qualit\u00e9 \u00e9lev\u00e9e contre le cancer \u2014 et constitue le point d\u2019ancrage du plan d\u2019affaires 2022-2027 du Partenariat. Le r\u00f4le pr\u00e9cis du Partenariat est fond\u00e9 sur l\u2019am\u00e9lioration de l\u2019\u00e9quit\u00e9 en mati\u00e8re de sant\u00e9 dans les soins li\u00e9s au cancer. En savoir plus sur <a href=\"https:\/\/www.partnershipagainstcancer.ca\/wp-content\/uploads\/2022\/05\/CPACs-Focus-on-Health-Equity_French.pdf\">la priorit\u00e9 que donne le Partenariat \u00e0 l\u00e9quit\u00e9 en mati\u00e8re de sant\u00e9<\/a>.<\/li>\n<li>L\u2019\u00e9tude de cas intitul\u00e9e <em>Int\u00e9grer l\u2019\u00e9quit\u00e9 \u00e0 la conception de programmes<\/em>\u00a0vise \u00e0 fournir aux partenaires provinciaux et territoriaux un exemple illustrant la mani\u00e8re dont ils pourraient concevoir, mettre en \u0153uvre et \u00e9valuer un projet de mod\u00e8le de soins ax\u00e9 sur l\u2019\u00e9quit\u00e9. L\u2019\u00e9tude de cas est fictive et ne repr\u00e9sente pas la seule approche que les partenaires pourraient adopter. Elle ne repr\u00e9sente pas non plus une liste compl\u00e8te ou exhaustive des consid\u00e9rations en mati\u00e8re d\u2019\u00e9quit\u00e9. T\u00e9l\u00e9charger <a href=\"https:\/\/www.partnershipagainstcancer.ca\/wp-content\/uploads\/2022\/06\/Models-of-Care-Deck-FR_FINAL.pdf\">l\u2019\u00e9tude de cas<\/a>.<\/li>\n<\/ul>\n<h2>Webinaire sur la bo\u00eete \u00e0 outils relative aux mod\u00e8les de soins<\/h2>\n<h3>Enregistrements<\/h3><ul class=\"default-accordion\"><li><span d=\"heading-0\">\n                        <a data-toggle=\"collapse\" href=\"#collapse-0\" aria-expanded=\"false\" aria-controls=\"collapse-0\">Webinaire sur la bo\u00eete \u00e0 outils sur les mod\u00e8les de soins<\/a>\n                    <\/span><div id=\"collapse-0\" class=\"collapse\" role=\"tabpanel\" data-parent=\".default-accordion\">Le <a href=\"https:\/\/www.youtube.com\/watch?v=DU2syLOGvzE\" target=\"_blank\">webinaire sur la bo\u00eete \u00e0 outils relative aux mod\u00e8les de soins<\/a> (en anglais seulement) a pr\u00e9sent\u00e9 un aper\u00e7u de la bo\u00eete \u00e0 outils et de la fa\u00e7on dont elle peut \u00eatre utilis\u00e9e pour aider les territoires de comp\u00e9tence \u00e0 mettre en \u0153uvre des mod\u00e8les de soins.<\/div><\/li><li><span d=\"heading-1\">\n                        <a data-toggle=\"collapse\" href=\"#collapse-1\" aria-expanded=\"false\" aria-controls=\"collapse-1\">S\u00e9ance portes ouvertes virtuelle<\/a>\n                    <\/span><div id=\"collapse-1\" class=\"collapse\" role=\"tabpanel\" data-parent=\".default-accordion\">La <a href=\"https:\/\/youtu.be\/ThC4ZY0h7kE\" target=\"_blank\">s\u00e9ance portes ouvertes<\/a> (en anglais seulement) visait \u00e0 pr\u00e9senter un aper\u00e7u de l\u2019initiative de financement des mod\u00e8les de soins et \u00e0 r\u00e9pondre aux questions relatives \u00e0 l\u2019enqu\u00eate sur la planification des mod\u00e8les de soins et \u00e0 l\u2019initiative de financement.<\/div><\/li><li><span d=\"heading-2\">\n                        <a data-toggle=\"collapse\" href=\"#collapse-2\" aria-expanded=\"false\" aria-controls=\"collapse-2\">Questions-r\u00e9ponses de la s\u00e9ance portes ouvertes virtuelle<\/a>\n                    <\/span><div id=\"collapse-2\" class=\"collapse\" role=\"tabpanel\" data-parent=\".default-accordion\">Visionnez l'enregistrement de la s\u00e9ance portes ouvertes du 9 juin. Il comprend la <a href=\"https:\/\/www.youtube.com\/watch?v=Oz3r3U_zv-E\" target=\"_blank\">partie questions-r\u00e9ponses de la s\u00e9ance<\/a> (vid\u00e9o en anglais sous-titr\u00e9e en fran\u00e7ais).<\/div><\/li><li><span d=\"heading-3\">\n                        <a data-toggle=\"collapse\" href=\"#collapse-3\" aria-expanded=\"false\" aria-controls=\"collapse-3\">Diaporama de la s\u00e9ance portes ouvertes virtuelle<\/a>\n                    <\/span><div id=\"collapse-3\" class=\"collapse\" role=\"tabpanel\" data-parent=\".default-accordion\">T\u00e9l\u00e9charger le <a href=\"https:\/\/www.partnershipagainstcancer.ca\/wp-content\/uploads\/2022\/06\/Virtual-open-house-presentation_FR.pdf\" target=\"_blank\">diaporama<\/a>.<\/div><\/li><\/ul>\n<h2>Outil d&rsquo;\u00e9valuation de l&rsquo;\u00e9tat de preparation \u00e0 la <strong>mise en \u0153uvre<\/strong> du projet<\/h2>\n<p>Cet outil d\u2019\u00e9valuation de l&rsquo;\u00e9tat de pr\u00e9paration comprend une s\u00e9rie de questions visant \u00e0 \u00e9valuer le contexte et le degr\u00e9 de pr\u00e9paration des territoires de comp\u00e9tence vis-\u00e0-vis de la mise en \u0153uvre d\u2019un projet particulier, en mettant l\u2019accent sur l\u2019int\u00e9gration d\u2019une approche ax\u00e9e sur l\u2019\u00e9quit\u00e9. Nous recommandons de r\u00e9aliser cette \u00e9valuation pendant les phases initiales de planification d\u2019un projet (p. ex. avant ou pendant l\u2019\u00e9laboration de la proposition; aux fins de r\u00e9f\u00e9rence apr\u00e8s l\u2019\u00e9laboration de la proposition). Une \u00e9valuation du contexte et du degr\u00e9 de pr\u00e9paration avant le lancement ou l\u2019\u00e9largissement d\u2019un projet permet aux \u00e9quipes de cerner les obstacles et les facteurs favorables potentiels d\u2019un territoire de comp\u00e9tence qui pourraient avoir une incidence sur la mise en \u0153uvre et la durabilit\u00e9 du projet. Cette \u00e9valuation permettra aux \u00e9quipes de mettre \u00e0 profit les points forts recens\u00e9s et de combler les lacunes afin d\u2019orienter la planification d\u00e9taill\u00e9e de mani\u00e8re \u00e0 ce que les facteurs cl\u00e9s du degr\u00e9 de pr\u00e9paration soient pris en compte.<\/p>\n<p>T\u00e9l\u00e9charger <span style=\"text-decoration: underline;\"><a href=\"https:\/\/www.partnershipagainstcancer.ca\/wp-content\/uploads\/2022\/07\/Project-Implementation-Readiness-Tool_FR_July2022.pdf\">l&rsquo;outil d&rsquo;\u00e9valuation de l&rsquo;\u00e9tat de pr\u00e9paration \u00e0 la mise en \u0153uvre du projet<\/a><\/span>.<\/p>\n<h2>Spectre de l\u2019AIP2<\/h2>\n<p>Le Partenariat encourage les territoires de comp\u00e9tence et les partenaires cl\u00e9s \u00e0 se reporter au <a href=\"https:\/\/aip2canada.ca\/wp-content\/uploads\/2020\/04\/Spectrum-web.pdf\" target=\"_blank\" rel=\"noopener\">spectre de l&rsquo;AIP2<\/a> (\u00e9labor\u00e9 par l\u2019Association internationale pour la participation publique) en tant que ressource utile pouvant les aider \u00e0 mettre au point une approche de mobilisation communautaire significative pour leur projet sur les mod\u00e8les de soins. L&rsquo;approche de mobilisation communautaire devrait \u00eatre d\u00e9termin\u00e9e en collaboration avec la communaut\u00e9 et fond\u00e9e sur le spectre de l\u2019AIP2, entre les phases \u00ab consulter \u00bb et \u00ab habiliter \u00bb. Les projets doivent tenir compte des besoins, des pr\u00e9f\u00e9rences et de la capacit\u00e9 des partenaires ou des repr\u00e9sentants de la communaut\u00e9 investis dans le travail, ainsi que des ressources, de la capacit\u00e9 et de l&rsquo;exp\u00e9rience des territoires de comp\u00e9tence pour soutenir la mobilisation communautaire.<\/p>\n<h2>Conseil du Partenariat (le 2 mai 2022)<\/h2>\n<ul>\n<li>L\u2019objectif de ce point de l\u2019ordre du jour \u00e9tait de lancer l\u2019initiative pancanadienne de financement des mod\u00e8les de soins et de donner un aper\u00e7u de la phase de planification destin\u00e9e \u00e0 aider les partenaires \u00e0 se pr\u00e9parer \u00e0 la mise en \u0153uvre.<\/li>\n<li>Acc\u00e9der \u00e0 <a href=\"https:\/\/www.partnershipagainstcancer.ca\/wp-content\/uploads\/2022\/05\/MoC_PC-Briefing-Note_2MAY2022_FR_FINAL.pdf\">la note d&rsquo;information<\/a> et \u00e0 <a href=\"https:\/\/www.partnershipagainstcancer.ca\/wp-content\/uploads\/2022\/05\/PC_MoC-Slides_2May2022_FR_FINAL.pdf\">la pr\u00e9sentation<\/a>.<\/li>\n<\/ul>\n","protected":false},"excerpt":{"rendered":"<p>L\u2019accroissement du fardeau du cancer au Canada, ainsi que les attentes croissantes en mati\u00e8re de soins s\u00e9curisants sur le plan culturel et centr\u00e9s sur la personne, pr\u00e8s du domicile, les ressources humaines limit\u00e9es dans le domaine de la sant\u00e9 et la pand\u00e9mie de COVID-19 ont exerc\u00e9 une pression croissante sur la capacit\u00e9 des fournisseurs de [&hellip;]<\/p>\n","protected":false},"author":24,"featured_media":0,"parent":0,"menu_order":0,"comment_status":"closed","ping_status":"closed","template":"content.php","meta":{"_acf_changed":false,"_monsterinsights_skip_tracking":false,"_monsterinsights_sitenote_active":false,"_monsterinsights_sitenote_note":"","_monsterinsights_sitenote_category":0,"ep_exclude_from_search":false,"footnotes":""},"categories":[],"tags":[],"site-tools":[],"ppma_author":[],"class_list":["post-52669","page","type-page","status-publish","hentry"],"acf":[],"yoast_head":"<!-- This site is optimized with the Yoast SEO plugin v27.3 - https:\/\/yoast.com\/product\/yoast-seo-wordpress\/ -->\n<title>Canadian Partnership Against Cancer<\/title>\n<meta name=\"robots\" content=\"noindex, nofollow\" \/>\n<meta property=\"og:locale\" content=\"fr_FR\" \/>\n<meta property=\"og:type\" content=\"article\" \/>\n<meta property=\"og:title\" content=\"Page d\u2019information sur l\u2019Initiative de financement des mod\u00e8les de soins - Canadian Partnership Against Cancer\" \/>\n<meta property=\"og:description\" content=\"L\u2019accroissement du fardeau du cancer au Canada, ainsi que les attentes croissantes en mati\u00e8re de soins s\u00e9curisants sur le plan culturel et centr\u00e9s sur la personne, pr\u00e8s du domicile, les ressources humaines limit\u00e9es dans le domaine de la sant\u00e9 et la pand\u00e9mie de COVID-19 ont exerc\u00e9 une pression croissante sur la capacit\u00e9 des fournisseurs de [&hellip;]\" \/>\n<meta property=\"og:url\" content=\"https:\/\/www.partnershipagainstcancer.ca\/fr\/models-of-care-funding-initiative\/\" \/>\n<meta property=\"og:site_name\" content=\"Canadian Partnership Against Cancer\" \/>\n<meta property=\"article:publisher\" content=\"https:\/\/www.facebook.com\/CanadianPartnershipAgainstCancer\/\" \/>\n<meta property=\"article:modified_time\" content=\"2024-02-23T16:16:43+00:00\" \/>\n<meta property=\"og:image\" content=\"https:\/\/www.partnershipagainstcancer.ca\/wp-content\/uploads\/2021\/12\/iStock-1329859783-flip-scaled.jpg\" \/>\n<meta name=\"twitter:card\" content=\"summary_large_image\" \/>\n<meta name=\"twitter:site\" content=\"@cancerstratca\" \/>\n<meta name=\"twitter:label1\" content=\"Dur\u00e9e de lecture estim\u00e9e\" \/>\n\t<meta name=\"twitter:data1\" content=\"5 minutes\" \/>\n<script type=\"application\/ld+json\" class=\"yoast-schema-graph\">{\"@context\":\"https:\\\/\\\/schema.org\",\"@graph\":[{\"@type\":\"WebPage\",\"@id\":\"https:\\\/\\\/www.partnershipagainstcancer.ca\\\/fr\\\/models-of-care-funding-initiative\\\/\",\"url\":\"https:\\\/\\\/www.partnershipagainstcancer.ca\\\/fr\\\/models-of-care-funding-initiative\\\/\",\"name\":\"Page d\u2019information sur l\u2019Initiative de financement des mod\u00e8les de soins - Canadian Partnership Against Cancer\",\"isPartOf\":{\"@id\":\"https:\\\/\\\/dev.partnershipagainstcancer.ca\\\/#website\"},\"primaryImageOfPage\":{\"@id\":\"https:\\\/\\\/www.partnershipagainstcancer.ca\\\/fr\\\/models-of-care-funding-initiative\\\/#primaryimage\"},\"image\":{\"@id\":\"https:\\\/\\\/www.partnershipagainstcancer.ca\\\/fr\\\/models-of-care-funding-initiative\\\/#primaryimage\"},\"thumbnailUrl\":\"https:\\\/\\\/www.partnershipagainstcancer.ca\\\/wp-content\\\/uploads\\\/2021\\\/12\\\/iStock-1329859783-flip-scaled.jpg\",\"datePublished\":\"2022-05-09T01:29:15+00:00\",\"dateModified\":\"2024-02-23T16:16:43+00:00\",\"inLanguage\":\"fr-FR\",\"potentialAction\":[{\"@type\":\"ReadAction\",\"target\":[\"https:\\\/\\\/www.partnershipagainstcancer.ca\\\/fr\\\/models-of-care-funding-initiative\\\/\"]}]},{\"@type\":\"ImageObject\",\"inLanguage\":\"fr-FR\",\"@id\":\"https:\\\/\\\/www.partnershipagainstcancer.ca\\\/fr\\\/models-of-care-funding-initiative\\\/#primaryimage\",\"url\":\"https:\\\/\\\/www.partnershipagainstcancer.ca\\\/wp-content\\\/uploads\\\/2021\\\/12\\\/iStock-1329859783-flip-scaled.jpg\",\"contentUrl\":\"https:\\\/\\\/www.partnershipagainstcancer.ca\\\/wp-content\\\/uploads\\\/2021\\\/12\\\/iStock-1329859783-flip-scaled.jpg\"},{\"@type\":\"WebSite\",\"@id\":\"https:\\\/\\\/dev.partnershipagainstcancer.ca\\\/#website\",\"url\":\"https:\\\/\\\/dev.partnershipagainstcancer.ca\\\/\",\"name\":\"Canadian Partnership Against Cancer\",\"description\":\"\",\"potentialAction\":[{\"@type\":\"SearchAction\",\"target\":{\"@type\":\"EntryPoint\",\"urlTemplate\":\"https:\\\/\\\/dev.partnershipagainstcancer.ca\\\/?s={search_term_string}\"},\"query-input\":{\"@type\":\"PropertyValueSpecification\",\"valueRequired\":true,\"valueName\":\"search_term_string\"}}],\"inLanguage\":\"fr-FR\"}]}<\/script>\n<!-- \/ Yoast SEO plugin. -->","yoast_head_json":{"title":"Canadian Partnership Against Cancer","robots":{"index":"noindex","follow":"nofollow"},"og_locale":"fr_FR","og_type":"article","og_title":"Page d\u2019information sur l\u2019Initiative de financement des mod\u00e8les de soins - Canadian Partnership Against Cancer","og_description":"L\u2019accroissement du fardeau du cancer au Canada, ainsi que les attentes croissantes en mati\u00e8re de soins s\u00e9curisants sur le plan culturel et centr\u00e9s sur la personne, pr\u00e8s du domicile, les ressources humaines limit\u00e9es dans le domaine de la sant\u00e9 et la pand\u00e9mie de COVID-19 ont exerc\u00e9 une pression croissante sur la capacit\u00e9 des fournisseurs de [&hellip;]","og_url":"https:\/\/www.partnershipagainstcancer.ca\/fr\/models-of-care-funding-initiative\/","og_site_name":"Canadian Partnership Against Cancer","article_publisher":"https:\/\/www.facebook.com\/CanadianPartnershipAgainstCancer\/","article_modified_time":"2024-02-23T16:16:43+00:00","og_image":[{"url":"https:\/\/www.partnershipagainstcancer.ca\/wp-content\/uploads\/2021\/12\/iStock-1329859783-flip-scaled.jpg","type":"","width":"","height":""}],"twitter_card":"summary_large_image","twitter_site":"@cancerstratca","twitter_misc":{"Dur\u00e9e de lecture estim\u00e9e":"5 minutes"},"schema":{"@context":"https:\/\/schema.org","@graph":[{"@type":"WebPage","@id":"https:\/\/www.partnershipagainstcancer.ca\/fr\/models-of-care-funding-initiative\/","url":"https:\/\/www.partnershipagainstcancer.ca\/fr\/models-of-care-funding-initiative\/","name":"Page d\u2019information sur l\u2019Initiative de financement des mod\u00e8les de soins - Canadian Partnership Against Cancer","isPartOf":{"@id":"https:\/\/dev.partnershipagainstcancer.ca\/#website"},"primaryImageOfPage":{"@id":"https:\/\/www.partnershipagainstcancer.ca\/fr\/models-of-care-funding-initiative\/#primaryimage"},"image":{"@id":"https:\/\/www.partnershipagainstcancer.ca\/fr\/models-of-care-funding-initiative\/#primaryimage"},"thumbnailUrl":"https:\/\/www.partnershipagainstcancer.ca\/wp-content\/uploads\/2021\/12\/iStock-1329859783-flip-scaled.jpg","datePublished":"2022-05-09T01:29:15+00:00","dateModified":"2024-02-23T16:16:43+00:00","inLanguage":"fr-FR","potentialAction":[{"@type":"ReadAction","target":["https:\/\/www.partnershipagainstcancer.ca\/fr\/models-of-care-funding-initiative\/"]}]},{"@type":"ImageObject","inLanguage":"fr-FR","@id":"https:\/\/www.partnershipagainstcancer.ca\/fr\/models-of-care-funding-initiative\/#primaryimage","url":"https:\/\/www.partnershipagainstcancer.ca\/wp-content\/uploads\/2021\/12\/iStock-1329859783-flip-scaled.jpg","contentUrl":"https:\/\/www.partnershipagainstcancer.ca\/wp-content\/uploads\/2021\/12\/iStock-1329859783-flip-scaled.jpg"},{"@type":"WebSite","@id":"https:\/\/dev.partnershipagainstcancer.ca\/#website","url":"https:\/\/dev.partnershipagainstcancer.ca\/","name":"Canadian Partnership Against Cancer","description":"","potentialAction":[{"@type":"SearchAction","target":{"@type":"EntryPoint","urlTemplate":"https:\/\/dev.partnershipagainstcancer.ca\/?s={search_term_string}"},"query-input":{"@type":"PropertyValueSpecification","valueRequired":true,"valueName":"search_term_string"}}],"inLanguage":"fr-FR"}]}},"_links":{"self":[{"href":"https:\/\/www.partnershipagainstcancer.ca\/fr\/wp-json\/wp\/v2\/pages\/52669","targetHints":{"allow":["GET"]}}],"collection":[{"href":"https:\/\/www.partnershipagainstcancer.ca\/fr\/wp-json\/wp\/v2\/pages"}],"about":[{"href":"https:\/\/www.partnershipagainstcancer.ca\/fr\/wp-json\/wp\/v2\/types\/page"}],"author":[{"embeddable":true,"href":"https:\/\/www.partnershipagainstcancer.ca\/fr\/wp-json\/wp\/v2\/users\/24"}],"replies":[{"embeddable":true,"href":"https:\/\/www.partnershipagainstcancer.ca\/fr\/wp-json\/wp\/v2\/comments?post=52669"}],"version-history":[{"count":5,"href":"https:\/\/www.partnershipagainstcancer.ca\/fr\/wp-json\/wp\/v2\/pages\/52669\/revisions"}],"predecessor-version":[{"id":67200,"href":"https:\/\/www.partnershipagainstcancer.ca\/fr\/wp-json\/wp\/v2\/pages\/52669\/revisions\/67200"}],"wp:attachment":[{"href":"https:\/\/www.partnershipagainstcancer.ca\/fr\/wp-json\/wp\/v2\/media?parent=52669"}],"wp:term":[{"taxonomy":"category","embeddable":true,"href":"https:\/\/www.partnershipagainstcancer.ca\/fr\/wp-json\/wp\/v2\/categories?post=52669"},{"taxonomy":"post_tag","embeddable":true,"href":"https:\/\/www.partnershipagainstcancer.ca\/fr\/wp-json\/wp\/v2\/tags?post=52669"},{"taxonomy":"site-tools","embeddable":true,"href":"https:\/\/www.partnershipagainstcancer.ca\/fr\/wp-json\/wp\/v2\/site-tools?post=52669"},{"taxonomy":"author","embeddable":true,"href":"https:\/\/www.partnershipagainstcancer.ca\/fr\/wp-json\/wp\/v2\/ppma_author?post=52669"}],"curies":[{"name":"wp","href":"https:\/\/api.w.org\/{rel}","templated":true}]}}