{"id":50702,"date":"2021-06-14T14:13:04","date_gmt":"2021-06-14T19:13:04","guid":{"rendered":"https:\/\/www.partnershipagainstcancer.ca\/?page_id=50702"},"modified":"2024-11-27T15:39:35","modified_gmt":"2024-11-27T20:39:35","slug":"text-descriptions-smoking-cessation-cancer-care","status":"publish","type":"page","link":"https:\/\/www.partnershipagainstcancer.ca\/fr\/text-descriptions-smoking-cessation-cancer-care\/","title":{"rendered":"Descriptions textuelles des graphiques sur l&rsquo;abandon du tabagisme dans les soins contre le cancer"},"content":{"rendered":"<h2>Canada<\/h2>\n<p>La frise chronologique sur la page intitul\u00e9e <a href=\"https:\/\/www.partnershipagainstcancer.ca\/fr\/topics\/smoking-cessation-cancer-care\/canada\/\">Progr\u00e8s accomplis en mati\u00e8re d\u2019int\u00e9gration de l\u2019abandon du tabagisme dans les soins contre le cancer au Canada<\/a> montre que le pourcentage de centres de canc\u00e9rologie offrant des services de soutien \u00e0 l\u2019abandon du tabagisme a augment\u00e9 au fil du temps, passant de 26 % de 2012 \u00e0 2017 \u00e0 87 % au cours de l\u2019exercice financier 2020-2021. L\u2019objectif est d\u2019atteindre 100 % d\u2019ici l\u2019exercice financier 2021-2022.<\/p>\n<p>Deux diagrammes montrent qu&rsquo;en 2020, 87 % des centres de canc\u00e9rologie offraient aux patients externes des services de soutien \u00e0 l\u2019abandon du tabagisme et 44 % des \u00e9tablissements de soins contre le cancer offraient des services de soutien \u00e0 l\u2019abandon du tabagisme adapt\u00e9s \u00e0 la culture des patients des Premi\u00e8res Nations, inuits et m\u00e9tis atteints d\u2019un cancer.<\/p>\n<h2>Yukon<\/h2>\n<p>La frise chronologique sur la page intitul\u00e9e <a href=\"https:\/\/www.partnershipagainstcancer.ca\/fr\/topics\/smoking-cessation-cancer-care\/yukon\/\">Abandon du tabagisme dans les soins contre le cancer au Yukon<\/a> porte sur le projet financ\u00e9 par le Partenariat men\u00e9 par le Yukon, qui est ax\u00e9 sur l\u2019int\u00e9gration de l\u2019abandon du tabagisme dans les soins contre le cancer au Yukon. De 2019 \u00e0 2020, ils \u00e9laboreront et mettront en \u0153uvre un syst\u00e8me dans le cadre duquel tous les nouveaux patients atteints d\u2019un cancer feront l\u2019objet d\u2019un d\u00e9pistage du tabagisme, se verront conseiller d\u2019abandonner cette pratique s\u2019ils fument et seront orient\u00e9s, le cas \u00e9ch\u00e9ant, vers des services de soutien \u00e0 l\u2019abandon du tabagisme culturellement s\u00e9curitaires, en utilisant une approche avec option de refus. De 2020 \u00e0 2021, ils am\u00e9lioreront et maintiendront les services de soutien \u00e0 l\u2019abandon du tabagisme et travailleront en vue d\u2019inclure l\u2019abandon du tabagisme commercial comme norme de soins pour les patients atteints d\u2019un cancer, dans le cadre de l\u2019agr\u00e9ment des h\u00f4pitaux.<\/p>\n<h2>Territoires du Nord-Ouest<\/h2>\n<p>La frise chronologique sur la page intitul\u00e9e <a href=\"https:\/\/www.partnershipagainstcancer.ca\/fr\/topics\/smoking-cessation-cancer-care\/northwest-territories\/\">Abandon du tabagisme dans les soins contre le cancer dans les Territoires du Nord-Ouest<\/a> porte sur le projet financ\u00e9 par le partenariat men\u00e9 par les Territoires du Nord-Ouest, qui est ax\u00e9 sur l\u2019int\u00e9gration de l\u2019abandon du tabagisme dans les soins contre le cancer. De 2019 \u00e0 2022, ils \u00e9laboreront et mettront en \u0153uvre une approche formelle pour aider les patients atteints d\u2019un cancer \u00e0 arr\u00eater de fumer. Il s\u2019agira notamment de coordonner les soins en mati\u00e8re d\u2019abandon du tabagisme entre l\u2019h\u00f4pital territorial Stanton de Yellowknife et le Cross Cancer Institute d\u2019Edmonton.<\/p>\n<h2>Nunavut<\/h2>\n<p>La frise chronologique sur la page intitul\u00e9e <a href=\"https:\/\/www.partnershipagainstcancer.ca\/fr\/topics\/smoking-cessation-cancer-care\/nunavut\/\">Abandon du tabagisme dans les soins contre le cancer au Nunavut<\/a> porte sur le projet financ\u00e9 par le Partenariat men\u00e9 par le Nunavut, qui est ax\u00e9 sur l\u2019abandon du tabagisme chez les patients du Nunavut atteints d\u2019un cancer. De 2019 \u00e0 2021, ils embaucheront, \u00e0 l\u2019h\u00f4pital g\u00e9n\u00e9ral de Qikiqtani, un employ\u00e9 qui se consacrera \u00e0 la supervision du programme d\u2019abandon du tabagisme. De 2020 \u00e0 2021, ils syst\u00e9matiseront le recensement des fumeurs et l\u2019offre de services de soutien \u00e0 l\u2019abandon du tabagisme, ainsi que leur suivi, et dispenseront une formation en la mati\u00e8re aux fournisseurs de soins de sant\u00e9. De 2021 \u00e0 2022, ils fourniront des services am\u00e9lior\u00e9s de soutien \u00e0 l\u2019abandon du tabagisme int\u00e9gr\u00e9s dans les soins contre le cancer qui seront \u00e9tendus, par la suite, aux autres r\u00e9gions du territoire.<\/p>\n<h2>Colombie-Britannique<\/h2>\n<p>La frise chronologique sur la page intitul\u00e9e <a href=\"https:\/\/www.partnershipagainstcancer.ca\/fr\/topics\/smoking-cessation-cancer-care\/british-columbia\/\">Abandon du tabagisme dans les soins contre le cancer en Colombie-Britannique<\/a> porte sur le projet financ\u00e9 par le Partenariat men\u00e9 par la Colombie-Britannique, qui est ax\u00e9 sur l\u2019int\u00e9gration de l\u2019abandon du tabagisme dans les centres de canc\u00e9rologie. De 2019 \u00e0 2020, ils lanceront un programme d\u2019abandon du tabagisme pour les patients recevant des soins ambulatoires dans les six centres r\u00e9gionaux de canc\u00e9rologie. De 2020 \u00e0 2021, ils surveilleront l\u2019adoption du programme, ainsi que les taux d\u2019abandon et de r\u00e9duction du tabagisme, \u00e0\u00a030 jours, \u00e0 6\u00a0mois et \u00e0\u00a01 an. De 2021 \u00e0 2022, ils am\u00e9lioreront et maintiendront le programme d\u2019abandon du tabagisme, en offrant notamment une formation suppl\u00e9mentaire pour le personnel des centres de canc\u00e9rologie.<\/p>\n<h2>Alberta<\/h2>\n<p>La frise chronologique sur la page intitul\u00e9e <a href=\"https:\/\/www.partnershipagainstcancer.ca\/fr\/topics\/smoking-cessation-cancer-care\/alberta\/\">Abandon du tabagisme dans les soins contre le cancer en Alberta<\/a> porte sur le projet financ\u00e9 par le Partenariat men\u00e9 par l\u2019Alberta, qui est ax\u00e9 sur l\u2019optimisation des r\u00e9sultats de la lutte contre le cancer par le biais de l\u2019abandon du tabagisme. En 2019, ils am\u00e9lioreront et maintiendront le d\u00e9pistage, les interventions br\u00e8ves et les aiguillages dans les centres de canc\u00e9rologie. En 2020, ils mettront \u00e0 jour les ressources \u00e9ducatives destin\u00e9es aux patients et leur fourniront une meilleure information sur la fa\u00e7on dont ils peuvent acc\u00e9der \u00e0 des services de soutien financier pour les m\u00e9dicaments visant \u00e0 favoriser l\u2019abandon du tabagisme. En 2021, ils offriront une formation en ligne \u00e0 l\u2019intention des professionnels de la sant\u00e9, en vue d\u2019am\u00e9liorer leur sensibilisation \u00e0 l\u2019abandon du tabagisme, ainsi que les connaissances et les comp\u00e9tences dont ils ont besoin pour \u00e9valuer et pour mettre en \u0153uvre des interventions en la mati\u00e8re pour les patients atteints d\u2019un cancer. De 2020 \u00e0 2021, ils \u00e9laboreront un processus d\u2019aiguillage depuis les centres de canc\u00e9rologie vers les services communautaires de soutien \u00e0 l\u2019abandon du tabagisme.<\/p>\n<h2>Saskatchewan<\/h2>\n<p>La frise chronologique sur la page intitul\u00e9e <a href=\"https:\/\/www.partnershipagainstcancer.ca\/fr\/topics\/smoking-cessation-cancer-care\/saskatchewan\/\">Abandon du tabagisme dans les soins contre le cancer en Saskatchewan<\/a> porte sur le projet financ\u00e9 par le Partenariat men\u00e9 par la Saskatchewan, qui est ax\u00e9 sur l\u2019abandon du tabagisme dans les soins contre le cancer. En 2019, ils offriront aux fournisseurs de soins de sant\u00e9 et aux pharmaciens communautaires un acc\u00e8s \u00e0 une formation et \u00e0 des ressources sur les services adapt\u00e9s \u00e0 la culture d\u2019aide \u00e0 l\u2019abandon du tabagisme dans les soins contre le cancer. De 2020 \u00e0 2021, ils renforceront la capacit\u00e9 de mise en \u0153uvre du mod\u00e8le en trois \u00e9tapes (demander, conseiller, agir) pour tous les nouveaux patients atteints d\u2019un cancer, avec des m\u00e9dicaments gratuits d\u2019aide \u00e0 l\u2019abandon du tabagisme et des aiguillages vers les pharmacies communautaires et la ligne T\u00e9l\u00e9assistance pour fumeurs.<\/p>\n<h2>Manitoba<\/h2>\n<p>La frise chronologique sur la page intitul\u00e9e <a href=\"https:\/\/www.partnershipagainstcancer.ca\/fr\/topics\/smoking-cessation-cancer-care\/manitoba\/\">Abandon du tabagisme dans les soins contre le cancer au Manitoba<\/a> porte sur le projet financ\u00e9 par le Partenariat men\u00e9 par le Manitoba, qui est ax\u00e9 sur la r\u00e9alisation d\u2019une analyse \u00e9conomique et la mobilisation des intervenants en lien avec le programme d\u2019abandon du tabagisme d\u2019Action cancer Manitoba. De 2019 \u00e0 2021, ils effectueront une analyse \u00e9conomique du programme d\u2019abandon du tabagisme, en vue de d\u00e9montrer sa rentabilit\u00e9 et de favoriser le maintien de son financement. Ils inciteront \u00e9galement l\u2019administration, les cliniciens et le personnel \u00e0 promouvoir les services de soutien \u00e0 l\u2019abandon du tabagisme dans le cadre de la norme de soins pour le traitement du cancer.<\/p>\n<h2>Ontario<\/h2>\n<p>La frise chronologique sur la page intitul\u00e9e <a href=\"https:\/\/www.partnershipagainstcancer.ca\/fr\/topics\/smoking-cessation-cancer-care\/ontario\/\">Abandon du tabagisme dans les soins contre le cancer en Ontario<\/a> porte sur le projet financ\u00e9 par le Partenariat men\u00e9 par l\u2019Ontario, qui est ax\u00e9 sur la mise en \u0153uvre des mesures pour les r\u00e9sultats signal\u00e9s par les patients afin de v\u00e9rifier l\u2019efficacit\u00e9 de l\u2019abandon du tabagisme. De 2019 \u00e0 2021, ils \u00e9laboreront un syst\u00e8me pour mesurer et rendre compte des r\u00e9sultats de l\u2019abandon du tabagisme chez les patients atteints d\u2019un cancer, afin de d\u00e9montrer les effets du programme et d\u2019offrir des possibilit\u00e9s suppl\u00e9mentaires de soutien \u00e0 l\u2019abandon du tabagisme; ils am\u00e9lioreront les liens permettant aux patients autochtones d\u2019acc\u00e9der \u00e0 des services de soutien culturellement s\u00e9curitaires; et ils \u00e9laboreront et lanceront une enqu\u00eate sur les r\u00e9sultats signal\u00e9s par les patients en mati\u00e8re d\u2019abandon du tabagisme dans deux centres pilotes. En 2021, ils \u00e9valueront les r\u00e9sultats de l\u2019enqu\u00eate sur les r\u00e9sultats signal\u00e9s par les patients en mati\u00e8re d\u2019abandon du tabagisme, en vue de pr\u00e9parer un d\u00e9ploiement \u00e0 l\u2019\u00e9chelle de la province.<\/p>\n<h2>Qu\u00e9bec<\/h2>\n<p>La frise chronologique sur la page intitul\u00e9e <a href=\"https:\/\/www.partnershipagainstcancer.ca\/fr\/topics\/smoking-cessation-cancer-care\/quebec\/\">Abandon du tabagisme dans les soins contre le cancer au Qu\u00e9bec<\/a> porte sur le projet financ\u00e9 par le Partenariat men\u00e9 par le Qu\u00e9bec, qui est ax\u00e9 sur le traitement du tabagisme en canc\u00e9rologie. De 2019 \u00e0 2022, ils mettront en place un programme d\u2019abandon du tabagisme exhaustif et int\u00e9gr\u00e9 pour les patients atteints de cancer et leur famille \u00e0 l\u2019aide du Mod\u00e8le d\u2019Ottawa pour l\u2019abandon du tabac (MOAT, un programme con\u00e7u par l\u2019Institut de cardiologie de l\u2019Universit\u00e9 d\u2019Ottawa), dans deux centres int\u00e9gr\u00e9s universitaires de sant\u00e9 et de services sociaux (CIUSSS) : le CIUSSS de l&rsquo;Ouest-de-l\u2019\u00cele-de-Montr\u00e9al et le CIUSSS du Centre-Sud-de-l\u2019\u00cele-de-Montr\u00e9al. L\u2019un des objectifs \u00e0 plus long terme est de partager les pratiques, les outils et la formation du projet intitul\u00e9 \u00ab Le traitement du tabagisme en canc\u00e9rologie \u00bb avec tous les centres de canc\u00e9rologie du Qu\u00e9bec, afin d\u2019avoir une approche concert\u00e9e entre tous les centres.<\/p>\n<h2>Nouveau-Brunswick<\/h2>\n<p>La frise chronologique sur la page intitul\u00e9e <a href=\"https:\/\/www.partnershipagainstcancer.ca\/fr\/topics\/smoking-cessation-cancer-care\/new-brunswick\/\">Abandon du tabagisme dans les soins contre le cancer au Nouveau-Brunswick<\/a> porte sur le projet financ\u00e9 par le Partenariat men\u00e9 par le Nouveau-Brunswick, qui est ax\u00e9 sur l\u2019\u00e9largissement du soutien \u00e0 l\u2019abandon du tabagisme dans les \u00e9tablissements de soins ambulatoires contre le cancer. De 2019 \u00e0 2020, ils \u00e9laboreront et mettront en \u0153uvre un parcours d\u2019aiguillage vers les services de soutien \u00e0 l\u2019abandon du tabagisme \u00e0 l\u2019intention des membres de la famille. De 2019 \u00e0 2022, ils \u00e9largiront le suivi relatif aux services de soutien \u00e0 l\u2019abandon du tabagisme, en vue de mieux r\u00e9pondre aux besoins des patients atteints d\u2019un cancer, et ils am\u00e9lioreront la saisie et la communication des donn\u00e9es, et m\u00e8neront une \u00e9valuation \u00e9conomique du programme. De 2021 \u00e0 2022, ils d\u00e9montreront l\u2019incidence de la fourniture aux patients, au point d\u2019intervention, de m\u00e9dicaments gratuits visant \u00e0 favoriser l\u2019abandon du tabagisme, notamment des TRN.<\/p>\n<h2>Nouvelle-\u00c9cosse<\/h2>\n<p>La frise chronologique sur la page intitul\u00e9e <a href=\"https:\/\/www.partnershipagainstcancer.ca\/fr\/topics\/smoking-cessation-cancer-care\/nova-scotia\/\">Abandon du tabagisme dans les soins contre le cancer en Nouvelle-\u00c9cosse<\/a> porte sur le projet financ\u00e9 par le Partenariat men\u00e9 par la Nouvelle-\u00c9cosse, qui est ax\u00e9 sur l\u2019int\u00e9gration de l\u2019abandon du tabagisme fond\u00e9 sur des donn\u00e9es probantes dans le programme de soins contre le cancer de la Nouvelle-\u00c9cosse. De 2019 \u00e0 2020, ils \u00e9laboreront et mettront en \u0153uvre une politique d\u2019abandon du tabagisme en lien avec les soins contre le cancer, y compris une approche avec option de refus pour les aiguillages. De 2020 \u00e0 2021, ils normaliseront les questionnaires de d\u00e9pistage du tabagisme, en vue de veiller \u00e0 la coh\u00e9rence des processus de d\u00e9pistage, de formation et d\u2019aiguillage. De 2021 \u00e0 2022, ils formeront le personnel des cliniques de canc\u00e9rologie \u00e0 l\u2019abandon du tabagisme et au savoir-faire culturel.<\/p>\n<h2>\u00cele-du-Prince-\u00c9douard<\/h2>\n<p>La frise chronologique sur la page intitul\u00e9e <a href=\"https:\/\/www.partnershipagainstcancer.ca\/fr\/topics\/hpv-vaccine-access-2022\/prince-edward-island\/\">Abandon du tabagisme dans les soins contre le cancer \u00e0 l\u2019\u00cele-du-Prince-\u00c9douard<\/a> porte sur le projet financ\u00e9 par le Partenariat men\u00e9 par l\u2019\u00cele-du-Prince-\u00c9douard, qui est ax\u00e9 sur l\u2019am\u00e9lioration des services d\u2019abandon du tabagisme pour favoriser des r\u00e9sultats optimaux chez les patients atteints de cancer. De 2019 \u00e0 2020, ils mettront en \u0153uvre une approche avec option de refus en ce qui concerne les services de soutien \u00e0 l\u2019abandon du tabagisme pour les patients atteints d\u2019un cancer. De 2020 \u00e0 2022, ils \u00e9laboreront et mettront en \u0153uvre des services de counseling sur l\u2019abandon du tabagisme et de remise de TRN, offerts au point d\u2019intervention, lors des rendez-vous existants des patients et tout au long du traitement, et offriront aux aidants du soutien comprenant du counseling et des aiguillages. De 2020 \u00e0 2022, ils formeront des conseillers en abandon du tabagisme et actualiseront les contenus de formation \u00e0 l\u2019intention des fournisseurs de soins et des patients. En 2022, ils \u00e9tabliront un plan d\u2019affaires ax\u00e9 sur la durabilit\u00e9 du programme.<\/p>\n<h2>Terre-Neuve-et-Labrador<\/h2>\n<p>La frise chronologique sur la page intitul\u00e9e <a href=\"https:\/\/www.partnershipagainstcancer.ca\/fr\/topics\/smoking-cessation-cancer-care\/newfoundland-and-labrador\/\">Abandon du tabagisme dans les soins contre le cancer \u00e0 Terre-Neuve-et-Labrador<\/a> porte sur le projet financ\u00e9 par le Partenariat men\u00e9 par Terre-Neuve-et-Labrador, qui est ax\u00e9 sur l\u2019am\u00e9lioration des services d\u2019abandon du tabagisme en oncologie ambulatoire \u00e0 Terre-Neuve-et-Labrador. De 2018 \u00e0 2019, ils int\u00e9greront l\u2019abandon du tabagisme comme norme de soins en oncologie ambulatoire, gr\u00e2ce \u00e0 un changement de culture et \u00e0 de la formation. De 2020 \u00e0 2021, ils \u00e9largiront l\u2019acc\u00e8s aux services de soutien \u00e0 l\u2019abandon du tabagisme aux quatre centres r\u00e9gionaux de canc\u00e9rologie et aux sites p\u00e9riph\u00e9riques, et ils am\u00e9lioreront la prestation des services de soutien \u00e0 l\u2019abandon du tabagisme aux patients autochtones atteints d\u2019un cancer.<\/p>\n","protected":false},"excerpt":{"rendered":"<p>Canada La frise chronologique sur la page intitul\u00e9e Progr\u00e8s accomplis en mati\u00e8re d\u2019int\u00e9gration de l\u2019abandon du tabagisme dans les soins contre le cancer au Canada montre que le pourcentage de centres de canc\u00e9rologie offrant des services de soutien \u00e0 l\u2019abandon du tabagisme a augment\u00e9 au fil du temps, passant de 26 % de 2012 \u00e0 [&hellip;]<\/p>\n","protected":false},"author":24,"featured_media":0,"parent":0,"menu_order":0,"comment_status":"closed","ping_status":"closed","template":"","meta":{"_acf_changed":false,"_monsterinsights_skip_tracking":false,"_monsterinsights_sitenote_active":false,"_monsterinsights_sitenote_note":"","_monsterinsights_sitenote_category":0,"ep_exclude_from_search":false,"footnotes":""},"categories":[],"tags":[],"site-tools":[],"ppma_author":[1964],"class_list":["post-50702","page","type-page","status-publish","hentry"],"acf":[],"yoast_head":"<!-- This site is optimized with the Yoast SEO plugin v27.3 - https:\/\/yoast.com\/product\/yoast-seo-wordpress\/ -->\n<title>Canadian Partnership Against Cancer<\/title>\n<meta name=\"robots\" content=\"index, follow, max-snippet:-1, max-image-preview:large, max-video-preview:-1\" \/>\n<link rel=\"canonical\" href=\"https:\/\/www.partnershipagainstcancer.ca\/fr\/text-descriptions-smoking-cessation-cancer-care\/\" \/>\n<meta property=\"og:locale\" content=\"fr_FR\" \/>\n<meta property=\"og:type\" content=\"article\" \/>\n<meta property=\"og:title\" content=\"Descriptions textuelles des graphiques sur l&#039;abandon du tabagisme dans les soins contre le cancer - Canadian Partnership Against Cancer\" \/>\n<meta property=\"og:description\" content=\"Canada La frise chronologique sur la page intitul\u00e9e Progr\u00e8s accomplis en mati\u00e8re d\u2019int\u00e9gration de l\u2019abandon du tabagisme dans les soins contre le cancer au Canada montre que le pourcentage de centres de canc\u00e9rologie offrant des services de soutien \u00e0 l\u2019abandon du tabagisme a augment\u00e9 au fil du temps, passant de 26 % de 2012 \u00e0 [&hellip;]\" \/>\n<meta property=\"og:url\" content=\"https:\/\/www.partnershipagainstcancer.ca\/fr\/text-descriptions-smoking-cessation-cancer-care\/\" \/>\n<meta property=\"og:site_name\" content=\"Canadian Partnership Against Cancer\" \/>\n<meta property=\"article:publisher\" content=\"https:\/\/www.facebook.com\/CanadianPartnershipAgainstCancer\/\" \/>\n<meta property=\"article:modified_time\" content=\"2024-11-27T20:39:35+00:00\" \/>\n<meta name=\"twitter:card\" content=\"summary_large_image\" \/>\n<meta name=\"twitter:site\" content=\"@cancerstratca\" \/>\n<meta name=\"twitter:label1\" content=\"Dur\u00e9e de lecture estim\u00e9e\" \/>\n\t<meta name=\"twitter:data1\" content=\"9 minutes\" \/>\n<script type=\"application\/ld+json\" class=\"yoast-schema-graph\">{\"@context\":\"https:\\\/\\\/schema.org\",\"@graph\":[{\"@type\":\"WebPage\",\"@id\":\"https:\\\/\\\/www.partnershipagainstcancer.ca\\\/fr\\\/text-descriptions-smoking-cessation-cancer-care\\\/\",\"url\":\"https:\\\/\\\/www.partnershipagainstcancer.ca\\\/fr\\\/text-descriptions-smoking-cessation-cancer-care\\\/\",\"name\":\"Descriptions textuelles des graphiques sur l'abandon du tabagisme dans les soins contre le cancer - Canadian Partnership Against Cancer\",\"isPartOf\":{\"@id\":\"https:\\\/\\\/dev.partnershipagainstcancer.ca\\\/#website\"},\"datePublished\":\"2021-06-14T19:13:04+00:00\",\"dateModified\":\"2024-11-27T20:39:35+00:00\",\"inLanguage\":\"fr-FR\",\"potentialAction\":[{\"@type\":\"ReadAction\",\"target\":[\"https:\\\/\\\/www.partnershipagainstcancer.ca\\\/fr\\\/text-descriptions-smoking-cessation-cancer-care\\\/\"]}]},{\"@type\":\"WebSite\",\"@id\":\"https:\\\/\\\/dev.partnershipagainstcancer.ca\\\/#website\",\"url\":\"https:\\\/\\\/dev.partnershipagainstcancer.ca\\\/\",\"name\":\"Canadian Partnership Against Cancer\",\"description\":\"\",\"potentialAction\":[{\"@type\":\"SearchAction\",\"target\":{\"@type\":\"EntryPoint\",\"urlTemplate\":\"https:\\\/\\\/dev.partnershipagainstcancer.ca\\\/?s={search_term_string}\"},\"query-input\":{\"@type\":\"PropertyValueSpecification\",\"valueRequired\":true,\"valueName\":\"search_term_string\"}}],\"inLanguage\":\"fr-FR\"}]}<\/script>\n<!-- \/ Yoast SEO plugin. -->","yoast_head_json":{"title":"Canadian Partnership Against Cancer","robots":{"index":"index","follow":"follow","max-snippet":"max-snippet:-1","max-image-preview":"max-image-preview:large","max-video-preview":"max-video-preview:-1"},"canonical":"https:\/\/www.partnershipagainstcancer.ca\/fr\/text-descriptions-smoking-cessation-cancer-care\/","og_locale":"fr_FR","og_type":"article","og_title":"Descriptions textuelles des graphiques sur l'abandon du tabagisme dans les soins contre le cancer - Canadian Partnership Against Cancer","og_description":"Canada La frise chronologique sur la page intitul\u00e9e Progr\u00e8s accomplis en mati\u00e8re d\u2019int\u00e9gration de l\u2019abandon du tabagisme dans les soins contre le cancer au Canada montre que le pourcentage de centres de canc\u00e9rologie offrant des services de soutien \u00e0 l\u2019abandon du tabagisme a augment\u00e9 au fil du temps, passant de 26 % de 2012 \u00e0 [&hellip;]","og_url":"https:\/\/www.partnershipagainstcancer.ca\/fr\/text-descriptions-smoking-cessation-cancer-care\/","og_site_name":"Canadian Partnership Against Cancer","article_publisher":"https:\/\/www.facebook.com\/CanadianPartnershipAgainstCancer\/","article_modified_time":"2024-11-27T20:39:35+00:00","twitter_card":"summary_large_image","twitter_site":"@cancerstratca","twitter_misc":{"Dur\u00e9e de lecture estim\u00e9e":"9 minutes"},"schema":{"@context":"https:\/\/schema.org","@graph":[{"@type":"WebPage","@id":"https:\/\/www.partnershipagainstcancer.ca\/fr\/text-descriptions-smoking-cessation-cancer-care\/","url":"https:\/\/www.partnershipagainstcancer.ca\/fr\/text-descriptions-smoking-cessation-cancer-care\/","name":"Descriptions textuelles des graphiques sur l'abandon du tabagisme dans les soins contre le cancer - Canadian Partnership Against Cancer","isPartOf":{"@id":"https:\/\/dev.partnershipagainstcancer.ca\/#website"},"datePublished":"2021-06-14T19:13:04+00:00","dateModified":"2024-11-27T20:39:35+00:00","inLanguage":"fr-FR","potentialAction":[{"@type":"ReadAction","target":["https:\/\/www.partnershipagainstcancer.ca\/fr\/text-descriptions-smoking-cessation-cancer-care\/"]}]},{"@type":"WebSite","@id":"https:\/\/dev.partnershipagainstcancer.ca\/#website","url":"https:\/\/dev.partnershipagainstcancer.ca\/","name":"Canadian Partnership Against Cancer","description":"","potentialAction":[{"@type":"SearchAction","target":{"@type":"EntryPoint","urlTemplate":"https:\/\/dev.partnershipagainstcancer.ca\/?s={search_term_string}"},"query-input":{"@type":"PropertyValueSpecification","valueRequired":true,"valueName":"search_term_string"}}],"inLanguage":"fr-FR"}]}},"_links":{"self":[{"href":"https:\/\/www.partnershipagainstcancer.ca\/fr\/wp-json\/wp\/v2\/pages\/50702","targetHints":{"allow":["GET"]}}],"collection":[{"href":"https:\/\/www.partnershipagainstcancer.ca\/fr\/wp-json\/wp\/v2\/pages"}],"about":[{"href":"https:\/\/www.partnershipagainstcancer.ca\/fr\/wp-json\/wp\/v2\/types\/page"}],"author":[{"embeddable":true,"href":"https:\/\/www.partnershipagainstcancer.ca\/fr\/wp-json\/wp\/v2\/users\/24"}],"replies":[{"embeddable":true,"href":"https:\/\/www.partnershipagainstcancer.ca\/fr\/wp-json\/wp\/v2\/comments?post=50702"}],"version-history":[{"count":4,"href":"https:\/\/www.partnershipagainstcancer.ca\/fr\/wp-json\/wp\/v2\/pages\/50702\/revisions"}],"predecessor-version":[{"id":71509,"href":"https:\/\/www.partnershipagainstcancer.ca\/fr\/wp-json\/wp\/v2\/pages\/50702\/revisions\/71509"}],"wp:attachment":[{"href":"https:\/\/www.partnershipagainstcancer.ca\/fr\/wp-json\/wp\/v2\/media?parent=50702"}],"wp:term":[{"taxonomy":"category","embeddable":true,"href":"https:\/\/www.partnershipagainstcancer.ca\/fr\/wp-json\/wp\/v2\/categories?post=50702"},{"taxonomy":"post_tag","embeddable":true,"href":"https:\/\/www.partnershipagainstcancer.ca\/fr\/wp-json\/wp\/v2\/tags?post=50702"},{"taxonomy":"site-tools","embeddable":true,"href":"https:\/\/www.partnershipagainstcancer.ca\/fr\/wp-json\/wp\/v2\/site-tools?post=50702"},{"taxonomy":"author","embeddable":true,"href":"https:\/\/www.partnershipagainstcancer.ca\/fr\/wp-json\/wp\/v2\/ppma_author?post=50702"}],"curies":[{"name":"wp","href":"https:\/\/api.w.org\/{rel}","templated":true}]}}