{"id":50095,"date":"2021-04-06T15:49:32","date_gmt":"2021-04-06T20:49:32","guid":{"rendered":"https:\/\/www.partnershipagainstcancer.ca\/?page_id=50095"},"modified":"2021-04-06T15:49:32","modified_gmt":"2021-04-06T20:49:32","slug":"text-descriptions-hpv-primary-screening","status":"publish","type":"page","link":"https:\/\/www.partnershipagainstcancer.ca\/fr\/text-descriptions-hpv-primary-screening\/","title":{"rendered":"Descriptions textuelles des diagrammes relatifs au d\u00e9pistage primaire par d\u00e9tection du VPH et au suivi des r\u00e9sultats anormaux"},"content":{"rendered":"<h2><strong>Phases de mise en \u0153uvre<\/strong><\/h2>\n<p>Ce diagramme \u00e0 trois phases sur les <a href=\"https:\/\/www.partnershipagainstcancer.ca\/fr\/topics\/hpv-primary-screening-environmental-scan\/implementation-considerations\/\">\u00e9l\u00e9ments pratiques \u00e0 prendre en consid\u00e9ration pour la mise en \u0153uvre du d\u00e9pistage primaire par d\u00e9tection du VPH<\/a> \u00e9nonce ce qui suit\u00a0:<\/p>\n<p><strong>Construction des bases\u00a0: exploration, en amont, de la fa\u00e7on de mettre en \u0153uvre le d\u00e9pistage primaire par d\u00e9tection du VPH<\/strong><\/p>\n<ul>\n<li>Comit\u00e9 directeur et groupes consultatifs de d\u00e9part<\/li>\n<li>Registre de d\u00e9pistage et syst\u00e8mes informatiques<\/li>\n<li>Lignes directrices et parcours<\/li>\n<li>Mod\u00e8les pr\u00e9dictifs<\/li>\n<\/ul>\n<p><strong>Planification de la mise en \u0153uvre\u00a0: mise en place d\u2019\u00e9quipes de mise en \u0153uvre et \u00e9laboration des plans de mise en \u0153uvre concrets<\/strong><\/p>\n<ul>\n<li>\u00c9quipe de mise en \u0153uvre et champions<\/li>\n<li>Plan de mise en \u0153uvre<\/li>\n<li>Messages communs et unifi\u00e9s<\/li>\n<li>Participation des cliniciens<\/li>\n<li>Changements dans les laboratoires<\/li>\n<li>Augmentation des colposcopies<\/li>\n<li>Parcours pilotes<\/li>\n<\/ul>\n<p><strong>Ex\u00e9cution\u00a0: ex\u00e9cution du plan de mise en \u0153uvre<\/strong><\/p>\n<ul>\n<li>Communication, mat\u00e9riels de soutien et formation<\/li>\n<li>Surveillance et \u00e9valuation<\/li>\n<\/ul>\n<h2><strong>Organigramme sur le triage<\/strong><\/h2>\n<p>Cet organigramme sur les <a href=\"https:\/\/www.partnershipagainstcancer.ca\/fr\/topics\/hpv-primary-screening-environmental-scan\/cervical-screening-pathway-steps\/\">\u00e9tapes du parcours de d\u00e9pistage du cancer du col de l\u2019ut\u00e9rus<\/a> indique ce qui suit\u00a0:<\/p>\n<ul>\n<li>Si les r\u00e9sultats du test sont n\u00e9gatifs, la patiente retourne au d\u00e9pistage syst\u00e9matique.<\/li>\n<li>Si les r\u00e9sultats du test sont positifs, la patiente peut subir un test Pap ou \u00eatre aiguill\u00e9e en colposcopie.<\/li>\n<li>Si les r\u00e9sultats du test Pap sont positifs, la patiente est aiguill\u00e9e en colposcopie.<\/li>\n<li>Si les r\u00e9sultats du test Pap sont n\u00e9gatifs, la patiente subit un nouveau test apr\u00e8s un certain d\u00e9lai.<\/li>\n<\/ul>\n<h2><strong>Aper\u00e7u des facteurs qui d\u00e9terminent les prochaines \u00e9tapes apr\u00e8s la colposcopie<\/strong><\/h2>\n<p>Ce diagramme sur le <a href=\"https:\/\/www.partnershipagainstcancer.ca\/fr\/topics\/hpv-primary-screening-environmental-scan\/abnormal-screen\/\">suivi des r\u00e9sultats anormaux<\/a> indique ce qui suit\u00a0:<\/p>\n<p>Apr\u00e8s la colposcopie, des facteurs tels que la pertinence d\u2019un examen par colposcopie, le statut relatif aux VPH \u00e0 haut risque, les r\u00e9sultats de la biopsie ainsi que le grade de cytologie, l\u2019impression colposcopique de CIN et les pr\u00e9f\u00e9rences de la patiente influencent les prochaines \u00e9tapes. Une patiente peut soit recevoir un traitement, soit passer une autre colposcopie, soit subir un nouveau test de d\u00e9tection du VPH avec une cytologie, apr\u00e8s une p\u00e9riode d\u2019attente.<\/p>\n","protected":false},"excerpt":{"rendered":"<p>Phases de mise en \u0153uvre Ce diagramme \u00e0 trois phases sur les \u00e9l\u00e9ments pratiques \u00e0 prendre en consid\u00e9ration pour la mise en \u0153uvre du d\u00e9pistage primaire par d\u00e9tection du VPH \u00e9nonce ce qui suit\u00a0: Construction des bases\u00a0: exploration, en amont, de la fa\u00e7on de mettre en \u0153uvre le d\u00e9pistage primaire par d\u00e9tection du VPH Comit\u00e9 [&hellip;]<\/p>\n","protected":false},"author":24,"featured_media":0,"parent":0,"menu_order":0,"comment_status":"closed","ping_status":"closed","template":"","meta":{"_acf_changed":false,"_monsterinsights_skip_tracking":false,"_monsterinsights_sitenote_active":false,"_monsterinsights_sitenote_note":"","_monsterinsights_sitenote_category":0,"ep_exclude_from_search":false,"footnotes":""},"categories":[],"tags":[],"site-tools":[],"ppma_author":[],"class_list":["post-50095","page","type-page","status-publish","hentry"],"acf":[],"yoast_head":"<!-- This site is optimized with the Yoast SEO plugin v27.3 - https:\/\/yoast.com\/product\/yoast-seo-wordpress\/ -->\n<title>Canadian Partnership Against Cancer<\/title>\n<meta name=\"robots\" content=\"index, follow, max-snippet:-1, max-image-preview:large, max-video-preview:-1\" \/>\n<link rel=\"canonical\" href=\"https:\/\/www.partnershipagainstcancer.ca\/fr\/text-descriptions-hpv-primary-screening\/\" \/>\n<meta property=\"og:locale\" content=\"fr_FR\" \/>\n<meta property=\"og:type\" content=\"article\" \/>\n<meta property=\"og:title\" content=\"Descriptions textuelles des diagrammes relatifs au d\u00e9pistage primaire par d\u00e9tection du VPH et au suivi des r\u00e9sultats anormaux - Canadian Partnership Against Cancer\" \/>\n<meta property=\"og:description\" content=\"Phases de mise en \u0153uvre Ce diagramme \u00e0 trois phases sur les \u00e9l\u00e9ments pratiques \u00e0 prendre en consid\u00e9ration pour la mise en \u0153uvre du d\u00e9pistage primaire par d\u00e9tection du VPH \u00e9nonce ce qui suit\u00a0: Construction des bases\u00a0: exploration, en amont, de la fa\u00e7on de mettre en \u0153uvre le d\u00e9pistage primaire par d\u00e9tection du VPH Comit\u00e9 [&hellip;]\" \/>\n<meta property=\"og:url\" content=\"https:\/\/www.partnershipagainstcancer.ca\/fr\/text-descriptions-hpv-primary-screening\/\" \/>\n<meta property=\"og:site_name\" content=\"Canadian Partnership Against Cancer\" \/>\n<meta property=\"article:publisher\" content=\"https:\/\/www.facebook.com\/CanadianPartnershipAgainstCancer\/\" \/>\n<meta name=\"twitter:card\" content=\"summary_large_image\" \/>\n<meta name=\"twitter:site\" content=\"@cancerstratca\" \/>\n<meta name=\"twitter:label1\" content=\"Dur\u00e9e de lecture estim\u00e9e\" \/>\n\t<meta name=\"twitter:data1\" content=\"2 minutes\" \/>\n<script type=\"application\/ld+json\" class=\"yoast-schema-graph\">{\"@context\":\"https:\\\/\\\/schema.org\",\"@graph\":[{\"@type\":\"WebPage\",\"@id\":\"https:\\\/\\\/www.partnershipagainstcancer.ca\\\/fr\\\/text-descriptions-hpv-primary-screening\\\/\",\"url\":\"https:\\\/\\\/www.partnershipagainstcancer.ca\\\/fr\\\/text-descriptions-hpv-primary-screening\\\/\",\"name\":\"Descriptions textuelles des diagrammes relatifs au d\u00e9pistage primaire par d\u00e9tection du VPH et au suivi des r\u00e9sultats anormaux - Canadian Partnership Against Cancer\",\"isPartOf\":{\"@id\":\"https:\\\/\\\/dev.partnershipagainstcancer.ca\\\/#website\"},\"datePublished\":\"2021-04-06T20:49:32+00:00\",\"inLanguage\":\"fr-FR\",\"potentialAction\":[{\"@type\":\"ReadAction\",\"target\":[\"https:\\\/\\\/www.partnershipagainstcancer.ca\\\/fr\\\/text-descriptions-hpv-primary-screening\\\/\"]}]},{\"@type\":\"WebSite\",\"@id\":\"https:\\\/\\\/dev.partnershipagainstcancer.ca\\\/#website\",\"url\":\"https:\\\/\\\/dev.partnershipagainstcancer.ca\\\/\",\"name\":\"Canadian Partnership Against Cancer\",\"description\":\"\",\"potentialAction\":[{\"@type\":\"SearchAction\",\"target\":{\"@type\":\"EntryPoint\",\"urlTemplate\":\"https:\\\/\\\/dev.partnershipagainstcancer.ca\\\/?s={search_term_string}\"},\"query-input\":{\"@type\":\"PropertyValueSpecification\",\"valueRequired\":true,\"valueName\":\"search_term_string\"}}],\"inLanguage\":\"fr-FR\"}]}<\/script>\n<!-- \/ Yoast SEO plugin. -->","yoast_head_json":{"title":"Canadian Partnership Against Cancer","robots":{"index":"index","follow":"follow","max-snippet":"max-snippet:-1","max-image-preview":"max-image-preview:large","max-video-preview":"max-video-preview:-1"},"canonical":"https:\/\/www.partnershipagainstcancer.ca\/fr\/text-descriptions-hpv-primary-screening\/","og_locale":"fr_FR","og_type":"article","og_title":"Descriptions textuelles des diagrammes relatifs au d\u00e9pistage primaire par d\u00e9tection du VPH et au suivi des r\u00e9sultats anormaux - Canadian Partnership Against Cancer","og_description":"Phases de mise en \u0153uvre Ce diagramme \u00e0 trois phases sur les \u00e9l\u00e9ments pratiques \u00e0 prendre en consid\u00e9ration pour la mise en \u0153uvre du d\u00e9pistage primaire par d\u00e9tection du VPH \u00e9nonce ce qui suit\u00a0: Construction des bases\u00a0: exploration, en amont, de la fa\u00e7on de mettre en \u0153uvre le d\u00e9pistage primaire par d\u00e9tection du VPH Comit\u00e9 [&hellip;]","og_url":"https:\/\/www.partnershipagainstcancer.ca\/fr\/text-descriptions-hpv-primary-screening\/","og_site_name":"Canadian Partnership Against Cancer","article_publisher":"https:\/\/www.facebook.com\/CanadianPartnershipAgainstCancer\/","twitter_card":"summary_large_image","twitter_site":"@cancerstratca","twitter_misc":{"Dur\u00e9e de lecture estim\u00e9e":"2 minutes"},"schema":{"@context":"https:\/\/schema.org","@graph":[{"@type":"WebPage","@id":"https:\/\/www.partnershipagainstcancer.ca\/fr\/text-descriptions-hpv-primary-screening\/","url":"https:\/\/www.partnershipagainstcancer.ca\/fr\/text-descriptions-hpv-primary-screening\/","name":"Descriptions textuelles des diagrammes relatifs au d\u00e9pistage primaire par d\u00e9tection du VPH et au suivi des r\u00e9sultats anormaux - Canadian Partnership Against Cancer","isPartOf":{"@id":"https:\/\/dev.partnershipagainstcancer.ca\/#website"},"datePublished":"2021-04-06T20:49:32+00:00","inLanguage":"fr-FR","potentialAction":[{"@type":"ReadAction","target":["https:\/\/www.partnershipagainstcancer.ca\/fr\/text-descriptions-hpv-primary-screening\/"]}]},{"@type":"WebSite","@id":"https:\/\/dev.partnershipagainstcancer.ca\/#website","url":"https:\/\/dev.partnershipagainstcancer.ca\/","name":"Canadian Partnership Against Cancer","description":"","potentialAction":[{"@type":"SearchAction","target":{"@type":"EntryPoint","urlTemplate":"https:\/\/dev.partnershipagainstcancer.ca\/?s={search_term_string}"},"query-input":{"@type":"PropertyValueSpecification","valueRequired":true,"valueName":"search_term_string"}}],"inLanguage":"fr-FR"}]}},"_links":{"self":[{"href":"https:\/\/www.partnershipagainstcancer.ca\/fr\/wp-json\/wp\/v2\/pages\/50095","targetHints":{"allow":["GET"]}}],"collection":[{"href":"https:\/\/www.partnershipagainstcancer.ca\/fr\/wp-json\/wp\/v2\/pages"}],"about":[{"href":"https:\/\/www.partnershipagainstcancer.ca\/fr\/wp-json\/wp\/v2\/types\/page"}],"author":[{"embeddable":true,"href":"https:\/\/www.partnershipagainstcancer.ca\/fr\/wp-json\/wp\/v2\/users\/24"}],"replies":[{"embeddable":true,"href":"https:\/\/www.partnershipagainstcancer.ca\/fr\/wp-json\/wp\/v2\/comments?post=50095"}],"version-history":[{"count":1,"href":"https:\/\/www.partnershipagainstcancer.ca\/fr\/wp-json\/wp\/v2\/pages\/50095\/revisions"}],"predecessor-version":[{"id":50097,"href":"https:\/\/www.partnershipagainstcancer.ca\/fr\/wp-json\/wp\/v2\/pages\/50095\/revisions\/50097"}],"wp:attachment":[{"href":"https:\/\/www.partnershipagainstcancer.ca\/fr\/wp-json\/wp\/v2\/media?parent=50095"}],"wp:term":[{"taxonomy":"category","embeddable":true,"href":"https:\/\/www.partnershipagainstcancer.ca\/fr\/wp-json\/wp\/v2\/categories?post=50095"},{"taxonomy":"post_tag","embeddable":true,"href":"https:\/\/www.partnershipagainstcancer.ca\/fr\/wp-json\/wp\/v2\/tags?post=50095"},{"taxonomy":"site-tools","embeddable":true,"href":"https:\/\/www.partnershipagainstcancer.ca\/fr\/wp-json\/wp\/v2\/site-tools?post=50095"},{"taxonomy":"author","embeddable":true,"href":"https:\/\/www.partnershipagainstcancer.ca\/fr\/wp-json\/wp\/v2\/ppma_author?post=50095"}],"curies":[{"name":"wp","href":"https:\/\/api.w.org\/{rel}","templated":true}]}}