{"id":47916,"date":"2020-07-31T07:45:55","date_gmt":"2020-07-31T12:45:55","guid":{"rendered":"https:\/\/www.partnershipagainstcancer.ca\/?page_id=47916"},"modified":"2020-07-31T08:32:40","modified_gmt":"2020-07-31T13:32:40","slug":"text-description-international-cancer-detection-rates","status":"publish","type":"page","link":"https:\/\/www.partnershipagainstcancer.ca\/fr\/text-description-international-cancer-detection-rates\/","title":{"rendered":"Description textuelle du graphique comparant les taux de d\u00e9tection de cancers \u00e0 l\u2019\u00e9chelle internationale"},"content":{"rendered":"<p>Le graphique sur la page <a href=\"https:\/\/www.partnershipagainstcancer.ca\/fr\/topics\/abnormal-call-rates-breast-cancer-screening\/current-state\/\">Situation actuelle en mati\u00e8re de TRA dans le contexte du d\u00e9pistage du cancer du sein au Canada<\/a>\u00a0compare les taux de d\u00e9tection de cancers pour les d\u00e9pistages initiaux et subs\u00e9quents du cancer du sein dans cinq pays :<\/p>\n<ul>\n<li>Au Canada, en\u00a02012, le taux de d\u00e9tection \u00e9tait de 4,8\u00a0pour\u00a01\u00a0000\u00a0d\u00e9pistages initiaux et de 3,7\u00a0pour\u00a01\u00a0000\u00a0d\u00e9pistages subs\u00e9quents.<\/li>\n<li>En Finlande, en\u00a02012, le taux de d\u00e9tection \u00e9tait de 4,9\u00a0pour\u00a01\u00a0000\u00a0d\u00e9pistages initiaux et de 5,8\u00a0pour\u00a01\u00a0000\u00a0d\u00e9pistages subs\u00e9quents.<\/li>\n<li>Aux Pays-Bas, en\u00a02013, le taux de d\u00e9tection \u00e9tait de 7,8\u00a0pour\u00a01\u00a0000\u00a0d\u00e9pistages initiaux et de 5,9\u00a0pour\u00a01\u00a0000\u00a0d\u00e9pistages subs\u00e9quents.<\/li>\n<li>En Angleterre, en\u00a02016-2017, le taux de d\u00e9tection \u00e9tait de 8,3\u00a0pour\u00a01\u00a0000\u00a0d\u00e9pistages initiaux et de 7,6\u00a0pour\u00a01\u00a0000\u00a0d\u00e9pistages subs\u00e9quents.<\/li>\n<li>En France, en\u00a02012, le taux de d\u00e9tection \u00e9tait de 8,2\u00a0pour\u00a01\u00a0000\u00a0d\u00e9pistages initiaux et de 6,4\u00a0pour\u00a01\u00a0000\u00a0d\u00e9pistages subs\u00e9quents.<\/li>\n<\/ul>\n","protected":false},"excerpt":{"rendered":"<p>Le graphique sur la page Situation actuelle en mati\u00e8re de TRA dans le contexte du d\u00e9pistage du cancer du sein au Canada\u00a0compare les taux de d\u00e9tection de cancers pour les d\u00e9pistages initiaux et subs\u00e9quents du cancer du sein dans cinq pays : Au Canada, en\u00a02012, le taux de d\u00e9tection \u00e9tait de 4,8\u00a0pour\u00a01\u00a0000\u00a0d\u00e9pistages initiaux et de [&hellip;]<\/p>\n","protected":false},"author":24,"featured_media":0,"parent":0,"menu_order":0,"comment_status":"closed","ping_status":"closed","template":"","meta":{"_acf_changed":false,"_monsterinsights_skip_tracking":false,"_monsterinsights_sitenote_active":false,"_monsterinsights_sitenote_note":"","_monsterinsights_sitenote_category":0,"ep_exclude_from_search":false,"footnotes":""},"categories":[],"tags":[],"site-tools":[],"ppma_author":[],"class_list":["post-47916","page","type-page","status-publish","hentry"],"acf":[],"yoast_head":"<!-- This site is optimized with the Yoast SEO plugin v27.3 - https:\/\/yoast.com\/product\/yoast-seo-wordpress\/ -->\n<title>Canadian Partnership Against Cancer<\/title>\n<meta name=\"robots\" content=\"index, follow, max-snippet:-1, max-image-preview:large, max-video-preview:-1\" \/>\n<link rel=\"canonical\" href=\"https:\/\/www.partnershipagainstcancer.ca\/fr\/text-description-international-cancer-detection-rates\/\" \/>\n<meta property=\"og:locale\" content=\"fr_FR\" \/>\n<meta property=\"og:type\" content=\"article\" \/>\n<meta property=\"og:title\" content=\"Description textuelle du graphique comparant les taux de d\u00e9tection de cancers \u00e0 l\u2019\u00e9chelle internationale - Canadian Partnership Against Cancer\" \/>\n<meta property=\"og:description\" content=\"Le graphique sur la page Situation actuelle en mati\u00e8re de TRA dans le contexte du d\u00e9pistage du cancer du sein au Canada\u00a0compare les taux de d\u00e9tection de cancers pour les d\u00e9pistages initiaux et subs\u00e9quents du cancer du sein dans cinq pays : Au Canada, en\u00a02012, le taux de d\u00e9tection \u00e9tait de 4,8\u00a0pour\u00a01\u00a0000\u00a0d\u00e9pistages initiaux et de [&hellip;]\" \/>\n<meta property=\"og:url\" content=\"https:\/\/www.partnershipagainstcancer.ca\/fr\/text-description-international-cancer-detection-rates\/\" \/>\n<meta property=\"og:site_name\" content=\"Canadian Partnership Against Cancer\" \/>\n<meta property=\"article:publisher\" content=\"https:\/\/www.facebook.com\/CanadianPartnershipAgainstCancer\/\" \/>\n<meta property=\"article:modified_time\" content=\"2020-07-31T13:32:40+00:00\" \/>\n<meta name=\"twitter:card\" content=\"summary_large_image\" \/>\n<meta name=\"twitter:site\" content=\"@cancerstratca\" \/>\n<meta name=\"twitter:label1\" content=\"Dur\u00e9e de lecture estim\u00e9e\" \/>\n\t<meta name=\"twitter:data1\" content=\"1 minute\" \/>\n<script type=\"application\/ld+json\" class=\"yoast-schema-graph\">{\"@context\":\"https:\\\/\\\/schema.org\",\"@graph\":[{\"@type\":\"WebPage\",\"@id\":\"https:\\\/\\\/www.partnershipagainstcancer.ca\\\/fr\\\/text-description-international-cancer-detection-rates\\\/\",\"url\":\"https:\\\/\\\/www.partnershipagainstcancer.ca\\\/fr\\\/text-description-international-cancer-detection-rates\\\/\",\"name\":\"Description textuelle du graphique comparant les taux de d\u00e9tection de cancers \u00e0 l\u2019\u00e9chelle internationale - Canadian Partnership Against Cancer\",\"isPartOf\":{\"@id\":\"https:\\\/\\\/dev.partnershipagainstcancer.ca\\\/#website\"},\"datePublished\":\"2020-07-31T12:45:55+00:00\",\"dateModified\":\"2020-07-31T13:32:40+00:00\",\"inLanguage\":\"fr-FR\",\"potentialAction\":[{\"@type\":\"ReadAction\",\"target\":[\"https:\\\/\\\/www.partnershipagainstcancer.ca\\\/fr\\\/text-description-international-cancer-detection-rates\\\/\"]}]},{\"@type\":\"WebSite\",\"@id\":\"https:\\\/\\\/dev.partnershipagainstcancer.ca\\\/#website\",\"url\":\"https:\\\/\\\/dev.partnershipagainstcancer.ca\\\/\",\"name\":\"Canadian Partnership Against Cancer\",\"description\":\"\",\"potentialAction\":[{\"@type\":\"SearchAction\",\"target\":{\"@type\":\"EntryPoint\",\"urlTemplate\":\"https:\\\/\\\/dev.partnershipagainstcancer.ca\\\/?s={search_term_string}\"},\"query-input\":{\"@type\":\"PropertyValueSpecification\",\"valueRequired\":true,\"valueName\":\"search_term_string\"}}],\"inLanguage\":\"fr-FR\"}]}<\/script>\n<!-- \/ Yoast SEO plugin. -->","yoast_head_json":{"title":"Canadian Partnership Against Cancer","robots":{"index":"index","follow":"follow","max-snippet":"max-snippet:-1","max-image-preview":"max-image-preview:large","max-video-preview":"max-video-preview:-1"},"canonical":"https:\/\/www.partnershipagainstcancer.ca\/fr\/text-description-international-cancer-detection-rates\/","og_locale":"fr_FR","og_type":"article","og_title":"Description textuelle du graphique comparant les taux de d\u00e9tection de cancers \u00e0 l\u2019\u00e9chelle internationale - Canadian Partnership Against Cancer","og_description":"Le graphique sur la page Situation actuelle en mati\u00e8re de TRA dans le contexte du d\u00e9pistage du cancer du sein au Canada\u00a0compare les taux de d\u00e9tection de cancers pour les d\u00e9pistages initiaux et subs\u00e9quents du cancer du sein dans cinq pays : Au Canada, en\u00a02012, le taux de d\u00e9tection \u00e9tait de 4,8\u00a0pour\u00a01\u00a0000\u00a0d\u00e9pistages initiaux et de [&hellip;]","og_url":"https:\/\/www.partnershipagainstcancer.ca\/fr\/text-description-international-cancer-detection-rates\/","og_site_name":"Canadian Partnership Against Cancer","article_publisher":"https:\/\/www.facebook.com\/CanadianPartnershipAgainstCancer\/","article_modified_time":"2020-07-31T13:32:40+00:00","twitter_card":"summary_large_image","twitter_site":"@cancerstratca","twitter_misc":{"Dur\u00e9e de lecture estim\u00e9e":"1 minute"},"schema":{"@context":"https:\/\/schema.org","@graph":[{"@type":"WebPage","@id":"https:\/\/www.partnershipagainstcancer.ca\/fr\/text-description-international-cancer-detection-rates\/","url":"https:\/\/www.partnershipagainstcancer.ca\/fr\/text-description-international-cancer-detection-rates\/","name":"Description textuelle du graphique comparant les taux de d\u00e9tection de cancers \u00e0 l\u2019\u00e9chelle internationale - Canadian Partnership Against Cancer","isPartOf":{"@id":"https:\/\/dev.partnershipagainstcancer.ca\/#website"},"datePublished":"2020-07-31T12:45:55+00:00","dateModified":"2020-07-31T13:32:40+00:00","inLanguage":"fr-FR","potentialAction":[{"@type":"ReadAction","target":["https:\/\/www.partnershipagainstcancer.ca\/fr\/text-description-international-cancer-detection-rates\/"]}]},{"@type":"WebSite","@id":"https:\/\/dev.partnershipagainstcancer.ca\/#website","url":"https:\/\/dev.partnershipagainstcancer.ca\/","name":"Canadian Partnership Against Cancer","description":"","potentialAction":[{"@type":"SearchAction","target":{"@type":"EntryPoint","urlTemplate":"https:\/\/dev.partnershipagainstcancer.ca\/?s={search_term_string}"},"query-input":{"@type":"PropertyValueSpecification","valueRequired":true,"valueName":"search_term_string"}}],"inLanguage":"fr-FR"}]}},"_links":{"self":[{"href":"https:\/\/www.partnershipagainstcancer.ca\/fr\/wp-json\/wp\/v2\/pages\/47916","targetHints":{"allow":["GET"]}}],"collection":[{"href":"https:\/\/www.partnershipagainstcancer.ca\/fr\/wp-json\/wp\/v2\/pages"}],"about":[{"href":"https:\/\/www.partnershipagainstcancer.ca\/fr\/wp-json\/wp\/v2\/types\/page"}],"author":[{"embeddable":true,"href":"https:\/\/www.partnershipagainstcancer.ca\/fr\/wp-json\/wp\/v2\/users\/24"}],"replies":[{"embeddable":true,"href":"https:\/\/www.partnershipagainstcancer.ca\/fr\/wp-json\/wp\/v2\/comments?post=47916"}],"version-history":[{"count":2,"href":"https:\/\/www.partnershipagainstcancer.ca\/fr\/wp-json\/wp\/v2\/pages\/47916\/revisions"}],"predecessor-version":[{"id":47922,"href":"https:\/\/www.partnershipagainstcancer.ca\/fr\/wp-json\/wp\/v2\/pages\/47916\/revisions\/47922"}],"wp:attachment":[{"href":"https:\/\/www.partnershipagainstcancer.ca\/fr\/wp-json\/wp\/v2\/media?parent=47916"}],"wp:term":[{"taxonomy":"category","embeddable":true,"href":"https:\/\/www.partnershipagainstcancer.ca\/fr\/wp-json\/wp\/v2\/categories?post=47916"},{"taxonomy":"post_tag","embeddable":true,"href":"https:\/\/www.partnershipagainstcancer.ca\/fr\/wp-json\/wp\/v2\/tags?post=47916"},{"taxonomy":"site-tools","embeddable":true,"href":"https:\/\/www.partnershipagainstcancer.ca\/fr\/wp-json\/wp\/v2\/site-tools?post=47916"},{"taxonomy":"author","embeddable":true,"href":"https:\/\/www.partnershipagainstcancer.ca\/fr\/wp-json\/wp\/v2\/ppma_author?post=47916"}],"curies":[{"name":"wp","href":"https:\/\/api.w.org\/{rel}","templated":true}]}}