{"id":47908,"date":"2020-07-31T08:05:00","date_gmt":"2020-07-31T13:05:00","guid":{"rendered":"https:\/\/www.partnershipagainstcancer.ca\/?page_id=47908"},"modified":"2020-07-31T08:05:40","modified_gmt":"2020-07-31T13:05:40","slug":"text-description-graph-subsequent-breast-cancer-screens-province-territory","status":"publish","type":"page","link":"https:\/\/www.partnershipagainstcancer.ca\/fr\/text-description-graph-subsequent-breast-cancer-screens-province-territory\/","title":{"rendered":"Description textuelle du graphique sur les d\u00e9pistages subs\u00e9quents du cancer du sein, par province et par territoire"},"content":{"rendered":"<p>Le graphique \u00e0 barres sur la page\u00a0<a href=\"https:\/\/www.partnershipagainstcancer.ca\/fr\/topics\/abnormal-call-rates-breast-cancer-screening\/current-state\/\">Situation actuelle en mati\u00e8re de TRA dans le contexte du d\u00e9pistage du cancer du sein au Canada<\/a>\u00a0indique ce qui suit\u00a0:<\/p>\n<ul>\n<li>En Colombie-Britannique, le TRA pour les d\u00e9pistages subs\u00e9quents \u00e9tait de\u00a06,8\u00a0% en\u00a02013-2014 et de\u00a07,6\u00a0% en\u00a02017.<\/li>\n<li>En Alberta, le TRA pour les d\u00e9pistages subs\u00e9quents \u00e9tait de\u00a06,8\u00a0% en\u00a02013-2014 et de\u00a07,6\u00a0% en\u00a02017.<\/li>\n<li>En Saskatchewan, le TRA pour les d\u00e9pistages subs\u00e9quents \u00e9tait de\u00a04,2\u00a0% en\u00a02013-2014 et de\u00a04,0\u00a0% en\u00a02017.<\/li>\n<li>Au Manitoba, le TRA pour les d\u00e9pistages subs\u00e9quents \u00e9tait de\u00a04,4\u00a0% en\u00a02013-2014 et de\u00a03,5\u00a0% en\u00a02017.<\/li>\n<li>En Ontario, le TRA pour les d\u00e9pistages subs\u00e9quents \u00e9tait de\u00a07,3\u00a0% en\u00a02013-2014 et de\u00a07,3\u00a0% en\u00a02017.<\/li>\n<li>Au Qu\u00e9bec, le TRA pour les d\u00e9pistages subs\u00e9quents \u00e9tait de\u00a09,8\u00a0% en\u00a02013-2014 et de\u00a09,7\u00a0% en\u00a02017.<\/li>\n<li>Au Nouveau-Brunswick, le TRA pour les d\u00e9pistages subs\u00e9quents \u00e9tait de\u00a07,6\u00a0% en\u00a02013-2014 et de\u00a08,0\u00a0% en\u00a02017.<\/li>\n<li>En Nouvelle-\u00c9cosse, le TRA pour les d\u00e9pistages subs\u00e9quents \u00e9tait de\u00a05,3\u00a0% en\u00a02013-2014 et de\u00a05,8\u00a0% en\u00a02017.<\/li>\n<li>\u00c0 l\u2019\u00cele-du-Prince-\u00c9douard, le TRA pour les d\u00e9pistages subs\u00e9quents \u00e9tait de\u00a015,6\u00a0% en\u00a02013-2014 et de\u00a08,7\u00a0% en\u00a02017.<\/li>\n<li>\u00c0 Terre-Neuve-et-Labrador, le TRA pour les d\u00e9pistages subs\u00e9quents \u00e9tait de\u00a06,2\u00a0% en\u00a02013-2014 et de\u00a05,6\u00a0% en\u00a02017.<\/li>\n<li>Dans les Territoires du Nord-Ouest, le TRA pour les d\u00e9pistages subs\u00e9quents \u00e9tait de\u00a04,8\u00a0% en\u00a02013-2014 et de\u00a05,6\u00a0% en\u00a02017.<\/li>\n<\/ul>\n<p>Au Canada, le TRA moyen pour les d\u00e9pistages subs\u00e9quents \u00e9tait de\u00a07,6\u00a0% en\u00a02013-2014 et de\u00a07,8\u00a0% en\u00a02017.<\/p>\n","protected":false},"excerpt":{"rendered":"<p>Le graphique \u00e0 barres sur la page\u00a0Situation actuelle en mati\u00e8re de TRA dans le contexte du d\u00e9pistage du cancer du sein au Canada\u00a0indique ce qui suit\u00a0: En Colombie-Britannique, le TRA pour les d\u00e9pistages subs\u00e9quents \u00e9tait de\u00a06,8\u00a0% en\u00a02013-2014 et de\u00a07,6\u00a0% en\u00a02017. En Alberta, le TRA pour les d\u00e9pistages subs\u00e9quents \u00e9tait de\u00a06,8\u00a0% en\u00a02013-2014 et de\u00a07,6\u00a0% en\u00a02017. En [&hellip;]<\/p>\n","protected":false},"author":24,"featured_media":0,"parent":0,"menu_order":0,"comment_status":"closed","ping_status":"closed","template":"","meta":{"_acf_changed":false,"_monsterinsights_skip_tracking":false,"_monsterinsights_sitenote_active":false,"_monsterinsights_sitenote_note":"","_monsterinsights_sitenote_category":0,"ep_exclude_from_search":false,"footnotes":""},"categories":[],"tags":[],"site-tools":[],"ppma_author":[],"class_list":["post-47908","page","type-page","status-publish","hentry"],"acf":[],"yoast_head":"<!-- This site is optimized with the Yoast SEO plugin v27.3 - https:\/\/yoast.com\/product\/yoast-seo-wordpress\/ -->\n<title>Canadian Partnership Against Cancer<\/title>\n<meta name=\"robots\" content=\"index, follow, max-snippet:-1, max-image-preview:large, max-video-preview:-1\" \/>\n<link rel=\"canonical\" href=\"https:\/\/www.partnershipagainstcancer.ca\/fr\/text-description-graph-subsequent-breast-cancer-screens-province-territory\/\" \/>\n<meta property=\"og:locale\" content=\"fr_FR\" \/>\n<meta property=\"og:type\" content=\"article\" \/>\n<meta property=\"og:title\" content=\"Description textuelle du graphique sur les d\u00e9pistages subs\u00e9quents du cancer du sein, par province et par territoire - Canadian Partnership Against Cancer\" \/>\n<meta property=\"og:description\" content=\"Le graphique \u00e0 barres sur la page\u00a0Situation actuelle en mati\u00e8re de TRA dans le contexte du d\u00e9pistage du cancer du sein au Canada\u00a0indique ce qui suit\u00a0: En Colombie-Britannique, le TRA pour les d\u00e9pistages subs\u00e9quents \u00e9tait de\u00a06,8\u00a0% en\u00a02013-2014 et de\u00a07,6\u00a0% en\u00a02017. En Alberta, le TRA pour les d\u00e9pistages subs\u00e9quents \u00e9tait de\u00a06,8\u00a0% en\u00a02013-2014 et de\u00a07,6\u00a0% en\u00a02017. En [&hellip;]\" \/>\n<meta property=\"og:url\" content=\"https:\/\/www.partnershipagainstcancer.ca\/fr\/text-description-graph-subsequent-breast-cancer-screens-province-territory\/\" \/>\n<meta property=\"og:site_name\" content=\"Canadian Partnership Against Cancer\" \/>\n<meta property=\"article:publisher\" content=\"https:\/\/www.facebook.com\/CanadianPartnershipAgainstCancer\/\" \/>\n<meta property=\"article:modified_time\" content=\"2020-07-31T13:05:40+00:00\" \/>\n<meta name=\"twitter:card\" content=\"summary_large_image\" \/>\n<meta name=\"twitter:site\" content=\"@cancerstratca\" \/>\n<meta name=\"twitter:label1\" content=\"Dur\u00e9e de lecture estim\u00e9e\" \/>\n\t<meta name=\"twitter:data1\" content=\"1 minute\" \/>\n<script type=\"application\/ld+json\" class=\"yoast-schema-graph\">{\"@context\":\"https:\\\/\\\/schema.org\",\"@graph\":[{\"@type\":\"WebPage\",\"@id\":\"https:\\\/\\\/www.partnershipagainstcancer.ca\\\/fr\\\/text-description-graph-subsequent-breast-cancer-screens-province-territory\\\/\",\"url\":\"https:\\\/\\\/www.partnershipagainstcancer.ca\\\/fr\\\/text-description-graph-subsequent-breast-cancer-screens-province-territory\\\/\",\"name\":\"Description textuelle du graphique sur les d\u00e9pistages subs\u00e9quents du cancer du sein, par province et par territoire - Canadian Partnership Against Cancer\",\"isPartOf\":{\"@id\":\"https:\\\/\\\/dev.partnershipagainstcancer.ca\\\/#website\"},\"datePublished\":\"2020-07-31T13:05:00+00:00\",\"dateModified\":\"2020-07-31T13:05:40+00:00\",\"inLanguage\":\"fr-FR\",\"potentialAction\":[{\"@type\":\"ReadAction\",\"target\":[\"https:\\\/\\\/www.partnershipagainstcancer.ca\\\/fr\\\/text-description-graph-subsequent-breast-cancer-screens-province-territory\\\/\"]}]},{\"@type\":\"WebSite\",\"@id\":\"https:\\\/\\\/dev.partnershipagainstcancer.ca\\\/#website\",\"url\":\"https:\\\/\\\/dev.partnershipagainstcancer.ca\\\/\",\"name\":\"Canadian Partnership Against Cancer\",\"description\":\"\",\"potentialAction\":[{\"@type\":\"SearchAction\",\"target\":{\"@type\":\"EntryPoint\",\"urlTemplate\":\"https:\\\/\\\/dev.partnershipagainstcancer.ca\\\/?s={search_term_string}\"},\"query-input\":{\"@type\":\"PropertyValueSpecification\",\"valueRequired\":true,\"valueName\":\"search_term_string\"}}],\"inLanguage\":\"fr-FR\"}]}<\/script>\n<!-- \/ Yoast SEO plugin. -->","yoast_head_json":{"title":"Canadian Partnership Against Cancer","robots":{"index":"index","follow":"follow","max-snippet":"max-snippet:-1","max-image-preview":"max-image-preview:large","max-video-preview":"max-video-preview:-1"},"canonical":"https:\/\/www.partnershipagainstcancer.ca\/fr\/text-description-graph-subsequent-breast-cancer-screens-province-territory\/","og_locale":"fr_FR","og_type":"article","og_title":"Description textuelle du graphique sur les d\u00e9pistages subs\u00e9quents du cancer du sein, par province et par territoire - Canadian Partnership Against Cancer","og_description":"Le graphique \u00e0 barres sur la page\u00a0Situation actuelle en mati\u00e8re de TRA dans le contexte du d\u00e9pistage du cancer du sein au Canada\u00a0indique ce qui suit\u00a0: En Colombie-Britannique, le TRA pour les d\u00e9pistages subs\u00e9quents \u00e9tait de\u00a06,8\u00a0% en\u00a02013-2014 et de\u00a07,6\u00a0% en\u00a02017. En Alberta, le TRA pour les d\u00e9pistages subs\u00e9quents \u00e9tait de\u00a06,8\u00a0% en\u00a02013-2014 et de\u00a07,6\u00a0% en\u00a02017. En [&hellip;]","og_url":"https:\/\/www.partnershipagainstcancer.ca\/fr\/text-description-graph-subsequent-breast-cancer-screens-province-territory\/","og_site_name":"Canadian Partnership Against Cancer","article_publisher":"https:\/\/www.facebook.com\/CanadianPartnershipAgainstCancer\/","article_modified_time":"2020-07-31T13:05:40+00:00","twitter_card":"summary_large_image","twitter_site":"@cancerstratca","twitter_misc":{"Dur\u00e9e de lecture estim\u00e9e":"1 minute"},"schema":{"@context":"https:\/\/schema.org","@graph":[{"@type":"WebPage","@id":"https:\/\/www.partnershipagainstcancer.ca\/fr\/text-description-graph-subsequent-breast-cancer-screens-province-territory\/","url":"https:\/\/www.partnershipagainstcancer.ca\/fr\/text-description-graph-subsequent-breast-cancer-screens-province-territory\/","name":"Description textuelle du graphique sur les d\u00e9pistages subs\u00e9quents du cancer du sein, par province et par territoire - Canadian Partnership Against Cancer","isPartOf":{"@id":"https:\/\/dev.partnershipagainstcancer.ca\/#website"},"datePublished":"2020-07-31T13:05:00+00:00","dateModified":"2020-07-31T13:05:40+00:00","inLanguage":"fr-FR","potentialAction":[{"@type":"ReadAction","target":["https:\/\/www.partnershipagainstcancer.ca\/fr\/text-description-graph-subsequent-breast-cancer-screens-province-territory\/"]}]},{"@type":"WebSite","@id":"https:\/\/dev.partnershipagainstcancer.ca\/#website","url":"https:\/\/dev.partnershipagainstcancer.ca\/","name":"Canadian Partnership Against Cancer","description":"","potentialAction":[{"@type":"SearchAction","target":{"@type":"EntryPoint","urlTemplate":"https:\/\/dev.partnershipagainstcancer.ca\/?s={search_term_string}"},"query-input":{"@type":"PropertyValueSpecification","valueRequired":true,"valueName":"search_term_string"}}],"inLanguage":"fr-FR"}]}},"_links":{"self":[{"href":"https:\/\/www.partnershipagainstcancer.ca\/fr\/wp-json\/wp\/v2\/pages\/47908","targetHints":{"allow":["GET"]}}],"collection":[{"href":"https:\/\/www.partnershipagainstcancer.ca\/fr\/wp-json\/wp\/v2\/pages"}],"about":[{"href":"https:\/\/www.partnershipagainstcancer.ca\/fr\/wp-json\/wp\/v2\/types\/page"}],"author":[{"embeddable":true,"href":"https:\/\/www.partnershipagainstcancer.ca\/fr\/wp-json\/wp\/v2\/users\/24"}],"replies":[{"embeddable":true,"href":"https:\/\/www.partnershipagainstcancer.ca\/fr\/wp-json\/wp\/v2\/comments?post=47908"}],"version-history":[{"count":2,"href":"https:\/\/www.partnershipagainstcancer.ca\/fr\/wp-json\/wp\/v2\/pages\/47908\/revisions"}],"predecessor-version":[{"id":47919,"href":"https:\/\/www.partnershipagainstcancer.ca\/fr\/wp-json\/wp\/v2\/pages\/47908\/revisions\/47919"}],"wp:attachment":[{"href":"https:\/\/www.partnershipagainstcancer.ca\/fr\/wp-json\/wp\/v2\/media?parent=47908"}],"wp:term":[{"taxonomy":"category","embeddable":true,"href":"https:\/\/www.partnershipagainstcancer.ca\/fr\/wp-json\/wp\/v2\/categories?post=47908"},{"taxonomy":"post_tag","embeddable":true,"href":"https:\/\/www.partnershipagainstcancer.ca\/fr\/wp-json\/wp\/v2\/tags?post=47908"},{"taxonomy":"site-tools","embeddable":true,"href":"https:\/\/www.partnershipagainstcancer.ca\/fr\/wp-json\/wp\/v2\/site-tools?post=47908"},{"taxonomy":"author","embeddable":true,"href":"https:\/\/www.partnershipagainstcancer.ca\/fr\/wp-json\/wp\/v2\/ppma_author?post=47908"}],"curies":[{"name":"wp","href":"https:\/\/api.w.org\/{rel}","templated":true}]}}