{"id":47487,"date":"2020-05-11T12:39:17","date_gmt":"2020-05-11T17:39:17","guid":{"rendered":"https:\/\/www.partnershipagainstcancer.ca\/?page_id=47487"},"modified":"2025-12-11T09:58:17","modified_gmt":"2025-12-11T14:58:17","slug":"first-nation-data-linkage-kenora","status":"publish","type":"page","link":"https:\/\/www.partnershipagainstcancer.ca\/fr\/about-us\/who-we-are\/first-nations-inuit-metis\/foundational-work\/first-nation-data-linkage-kenora\/","title":{"rendered":"Couplage des donn\u00e9es relatives aux Premi\u00e8res Nations \u2013 Kenora Chiefs Advisory"},"content":{"rendered":"<p>L\u2019initiative <em>Couplage des donn\u00e9es relatives aux Premi\u00e8res Nations \u2013 Kenora Chiefs Advisory<\/em> [en anglais\u00a0: First Nation Data Linkage \u2013 Kenora Chiefs Advisory<em>]<\/em> visait \u00e0 combler les lacunes qui existent dans l\u2019information ayant trait au cancer chez les Premi\u00e8res Nations. L\u2019objectif \u00e9tait de pr\u00e9senter de l\u2019information sur la qualit\u00e9 et la faisabilit\u00e9 d\u2019un rapport sur le profil communautaire du cancer, \u00e0 l\u2019aide de donn\u00e9es issues (i) du couplage du registre de la client\u00e8le des Premi\u00e8res Nations du Kenora Chiefs Advisory avec le Registre du cancer de l\u2019Ontario d\u2019Action Cancer Ontario, ainsi qu\u2019avec InScreen (la plateforme de donn\u00e9es sur le d\u00e9pistage du cancer d\u2019Action Cancer Ontario), et (ii) d\u2019une recherche men\u00e9e sur les codes postaux des communaut\u00e9s du Kenora Chiefs Advisory.<\/p>\n<p><strong>Lieu\u00a0:<\/strong> Ontario<\/p>\n<p><strong>\u00c9ch\u00e9ancier\u00a0:<\/strong> de 2016 \u00e0 2017<\/p>\n<p><strong>Partenaire financ\u00e9\u00a0:<\/strong> Kenora Chiefs Advisory<\/p>\n<p><strong>Partenaire\u00a0:<\/strong><\/p>\n<ul>\n<li>Action Cancer Ontario<\/li>\n<\/ul>\n<p><strong>Objectifs\u00a0:<\/strong><\/p>\n<ul>\n<li>Pour \u00e9valuer le fardeau du cancer, le registre de la client\u00e8le des Premi\u00e8res Nations du Kenora Chiefs Advisory a \u00e9t\u00e9 coupl\u00e9 de mani\u00e8re probabiliste avec un sous-ensemble du Registre du cancer de l\u2019Ontario portant sur les cancers diagnostiqu\u00e9s entre 1991 et 2013, ainsi que sur les cancers pr\u00e9liminaires diagnostiqu\u00e9s en 2014.<\/li>\n<li>Une liste des codes postaux a \u00e9t\u00e9 soumise par le Kenora Chiefs Advisory pour \u00e9tudier la possibilit\u00e9 d\u2019\u00e9laborer un profil du cancer au moyen de codes postaux.<\/li>\n<li>Des donn\u00e9es sur le d\u00e9pistage du cancer dans certaines communaut\u00e9s ont \u00e9t\u00e9 analys\u00e9es au moyen d\u2019une approche d\u00e9terministe en mati\u00e8re de couplage, pour coupler le registre de la client\u00e8le des Premi\u00e8res Nations du Kenora Chiefs Advisory avec InScreen.<\/li>\n<\/ul>\n<p><strong>R\u00e9sultats :<\/strong><\/p>\n<ul>\n<li>Le couplage du registre de la client\u00e8le des Premi\u00e8res Nations du Kenora Chiefs Advisory avec le Registre du cancer de l\u2019Ontario d\u2019Action Cancer Ontario et InScreen fut un succ\u00e8s.<\/li>\n<li>Des rapports d\u2019activit\u00e9 ont \u00e9t\u00e9 \u00e9labor\u00e9s \u00e0 partir du couplage des donn\u00e9es du registre de la client\u00e8le des Premi\u00e8res Nations du Kenora Chiefs Advisory avec celles d\u2019InScreen.<\/li>\n<li>Les principaux enseignements de cette initiative ont \u00e9t\u00e9 relev\u00e9s pour am\u00e9liorer le couplage continu du registre de la client\u00e8le des Premi\u00e8res Nations du Kenora Chiefs Advisory avec le Registre du cancer de l\u2019Ontario d\u2019Action Cancer Ontario et InScreen.<\/li>\n<\/ul>\n","protected":false},"excerpt":{"rendered":"<p>L\u2019initiative Couplage des donn\u00e9es relatives aux Premi\u00e8res Nations \u2013 Kenora Chiefs Advisory [en anglais\u00a0: First Nation Data Linkage \u2013 Kenora Chiefs Advisory] visait \u00e0 combler les lacunes qui existent dans l\u2019information ayant trait au cancer chez les Premi\u00e8res Nations. L\u2019objectif \u00e9tait de pr\u00e9senter de l\u2019information sur la qualit\u00e9 et la faisabilit\u00e9 d\u2019un rapport sur le [&hellip;]<\/p>\n","protected":false},"author":24,"featured_media":0,"parent":47357,"menu_order":0,"comment_status":"closed","ping_status":"closed","template":"","meta":{"_acf_changed":false,"_monsterinsights_skip_tracking":false,"_monsterinsights_sitenote_active":false,"_monsterinsights_sitenote_note":"","_monsterinsights_sitenote_category":0,"ep_exclude_from_search":false,"footnotes":""},"categories":[],"tags":[],"site-tools":[],"ppma_author":[1964],"class_list":["post-47487","page","type-page","status-publish","hentry"],"acf":[],"yoast_head":"<!-- This site is optimized with the Yoast SEO plugin v27.3 - https:\/\/yoast.com\/product\/yoast-seo-wordpress\/ -->\n<title>Canadian Partnership Against Cancer<\/title>\n<meta name=\"robots\" content=\"index, follow, max-snippet:-1, max-image-preview:large, max-video-preview:-1\" \/>\n<link rel=\"canonical\" href=\"https:\/\/www.partnershipagainstcancer.ca\/fr\/about-us\/who-we-are\/first-nations-inuit-metis\/foundational-work\/first-nation-data-linkage-kenora\/\" \/>\n<meta property=\"og:locale\" content=\"fr_FR\" \/>\n<meta property=\"og:type\" content=\"article\" \/>\n<meta property=\"og:title\" content=\"Couplage des donn\u00e9es relatives aux Premi\u00e8res Nations \u2013 Kenora Chiefs Advisory - Canadian Partnership Against Cancer\" \/>\n<meta property=\"og:description\" content=\"L\u2019initiative Couplage des donn\u00e9es relatives aux Premi\u00e8res Nations \u2013 Kenora Chiefs Advisory [en anglais\u00a0: First Nation Data Linkage \u2013 Kenora Chiefs Advisory] visait \u00e0 combler les lacunes qui existent dans l\u2019information ayant trait au cancer chez les Premi\u00e8res Nations. L\u2019objectif \u00e9tait de pr\u00e9senter de l\u2019information sur la qualit\u00e9 et la faisabilit\u00e9 d\u2019un rapport sur le [&hellip;]\" \/>\n<meta property=\"og:url\" content=\"https:\/\/www.partnershipagainstcancer.ca\/fr\/about-us\/who-we-are\/first-nations-inuit-metis\/foundational-work\/first-nation-data-linkage-kenora\/\" \/>\n<meta property=\"og:site_name\" content=\"Canadian Partnership Against Cancer\" \/>\n<meta property=\"article:publisher\" content=\"https:\/\/www.facebook.com\/CanadianPartnershipAgainstCancer\/\" \/>\n<meta property=\"article:modified_time\" content=\"2025-12-11T14:58:17+00:00\" \/>\n<meta name=\"twitter:card\" content=\"summary_large_image\" \/>\n<meta name=\"twitter:site\" content=\"@cancerstratca\" \/>\n<meta name=\"twitter:label1\" content=\"Dur\u00e9e de lecture estim\u00e9e\" \/>\n\t<meta name=\"twitter:data1\" content=\"2 minutes\" \/>\n<script type=\"application\/ld+json\" class=\"yoast-schema-graph\">{\"@context\":\"https:\\\/\\\/schema.org\",\"@graph\":[{\"@type\":\"WebPage\",\"@id\":\"https:\\\/\\\/www.partnershipagainstcancer.ca\\\/fr\\\/about-us\\\/who-we-are\\\/first-nations-inuit-metis\\\/foundational-work\\\/first-nation-data-linkage-kenora\\\/\",\"url\":\"https:\\\/\\\/www.partnershipagainstcancer.ca\\\/fr\\\/about-us\\\/who-we-are\\\/first-nations-inuit-metis\\\/foundational-work\\\/first-nation-data-linkage-kenora\\\/\",\"name\":\"Couplage des donn\u00e9es relatives aux Premi\u00e8res Nations \u2013 Kenora Chiefs Advisory - Canadian Partnership Against Cancer\",\"isPartOf\":{\"@id\":\"https:\\\/\\\/dev.partnershipagainstcancer.ca\\\/#website\"},\"datePublished\":\"2020-05-11T17:39:17+00:00\",\"dateModified\":\"2025-12-11T14:58:17+00:00\",\"breadcrumb\":{\"@id\":\"https:\\\/\\\/www.partnershipagainstcancer.ca\\\/fr\\\/about-us\\\/who-we-are\\\/first-nations-inuit-metis\\\/foundational-work\\\/first-nation-data-linkage-kenora\\\/#breadcrumb\"},\"inLanguage\":\"fr-FR\",\"potentialAction\":[{\"@type\":\"ReadAction\",\"target\":[\"https:\\\/\\\/www.partnershipagainstcancer.ca\\\/fr\\\/about-us\\\/who-we-are\\\/first-nations-inuit-metis\\\/foundational-work\\\/first-nation-data-linkage-kenora\\\/\"]}]},{\"@type\":\"BreadcrumbList\",\"@id\":\"https:\\\/\\\/www.partnershipagainstcancer.ca\\\/fr\\\/about-us\\\/who-we-are\\\/first-nations-inuit-metis\\\/foundational-work\\\/first-nation-data-linkage-kenora\\\/#breadcrumb\",\"itemListElement\":[{\"@type\":\"ListItem\",\"position\":1,\"name\":\"\u00c0 propos de nous\",\"item\":\"https:\\\/\\\/www.partnershipagainstcancer.ca\\\/fr\\\/about-us\\\/\"},{\"@type\":\"ListItem\",\"position\":2,\"name\":\"Qui nous sommes\",\"item\":\"https:\\\/\\\/www.partnershipagainstcancer.ca\\\/fr\\\/about-us\\\/who-we-are\\\/\"},{\"@type\":\"ListItem\",\"position\":3,\"name\":\"Premi\u00e8res Nations, Inuits et M\u00e9tis\",\"item\":\"https:\\\/\\\/www.partnershipagainstcancer.ca\\\/fr\\\/about-us\\\/who-we-are\\\/first-nations-inuit-metis\\\/\"},{\"@type\":\"ListItem\",\"position\":4,\"name\":\"Travaux de base\",\"item\":\"https:\\\/\\\/www.partnershipagainstcancer.ca\\\/fr\\\/about-us\\\/who-we-are\\\/first-nations-inuit-metis\\\/foundational-work\\\/\"},{\"@type\":\"ListItem\",\"position\":5,\"name\":\"Couplage des donn\u00e9es relatives aux Premi\u00e8res Nations \u2013 Kenora Chiefs Advisory\"}]},{\"@type\":\"WebSite\",\"@id\":\"https:\\\/\\\/dev.partnershipagainstcancer.ca\\\/#website\",\"url\":\"https:\\\/\\\/dev.partnershipagainstcancer.ca\\\/\",\"name\":\"Canadian Partnership Against Cancer\",\"description\":\"\",\"potentialAction\":[{\"@type\":\"SearchAction\",\"target\":{\"@type\":\"EntryPoint\",\"urlTemplate\":\"https:\\\/\\\/dev.partnershipagainstcancer.ca\\\/?s={search_term_string}\"},\"query-input\":{\"@type\":\"PropertyValueSpecification\",\"valueRequired\":true,\"valueName\":\"search_term_string\"}}],\"inLanguage\":\"fr-FR\"}]}<\/script>\n<!-- \/ Yoast SEO plugin. -->","yoast_head_json":{"title":"Canadian Partnership Against Cancer","robots":{"index":"index","follow":"follow","max-snippet":"max-snippet:-1","max-image-preview":"max-image-preview:large","max-video-preview":"max-video-preview:-1"},"canonical":"https:\/\/www.partnershipagainstcancer.ca\/fr\/about-us\/who-we-are\/first-nations-inuit-metis\/foundational-work\/first-nation-data-linkage-kenora\/","og_locale":"fr_FR","og_type":"article","og_title":"Couplage des donn\u00e9es relatives aux Premi\u00e8res Nations \u2013 Kenora Chiefs Advisory - Canadian Partnership Against Cancer","og_description":"L\u2019initiative Couplage des donn\u00e9es relatives aux Premi\u00e8res Nations \u2013 Kenora Chiefs Advisory [en anglais\u00a0: First Nation Data Linkage \u2013 Kenora Chiefs Advisory] visait \u00e0 combler les lacunes qui existent dans l\u2019information ayant trait au cancer chez les Premi\u00e8res Nations. L\u2019objectif \u00e9tait de pr\u00e9senter de l\u2019information sur la qualit\u00e9 et la faisabilit\u00e9 d\u2019un rapport sur le [&hellip;]","og_url":"https:\/\/www.partnershipagainstcancer.ca\/fr\/about-us\/who-we-are\/first-nations-inuit-metis\/foundational-work\/first-nation-data-linkage-kenora\/","og_site_name":"Canadian Partnership Against Cancer","article_publisher":"https:\/\/www.facebook.com\/CanadianPartnershipAgainstCancer\/","article_modified_time":"2025-12-11T14:58:17+00:00","twitter_card":"summary_large_image","twitter_site":"@cancerstratca","twitter_misc":{"Dur\u00e9e de lecture estim\u00e9e":"2 minutes"},"schema":{"@context":"https:\/\/schema.org","@graph":[{"@type":"WebPage","@id":"https:\/\/www.partnershipagainstcancer.ca\/fr\/about-us\/who-we-are\/first-nations-inuit-metis\/foundational-work\/first-nation-data-linkage-kenora\/","url":"https:\/\/www.partnershipagainstcancer.ca\/fr\/about-us\/who-we-are\/first-nations-inuit-metis\/foundational-work\/first-nation-data-linkage-kenora\/","name":"Couplage des donn\u00e9es relatives aux Premi\u00e8res Nations \u2013 Kenora Chiefs Advisory - Canadian Partnership Against Cancer","isPartOf":{"@id":"https:\/\/dev.partnershipagainstcancer.ca\/#website"},"datePublished":"2020-05-11T17:39:17+00:00","dateModified":"2025-12-11T14:58:17+00:00","breadcrumb":{"@id":"https:\/\/www.partnershipagainstcancer.ca\/fr\/about-us\/who-we-are\/first-nations-inuit-metis\/foundational-work\/first-nation-data-linkage-kenora\/#breadcrumb"},"inLanguage":"fr-FR","potentialAction":[{"@type":"ReadAction","target":["https:\/\/www.partnershipagainstcancer.ca\/fr\/about-us\/who-we-are\/first-nations-inuit-metis\/foundational-work\/first-nation-data-linkage-kenora\/"]}]},{"@type":"BreadcrumbList","@id":"https:\/\/www.partnershipagainstcancer.ca\/fr\/about-us\/who-we-are\/first-nations-inuit-metis\/foundational-work\/first-nation-data-linkage-kenora\/#breadcrumb","itemListElement":[{"@type":"ListItem","position":1,"name":"\u00c0 propos de nous","item":"https:\/\/www.partnershipagainstcancer.ca\/fr\/about-us\/"},{"@type":"ListItem","position":2,"name":"Qui nous sommes","item":"https:\/\/www.partnershipagainstcancer.ca\/fr\/about-us\/who-we-are\/"},{"@type":"ListItem","position":3,"name":"Premi\u00e8res Nations, Inuits et M\u00e9tis","item":"https:\/\/www.partnershipagainstcancer.ca\/fr\/about-us\/who-we-are\/first-nations-inuit-metis\/"},{"@type":"ListItem","position":4,"name":"Travaux de base","item":"https:\/\/www.partnershipagainstcancer.ca\/fr\/about-us\/who-we-are\/first-nations-inuit-metis\/foundational-work\/"},{"@type":"ListItem","position":5,"name":"Couplage des donn\u00e9es relatives aux Premi\u00e8res Nations \u2013 Kenora Chiefs Advisory"}]},{"@type":"WebSite","@id":"https:\/\/dev.partnershipagainstcancer.ca\/#website","url":"https:\/\/dev.partnershipagainstcancer.ca\/","name":"Canadian Partnership Against Cancer","description":"","potentialAction":[{"@type":"SearchAction","target":{"@type":"EntryPoint","urlTemplate":"https:\/\/dev.partnershipagainstcancer.ca\/?s={search_term_string}"},"query-input":{"@type":"PropertyValueSpecification","valueRequired":true,"valueName":"search_term_string"}}],"inLanguage":"fr-FR"}]}},"_links":{"self":[{"href":"https:\/\/www.partnershipagainstcancer.ca\/fr\/wp-json\/wp\/v2\/pages\/47487","targetHints":{"allow":["GET"]}}],"collection":[{"href":"https:\/\/www.partnershipagainstcancer.ca\/fr\/wp-json\/wp\/v2\/pages"}],"about":[{"href":"https:\/\/www.partnershipagainstcancer.ca\/fr\/wp-json\/wp\/v2\/types\/page"}],"author":[{"embeddable":true,"href":"https:\/\/www.partnershipagainstcancer.ca\/fr\/wp-json\/wp\/v2\/users\/24"}],"replies":[{"embeddable":true,"href":"https:\/\/www.partnershipagainstcancer.ca\/fr\/wp-json\/wp\/v2\/comments?post=47487"}],"version-history":[{"count":2,"href":"https:\/\/www.partnershipagainstcancer.ca\/fr\/wp-json\/wp\/v2\/pages\/47487\/revisions"}],"predecessor-version":[{"id":73254,"href":"https:\/\/www.partnershipagainstcancer.ca\/fr\/wp-json\/wp\/v2\/pages\/47487\/revisions\/73254"}],"up":[{"embeddable":true,"href":"https:\/\/www.partnershipagainstcancer.ca\/fr\/wp-json\/wp\/v2\/pages\/47357"}],"wp:attachment":[{"href":"https:\/\/www.partnershipagainstcancer.ca\/fr\/wp-json\/wp\/v2\/media?parent=47487"}],"wp:term":[{"taxonomy":"category","embeddable":true,"href":"https:\/\/www.partnershipagainstcancer.ca\/fr\/wp-json\/wp\/v2\/categories?post=47487"},{"taxonomy":"post_tag","embeddable":true,"href":"https:\/\/www.partnershipagainstcancer.ca\/fr\/wp-json\/wp\/v2\/tags?post=47487"},{"taxonomy":"site-tools","embeddable":true,"href":"https:\/\/www.partnershipagainstcancer.ca\/fr\/wp-json\/wp\/v2\/site-tools?post=47487"},{"taxonomy":"author","embeddable":true,"href":"https:\/\/www.partnershipagainstcancer.ca\/fr\/wp-json\/wp\/v2\/ppma_author?post=47487"}],"curies":[{"name":"wp","href":"https:\/\/api.w.org\/{rel}","templated":true}]}}