{"id":47454,"date":"2020-05-11T11:33:24","date_gmt":"2020-05-11T16:33:24","guid":{"rendered":"https:\/\/www.partnershipagainstcancer.ca\/?page_id=47454"},"modified":"2025-12-10T13:29:44","modified_gmt":"2025-12-10T18:29:44","slug":"access-first-nations-rural-remote-alberta","status":"publish","type":"page","link":"https:\/\/www.partnershipagainstcancer.ca\/fr\/about-us\/who-we-are\/first-nations-inuit-metis\/foundational-work\/access-first-nations-rural-remote-alberta\/","title":{"rendered":"Am\u00e9liorer l&rsquo;acc\u00e8s \u00e0 des trajectoires de soins contre le cancer culturellement s\u00e9curisants pour les membres des Premi\u00e8res Nations de l&rsquo;Alberta r\u00e9sidant dans des communaut\u00e9s rurales, \u00e9loign\u00e9es et isol\u00e9es"},"content":{"rendered":"<p>L\u2019initiative <em>Am\u00e9liorer l&rsquo;acc\u00e8s \u00e0 des trajectoires de soins contre le cancer culturellement s\u00e9curisants pour les membres des Premi\u00e8res Nations de l&rsquo;Alberta r\u00e9sidant dans des communaut\u00e9s rurales, \u00e9loign\u00e9es et isol\u00e9es <\/em>[en anglais : Increased Access to Culturally Safe Cancer Care Pathways by Alberta First Nations in Rural Remote and Isolated Communities] visait \u00e0 am\u00e9liorer l\u2019exp\u00e9rience du cancer chez les Premi\u00e8res Nations de l\u2019Alberta, y compris le diagnostic, le traitement et le cong\u00e9 de l\u2019h\u00f4pital ou le retour aux soins de sant\u00e9 primaires. L\u2019objectif \u00e9tait d\u2019\u00e9laborer et de mettre en \u0153uvre une strat\u00e9gie pour \u00e9largir l\u2019acc\u00e8s aux soins contre le cancer chez les membres des Premi\u00e8res Nations de l&rsquo;Alberta r\u00e9sidant dans des communaut\u00e9s rurales, \u00e9loign\u00e9es et isol\u00e9es.<\/p>\n<p><strong>Lieu\u00a0:<\/strong> Alberta<\/p>\n<p><strong>\u00c9ch\u00e9ancier\u00a0:<\/strong> de 2014 \u00e0 2017<\/p>\n<p><strong>Partenaire financ\u00e9\u00a0:<\/strong> Alberta Health Services (CancerControl Alberta)<\/p>\n<p><strong>Partenaires\u00a0:<\/strong><\/p>\n<ul>\n<li>Alberta First Nations Information Governance Centre<\/li>\n<li>Confederacy of Treaty Six First Nations<\/li>\n<li>Association des infirmiers et des infirmi\u00e8res autochtones du Canada<\/li>\n<li>Direction g\u00e9n\u00e9rale de la sant\u00e9 des Premi\u00e8res Nations et des Inuits de Sant\u00e9 Canada<\/li>\n<li>Association des m\u00e9decins autochtones du Canada<\/li>\n<li>Premi\u00e8res Nations du Trait\u00e9 n\u00b0\u00a08 en Alberta<\/li>\n<li>Soci\u00e9t\u00e9 de gestion du Trait\u00e9 n\u00b0\u00a07<\/li>\n<li>Universit\u00e9 de l\u2019Alberta<\/li>\n<li>Universit\u00e9 de Calgary<\/li>\n<\/ul>\n<p><strong>Objectifs\u00a0:<\/strong><\/p>\n<ul>\n<li>Une \u00e9valuation des besoins quant \u00e0 l\u2019exp\u00e9rience du cancer chez les Premi\u00e8res Nations a \u00e9t\u00e9 r\u00e9alis\u00e9e au moyen de groupes de discussion, avec comme objectif la d\u00e9termination de priorit\u00e9s en vue d\u2019am\u00e9liorer l\u2019acc\u00e8s \u00e0 des soins oncologiques adapt\u00e9s aux particularit\u00e9s culturelles des Premi\u00e8res Nations, ainsi que l\u2019am\u00e9lioration des soutiens plurigouvernementaux offerts aux patientes et patients (et aux familles) des Premi\u00e8res Nations atteints de cancer, tout au long de l\u2019exp\u00e9rience de la maladie.<\/li>\n<li>Une \u00e9tude de faisabilit\u00e9 a \u00e9galement \u00e9t\u00e9 r\u00e9alis\u00e9e pour comprendre les besoins et les exigences en ce qui concerne la collecte de donn\u00e9es sur le cancer chez les Premi\u00e8res Nations.<\/li>\n<li>Une approch\u00e9e ax\u00e9e sur les d\u00e9terminants de la sant\u00e9 et les collectivit\u00e9s a \u00e9t\u00e9 jumel\u00e9e avec des m\u00e9thodologies de recherche autochtones pour orienter les travaux entrepris par cette initiative.<\/li>\n<\/ul>\n<p><strong>R\u00e9sultats\u00a0:<\/strong><\/p>\n<ul>\n<li>L\u2019<a href=\"https:\/\/afnigc.ca\/wp-content\/uploads\/2024\/01\/Alberta-Baseline-Assessment-Report.pdf\" target=\"_blank\" rel=\"noopener\"><em>Alberta Baseline Assessment Report <\/em><\/a>(rapport d\u2019\u00e9valuation de base de l\u2019Alberta; en anglais seulement) qui d\u00e9crit l\u2019exp\u00e9rience du cancer chez les Premi\u00e8res Nations de l\u2019Alberta.<\/li>\n<li>La cr\u00e9ation d\u2019un cadre pour la mise au point et l\u2019utilisation d\u2019identifiants des Premi\u00e8res Nations dans le traitement du cancer.<\/li>\n<\/ul>\n","protected":false},"excerpt":{"rendered":"<p>L\u2019initiative Am\u00e9liorer l&rsquo;acc\u00e8s \u00e0 des trajectoires de soins contre le cancer culturellement s\u00e9curisants pour les membres des Premi\u00e8res Nations de l&rsquo;Alberta r\u00e9sidant dans des communaut\u00e9s rurales, \u00e9loign\u00e9es et isol\u00e9es [en anglais : Increased Access to Culturally Safe Cancer Care Pathways by Alberta First Nations in Rural Remote and Isolated Communities] visait \u00e0 am\u00e9liorer l\u2019exp\u00e9rience du [&hellip;]<\/p>\n","protected":false},"author":24,"featured_media":0,"parent":47357,"menu_order":0,"comment_status":"closed","ping_status":"closed","template":"","meta":{"_acf_changed":false,"_monsterinsights_skip_tracking":false,"_monsterinsights_sitenote_active":false,"_monsterinsights_sitenote_note":"","_monsterinsights_sitenote_category":0,"ep_exclude_from_search":false,"footnotes":""},"categories":[],"tags":[],"site-tools":[],"ppma_author":[1964],"class_list":["post-47454","page","type-page","status-publish","hentry"],"acf":[],"yoast_head":"<!-- This site is optimized with the Yoast SEO plugin v27.3 - https:\/\/yoast.com\/product\/yoast-seo-wordpress\/ -->\n<title>Canadian Partnership Against Cancer<\/title>\n<meta name=\"robots\" content=\"index, follow, max-snippet:-1, max-image-preview:large, max-video-preview:-1\" \/>\n<link rel=\"canonical\" href=\"https:\/\/www.partnershipagainstcancer.ca\/fr\/about-us\/who-we-are\/first-nations-inuit-metis\/foundational-work\/access-first-nations-rural-remote-alberta\/\" \/>\n<meta property=\"og:locale\" content=\"fr_FR\" \/>\n<meta property=\"og:type\" content=\"article\" \/>\n<meta property=\"og:title\" content=\"Am\u00e9liorer l&#039;acc\u00e8s \u00e0 des trajectoires de soins contre le cancer culturellement s\u00e9curisants pour les membres des Premi\u00e8res Nations de l&#039;Alberta r\u00e9sidant dans des communaut\u00e9s rurales, \u00e9loign\u00e9es et isol\u00e9es - Canadian Partnership Against Cancer\" \/>\n<meta property=\"og:description\" content=\"L\u2019initiative Am\u00e9liorer l&rsquo;acc\u00e8s \u00e0 des trajectoires de soins contre le cancer culturellement s\u00e9curisants pour les membres des Premi\u00e8res Nations de l&rsquo;Alberta r\u00e9sidant dans des communaut\u00e9s rurales, \u00e9loign\u00e9es et isol\u00e9es [en anglais : Increased Access to Culturally Safe Cancer Care Pathways by Alberta First Nations in Rural Remote and Isolated Communities] visait \u00e0 am\u00e9liorer l\u2019exp\u00e9rience du [&hellip;]\" \/>\n<meta property=\"og:url\" content=\"https:\/\/www.partnershipagainstcancer.ca\/fr\/about-us\/who-we-are\/first-nations-inuit-metis\/foundational-work\/access-first-nations-rural-remote-alberta\/\" \/>\n<meta property=\"og:site_name\" content=\"Canadian Partnership Against Cancer\" \/>\n<meta property=\"article:publisher\" content=\"https:\/\/www.facebook.com\/CanadianPartnershipAgainstCancer\/\" \/>\n<meta property=\"article:modified_time\" content=\"2025-12-10T18:29:44+00:00\" \/>\n<meta name=\"twitter:card\" content=\"summary_large_image\" \/>\n<meta name=\"twitter:site\" content=\"@cancerstratca\" \/>\n<meta name=\"twitter:label1\" content=\"Dur\u00e9e de lecture estim\u00e9e\" \/>\n\t<meta name=\"twitter:data1\" content=\"2 minutes\" \/>\n<script type=\"application\/ld+json\" class=\"yoast-schema-graph\">{\"@context\":\"https:\\\/\\\/schema.org\",\"@graph\":[{\"@type\":\"WebPage\",\"@id\":\"https:\\\/\\\/www.partnershipagainstcancer.ca\\\/fr\\\/about-us\\\/who-we-are\\\/first-nations-inuit-metis\\\/foundational-work\\\/access-first-nations-rural-remote-alberta\\\/\",\"url\":\"https:\\\/\\\/www.partnershipagainstcancer.ca\\\/fr\\\/about-us\\\/who-we-are\\\/first-nations-inuit-metis\\\/foundational-work\\\/access-first-nations-rural-remote-alberta\\\/\",\"name\":\"Am\u00e9liorer l'acc\u00e8s \u00e0 des trajectoires de soins contre le cancer culturellement s\u00e9curisants pour les membres des Premi\u00e8res Nations de l'Alberta r\u00e9sidant dans des communaut\u00e9s rurales, \u00e9loign\u00e9es et isol\u00e9es - Canadian Partnership Against Cancer\",\"isPartOf\":{\"@id\":\"https:\\\/\\\/dev.partnershipagainstcancer.ca\\\/#website\"},\"datePublished\":\"2020-05-11T16:33:24+00:00\",\"dateModified\":\"2025-12-10T18:29:44+00:00\",\"breadcrumb\":{\"@id\":\"https:\\\/\\\/www.partnershipagainstcancer.ca\\\/fr\\\/about-us\\\/who-we-are\\\/first-nations-inuit-metis\\\/foundational-work\\\/access-first-nations-rural-remote-alberta\\\/#breadcrumb\"},\"inLanguage\":\"fr-FR\",\"potentialAction\":[{\"@type\":\"ReadAction\",\"target\":[\"https:\\\/\\\/www.partnershipagainstcancer.ca\\\/fr\\\/about-us\\\/who-we-are\\\/first-nations-inuit-metis\\\/foundational-work\\\/access-first-nations-rural-remote-alberta\\\/\"]}]},{\"@type\":\"BreadcrumbList\",\"@id\":\"https:\\\/\\\/www.partnershipagainstcancer.ca\\\/fr\\\/about-us\\\/who-we-are\\\/first-nations-inuit-metis\\\/foundational-work\\\/access-first-nations-rural-remote-alberta\\\/#breadcrumb\",\"itemListElement\":[{\"@type\":\"ListItem\",\"position\":1,\"name\":\"\u00c0 propos de nous\",\"item\":\"https:\\\/\\\/www.partnershipagainstcancer.ca\\\/fr\\\/about-us\\\/\"},{\"@type\":\"ListItem\",\"position\":2,\"name\":\"Qui nous sommes\",\"item\":\"https:\\\/\\\/www.partnershipagainstcancer.ca\\\/fr\\\/about-us\\\/who-we-are\\\/\"},{\"@type\":\"ListItem\",\"position\":3,\"name\":\"Premi\u00e8res Nations, Inuits et M\u00e9tis\",\"item\":\"https:\\\/\\\/www.partnershipagainstcancer.ca\\\/fr\\\/about-us\\\/who-we-are\\\/first-nations-inuit-metis\\\/\"},{\"@type\":\"ListItem\",\"position\":4,\"name\":\"Travaux de base\",\"item\":\"https:\\\/\\\/www.partnershipagainstcancer.ca\\\/fr\\\/about-us\\\/who-we-are\\\/first-nations-inuit-metis\\\/foundational-work\\\/\"},{\"@type\":\"ListItem\",\"position\":5,\"name\":\"Am\u00e9liorer l&#8217;acc\u00e8s \u00e0 des trajectoires de soins contre le cancer culturellement s\u00e9curisants pour les membres des Premi\u00e8res Nations de l&#8217;Alberta r\u00e9sidant dans des communaut\u00e9s rurales, \u00e9loign\u00e9es et isol\u00e9es\"}]},{\"@type\":\"WebSite\",\"@id\":\"https:\\\/\\\/dev.partnershipagainstcancer.ca\\\/#website\",\"url\":\"https:\\\/\\\/dev.partnershipagainstcancer.ca\\\/\",\"name\":\"Canadian Partnership Against Cancer\",\"description\":\"\",\"potentialAction\":[{\"@type\":\"SearchAction\",\"target\":{\"@type\":\"EntryPoint\",\"urlTemplate\":\"https:\\\/\\\/dev.partnershipagainstcancer.ca\\\/?s={search_term_string}\"},\"query-input\":{\"@type\":\"PropertyValueSpecification\",\"valueRequired\":true,\"valueName\":\"search_term_string\"}}],\"inLanguage\":\"fr-FR\"}]}<\/script>\n<!-- \/ Yoast SEO plugin. -->","yoast_head_json":{"title":"Canadian Partnership Against Cancer","robots":{"index":"index","follow":"follow","max-snippet":"max-snippet:-1","max-image-preview":"max-image-preview:large","max-video-preview":"max-video-preview:-1"},"canonical":"https:\/\/www.partnershipagainstcancer.ca\/fr\/about-us\/who-we-are\/first-nations-inuit-metis\/foundational-work\/access-first-nations-rural-remote-alberta\/","og_locale":"fr_FR","og_type":"article","og_title":"Am\u00e9liorer l'acc\u00e8s \u00e0 des trajectoires de soins contre le cancer culturellement s\u00e9curisants pour les membres des Premi\u00e8res Nations de l'Alberta r\u00e9sidant dans des communaut\u00e9s rurales, \u00e9loign\u00e9es et isol\u00e9es - Canadian Partnership Against Cancer","og_description":"L\u2019initiative Am\u00e9liorer l&rsquo;acc\u00e8s \u00e0 des trajectoires de soins contre le cancer culturellement s\u00e9curisants pour les membres des Premi\u00e8res Nations de l&rsquo;Alberta r\u00e9sidant dans des communaut\u00e9s rurales, \u00e9loign\u00e9es et isol\u00e9es [en anglais : Increased Access to Culturally Safe Cancer Care Pathways by Alberta First Nations in Rural Remote and Isolated Communities] visait \u00e0 am\u00e9liorer l\u2019exp\u00e9rience du [&hellip;]","og_url":"https:\/\/www.partnershipagainstcancer.ca\/fr\/about-us\/who-we-are\/first-nations-inuit-metis\/foundational-work\/access-first-nations-rural-remote-alberta\/","og_site_name":"Canadian Partnership Against Cancer","article_publisher":"https:\/\/www.facebook.com\/CanadianPartnershipAgainstCancer\/","article_modified_time":"2025-12-10T18:29:44+00:00","twitter_card":"summary_large_image","twitter_site":"@cancerstratca","twitter_misc":{"Dur\u00e9e de lecture estim\u00e9e":"2 minutes"},"schema":{"@context":"https:\/\/schema.org","@graph":[{"@type":"WebPage","@id":"https:\/\/www.partnershipagainstcancer.ca\/fr\/about-us\/who-we-are\/first-nations-inuit-metis\/foundational-work\/access-first-nations-rural-remote-alberta\/","url":"https:\/\/www.partnershipagainstcancer.ca\/fr\/about-us\/who-we-are\/first-nations-inuit-metis\/foundational-work\/access-first-nations-rural-remote-alberta\/","name":"Am\u00e9liorer l'acc\u00e8s \u00e0 des trajectoires de soins contre le cancer culturellement s\u00e9curisants pour les membres des Premi\u00e8res Nations de l'Alberta r\u00e9sidant dans des communaut\u00e9s rurales, \u00e9loign\u00e9es et isol\u00e9es - Canadian Partnership Against Cancer","isPartOf":{"@id":"https:\/\/dev.partnershipagainstcancer.ca\/#website"},"datePublished":"2020-05-11T16:33:24+00:00","dateModified":"2025-12-10T18:29:44+00:00","breadcrumb":{"@id":"https:\/\/www.partnershipagainstcancer.ca\/fr\/about-us\/who-we-are\/first-nations-inuit-metis\/foundational-work\/access-first-nations-rural-remote-alberta\/#breadcrumb"},"inLanguage":"fr-FR","potentialAction":[{"@type":"ReadAction","target":["https:\/\/www.partnershipagainstcancer.ca\/fr\/about-us\/who-we-are\/first-nations-inuit-metis\/foundational-work\/access-first-nations-rural-remote-alberta\/"]}]},{"@type":"BreadcrumbList","@id":"https:\/\/www.partnershipagainstcancer.ca\/fr\/about-us\/who-we-are\/first-nations-inuit-metis\/foundational-work\/access-first-nations-rural-remote-alberta\/#breadcrumb","itemListElement":[{"@type":"ListItem","position":1,"name":"\u00c0 propos de nous","item":"https:\/\/www.partnershipagainstcancer.ca\/fr\/about-us\/"},{"@type":"ListItem","position":2,"name":"Qui nous sommes","item":"https:\/\/www.partnershipagainstcancer.ca\/fr\/about-us\/who-we-are\/"},{"@type":"ListItem","position":3,"name":"Premi\u00e8res Nations, Inuits et M\u00e9tis","item":"https:\/\/www.partnershipagainstcancer.ca\/fr\/about-us\/who-we-are\/first-nations-inuit-metis\/"},{"@type":"ListItem","position":4,"name":"Travaux de base","item":"https:\/\/www.partnershipagainstcancer.ca\/fr\/about-us\/who-we-are\/first-nations-inuit-metis\/foundational-work\/"},{"@type":"ListItem","position":5,"name":"Am\u00e9liorer l&#8217;acc\u00e8s \u00e0 des trajectoires de soins contre le cancer culturellement s\u00e9curisants pour les membres des Premi\u00e8res Nations de l&#8217;Alberta r\u00e9sidant dans des communaut\u00e9s rurales, \u00e9loign\u00e9es et isol\u00e9es"}]},{"@type":"WebSite","@id":"https:\/\/dev.partnershipagainstcancer.ca\/#website","url":"https:\/\/dev.partnershipagainstcancer.ca\/","name":"Canadian Partnership Against Cancer","description":"","potentialAction":[{"@type":"SearchAction","target":{"@type":"EntryPoint","urlTemplate":"https:\/\/dev.partnershipagainstcancer.ca\/?s={search_term_string}"},"query-input":{"@type":"PropertyValueSpecification","valueRequired":true,"valueName":"search_term_string"}}],"inLanguage":"fr-FR"}]}},"_links":{"self":[{"href":"https:\/\/www.partnershipagainstcancer.ca\/fr\/wp-json\/wp\/v2\/pages\/47454","targetHints":{"allow":["GET"]}}],"collection":[{"href":"https:\/\/www.partnershipagainstcancer.ca\/fr\/wp-json\/wp\/v2\/pages"}],"about":[{"href":"https:\/\/www.partnershipagainstcancer.ca\/fr\/wp-json\/wp\/v2\/types\/page"}],"author":[{"embeddable":true,"href":"https:\/\/www.partnershipagainstcancer.ca\/fr\/wp-json\/wp\/v2\/users\/24"}],"replies":[{"embeddable":true,"href":"https:\/\/www.partnershipagainstcancer.ca\/fr\/wp-json\/wp\/v2\/comments?post=47454"}],"version-history":[{"count":4,"href":"https:\/\/www.partnershipagainstcancer.ca\/fr\/wp-json\/wp\/v2\/pages\/47454\/revisions"}],"predecessor-version":[{"id":73243,"href":"https:\/\/www.partnershipagainstcancer.ca\/fr\/wp-json\/wp\/v2\/pages\/47454\/revisions\/73243"}],"up":[{"embeddable":true,"href":"https:\/\/www.partnershipagainstcancer.ca\/fr\/wp-json\/wp\/v2\/pages\/47357"}],"wp:attachment":[{"href":"https:\/\/www.partnershipagainstcancer.ca\/fr\/wp-json\/wp\/v2\/media?parent=47454"}],"wp:term":[{"taxonomy":"category","embeddable":true,"href":"https:\/\/www.partnershipagainstcancer.ca\/fr\/wp-json\/wp\/v2\/categories?post=47454"},{"taxonomy":"post_tag","embeddable":true,"href":"https:\/\/www.partnershipagainstcancer.ca\/fr\/wp-json\/wp\/v2\/tags?post=47454"},{"taxonomy":"site-tools","embeddable":true,"href":"https:\/\/www.partnershipagainstcancer.ca\/fr\/wp-json\/wp\/v2\/site-tools?post=47454"},{"taxonomy":"author","embeddable":true,"href":"https:\/\/www.partnershipagainstcancer.ca\/fr\/wp-json\/wp\/v2\/ppma_author?post=47454"}],"curies":[{"name":"wp","href":"https:\/\/api.w.org\/{rel}","templated":true}]}}