{"id":46620,"date":"2020-02-03T22:28:51","date_gmt":"2020-02-04T03:28:51","guid":{"rendered":"https:\/\/www.partnershipagainstcancer.ca\/?page_id=46620"},"modified":"2020-02-03T22:28:51","modified_gmt":"2020-02-04T03:28:51","slug":"quotes","status":"publish","type":"page","link":"https:\/\/www.partnershipagainstcancer.ca\/fr\/cancer-strategy\/quotes\/","title":{"rendered":"Messages de soutien de nos partenaires"},"content":{"rendered":"<p>Voici quelques citations provenant de partenaires de tout le pays.<\/p>\n<h2>Soci\u00e9t\u00e9 canadienne du cancer<\/h2>\n<blockquote class=\"blockquote-smaller\"><p>Nous savons que le cancer du col de l\u2019ut\u00e9rus est le cancer le plus susceptible d\u2019\u00eatre pr\u00e9venu au Canada, pratiquement tous les cas de cancer du col de l\u2019ut\u00e9rus \u00e9tant dus au VPH. En fait, l\u2019\u00e9tude ComPARe (Canadian Population Attributable Risk of Cancer, Risque attribuable du cancer chez la population canadienne), financ\u00e9e par la Soci\u00e9t\u00e9 canadienne du cancer, a relev\u00e9 que nous pourrions pr\u00e9venir environ 5300 cas de cancer du col de l\u2019ut\u00e9rus d\u2019ici 2042 si davantage d\u2019enfants \u00e9taient vaccin\u00e9s contre le VPH au Canada.<\/p>\n<p>Aujourd\u2019hui, nous avons une possibilit\u00e9 unique de collaborer, et nous savons qu\u2019en travaillant ensemble et en nous concentrant sur la promotion de la vaccination contre le VPH et en appuyant les programmes de d\u00e9pistage du cancer du col de l\u2019ut\u00e9rus, les participants du sommet d\u2019aujourd\u2019hui peuvent contribuer \u00e0 faire diminuer le nombre de futurs cas de cancer du col de l\u2019ut\u00e9rus au Canada.<\/p>\n<p>-Elizabeth Holmes, MPH, directrice des politiques de sant\u00e9 \u00e0 la Soci\u00e9t\u00e9 canadienne du cancer<\/p><\/blockquote>\n<h2>F\u00e9d\u00e9ration des femmes m\u00e9decins du Canada<\/h2>\n<blockquote class=\"blockquote-smaller\"><p>La F\u00e9d\u00e9ration des femmes m\u00e9decins du Canada est un fier partenaire du Partenariat canadien contre le cancer et a r\u00e9pondu \u00e0 l\u2019appel pour aider le Canada \u00e0 s\u2019engager sur la voie de l\u2019\u00e9limination du cancer du col de l\u2019ut\u00e9rus d\u2019ici 2040. Nous sommes heureuses de participer au Sommet sur l\u2019\u00e9limination du cancer du col de l\u2019ut\u00e9rus. Il s\u2019agit d\u2019un moment important pour d\u00e9terminer des fa\u00e7ons de collaborer afin de mettre en \u0153uvre le Plan d\u2019action pour l\u2019\u00e9limination du cancer du col de l\u2019ut\u00e9rus au Canada.<\/p>\n<p>Depuis 2017, la FFMC organise la Semaine de la pr\u00e9vention du VPH pour sensibiliser la population canadienne et les d\u00e9cideurs aux cancers li\u00e9s au VPH et aux avantages de la vaccination contre ce virus. Nous poursuivrons nos efforts et nous avons h\u00e2te de travailler avec le partenariat \u00e9largi pour arriver \u00e0 \u00e9liminer le cancer du col de l\u2019ut\u00e9rus d\u2019ici 2040.<\/p>\n<p>-Clover Hemans, B.Sc.Inf., M.D., MScQIPS, CCFP, FCFPC, pr\u00e9sidente de la F\u00e9d\u00e9ration des femmes m\u00e9decins du Canada<br \/>\n-Vivien Brown, MDCM, CCFP, FCFP, NCMP, pr\u00e9sidente de la Semaine de la pr\u00e9vention du VPH et du programme de pr\u00e9vention et de sensibilisation de la F\u00e9d\u00e9ration des femmes m\u00e9decins du Canada<\/p><\/blockquote>\n<h2>Immunisation Canada<\/h2>\n<blockquote class=\"blockquote-smaller\"><p>Le cancer du col de l\u2019ut\u00e9rus \u00e9tait le deuxi\u00e8me cancer le plus courant chez les femmes canadiennes apr\u00e8s le cancer du sein, mais les programmes syst\u00e9matiques de vaccination contre le VPH et de d\u00e9pistage de ce virus ont grandement contribu\u00e9 au d\u00e9clin de l\u2019incidence de cette maladie. Le Canada peut faire partie des premiers pays \u00e0 \u00e9liminer le cancer du col de l\u2019ut\u00e9rus d\u2019ici 2040 gr\u00e2ce \u00e0 la Strat\u00e9gie canadienne de lutte contre le cancer.<\/p>\n<p>Pour \u00e9liminer ce cancer, nous devons am\u00e9liorer la couverture vaccinale contre le VPH chez les Canadiennes avant l\u2019\u00e2ge de 17 ans. La vaccination contre le VPH est une mesure de sant\u00e9 publique s\u00fbre et efficace pour diminuer la propagation de ce virus. L\u2019une des meilleures choses que nous pouvons faire pour la sant\u00e9 des femmes, c\u2019est d\u2019augmenter les taux de vaccination afin de s\u2019assurer que la prochaine g\u00e9n\u00e9ration de Canadiennes sera lib\u00e9r\u00e9e du cancer du col de l\u2019ut\u00e9rus.<\/p>\n<p>-Anne Pham-Huy, M.D., pr\u00e9sidente d\u2019Immunisation Canada<\/p><\/blockquote>\n<h2>Sensibilisation VPH<\/h2>\n<blockquote class=\"blockquote-smaller\"><p>Pour que le Canada atteigne un taux de vaccination de 90 %, de d\u00e9pistage de 90 % et de traitement de 90 %, il faut absolument un engagement ferme et un appui ouvert du gouvernement, de concert avec les organisations non gouvernementales (ONG), et les intervenants des secteurs public et priv\u00e9.<\/p>\n<p>Pour atteindre l\u2019objectif de l\u2019OMS d\u2019\u00e9limination du cancer du col de l\u2019ut\u00e9rus, le message doit \u00eatre coh\u00e9rent et adapt\u00e9. De plus, nous avons absolument besoin de bases de donn\u00e9es qui relient la vaccination et le d\u00e9pistage, de lettres d\u2019invitation au d\u00e9pistage et d\u2019un investissement rapide dans les capacit\u00e9s de d\u00e9tection du VPH dans l\u2019ensemble du Canada. Nous avons les connaissances scientifiques et les outils; nous avons besoin d\u2019un engagement de tous les intervenants d\u00e8s maintenant!<\/p>\n<p>-Dr Marc Steben, copr\u00e9sident de Sensibilisation VPH<\/p><\/blockquote>\n<h2>M\u00e9decins de sant\u00e9 publique du Canada<\/h2>\n<blockquote class=\"blockquote-smaller\"><p>Des programmes solides de vaccination et de d\u00e9pistage constituent d\u2019importantes interventions de sant\u00e9 publique. Des objectifs nationaux et internationaux, tels que les cibles \u00e9tablies par l\u2019appel \u00e0 l\u2019action de l\u2019OMS pour \u00e9liminer le cancer du col de l\u2019ut\u00e9rus d\u2019ici 2040, peuvent nous aider \u00e0 am\u00e9liorer rapidement la pr\u00e9vention, le d\u00e9pistage et le traitement de ce cancer.<\/p>\n<p>Nous sommes enthousiastes \u00e0 l\u2019\u00e9gard de ces travaux, notamment le r\u00f4le de la vaccination contre le VPH dans la pr\u00e9vention du cancer. Cependant, nous n\u2019atteindrons pas ces objectifs sans nous pencher sur les in\u00e9galit\u00e9s au sein de notre syst\u00e8me et adopter des efforts concert\u00e9s pour travailler avec les populations mal desservies au Canada. Les M\u00e9decins de sant\u00e9 publique du Canada appuient fermement le plan d\u2019action pour l\u2019\u00e9limination du cancer du col de l\u2019ut\u00e9rus et sa priorit\u00e9 d\u2019am\u00e9liorer l\u2019\u00e9quit\u00e9 dans les soins contre le cancer au Canada.<\/p>\n<p>-Un membre de la direction des M\u00e9decins de sant\u00e9 publique du Canada<\/p><\/blockquote>\n","protected":false},"excerpt":{"rendered":"<p>Voici quelques citations provenant de partenaires de tout le pays. Soci\u00e9t\u00e9 canadienne du cancer Nous savons que le cancer du col de l\u2019ut\u00e9rus est le cancer le plus susceptible d\u2019\u00eatre pr\u00e9venu au Canada, pratiquement tous les cas de cancer du col de l\u2019ut\u00e9rus \u00e9tant dus au VPH. En fait, l\u2019\u00e9tude ComPARe (Canadian Population Attributable Risk [&hellip;]<\/p>\n","protected":false},"author":24,"featured_media":0,"parent":37057,"menu_order":5,"comment_status":"closed","ping_status":"closed","template":"content.php","meta":{"_acf_changed":false,"_monsterinsights_skip_tracking":false,"_monsterinsights_sitenote_active":false,"_monsterinsights_sitenote_note":"","_monsterinsights_sitenote_category":0,"ep_exclude_from_search":false,"footnotes":""},"categories":[],"tags":[],"site-tools":[],"ppma_author":[],"class_list":["post-46620","page","type-page","status-publish","hentry"],"acf":[],"yoast_head":"<!-- This site is optimized with the Yoast SEO plugin v27.3 - https:\/\/yoast.com\/product\/yoast-seo-wordpress\/ -->\n<title>Canadian Partnership Against Cancer<\/title>\n<meta name=\"robots\" content=\"index, follow, max-snippet:-1, max-image-preview:large, max-video-preview:-1\" \/>\n<link rel=\"canonical\" href=\"https:\/\/www.partnershipagainstcancer.ca\/fr\/cancer-strategy\/cervical__trashed\/quotes\/\" \/>\n<meta property=\"og:locale\" content=\"fr_FR\" \/>\n<meta property=\"og:type\" content=\"article\" \/>\n<meta property=\"og:title\" content=\"Messages de soutien de nos partenaires - Canadian Partnership Against Cancer\" \/>\n<meta property=\"og:description\" content=\"Voici quelques citations provenant de partenaires de tout le pays. Soci\u00e9t\u00e9 canadienne du cancer Nous savons que le cancer du col de l\u2019ut\u00e9rus est le cancer le plus susceptible d\u2019\u00eatre pr\u00e9venu au Canada, pratiquement tous les cas de cancer du col de l\u2019ut\u00e9rus \u00e9tant dus au VPH. En fait, l\u2019\u00e9tude ComPARe (Canadian Population Attributable Risk [&hellip;]\" \/>\n<meta property=\"og:url\" content=\"https:\/\/www.partnershipagainstcancer.ca\/fr\/cancer-strategy\/cervical__trashed\/quotes\/\" \/>\n<meta property=\"og:site_name\" content=\"Canadian Partnership Against Cancer\" \/>\n<meta property=\"article:publisher\" content=\"https:\/\/www.facebook.com\/CanadianPartnershipAgainstCancer\/\" \/>\n<meta name=\"twitter:card\" content=\"summary_large_image\" \/>\n<meta name=\"twitter:site\" content=\"@cancerstratca\" \/>\n<meta name=\"twitter:label1\" content=\"Dur\u00e9e de lecture estim\u00e9e\" \/>\n\t<meta name=\"twitter:data1\" content=\"5 minutes\" \/>\n<script type=\"application\/ld+json\" class=\"yoast-schema-graph\">{\"@context\":\"https:\\\/\\\/schema.org\",\"@graph\":[{\"@type\":\"WebPage\",\"@id\":\"https:\\\/\\\/www.partnershipagainstcancer.ca\\\/fr\\\/cancer-strategy\\\/cervical__trashed\\\/quotes\\\/\",\"url\":\"https:\\\/\\\/www.partnershipagainstcancer.ca\\\/fr\\\/cancer-strategy\\\/cervical__trashed\\\/quotes\\\/\",\"name\":\"Messages de soutien de nos partenaires - Canadian Partnership Against Cancer\",\"isPartOf\":{\"@id\":\"https:\\\/\\\/dev.partnershipagainstcancer.ca\\\/#website\"},\"datePublished\":\"2020-02-04T03:28:51+00:00\",\"breadcrumb\":{\"@id\":\"https:\\\/\\\/www.partnershipagainstcancer.ca\\\/fr\\\/cancer-strategy\\\/cervical__trashed\\\/quotes\\\/#breadcrumb\"},\"inLanguage\":\"fr-FR\",\"potentialAction\":[{\"@type\":\"ReadAction\",\"target\":[\"https:\\\/\\\/www.partnershipagainstcancer.ca\\\/fr\\\/cancer-strategy\\\/cervical__trashed\\\/quotes\\\/\"]}]},{\"@type\":\"BreadcrumbList\",\"@id\":\"https:\\\/\\\/www.partnershipagainstcancer.ca\\\/fr\\\/cancer-strategy\\\/cervical__trashed\\\/quotes\\\/#breadcrumb\",\"itemListElement\":[{\"@type\":\"ListItem\",\"position\":1,\"name\":\"Strat\u00e9gie sur le cancer\",\"item\":\"https:\\\/\\\/www.partnershipagainstcancer.ca\\\/fr\\\/cancer-strategy\\\/\"},{\"@type\":\"ListItem\",\"position\":2,\"name\":\"Messages de soutien de nos partenaires\"}]},{\"@type\":\"WebSite\",\"@id\":\"https:\\\/\\\/dev.partnershipagainstcancer.ca\\\/#website\",\"url\":\"https:\\\/\\\/dev.partnershipagainstcancer.ca\\\/\",\"name\":\"Canadian Partnership Against Cancer\",\"description\":\"\",\"potentialAction\":[{\"@type\":\"SearchAction\",\"target\":{\"@type\":\"EntryPoint\",\"urlTemplate\":\"https:\\\/\\\/dev.partnershipagainstcancer.ca\\\/?s={search_term_string}\"},\"query-input\":{\"@type\":\"PropertyValueSpecification\",\"valueRequired\":true,\"valueName\":\"search_term_string\"}}],\"inLanguage\":\"fr-FR\"}]}<\/script>\n<!-- \/ Yoast SEO plugin. -->","yoast_head_json":{"title":"Canadian Partnership Against Cancer","robots":{"index":"index","follow":"follow","max-snippet":"max-snippet:-1","max-image-preview":"max-image-preview:large","max-video-preview":"max-video-preview:-1"},"canonical":"https:\/\/www.partnershipagainstcancer.ca\/fr\/cancer-strategy\/cervical__trashed\/quotes\/","og_locale":"fr_FR","og_type":"article","og_title":"Messages de soutien de nos partenaires - Canadian Partnership Against Cancer","og_description":"Voici quelques citations provenant de partenaires de tout le pays. Soci\u00e9t\u00e9 canadienne du cancer Nous savons que le cancer du col de l\u2019ut\u00e9rus est le cancer le plus susceptible d\u2019\u00eatre pr\u00e9venu au Canada, pratiquement tous les cas de cancer du col de l\u2019ut\u00e9rus \u00e9tant dus au VPH. En fait, l\u2019\u00e9tude ComPARe (Canadian Population Attributable Risk [&hellip;]","og_url":"https:\/\/www.partnershipagainstcancer.ca\/fr\/cancer-strategy\/cervical__trashed\/quotes\/","og_site_name":"Canadian Partnership Against Cancer","article_publisher":"https:\/\/www.facebook.com\/CanadianPartnershipAgainstCancer\/","twitter_card":"summary_large_image","twitter_site":"@cancerstratca","twitter_misc":{"Dur\u00e9e de lecture estim\u00e9e":"5 minutes"},"schema":{"@context":"https:\/\/schema.org","@graph":[{"@type":"WebPage","@id":"https:\/\/www.partnershipagainstcancer.ca\/fr\/cancer-strategy\/cervical__trashed\/quotes\/","url":"https:\/\/www.partnershipagainstcancer.ca\/fr\/cancer-strategy\/cervical__trashed\/quotes\/","name":"Messages de soutien de nos partenaires - Canadian Partnership Against Cancer","isPartOf":{"@id":"https:\/\/dev.partnershipagainstcancer.ca\/#website"},"datePublished":"2020-02-04T03:28:51+00:00","breadcrumb":{"@id":"https:\/\/www.partnershipagainstcancer.ca\/fr\/cancer-strategy\/cervical__trashed\/quotes\/#breadcrumb"},"inLanguage":"fr-FR","potentialAction":[{"@type":"ReadAction","target":["https:\/\/www.partnershipagainstcancer.ca\/fr\/cancer-strategy\/cervical__trashed\/quotes\/"]}]},{"@type":"BreadcrumbList","@id":"https:\/\/www.partnershipagainstcancer.ca\/fr\/cancer-strategy\/cervical__trashed\/quotes\/#breadcrumb","itemListElement":[{"@type":"ListItem","position":1,"name":"Strat\u00e9gie sur le cancer","item":"https:\/\/www.partnershipagainstcancer.ca\/fr\/cancer-strategy\/"},{"@type":"ListItem","position":2,"name":"Messages de soutien de nos partenaires"}]},{"@type":"WebSite","@id":"https:\/\/dev.partnershipagainstcancer.ca\/#website","url":"https:\/\/dev.partnershipagainstcancer.ca\/","name":"Canadian Partnership Against Cancer","description":"","potentialAction":[{"@type":"SearchAction","target":{"@type":"EntryPoint","urlTemplate":"https:\/\/dev.partnershipagainstcancer.ca\/?s={search_term_string}"},"query-input":{"@type":"PropertyValueSpecification","valueRequired":true,"valueName":"search_term_string"}}],"inLanguage":"fr-FR"}]}},"_links":{"self":[{"href":"https:\/\/www.partnershipagainstcancer.ca\/fr\/wp-json\/wp\/v2\/pages\/46620","targetHints":{"allow":["GET"]}}],"collection":[{"href":"https:\/\/www.partnershipagainstcancer.ca\/fr\/wp-json\/wp\/v2\/pages"}],"about":[{"href":"https:\/\/www.partnershipagainstcancer.ca\/fr\/wp-json\/wp\/v2\/types\/page"}],"author":[{"embeddable":true,"href":"https:\/\/www.partnershipagainstcancer.ca\/fr\/wp-json\/wp\/v2\/users\/24"}],"replies":[{"embeddable":true,"href":"https:\/\/www.partnershipagainstcancer.ca\/fr\/wp-json\/wp\/v2\/comments?post=46620"}],"version-history":[{"count":2,"href":"https:\/\/www.partnershipagainstcancer.ca\/fr\/wp-json\/wp\/v2\/pages\/46620\/revisions"}],"predecessor-version":[{"id":46623,"href":"https:\/\/www.partnershipagainstcancer.ca\/fr\/wp-json\/wp\/v2\/pages\/46620\/revisions\/46623"}],"up":[{"embeddable":true,"href":"https:\/\/www.partnershipagainstcancer.ca\/fr\/wp-json\/wp\/v2\/pages\/37057"}],"wp:attachment":[{"href":"https:\/\/www.partnershipagainstcancer.ca\/fr\/wp-json\/wp\/v2\/media?parent=46620"}],"wp:term":[{"taxonomy":"category","embeddable":true,"href":"https:\/\/www.partnershipagainstcancer.ca\/fr\/wp-json\/wp\/v2\/categories?post=46620"},{"taxonomy":"post_tag","embeddable":true,"href":"https:\/\/www.partnershipagainstcancer.ca\/fr\/wp-json\/wp\/v2\/tags?post=46620"},{"taxonomy":"site-tools","embeddable":true,"href":"https:\/\/www.partnershipagainstcancer.ca\/fr\/wp-json\/wp\/v2\/site-tools?post=46620"},{"taxonomy":"author","embeddable":true,"href":"https:\/\/www.partnershipagainstcancer.ca\/fr\/wp-json\/wp\/v2\/ppma_author?post=46620"}],"curies":[{"name":"wp","href":"https:\/\/api.w.org\/{rel}","templated":true}]}}