{"id":45934,"date":"2019-11-08T14:43:15","date_gmt":"2019-11-08T19:43:15","guid":{"rendered":"https:\/\/www.partnershipagainstcancer.ca\/?page_id=45934"},"modified":"2026-01-22T09:47:45","modified_gmt":"2026-01-22T14:47:45","slug":"releases","status":"publish","type":"page","link":"https:\/\/www.partnershipagainstcancer.ca\/fr\/about-us\/media-centre\/releases\/","title":{"rendered":"Communiqu\u00e9s de presse"},"content":{"rendered":"<h2>2026<\/h2>\n<ul>\n<li><a href=\"https:\/\/www.partnershipagainstcancer.ca\/fr\/news-events\/news\/article\/focus-on-hpv-screening-and-vaccination\/\">Le Canada peut \u00e9liminer le cancer du col de l\u2019ut\u00e9rus d\u2019ici 2040 en misant sur le d\u00e9pistage des VPH et la vaccination<\/a><br \/>\n22 janvier 2026<\/li>\n<\/ul>\n<h2>2025<\/h2>\n<ul>\n<li><a href=\"https:\/\/www.partnershipagainstcancer.ca\/fr\/news-events\/news\/article\/ccra-recognizing-contributions-research\/\" rel=\"noopener\">Reconnaissance et c\u00e9l\u00e9bration des contributions exceptionnelles au milieu canadien de la recherche sur le cancer<\/a><br \/>\n20 octobre 2025<\/li>\n<\/ul>\n<h2>2024<\/h2>\n<ul>\n<li><a href=\"https:\/\/www.newswire.ca\/news-releases\/cervical-and-lung-cancer-screening-programs-expanding-and-innovating-across-canada-canadian-partnership-against-cancer-s-new-reports-show-871481488.html\" target=\"_blank\" rel=\"noopener\">Cervical and lung cancer screening programs expanding and innovating across Canada, Canadian Partnership Against Cancer&rsquo;s new reports show<\/a> (en anglais seulement)<br \/>\n16 octobre 2024<\/li>\n<li><a href=\"https:\/\/www.newswire.ca\/fr\/news-releases\/un-programme-du-partenariat-et-d-esc-qui-appuie-les-soins-palliatifs-prodigues-a-domicile-par-du-personnel-ambulancier-paramedical-permet-de-reduire-les-depenses-la-duree-d-intervention-et-les-visites-aux-urgences-874989639.html\" target=\"_blank\" rel=\"noopener\">Un programme du Partenariat et d&rsquo;ESC qui appuie les soins palliatifs prodigu\u00e9s \u00e0 domicile par du personnel ambulancier param\u00e9dical permet de r\u00e9duire les d\u00e9penses, la dur\u00e9e d&rsquo;intervention et les visites aux urgences<\/a><br \/>\n10 septembre 2024<\/li>\n<li><a href=\"https:\/\/www.newswire.ca\/fr\/news-releases\/une-initiative-financee-par-le-partenariat-permet-d-offrir-un-meilleur-acces-aux-programmes-d-abandon-du-tabagisme-aux-personnes-atteintes-d-un-cancer-867557719.html\" target=\"_blank\" rel=\"noopener\">Une initiative financ\u00e9e par le Partenariat permet d&rsquo;offrir un meilleur acc\u00e8s aux programmes d&rsquo;abandon du tabagisme aux personnes atteintes d&rsquo;un cancer<\/a><br \/>\n26 janvier 2024<\/li>\n<\/ul>\n<h2>2023<\/h2>\n<ul>\n<li><a href=\"https:\/\/www.newswire.ca\/fr\/news-releases\/le-partenariat-canadien-contre-le-cancer-organise-un-sommet-national-afin-de-stimuler-l-action-en-faveur-de-l-elimination-du-cancer-du-col-de-l-uterus-885413853.html\" target=\"_blank\" rel=\"noopener\">Le Partenariat canadien contre le cancer organise un sommet national afin de stimuler l&rsquo;action en faveur de l&rsquo;\u00e9limination du cancer du col de l&rsquo;ut\u00e9rus<\/a><br \/>\n14 novembre 2023<\/li>\n<li><a href=\"https:\/\/www.partnershipagainstcancer.ca\/fr\/news-events\/news\/article\/canadas-first-cancer-data-strategy-aims-to-transform-cancer-care-by-closing-critical-data-gaps\/\">La premi\u00e8re strat\u00e9gie de donn\u00e9es sur le cancer du Canada vise \u00e0 transformer les soins en comblant des lacunes importantes dans les donn\u00e9es<\/a><br \/>\n18 juillet 2023<\/li>\n<\/ul>\n<h2>2022<\/h2>\n<ul>\n<li><a href=\"https:\/\/www.newswire.ca\/fr\/news-releases\/un-nouveau-rapport-demande-que-l-on-se-concentre-de-toute-urgence-sur-les-soins-lies-au-cancer-a-la-suite-des-perturbations-causees-par-la-pandemie-de-covid-19-809047966.html\" target=\"_blank\" rel=\"noopener\">Un nouveau rapport demande que l\u2019on se concentre de toute urgence sur les soins li\u00e9s au cancer \u00e0 la suite des perturbations caus\u00e9es par la pand\u00e9mie de COVID-19<\/a><br \/>\n15 juin 2022<\/li>\n<\/ul>\n<h2>2021<\/h2>\n<ul>\n<li><a href=\"https:\/\/www.partnershipagainstcancer.ca\/fr\/news-events\/news\/article\/statement-support-quebec-lung-screening\/\">D\u00e9claration de Cynthia Morton, PDG du Partenariat canadien contre le cancer, en soutien de l\u2019annonce par le gouvernement qu\u00e9b\u00e9cois d\u2019un projet de d\u00e9monstration du d\u00e9pistage du cancer du poumon pour la province \u00e0 l\u2019occasion de la Journ\u00e9e mondiale sans tabac<\/a><br \/>\n31 mai 2021<\/li>\n<\/ul>\n<h2>2020<\/h2>\n<ul>\n<li><a href=\"https:\/\/www.newswire.ca\/fr\/news-releases\/le-partenariat-s-engage-a-investir-24-5-millions-de-dollars-pour-appuyer-l-innovation-dans-les-services-canadiens-lies-au-cancer-853936232.html\" target=\"_blank\" rel=\"noopener noreferrer\">Le Partenariat s&rsquo;engage \u00e0 investir 24,5 millions de dollars pour appuyer l&rsquo;innovation dans les services canadiens li\u00e9s au cancer<\/a><br \/>\n25 novembre 2020<\/li>\n<li><a href=\"https:\/\/www.partnershipagainstcancer.ca\/fr\/news-events\/news\/article\/who-cervical-cancer\/\">D\u00e9claration de Cynthia Morton, PDG du Partenariat canadien contre le cancer, en soutien du lancement officiel de la strat\u00e9gie d\u2019\u00e9limination du cancer du col de l\u2019ut\u00e9rus de l\u2019Organisation mondiale de la Sant\u00e9<\/a><br \/>\n17 novembre 2020<\/li>\n<li><a href=\"https:\/\/www.newswire.ca\/fr\/news-releases\/le-canada-agit-afin-de-repondre-a-l-appel-de-l-oms-pour-eliminer-le-cancer-du-col-de-l-uterus-858312978.html\" target=\"_blank\" rel=\"noopener noreferrer\">Le Canada agit afin de r\u00e9pondre \u00e0 l&rsquo;appel de l&rsquo;OMS pour \u00e9liminer le cancer du col de l&rsquo;ut\u00e9rus<\/a><br \/>\n4 f\u00e9vrier 2020<\/li>\n<\/ul>\n<h2>2019<\/h2>\n<ul>\n<li><a href=\"https:\/\/www.newswire.ca\/fr\/news-releases\/un-organisme-dedie-au-cancer-elargit-l-etendue-de-l-expertise-en-sante-de-son-conseil-d-administration-893678698.html\" target=\"_blank\" rel=\"noopener noreferrer\">Un organisme d\u00e9di\u00e9 au cancer \u00e9largit l&rsquo;\u00e9tendue de l&rsquo;expertise en sant\u00e9 de son conseil d&rsquo;administration<\/a><br \/>\n30 octobre 2019<\/li>\n<li><a href=\"https:\/\/www.newswire.ca\/fr\/news-releases\/le-canada-leader-des-pays-developpes-pour-la-survie-aux-cancers-du-poumon-et-du-colon-801580486.html\" target=\"_blank\" rel=\"noopener noreferrer\">Le Canada, leader des pays d\u00e9velopp\u00e9s pour la survie aux cancers du poumon et du c\u00f4lon<\/a><br \/>\n12 septembre 2019<\/li>\n<li><a href=\"https:\/\/www.newswire.ca\/fr\/news-releases\/publication-de-la-version-modernisee-de-la-strategie-canadienne-de-lutte-contre-le-cancer-896477647.html\" target=\"_blank\" rel=\"noopener noreferrer\">Publication de la version modernis\u00e9e de la Strat\u00e9gie canadienne de lutte contre le cancer<\/a><br \/>\n4 juin 2019<\/li>\n<li><a href=\"https:\/\/www.newswire.ca\/fr\/news-releases\/plus-de-5000-ambulanciers-dans-six-provinces-pourront-offrir-des-soins-palliatifs-a-domicile-850131621.html\" target=\"_blank\" rel=\"noopener noreferrer\">Plus de 5000 ambulanciers dans six provinces pourront offrir des soins palliatifs \u00e0 domicile<\/a><br \/>\n29 janvier 2019<\/li>\n<\/ul>\n<h2>2018<\/h2>\n<ul>\n<li><a href=\"https:\/\/www.newswire.ca\/fr\/news-releases\/prenez-30minutesquicomptent-pour-faconner-lavenir-des-soins-lies-au-cancer-697572241.html\" target=\"_blank\" rel=\"noopener noreferrer\">Prenez #30MinutesQuiComptent pour fa\u00e7onner l&rsquo;avenir des soins li\u00e9s au cancer<\/a><br \/>\n15 octobre 2018<\/li>\n<li><a href=\"https:\/\/www.newswire.ca\/fr\/news-releases\/les-medecins-de-famille-maintenant-plus-nombreux-a-pouvoir-offrir-a-leurs-patients-des-soins-preventifs-hors-pair-687310331.html\" target=\"_blank\" rel=\"noopener noreferrer\">Les m\u00e9decins de famille maintenant plus nombreux \u00e0 pouvoir offrir \u00e0 leurs patients des soins pr\u00e9ventifs hors pair<\/a><br \/>\n4 juillet 2018<\/li>\n<li><a href=\"https:\/\/www.partnershipagainstcancer.ca\/fr\/news-events\/news\/article\/pivotal-funding-improve-cancer-care-indigenous-peoples\/\">Un financement crucial pour am\u00e9liorer les soins contre le cancer chez les peuples autochtones<\/a><br \/>\n21 juin 2018<\/li>\n<li><a href=\"https:\/\/www.newswire.ca\/fr\/news-releases\/la-plus-vaste-plateforme-de-recherche-sur-la-sante-au-canada-sassocie-a-luniversite-de-toronto-pour-accelerer-la-recherche-sur-le-cancer-et-les-maladies-chroniques-678270483.html\" target=\"_blank\" rel=\"noopener noreferrer\">La plus vaste plateforme de recherche sur la sant\u00e9 au Canada s&rsquo;associe \u00e0 l&rsquo;Universit\u00e9 de Toronto pour acc\u00e9l\u00e9rer la recherche sur le cancer et les maladies chroniques<\/a><br \/>\n29 mars 2018<\/li>\n<li><a href=\"https:\/\/www.partnershipagainstcancer.ca\/fr\/news-events\/news\/article\/groundbreaking-report-canadian-cancer-care-patient-perspective\/\">Un rapport sans pr\u00e9c\u00e9dent explore les soins li\u00e9s au cancer au Canada du point de vue du patient exclusivement<\/a><br \/>\n29 janvier 2018<\/li>\n<\/ul>\n","protected":false},"excerpt":{"rendered":"<p>2026 Le Canada peut \u00e9liminer le cancer du col de l\u2019ut\u00e9rus d\u2019ici 2040 en misant sur le d\u00e9pistage des VPH et la vaccination 22 janvier 2026 2025 Reconnaissance et c\u00e9l\u00e9bration des contributions exceptionnelles au milieu canadien de la recherche sur le cancer 20 octobre 2025 2024 Cervical and lung cancer screening programs expanding and innovating [&hellip;]<\/p>\n","protected":false},"author":24,"featured_media":0,"parent":34533,"menu_order":16,"comment_status":"closed","ping_status":"closed","template":"content.php","meta":{"_acf_changed":false,"_monsterinsights_skip_tracking":false,"_monsterinsights_sitenote_active":false,"_monsterinsights_sitenote_note":"","_monsterinsights_sitenote_category":0,"ep_exclude_from_search":false,"footnotes":""},"categories":[],"tags":[],"site-tools":[],"ppma_author":[1964],"class_list":["post-45934","page","type-page","status-publish","hentry"],"acf":[],"yoast_head":"<!-- This site is optimized with the Yoast SEO plugin v27.3 - https:\/\/yoast.com\/product\/yoast-seo-wordpress\/ -->\n<title>Canadian Partnership Against Cancer<\/title>\n<meta name=\"robots\" content=\"index, follow, max-snippet:-1, max-image-preview:large, max-video-preview:-1\" \/>\n<link rel=\"canonical\" href=\"https:\/\/www.partnershipagainstcancer.ca\/fr\/about-us\/media-centre\/releases\/\" \/>\n<meta property=\"og:locale\" content=\"fr_FR\" \/>\n<meta property=\"og:type\" content=\"article\" \/>\n<meta property=\"og:title\" content=\"Communiqu\u00e9s de presse - Canadian Partnership Against Cancer\" \/>\n<meta property=\"og:description\" content=\"2026 Le Canada peut \u00e9liminer le cancer du col de l\u2019ut\u00e9rus d\u2019ici 2040 en misant sur le d\u00e9pistage des VPH et la vaccination 22 janvier 2026 2025 Reconnaissance et c\u00e9l\u00e9bration des contributions exceptionnelles au milieu canadien de la recherche sur le cancer 20 octobre 2025 2024 Cervical and lung cancer screening programs expanding and innovating [&hellip;]\" \/>\n<meta property=\"og:url\" content=\"https:\/\/www.partnershipagainstcancer.ca\/fr\/about-us\/media-centre\/releases\/\" \/>\n<meta property=\"og:site_name\" content=\"Canadian Partnership Against Cancer\" \/>\n<meta property=\"article:publisher\" content=\"https:\/\/www.facebook.com\/CanadianPartnershipAgainstCancer\/\" \/>\n<meta property=\"article:modified_time\" content=\"2026-01-22T14:47:45+00:00\" \/>\n<meta name=\"twitter:card\" content=\"summary_large_image\" \/>\n<meta name=\"twitter:site\" content=\"@cancerstratca\" \/>\n<meta name=\"twitter:label1\" content=\"Dur\u00e9e de lecture estim\u00e9e\" \/>\n\t<meta name=\"twitter:data1\" content=\"3 minutes\" \/>\n<script type=\"application\/ld+json\" class=\"yoast-schema-graph\">{\"@context\":\"https:\\\/\\\/schema.org\",\"@graph\":[{\"@type\":\"WebPage\",\"@id\":\"https:\\\/\\\/www.partnershipagainstcancer.ca\\\/fr\\\/about-us\\\/media-centre\\\/releases\\\/\",\"url\":\"https:\\\/\\\/www.partnershipagainstcancer.ca\\\/fr\\\/about-us\\\/media-centre\\\/releases\\\/\",\"name\":\"Communiqu\u00e9s de presse - Canadian Partnership Against Cancer\",\"isPartOf\":{\"@id\":\"https:\\\/\\\/dev.partnershipagainstcancer.ca\\\/#website\"},\"datePublished\":\"2019-11-08T19:43:15+00:00\",\"dateModified\":\"2026-01-22T14:47:45+00:00\",\"breadcrumb\":{\"@id\":\"https:\\\/\\\/www.partnershipagainstcancer.ca\\\/fr\\\/about-us\\\/media-centre\\\/releases\\\/#breadcrumb\"},\"inLanguage\":\"fr-FR\",\"potentialAction\":[{\"@type\":\"ReadAction\",\"target\":[\"https:\\\/\\\/www.partnershipagainstcancer.ca\\\/fr\\\/about-us\\\/media-centre\\\/releases\\\/\"]}]},{\"@type\":\"BreadcrumbList\",\"@id\":\"https:\\\/\\\/www.partnershipagainstcancer.ca\\\/fr\\\/about-us\\\/media-centre\\\/releases\\\/#breadcrumb\",\"itemListElement\":[{\"@type\":\"ListItem\",\"position\":1,\"name\":\"\u00c0 propos de nous\",\"item\":\"https:\\\/\\\/www.partnershipagainstcancer.ca\\\/fr\\\/about-us\\\/\"},{\"@type\":\"ListItem\",\"position\":2,\"name\":\"Centre des m\u00e9dias\",\"item\":\"https:\\\/\\\/www.partnershipagainstcancer.ca\\\/fr\\\/about-us\\\/media-centre\\\/\"},{\"@type\":\"ListItem\",\"position\":3,\"name\":\"Communiqu\u00e9s de presse\"}]},{\"@type\":\"WebSite\",\"@id\":\"https:\\\/\\\/dev.partnershipagainstcancer.ca\\\/#website\",\"url\":\"https:\\\/\\\/dev.partnershipagainstcancer.ca\\\/\",\"name\":\"Canadian Partnership Against Cancer\",\"description\":\"\",\"potentialAction\":[{\"@type\":\"SearchAction\",\"target\":{\"@type\":\"EntryPoint\",\"urlTemplate\":\"https:\\\/\\\/dev.partnershipagainstcancer.ca\\\/?s={search_term_string}\"},\"query-input\":{\"@type\":\"PropertyValueSpecification\",\"valueRequired\":true,\"valueName\":\"search_term_string\"}}],\"inLanguage\":\"fr-FR\"}]}<\/script>\n<!-- \/ Yoast SEO plugin. -->","yoast_head_json":{"title":"Canadian Partnership Against Cancer","robots":{"index":"index","follow":"follow","max-snippet":"max-snippet:-1","max-image-preview":"max-image-preview:large","max-video-preview":"max-video-preview:-1"},"canonical":"https:\/\/www.partnershipagainstcancer.ca\/fr\/about-us\/media-centre\/releases\/","og_locale":"fr_FR","og_type":"article","og_title":"Communiqu\u00e9s de presse - Canadian Partnership Against Cancer","og_description":"2026 Le Canada peut \u00e9liminer le cancer du col de l\u2019ut\u00e9rus d\u2019ici 2040 en misant sur le d\u00e9pistage des VPH et la vaccination 22 janvier 2026 2025 Reconnaissance et c\u00e9l\u00e9bration des contributions exceptionnelles au milieu canadien de la recherche sur le cancer 20 octobre 2025 2024 Cervical and lung cancer screening programs expanding and innovating [&hellip;]","og_url":"https:\/\/www.partnershipagainstcancer.ca\/fr\/about-us\/media-centre\/releases\/","og_site_name":"Canadian Partnership Against Cancer","article_publisher":"https:\/\/www.facebook.com\/CanadianPartnershipAgainstCancer\/","article_modified_time":"2026-01-22T14:47:45+00:00","twitter_card":"summary_large_image","twitter_site":"@cancerstratca","twitter_misc":{"Dur\u00e9e de lecture estim\u00e9e":"3 minutes"},"schema":{"@context":"https:\/\/schema.org","@graph":[{"@type":"WebPage","@id":"https:\/\/www.partnershipagainstcancer.ca\/fr\/about-us\/media-centre\/releases\/","url":"https:\/\/www.partnershipagainstcancer.ca\/fr\/about-us\/media-centre\/releases\/","name":"Communiqu\u00e9s de presse - Canadian Partnership Against Cancer","isPartOf":{"@id":"https:\/\/dev.partnershipagainstcancer.ca\/#website"},"datePublished":"2019-11-08T19:43:15+00:00","dateModified":"2026-01-22T14:47:45+00:00","breadcrumb":{"@id":"https:\/\/www.partnershipagainstcancer.ca\/fr\/about-us\/media-centre\/releases\/#breadcrumb"},"inLanguage":"fr-FR","potentialAction":[{"@type":"ReadAction","target":["https:\/\/www.partnershipagainstcancer.ca\/fr\/about-us\/media-centre\/releases\/"]}]},{"@type":"BreadcrumbList","@id":"https:\/\/www.partnershipagainstcancer.ca\/fr\/about-us\/media-centre\/releases\/#breadcrumb","itemListElement":[{"@type":"ListItem","position":1,"name":"\u00c0 propos de nous","item":"https:\/\/www.partnershipagainstcancer.ca\/fr\/about-us\/"},{"@type":"ListItem","position":2,"name":"Centre des m\u00e9dias","item":"https:\/\/www.partnershipagainstcancer.ca\/fr\/about-us\/media-centre\/"},{"@type":"ListItem","position":3,"name":"Communiqu\u00e9s de presse"}]},{"@type":"WebSite","@id":"https:\/\/dev.partnershipagainstcancer.ca\/#website","url":"https:\/\/dev.partnershipagainstcancer.ca\/","name":"Canadian Partnership Against Cancer","description":"","potentialAction":[{"@type":"SearchAction","target":{"@type":"EntryPoint","urlTemplate":"https:\/\/dev.partnershipagainstcancer.ca\/?s={search_term_string}"},"query-input":{"@type":"PropertyValueSpecification","valueRequired":true,"valueName":"search_term_string"}}],"inLanguage":"fr-FR"}]}},"_links":{"self":[{"href":"https:\/\/www.partnershipagainstcancer.ca\/fr\/wp-json\/wp\/v2\/pages\/45934","targetHints":{"allow":["GET"]}}],"collection":[{"href":"https:\/\/www.partnershipagainstcancer.ca\/fr\/wp-json\/wp\/v2\/pages"}],"about":[{"href":"https:\/\/www.partnershipagainstcancer.ca\/fr\/wp-json\/wp\/v2\/types\/page"}],"author":[{"embeddable":true,"href":"https:\/\/www.partnershipagainstcancer.ca\/fr\/wp-json\/wp\/v2\/users\/24"}],"replies":[{"embeddable":true,"href":"https:\/\/www.partnershipagainstcancer.ca\/fr\/wp-json\/wp\/v2\/comments?post=45934"}],"version-history":[{"count":3,"href":"https:\/\/www.partnershipagainstcancer.ca\/fr\/wp-json\/wp\/v2\/pages\/45934\/revisions"}],"predecessor-version":[{"id":73421,"href":"https:\/\/www.partnershipagainstcancer.ca\/fr\/wp-json\/wp\/v2\/pages\/45934\/revisions\/73421"}],"up":[{"embeddable":true,"href":"https:\/\/www.partnershipagainstcancer.ca\/fr\/wp-json\/wp\/v2\/pages\/34533"}],"wp:attachment":[{"href":"https:\/\/www.partnershipagainstcancer.ca\/fr\/wp-json\/wp\/v2\/media?parent=45934"}],"wp:term":[{"taxonomy":"category","embeddable":true,"href":"https:\/\/www.partnershipagainstcancer.ca\/fr\/wp-json\/wp\/v2\/categories?post=45934"},{"taxonomy":"post_tag","embeddable":true,"href":"https:\/\/www.partnershipagainstcancer.ca\/fr\/wp-json\/wp\/v2\/tags?post=45934"},{"taxonomy":"site-tools","embeddable":true,"href":"https:\/\/www.partnershipagainstcancer.ca\/fr\/wp-json\/wp\/v2\/site-tools?post=45934"},{"taxonomy":"author","embeddable":true,"href":"https:\/\/www.partnershipagainstcancer.ca\/fr\/wp-json\/wp\/v2\/ppma_author?post=45934"}],"curies":[{"name":"wp","href":"https:\/\/api.w.org\/{rel}","templated":true}]}}