{"id":45743,"date":"2019-10-29T19:31:54","date_gmt":"2019-10-30T00:31:54","guid":{"rendered":"https:\/\/www.partnershipagainstcancer.ca\/?page_id=45743"},"modified":"2022-11-16T16:00:20","modified_gmt":"2022-11-16T21:00:20","slug":"fact-sheets","status":"publish","type":"page","link":"https:\/\/www.partnershipagainstcancer.ca\/fr\/tools\/oncosim\/fact-sheets\/","title":{"rendered":"Fiches d\u2019information sur OncoSim"},"content":{"rendered":"<h2><strong>OncoSim-Aper\u00e7u<\/strong><\/h2>\n<p>OncoSim effectue, \u00e0 partir d\u2019\u00e9chantillons de grande taille repr\u00e9sentatifs de la population canadienne, des simulations d\u2019une personne \u00e0 la fois, de la naissance au d\u00e9c\u00e8s. Le mod\u00e8le compile les r\u00e9sultats projet\u00e9s aux niveaux provincial ou territorial et national.<\/p>\n<p>OncoSim compte cinq modules\u00a0:<\/p>\n<ul>\n<li>un module qui offre des projections de haut niveau pour 25\u00a0cancers (OncoSim-Tous les cancers);<\/li>\n<li>quatre modules qui effectuent des simulations d\u00e9taill\u00e9es de quatre si\u00e8ges de cancer (<a href=\"https:\/\/www.partnershipagainstcancer.ca\/fr\/tools\/oncosim\/fact-sheets\/#oncosimsein\">sein<\/a>, <a href=\"https:\/\/www.partnershipagainstcancer.ca\/fr\/tools\/oncosim\/fact-sheets\/#oncosimcol\">col de l\u2019ut\u00e9rus<\/a>, <a href=\"https:\/\/www.partnershipagainstcancer.ca\/fr\/tools\/oncosim\/fact-sheets\/#oncosimcrc\">colorectal<\/a> et <a href=\"https:\/\/www.partnershipagainstcancer.ca\/fr\/tools\/oncosim\/fact-sheets\/#oncosimpoumon\">poumon<\/a>) ainsi que des programmes de d\u00e9pistage associ\u00e9s.<\/li>\n<\/ul>\n<p>&nbsp;<\/p>\n<hr \/>\n<h2><strong>OncoSim-Tous les cancers<\/strong><\/h2>\n<p>Le mod\u00e8le OncoSim-Tous les cancers \u00e9tablit des projections sur l\u2019incidence, les d\u00e9c\u00e8s et les co\u00fbts de soins de sant\u00e9 associ\u00e9s \u00e0 25 cancers au Canada, et les attribue \u00e0 divers facteurs de risque.<\/p>\n<p>Les projections quant \u00e0 l\u2019<a href=\"https:\/\/app.powerbi.com\/view?r=eyJrIjoiYWNmZWNlYTMtMjVjZS00ZGNjLTk4NGUtMDE1YTEwMzg4MzJjIiwidCI6ImQxODkwM2ZiLTk2OTMtNDMyZC1iMDA0LTI3M2I3MDE1NDQ5MCJ9\" target=\"_blank\" rel=\"noopener\">incidence<\/a> et les <a href=\"https:\/\/app.powerbi.com\/view?r=eyJrIjoiOWQ5MjY2NjEtZmVjMC00MTY5LThkZDUtNGY1MWYxNmZmZmMzIiwidCI6ImQxODkwM2ZiLTk2OTMtNDMyZC1iMDA0LTI3M2I3MDE1NDQ5MCJ9\" target=\"_blank\" rel=\"noopener\">d\u00e9c\u00e8s<\/a> associ\u00e9s au cancer sont pr\u00e9sent\u00e9es dans une application interactive (en anglais seulement).<\/p>\n<p>Voici des <a href=\"https:\/\/www.partnershipagainstcancer.ca\/fr\/tools\/oncosim\/ressources\/#allcancers\">exemples de travaux qui ont eu recours au mod\u00e8le\u00a0OncoSim-Tous les cancers<\/a>.<br \/>\n<div class=\"documents col-md-12\"><div>\n                                <i class=\"fas fa-file-pdf document-icon\"><\/i>\n                                <div class=\"document-details\">\n                                    <a href=\"https:\/\/www.partnershipagainstcancer.ca\/wp-content\/uploads\/2022\/10\/OncoSim-All-Cancers-fact-sheet-v2-FR.pdf\" target=\"_blank\">OncoSim-Tous les cancers<\/a><p class=\"file-information\">Taille du fichier 94 KB<\/p>         <\/div>\n                            <\/div><\/div><\/p>\n<hr \/>\n<p><a name=\"oncosimsein\"><\/a><\/p>\n<h2><strong><img loading=\"lazy\" decoding=\"async\" class=\"alignleft wp-image-51111\" src=\"https:\/\/www.partnershipagainstcancer.ca\/wp-content\/uploads\/2021\/08\/breast-icon-500-700.png\" alt=\"icone sein\" width=\"120\" height=\"168\" srcset=\"https:\/\/www.partnershipagainstcancer.ca\/wp-content\/uploads\/2021\/08\/breast-icon-500-700.png 500w, https:\/\/www.partnershipagainstcancer.ca\/wp-content\/uploads\/2021\/08\/breast-icon-500-700-214x300.png 214w\" sizes=\"auto, (max-width: 120px) 100vw, 120px\" \/>OncoSim-Sein<\/strong><\/h2>\n<p>OncoSim-Sein est un mod\u00e8le de simulation math\u00e9matique du cancer du sein qui mod\u00e9lise l\u2019histoire naturelle et la progression de ce cancer. Il int\u00e8gre des sch\u00e9mas de progression de la maladie et des parcours de soins cliniques bas\u00e9s sur les connaissances actuelles et sur la pratique fond\u00e9e sur des donn\u00e9es probantes en mati\u00e8re de cancer du sein au Canada.<\/p>\n<p>Avec OncoSim-Sein, les utilisateurs peuvent estimer le fardeau \u00e9conomique du cancer du sein et les r\u00e9percussions d\u2019interventions sur les r\u00e9sultats li\u00e9s \u00e0 ce type de cancer. Par exemple, les utilisateurs peuvent\u00a0:<\/p>\n<ul>\n<li>comparer les strat\u00e9gies de d\u00e9pistage du cancer du sein;<\/li>\n<li>faire varier l\u2019\u00e2ge et les intervalles de d\u00e9pistage, ainsi que les protocoles de suivi;<\/li>\n<li>\u00e9valuer les initiatives d\u2019am\u00e9lioration de la qualit\u00e9 li\u00e9es au d\u00e9pistage du cancer du sein.<\/li>\n<\/ul>\n<p>Acc\u00e9dez aux <a href=\"https:\/\/www.partnershipagainstcancer.ca\/fr\/tools\/oncosim\/ressources\/#breast\">ressources ayant utilis\u00e9 OncoSim pour les analyses du cancer du sein<\/a>.<\/p>\n<p><div class=\"documents col-md-12\"><div>\n                                <i class=\"fas fa-file-pdf document-icon\"><\/i>\n                                <div class=\"document-details\">\n                                    <a href=\"https:\/\/www.partnershipagainstcancer.ca\/wp-content\/uploads\/2019\/10\/OncoSim-Breast-FR.pdf\" target=\"_blank\">OncoSim-Sein<\/a><p class=\"file-information\">Taille du fichier 6 MB<\/p>         <\/div>\n                            <\/div><\/div><br \/>\n<a name=\"oncosimcol\"><\/a><\/p>\n<p>&nbsp;<\/p>\n<hr \/>\n<h2><strong><img loading=\"lazy\" decoding=\"async\" class=\"alignleft wp-image-51113\" src=\"https:\/\/www.partnershipagainstcancer.ca\/wp-content\/uploads\/2021\/08\/cervical-icon-500-700.png\" alt=\"icone uterus\" width=\"120\" height=\"168\" srcset=\"https:\/\/www.partnershipagainstcancer.ca\/wp-content\/uploads\/2021\/08\/cervical-icon-500-700.png 500w, https:\/\/www.partnershipagainstcancer.ca\/wp-content\/uploads\/2021\/08\/cervical-icon-500-700-214x300.png 214w\" sizes=\"auto, (max-width: 120px) 100vw, 120px\" \/>OncoSim-Col de l\u2019ut\u00e9rus<\/strong><\/h2>\n<p>OncoSim-Col de l\u2019ut\u00e9rus est un mod\u00e8le de simulation math\u00e9matique du cancer du col de l\u2019ut\u00e9rus. Il int\u00e8gre des sch\u00e9mas de progression de la maladie et des parcours de soins cliniques bas\u00e9s sur les connaissances actuelles et sur la pratique fond\u00e9e sur des donn\u00e9es probantes en mati\u00e8re de cancer du col de l\u2019ut\u00e9rus au Canada.<\/p>\n<p>Avec OncoSim-Col de l\u2019ut\u00e9rus, les utilisateurs peuvent estimer le fardeau \u00e9conomique du cancer du col de l\u2019ut\u00e9rus et les r\u00e9percussions d\u2019interventions sur les r\u00e9sultats li\u00e9s \u00e0 ce type de cancer. Par exemple, les utilisateurs peuvent\u00a0:<\/p>\n<ul>\n<li>\u00e9valuer les r\u00e9percussions des diff\u00e9rentes modalit\u00e9s de d\u00e9pistage du cancer du col de l\u2019ut\u00e9rus (test Pap p\/r au test d\u00e9tection du VPH);<\/li>\n<li>faire varier l\u2019\u00e2ge et les intervalles de d\u00e9pistage;<\/li>\n<li>comparer les strat\u00e9gies de vaccination contre le VPH \u00e0 l\u2019aide du vaccin quadrivalent et nonavalent.<\/li>\n<\/ul>\n<p>Acc\u00e9dez aux <a href=\"https:\/\/www.partnershipagainstcancer.ca\/fr\/tools\/oncosim\/ressources\/#cervical\">ressources ayant utilis\u00e9 OncoSim pour les analyses du cancer du col de l&rsquo;ut\u00e9rus<\/a>.<\/p>\n<p><div class=\"documents col-md-12\"><div>\n                                <i class=\"fas fa-file-pdf document-icon\"><\/i>\n                                <div class=\"document-details\">\n                                    <a href=\"https:\/\/www.partnershipagainstcancer.ca\/wp-content\/uploads\/2019\/10\/OncoSim-Cervical-FR.pdf\" target=\"_blank\">OncoSim-Col de l'ut\u00e9rus<\/a><p class=\"file-information\">Taille du fichier 7 MB<\/p>         <\/div>\n                            <\/div><\/div><br \/>\n<a name=\"oncosimcrc\"><\/a><\/p>\n<p>&nbsp;<\/p>\n<hr \/>\n<h2><strong><img loading=\"lazy\" decoding=\"async\" class=\"alignleft wp-image-51115\" src=\"https:\/\/www.partnershipagainstcancer.ca\/wp-content\/uploads\/2021\/08\/colorectal-icon-500-700.png\" alt=\"icone colorectal\" width=\"120\" height=\"168\" srcset=\"https:\/\/www.partnershipagainstcancer.ca\/wp-content\/uploads\/2021\/08\/colorectal-icon-500-700.png 500w, https:\/\/www.partnershipagainstcancer.ca\/wp-content\/uploads\/2021\/08\/colorectal-icon-500-700-214x300.png 214w\" sizes=\"auto, (max-width: 120px) 100vw, 120px\" \/>OncoSim-Colorectal<\/strong><\/h2>\n<p>OncoSim-Colorectal est un mod\u00e8le de simulation math\u00e9matique du cancer colorectal qui mod\u00e9lise l\u2019histoire naturelle et la progression du cancer colorectal et des ad\u00e9nomes. Il int\u00e8gre des sch\u00e9mas de progression de la maladie et des parcours de soins cliniques bas\u00e9s sur les connaissances actuelles et sur la pratique fond\u00e9e sur des donn\u00e9es probantes en mati\u00e8re de cancer colorectal au Canada.<\/p>\n<p>Avec OncoSim-Colorectal, les utilisateurs peuvent \u00e9valuer les effets d\u2019interventions visant \u00e0 r\u00e9duire les r\u00e9percussions du cancer colorectal, comme les programmes de d\u00e9pistage, les initiatives en mati\u00e8re de qualit\u00e9 et les nouveaux traitements. Par exemple, les utilisateurs peuvent\u00a0:<\/p>\n<ul>\n<li>comparer et \u00e9valuer les r\u00e9percussions des diff\u00e9rentes modalit\u00e9s de d\u00e9pistage (tests f\u00e9caux, sigmo\u00efdoscopie, colonoscopie);<\/li>\n<li>faire varier l\u2019\u00e2ge et les intervalles de d\u00e9pistage;<\/li>\n<li>\u00e9valuer les variations du d\u00e9pistage en fonction des ant\u00e9c\u00e9dents familiaux.<\/li>\n<\/ul>\n<p>Acc\u00e9dez aux <a href=\"https:\/\/www.partnershipagainstcancer.ca\/fr\/tools\/oncosim\/ressources\/#colorectal\">ressources ayant utilis\u00e9 OncoSim pour les analyses du cancer colorectal<\/a>.<\/p>\n<p><div class=\"documents col-md-12\"><div>\n                                <i class=\"fas fa-file-pdf document-icon\"><\/i>\n                                <div class=\"document-details\">\n                                    <a href=\"https:\/\/www.partnershipagainstcancer.ca\/wp-content\/uploads\/2019\/10\/OncoSim-CRC-FR.pdf\" target=\"_blank\">OncoSim-Colorectal<\/a><p class=\"file-information\">Taille du fichier 6 MB<\/p>         <\/div>\n                            <\/div><\/div><br \/>\n<a name=\"oncosimpoumon\"><\/a><\/p>\n<p>&nbsp;<\/p>\n<hr \/>\n<h2><strong><img loading=\"lazy\" decoding=\"async\" class=\"alignleft wp-image-51117\" src=\"https:\/\/www.partnershipagainstcancer.ca\/wp-content\/uploads\/2021\/08\/lung-icon-500-700.png\" alt=\"icone poumon\" width=\"120\" height=\"168\" srcset=\"https:\/\/www.partnershipagainstcancer.ca\/wp-content\/uploads\/2021\/08\/lung-icon-500-700.png 500w, https:\/\/www.partnershipagainstcancer.ca\/wp-content\/uploads\/2021\/08\/lung-icon-500-700-214x300.png 214w\" sizes=\"auto, (max-width: 120px) 100vw, 120px\" \/>OncoSim-Poumon<\/strong><\/h2>\n<p>OncoSim-Poumon est un mod\u00e8le de simulation math\u00e9matique du cancer du poumon. Il int\u00e8gre des sch\u00e9mas de progression de la maladie et des parcours de soins cliniques bas\u00e9s sur les connaissances actuelles et sur la pratique fond\u00e9e sur des donn\u00e9es probantes en mati\u00e8re de cancer du poumon au Canada.<\/p>\n<p>Avec OncoSim-Poumon, les utilisateurs peuvent estimer le fardeau \u00e9conomique du cancer du poumon et les r\u00e9percussions d\u2019interventions sur les r\u00e9sultats li\u00e9s \u00e0 ce type de cancer. Par exemple, les utilisateurs peuvent\u00a0:<\/p>\n<ul>\n<li>\u00e9valuer les r\u00e9percussions des programmes d\u2019abandon du tabagisme;<\/li>\n<li>\u00e9valuer les strat\u00e9gies de d\u00e9pistage du cancer du poumon et les nouveaux traitements du cancer du poumon;<\/li>\n<li>\u00e9valuer les interventions visant \u00e0 diminuer l\u2019exposition au radon.<\/li>\n<\/ul>\n<p>Acc\u00e9dez aux <a href=\"https:\/\/www.partnershipagainstcancer.ca\/fr\/tools\/oncosim\/ressources\/#lung\">ressources ayant utilis\u00e9 OncoSim pour les analyses du cancer du poumon<\/a>.<\/p>\n<div class=\"documents col-md-12\"><div>\n                                <i class=\"fas fa-file-pdf document-icon\"><\/i>\n                                <div class=\"document-details\">\n                                    <a href=\"https:\/\/www.partnershipagainstcancer.ca\/wp-content\/uploads\/2019\/10\/OncoSim-Lung-FR.pdf\" target=\"_blank\">OncoSim-Poumon<\/a><p class=\"file-information\">Taille du fichier 7 MB<\/p>         <\/div>\n                            <\/div><\/div>\n","protected":false},"excerpt":{"rendered":"<p>OncoSim-Aper\u00e7u OncoSim effectue, \u00e0 partir d\u2019\u00e9chantillons de grande taille repr\u00e9sentatifs de la population canadienne, des simulations d\u2019une personne \u00e0 la fois, de la naissance au d\u00e9c\u00e8s. Le mod\u00e8le compile les r\u00e9sultats projet\u00e9s aux niveaux provincial ou territorial et national. OncoSim compte cinq modules\u00a0: un module qui offre des projections de haut niveau pour 25\u00a0cancers (OncoSim-Tous [&hellip;]<\/p>\n","protected":false},"author":24,"featured_media":0,"parent":34662,"menu_order":0,"comment_status":"closed","ping_status":"closed","template":"content-1col.php","meta":{"_acf_changed":false,"_monsterinsights_skip_tracking":false,"_monsterinsights_sitenote_active":false,"_monsterinsights_sitenote_note":"","_monsterinsights_sitenote_category":0,"ep_exclude_from_search":false,"footnotes":""},"categories":[],"tags":[],"site-tools":[],"ppma_author":[],"class_list":["post-45743","page","type-page","status-publish","hentry"],"acf":[],"yoast_head":"<!-- This site is optimized with the Yoast SEO plugin v27.3 - https:\/\/yoast.com\/product\/yoast-seo-wordpress\/ -->\n<title>Canadian Partnership Against Cancer<\/title>\n<meta name=\"robots\" content=\"index, follow, max-snippet:-1, max-image-preview:large, max-video-preview:-1\" \/>\n<link rel=\"canonical\" href=\"https:\/\/www.partnershipagainstcancer.ca\/fr\/tools\/oncosim\/fact-sheets\/\" \/>\n<meta property=\"og:locale\" content=\"fr_FR\" \/>\n<meta property=\"og:type\" content=\"article\" \/>\n<meta property=\"og:title\" content=\"Fiches d\u2019information sur OncoSim - Canadian Partnership Against Cancer\" \/>\n<meta property=\"og:description\" content=\"OncoSim-Aper\u00e7u OncoSim effectue, \u00e0 partir d\u2019\u00e9chantillons de grande taille repr\u00e9sentatifs de la population canadienne, des simulations d\u2019une personne \u00e0 la fois, de la naissance au d\u00e9c\u00e8s. Le mod\u00e8le compile les r\u00e9sultats projet\u00e9s aux niveaux provincial ou territorial et national. OncoSim compte cinq modules\u00a0: un module qui offre des projections de haut niveau pour 25\u00a0cancers (OncoSim-Tous [&hellip;]\" \/>\n<meta property=\"og:url\" content=\"https:\/\/www.partnershipagainstcancer.ca\/fr\/tools\/oncosim\/fact-sheets\/\" \/>\n<meta property=\"og:site_name\" content=\"Canadian Partnership Against Cancer\" \/>\n<meta property=\"article:publisher\" content=\"https:\/\/www.facebook.com\/CanadianPartnershipAgainstCancer\/\" \/>\n<meta property=\"article:modified_time\" content=\"2022-11-16T21:00:20+00:00\" \/>\n<meta property=\"og:image\" content=\"https:\/\/www.partnershipagainstcancer.ca\/wp-content\/uploads\/2021\/08\/breast-icon-500-700.png\" \/>\n<meta name=\"twitter:card\" content=\"summary_large_image\" \/>\n<meta name=\"twitter:site\" content=\"@cancerstratca\" \/>\n<meta name=\"twitter:label1\" content=\"Dur\u00e9e de lecture estim\u00e9e\" \/>\n\t<meta name=\"twitter:data1\" content=\"5 minutes\" \/>\n<script type=\"application\/ld+json\" class=\"yoast-schema-graph\">{\"@context\":\"https:\\\/\\\/schema.org\",\"@graph\":[{\"@type\":\"WebPage\",\"@id\":\"https:\\\/\\\/www.partnershipagainstcancer.ca\\\/fr\\\/tools\\\/oncosim\\\/fact-sheets\\\/\",\"url\":\"https:\\\/\\\/www.partnershipagainstcancer.ca\\\/fr\\\/tools\\\/oncosim\\\/fact-sheets\\\/\",\"name\":\"Fiches d\u2019information sur OncoSim - Canadian Partnership Against Cancer\",\"isPartOf\":{\"@id\":\"https:\\\/\\\/dev.partnershipagainstcancer.ca\\\/#website\"},\"primaryImageOfPage\":{\"@id\":\"https:\\\/\\\/www.partnershipagainstcancer.ca\\\/fr\\\/tools\\\/oncosim\\\/fact-sheets\\\/#primaryimage\"},\"image\":{\"@id\":\"https:\\\/\\\/www.partnershipagainstcancer.ca\\\/fr\\\/tools\\\/oncosim\\\/fact-sheets\\\/#primaryimage\"},\"thumbnailUrl\":\"https:\\\/\\\/www.partnershipagainstcancer.ca\\\/wp-content\\\/uploads\\\/2021\\\/08\\\/breast-icon-500-700.png\",\"datePublished\":\"2019-10-30T00:31:54+00:00\",\"dateModified\":\"2022-11-16T21:00:20+00:00\",\"breadcrumb\":{\"@id\":\"https:\\\/\\\/www.partnershipagainstcancer.ca\\\/fr\\\/tools\\\/oncosim\\\/fact-sheets\\\/#breadcrumb\"},\"inLanguage\":\"fr-FR\",\"potentialAction\":[{\"@type\":\"ReadAction\",\"target\":[\"https:\\\/\\\/www.partnershipagainstcancer.ca\\\/fr\\\/tools\\\/oncosim\\\/fact-sheets\\\/\"]}]},{\"@type\":\"ImageObject\",\"inLanguage\":\"fr-FR\",\"@id\":\"https:\\\/\\\/www.partnershipagainstcancer.ca\\\/fr\\\/tools\\\/oncosim\\\/fact-sheets\\\/#primaryimage\",\"url\":\"https:\\\/\\\/www.partnershipagainstcancer.ca\\\/wp-content\\\/uploads\\\/2021\\\/08\\\/breast-icon-500-700.png\",\"contentUrl\":\"https:\\\/\\\/www.partnershipagainstcancer.ca\\\/wp-content\\\/uploads\\\/2021\\\/08\\\/breast-icon-500-700.png\"},{\"@type\":\"BreadcrumbList\",\"@id\":\"https:\\\/\\\/www.partnershipagainstcancer.ca\\\/fr\\\/tools\\\/oncosim\\\/fact-sheets\\\/#breadcrumb\",\"itemListElement\":[{\"@type\":\"ListItem\",\"position\":1,\"name\":\"Outils\",\"item\":\"https:\\\/\\\/www.partnershipagainstcancer.ca\\\/fr\\\/tools\\\/\"},{\"@type\":\"ListItem\",\"position\":2,\"name\":\"OncoSim\",\"item\":\"https:\\\/\\\/www.partnershipagainstcancer.ca\\\/fr\\\/tools\\\/oncosim\\\/\"},{\"@type\":\"ListItem\",\"position\":3,\"name\":\"Fiches d\u2019information sur OncoSim\"}]},{\"@type\":\"WebSite\",\"@id\":\"https:\\\/\\\/dev.partnershipagainstcancer.ca\\\/#website\",\"url\":\"https:\\\/\\\/dev.partnershipagainstcancer.ca\\\/\",\"name\":\"Canadian Partnership Against Cancer\",\"description\":\"\",\"potentialAction\":[{\"@type\":\"SearchAction\",\"target\":{\"@type\":\"EntryPoint\",\"urlTemplate\":\"https:\\\/\\\/dev.partnershipagainstcancer.ca\\\/?s={search_term_string}\"},\"query-input\":{\"@type\":\"PropertyValueSpecification\",\"valueRequired\":true,\"valueName\":\"search_term_string\"}}],\"inLanguage\":\"fr-FR\"}]}<\/script>\n<!-- \/ Yoast SEO plugin. -->","yoast_head_json":{"title":"Canadian Partnership Against Cancer","robots":{"index":"index","follow":"follow","max-snippet":"max-snippet:-1","max-image-preview":"max-image-preview:large","max-video-preview":"max-video-preview:-1"},"canonical":"https:\/\/www.partnershipagainstcancer.ca\/fr\/tools\/oncosim\/fact-sheets\/","og_locale":"fr_FR","og_type":"article","og_title":"Fiches d\u2019information sur OncoSim - Canadian Partnership Against Cancer","og_description":"OncoSim-Aper\u00e7u OncoSim effectue, \u00e0 partir d\u2019\u00e9chantillons de grande taille repr\u00e9sentatifs de la population canadienne, des simulations d\u2019une personne \u00e0 la fois, de la naissance au d\u00e9c\u00e8s. Le mod\u00e8le compile les r\u00e9sultats projet\u00e9s aux niveaux provincial ou territorial et national. OncoSim compte cinq modules\u00a0: un module qui offre des projections de haut niveau pour 25\u00a0cancers (OncoSim-Tous [&hellip;]","og_url":"https:\/\/www.partnershipagainstcancer.ca\/fr\/tools\/oncosim\/fact-sheets\/","og_site_name":"Canadian Partnership Against Cancer","article_publisher":"https:\/\/www.facebook.com\/CanadianPartnershipAgainstCancer\/","article_modified_time":"2022-11-16T21:00:20+00:00","og_image":[{"url":"https:\/\/www.partnershipagainstcancer.ca\/wp-content\/uploads\/2021\/08\/breast-icon-500-700.png","type":"","width":"","height":""}],"twitter_card":"summary_large_image","twitter_site":"@cancerstratca","twitter_misc":{"Dur\u00e9e de lecture estim\u00e9e":"5 minutes"},"schema":{"@context":"https:\/\/schema.org","@graph":[{"@type":"WebPage","@id":"https:\/\/www.partnershipagainstcancer.ca\/fr\/tools\/oncosim\/fact-sheets\/","url":"https:\/\/www.partnershipagainstcancer.ca\/fr\/tools\/oncosim\/fact-sheets\/","name":"Fiches d\u2019information sur OncoSim - Canadian Partnership Against Cancer","isPartOf":{"@id":"https:\/\/dev.partnershipagainstcancer.ca\/#website"},"primaryImageOfPage":{"@id":"https:\/\/www.partnershipagainstcancer.ca\/fr\/tools\/oncosim\/fact-sheets\/#primaryimage"},"image":{"@id":"https:\/\/www.partnershipagainstcancer.ca\/fr\/tools\/oncosim\/fact-sheets\/#primaryimage"},"thumbnailUrl":"https:\/\/www.partnershipagainstcancer.ca\/wp-content\/uploads\/2021\/08\/breast-icon-500-700.png","datePublished":"2019-10-30T00:31:54+00:00","dateModified":"2022-11-16T21:00:20+00:00","breadcrumb":{"@id":"https:\/\/www.partnershipagainstcancer.ca\/fr\/tools\/oncosim\/fact-sheets\/#breadcrumb"},"inLanguage":"fr-FR","potentialAction":[{"@type":"ReadAction","target":["https:\/\/www.partnershipagainstcancer.ca\/fr\/tools\/oncosim\/fact-sheets\/"]}]},{"@type":"ImageObject","inLanguage":"fr-FR","@id":"https:\/\/www.partnershipagainstcancer.ca\/fr\/tools\/oncosim\/fact-sheets\/#primaryimage","url":"https:\/\/www.partnershipagainstcancer.ca\/wp-content\/uploads\/2021\/08\/breast-icon-500-700.png","contentUrl":"https:\/\/www.partnershipagainstcancer.ca\/wp-content\/uploads\/2021\/08\/breast-icon-500-700.png"},{"@type":"BreadcrumbList","@id":"https:\/\/www.partnershipagainstcancer.ca\/fr\/tools\/oncosim\/fact-sheets\/#breadcrumb","itemListElement":[{"@type":"ListItem","position":1,"name":"Outils","item":"https:\/\/www.partnershipagainstcancer.ca\/fr\/tools\/"},{"@type":"ListItem","position":2,"name":"OncoSim","item":"https:\/\/www.partnershipagainstcancer.ca\/fr\/tools\/oncosim\/"},{"@type":"ListItem","position":3,"name":"Fiches d\u2019information sur OncoSim"}]},{"@type":"WebSite","@id":"https:\/\/dev.partnershipagainstcancer.ca\/#website","url":"https:\/\/dev.partnershipagainstcancer.ca\/","name":"Canadian Partnership Against Cancer","description":"","potentialAction":[{"@type":"SearchAction","target":{"@type":"EntryPoint","urlTemplate":"https:\/\/dev.partnershipagainstcancer.ca\/?s={search_term_string}"},"query-input":{"@type":"PropertyValueSpecification","valueRequired":true,"valueName":"search_term_string"}}],"inLanguage":"fr-FR"}]}},"_links":{"self":[{"href":"https:\/\/www.partnershipagainstcancer.ca\/fr\/wp-json\/wp\/v2\/pages\/45743","targetHints":{"allow":["GET"]}}],"collection":[{"href":"https:\/\/www.partnershipagainstcancer.ca\/fr\/wp-json\/wp\/v2\/pages"}],"about":[{"href":"https:\/\/www.partnershipagainstcancer.ca\/fr\/wp-json\/wp\/v2\/types\/page"}],"author":[{"embeddable":true,"href":"https:\/\/www.partnershipagainstcancer.ca\/fr\/wp-json\/wp\/v2\/users\/24"}],"replies":[{"embeddable":true,"href":"https:\/\/www.partnershipagainstcancer.ca\/fr\/wp-json\/wp\/v2\/comments?post=45743"}],"version-history":[{"count":4,"href":"https:\/\/www.partnershipagainstcancer.ca\/fr\/wp-json\/wp\/v2\/pages\/45743\/revisions"}],"predecessor-version":[{"id":58497,"href":"https:\/\/www.partnershipagainstcancer.ca\/fr\/wp-json\/wp\/v2\/pages\/45743\/revisions\/58497"}],"up":[{"embeddable":true,"href":"https:\/\/www.partnershipagainstcancer.ca\/fr\/wp-json\/wp\/v2\/pages\/34662"}],"wp:attachment":[{"href":"https:\/\/www.partnershipagainstcancer.ca\/fr\/wp-json\/wp\/v2\/media?parent=45743"}],"wp:term":[{"taxonomy":"category","embeddable":true,"href":"https:\/\/www.partnershipagainstcancer.ca\/fr\/wp-json\/wp\/v2\/categories?post=45743"},{"taxonomy":"post_tag","embeddable":true,"href":"https:\/\/www.partnershipagainstcancer.ca\/fr\/wp-json\/wp\/v2\/tags?post=45743"},{"taxonomy":"site-tools","embeddable":true,"href":"https:\/\/www.partnershipagainstcancer.ca\/fr\/wp-json\/wp\/v2\/site-tools?post=45743"},{"taxonomy":"author","embeddable":true,"href":"https:\/\/www.partnershipagainstcancer.ca\/fr\/wp-json\/wp\/v2\/ppma_author?post=45743"}],"curies":[{"name":"wp","href":"https:\/\/api.w.org\/{rel}","templated":true}]}}