{"id":42337,"date":"2019-06-03T22:50:28","date_gmt":"2019-06-04T03:50:28","guid":{"rendered":"https:\/\/www.partnershipagainstcancer.ca\/?page_id=42337"},"modified":"2019-06-04T10:26:34","modified_gmt":"2019-06-04T15:26:34","slug":"faq","status":"publish","type":"page","link":"https:\/\/www.partnershipagainstcancer.ca\/fr\/cancer-strategy\/faq\/","title":{"rendered":"FAQ"},"content":{"rendered":"<p>Vous avez des questions au sujet des travaux du Partenariat \u00e0 l\u2019\u00e9gard de l\u2019actualisation de la <em>Strat\u00e9gie canadienne de lutte contre le cancer<\/em>? Vous y trouverez r\u00e9ponse ci-dessous.<\/p>\n<ul class=\"default-accordion\"><li><span d=\"heading-0\">\n                        <a data-toggle=\"collapse\" href=\"#collapse-0\" aria-expanded=\"false\" aria-controls=\"collapse-0\">Qu\u2019est-ce qui a amen\u00e9 \u00e0 cette <em>Strat\u00e9gie<\/em> actualis\u00e9e?<\/a>\n                    <\/span><div id=\"collapse-0\" class=\"collapse\" role=\"tabpanel\" data-parent=\".default-accordion\">Le panorama du cancer a consid\u00e9rablement chang\u00e9 depuis l\u2019\u00e9laboration de la <em>Strat\u00e9gie<\/em> initiale, ce qui a engendr\u00e9 de nouvelles possibilit\u00e9s et de nouveaux d\u00e9fis, notamment le vieillissement de la population et les nouvelles technologies de la sant\u00e9. En r\u00e9action \u00e0 ces changements, le gouvernement f\u00e9d\u00e9ral a demand\u00e9 au Partenariat canadien contre le cancer de moderniser la <em>Strat\u00e9gie<\/em>.<br \/>\nLa <em>Strat\u00e9gie<\/em> elle-m\u00eame a \u00e9t\u00e9 actualis\u00e9e pour qu\u2019elle puisse continuer \u00e0 guider nos efforts collectifs dans les ann\u00e9es \u00e0 venir, mais notre vision demeure inchang\u00e9e : nous voulons que moins de Canadiens soient atteints de cancer, que plus de personnes y survivent et que celles qui en sont atteintes jouissent d\u2019une meilleure qualit\u00e9 de vie.<\/div><\/li><li><span d=\"heading-1\">\n                        <a data-toggle=\"collapse\" href=\"#collapse-1\" aria-expanded=\"false\" aria-controls=\"collapse-1\">Quel \u00e9tait le principal point \u00e0 retenir du processus de mobilisation du public?<\/a>\n                    <\/span><div id=\"collapse-1\" class=\"collapse\" role=\"tabpanel\" data-parent=\".default-accordion\">Les Canadiens cherchent un soutien pour pr\u00e9venir le cancer. Et si un cancer survient, ils veulent un diagnostic rapide et un traitement comportant les meilleures options disponibles, de m\u00eame qu\u2019un soutien lorsqu\u2019ils en ont besoin. Dans ce cadre, ils veulent un syst\u00e8me de mesure et de rapport transparent en vue de s\u2019assurer que tous les Canadiens re\u00e7oivent un acc\u00e8s \u00e9quitable \u00e0 des soins en canc\u00e9rologie et \u00e0 une lutte contre le cancer de qualit\u00e9 sup\u00e9rieure.<\/div><\/li><li><span d=\"heading-2\">\n                        <a data-toggle=\"collapse\" href=\"#collapse-2\" aria-expanded=\"false\" aria-controls=\"collapse-2\">De quelle fa\u00e7on le Partenariat a-t-il d\u00e9termin\u00e9 les priorit\u00e9s?<\/a>\n                    <\/span><div id=\"collapse-2\" class=\"collapse\" role=\"tabpanel\" data-parent=\".default-accordion\">Ces travaux ont \u00e9t\u00e9 r\u00e9alis\u00e9s en examinant toutes les contributions tir\u00e9es des activit\u00e9s de mobilisation, des soumissions \u00e9crites, du sondage en ligne intitul\u00e9 \u00ab Livre de choixMC \u00bb, ainsi que des plans de lutte contre le cancer des provinces et des territoires, des ouvrages scientifiques publi\u00e9s, et des examens de recherches canadiennes et internationales sur les pratiques exemplaires. Afin de peaufiner et de mettre au point les priorit\u00e9s et les mesures, nous avons nou\u00e9 le dialogue avec un comit\u00e9 consultatif externe compos\u00e9 d\u2019experts cliniques, de patients et de membres des familles agissant \u00e0 titre de conseillers, de m\u00eame que de repr\u00e9sentants d\u2019autres secteurs du domaine de la sant\u00e9, notamment les politiques de sant\u00e9 publique, les soins primaires, la recherche et la technologie, et de repr\u00e9sentants des minist\u00e8res provinciaux de la Sant\u00e9 ainsi que des organismes et programmes provinciaux de lutte contre le cancer.<br \/>\nNous avons \u00e9galement collabor\u00e9 avec l\u2019Association canadienne des agences provinciales du cancer, Sant\u00e9 Canada, notre conseil d\u2019administration, ainsi qu\u2019avec les sous-ministres de la sant\u00e9 \u00e0 l\u2019\u00e9chelle provinciale et territoriale, des dirigeants d\u2019organismes de lutte contre le cancer, de m\u00eame que des conseillers des Premi\u00e8res Nations, des Inuits et des M\u00e9tis.<\/div><\/li><li><span d=\"heading-3\">\n                        <a data-toggle=\"collapse\" href=\"#collapse-3\" aria-expanded=\"false\" aria-controls=\"collapse-3\">En quoi cette <em>Strat\u00e9gie<\/em> diff\u00e8re-t-elle de l\u2019it\u00e9ration pr\u00e9c\u00e9dente?<\/a>\n                    <\/span><div id=\"collapse-3\" class=\"collapse\" role=\"tabpanel\" data-parent=\".default-accordion\">La <em>Strat\u00e9gie<\/em> de 2006 a \u00e9t\u00e9 \u00e9labor\u00e9e par des ardents d\u00e9fenseurs, au sein du syst\u00e8me de sant\u00e9, de l\u2019apport de changements aux soins contre le cancer \u00e0 l\u2019\u00e9chelle nationale \u2013 leur vision \u00e9tait vaste, et leurs priorit\u00e9s globales. Aujourd\u2019hui, nous savons que nous devons nous concentrer sur les enjeux qui ont le plus besoin de notre attention, afin d\u2019offrir des soins \u00e9quitables \u00e0 tous les Canadiens. La <em>Strat\u00e9gie<\/em> actualis\u00e9e inclut les priorit\u00e9s des Premi\u00e8res Nations, des Inuits et des M\u00e9tis, un domaine qui requiert notre attention mais qui \u00e9tait absent de la <em>Strat\u00e9gie<\/em> initiale.<\/div><\/li><li><span d=\"heading-4\">\n                        <a data-toggle=\"collapse\" href=\"#collapse-4\" aria-expanded=\"false\" aria-controls=\"collapse-4\">Pourquoi la <em>Strat\u00e9gie<\/em> devrait-elle importer aux Canadiens?<\/a>\n                    <\/span><div id=\"collapse-4\" class=\"collapse\" role=\"tabpanel\" data-parent=\".default-accordion\">Un Canadien sur deux aura un cancer au cours de sa vie. Notre syst\u00e8me de soins de sant\u00e9 doit \u00eatre pr\u00eat \u00e0 relever ce d\u00e9fi, mais malheureusement, des in\u00e9galit\u00e9s se creusent de plus en plus pour les communaut\u00e9s mal desservies, qui sont touch\u00e9es par la maladie de fa\u00e7on disproportionn\u00e9e.<\/div><\/li><li><span d=\"heading-5\">\n                        <a data-toggle=\"collapse\" href=\"#collapse-5\" aria-expanded=\"false\" aria-controls=\"collapse-5\">Quel sera le mode de financement de la <em>Strat\u00e9gie<\/em> actualis\u00e9e?<\/a>\n                    <\/span><div id=\"collapse-5\" class=\"collapse\" role=\"tabpanel\" data-parent=\".default-accordion\">La <em>Strat\u00e9gie<\/em> est un document visionnaire mais pratique pour le syst\u00e8me de lutte contre le cancer pour les dix ann\u00e9es \u00e0 venir. Elle refl\u00e8te les priorit\u00e9s des territoires de comp\u00e9tence de tout le pays, qui poss\u00e8dent tous des plans d\u2019investissement en vue de leur r\u00e9alisation. Le Partenariat coordonne la collaboration et l\u2019adoption de pratiques exemplaires, mais il incombe aux bailleurs de fonds provinciaux et territoriaux de soutenir un r\u00e9el changement.<\/div><\/li><li><span d=\"heading-6\">\n                        <a data-toggle=\"collapse\" href=\"#collapse-6\" aria-expanded=\"false\" aria-controls=\"collapse-6\">Quel est le processus de mise en \u0153uvre de la <em>Strat\u00e9gie<\/em>?<\/a>\n                    <\/span><div id=\"collapse-6\" class=\"collapse\" role=\"tabpanel\" data-parent=\".default-accordion\">Les gouvernements, les organisations et les particuliers qui prennent part \u00e0 l\u2019actualisation de la <em>Strat\u00e9gie<\/em> occupent une place centrale dans sa mise en \u0153uvre. \u00c0 partir de maintenant jusqu\u2019\u00e0 l\u2019automne 2019, le Partenariat se r\u00e9unira avec les principaux intervenants pour discuter des priorit\u00e9s de la <em>Strat\u00e9gie<\/em> et des mesures imm\u00e9diates. La planification continue avec les gouvernements, les organismes et les communaut\u00e9s des Premi\u00e8res Nations, des Inuits et des M\u00e9tis est essentielle. Qui plus est, la voix des patients, des familles et du public continuera d\u2019\u00e9clairer la mise en \u0153uvre de la <em>Strat\u00e9gie<\/em> dans les ann\u00e9es \u00e0 venir.<br \/>\nLe Partenariat va demander aux organismes de passer \u00e0 l\u2019action pour les priorit\u00e9s cl\u00e9s qui s\u2019inscrivent dans leur mandat, et travailler pour \u00e9liminer les obstacles \u00e0 leurs progr\u00e8s. Nous allons harmoniser et int\u00e9grer le travail \u00e0 l\u2019\u00e9chelle de tous les organismes du syst\u00e8me de lutte contre le cancer pour acc\u00e9l\u00e9rer les progr\u00e8s et r\u00e9duire les chevauchements.<\/div><\/li><li><span d=\"heading-7\">\n                        <a data-toggle=\"collapse\" href=\"#collapse-7\" aria-expanded=\"false\" aria-controls=\"collapse-7\">Quels seront les r\u00e9sultats de cette nouvelle <em>Strat\u00e9gie<\/em>? De quelle fa\u00e7on va-t-on mesurer la r\u00e9ussite?<\/a>\n                    <\/span><div id=\"collapse-7\" class=\"collapse\" role=\"tabpanel\" data-parent=\".default-accordion\">Le Partenariat sait que des mesures de soutien sont essentielles pour atteindre les objectifs communs de la <em>Strat\u00e9gie<\/em> dans la d\u00e9cennie \u00e0 venir. Une partie de la planification de la mise en \u0153uvre consistera \u00e0 fixer des objectifs et \u00e0 rendre compte aux Canadiens des progr\u00e8s collectifs. Le Partenariat appuiera les partenaires dans l\u2019\u00e9tablissement de mesures communes, le renforcement de la capacit\u00e9 de collecte de donn\u00e9es et la prise de d\u00e9cisions \u00e9clair\u00e9es par les donn\u00e9es.<\/div><\/li><li><span d=\"heading-8\">\n                        <a data-toggle=\"collapse\" href=\"#collapse-8\" aria-expanded=\"false\" aria-controls=\"collapse-8\">De quelle fa\u00e7on a-t-on inclus les voix des communaut\u00e9s des Premi\u00e8res Nations, des Inuits et des M\u00e9tis?<\/a>\n                    <\/span><div id=\"collapse-8\" class=\"collapse\" role=\"tabpanel\" data-parent=\".default-accordion\">Des gouvernements, des organisations et des individus inuits, m\u00e9tis et des Premi\u00e8res Nations ont \u00e9t\u00e9 mobilis\u00e9s partout au Canada dans le cadre d\u2019un processus parall\u00e8le pour faire en sorte que soient compris et int\u00e9gr\u00e9s dans la <em>Strat\u00e9gie<\/em> les priorit\u00e9s et les d\u00e9fis propres aux peuples autochtones. La mobilisation reposait sur des principes \u00e9labor\u00e9s en collaboration avec des survivants du cancer, des a\u00een\u00e9s, des gouvernements, des organismes et des communaut\u00e9s inuits, m\u00e9tis et des Premi\u00e8res Nations, et s\u2019appuyait sur les efforts de mobilisation pr\u00e9c\u00e9dents.<\/div><\/li><li><span d=\"heading-9\">\n                        <a data-toggle=\"collapse\" href=\"#collapse-9\" aria-expanded=\"false\" aria-controls=\"collapse-9\">Pourquoi est-il n\u00e9cessaire d\u2019avoir un coordonnateur pour la <em>Strat\u00e9gie<\/em>?<\/a>\n                    <\/span><div id=\"collapse-9\" class=\"collapse\" role=\"tabpanel\" data-parent=\".default-accordion\">En raison de l\u2019appropriation par les parties prenantes de la <em>Strat\u00e9gie<\/em> et de la nature f\u00e9d\u00e9r\u00e9e des syst\u00e8mes de sant\u00e9 du Canada, les Canadiens et les responsables du syst\u00e8me de lutte contre le cancer sont d\u2019avis que le coordonnateur de la <em>Strat\u00e9gie<\/em> continue d\u2019\u00eatre un instrument essentiel des mesures coordonn\u00e9es pancanadiennes. Certains d\u00e9fis peuvent \u00eatre r\u00e9solus \u00e0 l\u2019\u00e9chelle locale, provinciale ou territoriale, et pour d\u2019autres il est pr\u00e9f\u00e9rable de les hisser au niveau pancanadien afin d\u2019assurer l\u2019\u00e9quit\u00e9 et l\u2019acc\u00e8s aux pratiques exemplaires \u00e0 l\u2019\u00e9chelle de notre pays diversifi\u00e9.<\/div><\/li><\/ul>\n<p>&nbsp;<\/p>\n","protected":false},"excerpt":{"rendered":"<p>Vous avez des questions au sujet des travaux du Partenariat \u00e0 l\u2019\u00e9gard de l\u2019actualisation de la Strat\u00e9gie canadienne de lutte contre le cancer? Vous y trouverez r\u00e9ponse ci-dessous. &nbsp;<\/p>\n","protected":false},"author":2,"featured_media":0,"parent":37057,"menu_order":0,"comment_status":"closed","ping_status":"closed","template":"content-1col.php","meta":{"_acf_changed":false,"_monsterinsights_skip_tracking":false,"_monsterinsights_sitenote_active":false,"_monsterinsights_sitenote_note":"","_monsterinsights_sitenote_category":0,"ep_exclude_from_search":false,"footnotes":""},"categories":[],"tags":[],"site-tools":[],"ppma_author":[1980],"class_list":["post-42337","page","type-page","status-publish","hentry"],"acf":[],"yoast_head":"<!-- This site is optimized with the Yoast SEO plugin v27.3 - https:\/\/yoast.com\/product\/yoast-seo-wordpress\/ -->\n<title>Canadian Partnership Against Cancer<\/title>\n<meta name=\"robots\" content=\"index, follow, max-snippet:-1, max-image-preview:large, max-video-preview:-1\" \/>\n<link rel=\"canonical\" href=\"https:\/\/www.partnershipagainstcancer.ca\/fr\/cancer-strategy\/faq\/\" \/>\n<meta property=\"og:locale\" content=\"fr_FR\" \/>\n<meta property=\"og:type\" content=\"article\" \/>\n<meta property=\"og:title\" content=\"FAQ - Canadian Partnership Against Cancer\" \/>\n<meta property=\"og:description\" content=\"Vous avez des questions au sujet des travaux du Partenariat \u00e0 l\u2019\u00e9gard de l\u2019actualisation de la Strat\u00e9gie canadienne de lutte contre le cancer? Vous y trouverez r\u00e9ponse ci-dessous. &nbsp;\" \/>\n<meta property=\"og:url\" content=\"https:\/\/www.partnershipagainstcancer.ca\/fr\/cancer-strategy\/faq\/\" \/>\n<meta property=\"og:site_name\" content=\"Canadian Partnership Against Cancer\" \/>\n<meta property=\"article:publisher\" content=\"https:\/\/www.facebook.com\/CanadianPartnershipAgainstCancer\/\" \/>\n<meta property=\"article:modified_time\" content=\"2019-06-04T15:26:34+00:00\" \/>\n<meta name=\"twitter:card\" content=\"summary_large_image\" \/>\n<meta name=\"twitter:site\" content=\"@cancerstratca\" \/>\n<meta name=\"twitter:label1\" content=\"Dur\u00e9e de lecture estim\u00e9e\" \/>\n\t<meta name=\"twitter:data1\" content=\"7 minutes\" \/>\n<script type=\"application\/ld+json\" class=\"yoast-schema-graph\">{\"@context\":\"https:\\\/\\\/schema.org\",\"@graph\":[{\"@type\":\"WebPage\",\"@id\":\"https:\\\/\\\/www.partnershipagainstcancer.ca\\\/fr\\\/cancer-strategy\\\/faq\\\/\",\"url\":\"https:\\\/\\\/www.partnershipagainstcancer.ca\\\/fr\\\/cancer-strategy\\\/faq\\\/\",\"name\":\"FAQ - Canadian Partnership Against Cancer\",\"isPartOf\":{\"@id\":\"https:\\\/\\\/dev.partnershipagainstcancer.ca\\\/#website\"},\"datePublished\":\"2019-06-04T03:50:28+00:00\",\"dateModified\":\"2019-06-04T15:26:34+00:00\",\"breadcrumb\":{\"@id\":\"https:\\\/\\\/www.partnershipagainstcancer.ca\\\/fr\\\/cancer-strategy\\\/faq\\\/#breadcrumb\"},\"inLanguage\":\"fr-FR\",\"potentialAction\":[{\"@type\":\"ReadAction\",\"target\":[\"https:\\\/\\\/www.partnershipagainstcancer.ca\\\/fr\\\/cancer-strategy\\\/faq\\\/\"]}]},{\"@type\":\"BreadcrumbList\",\"@id\":\"https:\\\/\\\/www.partnershipagainstcancer.ca\\\/fr\\\/cancer-strategy\\\/faq\\\/#breadcrumb\",\"itemListElement\":[{\"@type\":\"ListItem\",\"position\":1,\"name\":\"Strat\u00e9gie sur le cancer\",\"item\":\"https:\\\/\\\/www.partnershipagainstcancer.ca\\\/fr\\\/cancer-strategy\\\/\"},{\"@type\":\"ListItem\",\"position\":2,\"name\":\"FAQ\"}]},{\"@type\":\"WebSite\",\"@id\":\"https:\\\/\\\/dev.partnershipagainstcancer.ca\\\/#website\",\"url\":\"https:\\\/\\\/dev.partnershipagainstcancer.ca\\\/\",\"name\":\"Canadian Partnership Against Cancer\",\"description\":\"\",\"potentialAction\":[{\"@type\":\"SearchAction\",\"target\":{\"@type\":\"EntryPoint\",\"urlTemplate\":\"https:\\\/\\\/dev.partnershipagainstcancer.ca\\\/?s={search_term_string}\"},\"query-input\":{\"@type\":\"PropertyValueSpecification\",\"valueRequired\":true,\"valueName\":\"search_term_string\"}}],\"inLanguage\":\"fr-FR\"}]}<\/script>\n<!-- \/ Yoast SEO plugin. -->","yoast_head_json":{"title":"Canadian Partnership Against Cancer","robots":{"index":"index","follow":"follow","max-snippet":"max-snippet:-1","max-image-preview":"max-image-preview:large","max-video-preview":"max-video-preview:-1"},"canonical":"https:\/\/www.partnershipagainstcancer.ca\/fr\/cancer-strategy\/faq\/","og_locale":"fr_FR","og_type":"article","og_title":"FAQ - Canadian Partnership Against Cancer","og_description":"Vous avez des questions au sujet des travaux du Partenariat \u00e0 l\u2019\u00e9gard de l\u2019actualisation de la Strat\u00e9gie canadienne de lutte contre le cancer? Vous y trouverez r\u00e9ponse ci-dessous. &nbsp;","og_url":"https:\/\/www.partnershipagainstcancer.ca\/fr\/cancer-strategy\/faq\/","og_site_name":"Canadian Partnership Against Cancer","article_publisher":"https:\/\/www.facebook.com\/CanadianPartnershipAgainstCancer\/","article_modified_time":"2019-06-04T15:26:34+00:00","twitter_card":"summary_large_image","twitter_site":"@cancerstratca","twitter_misc":{"Dur\u00e9e de lecture estim\u00e9e":"7 minutes"},"schema":{"@context":"https:\/\/schema.org","@graph":[{"@type":"WebPage","@id":"https:\/\/www.partnershipagainstcancer.ca\/fr\/cancer-strategy\/faq\/","url":"https:\/\/www.partnershipagainstcancer.ca\/fr\/cancer-strategy\/faq\/","name":"FAQ - Canadian Partnership Against Cancer","isPartOf":{"@id":"https:\/\/dev.partnershipagainstcancer.ca\/#website"},"datePublished":"2019-06-04T03:50:28+00:00","dateModified":"2019-06-04T15:26:34+00:00","breadcrumb":{"@id":"https:\/\/www.partnershipagainstcancer.ca\/fr\/cancer-strategy\/faq\/#breadcrumb"},"inLanguage":"fr-FR","potentialAction":[{"@type":"ReadAction","target":["https:\/\/www.partnershipagainstcancer.ca\/fr\/cancer-strategy\/faq\/"]}]},{"@type":"BreadcrumbList","@id":"https:\/\/www.partnershipagainstcancer.ca\/fr\/cancer-strategy\/faq\/#breadcrumb","itemListElement":[{"@type":"ListItem","position":1,"name":"Strat\u00e9gie sur le cancer","item":"https:\/\/www.partnershipagainstcancer.ca\/fr\/cancer-strategy\/"},{"@type":"ListItem","position":2,"name":"FAQ"}]},{"@type":"WebSite","@id":"https:\/\/dev.partnershipagainstcancer.ca\/#website","url":"https:\/\/dev.partnershipagainstcancer.ca\/","name":"Canadian Partnership Against Cancer","description":"","potentialAction":[{"@type":"SearchAction","target":{"@type":"EntryPoint","urlTemplate":"https:\/\/dev.partnershipagainstcancer.ca\/?s={search_term_string}"},"query-input":{"@type":"PropertyValueSpecification","valueRequired":true,"valueName":"search_term_string"}}],"inLanguage":"fr-FR"}]}},"_links":{"self":[{"href":"https:\/\/www.partnershipagainstcancer.ca\/fr\/wp-json\/wp\/v2\/pages\/42337","targetHints":{"allow":["GET"]}}],"collection":[{"href":"https:\/\/www.partnershipagainstcancer.ca\/fr\/wp-json\/wp\/v2\/pages"}],"about":[{"href":"https:\/\/www.partnershipagainstcancer.ca\/fr\/wp-json\/wp\/v2\/types\/page"}],"author":[{"embeddable":true,"href":"https:\/\/www.partnershipagainstcancer.ca\/fr\/wp-json\/wp\/v2\/users\/2"}],"replies":[{"embeddable":true,"href":"https:\/\/www.partnershipagainstcancer.ca\/fr\/wp-json\/wp\/v2\/comments?post=42337"}],"version-history":[{"count":1,"href":"https:\/\/www.partnershipagainstcancer.ca\/fr\/wp-json\/wp\/v2\/pages\/42337\/revisions"}],"predecessor-version":[{"id":42339,"href":"https:\/\/www.partnershipagainstcancer.ca\/fr\/wp-json\/wp\/v2\/pages\/42337\/revisions\/42339"}],"up":[{"embeddable":true,"href":"https:\/\/www.partnershipagainstcancer.ca\/fr\/wp-json\/wp\/v2\/pages\/37057"}],"wp:attachment":[{"href":"https:\/\/www.partnershipagainstcancer.ca\/fr\/wp-json\/wp\/v2\/media?parent=42337"}],"wp:term":[{"taxonomy":"category","embeddable":true,"href":"https:\/\/www.partnershipagainstcancer.ca\/fr\/wp-json\/wp\/v2\/categories?post=42337"},{"taxonomy":"post_tag","embeddable":true,"href":"https:\/\/www.partnershipagainstcancer.ca\/fr\/wp-json\/wp\/v2\/tags?post=42337"},{"taxonomy":"site-tools","embeddable":true,"href":"https:\/\/www.partnershipagainstcancer.ca\/fr\/wp-json\/wp\/v2\/site-tools?post=42337"},{"taxonomy":"author","embeddable":true,"href":"https:\/\/www.partnershipagainstcancer.ca\/fr\/wp-json\/wp\/v2\/ppma_author?post=42337"}],"curies":[{"name":"wp","href":"https:\/\/api.w.org\/{rel}","templated":true}]}}