{"id":36866,"date":"2018-06-28T13:23:14","date_gmt":"2018-06-28T18:23:14","guid":{"rendered":"https:\/\/www.partnershipagainstcancer.ca\/?page_id=36866"},"modified":"2026-02-12T15:51:07","modified_gmt":"2026-02-12T20:51:07","slug":"subscribe","status":"publish","type":"page","link":"https:\/\/www.partnershipagainstcancer.ca\/fr\/subscribe\/","title":{"rendered":"S\u2019abonner"},"content":{"rendered":"<h2>Restez au courant. Restez en contact.<\/h2>\n<p>D\u00e9couvrez avant tout le monde les travaux que nous menons avec nos partenaires pour am\u00e9liorer les soins contre le cancer au Canada.<\/p>\n<p>Abonnez-vous pour recevoir des nouvelles, des perspectives de sp\u00e9cialistes et des r\u00e9cits inspirants de la part du Partenariat canadien contre le cancer, directement dans votre bo\u00eete de r\u00e9ception.<\/p>\n<p><strong>Vous recevrez :<\/strong><\/p>\n<ul>\n<li><strong>Des nouvelles concernant la <em>Strat\u00e9gie canadienne de lutte contre le cancer<\/em><\/strong>\n<ul>\n<li>Restez au fait des efforts accomplis par le Partenariat, en collaboration avec des partenaires, pour faire avancer les priorit\u00e9s de la <em>Strat\u00e9gie canadienne de lutte contre le cancer<\/em>.<\/li>\n<\/ul>\n<\/li>\n<li><strong>Les derniers renseignements sur le syst\u00e8me de canc\u00e9rologie\u00a0<\/strong>\n<ul>\n<li>D\u00e9couvrez comment se porte le syst\u00e8me canadien de canc\u00e9rologie, sur la base de donn\u00e9es r\u00e9centes et d\u2019analyses de sp\u00e9cialistes.<\/li>\n<\/ul>\n<\/li>\n<li><strong>Des r\u00e9cits inspirants<\/strong>\n<ul>\n<li>D\u00e9couvrez ce que font les partenaires et les communaut\u00e9s pour mettre en \u0153uvre la <em>Strat\u00e9gie canadienne de lutte contre le cancer<\/em> et changer les choses.<\/li>\n<\/ul>\n<\/li>\n<\/ul>\n<p><strong>Nous vous promettons que nous n&rsquo;inonderons pas votre bo\u00eete de r\u00e9ception : vous ne recevrez de nos nouvelles qu\u2019une ou deux fois par mois.\u00a0<\/strong><\/p>\n<h3 style=\"text-align: center;\">Abonnez-vous d\u00e8s maintenant<\/h3>\n<div\n        data-form-id='41c10716-7406-f011-bae2-0022483c4a87'\n        data-form-api-url='https:\/\/public-can.mkt.dynamics.com\/api\/v1.0\/orgs\/c9e88933-7863-48c6-8261-a07a7a84d845\/landingpageforms'\n        data-cached-form-url='https:\/\/assets-can.mkt.dynamics.com\/c9e88933-7863-48c6-8261-a07a7a84d845\/digitalassets\/forms\/41c10716-7406-f011-bae2-0022483c4a87' ><\/div>\n<p>        <script src = 'https:\/\/cxppusa1formui01cdnsa01-endpoint.azureedge.net\/can\/FormLoader\/FormLoader.bundle.js' ><\/script><br \/>\n        <script>document.documentElement.lang = navigator.language;<\/script><\/p>\n","protected":false},"excerpt":{"rendered":"<p>Restez au courant. Restez en contact. D\u00e9couvrez avant tout le monde les travaux que nous menons avec nos partenaires pour am\u00e9liorer les soins contre le cancer au Canada. Abonnez-vous pour recevoir des nouvelles, des perspectives de sp\u00e9cialistes et des r\u00e9cits inspirants de la part du Partenariat canadien contre le cancer, directement dans votre bo\u00eete de [&hellip;]<\/p>\n","protected":false},"author":2,"featured_media":0,"parent":0,"menu_order":0,"comment_status":"closed","ping_status":"closed","template":"","meta":{"_acf_changed":false,"_monsterinsights_skip_tracking":false,"_monsterinsights_sitenote_active":false,"_monsterinsights_sitenote_note":"","_monsterinsights_sitenote_category":0,"ep_exclude_from_search":false,"footnotes":""},"categories":[],"tags":[],"site-tools":[],"ppma_author":[1980],"class_list":["post-36866","page","type-page","status-publish","hentry"],"acf":[],"yoast_head":"<!-- This site is optimized with the Yoast SEO plugin v27.3 - https:\/\/yoast.com\/product\/yoast-seo-wordpress\/ -->\n<title>Canadian Partnership Against Cancer<\/title>\n<meta name=\"robots\" content=\"index, follow, max-snippet:-1, max-image-preview:large, max-video-preview:-1\" \/>\n<link rel=\"canonical\" href=\"https:\/\/www.partnershipagainstcancer.ca\/fr\/subscribe\/\" \/>\n<meta property=\"og:locale\" content=\"fr_FR\" \/>\n<meta property=\"og:type\" content=\"article\" \/>\n<meta property=\"og:title\" content=\"S\u2019abonner - Canadian Partnership Against Cancer\" \/>\n<meta property=\"og:description\" content=\"Restez au courant. Restez en contact. D\u00e9couvrez avant tout le monde les travaux que nous menons avec nos partenaires pour am\u00e9liorer les soins contre le cancer au Canada. Abonnez-vous pour recevoir des nouvelles, des perspectives de sp\u00e9cialistes et des r\u00e9cits inspirants de la part du Partenariat canadien contre le cancer, directement dans votre bo\u00eete de [&hellip;]\" \/>\n<meta property=\"og:url\" content=\"https:\/\/www.partnershipagainstcancer.ca\/fr\/subscribe\/\" \/>\n<meta property=\"og:site_name\" content=\"Canadian Partnership Against Cancer\" \/>\n<meta property=\"article:publisher\" content=\"https:\/\/www.facebook.com\/CanadianPartnershipAgainstCancer\/\" \/>\n<meta property=\"article:modified_time\" content=\"2026-02-12T20:51:07+00:00\" \/>\n<meta name=\"twitter:card\" content=\"summary_large_image\" \/>\n<meta name=\"twitter:site\" content=\"@cancerstratca\" \/>\n<script type=\"application\/ld+json\" class=\"yoast-schema-graph\">{\"@context\":\"https:\\\/\\\/schema.org\",\"@graph\":[{\"@type\":\"WebPage\",\"@id\":\"https:\\\/\\\/www.partnershipagainstcancer.ca\\\/fr\\\/subscribe\\\/\",\"url\":\"https:\\\/\\\/www.partnershipagainstcancer.ca\\\/fr\\\/subscribe\\\/\",\"name\":\"S\u2019abonner - Canadian Partnership Against Cancer\",\"isPartOf\":{\"@id\":\"https:\\\/\\\/dev.partnershipagainstcancer.ca\\\/#website\"},\"datePublished\":\"2018-06-28T18:23:14+00:00\",\"dateModified\":\"2026-02-12T20:51:07+00:00\",\"inLanguage\":\"fr-FR\",\"potentialAction\":[{\"@type\":\"ReadAction\",\"target\":[\"https:\\\/\\\/www.partnershipagainstcancer.ca\\\/fr\\\/subscribe\\\/\"]}]},{\"@type\":\"WebSite\",\"@id\":\"https:\\\/\\\/dev.partnershipagainstcancer.ca\\\/#website\",\"url\":\"https:\\\/\\\/dev.partnershipagainstcancer.ca\\\/\",\"name\":\"Canadian Partnership Against Cancer\",\"description\":\"\",\"potentialAction\":[{\"@type\":\"SearchAction\",\"target\":{\"@type\":\"EntryPoint\",\"urlTemplate\":\"https:\\\/\\\/dev.partnershipagainstcancer.ca\\\/?s={search_term_string}\"},\"query-input\":{\"@type\":\"PropertyValueSpecification\",\"valueRequired\":true,\"valueName\":\"search_term_string\"}}],\"inLanguage\":\"fr-FR\"}]}<\/script>\n<!-- \/ Yoast SEO plugin. -->","yoast_head_json":{"title":"Canadian Partnership Against Cancer","robots":{"index":"index","follow":"follow","max-snippet":"max-snippet:-1","max-image-preview":"max-image-preview:large","max-video-preview":"max-video-preview:-1"},"canonical":"https:\/\/www.partnershipagainstcancer.ca\/fr\/subscribe\/","og_locale":"fr_FR","og_type":"article","og_title":"S\u2019abonner - Canadian Partnership Against Cancer","og_description":"Restez au courant. Restez en contact. D\u00e9couvrez avant tout le monde les travaux que nous menons avec nos partenaires pour am\u00e9liorer les soins contre le cancer au Canada. Abonnez-vous pour recevoir des nouvelles, des perspectives de sp\u00e9cialistes et des r\u00e9cits inspirants de la part du Partenariat canadien contre le cancer, directement dans votre bo\u00eete de [&hellip;]","og_url":"https:\/\/www.partnershipagainstcancer.ca\/fr\/subscribe\/","og_site_name":"Canadian Partnership Against Cancer","article_publisher":"https:\/\/www.facebook.com\/CanadianPartnershipAgainstCancer\/","article_modified_time":"2026-02-12T20:51:07+00:00","twitter_card":"summary_large_image","twitter_site":"@cancerstratca","schema":{"@context":"https:\/\/schema.org","@graph":[{"@type":"WebPage","@id":"https:\/\/www.partnershipagainstcancer.ca\/fr\/subscribe\/","url":"https:\/\/www.partnershipagainstcancer.ca\/fr\/subscribe\/","name":"S\u2019abonner - Canadian Partnership Against Cancer","isPartOf":{"@id":"https:\/\/dev.partnershipagainstcancer.ca\/#website"},"datePublished":"2018-06-28T18:23:14+00:00","dateModified":"2026-02-12T20:51:07+00:00","inLanguage":"fr-FR","potentialAction":[{"@type":"ReadAction","target":["https:\/\/www.partnershipagainstcancer.ca\/fr\/subscribe\/"]}]},{"@type":"WebSite","@id":"https:\/\/dev.partnershipagainstcancer.ca\/#website","url":"https:\/\/dev.partnershipagainstcancer.ca\/","name":"Canadian Partnership Against Cancer","description":"","potentialAction":[{"@type":"SearchAction","target":{"@type":"EntryPoint","urlTemplate":"https:\/\/dev.partnershipagainstcancer.ca\/?s={search_term_string}"},"query-input":{"@type":"PropertyValueSpecification","valueRequired":true,"valueName":"search_term_string"}}],"inLanguage":"fr-FR"}]}},"_links":{"self":[{"href":"https:\/\/www.partnershipagainstcancer.ca\/fr\/wp-json\/wp\/v2\/pages\/36866","targetHints":{"allow":["GET"]}}],"collection":[{"href":"https:\/\/www.partnershipagainstcancer.ca\/fr\/wp-json\/wp\/v2\/pages"}],"about":[{"href":"https:\/\/www.partnershipagainstcancer.ca\/fr\/wp-json\/wp\/v2\/types\/page"}],"author":[{"embeddable":true,"href":"https:\/\/www.partnershipagainstcancer.ca\/fr\/wp-json\/wp\/v2\/users\/2"}],"replies":[{"embeddable":true,"href":"https:\/\/www.partnershipagainstcancer.ca\/fr\/wp-json\/wp\/v2\/comments?post=36866"}],"version-history":[{"count":3,"href":"https:\/\/www.partnershipagainstcancer.ca\/fr\/wp-json\/wp\/v2\/pages\/36866\/revisions"}],"predecessor-version":[{"id":73482,"href":"https:\/\/www.partnershipagainstcancer.ca\/fr\/wp-json\/wp\/v2\/pages\/36866\/revisions\/73482"}],"wp:attachment":[{"href":"https:\/\/www.partnershipagainstcancer.ca\/fr\/wp-json\/wp\/v2\/media?parent=36866"}],"wp:term":[{"taxonomy":"category","embeddable":true,"href":"https:\/\/www.partnershipagainstcancer.ca\/fr\/wp-json\/wp\/v2\/categories?post=36866"},{"taxonomy":"post_tag","embeddable":true,"href":"https:\/\/www.partnershipagainstcancer.ca\/fr\/wp-json\/wp\/v2\/tags?post=36866"},{"taxonomy":"site-tools","embeddable":true,"href":"https:\/\/www.partnershipagainstcancer.ca\/fr\/wp-json\/wp\/v2\/site-tools?post=36866"},{"taxonomy":"author","embeddable":true,"href":"https:\/\/www.partnershipagainstcancer.ca\/fr\/wp-json\/wp\/v2\/ppma_author?post=36866"}],"curies":[{"name":"wp","href":"https:\/\/api.w.org\/{rel}","templated":true}]}}