{"id":36783,"date":"2018-05-09T15:50:34","date_gmt":"2018-05-09T20:50:34","guid":{"rendered":"https:\/\/www.partnershipagainstcancer.ca\/?page_id=36783"},"modified":"2025-12-23T14:28:30","modified_gmt":"2025-12-23T19:28:30","slug":"cancer-prevention-policy-packs","status":"publish","type":"page","link":"https:\/\/www.partnershipagainstcancer.ca\/fr\/tools\/prevention-policies-directory\/cancer-prevention-policy-packs\/","title":{"rendered":"Ressources sur les politiques de pr\u00e9vention du cancer"},"content":{"rendered":"<p>Le Partenariat synth\u00e9tise les meilleures donn\u00e9es probantes canadiennes et internationales existantes sur les politiques de sant\u00e9 publique efficaces dans le domaine de la pr\u00e9vention du cancer afin de renseigner l\u2019\u00e9laboration de nouvelles ressources sur les politiques. Les ressources sur les politiques recueillent des renseignements \u00e0 partir du <a href=\"https:\/\/www.partnershipagainstcancer.ca\/fr\/tools\/prevention-policies-directory\/\">R\u00e9pertoire des politiques de pr\u00e9vention<\/a> et d\u2019autres sources cl\u00e9s (p. ex., analyses \u00e9conomiques, statistiques, etc.) afin d\u2019appuyer la prise de d\u00e9cisions fond\u00e9es sur des donn\u00e9es probantes quant aux politiques de pr\u00e9vention du cancer.<\/p>\n<p>Cliquez sur les titres ci-dessous pour trouver des ressources sur les politiques traitant de th\u00e8mes particuliers li\u00e9s aux facteurs de risque modifiables pour la pr\u00e9vention du cancer\u00a0:<\/p>\n<h3>Alimentation saine<\/h3>\n<ul>\n<li><a href=\"https:\/\/www.partnershipagainstcancer.ca\/fr\/topics\/healthy-eating-and-cancer\/summary\/\">Alimentation saine et cancer au Canada<\/a> (mars 2023)<\/li>\n<li>Webinaire: <a href=\"https:\/\/www.partnershipagainstcancer.ca\/wp-content\/uploads\/2023\/03\/Healthy-Eating-Webinar-Slides.pdf\" target=\"_blank\" rel=\"noopener\">diapositives<\/a> et <a href=\"https:\/\/youtu.be\/dPXf36snPYg\" target=\"_blank\" rel=\"noopener\">enregistrement YouTube<\/a> (mars 2023, en anglais seulement)<\/li>\n<\/ul>\n<h3>Activit\u00e9 physique<\/h3>\n<ul>\n<li><a href=\"https:\/\/www.partnershipagainstcancer.ca\/fr\/topics\/physical-activity-policies\/\">Activit\u00e9 physique et cancer au Canada<\/a> (f\u00e9vrier 2022)<\/li>\n<li>Webinaire: <a href=\"https:\/\/www.partnershipagainstcancer.ca\/wp-content\/uploads\/2022\/05\/Physical-activity-webinar-slides.pdf\" target=\"_blank\" rel=\"noopener\">diapositives<\/a> et <a href=\"https:\/\/www.youtube.com\/watch?v=ABLfPerCaLc\">enregistrement YouTube<\/a> (avril 2022, en anglais seulement)<\/li>\n<\/ul>\n<h3>Alcool<\/h3>\n<ul>\n<li><a href=\"https:\/\/www.partnershipagainstcancer.ca\/fr\/topics\/alcohol-policies\/\">Politique en mati\u00e8re d\u2019alcool et le cancer au Canada<\/a> (juin 2021)<\/li>\n<li>Webinaire : <a href=\"https:\/\/www.partnershipagainstcancer.ca\/wp-content\/uploads\/2021\/06\/Policy-actions-to-reduce-alcohol-related-harms-webinar-slides.pdf\" target=\"_blank\" rel=\"noopener\">diapositives<\/a> et <a href=\"https:\/\/youtu.be\/hO4MiaQ6dqc\" target=\"_blank\" rel=\"noopener\">enregistrement YouTube<\/a> (juin 2021, en anglais seulement)<\/li>\n<\/ul>\n<h3>Vaccination contre les VPH<\/h3>\n<ul>\n<li><a href=\"https:\/\/www.partnershipagainstcancer.ca\/fr\/topics\/hpv-immunization-policies\/\">Vaccination contre les VPH pour la pr\u00e9vention du cancer<\/a> (mars 2025)<\/li>\n<li>Webinaire : <a href=\"https:\/\/www.partnershipagainstcancer.ca\/wp-content\/uploads\/2021\/06\/Policy-actions-to-improve-HPV-immunization-rates-webinar-slides.pptx\" target=\"_blank\" rel=\"noopener\">diapositives<\/a>\u00a0et <a href=\"https:\/\/youtu.be\/UQjaI-rd-y0\" target=\"_blank\" rel=\"noopener\">enregistrement YouTube<\/a> (juin 2021, en anglais seulement)<\/li>\n<\/ul>\n","protected":false},"excerpt":{"rendered":"<p>Le Partenariat synth\u00e9tise les meilleures donn\u00e9es probantes canadiennes et internationales existantes sur les politiques de sant\u00e9 publique efficaces dans le domaine de la pr\u00e9vention du cancer afin de renseigner l\u2019\u00e9laboration de nouvelles ressources sur les politiques. Les ressources sur les politiques recueillent des renseignements \u00e0 partir du R\u00e9pertoire des politiques de pr\u00e9vention et d\u2019autres sources [&hellip;]<\/p>\n","protected":false},"author":24,"featured_media":0,"parent":35261,"menu_order":0,"comment_status":"closed","ping_status":"closed","template":"content.php","meta":{"_acf_changed":false,"_monsterinsights_skip_tracking":false,"_monsterinsights_sitenote_active":false,"_monsterinsights_sitenote_note":"","_monsterinsights_sitenote_category":0,"ep_exclude_from_search":false,"footnotes":""},"categories":[],"tags":[],"site-tools":[],"ppma_author":[1964],"class_list":["post-36783","page","type-page","status-publish","hentry"],"acf":[],"yoast_head":"<!-- This site is optimized with the Yoast SEO plugin v27.3 - https:\/\/yoast.com\/product\/yoast-seo-wordpress\/ -->\n<title>Canadian Partnership Against Cancer<\/title>\n<meta name=\"robots\" content=\"index, follow, max-snippet:-1, max-image-preview:large, max-video-preview:-1\" \/>\n<link rel=\"canonical\" href=\"https:\/\/www.partnershipagainstcancer.ca\/fr\/tools\/prevention-policies-directory\/cancer-prevention-policy-packs\/\" \/>\n<meta property=\"og:locale\" content=\"fr_FR\" \/>\n<meta property=\"og:type\" content=\"article\" \/>\n<meta property=\"og:title\" content=\"Ressources sur les politiques de pr\u00e9vention du cancer - Canadian Partnership Against Cancer\" \/>\n<meta property=\"og:description\" content=\"Le Partenariat synth\u00e9tise les meilleures donn\u00e9es probantes canadiennes et internationales existantes sur les politiques de sant\u00e9 publique efficaces dans le domaine de la pr\u00e9vention du cancer afin de renseigner l\u2019\u00e9laboration de nouvelles ressources sur les politiques. Les ressources sur les politiques recueillent des renseignements \u00e0 partir du R\u00e9pertoire des politiques de pr\u00e9vention et d\u2019autres sources [&hellip;]\" \/>\n<meta property=\"og:url\" content=\"https:\/\/www.partnershipagainstcancer.ca\/fr\/tools\/prevention-policies-directory\/cancer-prevention-policy-packs\/\" \/>\n<meta property=\"og:site_name\" content=\"Canadian Partnership Against Cancer\" \/>\n<meta property=\"article:publisher\" content=\"https:\/\/www.facebook.com\/CanadianPartnershipAgainstCancer\/\" \/>\n<meta property=\"article:modified_time\" content=\"2025-12-23T19:28:30+00:00\" \/>\n<meta property=\"og:image\" content=\"https:\/\/www.partnershipagainstcancer.ca\/wp-content\/uploads\/2021\/07\/webinar-news-FR-JPG-1030-720.jpg\" \/>\n\t<meta property=\"og:image:width\" content=\"1030\" \/>\n\t<meta property=\"og:image:height\" content=\"720\" \/>\n\t<meta property=\"og:image:type\" content=\"image\/jpeg\" \/>\n<meta name=\"twitter:card\" content=\"summary_large_image\" \/>\n<meta name=\"twitter:site\" content=\"@cancerstratca\" \/>\n<meta name=\"twitter:label1\" content=\"Dur\u00e9e de lecture estim\u00e9e\" \/>\n\t<meta name=\"twitter:data1\" content=\"1 minute\" \/>\n<script type=\"application\/ld+json\" class=\"yoast-schema-graph\">{\"@context\":\"https:\\\/\\\/schema.org\",\"@graph\":[{\"@type\":\"WebPage\",\"@id\":\"https:\\\/\\\/www.partnershipagainstcancer.ca\\\/fr\\\/tools\\\/prevention-policies-directory\\\/cancer-prevention-policy-packs\\\/\",\"url\":\"https:\\\/\\\/www.partnershipagainstcancer.ca\\\/fr\\\/tools\\\/prevention-policies-directory\\\/cancer-prevention-policy-packs\\\/\",\"name\":\"Ressources sur les politiques de pr\u00e9vention du cancer - Canadian Partnership Against Cancer\",\"isPartOf\":{\"@id\":\"https:\\\/\\\/dev.partnershipagainstcancer.ca\\\/#website\"},\"datePublished\":\"2018-05-09T20:50:34+00:00\",\"dateModified\":\"2025-12-23T19:28:30+00:00\",\"breadcrumb\":{\"@id\":\"https:\\\/\\\/www.partnershipagainstcancer.ca\\\/fr\\\/tools\\\/prevention-policies-directory\\\/cancer-prevention-policy-packs\\\/#breadcrumb\"},\"inLanguage\":\"fr-FR\",\"potentialAction\":[{\"@type\":\"ReadAction\",\"target\":[\"https:\\\/\\\/www.partnershipagainstcancer.ca\\\/fr\\\/tools\\\/prevention-policies-directory\\\/cancer-prevention-policy-packs\\\/\"]}]},{\"@type\":\"BreadcrumbList\",\"@id\":\"https:\\\/\\\/www.partnershipagainstcancer.ca\\\/fr\\\/tools\\\/prevention-policies-directory\\\/cancer-prevention-policy-packs\\\/#breadcrumb\",\"itemListElement\":[{\"@type\":\"ListItem\",\"position\":1,\"name\":\"Outils\",\"item\":\"https:\\\/\\\/www.partnershipagainstcancer.ca\\\/fr\\\/tools\\\/\"},{\"@type\":\"ListItem\",\"position\":2,\"name\":\"R\u00e9pertoire des politiques de pr\u00e9vention\",\"item\":\"https:\\\/\\\/www.partnershipagainstcancer.ca\\\/fr\\\/tools\\\/prevention-policies-directory\\\/\"},{\"@type\":\"ListItem\",\"position\":3,\"name\":\"Ressources sur les politiques de pr\u00e9vention du cancer\"}]},{\"@type\":\"WebSite\",\"@id\":\"https:\\\/\\\/dev.partnershipagainstcancer.ca\\\/#website\",\"url\":\"https:\\\/\\\/dev.partnershipagainstcancer.ca\\\/\",\"name\":\"Canadian Partnership Against Cancer\",\"description\":\"\",\"potentialAction\":[{\"@type\":\"SearchAction\",\"target\":{\"@type\":\"EntryPoint\",\"urlTemplate\":\"https:\\\/\\\/dev.partnershipagainstcancer.ca\\\/?s={search_term_string}\"},\"query-input\":{\"@type\":\"PropertyValueSpecification\",\"valueRequired\":true,\"valueName\":\"search_term_string\"}}],\"inLanguage\":\"fr-FR\"}]}<\/script>\n<!-- \/ Yoast SEO plugin. -->","yoast_head_json":{"title":"Canadian Partnership Against Cancer","robots":{"index":"index","follow":"follow","max-snippet":"max-snippet:-1","max-image-preview":"max-image-preview:large","max-video-preview":"max-video-preview:-1"},"canonical":"https:\/\/www.partnershipagainstcancer.ca\/fr\/tools\/prevention-policies-directory\/cancer-prevention-policy-packs\/","og_locale":"fr_FR","og_type":"article","og_title":"Ressources sur les politiques de pr\u00e9vention du cancer - Canadian Partnership Against Cancer","og_description":"Le Partenariat synth\u00e9tise les meilleures donn\u00e9es probantes canadiennes et internationales existantes sur les politiques de sant\u00e9 publique efficaces dans le domaine de la pr\u00e9vention du cancer afin de renseigner l\u2019\u00e9laboration de nouvelles ressources sur les politiques. Les ressources sur les politiques recueillent des renseignements \u00e0 partir du R\u00e9pertoire des politiques de pr\u00e9vention et d\u2019autres sources [&hellip;]","og_url":"https:\/\/www.partnershipagainstcancer.ca\/fr\/tools\/prevention-policies-directory\/cancer-prevention-policy-packs\/","og_site_name":"Canadian Partnership Against Cancer","article_publisher":"https:\/\/www.facebook.com\/CanadianPartnershipAgainstCancer\/","article_modified_time":"2025-12-23T19:28:30+00:00","og_image":[{"width":1030,"height":720,"url":"https:\/\/www.partnershipagainstcancer.ca\/wp-content\/uploads\/2021\/07\/webinar-news-FR-JPG-1030-720.jpg","type":"image\/jpeg"}],"twitter_card":"summary_large_image","twitter_site":"@cancerstratca","twitter_misc":{"Dur\u00e9e de lecture estim\u00e9e":"1 minute"},"schema":{"@context":"https:\/\/schema.org","@graph":[{"@type":"WebPage","@id":"https:\/\/www.partnershipagainstcancer.ca\/fr\/tools\/prevention-policies-directory\/cancer-prevention-policy-packs\/","url":"https:\/\/www.partnershipagainstcancer.ca\/fr\/tools\/prevention-policies-directory\/cancer-prevention-policy-packs\/","name":"Ressources sur les politiques de pr\u00e9vention du cancer - Canadian Partnership Against Cancer","isPartOf":{"@id":"https:\/\/dev.partnershipagainstcancer.ca\/#website"},"datePublished":"2018-05-09T20:50:34+00:00","dateModified":"2025-12-23T19:28:30+00:00","breadcrumb":{"@id":"https:\/\/www.partnershipagainstcancer.ca\/fr\/tools\/prevention-policies-directory\/cancer-prevention-policy-packs\/#breadcrumb"},"inLanguage":"fr-FR","potentialAction":[{"@type":"ReadAction","target":["https:\/\/www.partnershipagainstcancer.ca\/fr\/tools\/prevention-policies-directory\/cancer-prevention-policy-packs\/"]}]},{"@type":"BreadcrumbList","@id":"https:\/\/www.partnershipagainstcancer.ca\/fr\/tools\/prevention-policies-directory\/cancer-prevention-policy-packs\/#breadcrumb","itemListElement":[{"@type":"ListItem","position":1,"name":"Outils","item":"https:\/\/www.partnershipagainstcancer.ca\/fr\/tools\/"},{"@type":"ListItem","position":2,"name":"R\u00e9pertoire des politiques de pr\u00e9vention","item":"https:\/\/www.partnershipagainstcancer.ca\/fr\/tools\/prevention-policies-directory\/"},{"@type":"ListItem","position":3,"name":"Ressources sur les politiques de pr\u00e9vention du cancer"}]},{"@type":"WebSite","@id":"https:\/\/dev.partnershipagainstcancer.ca\/#website","url":"https:\/\/dev.partnershipagainstcancer.ca\/","name":"Canadian Partnership Against Cancer","description":"","potentialAction":[{"@type":"SearchAction","target":{"@type":"EntryPoint","urlTemplate":"https:\/\/dev.partnershipagainstcancer.ca\/?s={search_term_string}"},"query-input":{"@type":"PropertyValueSpecification","valueRequired":true,"valueName":"search_term_string"}}],"inLanguage":"fr-FR"}]}},"_links":{"self":[{"href":"https:\/\/www.partnershipagainstcancer.ca\/fr\/wp-json\/wp\/v2\/pages\/36783","targetHints":{"allow":["GET"]}}],"collection":[{"href":"https:\/\/www.partnershipagainstcancer.ca\/fr\/wp-json\/wp\/v2\/pages"}],"about":[{"href":"https:\/\/www.partnershipagainstcancer.ca\/fr\/wp-json\/wp\/v2\/types\/page"}],"author":[{"embeddable":true,"href":"https:\/\/www.partnershipagainstcancer.ca\/fr\/wp-json\/wp\/v2\/users\/24"}],"replies":[{"embeddable":true,"href":"https:\/\/www.partnershipagainstcancer.ca\/fr\/wp-json\/wp\/v2\/comments?post=36783"}],"version-history":[{"count":3,"href":"https:\/\/www.partnershipagainstcancer.ca\/fr\/wp-json\/wp\/v2\/pages\/36783\/revisions"}],"predecessor-version":[{"id":73293,"href":"https:\/\/www.partnershipagainstcancer.ca\/fr\/wp-json\/wp\/v2\/pages\/36783\/revisions\/73293"}],"up":[{"embeddable":true,"href":"https:\/\/www.partnershipagainstcancer.ca\/fr\/wp-json\/wp\/v2\/pages\/35261"}],"wp:attachment":[{"href":"https:\/\/www.partnershipagainstcancer.ca\/fr\/wp-json\/wp\/v2\/media?parent=36783"}],"wp:term":[{"taxonomy":"category","embeddable":true,"href":"https:\/\/www.partnershipagainstcancer.ca\/fr\/wp-json\/wp\/v2\/categories?post=36783"},{"taxonomy":"post_tag","embeddable":true,"href":"https:\/\/www.partnershipagainstcancer.ca\/fr\/wp-json\/wp\/v2\/tags?post=36783"},{"taxonomy":"site-tools","embeddable":true,"href":"https:\/\/www.partnershipagainstcancer.ca\/fr\/wp-json\/wp\/v2\/site-tools?post=36783"},{"taxonomy":"author","embeddable":true,"href":"https:\/\/www.partnershipagainstcancer.ca\/fr\/wp-json\/wp\/v2\/ppma_author?post=36783"}],"curies":[{"name":"wp","href":"https:\/\/api.w.org\/{rel}","templated":true}]}}