{"id":35796,"date":"2017-11-30T14:37:35","date_gmt":"2017-11-30T14:37:35","guid":{"rendered":"https:\/\/www.partnershipagainstcancer.ca\/?page_id=35796"},"modified":"2019-03-27T21:09:13","modified_gmt":"2019-03-28T02:09:13","slug":"partner-services","status":"publish","type":"page","link":"https:\/\/www.partnershipagainstcancer.ca\/fr\/work-with-us\/partner-services\/","title":{"rendered":"Services aux partenaires"},"content":{"rendered":"<p>Le Partenariat canadien contre le cancer (le Partenariat) est un organisme ind\u00e9pendant financ\u00e9 par le gouvernement f\u00e9d\u00e9ral et investi du mandat d\u2019acc\u00e9l\u00e9rer la lutte contre le cancer pour tous les Canadiens. Le mod\u00e8le unique du Partenariat permet d\u2019aborder la lutte contre le cancer par le biais d\u2019une coop\u00e9ration et d\u2019une collaboration entre les territoires de comp\u00e9tence et les organismes afin d\u2019optimiser l\u2019efficacit\u00e9 et l\u2019efficience dans l\u2019ensemble du continuum de la lutte contre le cancer.<\/p>\n<p>Le Partenariat collabore avec des centaines de partenaires issus de toutes les provinces et de tous les territoires pour mettre en \u0153uvre des initiatives ax\u00e9es sur l\u2019am\u00e9lioration des r\u00e9sultats li\u00e9s au cancer pour les Canadiens, sans financer la recherche. Notre travail dans le cadre du prochain plan strat\u00e9gique quinquennal couvre le continuum de la lutte contre le cancer et est ax\u00e9 sur cinq\u00a0th\u00e8mes\u00a0: la qualit\u00e9, l\u2019\u00e9quit\u00e9, l\u2019am\u00e9lioration de l\u2019exp\u00e9rience du patient, l\u2019optimisation de l\u2019impact des donn\u00e9es et la durabilit\u00e9 du syst\u00e8me. Nous fondons nos d\u00e9cisions en mati\u00e8re de financement sur les crit\u00e8res \u00e9nonc\u00e9s dans chaque appel de d\u00e9clarations d\u2019int\u00e9r\u00eat. Nous privil\u00e9gions les projets propos\u00e9s qui correspondent le mieux aux exigences du programme.<\/p>\n<p>Nous vous invitons \u00e0 continuer de consulter ce site Web pour obtenir des renseignements sur le processus de financement des partenaires ainsi que sur les nouvelles possibilit\u00e9s de financement.<\/p>\n<p>Collaborez avec nous sur les initiatives suivantes\u00a0:<\/p>\n<ul>\n<li>Il n&rsquo;y a actuellement aucune possibilit\u00e9 de partenariat.<\/li>\n<\/ul>\n<p>Pour les demandes de renseignements concernant les partenaires, veuillez \u00e9crire \u00e0 <a href=\"mailto:partnerservices@partnershipagainstcancer.ca\">partnerservices@partnershipagainstcancer.ca<\/a> ou appeler notre \u00e9quipe des services aux partenaires et aux fournisseurs au 416-915-9222, poste 5736.<\/p>\n","protected":false},"excerpt":{"rendered":"<p>Le Partenariat canadien contre le cancer (le Partenariat) est un organisme ind\u00e9pendant financ\u00e9 par le gouvernement f\u00e9d\u00e9ral et investi du mandat d\u2019acc\u00e9l\u00e9rer la lutte contre le cancer pour tous les Canadiens. Le mod\u00e8le unique du Partenariat permet d\u2019aborder la lutte contre le cancer par le biais d\u2019une coop\u00e9ration et d\u2019une collaboration entre les territoires de [&hellip;]<\/p>\n","protected":false},"author":24,"featured_media":0,"parent":13326,"menu_order":10,"comment_status":"closed","ping_status":"closed","template":"content.php","meta":{"_acf_changed":false,"_monsterinsights_skip_tracking":false,"_monsterinsights_sitenote_active":false,"_monsterinsights_sitenote_note":"","_monsterinsights_sitenote_category":0,"ep_exclude_from_search":false,"footnotes":""},"categories":[],"tags":[],"site-tools":[],"ppma_author":[],"class_list":["post-35796","page","type-page","status-publish","hentry"],"acf":[],"yoast_head":"<!-- This site is optimized with the Yoast SEO plugin v27.3 - https:\/\/yoast.com\/product\/yoast-seo-wordpress\/ -->\n<title>Canadian Partnership Against Cancer<\/title>\n<meta name=\"robots\" content=\"index, follow, max-snippet:-1, max-image-preview:large, max-video-preview:-1\" \/>\n<link rel=\"canonical\" href=\"https:\/\/www.partnershipagainstcancer.ca\/fr\/work-with-us\/partner-services\/\" \/>\n<meta property=\"og:locale\" content=\"fr_FR\" \/>\n<meta property=\"og:type\" content=\"article\" \/>\n<meta property=\"og:title\" content=\"Services aux partenaires - Canadian Partnership Against Cancer\" \/>\n<meta property=\"og:description\" content=\"Le Partenariat canadien contre le cancer (le Partenariat) est un organisme ind\u00e9pendant financ\u00e9 par le gouvernement f\u00e9d\u00e9ral et investi du mandat d\u2019acc\u00e9l\u00e9rer la lutte contre le cancer pour tous les Canadiens. Le mod\u00e8le unique du Partenariat permet d\u2019aborder la lutte contre le cancer par le biais d\u2019une coop\u00e9ration et d\u2019une collaboration entre les territoires de [&hellip;]\" \/>\n<meta property=\"og:url\" content=\"https:\/\/www.partnershipagainstcancer.ca\/fr\/work-with-us\/partner-services\/\" \/>\n<meta property=\"og:site_name\" content=\"Canadian Partnership Against Cancer\" \/>\n<meta property=\"article:publisher\" content=\"https:\/\/www.facebook.com\/CanadianPartnershipAgainstCancer\/\" \/>\n<meta property=\"article:modified_time\" content=\"2019-03-28T02:09:13+00:00\" \/>\n<meta name=\"twitter:card\" content=\"summary_large_image\" \/>\n<meta name=\"twitter:site\" content=\"@cancerstratca\" \/>\n<meta name=\"twitter:label1\" content=\"Dur\u00e9e de lecture estim\u00e9e\" \/>\n\t<meta name=\"twitter:data1\" content=\"2 minutes\" \/>\n<script type=\"application\/ld+json\" class=\"yoast-schema-graph\">{\"@context\":\"https:\\\/\\\/schema.org\",\"@graph\":[{\"@type\":\"WebPage\",\"@id\":\"https:\\\/\\\/www.partnershipagainstcancer.ca\\\/fr\\\/work-with-us\\\/partner-services\\\/\",\"url\":\"https:\\\/\\\/www.partnershipagainstcancer.ca\\\/fr\\\/work-with-us\\\/partner-services\\\/\",\"name\":\"Services aux partenaires - Canadian Partnership Against Cancer\",\"isPartOf\":{\"@id\":\"https:\\\/\\\/dev.partnershipagainstcancer.ca\\\/#website\"},\"datePublished\":\"2017-11-30T14:37:35+00:00\",\"dateModified\":\"2019-03-28T02:09:13+00:00\",\"breadcrumb\":{\"@id\":\"https:\\\/\\\/www.partnershipagainstcancer.ca\\\/fr\\\/work-with-us\\\/partner-services\\\/#breadcrumb\"},\"inLanguage\":\"fr-FR\",\"potentialAction\":[{\"@type\":\"ReadAction\",\"target\":[\"https:\\\/\\\/www.partnershipagainstcancer.ca\\\/fr\\\/work-with-us\\\/partner-services\\\/\"]}]},{\"@type\":\"BreadcrumbList\",\"@id\":\"https:\\\/\\\/www.partnershipagainstcancer.ca\\\/fr\\\/work-with-us\\\/partner-services\\\/#breadcrumb\",\"itemListElement\":[{\"@type\":\"ListItem\",\"position\":1,\"name\":\"Faites \u00e9quipe avec nous\",\"item\":\"https:\\\/\\\/www.partnershipagainstcancer.ca\\\/fr\\\/work-with-us\\\/\"},{\"@type\":\"ListItem\",\"position\":2,\"name\":\"Services aux partenaires\"}]},{\"@type\":\"WebSite\",\"@id\":\"https:\\\/\\\/dev.partnershipagainstcancer.ca\\\/#website\",\"url\":\"https:\\\/\\\/dev.partnershipagainstcancer.ca\\\/\",\"name\":\"Canadian Partnership Against Cancer\",\"description\":\"\",\"potentialAction\":[{\"@type\":\"SearchAction\",\"target\":{\"@type\":\"EntryPoint\",\"urlTemplate\":\"https:\\\/\\\/dev.partnershipagainstcancer.ca\\\/?s={search_term_string}\"},\"query-input\":{\"@type\":\"PropertyValueSpecification\",\"valueRequired\":true,\"valueName\":\"search_term_string\"}}],\"inLanguage\":\"fr-FR\"}]}<\/script>\n<!-- \/ Yoast SEO plugin. -->","yoast_head_json":{"title":"Canadian Partnership Against Cancer","robots":{"index":"index","follow":"follow","max-snippet":"max-snippet:-1","max-image-preview":"max-image-preview:large","max-video-preview":"max-video-preview:-1"},"canonical":"https:\/\/www.partnershipagainstcancer.ca\/fr\/work-with-us\/partner-services\/","og_locale":"fr_FR","og_type":"article","og_title":"Services aux partenaires - Canadian Partnership Against Cancer","og_description":"Le Partenariat canadien contre le cancer (le Partenariat) est un organisme ind\u00e9pendant financ\u00e9 par le gouvernement f\u00e9d\u00e9ral et investi du mandat d\u2019acc\u00e9l\u00e9rer la lutte contre le cancer pour tous les Canadiens. Le mod\u00e8le unique du Partenariat permet d\u2019aborder la lutte contre le cancer par le biais d\u2019une coop\u00e9ration et d\u2019une collaboration entre les territoires de [&hellip;]","og_url":"https:\/\/www.partnershipagainstcancer.ca\/fr\/work-with-us\/partner-services\/","og_site_name":"Canadian Partnership Against Cancer","article_publisher":"https:\/\/www.facebook.com\/CanadianPartnershipAgainstCancer\/","article_modified_time":"2019-03-28T02:09:13+00:00","twitter_card":"summary_large_image","twitter_site":"@cancerstratca","twitter_misc":{"Dur\u00e9e de lecture estim\u00e9e":"2 minutes"},"schema":{"@context":"https:\/\/schema.org","@graph":[{"@type":"WebPage","@id":"https:\/\/www.partnershipagainstcancer.ca\/fr\/work-with-us\/partner-services\/","url":"https:\/\/www.partnershipagainstcancer.ca\/fr\/work-with-us\/partner-services\/","name":"Services aux partenaires - Canadian Partnership Against Cancer","isPartOf":{"@id":"https:\/\/dev.partnershipagainstcancer.ca\/#website"},"datePublished":"2017-11-30T14:37:35+00:00","dateModified":"2019-03-28T02:09:13+00:00","breadcrumb":{"@id":"https:\/\/www.partnershipagainstcancer.ca\/fr\/work-with-us\/partner-services\/#breadcrumb"},"inLanguage":"fr-FR","potentialAction":[{"@type":"ReadAction","target":["https:\/\/www.partnershipagainstcancer.ca\/fr\/work-with-us\/partner-services\/"]}]},{"@type":"BreadcrumbList","@id":"https:\/\/www.partnershipagainstcancer.ca\/fr\/work-with-us\/partner-services\/#breadcrumb","itemListElement":[{"@type":"ListItem","position":1,"name":"Faites \u00e9quipe avec nous","item":"https:\/\/www.partnershipagainstcancer.ca\/fr\/work-with-us\/"},{"@type":"ListItem","position":2,"name":"Services aux partenaires"}]},{"@type":"WebSite","@id":"https:\/\/dev.partnershipagainstcancer.ca\/#website","url":"https:\/\/dev.partnershipagainstcancer.ca\/","name":"Canadian Partnership Against Cancer","description":"","potentialAction":[{"@type":"SearchAction","target":{"@type":"EntryPoint","urlTemplate":"https:\/\/dev.partnershipagainstcancer.ca\/?s={search_term_string}"},"query-input":{"@type":"PropertyValueSpecification","valueRequired":true,"valueName":"search_term_string"}}],"inLanguage":"fr-FR"}]}},"_links":{"self":[{"href":"https:\/\/www.partnershipagainstcancer.ca\/fr\/wp-json\/wp\/v2\/pages\/35796","targetHints":{"allow":["GET"]}}],"collection":[{"href":"https:\/\/www.partnershipagainstcancer.ca\/fr\/wp-json\/wp\/v2\/pages"}],"about":[{"href":"https:\/\/www.partnershipagainstcancer.ca\/fr\/wp-json\/wp\/v2\/types\/page"}],"author":[{"embeddable":true,"href":"https:\/\/www.partnershipagainstcancer.ca\/fr\/wp-json\/wp\/v2\/users\/24"}],"replies":[{"embeddable":true,"href":"https:\/\/www.partnershipagainstcancer.ca\/fr\/wp-json\/wp\/v2\/comments?post=35796"}],"version-history":[{"count":0,"href":"https:\/\/www.partnershipagainstcancer.ca\/fr\/wp-json\/wp\/v2\/pages\/35796\/revisions"}],"up":[{"embeddable":true,"href":"https:\/\/www.partnershipagainstcancer.ca\/fr\/wp-json\/wp\/v2\/pages\/13326"}],"wp:attachment":[{"href":"https:\/\/www.partnershipagainstcancer.ca\/fr\/wp-json\/wp\/v2\/media?parent=35796"}],"wp:term":[{"taxonomy":"category","embeddable":true,"href":"https:\/\/www.partnershipagainstcancer.ca\/fr\/wp-json\/wp\/v2\/categories?post=35796"},{"taxonomy":"post_tag","embeddable":true,"href":"https:\/\/www.partnershipagainstcancer.ca\/fr\/wp-json\/wp\/v2\/tags?post=35796"},{"taxonomy":"site-tools","embeddable":true,"href":"https:\/\/www.partnershipagainstcancer.ca\/fr\/wp-json\/wp\/v2\/site-tools?post=35796"},{"taxonomy":"author","embeddable":true,"href":"https:\/\/www.partnershipagainstcancer.ca\/fr\/wp-json\/wp\/v2\/ppma_author?post=35796"}],"curies":[{"name":"wp","href":"https:\/\/api.w.org\/{rel}","templated":true}]}}