{"id":35732,"date":"2017-11-26T18:48:05","date_gmt":"2017-11-26T18:48:05","guid":{"rendered":"https:\/\/www.partnershipagainstcancer.ca\/?page_id=35732"},"modified":"2023-10-12T09:52:19","modified_gmt":"2023-10-12T14:52:19","slug":"partners","status":"publish","type":"page","link":"https:\/\/www.partnershipagainstcancer.ca\/fr\/about-us\/what-we-do\/partners\/","title":{"rendered":"Partenaires"},"content":{"rendered":"<p>En tant que coordonnateur de la <a href=\"https:\/\/www.partnershipagainstcancer.ca\/fr\/cancer-strategy\/\"><em>Strat\u00e9gie canadienne de lutte contre le cancer<\/em><\/a>, le Partenariat travaille en \u00e9troite collaboration avec un large \u00e9ventail de partenaires du milieu de la sant\u00e9 et de la lutte contre le cancer, dans l\u2019ensemble du pays et \u00e0 tous les ordres de gouvernement, pour concevoir et mettre en \u0153uvre des initiatives qui appuient les priorit\u00e9s pancanadiennes communes. Nous offrons notamment des financements, des comp\u00e9tences, des ressources et des donn\u00e9es probantes pour aider nos partenaires \u00e0 \u00e9laborer des solutions durables, \u00e0 prendre des mesures et \u00e0 am\u00e9liorer les r\u00e9sultats li\u00e9s au cancer.<\/p>\n<p>Nous continuons d\u2019\u00e9voluer et d\u2019am\u00e9liorer le soutien que nous offrons \u00e0 nos partenaires, et de renforcer notre collaboration avec les gouvernements f\u00e9d\u00e9ral, provinciaux et territoriaux ainsi qu\u2019avec les partenaires pancanadiens du secteur de la sant\u00e9.<\/p>\n<p><strong>En tant que partenaire, nous :<\/strong><\/p>\n<p><strong>Favorisons le changement<\/strong><br \/>\nNous soutenons la production et la mise en application de nouvelles donn\u00e9es probantes et de nouveaux mod\u00e8les de soins qui contribuent \u00e0 des r\u00e9sultats positifs en mati\u00e8re de sant\u00e9 et \u00e0 un changement durable au sein du syst\u00e8me.<\/p>\n<p><strong>Diffusons des connaissances<\/strong><br \/>\nNous rassemblons et diffusons des donn\u00e9es probantes afin d\u2019encourager l\u2019innovation dans les soins contre le cancer et de tisser des liens qui favorisent des changements r\u00e9els et positifs.<\/p>\n<p><strong>Rassemblons<\/strong><br \/>\nNous r\u00e9unissons des personnes et des organisations de tout le pays pour faire conna\u00eetre ce qui fonctionne et d\u00e9terminer de possibles mesures collectives.<\/p>\n<p><strong>Nous adaptons<\/strong><br \/>\nNous cernons les nouveaux enjeux et adaptons nos efforts de financement et de mise en \u0153uvre pour concentrer notre soutien l\u00e0 o\u00f9 il est le plus n\u00e9cessaire.<\/p>\n","protected":false},"excerpt":{"rendered":"<p>En tant que coordonnateur de la Strat\u00e9gie canadienne de lutte contre le cancer, le Partenariat travaille en \u00e9troite collaboration avec un large \u00e9ventail de partenaires du milieu de la sant\u00e9 et de la lutte contre le cancer, dans l\u2019ensemble du pays et \u00e0 tous les ordres de gouvernement, pour concevoir et mettre en \u0153uvre des [&hellip;]<\/p>\n","protected":false},"author":24,"featured_media":0,"parent":45902,"menu_order":4,"comment_status":"closed","ping_status":"closed","template":"","meta":{"_acf_changed":false,"_monsterinsights_skip_tracking":false,"_monsterinsights_sitenote_active":false,"_monsterinsights_sitenote_note":"","_monsterinsights_sitenote_category":0,"ep_exclude_from_search":false,"footnotes":""},"categories":[],"tags":[],"site-tools":[],"ppma_author":[1964],"class_list":["post-35732","page","type-page","status-publish","hentry"],"acf":[],"yoast_head":"<!-- This site is optimized with the Yoast SEO plugin v27.3 - https:\/\/yoast.com\/product\/yoast-seo-wordpress\/ -->\n<title>Canadian Partnership Against Cancer<\/title>\n<meta name=\"description\" content=\"Le Partenariat soutient les efforts d\u00e9ploy\u00e9s par les organismes et les programmes de lutte contre le cancer, les partenaires du syst\u00e8me de sant\u00e9 et les communaut\u00e9s au Canada pour am\u00e9liorer les r\u00e9sultats li\u00e9s au cancer.\" \/>\n<meta name=\"robots\" content=\"index, follow, max-snippet:-1, max-image-preview:large, max-video-preview:-1\" \/>\n<link rel=\"canonical\" href=\"https:\/\/www.partnershipagainstcancer.ca\/fr\/about-us\/what-we-do\/partners\/\" \/>\n<meta property=\"og:locale\" content=\"fr_FR\" \/>\n<meta property=\"og:type\" content=\"article\" \/>\n<meta property=\"og:title\" content=\"Partenaires \u2013 Partenariat canadien contre le cancer\" \/>\n<meta property=\"og:description\" content=\"Le Partenariat soutient les efforts d\u00e9ploy\u00e9s par les organismes et les programmes de lutte contre le cancer, les partenaires du syst\u00e8me de sant\u00e9 et les communaut\u00e9s au Canada pour am\u00e9liorer les r\u00e9sultats li\u00e9s au cancer.\" \/>\n<meta property=\"og:url\" content=\"https:\/\/www.partnershipagainstcancer.ca\/fr\/about-us\/what-we-do\/partners\/\" \/>\n<meta property=\"og:site_name\" content=\"Canadian Partnership Against Cancer\" \/>\n<meta property=\"article:publisher\" content=\"https:\/\/www.facebook.com\/CanadianPartnershipAgainstCancer\/\" \/>\n<meta property=\"article:modified_time\" content=\"2023-10-12T14:52:19+00:00\" \/>\n<meta name=\"twitter:card\" content=\"summary_large_image\" \/>\n<meta name=\"twitter:site\" content=\"@cancerstratca\" \/>\n<meta name=\"twitter:label1\" content=\"Dur\u00e9e de lecture estim\u00e9e\" \/>\n\t<meta name=\"twitter:data1\" content=\"2 minutes\" \/>\n<script type=\"application\/ld+json\" class=\"yoast-schema-graph\">{\"@context\":\"https:\\\/\\\/schema.org\",\"@graph\":[{\"@type\":\"WebPage\",\"@id\":\"https:\\\/\\\/www.partnershipagainstcancer.ca\\\/fr\\\/about-us\\\/what-we-do\\\/partners\\\/\",\"url\":\"https:\\\/\\\/www.partnershipagainstcancer.ca\\\/fr\\\/about-us\\\/what-we-do\\\/partners\\\/\",\"name\":\"Partenaires \u2013 Partenariat canadien contre le cancer\",\"isPartOf\":{\"@id\":\"https:\\\/\\\/dev.partnershipagainstcancer.ca\\\/#website\"},\"datePublished\":\"2017-11-26T18:48:05+00:00\",\"dateModified\":\"2023-10-12T14:52:19+00:00\",\"description\":\"Le Partenariat soutient les efforts d\u00e9ploy\u00e9s par les organismes et les programmes de lutte contre le cancer, les partenaires du syst\u00e8me de sant\u00e9 et les communaut\u00e9s au Canada pour am\u00e9liorer les r\u00e9sultats li\u00e9s au cancer.\",\"breadcrumb\":{\"@id\":\"https:\\\/\\\/www.partnershipagainstcancer.ca\\\/fr\\\/about-us\\\/what-we-do\\\/partners\\\/#breadcrumb\"},\"inLanguage\":\"fr-FR\",\"potentialAction\":[{\"@type\":\"ReadAction\",\"target\":[\"https:\\\/\\\/www.partnershipagainstcancer.ca\\\/fr\\\/about-us\\\/what-we-do\\\/partners\\\/\"]}]},{\"@type\":\"BreadcrumbList\",\"@id\":\"https:\\\/\\\/www.partnershipagainstcancer.ca\\\/fr\\\/about-us\\\/what-we-do\\\/partners\\\/#breadcrumb\",\"itemListElement\":[{\"@type\":\"ListItem\",\"position\":1,\"name\":\"\u00c0 propos de nous\",\"item\":\"https:\\\/\\\/www.partnershipagainstcancer.ca\\\/fr\\\/about-us\\\/\"},{\"@type\":\"ListItem\",\"position\":2,\"name\":\"Ce que nous faisons\",\"item\":\"https:\\\/\\\/www.partnershipagainstcancer.ca\\\/fr\\\/about-us\\\/what-we-do\\\/\"},{\"@type\":\"ListItem\",\"position\":3,\"name\":\"Partenaires\"}]},{\"@type\":\"WebSite\",\"@id\":\"https:\\\/\\\/dev.partnershipagainstcancer.ca\\\/#website\",\"url\":\"https:\\\/\\\/dev.partnershipagainstcancer.ca\\\/\",\"name\":\"Canadian Partnership Against Cancer\",\"description\":\"\",\"potentialAction\":[{\"@type\":\"SearchAction\",\"target\":{\"@type\":\"EntryPoint\",\"urlTemplate\":\"https:\\\/\\\/dev.partnershipagainstcancer.ca\\\/?s={search_term_string}\"},\"query-input\":{\"@type\":\"PropertyValueSpecification\",\"valueRequired\":true,\"valueName\":\"search_term_string\"}}],\"inLanguage\":\"fr-FR\"}]}<\/script>\n<!-- \/ Yoast SEO plugin. -->","yoast_head_json":{"title":"Canadian Partnership Against Cancer","description":"Le Partenariat soutient les efforts d\u00e9ploy\u00e9s par les organismes et les programmes de lutte contre le cancer, les partenaires du syst\u00e8me de sant\u00e9 et les communaut\u00e9s au Canada pour am\u00e9liorer les r\u00e9sultats li\u00e9s au cancer.","robots":{"index":"index","follow":"follow","max-snippet":"max-snippet:-1","max-image-preview":"max-image-preview:large","max-video-preview":"max-video-preview:-1"},"canonical":"https:\/\/www.partnershipagainstcancer.ca\/fr\/about-us\/what-we-do\/partners\/","og_locale":"fr_FR","og_type":"article","og_title":"Partenaires \u2013 Partenariat canadien contre le cancer","og_description":"Le Partenariat soutient les efforts d\u00e9ploy\u00e9s par les organismes et les programmes de lutte contre le cancer, les partenaires du syst\u00e8me de sant\u00e9 et les communaut\u00e9s au Canada pour am\u00e9liorer les r\u00e9sultats li\u00e9s au cancer.","og_url":"https:\/\/www.partnershipagainstcancer.ca\/fr\/about-us\/what-we-do\/partners\/","og_site_name":"Canadian Partnership Against Cancer","article_publisher":"https:\/\/www.facebook.com\/CanadianPartnershipAgainstCancer\/","article_modified_time":"2023-10-12T14:52:19+00:00","twitter_card":"summary_large_image","twitter_site":"@cancerstratca","twitter_misc":{"Dur\u00e9e de lecture estim\u00e9e":"2 minutes"},"schema":{"@context":"https:\/\/schema.org","@graph":[{"@type":"WebPage","@id":"https:\/\/www.partnershipagainstcancer.ca\/fr\/about-us\/what-we-do\/partners\/","url":"https:\/\/www.partnershipagainstcancer.ca\/fr\/about-us\/what-we-do\/partners\/","name":"Partenaires \u2013 Partenariat canadien contre le cancer","isPartOf":{"@id":"https:\/\/dev.partnershipagainstcancer.ca\/#website"},"datePublished":"2017-11-26T18:48:05+00:00","dateModified":"2023-10-12T14:52:19+00:00","description":"Le Partenariat soutient les efforts d\u00e9ploy\u00e9s par les organismes et les programmes de lutte contre le cancer, les partenaires du syst\u00e8me de sant\u00e9 et les communaut\u00e9s au Canada pour am\u00e9liorer les r\u00e9sultats li\u00e9s au cancer.","breadcrumb":{"@id":"https:\/\/www.partnershipagainstcancer.ca\/fr\/about-us\/what-we-do\/partners\/#breadcrumb"},"inLanguage":"fr-FR","potentialAction":[{"@type":"ReadAction","target":["https:\/\/www.partnershipagainstcancer.ca\/fr\/about-us\/what-we-do\/partners\/"]}]},{"@type":"BreadcrumbList","@id":"https:\/\/www.partnershipagainstcancer.ca\/fr\/about-us\/what-we-do\/partners\/#breadcrumb","itemListElement":[{"@type":"ListItem","position":1,"name":"\u00c0 propos de nous","item":"https:\/\/www.partnershipagainstcancer.ca\/fr\/about-us\/"},{"@type":"ListItem","position":2,"name":"Ce que nous faisons","item":"https:\/\/www.partnershipagainstcancer.ca\/fr\/about-us\/what-we-do\/"},{"@type":"ListItem","position":3,"name":"Partenaires"}]},{"@type":"WebSite","@id":"https:\/\/dev.partnershipagainstcancer.ca\/#website","url":"https:\/\/dev.partnershipagainstcancer.ca\/","name":"Canadian Partnership Against Cancer","description":"","potentialAction":[{"@type":"SearchAction","target":{"@type":"EntryPoint","urlTemplate":"https:\/\/dev.partnershipagainstcancer.ca\/?s={search_term_string}"},"query-input":{"@type":"PropertyValueSpecification","valueRequired":true,"valueName":"search_term_string"}}],"inLanguage":"fr-FR"}]}},"_links":{"self":[{"href":"https:\/\/www.partnershipagainstcancer.ca\/fr\/wp-json\/wp\/v2\/pages\/35732","targetHints":{"allow":["GET"]}}],"collection":[{"href":"https:\/\/www.partnershipagainstcancer.ca\/fr\/wp-json\/wp\/v2\/pages"}],"about":[{"href":"https:\/\/www.partnershipagainstcancer.ca\/fr\/wp-json\/wp\/v2\/types\/page"}],"author":[{"embeddable":true,"href":"https:\/\/www.partnershipagainstcancer.ca\/fr\/wp-json\/wp\/v2\/users\/24"}],"replies":[{"embeddable":true,"href":"https:\/\/www.partnershipagainstcancer.ca\/fr\/wp-json\/wp\/v2\/comments?post=35732"}],"version-history":[{"count":3,"href":"https:\/\/www.partnershipagainstcancer.ca\/fr\/wp-json\/wp\/v2\/pages\/35732\/revisions"}],"predecessor-version":[{"id":63623,"href":"https:\/\/www.partnershipagainstcancer.ca\/fr\/wp-json\/wp\/v2\/pages\/35732\/revisions\/63623"}],"up":[{"embeddable":true,"href":"https:\/\/www.partnershipagainstcancer.ca\/fr\/wp-json\/wp\/v2\/pages\/45902"}],"wp:attachment":[{"href":"https:\/\/www.partnershipagainstcancer.ca\/fr\/wp-json\/wp\/v2\/media?parent=35732"}],"wp:term":[{"taxonomy":"category","embeddable":true,"href":"https:\/\/www.partnershipagainstcancer.ca\/fr\/wp-json\/wp\/v2\/categories?post=35732"},{"taxonomy":"post_tag","embeddable":true,"href":"https:\/\/www.partnershipagainstcancer.ca\/fr\/wp-json\/wp\/v2\/tags?post=35732"},{"taxonomy":"site-tools","embeddable":true,"href":"https:\/\/www.partnershipagainstcancer.ca\/fr\/wp-json\/wp\/v2\/site-tools?post=35732"},{"taxonomy":"author","embeddable":true,"href":"https:\/\/www.partnershipagainstcancer.ca\/fr\/wp-json\/wp\/v2\/ppma_author?post=35732"}],"curies":[{"name":"wp","href":"https:\/\/api.w.org\/{rel}","templated":true}]}}