{"id":35455,"date":"2017-11-06T14:46:09","date_gmt":"2017-11-06T14:46:09","guid":{"rendered":"https:\/\/www.partnershipagainstcancer.ca\/?page_id=35455"},"modified":"2024-04-03T13:02:30","modified_gmt":"2024-04-03T18:02:30","slug":"vendor-services","status":"publish","type":"page","link":"https:\/\/www.partnershipagainstcancer.ca\/fr\/work-with-us\/vendor-services\/","title":{"rendered":"Services aux fournisseurs"},"content":{"rendered":"<p>Le Partenariat canadien contre le cancer (le Partenariat) est un organisme ind\u00e9pendant financ\u00e9 par le gouvernement f\u00e9d\u00e9ral et investi du mandat d\u2019acc\u00e9l\u00e9rer la lutte contre le cancer pour tous les Canadiens. Le mod\u00e8le unique du Partenariat permet d\u2019aborder la lutte contre le cancer par le biais d\u2019une coop\u00e9ration et d\u2019une collaboration entre les territoires de comp\u00e9tence et les organismes afin d\u2019optimiser l\u2019efficacit\u00e9 et l\u2019efficience dans l\u2019ensemble du continuum de la lutte contre le cancer.<\/p>\n<p>Lorsque le Partenariat engage des fournisseurs pour fournir un service, nous suivons notre <a href=\"https:\/\/www.partnershipagainstcancer.ca\/wp-content\/uploads\/2019\/09\/Procurement-Policy_2019-FR.pdf\" target=\"_blank\" rel=\"noopener noreferrer\">politique d&rsquo;approvisionnement<\/a>. Nous affichons des offres concurrentielles dans la section des offres concurrentielles ouvertes de ce site Web et nous pouvons \u00e9galement les annoncer publiquement sur <a href=\"http:\/\/www.merx.com\/\" target=\"_blank\" rel=\"noopener noreferrer\">MERX <\/a>et <a href=\"https:\/\/biddingo.com\/\" target=\"_blank\" rel=\"noopener noreferrer\">Biddingo.com<\/a>.<\/p>\n<p>Pour obtenir de plus amples renseignements, veuillez envoyer un courriel \u00e0 l\u2019adresse <a href=\"mailto:procurement@partenariatcontrelecancer.ca\">procurement@partenariatcontrelecancer.ca<\/a> ou appeler notre \u00e9quipe des Services aux partenaires et aux fournisseurs au 416-915-9222, poste\u00a05736.<\/p>\n<p>Remarque\u00a0: toutes les possibilit\u00e9s d\u2019approvisionnement\u00a0sont actuellement disponibles en anglais. Leur traduction fran\u00e7aise est <a href=\"mailto:procurement@partenariatcontrelecancer.ca\" target=\"_blank\" rel=\"noopener noreferrer\">disponible sur demande<\/a>.<\/p>\n","protected":false},"excerpt":{"rendered":"<p>Le Partenariat canadien contre le cancer (le Partenariat) est un organisme ind\u00e9pendant financ\u00e9 par le gouvernement f\u00e9d\u00e9ral et investi du mandat d\u2019acc\u00e9l\u00e9rer la lutte contre le cancer pour tous les Canadiens. Le mod\u00e8le unique du Partenariat permet d\u2019aborder la lutte contre le cancer par le biais d\u2019une coop\u00e9ration et d\u2019une collaboration entre les territoires de [&hellip;]<\/p>\n","protected":false},"author":24,"featured_media":0,"parent":13326,"menu_order":15,"comment_status":"closed","ping_status":"closed","template":"partner-vendor.php","meta":{"_acf_changed":false,"_monsterinsights_skip_tracking":false,"_monsterinsights_sitenote_active":false,"_monsterinsights_sitenote_note":"","_monsterinsights_sitenote_category":0,"ep_exclude_from_search":false,"footnotes":""},"categories":[],"tags":[],"site-tools":[],"ppma_author":[],"class_list":["post-35455","page","type-page","status-publish","hentry"],"acf":[],"yoast_head":"<!-- This site is optimized with the Yoast SEO plugin v27.3 - https:\/\/yoast.com\/product\/yoast-seo-wordpress\/ -->\n<title>Canadian Partnership Against Cancer<\/title>\n<meta name=\"robots\" content=\"index, follow, max-snippet:-1, max-image-preview:large, max-video-preview:-1\" \/>\n<link rel=\"canonical\" href=\"https:\/\/www.partnershipagainstcancer.ca\/fr\/work-with-us\/vendor-services\/\" \/>\n<meta property=\"og:locale\" content=\"fr_FR\" \/>\n<meta property=\"og:type\" content=\"article\" \/>\n<meta property=\"og:title\" content=\"Services aux fournisseurs - Canadian Partnership Against Cancer\" \/>\n<meta property=\"og:description\" content=\"Le Partenariat canadien contre le cancer (le Partenariat) est un organisme ind\u00e9pendant financ\u00e9 par le gouvernement f\u00e9d\u00e9ral et investi du mandat d\u2019acc\u00e9l\u00e9rer la lutte contre le cancer pour tous les Canadiens. Le mod\u00e8le unique du Partenariat permet d\u2019aborder la lutte contre le cancer par le biais d\u2019une coop\u00e9ration et d\u2019une collaboration entre les territoires de [&hellip;]\" \/>\n<meta property=\"og:url\" content=\"https:\/\/www.partnershipagainstcancer.ca\/fr\/work-with-us\/vendor-services\/\" \/>\n<meta property=\"og:site_name\" content=\"Canadian Partnership Against Cancer\" \/>\n<meta property=\"article:publisher\" content=\"https:\/\/www.facebook.com\/CanadianPartnershipAgainstCancer\/\" \/>\n<meta property=\"article:modified_time\" content=\"2024-04-03T18:02:30+00:00\" \/>\n<meta name=\"twitter:card\" content=\"summary_large_image\" \/>\n<meta name=\"twitter:site\" content=\"@cancerstratca\" \/>\n<meta name=\"twitter:label1\" content=\"Dur\u00e9e de lecture estim\u00e9e\" \/>\n\t<meta name=\"twitter:data1\" content=\"1 minute\" \/>\n<script type=\"application\/ld+json\" class=\"yoast-schema-graph\">{\"@context\":\"https:\\\/\\\/schema.org\",\"@graph\":[{\"@type\":\"WebPage\",\"@id\":\"https:\\\/\\\/www.partnershipagainstcancer.ca\\\/fr\\\/work-with-us\\\/vendor-services\\\/\",\"url\":\"https:\\\/\\\/www.partnershipagainstcancer.ca\\\/fr\\\/work-with-us\\\/vendor-services\\\/\",\"name\":\"Services aux fournisseurs - Canadian Partnership Against Cancer\",\"isPartOf\":{\"@id\":\"https:\\\/\\\/dev.partnershipagainstcancer.ca\\\/#website\"},\"datePublished\":\"2017-11-06T14:46:09+00:00\",\"dateModified\":\"2024-04-03T18:02:30+00:00\",\"breadcrumb\":{\"@id\":\"https:\\\/\\\/www.partnershipagainstcancer.ca\\\/fr\\\/work-with-us\\\/vendor-services\\\/#breadcrumb\"},\"inLanguage\":\"fr-FR\",\"potentialAction\":[{\"@type\":\"ReadAction\",\"target\":[\"https:\\\/\\\/www.partnershipagainstcancer.ca\\\/fr\\\/work-with-us\\\/vendor-services\\\/\"]}]},{\"@type\":\"BreadcrumbList\",\"@id\":\"https:\\\/\\\/www.partnershipagainstcancer.ca\\\/fr\\\/work-with-us\\\/vendor-services\\\/#breadcrumb\",\"itemListElement\":[{\"@type\":\"ListItem\",\"position\":1,\"name\":\"Faites \u00e9quipe avec nous\",\"item\":\"https:\\\/\\\/www.partnershipagainstcancer.ca\\\/fr\\\/work-with-us\\\/\"},{\"@type\":\"ListItem\",\"position\":2,\"name\":\"Services aux fournisseurs\"}]},{\"@type\":\"WebSite\",\"@id\":\"https:\\\/\\\/dev.partnershipagainstcancer.ca\\\/#website\",\"url\":\"https:\\\/\\\/dev.partnershipagainstcancer.ca\\\/\",\"name\":\"Canadian Partnership Against Cancer\",\"description\":\"\",\"potentialAction\":[{\"@type\":\"SearchAction\",\"target\":{\"@type\":\"EntryPoint\",\"urlTemplate\":\"https:\\\/\\\/dev.partnershipagainstcancer.ca\\\/?s={search_term_string}\"},\"query-input\":{\"@type\":\"PropertyValueSpecification\",\"valueRequired\":true,\"valueName\":\"search_term_string\"}}],\"inLanguage\":\"fr-FR\"}]}<\/script>\n<!-- \/ Yoast SEO plugin. -->","yoast_head_json":{"title":"Canadian Partnership Against Cancer","robots":{"index":"index","follow":"follow","max-snippet":"max-snippet:-1","max-image-preview":"max-image-preview:large","max-video-preview":"max-video-preview:-1"},"canonical":"https:\/\/www.partnershipagainstcancer.ca\/fr\/work-with-us\/vendor-services\/","og_locale":"fr_FR","og_type":"article","og_title":"Services aux fournisseurs - Canadian Partnership Against Cancer","og_description":"Le Partenariat canadien contre le cancer (le Partenariat) est un organisme ind\u00e9pendant financ\u00e9 par le gouvernement f\u00e9d\u00e9ral et investi du mandat d\u2019acc\u00e9l\u00e9rer la lutte contre le cancer pour tous les Canadiens. Le mod\u00e8le unique du Partenariat permet d\u2019aborder la lutte contre le cancer par le biais d\u2019une coop\u00e9ration et d\u2019une collaboration entre les territoires de [&hellip;]","og_url":"https:\/\/www.partnershipagainstcancer.ca\/fr\/work-with-us\/vendor-services\/","og_site_name":"Canadian Partnership Against Cancer","article_publisher":"https:\/\/www.facebook.com\/CanadianPartnershipAgainstCancer\/","article_modified_time":"2024-04-03T18:02:30+00:00","twitter_card":"summary_large_image","twitter_site":"@cancerstratca","twitter_misc":{"Dur\u00e9e de lecture estim\u00e9e":"1 minute"},"schema":{"@context":"https:\/\/schema.org","@graph":[{"@type":"WebPage","@id":"https:\/\/www.partnershipagainstcancer.ca\/fr\/work-with-us\/vendor-services\/","url":"https:\/\/www.partnershipagainstcancer.ca\/fr\/work-with-us\/vendor-services\/","name":"Services aux fournisseurs - Canadian Partnership Against Cancer","isPartOf":{"@id":"https:\/\/dev.partnershipagainstcancer.ca\/#website"},"datePublished":"2017-11-06T14:46:09+00:00","dateModified":"2024-04-03T18:02:30+00:00","breadcrumb":{"@id":"https:\/\/www.partnershipagainstcancer.ca\/fr\/work-with-us\/vendor-services\/#breadcrumb"},"inLanguage":"fr-FR","potentialAction":[{"@type":"ReadAction","target":["https:\/\/www.partnershipagainstcancer.ca\/fr\/work-with-us\/vendor-services\/"]}]},{"@type":"BreadcrumbList","@id":"https:\/\/www.partnershipagainstcancer.ca\/fr\/work-with-us\/vendor-services\/#breadcrumb","itemListElement":[{"@type":"ListItem","position":1,"name":"Faites \u00e9quipe avec nous","item":"https:\/\/www.partnershipagainstcancer.ca\/fr\/work-with-us\/"},{"@type":"ListItem","position":2,"name":"Services aux fournisseurs"}]},{"@type":"WebSite","@id":"https:\/\/dev.partnershipagainstcancer.ca\/#website","url":"https:\/\/dev.partnershipagainstcancer.ca\/","name":"Canadian Partnership Against Cancer","description":"","potentialAction":[{"@type":"SearchAction","target":{"@type":"EntryPoint","urlTemplate":"https:\/\/dev.partnershipagainstcancer.ca\/?s={search_term_string}"},"query-input":{"@type":"PropertyValueSpecification","valueRequired":true,"valueName":"search_term_string"}}],"inLanguage":"fr-FR"}]}},"_links":{"self":[{"href":"https:\/\/www.partnershipagainstcancer.ca\/fr\/wp-json\/wp\/v2\/pages\/35455","targetHints":{"allow":["GET"]}}],"collection":[{"href":"https:\/\/www.partnershipagainstcancer.ca\/fr\/wp-json\/wp\/v2\/pages"}],"about":[{"href":"https:\/\/www.partnershipagainstcancer.ca\/fr\/wp-json\/wp\/v2\/types\/page"}],"author":[{"embeddable":true,"href":"https:\/\/www.partnershipagainstcancer.ca\/fr\/wp-json\/wp\/v2\/users\/24"}],"replies":[{"embeddable":true,"href":"https:\/\/www.partnershipagainstcancer.ca\/fr\/wp-json\/wp\/v2\/comments?post=35455"}],"version-history":[{"count":4,"href":"https:\/\/www.partnershipagainstcancer.ca\/fr\/wp-json\/wp\/v2\/pages\/35455\/revisions"}],"predecessor-version":[{"id":67965,"href":"https:\/\/www.partnershipagainstcancer.ca\/fr\/wp-json\/wp\/v2\/pages\/35455\/revisions\/67965"}],"up":[{"embeddable":true,"href":"https:\/\/www.partnershipagainstcancer.ca\/fr\/wp-json\/wp\/v2\/pages\/13326"}],"wp:attachment":[{"href":"https:\/\/www.partnershipagainstcancer.ca\/fr\/wp-json\/wp\/v2\/media?parent=35455"}],"wp:term":[{"taxonomy":"category","embeddable":true,"href":"https:\/\/www.partnershipagainstcancer.ca\/fr\/wp-json\/wp\/v2\/categories?post=35455"},{"taxonomy":"post_tag","embeddable":true,"href":"https:\/\/www.partnershipagainstcancer.ca\/fr\/wp-json\/wp\/v2\/tags?post=35455"},{"taxonomy":"site-tools","embeddable":true,"href":"https:\/\/www.partnershipagainstcancer.ca\/fr\/wp-json\/wp\/v2\/site-tools?post=35455"},{"taxonomy":"author","embeddable":true,"href":"https:\/\/www.partnershipagainstcancer.ca\/fr\/wp-json\/wp\/v2\/ppma_author?post=35455"}],"curies":[{"name":"wp","href":"https:\/\/api.w.org\/{rel}","templated":true}]}}