{"id":35261,"date":"2017-10-31T21:55:54","date_gmt":"2017-10-31T21:55:54","guid":{"rendered":"https:\/\/www.partnershipagainstcancer.ca\/?page_id=35261\/"},"modified":"2023-10-03T08:54:11","modified_gmt":"2023-10-03T13:54:11","slug":"prevention-policies-directory","status":"publish","type":"page","link":"https:\/\/www.partnershipagainstcancer.ca\/fr\/tools\/prevention-policies-directory\/","title":{"rendered":"R\u00e9pertoire des politiques de pr\u00e9vention"},"content":{"rendered":"<p>Le R\u00e9pertoire des politiques de pr\u00e9vention (le R\u00e9pertoire) a permis aux chercheurs et aux sp\u00e9cialistes des politiques qui \u0153uvrent dans le domaine de la sant\u00e9 publique de trouver facilement des politiques li\u00e9es \u00e0 la pr\u00e9vention du cancer et des maladies chroniques. Nos<a href=\"https:\/\/www.partnershipagainstcancer.ca\/fr\/tools\/prevention-policies-directory\/cancer-prevention-policy-packs\/\"><strong> Ressources sur les politiques de pr\u00e9vention du cancer<\/strong><\/a> r\u00e9sument les informations tir\u00e9es du R\u00e9pertoire et d\u2019autres sources cl\u00e9s, fournissant ainsi une vision plus riche du paysage politique au Canada.<\/p>\n<h3>Obtenir un exemplaire du R\u00e9pertoire<\/h3>\n<p>Dans le cadre d\u2019efforts visant \u00e0 axer nos ressources sur les priorit\u00e9s \u00e9mergentes \u00e9nonc\u00e9es dans <a href=\"https:\/\/www.partnershipagainstcancer.ca\/fr\/cancer-strategy\/\"><em>la Strat\u00e9gie canadienne de lutte contre le cancer<\/em><\/a>, nous avons retir\u00e9 le R\u00e9pertoire. La mise \u00e0 jour finale a \u00e9t\u00e9 apport\u00e9e le 31 mars 2022.<\/p>\n<p>Si vous souhaitez recevoir le contenu le plus r\u00e9cent du R\u00e9pertoire des politiques de pr\u00e9vention, veuillez fournir les renseignements suivants. Vous recevrez un courriel contenant un exemplaire du fichier Excel dans les 2 \u00e0 3 jours ouvrables suivant la r\u00e9ception de votre demande. Veuillez remplir tous les champs ci-dessous pour que nous puissions traiter votre demande de donn\u00e9es.<\/p>\n<p><iframe loading=\"lazy\" id=\"fs-survey-iframe\" style=\"border: none; zoom: 1; width: 100%; height: 1230px;\" title=\"Demande d\u2019exportation de la base de donn\u00e9es Excel\" src=\"https:\/\/cpacc.questionpro.ca\/t\/AB3unakZB3ut8y?mode=languageSelected&amp;externalID=273\" width=\"100%\" height=\"1800\" frameborder=\"0\"><\/iframe><\/p>\n<h3><strong>Qu\u2019est-ce que le R\u00e9pertoire des politiques de pr\u00e9vention?<\/strong><\/h3>\n<p>Le R\u00e9pertoire des politiques de pr\u00e9vention est un outil qui a permis aux chercheurs, aux praticiens et aux sp\u00e9cialistes des politiques qui \u0153uvrent dans les domaines de la sant\u00e9 de la population et de la sant\u00e9 publique de trouver des politiques canadiennes li\u00e9es \u00e0 la pr\u00e9vention du cancer et des maladies chroniques. Le R\u00e9pertoire a pu servir de point de d\u00e9part pour la recherche, l\u2019analyse, l\u2019\u00e9laboration, l\u2019\u00e9valuation et le suivi des politiques.<\/p>\n<p>Le R\u00e9pertoire contient des politiques canadiennes aux niveaux f\u00e9d\u00e9ral, provincial, territorial et municipal concernant les principaux facteurs de risque modifiables du cancer et des maladies chroniques. Ces facteurs de risque comprennent\u00a0:<\/p>\n<ul>\n<li>Le tabagisme commercial<\/li>\n<li>Le manque d\u2019activit\u00e9 physique<\/li>\n<li>L\u2019alimentation malsaine<\/li>\n<li>Les rayonnements ionisants et UV<\/li>\n<li>Les agents infectieux<\/li>\n<li>La consommation d\u2019alcool<\/li>\n<li>Les canc\u00e9rog\u00e8nes environnementaux et professionnels<\/li>\n<\/ul>\n<p>Chaque entr\u00e9e du R\u00e9pertoire est cod\u00e9e par des domaines tels que le facteur de risque, le type de politique, l&rsquo;action politique, le cadre et le lieu.<\/p>\n<p>Pour obtenir de plus amples renseignements sur l\u2019\u00e9laboration du R\u00e9pertoire, veuillez consulter la publication \u00e9valu\u00e9e par les pairs intitul\u00e9e : <a href=\"https:\/\/journals.uic.edu\/ojs\/index.php\/ojphi\/article\/view\/5372\" target=\"_blank\" rel=\"noopener\">Supporting the diffusion of healthy public policy in Canada: the Prevention Policies Directory<\/a> (soutenir la diffusion des politiques de sant\u00e9 publique au Canada : le R\u00e9pertoire des politiques de pr\u00e9vention) (en anglais seulement).<\/p>\n<p>Citation standard :\u00a0Partenariat canadien contre le cancer. (2012). R\u00e9pertoire des politiques de pr\u00e9vention. Consult\u00e9 le XX mois 20XX \u00e0 : <a href=\"https:\/\/www.partnershipagainstcancer.ca\/fr\/tools\/prevention-policies-directory\">https:\/\/www.partnershipagainstcancer.ca\/fr\/tools\/prevention-policies-directory<\/a><\/p>\n","protected":false},"excerpt":{"rendered":"<p>Le R\u00e9pertoire des politiques de pr\u00e9vention (le R\u00e9pertoire) a permis aux chercheurs et aux sp\u00e9cialistes des politiques qui \u0153uvrent dans le domaine de la sant\u00e9 publique de trouver facilement des politiques li\u00e9es \u00e0 la pr\u00e9vention du cancer et des maladies chroniques. Nos Ressources sur les politiques de pr\u00e9vention du cancer r\u00e9sument les informations tir\u00e9es du [&hellip;]<\/p>\n","protected":false},"author":24,"featured_media":0,"parent":34550,"menu_order":10,"comment_status":"closed","ping_status":"closed","template":"content-1col.php","meta":{"_acf_changed":false,"_monsterinsights_skip_tracking":false,"_monsterinsights_sitenote_active":false,"_monsterinsights_sitenote_note":"","_monsterinsights_sitenote_category":0,"ep_exclude_from_search":false,"footnotes":""},"categories":[],"tags":[],"site-tools":[1243],"ppma_author":[1964],"class_list":["post-35261","page","type-page","status-publish","hentry","site-tools-tools-and-databases-fr"],"acf":[],"yoast_head":"<!-- This site is optimized with the Yoast SEO plugin v27.3 - https:\/\/yoast.com\/product\/yoast-seo-wordpress\/ -->\n<title>Canadian Partnership Against Cancer<\/title>\n<meta name=\"robots\" content=\"index, follow, max-snippet:-1, max-image-preview:large, max-video-preview:-1\" \/>\n<link rel=\"canonical\" href=\"https:\/\/www.partnershipagainstcancer.ca\/fr\/tools\/prevention-policies-directory\/\" \/>\n<meta property=\"og:locale\" content=\"fr_FR\" \/>\n<meta property=\"og:type\" content=\"article\" \/>\n<meta property=\"og:title\" content=\"R\u00e9pertoire des politiques de pr\u00e9vention - Canadian Partnership Against Cancer\" \/>\n<meta property=\"og:description\" content=\"Le R\u00e9pertoire des politiques de pr\u00e9vention (le R\u00e9pertoire) a permis aux chercheurs et aux sp\u00e9cialistes des politiques qui \u0153uvrent dans le domaine de la sant\u00e9 publique de trouver facilement des politiques li\u00e9es \u00e0 la pr\u00e9vention du cancer et des maladies chroniques. Nos Ressources sur les politiques de pr\u00e9vention du cancer r\u00e9sument les informations tir\u00e9es du [&hellip;]\" \/>\n<meta property=\"og:url\" content=\"https:\/\/www.partnershipagainstcancer.ca\/fr\/tools\/prevention-policies-directory\/\" \/>\n<meta property=\"og:site_name\" content=\"Canadian Partnership Against Cancer\" \/>\n<meta property=\"article:publisher\" content=\"https:\/\/www.facebook.com\/CanadianPartnershipAgainstCancer\/\" \/>\n<meta property=\"article:modified_time\" content=\"2023-10-03T13:54:11+00:00\" \/>\n<meta name=\"twitter:card\" content=\"summary_large_image\" \/>\n<meta name=\"twitter:site\" content=\"@cancerstratca\" \/>\n<meta name=\"twitter:label1\" content=\"Dur\u00e9e de lecture estim\u00e9e\" \/>\n\t<meta name=\"twitter:data1\" content=\"2 minutes\" \/>\n<script type=\"application\/ld+json\" class=\"yoast-schema-graph\">{\"@context\":\"https:\\\/\\\/schema.org\",\"@graph\":[{\"@type\":\"WebPage\",\"@id\":\"https:\\\/\\\/www.partnershipagainstcancer.ca\\\/fr\\\/tools\\\/prevention-policies-directory\\\/\",\"url\":\"https:\\\/\\\/www.partnershipagainstcancer.ca\\\/fr\\\/tools\\\/prevention-policies-directory\\\/\",\"name\":\"R\u00e9pertoire des politiques de pr\u00e9vention - Canadian Partnership Against Cancer\",\"isPartOf\":{\"@id\":\"https:\\\/\\\/dev.partnershipagainstcancer.ca\\\/#website\"},\"datePublished\":\"2017-10-31T21:55:54+00:00\",\"dateModified\":\"2023-10-03T13:54:11+00:00\",\"breadcrumb\":{\"@id\":\"https:\\\/\\\/www.partnershipagainstcancer.ca\\\/fr\\\/tools\\\/prevention-policies-directory\\\/#breadcrumb\"},\"inLanguage\":\"fr-FR\",\"potentialAction\":[{\"@type\":\"ReadAction\",\"target\":[\"https:\\\/\\\/www.partnershipagainstcancer.ca\\\/fr\\\/tools\\\/prevention-policies-directory\\\/\"]}]},{\"@type\":\"BreadcrumbList\",\"@id\":\"https:\\\/\\\/www.partnershipagainstcancer.ca\\\/fr\\\/tools\\\/prevention-policies-directory\\\/#breadcrumb\",\"itemListElement\":[{\"@type\":\"ListItem\",\"position\":1,\"name\":\"Outils\",\"item\":\"https:\\\/\\\/www.partnershipagainstcancer.ca\\\/fr\\\/tools\\\/\"},{\"@type\":\"ListItem\",\"position\":2,\"name\":\"R\u00e9pertoire des politiques de pr\u00e9vention\"}]},{\"@type\":\"WebSite\",\"@id\":\"https:\\\/\\\/dev.partnershipagainstcancer.ca\\\/#website\",\"url\":\"https:\\\/\\\/dev.partnershipagainstcancer.ca\\\/\",\"name\":\"Canadian Partnership Against Cancer\",\"description\":\"\",\"potentialAction\":[{\"@type\":\"SearchAction\",\"target\":{\"@type\":\"EntryPoint\",\"urlTemplate\":\"https:\\\/\\\/dev.partnershipagainstcancer.ca\\\/?s={search_term_string}\"},\"query-input\":{\"@type\":\"PropertyValueSpecification\",\"valueRequired\":true,\"valueName\":\"search_term_string\"}}],\"inLanguage\":\"fr-FR\"}]}<\/script>\n<!-- \/ Yoast SEO plugin. -->","yoast_head_json":{"title":"Canadian Partnership Against Cancer","robots":{"index":"index","follow":"follow","max-snippet":"max-snippet:-1","max-image-preview":"max-image-preview:large","max-video-preview":"max-video-preview:-1"},"canonical":"https:\/\/www.partnershipagainstcancer.ca\/fr\/tools\/prevention-policies-directory\/","og_locale":"fr_FR","og_type":"article","og_title":"R\u00e9pertoire des politiques de pr\u00e9vention - Canadian Partnership Against Cancer","og_description":"Le R\u00e9pertoire des politiques de pr\u00e9vention (le R\u00e9pertoire) a permis aux chercheurs et aux sp\u00e9cialistes des politiques qui \u0153uvrent dans le domaine de la sant\u00e9 publique de trouver facilement des politiques li\u00e9es \u00e0 la pr\u00e9vention du cancer et des maladies chroniques. Nos Ressources sur les politiques de pr\u00e9vention du cancer r\u00e9sument les informations tir\u00e9es du [&hellip;]","og_url":"https:\/\/www.partnershipagainstcancer.ca\/fr\/tools\/prevention-policies-directory\/","og_site_name":"Canadian Partnership Against Cancer","article_publisher":"https:\/\/www.facebook.com\/CanadianPartnershipAgainstCancer\/","article_modified_time":"2023-10-03T13:54:11+00:00","twitter_card":"summary_large_image","twitter_site":"@cancerstratca","twitter_misc":{"Dur\u00e9e de lecture estim\u00e9e":"2 minutes"},"schema":{"@context":"https:\/\/schema.org","@graph":[{"@type":"WebPage","@id":"https:\/\/www.partnershipagainstcancer.ca\/fr\/tools\/prevention-policies-directory\/","url":"https:\/\/www.partnershipagainstcancer.ca\/fr\/tools\/prevention-policies-directory\/","name":"R\u00e9pertoire des politiques de pr\u00e9vention - Canadian Partnership Against Cancer","isPartOf":{"@id":"https:\/\/dev.partnershipagainstcancer.ca\/#website"},"datePublished":"2017-10-31T21:55:54+00:00","dateModified":"2023-10-03T13:54:11+00:00","breadcrumb":{"@id":"https:\/\/www.partnershipagainstcancer.ca\/fr\/tools\/prevention-policies-directory\/#breadcrumb"},"inLanguage":"fr-FR","potentialAction":[{"@type":"ReadAction","target":["https:\/\/www.partnershipagainstcancer.ca\/fr\/tools\/prevention-policies-directory\/"]}]},{"@type":"BreadcrumbList","@id":"https:\/\/www.partnershipagainstcancer.ca\/fr\/tools\/prevention-policies-directory\/#breadcrumb","itemListElement":[{"@type":"ListItem","position":1,"name":"Outils","item":"https:\/\/www.partnershipagainstcancer.ca\/fr\/tools\/"},{"@type":"ListItem","position":2,"name":"R\u00e9pertoire des politiques de pr\u00e9vention"}]},{"@type":"WebSite","@id":"https:\/\/dev.partnershipagainstcancer.ca\/#website","url":"https:\/\/dev.partnershipagainstcancer.ca\/","name":"Canadian Partnership Against Cancer","description":"","potentialAction":[{"@type":"SearchAction","target":{"@type":"EntryPoint","urlTemplate":"https:\/\/dev.partnershipagainstcancer.ca\/?s={search_term_string}"},"query-input":{"@type":"PropertyValueSpecification","valueRequired":true,"valueName":"search_term_string"}}],"inLanguage":"fr-FR"}]}},"_links":{"self":[{"href":"https:\/\/www.partnershipagainstcancer.ca\/fr\/wp-json\/wp\/v2\/pages\/35261","targetHints":{"allow":["GET"]}}],"collection":[{"href":"https:\/\/www.partnershipagainstcancer.ca\/fr\/wp-json\/wp\/v2\/pages"}],"about":[{"href":"https:\/\/www.partnershipagainstcancer.ca\/fr\/wp-json\/wp\/v2\/types\/page"}],"author":[{"embeddable":true,"href":"https:\/\/www.partnershipagainstcancer.ca\/fr\/wp-json\/wp\/v2\/users\/24"}],"replies":[{"embeddable":true,"href":"https:\/\/www.partnershipagainstcancer.ca\/fr\/wp-json\/wp\/v2\/comments?post=35261"}],"version-history":[{"count":5,"href":"https:\/\/www.partnershipagainstcancer.ca\/fr\/wp-json\/wp\/v2\/pages\/35261\/revisions"}],"predecessor-version":[{"id":64855,"href":"https:\/\/www.partnershipagainstcancer.ca\/fr\/wp-json\/wp\/v2\/pages\/35261\/revisions\/64855"}],"up":[{"embeddable":true,"href":"https:\/\/www.partnershipagainstcancer.ca\/fr\/wp-json\/wp\/v2\/pages\/34550"}],"wp:attachment":[{"href":"https:\/\/www.partnershipagainstcancer.ca\/fr\/wp-json\/wp\/v2\/media?parent=35261"}],"wp:term":[{"taxonomy":"category","embeddable":true,"href":"https:\/\/www.partnershipagainstcancer.ca\/fr\/wp-json\/wp\/v2\/categories?post=35261"},{"taxonomy":"post_tag","embeddable":true,"href":"https:\/\/www.partnershipagainstcancer.ca\/fr\/wp-json\/wp\/v2\/tags?post=35261"},{"taxonomy":"site-tools","embeddable":true,"href":"https:\/\/www.partnershipagainstcancer.ca\/fr\/wp-json\/wp\/v2\/site-tools?post=35261"},{"taxonomy":"author","embeddable":true,"href":"https:\/\/www.partnershipagainstcancer.ca\/fr\/wp-json\/wp\/v2\/ppma_author?post=35261"}],"curies":[{"name":"wp","href":"https:\/\/api.w.org\/{rel}","templated":true}]}}