{"id":34691,"date":"2017-10-16T17:08:44","date_gmt":"2017-10-16T17:08:44","guid":{"rendered":"https:\/\/www.partnershipagainstcancer.ca\/?page_id=34691\/"},"modified":"2024-10-24T12:57:44","modified_gmt":"2024-10-24T17:57:44","slug":"publication-presentation-notification","status":"publish","type":"page","link":"https:\/\/www.partnershipagainstcancer.ca\/fr\/tools\/oncosim\/publication-presentation-notification\/","title":{"rendered":"Avis de publication et de pr\u00e9sentation"},"content":{"rendered":"<p>Les utilisateurs d\u2019OncoSim peuvent utiliser les renseignements g\u00e9n\u00e9r\u00e9s par le mod\u00e8le \u00e0 des fins non lucratives. Cette autorisation comprend la communication de r\u00e9sultats d\u00e9riv\u00e9s (internes ou externes) fond\u00e9s sur les renseignements obtenus directement \u00e0 partir du mod\u00e8le.<\/p>\n<p>Lors de la publication ou de la pr\u00e9sentation de r\u00e9sultats qui comprennent des analyses provenant du mod\u00e8le OncoSim, nous demandons \u00e0 tous les utilisateurs\u00a0:<\/p>\n<ul>\n<li>d\u2019aviser le Partenariat de toute intention de communication de donn\u00e9es d\u00e9coulant de l\u2019utilisation du mod\u00e8le OncoSim 30\u00a0jours civils avant la soumission d\u2019un manuscrit ou d\u2019un r\u00e9sum\u00e9 \u00e0 des fins de publication ou de pr\u00e9sentation;<\/li>\n<li>d\u2019envoyer une \u00e9bauche de la publication ou de la pr\u00e9sentation au Partenariat;<\/li>\n<li>d\u2019aviser le Partenariat au moins cinq jours ouvrables avant la publication d\u2019un communiqu\u00e9 de presse;<\/li>\n<li>d\u2019envoyer des notifications et des \u00e9bauches par courriel \u00e0 l\u2019adresse <a href=\"mailto:oncosim@partnershipagainstcancer.ca\">oncosim@partnershipagainstcancer.ca<\/a>;<\/li>\n<li>de reconna\u00eetre le Partenariat dans toute publication ou tout communiqu\u00e9 de presse au moyen de la mention suivante\u00a0:<\/li>\n<\/ul>\n<p style=\"text-align: left; padding-left: 80px;\"><span style=\"font-size: 11pt;\"><strong>\u00ab La pr\u00e9sente analyse est fond\u00e9e sur le mod\u00e8le OncoSim du Partenariat canadien contre le cancer. Le Partenariat canadien contre le cancer g\u00e8re et soutient le mod\u00e8le OncoSim, qui a \u00e9t\u00e9 \u00e9labor\u00e9 par Statistique Canada et est rendu possible gr\u00e2ce \u00e0 un financement de Sant\u00e9 Canada. Les hypoth\u00e8ses et les calculs sous-jacents aux r\u00e9sultats de la simulation ont \u00e9t\u00e9 pr\u00e9par\u00e9s par [l\u2019organisation], et la responsabilit\u00e9 de l\u2019utilisation et de l\u2019interpr\u00e9tation de ces donn\u00e9es incombe enti\u00e8rement \u00e0 leur(s) auteur(s). \u00bb<\/strong><\/span><\/p>\n<p><span style=\"font-size: 11pt;\">Cet avis de publication permet au Partenariat de s&rsquo;assurer qu&rsquo;aucun \u00e9nonc\u00e9 erron\u00e9 concernant le mod\u00e8le n&rsquo;est int\u00e9gr\u00e9 au contenu et qu&rsquo;une reconnaissance y figure. Nous veillons \u00e9galement \u00e0 ce que les utilisateurs pr\u00e9sentent les r\u00e9sultats de mani\u00e8re \u00e0 bien indiquer qu&rsquo;ils proviennent de l&rsquo;analyse et non du mod\u00e8le, afin de pr\u00e9ciser clairement la source sur laquelle reposent les suppositions .<\/span><\/p>\n","protected":false},"excerpt":{"rendered":"<p>Les utilisateurs d\u2019OncoSim peuvent utiliser les renseignements g\u00e9n\u00e9r\u00e9s par le mod\u00e8le \u00e0 des fins non lucratives. Cette autorisation comprend la communication de r\u00e9sultats d\u00e9riv\u00e9s (internes ou externes) fond\u00e9s sur les renseignements obtenus directement \u00e0 partir du mod\u00e8le. Lors de la publication ou de la pr\u00e9sentation de r\u00e9sultats qui comprennent des analyses provenant du mod\u00e8le OncoSim, [&hellip;]<\/p>\n","protected":false},"author":24,"featured_media":0,"parent":34662,"menu_order":15,"comment_status":"closed","ping_status":"closed","template":"content.php","meta":{"_acf_changed":false,"_monsterinsights_skip_tracking":false,"_monsterinsights_sitenote_active":false,"_monsterinsights_sitenote_note":"","_monsterinsights_sitenote_category":0,"ep_exclude_from_search":false,"footnotes":""},"categories":[],"tags":[],"site-tools":[],"ppma_author":[1964],"class_list":["post-34691","page","type-page","status-publish","hentry"],"acf":[],"yoast_head":"<!-- This site is optimized with the Yoast SEO plugin v27.3 - https:\/\/yoast.com\/product\/yoast-seo-wordpress\/ -->\n<title>Canadian Partnership Against Cancer<\/title>\n<meta name=\"description\" content=\"Des lignes directrices sur la fa\u00e7on de citer et de reconna\u00eetre les sources de vos recherches, et d\u2019avertir le Partenariat canadien contre le cancer, lors de la publication ou de la pr\u00e9sentation de donn\u00e9es provenant du mod\u00e8le OncoSim.\" \/>\n<meta name=\"robots\" content=\"index, follow, max-snippet:-1, max-image-preview:large, max-video-preview:-1\" \/>\n<link rel=\"canonical\" href=\"https:\/\/www.partnershipagainstcancer.ca\/fr\/tools\/oncosim\/publication-presentation-notification\/\" \/>\n<meta property=\"og:locale\" content=\"fr_FR\" \/>\n<meta property=\"og:type\" content=\"article\" \/>\n<meta property=\"og:title\" content=\"Avis de publication et de pr\u00e9sentation - Canadian Partnership Against Cancer\" \/>\n<meta property=\"og:description\" content=\"Des lignes directrices sur la fa\u00e7on de citer et de reconna\u00eetre les sources de vos recherches, et d\u2019avertir le Partenariat canadien contre le cancer, lors de la publication ou de la pr\u00e9sentation de donn\u00e9es provenant du mod\u00e8le OncoSim.\" \/>\n<meta property=\"og:url\" content=\"https:\/\/www.partnershipagainstcancer.ca\/fr\/tools\/oncosim\/publication-presentation-notification\/\" \/>\n<meta property=\"og:site_name\" content=\"Canadian Partnership Against Cancer\" \/>\n<meta property=\"article:publisher\" content=\"https:\/\/www.facebook.com\/CanadianPartnershipAgainstCancer\/\" \/>\n<meta property=\"article:modified_time\" content=\"2024-10-24T17:57:44+00:00\" \/>\n<meta name=\"twitter:card\" content=\"summary_large_image\" \/>\n<meta name=\"twitter:site\" content=\"@cancerstratca\" \/>\n<meta name=\"twitter:label1\" content=\"Dur\u00e9e de lecture estim\u00e9e\" \/>\n\t<meta name=\"twitter:data1\" content=\"2 minutes\" \/>\n<script type=\"application\/ld+json\" class=\"yoast-schema-graph\">{\"@context\":\"https:\\\/\\\/schema.org\",\"@graph\":[{\"@type\":\"WebPage\",\"@id\":\"https:\\\/\\\/www.partnershipagainstcancer.ca\\\/fr\\\/tools\\\/oncosim\\\/publication-presentation-notification\\\/\",\"url\":\"https:\\\/\\\/www.partnershipagainstcancer.ca\\\/fr\\\/tools\\\/oncosim\\\/publication-presentation-notification\\\/\",\"name\":\"Avis de publication et de pr\u00e9sentation - Canadian Partnership Against Cancer\",\"isPartOf\":{\"@id\":\"https:\\\/\\\/dev.partnershipagainstcancer.ca\\\/#website\"},\"datePublished\":\"2017-10-16T17:08:44+00:00\",\"dateModified\":\"2024-10-24T17:57:44+00:00\",\"description\":\"Des lignes directrices sur la fa\u00e7on de citer et de reconna\u00eetre les sources de vos recherches, et d\u2019avertir le Partenariat canadien contre le cancer, lors de la publication ou de la pr\u00e9sentation de donn\u00e9es provenant du mod\u00e8le OncoSim.\",\"breadcrumb\":{\"@id\":\"https:\\\/\\\/www.partnershipagainstcancer.ca\\\/fr\\\/tools\\\/oncosim\\\/publication-presentation-notification\\\/#breadcrumb\"},\"inLanguage\":\"fr-FR\",\"potentialAction\":[{\"@type\":\"ReadAction\",\"target\":[\"https:\\\/\\\/www.partnershipagainstcancer.ca\\\/fr\\\/tools\\\/oncosim\\\/publication-presentation-notification\\\/\"]}]},{\"@type\":\"BreadcrumbList\",\"@id\":\"https:\\\/\\\/www.partnershipagainstcancer.ca\\\/fr\\\/tools\\\/oncosim\\\/publication-presentation-notification\\\/#breadcrumb\",\"itemListElement\":[{\"@type\":\"ListItem\",\"position\":1,\"name\":\"Outils\",\"item\":\"https:\\\/\\\/www.partnershipagainstcancer.ca\\\/fr\\\/tools\\\/\"},{\"@type\":\"ListItem\",\"position\":2,\"name\":\"OncoSim\",\"item\":\"https:\\\/\\\/www.partnershipagainstcancer.ca\\\/fr\\\/tools\\\/oncosim\\\/\"},{\"@type\":\"ListItem\",\"position\":3,\"name\":\"Avis de publication et de pr\u00e9sentation\"}]},{\"@type\":\"WebSite\",\"@id\":\"https:\\\/\\\/dev.partnershipagainstcancer.ca\\\/#website\",\"url\":\"https:\\\/\\\/dev.partnershipagainstcancer.ca\\\/\",\"name\":\"Canadian Partnership Against Cancer\",\"description\":\"\",\"potentialAction\":[{\"@type\":\"SearchAction\",\"target\":{\"@type\":\"EntryPoint\",\"urlTemplate\":\"https:\\\/\\\/dev.partnershipagainstcancer.ca\\\/?s={search_term_string}\"},\"query-input\":{\"@type\":\"PropertyValueSpecification\",\"valueRequired\":true,\"valueName\":\"search_term_string\"}}],\"inLanguage\":\"fr-FR\"}]}<\/script>\n<!-- \/ Yoast SEO plugin. -->","yoast_head_json":{"title":"Canadian Partnership Against Cancer","description":"Des lignes directrices sur la fa\u00e7on de citer et de reconna\u00eetre les sources de vos recherches, et d\u2019avertir le Partenariat canadien contre le cancer, lors de la publication ou de la pr\u00e9sentation de donn\u00e9es provenant du mod\u00e8le OncoSim.","robots":{"index":"index","follow":"follow","max-snippet":"max-snippet:-1","max-image-preview":"max-image-preview:large","max-video-preview":"max-video-preview:-1"},"canonical":"https:\/\/www.partnershipagainstcancer.ca\/fr\/tools\/oncosim\/publication-presentation-notification\/","og_locale":"fr_FR","og_type":"article","og_title":"Avis de publication et de pr\u00e9sentation - Canadian Partnership Against Cancer","og_description":"Des lignes directrices sur la fa\u00e7on de citer et de reconna\u00eetre les sources de vos recherches, et d\u2019avertir le Partenariat canadien contre le cancer, lors de la publication ou de la pr\u00e9sentation de donn\u00e9es provenant du mod\u00e8le OncoSim.","og_url":"https:\/\/www.partnershipagainstcancer.ca\/fr\/tools\/oncosim\/publication-presentation-notification\/","og_site_name":"Canadian Partnership Against Cancer","article_publisher":"https:\/\/www.facebook.com\/CanadianPartnershipAgainstCancer\/","article_modified_time":"2024-10-24T17:57:44+00:00","twitter_card":"summary_large_image","twitter_site":"@cancerstratca","twitter_misc":{"Dur\u00e9e de lecture estim\u00e9e":"2 minutes"},"schema":{"@context":"https:\/\/schema.org","@graph":[{"@type":"WebPage","@id":"https:\/\/www.partnershipagainstcancer.ca\/fr\/tools\/oncosim\/publication-presentation-notification\/","url":"https:\/\/www.partnershipagainstcancer.ca\/fr\/tools\/oncosim\/publication-presentation-notification\/","name":"Avis de publication et de pr\u00e9sentation - Canadian Partnership Against Cancer","isPartOf":{"@id":"https:\/\/dev.partnershipagainstcancer.ca\/#website"},"datePublished":"2017-10-16T17:08:44+00:00","dateModified":"2024-10-24T17:57:44+00:00","description":"Des lignes directrices sur la fa\u00e7on de citer et de reconna\u00eetre les sources de vos recherches, et d\u2019avertir le Partenariat canadien contre le cancer, lors de la publication ou de la pr\u00e9sentation de donn\u00e9es provenant du mod\u00e8le OncoSim.","breadcrumb":{"@id":"https:\/\/www.partnershipagainstcancer.ca\/fr\/tools\/oncosim\/publication-presentation-notification\/#breadcrumb"},"inLanguage":"fr-FR","potentialAction":[{"@type":"ReadAction","target":["https:\/\/www.partnershipagainstcancer.ca\/fr\/tools\/oncosim\/publication-presentation-notification\/"]}]},{"@type":"BreadcrumbList","@id":"https:\/\/www.partnershipagainstcancer.ca\/fr\/tools\/oncosim\/publication-presentation-notification\/#breadcrumb","itemListElement":[{"@type":"ListItem","position":1,"name":"Outils","item":"https:\/\/www.partnershipagainstcancer.ca\/fr\/tools\/"},{"@type":"ListItem","position":2,"name":"OncoSim","item":"https:\/\/www.partnershipagainstcancer.ca\/fr\/tools\/oncosim\/"},{"@type":"ListItem","position":3,"name":"Avis de publication et de pr\u00e9sentation"}]},{"@type":"WebSite","@id":"https:\/\/dev.partnershipagainstcancer.ca\/#website","url":"https:\/\/dev.partnershipagainstcancer.ca\/","name":"Canadian Partnership Against Cancer","description":"","potentialAction":[{"@type":"SearchAction","target":{"@type":"EntryPoint","urlTemplate":"https:\/\/dev.partnershipagainstcancer.ca\/?s={search_term_string}"},"query-input":{"@type":"PropertyValueSpecification","valueRequired":true,"valueName":"search_term_string"}}],"inLanguage":"fr-FR"}]}},"_links":{"self":[{"href":"https:\/\/www.partnershipagainstcancer.ca\/fr\/wp-json\/wp\/v2\/pages\/34691","targetHints":{"allow":["GET"]}}],"collection":[{"href":"https:\/\/www.partnershipagainstcancer.ca\/fr\/wp-json\/wp\/v2\/pages"}],"about":[{"href":"https:\/\/www.partnershipagainstcancer.ca\/fr\/wp-json\/wp\/v2\/types\/page"}],"author":[{"embeddable":true,"href":"https:\/\/www.partnershipagainstcancer.ca\/fr\/wp-json\/wp\/v2\/users\/24"}],"replies":[{"embeddable":true,"href":"https:\/\/www.partnershipagainstcancer.ca\/fr\/wp-json\/wp\/v2\/comments?post=34691"}],"version-history":[{"count":3,"href":"https:\/\/www.partnershipagainstcancer.ca\/fr\/wp-json\/wp\/v2\/pages\/34691\/revisions"}],"predecessor-version":[{"id":71468,"href":"https:\/\/www.partnershipagainstcancer.ca\/fr\/wp-json\/wp\/v2\/pages\/34691\/revisions\/71468"}],"up":[{"embeddable":true,"href":"https:\/\/www.partnershipagainstcancer.ca\/fr\/wp-json\/wp\/v2\/pages\/34662"}],"wp:attachment":[{"href":"https:\/\/www.partnershipagainstcancer.ca\/fr\/wp-json\/wp\/v2\/media?parent=34691"}],"wp:term":[{"taxonomy":"category","embeddable":true,"href":"https:\/\/www.partnershipagainstcancer.ca\/fr\/wp-json\/wp\/v2\/categories?post=34691"},{"taxonomy":"post_tag","embeddable":true,"href":"https:\/\/www.partnershipagainstcancer.ca\/fr\/wp-json\/wp\/v2\/tags?post=34691"},{"taxonomy":"site-tools","embeddable":true,"href":"https:\/\/www.partnershipagainstcancer.ca\/fr\/wp-json\/wp\/v2\/site-tools?post=34691"},{"taxonomy":"author","embeddable":true,"href":"https:\/\/www.partnershipagainstcancer.ca\/fr\/wp-json\/wp\/v2\/ppma_author?post=34691"}],"curies":[{"name":"wp","href":"https:\/\/api.w.org\/{rel}","templated":true}]}}