{"id":34687,"date":"2017-10-16T16:53:51","date_gmt":"2017-10-16T16:53:51","guid":{"rendered":"https:\/\/www.partnershipagainstcancer.ca\/?page_id=34687\/"},"modified":"2026-02-02T09:06:42","modified_gmt":"2026-02-02T14:06:42","slug":"ressources","status":"publish","type":"page","link":"https:\/\/www.partnershipagainstcancer.ca\/fr\/tools\/oncosim\/ressources\/","title":{"rendered":"Des exemples de l\u2019utilisation d\u2019OncoSim"},"content":{"rendered":"<p>Vous souhaitez publier ou pr\u00e9senter des r\u00e9sultats d\u2019analyses provenant du mod\u00e8le OncoSim? Veuillez <a href=\"https:\/\/www.partnershipagainstcancer.ca\/fr\/tools\/oncosim\/publication-presentation-notification\/\">nous en informer<\/a>.<\/p>\n<h2>Tous les cancers<\/h2>\n<ul>\n<li><a title=\"https:\/\/www.mdpi.com\/1718-7729\/30\/11\/725\" href=\"https:\/\/www.mdpi.com\/1718-7729\/30\/11\/725\" target=\"_blank\" rel=\"noopener\" data-auth=\"NotApplicable\" data-linkindex=\"1\">Exploring the Future of Cancer Impact in Alberta: Projections and Trends 2020\u20132040<\/a><\/li>\n<li><a title=\"https:\/\/www.albertahealthservices.ca\/assets\/about\/scn\/ahs-scn-cancer-future-of-cancer-impact-alberta.pdf\" href=\"https:\/\/www.albertahealthservices.ca\/assets\/about\/scn\/ahs-scn-cancer-future-of-cancer-impact-alberta.pdf\" target=\"_blank\" rel=\"noopener\" data-auth=\"NotApplicable\" data-linkindex=\"2\">Future of Cancer Impact (FOCI) in Alberta<\/a><\/li>\n<li><a href=\"https:\/\/www.sciencedirect.com\/science\/article\/abs\/pii\/S0091743523000051?via%3Dihub\" target=\"_blank\" rel=\"noopener\">Long-term projections of cancer incidence and mortality in Canada: The OncoSim All Cancers Model<\/a><\/li>\n<li><u><a href=\"https:\/\/cancercanada.shinyapps.io\/OncoSimProjection\/\" target=\"_blank\" rel=\"noopener\">Cancer in Canada \u2013 Future Projections<\/a><\/u><\/li>\n<li><u><a href=\"https:\/\/doi.org\/10.3390\/curroncol29040223\" target=\"_blank\" rel=\"noopener\">The Economic Burden of Cancer in Canada from a Societal Perspective<\/a><\/u><\/li>\n<li><a href=\"https:\/\/link.springer.com\/article\/10.17269\/s41997-021-00502-x\" target=\"_blank\" rel=\"noopener\"><u>Estimates of future cancer management costs attributable to modifiable risk factors in Canada<\/u><\/a><\/li>\n<li><u><a href=\"https:\/\/link.springer.com\/article\/10.17269\/s41997-020-00455-7\" target=\"_blank\" rel=\"noopener\">Estimates of future cancer mortality attributable to modifiable risk factors in Canada<\/a><\/u><\/li>\n<li><u><a href=\"https:\/\/www.partnershipagainstcancer.ca\/wp-content\/uploads\/2021\/02\/Cancer-burden-risk-data-2018-CAHSPR2019.pdf\" target=\"_blank\" rel=\"noopener\">Cancer burden attributable to risk factors<\/a><\/u><\/li>\n<\/ul>\n<p><a name=\"breast\"><\/a><\/p>\n<h2>Cancer du sein<\/h2>\n<ul>\n<li><a href=\"https:\/\/www.mdpi.com\/1718-7729\/30\/11\/686\" target=\"_blank\" rel=\"noopener\">Effect of Breast Screening Regimen on Breast Cancer Outcomes: A Modeling Study<\/a><\/li>\n<li><a href=\"https:\/\/www.mdpi.com\/1718-7729\/29\/3\/136\" target=\"_blank\" rel=\"noopener\">The OncoSim-Breast cancer microsimulation model<\/a><\/li>\n<li><a href=\"https:\/\/journals.sagepub.com\/doi\/full\/10.1177\/0969141320974711\" target=\"_blank\" rel=\"noopener\">The impact of episodic screening interruption: COVID-19 and population-based cancer screening in Canada<\/a><\/li>\n<li><a href=\"https:\/\/academic.oup.com\/jnci\/article\/112\/10\/989\/5736137\" target=\"_blank\" rel=\"noopener\">The Value of All-Cause Mortality as a Metric for Assessing Breast Cancer Screening<\/a><\/li>\n<li><a href=\"https:\/\/www.partnershipagainstcancer.ca\/wp-content\/uploads\/2021\/02\/OncoSim-Breast-Age-trial-CAHSPR2019.pdf\" target=\"_blank\" rel=\"noopener noreferrer\">The OncoSim-Breast model reproduces the observed effects of a randomized screening trial<\/a><\/li>\n<li><a href=\"https:\/\/www.partnershipagainstcancer.ca\/wp-content\/uploads\/2021\/02\/Abnormal-call-rates-OncoSim-Breast-CCRC2019.png\" target=\"_blank\" rel=\"noopener noreferrer\">Potential benefits of reducing breast cancer screening abnormal call rates<\/a><\/li>\n<\/ul>\n<p><a name=\"cervical\"><\/a><\/p>\n<h2>Cancer du col de l\u2019ut\u00e9rus\/VPH<\/h2>\n<ul>\n<li><a href=\"https:\/\/www.cmaj.ca\/content\/196\/21\/E716\" target=\"_blank\" rel=\"noopener\">Strategies to accelerate the elimination of cervical cancer in British Columbia, Canada: a modelling study<\/a><\/li>\n<li><a href=\"https:\/\/www.partnershipagainstcancer.ca\/wp-content\/uploads\/2022\/06\/IPV-Abstract-2021.pdf\" target=\"_blank\" rel=\"noopener\">Impact of the COVID-19 pandemic on the incidence and mortality of cervical cancer in Canada. Projections from OncoSim-HPV\/Cervical cancer (IPV conference)<\/a><\/li>\n<li><a href=\"https:\/\/www.partnershipagainstcancer.ca\/fr\/topics\/elimination-cervical-cancer-action-plan\/\">Plan d\u2019action pour l\u2019\u00e9limination du cancer du col de l\u2019ut\u00e9rus<\/a><\/li>\n<li><a href=\"https:\/\/doi.org\/10.3747\/co.26.4795\" target=\"_blank\" rel=\"noopener noreferrer\">Moving towards the elimination of cervical cancer: modeling the health and economic benefits of increasing HPV vaccine uptake<\/a><\/li>\n<li><a href=\"https:\/\/doi.org\/10.1503\/cmaj.181312\" target=\"_blank\" rel=\"noopener noreferrer\">Starting cervical cancer screening at 25 years of age: the time has come<\/a><\/li>\n<li><a href=\"https:\/\/academic.oup.com\/aje\/article-lookup\/doi\/10.1093\/aje\/kww058\" target=\"_blank\" rel=\"noopener noreferrer\">Exploring the health outcomes of various pan-Canadian cervical cancer screening programs using microsimulation modeling<\/a><\/li>\n<li><a href=\"https:\/\/doi.org\/10.1016\/j.ygyno.2016.04.185\" target=\"_blank\" rel=\"noopener noreferrer\">Comparing the health and economic impacts of cervical cancer screening strategies using the Cancer Risk Management Model (CRMM)<\/a><\/li>\n<li><a href=\"https:\/\/www.ncbi.nlm.nih.gov\/pmc\/articles\/PMC4780581\/\" target=\"_blank\" rel=\"noopener\">Using the Cancer Risk Management Model to evaluate the health and economic impacts of cytology compared with human papillomavirus DNA testing for primary cervical cancer screening in Canada<\/a><\/li>\n<li><a href=\"https:\/\/cancer.ca\/fr\/research\/cancer-statistics\/past-editions\" target=\"_blank\" rel=\"noopener\">Statistiques canadiennes sur le cancer, 2016; Sujet particulier : Les cancers associ\u00e9s au VPH<\/a><\/li>\n<li><a href=\"http:\/\/www.journalcancerpolicy.net\/article\/S2213-5383(15)00007-7\/fulltext\" target=\"_blank\" rel=\"noopener noreferrer\">Evaluation of the natural history of cancer of the cervix, implications for prevention. The Cancer Risk Management Model (CRMM) \u2013 Human papillomavirus and cervical components<\/a><\/li>\n<\/ul>\n<p><a name=\"colorectal\"><\/a><\/p>\n<h2>Cancer colorectal<\/h2>\n<ul>\n<li><a title=\"https:\/\/journals.plos.org\/plosone\/article?id=10.1371\/journal.pone.0296945\" href=\"https:\/\/journals.plos.org\/plosone\/article?id=10.1371\/journal.pone.0296945\" data-auth=\"NotApplicable\" data-linkindex=\"1\">COVID-related disruptions to colorectal cancer screening, diagnosis, and treatment could increase cancer Burden in Australia and Canada: A modelling study<\/a><\/li>\n<li><a href=\"https:\/\/www.sciencedirect.com\/science\/article\/pii\/S2589537023002584\" target=\"_blank\" rel=\"noopener\">Potential global loss of life expected due to COVID-19 disruptions to organised colorectal cancer screening<\/a><\/li>\n<li><a href=\"https:\/\/journals.sagepub.com\/doi\/10.1177\/09691413211056777\" target=\"_blank\" rel=\"noopener\">Prioritisation of colonoscopy services in colorectal cancer screening programmes to minimise impact of COVID-19 pandemic on predicted cancer burden: A comparative modelling study<\/a><\/li>\n<li><a href=\"https:\/\/www.sciencedirect.com\/science\/article\/pii\/S1386505621000812?via%3Dihub\" target=\"_blank\" rel=\"noopener\">Participatory simulation modeling to inform colorectal cancer screening in a complex remote northern health system: Canada\u2019s Northwest Territories<\/a><\/li>\n<li><a href=\"https:\/\/journals.sagepub.com\/doi\/full\/10.1177\/0969141320974711\" target=\"_blank\" rel=\"noopener\">The impact of episodic screening interruption: COVID-19 and population-based cancer screening in Canada<\/a><\/li>\n<li><a href=\"https:\/\/doi.org\/10.1016\/j.jcpo.2017.12.006\" target=\"_blank\" rel=\"noopener noreferrer\">Simulating Results from Trials of Sigmoidoscopy Screening Using the OncoSim Microsimulation Model<\/a><\/li>\n<li><a href=\"https:\/\/doi.org\/10.1016\/j.jcpo.2017.07.004\" target=\"_blank\" rel=\"noopener noreferrer\">Projected Effect of Fecal Immunochemical Test Threshold for Colorectal Cancer Screening on Outcomes and Costs for Canada using the OncoSim Microsimulation Model<\/a><\/li>\n<li><a href=\"http:\/\/www.cmaj.ca\/content\/188\/5\/340\" target=\"_blank\" rel=\"noopener\">Recommendations on screening for colorectal cancer in primary care<\/a><\/li>\n<li><a href=\"http:\/\/www.current-oncology.com\/index.php\/oncology\/article\/view\/2013\" target=\"_blank\" rel=\"noopener noreferrer\">Using the Cancer Risk Management Model to evaluate colorectal cancer screening options for Canada<\/a><\/li>\n<li><a href=\"https:\/\/www.partnershipagainstcancer.ca\/wp-content\/uploads\/2021\/02\/Family-history-CRC-screening-ARCC2019.pdf\" target=\"_blank\" rel=\"noopener\">Family history-based colorectal cancer screening<\/a><\/li>\n<li><a href=\"https:\/\/www.partnershipagainstcancer.ca\/wp-content\/uploads\/2017\/11\/health-economic-impacts-colorectal-screening-using-oncosim.pptx\">Comparing the health and economic impacts of two screening strategies for colorectal cancer in Canada using the Cancer Risk Management Model (CRMM)<\/a><\/li>\n<\/ul>\n<p><a name=\"lung\"><\/a><\/p>\n<h2>Cancer du poumon<\/h2>\n<ul>\n<li><a title=\"https:\/\/journals.sagepub.com\/doi\/10.1177\/0272989X241249182\" href=\"https:\/\/journals.sagepub.com\/doi\/10.1177\/0272989X241249182\" data-auth=\"NotApplicable\" data-linkindex=\"2\">The Impact of Model Assumptions on Personalized Lung Cancer Screening Recommendations<\/a><\/li>\n<li><a href=\"https:\/\/www.partnershipagainstcancer.ca\/fr\/topics\/lung-screening-modelling\/summary\/\">R\u00e9percussions du d\u00e9pistage organis\u00e9 du cancer du poumon au Canada<\/a><\/li>\n<li><a href=\"https:\/\/journals.sagepub.com\/doi\/10.1177\/08465371221089899\" target=\"_blank\" rel=\"noopener\">Efficacy of Risk Prediction Models and Thresholds to Select Patients for Lung Cancer Screening<\/a><\/li>\n<li><a href=\"https:\/\/doi.org\/10.9778\/cmajo.20190134\" target=\"_blank\" rel=\"noopener noreferrer\">Estimating the cost effectiveness and clinical impact of adding smoking cessation to an organized CT lung cancer screening program in Canada<\/a><\/li>\n<li><a href=\"http:\/\/www.lungcancerjournal.info\/article\/S0169-5002(16)30482-2\/fulltext\" target=\"_blank\" rel=\"noopener noreferrer\">Biennial lung cancer screening in Canada with smoking cessation\u2014outcomes and cost-effectiveness<\/a><\/li>\n<li><a href=\"https:\/\/www.ncbi.nlm.nih.gov\/pmc\/articles\/PMC4900838\/\" target=\"_blank\" rel=\"noopener\">Implementing low-dose computer tomography screening for lung cancer in Canada: implications of alternative at-risk populations, screening frequency and duration<\/a><\/li>\n<li><a href=\"http:\/\/www.cmaj.ca\/content\/188\/6\/425\" target=\"_blank\" rel=\"noopener\">Recommendations on screening for lung cancer<\/a><\/li>\n<li><a href=\"http:\/\/www.statcan.gc.ca\/pub\/82-003-x\/2015005\/article\/14169-eng.htm\" target=\"_blank\" rel=\"noopener noreferrer\">Performance of the cancer risk management model lung cancer screening module<\/a><\/li>\n<li><a href=\"https:\/\/jamanetwork.com\/journals\/jamaoncology\/article-abstract\/2398985\" target=\"_blank\" rel=\"noopener noreferrer\">Cost-effectiveness of lung cancer screening in Canada<\/a><\/li>\n<li><a href=\"http:\/\/www.sjweh.fi\/show_abstract.php?abstract_id=3496\" target=\"_blank\" rel=\"noopener noreferrer\">Eligibility for low-dose computerized tomography screening among asbestos-exposed individuals<\/a><\/li>\n<li><a href=\"https:\/\/www.ncbi.nlm.nih.gov\/pmc\/articles\/PMC4122471\/\" target=\"_blank\" rel=\"noopener noreferrer\">Measuring the population impact of introducing stereotactic ablative radiotherapy for stage I non-small cell lung cancer in Canada<\/a><\/li>\n<li><a href=\"https:\/\/www.ihe.ca\/publications\/low-dose-computed-tomography-for-the-screening-of-lung-cancer-in-adults\" target=\"_blank\" rel=\"noopener\">Low dose computed tomography for the screening of lung cancer in adults<\/a><\/li>\n<li><a href=\"https:\/\/www.tandfonline.com\/doi\/full\/10.2217\/lmt.12.5\" target=\"_blank\" rel=\"noopener\">The evaluation of cancer control interventions in lung cancer using the Canadian Cancer Risk Management Model<\/a><\/li>\n<li><a href=\"https:\/\/www.partnershipagainstcancer.ca\/wp-content\/uploads\/2021\/02\/Smoking-cessation-CT-lung-screening-GCCC2018.pdf\" target=\"_blank\" rel=\"noopener\">Costs and cost-effectiveness of smoking cessation within an organized CT lung cancer screening program<\/a><\/li>\n<li><a href=\"https:\/\/www.partnershipagainstcancer.ca\/wp-content\/uploads\/2021\/02\/Real-world-lung-treatment-ESMO2018.pdf\" target=\"_blank\" rel=\"noopener\">How in the real world are lung cancer patients treated?<\/a><\/li>\n<li><a href=\"https:\/\/www.partnershipagainstcancer.ca\/wp-content\/uploads\/2021\/02\/Five-percent-smoking-by-2035-OncoSim-Lung-ARCC2018.pdf\" target=\"_blank\" rel=\"noopener\">Lung cancer-related clinical and economic impacts of achieving a 5% smoking rate by 2035 in Canada<\/a><\/li>\n<li><a href=\"https:\/\/www.partnershipagainstcancer.ca\/wp-content\/uploads\/2017\/10\/oncosim-health-outcomes-lung-cancer-screening-using-microsimulation-modelling-POSTER.pdf\" target=\"_blank\" rel=\"noopener\">Comparing the health and economic outcomes of opportunistic lung cancer screening vs. organized lung screening using the Cancer Risk Management Model<\/a><\/li>\n<li><a href=\"https:\/\/www.partnershipagainstcancer.ca\/wp-content\/uploads\/2017\/11\/annual-vs-biennial-lung-screening-using-oncosim.pptx\" target=\"_blank\" rel=\"noopener\">Annual vs. biennial lung cancer screening using the Cancer Risk Management Model to fill gaps in evidence<\/a><\/li>\n<\/ul>\n<h2>Mod\u00e9lisation de la COVID-19<\/h2>\n<ul>\n<li><a href=\"https:\/\/journals.sagepub.com\/doi\/10.1177\/09691413211056777\" target=\"_blank\" rel=\"noopener\">Prioritisation of colonoscopy services in colorectal cancer screening programmes to minimise impact of COVID-19 pandemic on predicted cancer burden: A comparative modelling study<\/a><\/li>\n<li><a href=\"https:\/\/www.thelancet.com\/journals\/langas\/article\/PIIS2468-1253(21)00003-0\/fulltext\" target=\"_blank\" rel=\"noopener\">Impact of the COVID-19 pandemic on FAECAL immunochemical test-based colorectal cancer screening programmes in Australia, Canada, and the Netherlands: A comparative modelling study<\/a><\/li>\n<li><a href=\"https:\/\/journals.sagepub.com\/doi\/full\/10.1177\/0969141320974711\" target=\"_blank\" rel=\"noopener\">The impact of episodic screening interruption: COVID-19 and population-based cancer screening in Canada<\/a><\/li>\n<\/ul>\n<h2>Autres<\/h2>\n<ul>\n<li><a href=\"https:\/\/www.partnershipagainstcancer.ca\/fr\/topics\/2018-cancer-system-performance-report\/\">Rapport de 2018 sur le rendement du syst\u00e8me de lutte contre le cancer<\/a><\/li>\n<li><a href=\"https:\/\/doi.org\/10.3747\/co.24.3850\" target=\"_blank\" rel=\"noopener noreferrer\">The OncoSim Model: Development and use for better decision-making in Canadian cancer control<\/a><\/li>\n<li><a href=\"https:\/\/www.partnershipagainstcancer.ca\/fr\/topics\/2017-cancer-system-performance-report\/\">Rapport de 2017 sur le rendement du syst\u00e8me de lutte contre le cancer<\/a><\/li>\n<li><a href=\"https:\/\/www.partnershipagainstcancer.ca\/fr\/topics\/quality-sustainability-cancer-control\/\">Qualit\u00e9 et durabilit\u00e9 de la lutte contre le cancer : rapport sur le rendement du syst\u00e8me<\/a><\/li>\n<li><a href=\"https:\/\/cancer.ca\/fr\/research\/cancer-statistics\/past-editions\" target=\"_blank\" rel=\"noopener noreferrer\">Statistiques canadiennes sur le cancer, 2015; sujet particulier : pr\u00e9visions concernant le fardeau futur du cancer au Canada<\/a><\/li>\n<li><a href=\"https:\/\/www.cambridge.org\/core\/journals\/international-journal-of-technology-assessment-in-health-care\/article\/canadian-cancer-risk-management-model-evaluation-of-cancer-control\/7F2A5A91B9D84F4544586BCEACCA1D11\" target=\"_blank\" rel=\"noopener noreferrer\">Canadian Cancer Risk Management Model: Evaluation of cancer control<\/a><\/li>\n<li><a href=\"https:\/\/www.partnershipagainstcancer.ca\/wp-content\/uploads\/2021\/02\/Translating-research-OncoSim-experience-CAHSPR2019.pdf\" target=\"_blank\" rel=\"noopener\">Translating research to inform policy decisions<\/a><\/li>\n<\/ul>\n","protected":false},"excerpt":{"rendered":"<p>Vous souhaitez publier ou pr\u00e9senter des r\u00e9sultats d\u2019analyses provenant du mod\u00e8le OncoSim? Veuillez nous en informer. Tous les cancers Exploring the Future of Cancer Impact in Alberta: Projections and Trends 2020\u20132040 Future of Cancer Impact (FOCI) in Alberta Long-term projections of cancer incidence and mortality in Canada: The OncoSim All Cancers Model Cancer in Canada [&hellip;]<\/p>\n","protected":false},"author":24,"featured_media":0,"parent":34662,"menu_order":10,"comment_status":"closed","ping_status":"closed","template":"content.php","meta":{"_acf_changed":false,"_monsterinsights_skip_tracking":false,"_monsterinsights_sitenote_active":false,"_monsterinsights_sitenote_note":"","_monsterinsights_sitenote_category":0,"ep_exclude_from_search":false,"footnotes":""},"categories":[],"tags":[],"site-tools":[],"ppma_author":[1964],"class_list":["post-34687","page","type-page","status-publish","hentry"],"acf":[],"yoast_head":"<!-- This site is optimized with the Yoast SEO plugin v27.3 - https:\/\/yoast.com\/product\/yoast-seo-wordpress\/ -->\n<title>Canadian Partnership Against Cancer<\/title>\n<meta name=\"robots\" content=\"index, follow, max-snippet:-1, max-image-preview:large, max-video-preview:-1\" \/>\n<link rel=\"canonical\" href=\"https:\/\/www.partnershipagainstcancer.ca\/fr\/tools\/oncosim\/ressources\/\" \/>\n<meta property=\"og:locale\" content=\"fr_FR\" \/>\n<meta property=\"og:type\" content=\"article\" \/>\n<meta property=\"og:title\" content=\"Des exemples de l\u2019utilisation d\u2019OncoSim - Canadian Partnership Against Cancer\" \/>\n<meta property=\"og:description\" content=\"Vous souhaitez publier ou pr\u00e9senter des r\u00e9sultats d\u2019analyses provenant du mod\u00e8le OncoSim? Veuillez nous en informer. Tous les cancers Exploring the Future of Cancer Impact in Alberta: Projections and Trends 2020\u20132040 Future of Cancer Impact (FOCI) in Alberta Long-term projections of cancer incidence and mortality in Canada: The OncoSim All Cancers Model Cancer in Canada [&hellip;]\" \/>\n<meta property=\"og:url\" content=\"https:\/\/www.partnershipagainstcancer.ca\/fr\/tools\/oncosim\/ressources\/\" \/>\n<meta property=\"og:site_name\" content=\"Canadian Partnership Against Cancer\" \/>\n<meta property=\"article:publisher\" content=\"https:\/\/www.facebook.com\/CanadianPartnershipAgainstCancer\/\" \/>\n<meta property=\"article:modified_time\" content=\"2026-02-02T14:06:42+00:00\" \/>\n<meta name=\"twitter:card\" content=\"summary_large_image\" \/>\n<meta name=\"twitter:site\" content=\"@cancerstratca\" \/>\n<meta name=\"twitter:label1\" content=\"Dur\u00e9e de lecture estim\u00e9e\" \/>\n\t<meta name=\"twitter:data1\" content=\"5 minutes\" \/>\n<script type=\"application\/ld+json\" class=\"yoast-schema-graph\">{\"@context\":\"https:\\\/\\\/schema.org\",\"@graph\":[{\"@type\":\"WebPage\",\"@id\":\"https:\\\/\\\/www.partnershipagainstcancer.ca\\\/fr\\\/tools\\\/oncosim\\\/ressources\\\/\",\"url\":\"https:\\\/\\\/www.partnershipagainstcancer.ca\\\/fr\\\/tools\\\/oncosim\\\/ressources\\\/\",\"name\":\"Des exemples de l\u2019utilisation d\u2019OncoSim - Canadian Partnership Against Cancer\",\"isPartOf\":{\"@id\":\"https:\\\/\\\/dev.partnershipagainstcancer.ca\\\/#website\"},\"datePublished\":\"2017-10-16T16:53:51+00:00\",\"dateModified\":\"2026-02-02T14:06:42+00:00\",\"breadcrumb\":{\"@id\":\"https:\\\/\\\/www.partnershipagainstcancer.ca\\\/fr\\\/tools\\\/oncosim\\\/ressources\\\/#breadcrumb\"},\"inLanguage\":\"fr-FR\",\"potentialAction\":[{\"@type\":\"ReadAction\",\"target\":[\"https:\\\/\\\/www.partnershipagainstcancer.ca\\\/fr\\\/tools\\\/oncosim\\\/ressources\\\/\"]}]},{\"@type\":\"BreadcrumbList\",\"@id\":\"https:\\\/\\\/www.partnershipagainstcancer.ca\\\/fr\\\/tools\\\/oncosim\\\/ressources\\\/#breadcrumb\",\"itemListElement\":[{\"@type\":\"ListItem\",\"position\":1,\"name\":\"Outils\",\"item\":\"https:\\\/\\\/www.partnershipagainstcancer.ca\\\/fr\\\/tools\\\/\"},{\"@type\":\"ListItem\",\"position\":2,\"name\":\"OncoSim\",\"item\":\"https:\\\/\\\/www.partnershipagainstcancer.ca\\\/fr\\\/tools\\\/oncosim\\\/\"},{\"@type\":\"ListItem\",\"position\":3,\"name\":\"Des exemples de l\u2019utilisation d\u2019OncoSim\"}]},{\"@type\":\"WebSite\",\"@id\":\"https:\\\/\\\/dev.partnershipagainstcancer.ca\\\/#website\",\"url\":\"https:\\\/\\\/dev.partnershipagainstcancer.ca\\\/\",\"name\":\"Canadian Partnership Against Cancer\",\"description\":\"\",\"potentialAction\":[{\"@type\":\"SearchAction\",\"target\":{\"@type\":\"EntryPoint\",\"urlTemplate\":\"https:\\\/\\\/dev.partnershipagainstcancer.ca\\\/?s={search_term_string}\"},\"query-input\":{\"@type\":\"PropertyValueSpecification\",\"valueRequired\":true,\"valueName\":\"search_term_string\"}}],\"inLanguage\":\"fr-FR\"}]}<\/script>\n<!-- \/ Yoast SEO plugin. -->","yoast_head_json":{"title":"Canadian Partnership Against Cancer","robots":{"index":"index","follow":"follow","max-snippet":"max-snippet:-1","max-image-preview":"max-image-preview:large","max-video-preview":"max-video-preview:-1"},"canonical":"https:\/\/www.partnershipagainstcancer.ca\/fr\/tools\/oncosim\/ressources\/","og_locale":"fr_FR","og_type":"article","og_title":"Des exemples de l\u2019utilisation d\u2019OncoSim - Canadian Partnership Against Cancer","og_description":"Vous souhaitez publier ou pr\u00e9senter des r\u00e9sultats d\u2019analyses provenant du mod\u00e8le OncoSim? Veuillez nous en informer. Tous les cancers Exploring the Future of Cancer Impact in Alberta: Projections and Trends 2020\u20132040 Future of Cancer Impact (FOCI) in Alberta Long-term projections of cancer incidence and mortality in Canada: The OncoSim All Cancers Model Cancer in Canada [&hellip;]","og_url":"https:\/\/www.partnershipagainstcancer.ca\/fr\/tools\/oncosim\/ressources\/","og_site_name":"Canadian Partnership Against Cancer","article_publisher":"https:\/\/www.facebook.com\/CanadianPartnershipAgainstCancer\/","article_modified_time":"2026-02-02T14:06:42+00:00","twitter_card":"summary_large_image","twitter_site":"@cancerstratca","twitter_misc":{"Dur\u00e9e de lecture estim\u00e9e":"5 minutes"},"schema":{"@context":"https:\/\/schema.org","@graph":[{"@type":"WebPage","@id":"https:\/\/www.partnershipagainstcancer.ca\/fr\/tools\/oncosim\/ressources\/","url":"https:\/\/www.partnershipagainstcancer.ca\/fr\/tools\/oncosim\/ressources\/","name":"Des exemples de l\u2019utilisation d\u2019OncoSim - Canadian Partnership Against Cancer","isPartOf":{"@id":"https:\/\/dev.partnershipagainstcancer.ca\/#website"},"datePublished":"2017-10-16T16:53:51+00:00","dateModified":"2026-02-02T14:06:42+00:00","breadcrumb":{"@id":"https:\/\/www.partnershipagainstcancer.ca\/fr\/tools\/oncosim\/ressources\/#breadcrumb"},"inLanguage":"fr-FR","potentialAction":[{"@type":"ReadAction","target":["https:\/\/www.partnershipagainstcancer.ca\/fr\/tools\/oncosim\/ressources\/"]}]},{"@type":"BreadcrumbList","@id":"https:\/\/www.partnershipagainstcancer.ca\/fr\/tools\/oncosim\/ressources\/#breadcrumb","itemListElement":[{"@type":"ListItem","position":1,"name":"Outils","item":"https:\/\/www.partnershipagainstcancer.ca\/fr\/tools\/"},{"@type":"ListItem","position":2,"name":"OncoSim","item":"https:\/\/www.partnershipagainstcancer.ca\/fr\/tools\/oncosim\/"},{"@type":"ListItem","position":3,"name":"Des exemples de l\u2019utilisation d\u2019OncoSim"}]},{"@type":"WebSite","@id":"https:\/\/dev.partnershipagainstcancer.ca\/#website","url":"https:\/\/dev.partnershipagainstcancer.ca\/","name":"Canadian Partnership Against Cancer","description":"","potentialAction":[{"@type":"SearchAction","target":{"@type":"EntryPoint","urlTemplate":"https:\/\/dev.partnershipagainstcancer.ca\/?s={search_term_string}"},"query-input":{"@type":"PropertyValueSpecification","valueRequired":true,"valueName":"search_term_string"}}],"inLanguage":"fr-FR"}]}},"_links":{"self":[{"href":"https:\/\/www.partnershipagainstcancer.ca\/fr\/wp-json\/wp\/v2\/pages\/34687","targetHints":{"allow":["GET"]}}],"collection":[{"href":"https:\/\/www.partnershipagainstcancer.ca\/fr\/wp-json\/wp\/v2\/pages"}],"about":[{"href":"https:\/\/www.partnershipagainstcancer.ca\/fr\/wp-json\/wp\/v2\/types\/page"}],"author":[{"embeddable":true,"href":"https:\/\/www.partnershipagainstcancer.ca\/fr\/wp-json\/wp\/v2\/users\/24"}],"replies":[{"embeddable":true,"href":"https:\/\/www.partnershipagainstcancer.ca\/fr\/wp-json\/wp\/v2\/comments?post=34687"}],"version-history":[{"count":5,"href":"https:\/\/www.partnershipagainstcancer.ca\/fr\/wp-json\/wp\/v2\/pages\/34687\/revisions"}],"predecessor-version":[{"id":73462,"href":"https:\/\/www.partnershipagainstcancer.ca\/fr\/wp-json\/wp\/v2\/pages\/34687\/revisions\/73462"}],"up":[{"embeddable":true,"href":"https:\/\/www.partnershipagainstcancer.ca\/fr\/wp-json\/wp\/v2\/pages\/34662"}],"wp:attachment":[{"href":"https:\/\/www.partnershipagainstcancer.ca\/fr\/wp-json\/wp\/v2\/media?parent=34687"}],"wp:term":[{"taxonomy":"category","embeddable":true,"href":"https:\/\/www.partnershipagainstcancer.ca\/fr\/wp-json\/wp\/v2\/categories?post=34687"},{"taxonomy":"post_tag","embeddable":true,"href":"https:\/\/www.partnershipagainstcancer.ca\/fr\/wp-json\/wp\/v2\/tags?post=34687"},{"taxonomy":"site-tools","embeddable":true,"href":"https:\/\/www.partnershipagainstcancer.ca\/fr\/wp-json\/wp\/v2\/site-tools?post=34687"},{"taxonomy":"author","embeddable":true,"href":"https:\/\/www.partnershipagainstcancer.ca\/fr\/wp-json\/wp\/v2\/ppma_author?post=34687"}],"curies":[{"name":"wp","href":"https:\/\/api.w.org\/{rel}","templated":true}]}}