{"id":34683,"date":"2017-10-16T16:00:28","date_gmt":"2017-10-16T16:00:28","guid":{"rendered":"https:\/\/www.partnershipagainstcancer.ca\/?page_id=34683\/"},"modified":"2022-09-06T18:48:10","modified_gmt":"2022-09-06T23:48:10","slug":"request-account","status":"publish","type":"page","link":"https:\/\/www.partnershipagainstcancer.ca\/fr\/tools\/oncosim\/request-account\/","title":{"rendered":"Demander la cr\u00e9ation d\u2019un compte"},"content":{"rendered":"<p>Le mod\u00e8le OncoSim est un outil gratuit et s\u00e9curis\u00e9 pour les d\u00e9cideurs, les chercheurs et les planificateurs des minist\u00e8res ainsi que des organismes du secteur public au Canada. Si vous pensez que le mod\u00e8le OncoSim est susceptible de vous aider dans votre travail de lutte contre le cancer, demandez la cr\u00e9ation d\u2019un compte en suivant les \u00e9tapes suivantes\u00a0:<\/p>\n<ul>\n<li><strong>\u00c9tape\u00a01\u00a0:<\/strong> Remplissez et soumettez le <a href=\"\/fr\/tools\/oncosim\/request-account\/formulaire-de-demande-de-compte\/\">Formulaire de demande de compte<\/a>, qui sera v\u00e9rifi\u00e9 par le Partenariat.<\/li>\n<li><strong>\u00c9tape\u00a02\u00a0:<\/strong> Dans les deux jours ouvrables suivant la soumission de votre formulaire, vous recevrez un courriel de la part du Partenariat avec les <a href=\"https:\/\/www.partnershipagainstcancer.ca\/wp-content\/uploads\/2022\/09\/OncoSim_TermsofUseAgreement_2022.pdf\" target=\"_blank\" rel=\"noopener\">conditions d&rsquo;utilisation<\/a>. Veuillez le faire signer par un signataire autoris\u00e9 de votre organisme et le soumettre au Partenariat.<\/li>\n<li><strong>\u00c9tape\u00a03\u00a0:<\/strong> Le Partenariat contresignera les conditions d\u2019utilisation et vous enverra par courriel des instructions sur l\u2019ouverture de session, notamment la cr\u00e9ation d\u2019un compte vuesurlecancer.<\/li>\n<\/ul>\n<h2>Publication de renseignements issus du mod\u00e8le OncoSim<\/h2>\n<p>La publication de tout renseignement issu du mod\u00e8le OncoSim doit \u00eatre signal\u00e9e au Partenariat, conform\u00e9ment aux conditions d\u2019utilisation. Veuillez consulter <a href=\"https:\/\/www.partnershipagainstcancer.ca\/fr\/tools\/oncosim\/publication-presentation-notification\/\">les lignes directrices relatives \u00e0 la pr\u00e9sentation ou la publication<\/a> de r\u00e9sultats issus du mod\u00e8le OncoSim, y compris par le biais de communiqu\u00e9s de presse.<\/p>\n","protected":false},"excerpt":{"rendered":"<p>Le mod\u00e8le OncoSim est un outil gratuit et s\u00e9curis\u00e9 pour les d\u00e9cideurs, les chercheurs et les planificateurs des minist\u00e8res ainsi que des organismes du secteur public au Canada. Si vous pensez que le mod\u00e8le OncoSim est susceptible de vous aider dans votre travail de lutte contre le cancer, demandez la cr\u00e9ation d\u2019un compte en suivant [&hellip;]<\/p>\n","protected":false},"author":24,"featured_media":0,"parent":34662,"menu_order":5,"comment_status":"closed","ping_status":"closed","template":"content.php","meta":{"_acf_changed":false,"_monsterinsights_skip_tracking":false,"_monsterinsights_sitenote_active":false,"_monsterinsights_sitenote_note":"","_monsterinsights_sitenote_category":0,"ep_exclude_from_search":false,"footnotes":""},"categories":[],"tags":[],"site-tools":[],"ppma_author":[1964],"class_list":["post-34683","page","type-page","status-publish","hentry"],"acf":[],"yoast_head":"<!-- This site is optimized with the Yoast SEO plugin v27.3 - https:\/\/yoast.com\/product\/yoast-seo-wordpress\/ -->\n<title>Canadian Partnership Against Cancer<\/title>\n<meta name=\"description\" content=\"Comment cr\u00e9er un compte pour OncoSim, un outil de mod\u00e9lisation en ligne qui pr\u00e9dit l\u2019impact des strat\u00e9gies de lutte contre le cancer en utilisant les donn\u00e9es canadiennes sur la recherche sur le cancer.\" \/>\n<meta name=\"robots\" content=\"index, follow, max-snippet:-1, max-image-preview:large, max-video-preview:-1\" \/>\n<link rel=\"canonical\" href=\"https:\/\/www.partnershipagainstcancer.ca\/fr\/tools\/oncosim\/request-account\/\" \/>\n<meta property=\"og:locale\" content=\"fr_FR\" \/>\n<meta property=\"og:type\" content=\"article\" \/>\n<meta property=\"og:title\" content=\"Demander la cr\u00e9ation d\u2019un compte - Canadian Partnership Against Cancer\" \/>\n<meta property=\"og:description\" content=\"Comment cr\u00e9er un compte pour OncoSim, un outil de mod\u00e9lisation en ligne qui pr\u00e9dit l\u2019impact des strat\u00e9gies de lutte contre le cancer en utilisant les donn\u00e9es canadiennes sur la recherche sur le cancer.\" \/>\n<meta property=\"og:url\" content=\"https:\/\/www.partnershipagainstcancer.ca\/fr\/tools\/oncosim\/request-account\/\" \/>\n<meta property=\"og:site_name\" content=\"Canadian Partnership Against Cancer\" \/>\n<meta property=\"article:publisher\" content=\"https:\/\/www.facebook.com\/CanadianPartnershipAgainstCancer\/\" \/>\n<meta property=\"article:modified_time\" content=\"2022-09-06T23:48:10+00:00\" \/>\n<meta name=\"twitter:card\" content=\"summary_large_image\" \/>\n<meta name=\"twitter:site\" content=\"@cancerstratca\" \/>\n<meta name=\"twitter:label1\" content=\"Dur\u00e9e de lecture estim\u00e9e\" \/>\n\t<meta name=\"twitter:data1\" content=\"1 minute\" \/>\n<script type=\"application\/ld+json\" class=\"yoast-schema-graph\">{\"@context\":\"https:\\\/\\\/schema.org\",\"@graph\":[{\"@type\":\"WebPage\",\"@id\":\"https:\\\/\\\/www.partnershipagainstcancer.ca\\\/fr\\\/tools\\\/oncosim\\\/request-account\\\/\",\"url\":\"https:\\\/\\\/www.partnershipagainstcancer.ca\\\/fr\\\/tools\\\/oncosim\\\/request-account\\\/\",\"name\":\"Demander la cr\u00e9ation d\u2019un compte - Canadian Partnership Against Cancer\",\"isPartOf\":{\"@id\":\"https:\\\/\\\/dev.partnershipagainstcancer.ca\\\/#website\"},\"datePublished\":\"2017-10-16T16:00:28+00:00\",\"dateModified\":\"2022-09-06T23:48:10+00:00\",\"description\":\"Comment cr\u00e9er un compte pour OncoSim, un outil de mod\u00e9lisation en ligne qui pr\u00e9dit l\u2019impact des strat\u00e9gies de lutte contre le cancer en utilisant les donn\u00e9es canadiennes sur la recherche sur le cancer.\",\"breadcrumb\":{\"@id\":\"https:\\\/\\\/www.partnershipagainstcancer.ca\\\/fr\\\/tools\\\/oncosim\\\/request-account\\\/#breadcrumb\"},\"inLanguage\":\"fr-FR\",\"potentialAction\":[{\"@type\":\"ReadAction\",\"target\":[\"https:\\\/\\\/www.partnershipagainstcancer.ca\\\/fr\\\/tools\\\/oncosim\\\/request-account\\\/\"]}]},{\"@type\":\"BreadcrumbList\",\"@id\":\"https:\\\/\\\/www.partnershipagainstcancer.ca\\\/fr\\\/tools\\\/oncosim\\\/request-account\\\/#breadcrumb\",\"itemListElement\":[{\"@type\":\"ListItem\",\"position\":1,\"name\":\"Outils\",\"item\":\"https:\\\/\\\/www.partnershipagainstcancer.ca\\\/fr\\\/tools\\\/\"},{\"@type\":\"ListItem\",\"position\":2,\"name\":\"OncoSim\",\"item\":\"https:\\\/\\\/www.partnershipagainstcancer.ca\\\/fr\\\/tools\\\/oncosim\\\/\"},{\"@type\":\"ListItem\",\"position\":3,\"name\":\"Demander la cr\u00e9ation d\u2019un compte\"}]},{\"@type\":\"WebSite\",\"@id\":\"https:\\\/\\\/dev.partnershipagainstcancer.ca\\\/#website\",\"url\":\"https:\\\/\\\/dev.partnershipagainstcancer.ca\\\/\",\"name\":\"Canadian Partnership Against Cancer\",\"description\":\"\",\"potentialAction\":[{\"@type\":\"SearchAction\",\"target\":{\"@type\":\"EntryPoint\",\"urlTemplate\":\"https:\\\/\\\/dev.partnershipagainstcancer.ca\\\/?s={search_term_string}\"},\"query-input\":{\"@type\":\"PropertyValueSpecification\",\"valueRequired\":true,\"valueName\":\"search_term_string\"}}],\"inLanguage\":\"fr-FR\"}]}<\/script>\n<!-- \/ Yoast SEO plugin. -->","yoast_head_json":{"title":"Canadian Partnership Against Cancer","description":"Comment cr\u00e9er un compte pour OncoSim, un outil de mod\u00e9lisation en ligne qui pr\u00e9dit l\u2019impact des strat\u00e9gies de lutte contre le cancer en utilisant les donn\u00e9es canadiennes sur la recherche sur le cancer.","robots":{"index":"index","follow":"follow","max-snippet":"max-snippet:-1","max-image-preview":"max-image-preview:large","max-video-preview":"max-video-preview:-1"},"canonical":"https:\/\/www.partnershipagainstcancer.ca\/fr\/tools\/oncosim\/request-account\/","og_locale":"fr_FR","og_type":"article","og_title":"Demander la cr\u00e9ation d\u2019un compte - Canadian Partnership Against Cancer","og_description":"Comment cr\u00e9er un compte pour OncoSim, un outil de mod\u00e9lisation en ligne qui pr\u00e9dit l\u2019impact des strat\u00e9gies de lutte contre le cancer en utilisant les donn\u00e9es canadiennes sur la recherche sur le cancer.","og_url":"https:\/\/www.partnershipagainstcancer.ca\/fr\/tools\/oncosim\/request-account\/","og_site_name":"Canadian Partnership Against Cancer","article_publisher":"https:\/\/www.facebook.com\/CanadianPartnershipAgainstCancer\/","article_modified_time":"2022-09-06T23:48:10+00:00","twitter_card":"summary_large_image","twitter_site":"@cancerstratca","twitter_misc":{"Dur\u00e9e de lecture estim\u00e9e":"1 minute"},"schema":{"@context":"https:\/\/schema.org","@graph":[{"@type":"WebPage","@id":"https:\/\/www.partnershipagainstcancer.ca\/fr\/tools\/oncosim\/request-account\/","url":"https:\/\/www.partnershipagainstcancer.ca\/fr\/tools\/oncosim\/request-account\/","name":"Demander la cr\u00e9ation d\u2019un compte - Canadian Partnership Against Cancer","isPartOf":{"@id":"https:\/\/dev.partnershipagainstcancer.ca\/#website"},"datePublished":"2017-10-16T16:00:28+00:00","dateModified":"2022-09-06T23:48:10+00:00","description":"Comment cr\u00e9er un compte pour OncoSim, un outil de mod\u00e9lisation en ligne qui pr\u00e9dit l\u2019impact des strat\u00e9gies de lutte contre le cancer en utilisant les donn\u00e9es canadiennes sur la recherche sur le cancer.","breadcrumb":{"@id":"https:\/\/www.partnershipagainstcancer.ca\/fr\/tools\/oncosim\/request-account\/#breadcrumb"},"inLanguage":"fr-FR","potentialAction":[{"@type":"ReadAction","target":["https:\/\/www.partnershipagainstcancer.ca\/fr\/tools\/oncosim\/request-account\/"]}]},{"@type":"BreadcrumbList","@id":"https:\/\/www.partnershipagainstcancer.ca\/fr\/tools\/oncosim\/request-account\/#breadcrumb","itemListElement":[{"@type":"ListItem","position":1,"name":"Outils","item":"https:\/\/www.partnershipagainstcancer.ca\/fr\/tools\/"},{"@type":"ListItem","position":2,"name":"OncoSim","item":"https:\/\/www.partnershipagainstcancer.ca\/fr\/tools\/oncosim\/"},{"@type":"ListItem","position":3,"name":"Demander la cr\u00e9ation d\u2019un compte"}]},{"@type":"WebSite","@id":"https:\/\/dev.partnershipagainstcancer.ca\/#website","url":"https:\/\/dev.partnershipagainstcancer.ca\/","name":"Canadian Partnership Against Cancer","description":"","potentialAction":[{"@type":"SearchAction","target":{"@type":"EntryPoint","urlTemplate":"https:\/\/dev.partnershipagainstcancer.ca\/?s={search_term_string}"},"query-input":{"@type":"PropertyValueSpecification","valueRequired":true,"valueName":"search_term_string"}}],"inLanguage":"fr-FR"}]}},"_links":{"self":[{"href":"https:\/\/www.partnershipagainstcancer.ca\/fr\/wp-json\/wp\/v2\/pages\/34683","targetHints":{"allow":["GET"]}}],"collection":[{"href":"https:\/\/www.partnershipagainstcancer.ca\/fr\/wp-json\/wp\/v2\/pages"}],"about":[{"href":"https:\/\/www.partnershipagainstcancer.ca\/fr\/wp-json\/wp\/v2\/types\/page"}],"author":[{"embeddable":true,"href":"https:\/\/www.partnershipagainstcancer.ca\/fr\/wp-json\/wp\/v2\/users\/24"}],"replies":[{"embeddable":true,"href":"https:\/\/www.partnershipagainstcancer.ca\/fr\/wp-json\/wp\/v2\/comments?post=34683"}],"version-history":[{"count":2,"href":"https:\/\/www.partnershipagainstcancer.ca\/fr\/wp-json\/wp\/v2\/pages\/34683\/revisions"}],"predecessor-version":[{"id":55336,"href":"https:\/\/www.partnershipagainstcancer.ca\/fr\/wp-json\/wp\/v2\/pages\/34683\/revisions\/55336"}],"up":[{"embeddable":true,"href":"https:\/\/www.partnershipagainstcancer.ca\/fr\/wp-json\/wp\/v2\/pages\/34662"}],"wp:attachment":[{"href":"https:\/\/www.partnershipagainstcancer.ca\/fr\/wp-json\/wp\/v2\/media?parent=34683"}],"wp:term":[{"taxonomy":"category","embeddable":true,"href":"https:\/\/www.partnershipagainstcancer.ca\/fr\/wp-json\/wp\/v2\/categories?post=34683"},{"taxonomy":"post_tag","embeddable":true,"href":"https:\/\/www.partnershipagainstcancer.ca\/fr\/wp-json\/wp\/v2\/tags?post=34683"},{"taxonomy":"site-tools","embeddable":true,"href":"https:\/\/www.partnershipagainstcancer.ca\/fr\/wp-json\/wp\/v2\/site-tools?post=34683"},{"taxonomy":"author","embeddable":true,"href":"https:\/\/www.partnershipagainstcancer.ca\/fr\/wp-json\/wp\/v2\/ppma_author?post=34683"}],"curies":[{"name":"wp","href":"https:\/\/api.w.org\/{rel}","templated":true}]}}