{"id":34662,"date":"2017-10-16T15:39:37","date_gmt":"2017-10-16T15:39:37","guid":{"rendered":"https:\/\/www.partnershipagainstcancer.ca\/?page_id=34662\/"},"modified":"2024-02-21T14:43:41","modified_gmt":"2024-02-21T19:43:41","slug":"oncosim","status":"publish","type":"page","link":"https:\/\/www.partnershipagainstcancer.ca\/fr\/tools\/oncosim\/","title":{"rendered":"OncoSim"},"content":{"rendered":"<h2><strong>Qu\u2019est-ce qu\u2019OncoSim?<\/strong><\/h2>\n<p>OncoSim est un outil de simulation gratuit en ligne qui permet d\u2019\u00e9valuer les strat\u00e9gies de lutte contre le cancer. Combinant des donn\u00e9es r\u00e9elles avec des opinions d\u2019experts et des renseignements tir\u00e9s de la documentation publi\u00e9e, OncoSim effectue des projections quant aux r\u00e9sultats de diff\u00e9rentes strat\u00e9gies sur les plans \u00e9conomique et de la sant\u00e9, et leur attribue 19 facteurs de risque tels que le tabagisme et le manque d\u2019activit\u00e9 physique. OncoSim permet actuellement de mod\u00e9liser quatre si\u00e8ges de cancer (sein, colorectal, poumon et col de l\u2019ut\u00e9rus) ainsi que les programmes de d\u00e9pistage associ\u00e9s en d\u00e9tail, et offre des projections de haut niveau pour 25 si\u00e8ges de cancer. Cet outil unique et sophistiqu\u00e9 est utilis\u00e9 par les d\u00e9cideurs de tout le Canada afin de mieux comprendre les r\u00e9percussions et l\u2019utilit\u00e9 des investissements dans la lutte contre le cancer.<\/p>\n<p>OncoSim est dirig\u00e9 et soutenu par le Partenariat canadien contre le cancer, et rendu possible par un financement de Sant\u00e9 Canada. L\u2019\u00e9laboration des mod\u00e8les est effectu\u00e9e par Statistique Canada.<\/p>\n<h2>OncoSim, un outil qui change la donne<\/h2>\n<p>OncoSim est un outil d\u2019analyse co\u00fbt\/b\u00e9n\u00e9fice \u00e0 la fine pointe de la technologie qui aide les chercheurs, les conseillers en politiques et les d\u00e9cideurs qui travaillent dans les domaines de la pr\u00e9vention, du d\u00e9pistage et du traitement du cancer \u00e0 pr\u00e9voir les r\u00e9percussions des changements en mati\u00e8re de politiques sur les r\u00e9sultats tels que l\u2019incidence, la mortalit\u00e9 et le fardeau \u00e9conomique. Il contribue \u00e0 combler les lacunes lorsque des donn\u00e9es manquent, ou lorsqu\u2019il n\u2019est pas possible d\u2019effectuer des essais cliniques ou des exp\u00e9riences pratiques. Face au d\u00e9fi de r\u00e9partir ad\u00e9quatement les fonds d\u2019un budget de soins de sant\u00e9 tr\u00e8s restreint, OncoSim peut fournir un aper\u00e7u pour aider \u00e0 r\u00e9pondre aux principales questions en mati\u00e8re de politiques dans le domaine des soins contre le cancer.<\/p>\n<h2>OncoSim, un outil \u00e0 votre service<\/h2>\n<p>OncoSim aide les analystes de politiques, les cliniciens, les chercheurs, les universitaires et les gestionnaires de programmes \u00e0 \u00e9valuer un certain nombre d\u2019enjeux en mati\u00e8re de lutte contre le cancer et \u00e0 produire des rapports connexes. Que vous soyez praticien ou responsable de l\u2019\u00e9laboration de politiques relatives \u00e0 la pr\u00e9vention, au d\u00e9pistage, au diagnostic, au traitement, aux soins palliatifs ou aux soins de fin de vie, les projections personnalis\u00e9es d\u2019OncoSim en mati\u00e8re de lutte contre le cancer vous permettront d\u2019intensifier vos efforts. Vous pouvez facilement exporter vers votre ordinateur les projections d\u2019OncoSim, sous des formats de donn\u00e9es et de graphiques, \u00e0 des fins de r\u00e9f\u00e9rence, d\u2019analyse et de pr\u00e9sentation. Si vous publiez ou pr\u00e9sentez des r\u00e9sultats d\u2019analyses provenant du mod\u00e8le OncoSim, veuillez suivre nos <a href=\"https:\/\/www.partnershipagainstcancer.ca\/fr\/tools\/oncosim\/publication-presentation-notification\/\">lignes directrices sur les avis de publication et de pr\u00e9sentation<\/a>.<\/p>\n<p>Pour les utilisateurs du secteur public, OncoSim est accessible gratuitement, 24\u00a0h\/24 et 7\u00a0j\/7, \u00e0 partir d\u2019une plateforme en ligne.<\/p>\n<h2>Communiquez avec nous<\/h2>\n<p>Si vous pensez que le mod\u00e8le OncoSim peut vous aider dans votre travail de lutte contre le cancer, communiquez avec nous \u00e0 l\u2019adresse <a href=\"mailto:Oncosim@partnershipagainstcancer.ca\">oncosim@partnershipagainstcancer.ca<\/a>.<\/p>\n","protected":false},"excerpt":{"rendered":"<p>Qu\u2019est-ce qu\u2019OncoSim? OncoSim est un outil de simulation gratuit en ligne qui permet d\u2019\u00e9valuer les strat\u00e9gies de lutte contre le cancer. Combinant des donn\u00e9es r\u00e9elles avec des opinions d\u2019experts et des renseignements tir\u00e9s de la documentation publi\u00e9e, OncoSim effectue des projections quant aux r\u00e9sultats de diff\u00e9rentes strat\u00e9gies sur les plans \u00e9conomique et de la sant\u00e9, [&hellip;]<\/p>\n","protected":false},"author":24,"featured_media":0,"parent":34550,"menu_order":20,"comment_status":"closed","ping_status":"closed","template":"content.php","meta":{"_acf_changed":false,"_monsterinsights_skip_tracking":false,"_monsterinsights_sitenote_active":false,"_monsterinsights_sitenote_note":"","_monsterinsights_sitenote_category":0,"ep_exclude_from_search":false,"footnotes":""},"categories":[],"tags":[],"site-tools":[1243],"ppma_author":[1964],"class_list":["post-34662","page","type-page","status-publish","hentry","site-tools-tools-and-databases-fr"],"acf":[],"yoast_head":"<!-- This site is optimized with the Yoast SEO plugin v27.3 - https:\/\/yoast.com\/product\/yoast-seo-wordpress\/ -->\n<title>Canadian Partnership Against Cancer<\/title>\n<meta name=\"robots\" content=\"index, follow, max-snippet:-1, max-image-preview:large, max-video-preview:-1\" \/>\n<link rel=\"canonical\" href=\"https:\/\/www.partnershipagainstcancer.ca\/fr\/tools\/oncosim\/\" \/>\n<meta property=\"og:locale\" content=\"fr_FR\" \/>\n<meta property=\"og:type\" content=\"article\" \/>\n<meta property=\"og:title\" content=\"OncoSim - Canadian Partnership Against Cancer\" \/>\n<meta property=\"og:description\" content=\"Qu\u2019est-ce qu\u2019OncoSim? OncoSim est un outil de simulation gratuit en ligne qui permet d\u2019\u00e9valuer les strat\u00e9gies de lutte contre le cancer. Combinant des donn\u00e9es r\u00e9elles avec des opinions d\u2019experts et des renseignements tir\u00e9s de la documentation publi\u00e9e, OncoSim effectue des projections quant aux r\u00e9sultats de diff\u00e9rentes strat\u00e9gies sur les plans \u00e9conomique et de la sant\u00e9, [&hellip;]\" \/>\n<meta property=\"og:url\" content=\"https:\/\/www.partnershipagainstcancer.ca\/fr\/tools\/oncosim\/\" \/>\n<meta property=\"og:site_name\" content=\"Canadian Partnership Against Cancer\" \/>\n<meta property=\"article:publisher\" content=\"https:\/\/www.facebook.com\/CanadianPartnershipAgainstCancer\/\" \/>\n<meta property=\"article:modified_time\" content=\"2024-02-21T19:43:41+00:00\" \/>\n<meta name=\"twitter:card\" content=\"summary_large_image\" \/>\n<meta name=\"twitter:site\" content=\"@cancerstratca\" \/>\n<meta name=\"twitter:label1\" content=\"Dur\u00e9e de lecture estim\u00e9e\" \/>\n\t<meta name=\"twitter:data1\" content=\"3 minutes\" \/>\n<script type=\"application\/ld+json\" class=\"yoast-schema-graph\">{\"@context\":\"https:\\\/\\\/schema.org\",\"@graph\":[{\"@type\":\"WebPage\",\"@id\":\"https:\\\/\\\/www.partnershipagainstcancer.ca\\\/fr\\\/tools\\\/oncosim\\\/\",\"url\":\"https:\\\/\\\/www.partnershipagainstcancer.ca\\\/fr\\\/tools\\\/oncosim\\\/\",\"name\":\"OncoSim - Canadian Partnership Against Cancer\",\"isPartOf\":{\"@id\":\"https:\\\/\\\/dev.partnershipagainstcancer.ca\\\/#website\"},\"datePublished\":\"2017-10-16T15:39:37+00:00\",\"dateModified\":\"2024-02-21T19:43:41+00:00\",\"breadcrumb\":{\"@id\":\"https:\\\/\\\/www.partnershipagainstcancer.ca\\\/fr\\\/tools\\\/oncosim\\\/#breadcrumb\"},\"inLanguage\":\"fr-FR\",\"potentialAction\":[{\"@type\":\"ReadAction\",\"target\":[\"https:\\\/\\\/www.partnershipagainstcancer.ca\\\/fr\\\/tools\\\/oncosim\\\/\"]}]},{\"@type\":\"BreadcrumbList\",\"@id\":\"https:\\\/\\\/www.partnershipagainstcancer.ca\\\/fr\\\/tools\\\/oncosim\\\/#breadcrumb\",\"itemListElement\":[{\"@type\":\"ListItem\",\"position\":1,\"name\":\"Outils\",\"item\":\"https:\\\/\\\/www.partnershipagainstcancer.ca\\\/fr\\\/tools\\\/\"},{\"@type\":\"ListItem\",\"position\":2,\"name\":\"OncoSim\"}]},{\"@type\":\"WebSite\",\"@id\":\"https:\\\/\\\/dev.partnershipagainstcancer.ca\\\/#website\",\"url\":\"https:\\\/\\\/dev.partnershipagainstcancer.ca\\\/\",\"name\":\"Canadian Partnership Against Cancer\",\"description\":\"\",\"potentialAction\":[{\"@type\":\"SearchAction\",\"target\":{\"@type\":\"EntryPoint\",\"urlTemplate\":\"https:\\\/\\\/dev.partnershipagainstcancer.ca\\\/?s={search_term_string}\"},\"query-input\":{\"@type\":\"PropertyValueSpecification\",\"valueRequired\":true,\"valueName\":\"search_term_string\"}}],\"inLanguage\":\"fr-FR\"}]}<\/script>\n<!-- \/ Yoast SEO plugin. -->","yoast_head_json":{"title":"Canadian Partnership Against Cancer","robots":{"index":"index","follow":"follow","max-snippet":"max-snippet:-1","max-image-preview":"max-image-preview:large","max-video-preview":"max-video-preview:-1"},"canonical":"https:\/\/www.partnershipagainstcancer.ca\/fr\/tools\/oncosim\/","og_locale":"fr_FR","og_type":"article","og_title":"OncoSim - Canadian Partnership Against Cancer","og_description":"Qu\u2019est-ce qu\u2019OncoSim? OncoSim est un outil de simulation gratuit en ligne qui permet d\u2019\u00e9valuer les strat\u00e9gies de lutte contre le cancer. Combinant des donn\u00e9es r\u00e9elles avec des opinions d\u2019experts et des renseignements tir\u00e9s de la documentation publi\u00e9e, OncoSim effectue des projections quant aux r\u00e9sultats de diff\u00e9rentes strat\u00e9gies sur les plans \u00e9conomique et de la sant\u00e9, [&hellip;]","og_url":"https:\/\/www.partnershipagainstcancer.ca\/fr\/tools\/oncosim\/","og_site_name":"Canadian Partnership Against Cancer","article_publisher":"https:\/\/www.facebook.com\/CanadianPartnershipAgainstCancer\/","article_modified_time":"2024-02-21T19:43:41+00:00","twitter_card":"summary_large_image","twitter_site":"@cancerstratca","twitter_misc":{"Dur\u00e9e de lecture estim\u00e9e":"3 minutes"},"schema":{"@context":"https:\/\/schema.org","@graph":[{"@type":"WebPage","@id":"https:\/\/www.partnershipagainstcancer.ca\/fr\/tools\/oncosim\/","url":"https:\/\/www.partnershipagainstcancer.ca\/fr\/tools\/oncosim\/","name":"OncoSim - Canadian Partnership Against Cancer","isPartOf":{"@id":"https:\/\/dev.partnershipagainstcancer.ca\/#website"},"datePublished":"2017-10-16T15:39:37+00:00","dateModified":"2024-02-21T19:43:41+00:00","breadcrumb":{"@id":"https:\/\/www.partnershipagainstcancer.ca\/fr\/tools\/oncosim\/#breadcrumb"},"inLanguage":"fr-FR","potentialAction":[{"@type":"ReadAction","target":["https:\/\/www.partnershipagainstcancer.ca\/fr\/tools\/oncosim\/"]}]},{"@type":"BreadcrumbList","@id":"https:\/\/www.partnershipagainstcancer.ca\/fr\/tools\/oncosim\/#breadcrumb","itemListElement":[{"@type":"ListItem","position":1,"name":"Outils","item":"https:\/\/www.partnershipagainstcancer.ca\/fr\/tools\/"},{"@type":"ListItem","position":2,"name":"OncoSim"}]},{"@type":"WebSite","@id":"https:\/\/dev.partnershipagainstcancer.ca\/#website","url":"https:\/\/dev.partnershipagainstcancer.ca\/","name":"Canadian Partnership Against Cancer","description":"","potentialAction":[{"@type":"SearchAction","target":{"@type":"EntryPoint","urlTemplate":"https:\/\/dev.partnershipagainstcancer.ca\/?s={search_term_string}"},"query-input":{"@type":"PropertyValueSpecification","valueRequired":true,"valueName":"search_term_string"}}],"inLanguage":"fr-FR"}]}},"_links":{"self":[{"href":"https:\/\/www.partnershipagainstcancer.ca\/fr\/wp-json\/wp\/v2\/pages\/34662","targetHints":{"allow":["GET"]}}],"collection":[{"href":"https:\/\/www.partnershipagainstcancer.ca\/fr\/wp-json\/wp\/v2\/pages"}],"about":[{"href":"https:\/\/www.partnershipagainstcancer.ca\/fr\/wp-json\/wp\/v2\/types\/page"}],"author":[{"embeddable":true,"href":"https:\/\/www.partnershipagainstcancer.ca\/fr\/wp-json\/wp\/v2\/users\/24"}],"replies":[{"embeddable":true,"href":"https:\/\/www.partnershipagainstcancer.ca\/fr\/wp-json\/wp\/v2\/comments?post=34662"}],"version-history":[{"count":4,"href":"https:\/\/www.partnershipagainstcancer.ca\/fr\/wp-json\/wp\/v2\/pages\/34662\/revisions"}],"predecessor-version":[{"id":67151,"href":"https:\/\/www.partnershipagainstcancer.ca\/fr\/wp-json\/wp\/v2\/pages\/34662\/revisions\/67151"}],"up":[{"embeddable":true,"href":"https:\/\/www.partnershipagainstcancer.ca\/fr\/wp-json\/wp\/v2\/pages\/34550"}],"wp:attachment":[{"href":"https:\/\/www.partnershipagainstcancer.ca\/fr\/wp-json\/wp\/v2\/media?parent=34662"}],"wp:term":[{"taxonomy":"category","embeddable":true,"href":"https:\/\/www.partnershipagainstcancer.ca\/fr\/wp-json\/wp\/v2\/categories?post=34662"},{"taxonomy":"post_tag","embeddable":true,"href":"https:\/\/www.partnershipagainstcancer.ca\/fr\/wp-json\/wp\/v2\/tags?post=34662"},{"taxonomy":"site-tools","embeddable":true,"href":"https:\/\/www.partnershipagainstcancer.ca\/fr\/wp-json\/wp\/v2\/site-tools?post=34662"},{"taxonomy":"author","embeddable":true,"href":"https:\/\/www.partnershipagainstcancer.ca\/fr\/wp-json\/wp\/v2\/ppma_author?post=34662"}],"curies":[{"name":"wp","href":"https:\/\/api.w.org\/{rel}","templated":true}]}}