{"id":34558,"date":"2017-10-06T15:43:19","date_gmt":"2017-10-06T15:43:19","guid":{"rendered":"https:\/\/www.partnershipagainstcancer.ca\/?page_id=34558\/"},"modified":"2026-02-03T15:32:46","modified_gmt":"2026-02-03T20:32:46","slug":"contact-us","status":"publish","type":"page","link":"https:\/\/www.partnershipagainstcancer.ca\/fr\/contact-us\/","title":{"rendered":"Contactez-nous"},"content":{"rendered":"<p>Partenariat canadien contre le cancer<br \/>\n154, avenue University, bureau 1000<br \/>\nToronto (Ontario)\u00a0 M5H 3Y9<\/p>\n<p>T\u00e9l\u00e9phone\u00a0:\u00a0 (416) 915-9222<br \/>\nSans frais : 1 (877) 360-1665<br \/>\nCourriel :\u00a0<a href=\"mailto:info@partenariatcontrelecancer.ca\">info@partenariatcontrelecancer.ca<\/a><\/p>\n<ul>\n<li>Pour les demandes de renseignements des m\u00e9dias, veuillez \u00e9crire \u00e0 <a href=\"mailto:media@partnershipagainstcancer.ca\">media@partenariatcontrelecancer.ca<\/a>.<\/li>\n<li>Pour les demandes de renseignements des fournisseurs, veuillez \u00e9crire \u00e0\u00a0<a href=\"mailto:procurement@partnershipagainstcancer.ca\">procurement@partenariatcontrelecancer.ca<\/a>.<\/li>\n<li>Pour les demandes de renseignements concernant les possibilit\u00e9s de carri\u00e8re, veuillez \u00e9crire \u00e0\u00a0<a href=\"mailto:peopleandculture@partnershipagainstcancer.ca\">peopleandculture@partenariatcontrelecancer.ca<\/a>.<\/li>\n<\/ul>\n<p>Le Partenariat s\u2019engage \u00e0 faire preuve de transparence et de responsabilit\u00e9. Nous vous invitons \u00e0 signaler tout comportement ill\u00e9gal ou tout acte r\u00e9pr\u00e9hensible au sein du Partenariat ou concernant le Partenariat, qu\u2019il soit av\u00e9r\u00e9 ou potentiel, \u00e0 <a id=\"discMail\" href=\"#\">mail<\/a>.<br \/>\n<script>\n        var discMail = \"ABCDEFZGlzY2xvc3VyZUBwYXJ0bmVyc2hpcGFnYWluc3RjYW5jZXIuY2E=\";\n        document.getElementById(\"discMail\").setAttribute(\"href\", \"mailto:\" . concat(atob(discMail.substring(6))));\n        document.getElementById(\"discMail\").innerHTML = atob(discMail.substring(6));\n        <\/script><\/p>\n","protected":false},"excerpt":{"rendered":"<p>Partenariat canadien contre le cancer 154, avenue University, bureau 1000 Toronto (Ontario)\u00a0 M5H 3Y9 T\u00e9l\u00e9phone\u00a0:\u00a0 (416) 915-9222 Sans frais : 1 (877) 360-1665 Courriel :\u00a0info@partenariatcontrelecancer.ca Pour les demandes de renseignements des m\u00e9dias, veuillez \u00e9crire \u00e0 media@partenariatcontrelecancer.ca. Pour les demandes de renseignements des fournisseurs, veuillez \u00e9crire \u00e0\u00a0procurement@partenariatcontrelecancer.ca. Pour les demandes de renseignements concernant les possibilit\u00e9s de [&hellip;]<\/p>\n","protected":false},"author":24,"featured_media":0,"parent":0,"menu_order":45,"comment_status":"closed","ping_status":"closed","template":"content.php","meta":{"_acf_changed":false,"_monsterinsights_skip_tracking":false,"_monsterinsights_sitenote_active":false,"_monsterinsights_sitenote_note":"","_monsterinsights_sitenote_category":0,"ep_exclude_from_search":false,"footnotes":""},"categories":[],"tags":[],"site-tools":[],"ppma_author":[1964],"class_list":["post-34558","page","type-page","status-publish","hentry"],"acf":[],"yoast_head":"<!-- This site is optimized with the Yoast SEO plugin v27.3 - https:\/\/yoast.com\/product\/yoast-seo-wordpress\/ -->\n<title>Canadian Partnership Against Cancer<\/title>\n<meta name=\"robots\" content=\"index, follow, max-snippet:-1, max-image-preview:large, max-video-preview:-1\" \/>\n<link rel=\"canonical\" href=\"https:\/\/www.partnershipagainstcancer.ca\/fr\/contact-us\/\" \/>\n<meta property=\"og:locale\" content=\"fr_FR\" \/>\n<meta property=\"og:type\" content=\"article\" \/>\n<meta property=\"og:title\" content=\"Contactez-nous - Canadian Partnership Against Cancer\" \/>\n<meta property=\"og:description\" content=\"Partenariat canadien contre le cancer 154, avenue University, bureau 1000 Toronto (Ontario)\u00a0 M5H 3Y9 T\u00e9l\u00e9phone\u00a0:\u00a0 (416) 915-9222 Sans frais : 1 (877) 360-1665 Courriel :\u00a0info@partenariatcontrelecancer.ca Pour les demandes de renseignements des m\u00e9dias, veuillez \u00e9crire \u00e0 media@partenariatcontrelecancer.ca. Pour les demandes de renseignements des fournisseurs, veuillez \u00e9crire \u00e0\u00a0procurement@partenariatcontrelecancer.ca. Pour les demandes de renseignements concernant les possibilit\u00e9s de [&hellip;]\" \/>\n<meta property=\"og:url\" content=\"https:\/\/www.partnershipagainstcancer.ca\/fr\/contact-us\/\" \/>\n<meta property=\"og:site_name\" content=\"Canadian Partnership Against Cancer\" \/>\n<meta property=\"article:publisher\" content=\"https:\/\/www.facebook.com\/CanadianPartnershipAgainstCancer\/\" \/>\n<meta property=\"article:modified_time\" content=\"2026-02-03T20:32:46+00:00\" \/>\n<meta name=\"twitter:card\" content=\"summary_large_image\" \/>\n<meta name=\"twitter:site\" content=\"@cancerstratca\" \/>\n<meta name=\"twitter:label1\" content=\"Dur\u00e9e de lecture estim\u00e9e\" \/>\n\t<meta name=\"twitter:data1\" content=\"1 minute\" \/>\n<script type=\"application\/ld+json\" class=\"yoast-schema-graph\">{\"@context\":\"https:\\\/\\\/schema.org\",\"@graph\":[{\"@type\":\"WebPage\",\"@id\":\"https:\\\/\\\/www.partnershipagainstcancer.ca\\\/fr\\\/contact-us\\\/\",\"url\":\"https:\\\/\\\/www.partnershipagainstcancer.ca\\\/fr\\\/contact-us\\\/\",\"name\":\"Contactez-nous - Canadian Partnership Against Cancer\",\"isPartOf\":{\"@id\":\"https:\\\/\\\/dev.partnershipagainstcancer.ca\\\/#website\"},\"datePublished\":\"2017-10-06T15:43:19+00:00\",\"dateModified\":\"2026-02-03T20:32:46+00:00\",\"inLanguage\":\"fr-FR\",\"potentialAction\":[{\"@type\":\"ReadAction\",\"target\":[\"https:\\\/\\\/www.partnershipagainstcancer.ca\\\/fr\\\/contact-us\\\/\"]}]},{\"@type\":\"WebSite\",\"@id\":\"https:\\\/\\\/dev.partnershipagainstcancer.ca\\\/#website\",\"url\":\"https:\\\/\\\/dev.partnershipagainstcancer.ca\\\/\",\"name\":\"Canadian Partnership Against Cancer\",\"description\":\"\",\"potentialAction\":[{\"@type\":\"SearchAction\",\"target\":{\"@type\":\"EntryPoint\",\"urlTemplate\":\"https:\\\/\\\/dev.partnershipagainstcancer.ca\\\/?s={search_term_string}\"},\"query-input\":{\"@type\":\"PropertyValueSpecification\",\"valueRequired\":true,\"valueName\":\"search_term_string\"}}],\"inLanguage\":\"fr-FR\"}]}<\/script>\n<!-- \/ Yoast SEO plugin. -->","yoast_head_json":{"title":"Canadian Partnership Against Cancer","robots":{"index":"index","follow":"follow","max-snippet":"max-snippet:-1","max-image-preview":"max-image-preview:large","max-video-preview":"max-video-preview:-1"},"canonical":"https:\/\/www.partnershipagainstcancer.ca\/fr\/contact-us\/","og_locale":"fr_FR","og_type":"article","og_title":"Contactez-nous - Canadian Partnership Against Cancer","og_description":"Partenariat canadien contre le cancer 154, avenue University, bureau 1000 Toronto (Ontario)\u00a0 M5H 3Y9 T\u00e9l\u00e9phone\u00a0:\u00a0 (416) 915-9222 Sans frais : 1 (877) 360-1665 Courriel :\u00a0info@partenariatcontrelecancer.ca Pour les demandes de renseignements des m\u00e9dias, veuillez \u00e9crire \u00e0 media@partenariatcontrelecancer.ca. Pour les demandes de renseignements des fournisseurs, veuillez \u00e9crire \u00e0\u00a0procurement@partenariatcontrelecancer.ca. Pour les demandes de renseignements concernant les possibilit\u00e9s de [&hellip;]","og_url":"https:\/\/www.partnershipagainstcancer.ca\/fr\/contact-us\/","og_site_name":"Canadian Partnership Against Cancer","article_publisher":"https:\/\/www.facebook.com\/CanadianPartnershipAgainstCancer\/","article_modified_time":"2026-02-03T20:32:46+00:00","twitter_card":"summary_large_image","twitter_site":"@cancerstratca","twitter_misc":{"Dur\u00e9e de lecture estim\u00e9e":"1 minute"},"schema":{"@context":"https:\/\/schema.org","@graph":[{"@type":"WebPage","@id":"https:\/\/www.partnershipagainstcancer.ca\/fr\/contact-us\/","url":"https:\/\/www.partnershipagainstcancer.ca\/fr\/contact-us\/","name":"Contactez-nous - Canadian Partnership Against Cancer","isPartOf":{"@id":"https:\/\/dev.partnershipagainstcancer.ca\/#website"},"datePublished":"2017-10-06T15:43:19+00:00","dateModified":"2026-02-03T20:32:46+00:00","inLanguage":"fr-FR","potentialAction":[{"@type":"ReadAction","target":["https:\/\/www.partnershipagainstcancer.ca\/fr\/contact-us\/"]}]},{"@type":"WebSite","@id":"https:\/\/dev.partnershipagainstcancer.ca\/#website","url":"https:\/\/dev.partnershipagainstcancer.ca\/","name":"Canadian Partnership Against Cancer","description":"","potentialAction":[{"@type":"SearchAction","target":{"@type":"EntryPoint","urlTemplate":"https:\/\/dev.partnershipagainstcancer.ca\/?s={search_term_string}"},"query-input":{"@type":"PropertyValueSpecification","valueRequired":true,"valueName":"search_term_string"}}],"inLanguage":"fr-FR"}]}},"_links":{"self":[{"href":"https:\/\/www.partnershipagainstcancer.ca\/fr\/wp-json\/wp\/v2\/pages\/34558","targetHints":{"allow":["GET"]}}],"collection":[{"href":"https:\/\/www.partnershipagainstcancer.ca\/fr\/wp-json\/wp\/v2\/pages"}],"about":[{"href":"https:\/\/www.partnershipagainstcancer.ca\/fr\/wp-json\/wp\/v2\/types\/page"}],"author":[{"embeddable":true,"href":"https:\/\/www.partnershipagainstcancer.ca\/fr\/wp-json\/wp\/v2\/users\/24"}],"replies":[{"embeddable":true,"href":"https:\/\/www.partnershipagainstcancer.ca\/fr\/wp-json\/wp\/v2\/comments?post=34558"}],"version-history":[{"count":4,"href":"https:\/\/www.partnershipagainstcancer.ca\/fr\/wp-json\/wp\/v2\/pages\/34558\/revisions"}],"predecessor-version":[{"id":73469,"href":"https:\/\/www.partnershipagainstcancer.ca\/fr\/wp-json\/wp\/v2\/pages\/34558\/revisions\/73469"}],"wp:attachment":[{"href":"https:\/\/www.partnershipagainstcancer.ca\/fr\/wp-json\/wp\/v2\/media?parent=34558"}],"wp:term":[{"taxonomy":"category","embeddable":true,"href":"https:\/\/www.partnershipagainstcancer.ca\/fr\/wp-json\/wp\/v2\/categories?post=34558"},{"taxonomy":"post_tag","embeddable":true,"href":"https:\/\/www.partnershipagainstcancer.ca\/fr\/wp-json\/wp\/v2\/tags?post=34558"},{"taxonomy":"site-tools","embeddable":true,"href":"https:\/\/www.partnershipagainstcancer.ca\/fr\/wp-json\/wp\/v2\/site-tools?post=34558"},{"taxonomy":"author","embeddable":true,"href":"https:\/\/www.partnershipagainstcancer.ca\/fr\/wp-json\/wp\/v2\/ppma_author?post=34558"}],"curies":[{"name":"wp","href":"https:\/\/api.w.org\/{rel}","templated":true}]}}