{"id":34424,"date":"2017-09-25T22:47:47","date_gmt":"2017-09-25T22:47:47","guid":{"rendered":"https:\/\/www.partnershipagainstcancer.ca\/?page_id=34424\/"},"modified":"2023-10-11T15:03:44","modified_gmt":"2023-10-11T20:03:44","slug":"history","status":"publish","type":"page","link":"https:\/\/www.partnershipagainstcancer.ca\/fr\/about-us\/what-we-do\/history\/","title":{"rendered":"Historique"},"content":{"rendered":"<h2>2006-2012 : Faire avancer la premi\u00e8re strat\u00e9gie pancanadienne de lutte contre le cancer<\/h2>\n<p>En 2006, une coalition d\u2019experts en canc\u00e9rologie, de patients et de survivants, dirig\u00e9e par des b\u00e9n\u00e9voles, a r\u00e9dig\u00e9 la <em><a href=\"https:\/\/www.partnershipagainstcancer.ca\/wp-content\/uploads\/2017\/10\/canadian-strategy-for-cancer-control-cancer-plan-for-canada-FR.pdf\" target=\"_blank\" rel=\"noopener\">Strat\u00e9gie canadienne de lutte contre le cancer : un plan canadien de lutte contre le cancer<\/a><\/em>. La vision d\u2019une approche coordonn\u00e9e et pancanadienne de la lutte contre le cancer a incit\u00e9 le gouvernement f\u00e9d\u00e9ral \u00e0 cr\u00e9er le Partenariat canadien contre le cancer.<\/p>\n<p>Le Partenariat a commenc\u00e9 son travail en avril 2007, avec pour mission initiale de mettre en \u0153uvre la premi\u00e8re strat\u00e9gie de lutte contre le cancer du Canada et d\u2019\u00e9valuer le potentiel de ce mod\u00e8le pour am\u00e9liorer la lutte contre le cancer au pays.<\/p>\n<h2>2012-2017 : Poursuivre des priorit\u00e9s communes<\/h2>\n<p>Le travail du Partenariat pendant ces cinq ann\u00e9es a \u00e9t\u00e9 guid\u00e9 par son plan strat\u00e9gique 2012-2017, <em><a href=\"https:\/\/www.partnershipagainstcancer.ca\/wp-content\/uploads\/2015\/03\/Faire-progresser-laction-vers-une-vision-commune-document-int%C3%A9gral_accessible.pdf\" target=\"_blank\" rel=\"noopener\">Faire progresser l\u2019action vers une vision commune<\/a><\/em>. Ce plan refl\u00e9tait les objectifs communs du milieu de la sant\u00e9 et de la lutte contre le cancer au Canada :<\/p>\n<ul>\n<li>\u00c9laborer des approches de pr\u00e9vention et de d\u00e9pistage du cancer efficaces au sein de la population<\/li>\n<li>Favoriser une d\u00e9tection pr\u00e9coce et des soins cliniques de grande qualit\u00e9<\/li>\n<li>Int\u00e9grer une approche centr\u00e9e sur la personne tout au long du parcours face au cancer<\/li>\n<li>Appuyer des recherches cibl\u00e9es en vue d\u2019accro\u00eetre nos connaissances et notre compr\u00e9hension du cancer et des maladies chroniques connexes<\/li>\n<li>Faire avancer la lutte contre le cancer avec et pour les communaut\u00e9s des Premi\u00e8res Nations, des Inuits et des M\u00e9tis<\/li>\n<\/ul>\n<p>Compte tenu des perspectives prometteuses de l\u2019approche collaborative pour faire progresser la Strat\u00e9gie, le gouvernement f\u00e9d\u00e9ral a accord\u00e9 un financement permanent au Partenariat canadien contre le cancer en 2016.<\/p>\n<h2>2017-2022 : Tirer parti des progr\u00e8s accomplis<\/h2>\n<p>Le plan strat\u00e9gique 2017-2022, <em><a href=\"https:\/\/www.partnershipagainstcancer.ca\/wp-content\/uploads\/2019\/03\/Plan-strat%C3%A9gique-du-Partenariat-canadien-contre-le-cancer-2017-2022.pdf\" target=\"_blank\" rel=\"noopener\">Nous constatons des progr\u00e8s<\/a><\/em>, a guid\u00e9 le travail du Partenariat en mettant l\u2019accent sur cinq th\u00e8mes : la qualit\u00e9, l\u2019\u00e9quit\u00e9, l\u2019am\u00e9lioration de l\u2019exp\u00e9rience du patient, l\u2019optimisation de l\u2019impact des donn\u00e9es et la durabilit\u00e9 du syst\u00e8me.<\/p>\n<p>Lanc\u00e9e en 2019, la <em>Strat\u00e9gie canadienne de lutte contre le cancer<\/em> actualis\u00e9e pr\u00e9sente un ensemble cibl\u00e9 de priorit\u00e9s et de mesures visant \u00e0 s\u2019assurer qu\u2019elle est en mesure de continuer \u00e0 guider les efforts collectifs du milieu canadien de la sant\u00e9 et de la lutte contre le cancer dans les ann\u00e9es \u00e0 venir.<\/p>\n<p>Le plan d\u2019affaires 2022-2027 du Partenariat, soumis \u00e0 Sant\u00e9 Canada en 2021, d\u00e9crit comment l\u2019organisation continuera \u00e0 faire progresser les priorit\u00e9s et les mesures \u00e9nonc\u00e9es dans la Strat\u00e9gie et \u00e0 relever les d\u00e9fis nouveaux et en constante \u00e9volution qui se poseront. Fond\u00e9 sur les priorit\u00e9s et les mesures de la nouvelle Strat\u00e9gie, le plan d\u2019affaires s\u2019appuie sur quatre points d\u2019ancrage pour une mise en \u0153uvre r\u00e9ussie : l\u2019\u00e9quit\u00e9, la reprise postpand\u00e9mique, la coordination et l\u2019excellence organisationnelle.<\/p>\n","protected":false},"excerpt":{"rendered":"<p>2006-2012 : Faire avancer la premi\u00e8re strat\u00e9gie pancanadienne de lutte contre le cancer En 2006, une coalition d\u2019experts en canc\u00e9rologie, de patients et de survivants, dirig\u00e9e par des b\u00e9n\u00e9voles, a r\u00e9dig\u00e9 la Strat\u00e9gie canadienne de lutte contre le cancer : un plan canadien de lutte contre le cancer. La vision d\u2019une approche coordonn\u00e9e et pancanadienne [&hellip;]<\/p>\n","protected":false},"author":24,"featured_media":0,"parent":45902,"menu_order":2,"comment_status":"closed","ping_status":"closed","template":"","meta":{"_acf_changed":false,"_monsterinsights_skip_tracking":false,"_monsterinsights_sitenote_active":false,"_monsterinsights_sitenote_note":"","_monsterinsights_sitenote_category":0,"ep_exclude_from_search":false,"footnotes":""},"categories":[],"tags":[],"site-tools":[],"ppma_author":[1964],"class_list":["post-34424","page","type-page","status-publish","hentry"],"acf":[],"yoast_head":"<!-- This site is optimized with the Yoast SEO plugin v27.3 - https:\/\/yoast.com\/product\/yoast-seo-wordpress\/ -->\n<title>Canadian Partnership Against Cancer<\/title>\n<meta name=\"description\" content=\".Depuis 2007, le Partenariat collabore avec le milieu canadien de la sant\u00e9 et de la lutte contre le cancer afin d\u2019am\u00e9liorer les r\u00e9sultats li\u00e9s au cancer et de r\u00e9duire le fardeau qu\u2019il repr\u00e9sente pour la population du pays.\" \/>\n<meta name=\"robots\" content=\"index, follow, max-snippet:-1, max-image-preview:large, max-video-preview:-1\" \/>\n<link rel=\"canonical\" href=\"https:\/\/www.partnershipagainstcancer.ca\/fr\/about-us\/what-we-do\/history\/\" \/>\n<meta property=\"og:locale\" content=\"fr_FR\" \/>\n<meta property=\"og:type\" content=\"article\" \/>\n<meta property=\"og:title\" content=\"Historique - Partenariat canadien contre le cancer\" \/>\n<meta property=\"og:description\" content=\".Depuis 2007, le Partenariat collabore avec le milieu canadien de la sant\u00e9 et de la lutte contre le cancer afin d\u2019am\u00e9liorer les r\u00e9sultats li\u00e9s au cancer et de r\u00e9duire le fardeau qu\u2019il repr\u00e9sente pour la population du pays.\" \/>\n<meta property=\"og:url\" content=\"https:\/\/www.partnershipagainstcancer.ca\/fr\/about-us\/what-we-do\/history\/\" \/>\n<meta property=\"og:site_name\" content=\"Canadian Partnership Against Cancer\" \/>\n<meta property=\"article:publisher\" content=\"https:\/\/www.facebook.com\/CanadianPartnershipAgainstCancer\/\" \/>\n<meta property=\"article:modified_time\" content=\"2023-10-11T20:03:44+00:00\" \/>\n<meta name=\"twitter:card\" content=\"summary_large_image\" \/>\n<meta name=\"twitter:site\" content=\"@cancerstratca\" \/>\n<meta name=\"twitter:label1\" content=\"Dur\u00e9e de lecture estim\u00e9e\" \/>\n\t<meta name=\"twitter:data1\" content=\"2 minutes\" \/>\n<script type=\"application\/ld+json\" class=\"yoast-schema-graph\">{\"@context\":\"https:\\\/\\\/schema.org\",\"@graph\":[{\"@type\":\"WebPage\",\"@id\":\"https:\\\/\\\/www.partnershipagainstcancer.ca\\\/fr\\\/about-us\\\/what-we-do\\\/history\\\/\",\"url\":\"https:\\\/\\\/www.partnershipagainstcancer.ca\\\/fr\\\/about-us\\\/what-we-do\\\/history\\\/\",\"name\":\"Historique - Partenariat canadien contre le cancer\",\"isPartOf\":{\"@id\":\"https:\\\/\\\/dev.partnershipagainstcancer.ca\\\/#website\"},\"datePublished\":\"2017-09-25T22:47:47+00:00\",\"dateModified\":\"2023-10-11T20:03:44+00:00\",\"description\":\".Depuis 2007, le Partenariat collabore avec le milieu canadien de la sant\u00e9 et de la lutte contre le cancer afin d\u2019am\u00e9liorer les r\u00e9sultats li\u00e9s au cancer et de r\u00e9duire le fardeau qu\u2019il repr\u00e9sente pour la population du pays.\",\"breadcrumb\":{\"@id\":\"https:\\\/\\\/www.partnershipagainstcancer.ca\\\/fr\\\/about-us\\\/what-we-do\\\/history\\\/#breadcrumb\"},\"inLanguage\":\"fr-FR\",\"potentialAction\":[{\"@type\":\"ReadAction\",\"target\":[\"https:\\\/\\\/www.partnershipagainstcancer.ca\\\/fr\\\/about-us\\\/what-we-do\\\/history\\\/\"]}]},{\"@type\":\"BreadcrumbList\",\"@id\":\"https:\\\/\\\/www.partnershipagainstcancer.ca\\\/fr\\\/about-us\\\/what-we-do\\\/history\\\/#breadcrumb\",\"itemListElement\":[{\"@type\":\"ListItem\",\"position\":1,\"name\":\"\u00c0 propos de nous\",\"item\":\"https:\\\/\\\/www.partnershipagainstcancer.ca\\\/fr\\\/about-us\\\/\"},{\"@type\":\"ListItem\",\"position\":2,\"name\":\"Ce que nous faisons\",\"item\":\"https:\\\/\\\/www.partnershipagainstcancer.ca\\\/fr\\\/about-us\\\/what-we-do\\\/\"},{\"@type\":\"ListItem\",\"position\":3,\"name\":\"Historique\"}]},{\"@type\":\"WebSite\",\"@id\":\"https:\\\/\\\/dev.partnershipagainstcancer.ca\\\/#website\",\"url\":\"https:\\\/\\\/dev.partnershipagainstcancer.ca\\\/\",\"name\":\"Canadian Partnership Against Cancer\",\"description\":\"\",\"potentialAction\":[{\"@type\":\"SearchAction\",\"target\":{\"@type\":\"EntryPoint\",\"urlTemplate\":\"https:\\\/\\\/dev.partnershipagainstcancer.ca\\\/?s={search_term_string}\"},\"query-input\":{\"@type\":\"PropertyValueSpecification\",\"valueRequired\":true,\"valueName\":\"search_term_string\"}}],\"inLanguage\":\"fr-FR\"}]}<\/script>\n<!-- \/ Yoast SEO plugin. -->","yoast_head_json":{"title":"Canadian Partnership Against Cancer","description":".Depuis 2007, le Partenariat collabore avec le milieu canadien de la sant\u00e9 et de la lutte contre le cancer afin d\u2019am\u00e9liorer les r\u00e9sultats li\u00e9s au cancer et de r\u00e9duire le fardeau qu\u2019il repr\u00e9sente pour la population du pays.","robots":{"index":"index","follow":"follow","max-snippet":"max-snippet:-1","max-image-preview":"max-image-preview:large","max-video-preview":"max-video-preview:-1"},"canonical":"https:\/\/www.partnershipagainstcancer.ca\/fr\/about-us\/what-we-do\/history\/","og_locale":"fr_FR","og_type":"article","og_title":"Historique - Partenariat canadien contre le cancer","og_description":".Depuis 2007, le Partenariat collabore avec le milieu canadien de la sant\u00e9 et de la lutte contre le cancer afin d\u2019am\u00e9liorer les r\u00e9sultats li\u00e9s au cancer et de r\u00e9duire le fardeau qu\u2019il repr\u00e9sente pour la population du pays.","og_url":"https:\/\/www.partnershipagainstcancer.ca\/fr\/about-us\/what-we-do\/history\/","og_site_name":"Canadian Partnership Against Cancer","article_publisher":"https:\/\/www.facebook.com\/CanadianPartnershipAgainstCancer\/","article_modified_time":"2023-10-11T20:03:44+00:00","twitter_card":"summary_large_image","twitter_site":"@cancerstratca","twitter_misc":{"Dur\u00e9e de lecture estim\u00e9e":"2 minutes"},"schema":{"@context":"https:\/\/schema.org","@graph":[{"@type":"WebPage","@id":"https:\/\/www.partnershipagainstcancer.ca\/fr\/about-us\/what-we-do\/history\/","url":"https:\/\/www.partnershipagainstcancer.ca\/fr\/about-us\/what-we-do\/history\/","name":"Historique - Partenariat canadien contre le cancer","isPartOf":{"@id":"https:\/\/dev.partnershipagainstcancer.ca\/#website"},"datePublished":"2017-09-25T22:47:47+00:00","dateModified":"2023-10-11T20:03:44+00:00","description":".Depuis 2007, le Partenariat collabore avec le milieu canadien de la sant\u00e9 et de la lutte contre le cancer afin d\u2019am\u00e9liorer les r\u00e9sultats li\u00e9s au cancer et de r\u00e9duire le fardeau qu\u2019il repr\u00e9sente pour la population du pays.","breadcrumb":{"@id":"https:\/\/www.partnershipagainstcancer.ca\/fr\/about-us\/what-we-do\/history\/#breadcrumb"},"inLanguage":"fr-FR","potentialAction":[{"@type":"ReadAction","target":["https:\/\/www.partnershipagainstcancer.ca\/fr\/about-us\/what-we-do\/history\/"]}]},{"@type":"BreadcrumbList","@id":"https:\/\/www.partnershipagainstcancer.ca\/fr\/about-us\/what-we-do\/history\/#breadcrumb","itemListElement":[{"@type":"ListItem","position":1,"name":"\u00c0 propos de nous","item":"https:\/\/www.partnershipagainstcancer.ca\/fr\/about-us\/"},{"@type":"ListItem","position":2,"name":"Ce que nous faisons","item":"https:\/\/www.partnershipagainstcancer.ca\/fr\/about-us\/what-we-do\/"},{"@type":"ListItem","position":3,"name":"Historique"}]},{"@type":"WebSite","@id":"https:\/\/dev.partnershipagainstcancer.ca\/#website","url":"https:\/\/dev.partnershipagainstcancer.ca\/","name":"Canadian Partnership Against Cancer","description":"","potentialAction":[{"@type":"SearchAction","target":{"@type":"EntryPoint","urlTemplate":"https:\/\/dev.partnershipagainstcancer.ca\/?s={search_term_string}"},"query-input":{"@type":"PropertyValueSpecification","valueRequired":true,"valueName":"search_term_string"}}],"inLanguage":"fr-FR"}]}},"_links":{"self":[{"href":"https:\/\/www.partnershipagainstcancer.ca\/fr\/wp-json\/wp\/v2\/pages\/34424","targetHints":{"allow":["GET"]}}],"collection":[{"href":"https:\/\/www.partnershipagainstcancer.ca\/fr\/wp-json\/wp\/v2\/pages"}],"about":[{"href":"https:\/\/www.partnershipagainstcancer.ca\/fr\/wp-json\/wp\/v2\/types\/page"}],"author":[{"embeddable":true,"href":"https:\/\/www.partnershipagainstcancer.ca\/fr\/wp-json\/wp\/v2\/users\/24"}],"replies":[{"embeddable":true,"href":"https:\/\/www.partnershipagainstcancer.ca\/fr\/wp-json\/wp\/v2\/comments?post=34424"}],"version-history":[{"count":4,"href":"https:\/\/www.partnershipagainstcancer.ca\/fr\/wp-json\/wp\/v2\/pages\/34424\/revisions"}],"predecessor-version":[{"id":64921,"href":"https:\/\/www.partnershipagainstcancer.ca\/fr\/wp-json\/wp\/v2\/pages\/34424\/revisions\/64921"}],"up":[{"embeddable":true,"href":"https:\/\/www.partnershipagainstcancer.ca\/fr\/wp-json\/wp\/v2\/pages\/45902"}],"wp:attachment":[{"href":"https:\/\/www.partnershipagainstcancer.ca\/fr\/wp-json\/wp\/v2\/media?parent=34424"}],"wp:term":[{"taxonomy":"category","embeddable":true,"href":"https:\/\/www.partnershipagainstcancer.ca\/fr\/wp-json\/wp\/v2\/categories?post=34424"},{"taxonomy":"post_tag","embeddable":true,"href":"https:\/\/www.partnershipagainstcancer.ca\/fr\/wp-json\/wp\/v2\/tags?post=34424"},{"taxonomy":"site-tools","embeddable":true,"href":"https:\/\/www.partnershipagainstcancer.ca\/fr\/wp-json\/wp\/v2\/site-tools?post=34424"},{"taxonomy":"author","embeddable":true,"href":"https:\/\/www.partnershipagainstcancer.ca\/fr\/wp-json\/wp\/v2\/ppma_author?post=34424"}],"curies":[{"name":"wp","href":"https:\/\/api.w.org\/{rel}","templated":true}]}}