{"id":19934,"date":"2015-04-15T20:43:51","date_gmt":"2015-04-15T20:43:51","guid":{"rendered":"https:\/\/www.partnershipagainstcancer.ca\/?page_id=19934"},"modified":"2017-10-06T15:40:31","modified_gmt":"2017-10-06T15:40:31","slug":"about-this-site","status":"publish","type":"page","link":"https:\/\/www.partnershipagainstcancer.ca\/fr\/about-this-site\/","title":{"rendered":"\u00c0 propos du site"},"content":{"rendered":"<p>Le Partenariat canadien contre le cancer met tout en \u0153uvre pour que les renseignements qu\u2019il diffuse en ligne soient aussi exacts et fiables que possible mais il ne peut garantir leur exhaustivit\u00e9, pas plus que l\u2019absence totale d\u2019erreur.<\/p>\n<p>Le Partenariat n\u2019approuve ni ne recommande aucun produit, traitement ou th\u00e9rapie et ne fait pas l\u2019\u00e9valuation de la qualit\u00e9 des services offerts par d\u2019autres organismes mentionn\u00e9s sur son site Web www.partenariatcontrelecancer.ca ou reli\u00e9s \u00e0 celui-ci.<\/p>\n<p>L\u2019information fournie sur le site Web www.partenariatcontrelecancer.ca du Partenariat canadien contre le cancer est d\u2019ordre g\u00e9n\u00e9ral et ne saurait remplacer la consultation de professionnels de la sant\u00e9. Avant de prendre toute d\u00e9cision de nature m\u00e9dicale ou si vous avez des questions concernant votre \u00e9tat de sant\u00e9 personnel, adressez-vous \u00e0 un professionnel de la sant\u00e9 qualifi\u00e9.<\/p>\n<p>Ce site Web vous redirigera vers des sites Web maintenus par des tiers. Ces liens vous sont fournis uniquement pour des raisons pratiques. Le Partenariat canadien contre le cancer n\u2019endosse pas le contenu des sites Web maintenus par des tiers et il n\u2019est pas non plus responsable de l\u2019exactitude des renseignements qui s\u2019y trouvent.<\/p>\n<p>La production de ce site Web fut rendue possible gr\u00e2ce \u00e0 une contribution financi\u00e8re de Sant\u00e9 Canada, par l\u2019interm\u00e9diaire du Partenariat canadien contre le cancer. Les points de vue exprim\u00e9s aux pr\u00e9sentes sont ceux du Partenariat canadien contre le cancer et autres organismes \u0153uvrant pour la lutte contre le cancer.<\/p>\n","protected":false},"excerpt":{"rendered":"<p>Le Partenariat canadien contre le cancer met tout en \u0153uvre pour que les renseignements qu\u2019il diffuse en ligne soient aussi exacts et fiables que possible mais il ne peut garantir leur exhaustivit\u00e9, pas plus que l\u2019absence totale d\u2019erreur. Le Partenariat n\u2019approuve ni ne recommande aucun produit, traitement ou th\u00e9rapie et ne fait pas l\u2019\u00e9valuation de [&hellip;]<\/p>\n","protected":false},"author":37,"featured_media":0,"parent":0,"menu_order":70,"comment_status":"closed","ping_status":"closed","template":"content.php","meta":{"_acf_changed":false,"_monsterinsights_skip_tracking":false,"_monsterinsights_sitenote_active":false,"_monsterinsights_sitenote_note":"","_monsterinsights_sitenote_category":0,"ep_exclude_from_search":false,"footnotes":""},"categories":[],"tags":[],"site-tools":[],"ppma_author":[1973],"class_list":["post-19934","page","type-page","status-publish","hentry"],"acf":[],"yoast_head":"<!-- This site is optimized with the Yoast SEO plugin v27.3 - https:\/\/yoast.com\/product\/yoast-seo-wordpress\/ -->\n<title>Canadian Partnership Against Cancer<\/title>\n<meta name=\"robots\" content=\"index, follow, max-snippet:-1, max-image-preview:large, max-video-preview:-1\" \/>\n<link rel=\"canonical\" href=\"https:\/\/www.partnershipagainstcancer.ca\/fr\/about-this-site\/\" \/>\n<meta property=\"og:locale\" content=\"fr_FR\" \/>\n<meta property=\"og:type\" content=\"article\" \/>\n<meta property=\"og:title\" content=\"\u00c0 propos du site - Canadian Partnership Against Cancer\" \/>\n<meta property=\"og:description\" content=\"Le Partenariat canadien contre le cancer met tout en \u0153uvre pour que les renseignements qu\u2019il diffuse en ligne soient aussi exacts et fiables que possible mais il ne peut garantir leur exhaustivit\u00e9, pas plus que l\u2019absence totale d\u2019erreur. Le Partenariat n\u2019approuve ni ne recommande aucun produit, traitement ou th\u00e9rapie et ne fait pas l\u2019\u00e9valuation de [&hellip;]\" \/>\n<meta property=\"og:url\" content=\"https:\/\/www.partnershipagainstcancer.ca\/fr\/about-this-site\/\" \/>\n<meta property=\"og:site_name\" content=\"Canadian Partnership Against Cancer\" \/>\n<meta property=\"article:publisher\" content=\"https:\/\/www.facebook.com\/CanadianPartnershipAgainstCancer\/\" \/>\n<meta property=\"article:modified_time\" content=\"2017-10-06T15:40:31+00:00\" \/>\n<meta name=\"twitter:card\" content=\"summary_large_image\" \/>\n<meta name=\"twitter:site\" content=\"@cancerstratca\" \/>\n<meta name=\"twitter:label1\" content=\"Dur\u00e9e de lecture estim\u00e9e\" \/>\n\t<meta name=\"twitter:data1\" content=\"1 minute\" \/>\n<script type=\"application\/ld+json\" class=\"yoast-schema-graph\">{\"@context\":\"https:\\\/\\\/schema.org\",\"@graph\":[{\"@type\":\"WebPage\",\"@id\":\"https:\\\/\\\/www.partnershipagainstcancer.ca\\\/fr\\\/about-this-site\\\/\",\"url\":\"https:\\\/\\\/www.partnershipagainstcancer.ca\\\/fr\\\/about-this-site\\\/\",\"name\":\"\u00c0 propos du site - Canadian Partnership Against Cancer\",\"isPartOf\":{\"@id\":\"https:\\\/\\\/dev.partnershipagainstcancer.ca\\\/#website\"},\"datePublished\":\"2015-04-15T20:43:51+00:00\",\"dateModified\":\"2017-10-06T15:40:31+00:00\",\"inLanguage\":\"fr-FR\",\"potentialAction\":[{\"@type\":\"ReadAction\",\"target\":[\"https:\\\/\\\/www.partnershipagainstcancer.ca\\\/fr\\\/about-this-site\\\/\"]}]},{\"@type\":\"WebSite\",\"@id\":\"https:\\\/\\\/dev.partnershipagainstcancer.ca\\\/#website\",\"url\":\"https:\\\/\\\/dev.partnershipagainstcancer.ca\\\/\",\"name\":\"Canadian Partnership Against Cancer\",\"description\":\"\",\"potentialAction\":[{\"@type\":\"SearchAction\",\"target\":{\"@type\":\"EntryPoint\",\"urlTemplate\":\"https:\\\/\\\/dev.partnershipagainstcancer.ca\\\/?s={search_term_string}\"},\"query-input\":{\"@type\":\"PropertyValueSpecification\",\"valueRequired\":true,\"valueName\":\"search_term_string\"}}],\"inLanguage\":\"fr-FR\"}]}<\/script>\n<!-- \/ Yoast SEO plugin. -->","yoast_head_json":{"title":"Canadian Partnership Against Cancer","robots":{"index":"index","follow":"follow","max-snippet":"max-snippet:-1","max-image-preview":"max-image-preview:large","max-video-preview":"max-video-preview:-1"},"canonical":"https:\/\/www.partnershipagainstcancer.ca\/fr\/about-this-site\/","og_locale":"fr_FR","og_type":"article","og_title":"\u00c0 propos du site - Canadian Partnership Against Cancer","og_description":"Le Partenariat canadien contre le cancer met tout en \u0153uvre pour que les renseignements qu\u2019il diffuse en ligne soient aussi exacts et fiables que possible mais il ne peut garantir leur exhaustivit\u00e9, pas plus que l\u2019absence totale d\u2019erreur. Le Partenariat n\u2019approuve ni ne recommande aucun produit, traitement ou th\u00e9rapie et ne fait pas l\u2019\u00e9valuation de [&hellip;]","og_url":"https:\/\/www.partnershipagainstcancer.ca\/fr\/about-this-site\/","og_site_name":"Canadian Partnership Against Cancer","article_publisher":"https:\/\/www.facebook.com\/CanadianPartnershipAgainstCancer\/","article_modified_time":"2017-10-06T15:40:31+00:00","twitter_card":"summary_large_image","twitter_site":"@cancerstratca","twitter_misc":{"Dur\u00e9e de lecture estim\u00e9e":"1 minute"},"schema":{"@context":"https:\/\/schema.org","@graph":[{"@type":"WebPage","@id":"https:\/\/www.partnershipagainstcancer.ca\/fr\/about-this-site\/","url":"https:\/\/www.partnershipagainstcancer.ca\/fr\/about-this-site\/","name":"\u00c0 propos du site - Canadian Partnership Against Cancer","isPartOf":{"@id":"https:\/\/dev.partnershipagainstcancer.ca\/#website"},"datePublished":"2015-04-15T20:43:51+00:00","dateModified":"2017-10-06T15:40:31+00:00","inLanguage":"fr-FR","potentialAction":[{"@type":"ReadAction","target":["https:\/\/www.partnershipagainstcancer.ca\/fr\/about-this-site\/"]}]},{"@type":"WebSite","@id":"https:\/\/dev.partnershipagainstcancer.ca\/#website","url":"https:\/\/dev.partnershipagainstcancer.ca\/","name":"Canadian Partnership Against Cancer","description":"","potentialAction":[{"@type":"SearchAction","target":{"@type":"EntryPoint","urlTemplate":"https:\/\/dev.partnershipagainstcancer.ca\/?s={search_term_string}"},"query-input":{"@type":"PropertyValueSpecification","valueRequired":true,"valueName":"search_term_string"}}],"inLanguage":"fr-FR"}]}},"_links":{"self":[{"href":"https:\/\/www.partnershipagainstcancer.ca\/fr\/wp-json\/wp\/v2\/pages\/19934","targetHints":{"allow":["GET"]}}],"collection":[{"href":"https:\/\/www.partnershipagainstcancer.ca\/fr\/wp-json\/wp\/v2\/pages"}],"about":[{"href":"https:\/\/www.partnershipagainstcancer.ca\/fr\/wp-json\/wp\/v2\/types\/page"}],"author":[{"embeddable":true,"href":"https:\/\/www.partnershipagainstcancer.ca\/fr\/wp-json\/wp\/v2\/users\/37"}],"replies":[{"embeddable":true,"href":"https:\/\/www.partnershipagainstcancer.ca\/fr\/wp-json\/wp\/v2\/comments?post=19934"}],"version-history":[{"count":0,"href":"https:\/\/www.partnershipagainstcancer.ca\/fr\/wp-json\/wp\/v2\/pages\/19934\/revisions"}],"wp:attachment":[{"href":"https:\/\/www.partnershipagainstcancer.ca\/fr\/wp-json\/wp\/v2\/media?parent=19934"}],"wp:term":[{"taxonomy":"category","embeddable":true,"href":"https:\/\/www.partnershipagainstcancer.ca\/fr\/wp-json\/wp\/v2\/categories?post=19934"},{"taxonomy":"post_tag","embeddable":true,"href":"https:\/\/www.partnershipagainstcancer.ca\/fr\/wp-json\/wp\/v2\/tags?post=19934"},{"taxonomy":"site-tools","embeddable":true,"href":"https:\/\/www.partnershipagainstcancer.ca\/fr\/wp-json\/wp\/v2\/site-tools?post=19934"},{"taxonomy":"author","embeddable":true,"href":"https:\/\/www.partnershipagainstcancer.ca\/fr\/wp-json\/wp\/v2\/ppma_author?post=19934"}],"curies":[{"name":"wp","href":"https:\/\/api.w.org\/{rel}","templated":true}]}}