{"id":17505,"date":"2015-03-30T21:42:31","date_gmt":"2015-03-30T21:42:31","guid":{"rendered":"https:\/\/www.partnershipagainstcancer.ca\/?page_id=17505"},"modified":"2024-04-09T14:33:07","modified_gmt":"2024-04-09T19:33:07","slug":"aoda-compliance","status":"publish","type":"page","link":"https:\/\/www.partnershipagainstcancer.ca\/fr\/aoda-compliance\/","title":{"rendered":"Conformit\u00e9 \u00e0 la LAPHO"},"content":{"rendered":"<p>Le Partenariat canadien contre le cancer s&rsquo;engage \u00e0 r\u00e9aliser les objectifs et \u00e0 satisfaire aux exigences de la <strong><em>Loi sur l&rsquo;accessibilit\u00e9 pour les personnes handicap\u00e9es de l&rsquo;Ontario, 2005<\/em> (\u00ab\u00a0LAPHO\u00a0\u00bb)<\/strong>, la Norme pour les services \u00e0 la client\u00e8le (\u00ab\u00a0NSC\u00a0\u00bb) et la Norme int\u00e9gr\u00e9e sur l&rsquo;accessibilit\u00e9 (\u00ab\u00a0NIA\u00a0\u00bb), y compris les besoins en mati\u00e8re d&rsquo;accessibilit\u00e9 des personnes handicap\u00e9es en ce qui concerne les programmes, les services et les installations du Partenariat canadien contre le cancer, de mani\u00e8re opportune.<\/p>\n<p><strong>Plan pluriannuel<\/strong><br \/>\nPour en apprendre davantage sur l\u2019engagement du Partenariat \u00e0 r\u00e9duire et \u00e0 \u00e9liminer les obstacles ainsi qu\u2019\u00e0 am\u00e9liorer les occasions pour les personnes handicap\u00e9es, consultez : <a href=\"https:\/\/www.partnershipagainstcancer.ca\/fr\/aoda-compliance\/aoda-multi-year-plan\/\">Loi sur l\u2019accessibilit\u00e9 pour les personnes handicap\u00e9es de l\u2019Ontario (LAPHO) Plan pluriannuel (2023-2028)<\/a>.<\/p>\n<p><strong>Commentaires<\/strong><br \/>\nLe Partenariat canadien contre le cancer accueille et appr\u00e9cie la r\u00e9troaction concernant la pr\u00e9sente politique et sa mise en \u0153uvre. Voici les fa\u00e7ons de formuler des commentaires\u00a0:<\/p>\n<ul>\n<li>en personne \u00e0 la r\u00e9ception;<\/li>\n<li>par t\u00e9l\u00e9phone au (416) 915-9222;<\/li>\n<li>par courriel \u00e0\u00a0<a href=\"mailto:info@partenariatcontrelecancer.ca\">info@partenariatcontrelecancer.ca<\/a>;<\/li>\n<li>par \u00e9crit\u00a0: 145, rue King Quest, bureau 900, Toronto (Ontario)\u00a0 M5H 1J8.<\/li>\n<\/ul>\n<p>Le Partenariat canadien contre le cancer r\u00e9pondra aux commentaires dans un d\u00e9lai de 5 jours ouvrables suivant leur r\u00e9ception.<\/p>\n<div class=\"documents col-md-12\"><div>\n                                <i class=\"fas fa-file-pdf document-icon\"><\/i>\n                                <div class=\"document-details\">\n                                    <a href=\"https:\/\/www.partnershipagainstcancer.ca\/wp-content\/uploads\/2017\/11\/accessibility_customer-feedback-form-FR.pdf\" target=\"_blank\">Formulaire de r\u00e9troaction des clients \u2013 formats accessibles<\/a><p class=\"file-information\">Taille du fichier 273 KB<\/p>         <\/div>\n                            <\/div><\/div>\n<p>&nbsp;<\/p>\n<p>&nbsp;<\/p>\n","protected":false},"excerpt":{"rendered":"<p>Le Partenariat canadien contre le cancer s&rsquo;engage \u00e0 r\u00e9aliser les objectifs et \u00e0 satisfaire aux exigences de la Loi sur l&rsquo;accessibilit\u00e9 pour les personnes handicap\u00e9es de l&rsquo;Ontario, 2005 (\u00ab\u00a0LAPHO\u00a0\u00bb), la Norme pour les services \u00e0 la client\u00e8le (\u00ab\u00a0NSC\u00a0\u00bb) et la Norme int\u00e9gr\u00e9e sur l&rsquo;accessibilit\u00e9 (\u00ab\u00a0NIA\u00a0\u00bb), y compris les besoins en mati\u00e8re d&rsquo;accessibilit\u00e9 des personnes handicap\u00e9es [&hellip;]<\/p>\n","protected":false},"author":37,"featured_media":0,"parent":0,"menu_order":50,"comment_status":"closed","ping_status":"closed","template":"content.php","meta":{"_acf_changed":false,"_monsterinsights_skip_tracking":false,"_monsterinsights_sitenote_active":false,"_monsterinsights_sitenote_note":"","_monsterinsights_sitenote_category":0,"ep_exclude_from_search":false,"footnotes":""},"categories":[],"tags":[],"site-tools":[],"ppma_author":[1973],"class_list":["post-17505","page","type-page","status-publish","hentry"],"acf":[],"yoast_head":"<!-- This site is optimized with the Yoast SEO plugin v27.3 - https:\/\/yoast.com\/product\/yoast-seo-wordpress\/ -->\n<title>Canadian Partnership Against Cancer<\/title>\n<meta name=\"robots\" content=\"index, follow, max-snippet:-1, max-image-preview:large, max-video-preview:-1\" \/>\n<link rel=\"canonical\" href=\"https:\/\/www.partnershipagainstcancer.ca\/fr\/aoda-compliance\/\" \/>\n<meta property=\"og:locale\" content=\"fr_FR\" \/>\n<meta property=\"og:type\" content=\"article\" \/>\n<meta property=\"og:title\" content=\"Conformit\u00e9 \u00e0 la LAPHO - Canadian Partnership Against Cancer\" \/>\n<meta property=\"og:description\" content=\"Le Partenariat canadien contre le cancer s&rsquo;engage \u00e0 r\u00e9aliser les objectifs et \u00e0 satisfaire aux exigences de la Loi sur l&rsquo;accessibilit\u00e9 pour les personnes handicap\u00e9es de l&rsquo;Ontario, 2005 (\u00ab\u00a0LAPHO\u00a0\u00bb), la Norme pour les services \u00e0 la client\u00e8le (\u00ab\u00a0NSC\u00a0\u00bb) et la Norme int\u00e9gr\u00e9e sur l&rsquo;accessibilit\u00e9 (\u00ab\u00a0NIA\u00a0\u00bb), y compris les besoins en mati\u00e8re d&rsquo;accessibilit\u00e9 des personnes handicap\u00e9es [&hellip;]\" \/>\n<meta property=\"og:url\" content=\"https:\/\/www.partnershipagainstcancer.ca\/fr\/aoda-compliance\/\" \/>\n<meta property=\"og:site_name\" content=\"Canadian Partnership Against Cancer\" \/>\n<meta property=\"article:publisher\" content=\"https:\/\/www.facebook.com\/CanadianPartnershipAgainstCancer\/\" \/>\n<meta property=\"article:modified_time\" content=\"2024-04-09T19:33:07+00:00\" \/>\n<meta name=\"twitter:card\" content=\"summary_large_image\" \/>\n<meta name=\"twitter:site\" content=\"@cancerstratca\" \/>\n<meta name=\"twitter:label1\" content=\"Dur\u00e9e de lecture estim\u00e9e\" \/>\n\t<meta name=\"twitter:data1\" content=\"1 minute\" \/>\n<script type=\"application\/ld+json\" class=\"yoast-schema-graph\">{\"@context\":\"https:\\\/\\\/schema.org\",\"@graph\":[{\"@type\":\"WebPage\",\"@id\":\"https:\\\/\\\/www.partnershipagainstcancer.ca\\\/fr\\\/aoda-compliance\\\/\",\"url\":\"https:\\\/\\\/www.partnershipagainstcancer.ca\\\/fr\\\/aoda-compliance\\\/\",\"name\":\"Conformit\u00e9 \u00e0 la LAPHO - Canadian Partnership Against Cancer\",\"isPartOf\":{\"@id\":\"https:\\\/\\\/dev.partnershipagainstcancer.ca\\\/#website\"},\"datePublished\":\"2015-03-30T21:42:31+00:00\",\"dateModified\":\"2024-04-09T19:33:07+00:00\",\"inLanguage\":\"fr-FR\",\"potentialAction\":[{\"@type\":\"ReadAction\",\"target\":[\"https:\\\/\\\/www.partnershipagainstcancer.ca\\\/fr\\\/aoda-compliance\\\/\"]}]},{\"@type\":\"WebSite\",\"@id\":\"https:\\\/\\\/dev.partnershipagainstcancer.ca\\\/#website\",\"url\":\"https:\\\/\\\/dev.partnershipagainstcancer.ca\\\/\",\"name\":\"Canadian Partnership Against Cancer\",\"description\":\"\",\"potentialAction\":[{\"@type\":\"SearchAction\",\"target\":{\"@type\":\"EntryPoint\",\"urlTemplate\":\"https:\\\/\\\/dev.partnershipagainstcancer.ca\\\/?s={search_term_string}\"},\"query-input\":{\"@type\":\"PropertyValueSpecification\",\"valueRequired\":true,\"valueName\":\"search_term_string\"}}],\"inLanguage\":\"fr-FR\"}]}<\/script>\n<!-- \/ Yoast SEO plugin. -->","yoast_head_json":{"title":"Canadian Partnership Against Cancer","robots":{"index":"index","follow":"follow","max-snippet":"max-snippet:-1","max-image-preview":"max-image-preview:large","max-video-preview":"max-video-preview:-1"},"canonical":"https:\/\/www.partnershipagainstcancer.ca\/fr\/aoda-compliance\/","og_locale":"fr_FR","og_type":"article","og_title":"Conformit\u00e9 \u00e0 la LAPHO - Canadian Partnership Against Cancer","og_description":"Le Partenariat canadien contre le cancer s&rsquo;engage \u00e0 r\u00e9aliser les objectifs et \u00e0 satisfaire aux exigences de la Loi sur l&rsquo;accessibilit\u00e9 pour les personnes handicap\u00e9es de l&rsquo;Ontario, 2005 (\u00ab\u00a0LAPHO\u00a0\u00bb), la Norme pour les services \u00e0 la client\u00e8le (\u00ab\u00a0NSC\u00a0\u00bb) et la Norme int\u00e9gr\u00e9e sur l&rsquo;accessibilit\u00e9 (\u00ab\u00a0NIA\u00a0\u00bb), y compris les besoins en mati\u00e8re d&rsquo;accessibilit\u00e9 des personnes handicap\u00e9es [&hellip;]","og_url":"https:\/\/www.partnershipagainstcancer.ca\/fr\/aoda-compliance\/","og_site_name":"Canadian Partnership Against Cancer","article_publisher":"https:\/\/www.facebook.com\/CanadianPartnershipAgainstCancer\/","article_modified_time":"2024-04-09T19:33:07+00:00","twitter_card":"summary_large_image","twitter_site":"@cancerstratca","twitter_misc":{"Dur\u00e9e de lecture estim\u00e9e":"1 minute"},"schema":{"@context":"https:\/\/schema.org","@graph":[{"@type":"WebPage","@id":"https:\/\/www.partnershipagainstcancer.ca\/fr\/aoda-compliance\/","url":"https:\/\/www.partnershipagainstcancer.ca\/fr\/aoda-compliance\/","name":"Conformit\u00e9 \u00e0 la LAPHO - Canadian Partnership Against Cancer","isPartOf":{"@id":"https:\/\/dev.partnershipagainstcancer.ca\/#website"},"datePublished":"2015-03-30T21:42:31+00:00","dateModified":"2024-04-09T19:33:07+00:00","inLanguage":"fr-FR","potentialAction":[{"@type":"ReadAction","target":["https:\/\/www.partnershipagainstcancer.ca\/fr\/aoda-compliance\/"]}]},{"@type":"WebSite","@id":"https:\/\/dev.partnershipagainstcancer.ca\/#website","url":"https:\/\/dev.partnershipagainstcancer.ca\/","name":"Canadian Partnership Against Cancer","description":"","potentialAction":[{"@type":"SearchAction","target":{"@type":"EntryPoint","urlTemplate":"https:\/\/dev.partnershipagainstcancer.ca\/?s={search_term_string}"},"query-input":{"@type":"PropertyValueSpecification","valueRequired":true,"valueName":"search_term_string"}}],"inLanguage":"fr-FR"}]}},"_links":{"self":[{"href":"https:\/\/www.partnershipagainstcancer.ca\/fr\/wp-json\/wp\/v2\/pages\/17505","targetHints":{"allow":["GET"]}}],"collection":[{"href":"https:\/\/www.partnershipagainstcancer.ca\/fr\/wp-json\/wp\/v2\/pages"}],"about":[{"href":"https:\/\/www.partnershipagainstcancer.ca\/fr\/wp-json\/wp\/v2\/types\/page"}],"author":[{"embeddable":true,"href":"https:\/\/www.partnershipagainstcancer.ca\/fr\/wp-json\/wp\/v2\/users\/37"}],"replies":[{"embeddable":true,"href":"https:\/\/www.partnershipagainstcancer.ca\/fr\/wp-json\/wp\/v2\/comments?post=17505"}],"version-history":[{"count":5,"href":"https:\/\/www.partnershipagainstcancer.ca\/fr\/wp-json\/wp\/v2\/pages\/17505\/revisions"}],"predecessor-version":[{"id":68001,"href":"https:\/\/www.partnershipagainstcancer.ca\/fr\/wp-json\/wp\/v2\/pages\/17505\/revisions\/68001"}],"wp:attachment":[{"href":"https:\/\/www.partnershipagainstcancer.ca\/fr\/wp-json\/wp\/v2\/media?parent=17505"}],"wp:term":[{"taxonomy":"category","embeddable":true,"href":"https:\/\/www.partnershipagainstcancer.ca\/fr\/wp-json\/wp\/v2\/categories?post=17505"},{"taxonomy":"post_tag","embeddable":true,"href":"https:\/\/www.partnershipagainstcancer.ca\/fr\/wp-json\/wp\/v2\/tags?post=17505"},{"taxonomy":"site-tools","embeddable":true,"href":"https:\/\/www.partnershipagainstcancer.ca\/fr\/wp-json\/wp\/v2\/site-tools?post=17505"},{"taxonomy":"author","embeddable":true,"href":"https:\/\/www.partnershipagainstcancer.ca\/fr\/wp-json\/wp\/v2\/ppma_author?post=17505"}],"curies":[{"name":"wp","href":"https:\/\/api.w.org\/{rel}","templated":true}]}}