{"id":13327,"date":"2010-05-25T22:51:23","date_gmt":"2010-05-25T22:51:23","guid":{"rendered":"https:\/\/www.partnershipagainstcancer.cacareers-fr\/"},"modified":"2025-01-17T07:39:48","modified_gmt":"2025-01-17T12:39:48","slug":"careers","status":"publish","type":"page","link":"https:\/\/www.partnershipagainstcancer.ca\/fr\/work-with-us\/careers\/","title":{"rendered":"Carri\u00e8res"},"content":{"rendered":"<h2>Ayez un impact!<\/h2>\n<p>Au Partenariat canadien contre le cancer (le Partenariat), nous donnons aux professionnels les moyens d\u2019avoir un impact sur le syst\u00e8me canadien de lutte contre le cancer. En vous joignant \u00e0 notre \u00e9quipe, vous aurez l\u2019occasion unique de travailler au sein d\u2019une culture de collaboration, et ce, en compagnie d\u2019autres personnes d\u00e9vou\u00e9es et passionn\u00e9es qui visent le m\u00eame objectif que vous\u00a0\u2013\u00a0avoir un impact sur la vie des Canadiens.<\/p>\n<h2>Nos activit\u00e9s<\/h2>\n<p>Le Partenariat canadien contre le cancer a \u00e9t\u00e9 cr\u00e9\u00e9 par le gouvernement du Canada pour coordonner la <em>Strat\u00e9gie canadienne de lutte contre le cancer <\/em>(la Strat\u00e9gie). Nous soutenons nos partenaires dans tout le pays pour faire avancer les priorit\u00e9s et les mesures pancanadiennes d\u00e9finies dans la Strat\u00e9gie. Ensemble, nous mettons tout en \u0153uvre pour que :<\/p>\n<ul>\n<li>moins de personnes au Canada soient atteintes de cancer;<\/li>\n<li>plus de personnes au Canada survivent au cancer;<\/li>\n<li>les personnes touch\u00e9es par le cancer au Canada jouissent d\u2019une meilleure qualit\u00e9 de vie;<\/li>\n<li>toutes les personnes au Canada b\u00e9n\u00e9ficient d\u2019un acc\u00e8s \u00e9quitable \u00e0 des soins de qualit\u00e9 contre le cancer, peu importe qui elles sont et o\u00f9 elles vivent.<\/li>\n<\/ul>\n<p>Pour obtenir de plus amples renseignements, visitez la section \u00ab\u00a0<a href=\"https:\/\/www.partnershipagainstcancer.ca\/fr\/about-us\/\">\u00c0 propos de nous\u00a0<\/a>\u00bb.<\/p>\n<h2>Nos valeurs<\/h2>\n<p>Au Partenariat, nous sommes d\u00e9termin\u00e9s \u00e0 favoriser une culture organisationnelle solide en restant chaque jour fid\u00e8les \u00e0 nos valeurs. Nos valeurs guident nos d\u00e9cisions, nos activit\u00e9s quotidiennes et nos contacts avec nos partenaires, nos intervenants et nos coll\u00e8gues.<\/p>\n<div class=\"our-values-container\"><div class=\"values col-md-12\"><div class=\"values-icon-transparency col-xs-1 col-sm-1 col-md-1\"><i class=\"fa fa-search value-icons\" aria-hidden=\"true\"><\/i><span class=\"sr-only\">Transparence<\/span><\/div><div class=\"values-content col-xs-10 col-sm-9 col-md-10\">\n                        <h5>Transparence<\/h5>\n                        <p>Nous visons la transparence, car elle favorise l\u2019int\u00e9grit\u00e9. Nous respectons notre obligation de traiter de fa\u00e7on franche, \u00e9thique et objective avec nos coll\u00e8gues, nos partenaires, nos intervenants et le public.<\/p>\n                    <\/div><\/div><div class=\"values col-md-12\"><div class=\"values-icon-respect col-xs-1 col-sm-1 col-md-1\"><i class=\"fa fa-handshake value-icons\" aria-hidden=\"true\"><\/i><span class=\"sr-only\">Respect<\/span><\/div><div class=\"values-content col-xs-10 col-sm-9 col-md-10\">\n                        <h5>Respect<\/h5>\n                        <p>Nous sommes d\u00e9termin\u00e9s \u00e0 favoriser une culture de responsabilisation et \u00e0 cr\u00e9er un environnement dans lequel chaque personne se sent stimul\u00e9e, reconnue et valoris\u00e9e pour ses contributions. Nous traitons nos coll\u00e8gues, nos partenaires et nos intervenants avec dignit\u00e9, sensibilit\u00e9, int\u00e9grit\u00e9 et respect. Nous prisons la diversit\u00e9 et puisons dans nos forces, nos cultures, nos id\u00e9es, nos approches, nos exp\u00e9riences et nos talents pour concr\u00e9tiser notre vision. <\/p>\n                    <\/div><\/div><div class=\"values col-md-12\"><div class=\"values-icon-accountability col-xs-1 col-sm-1 col-md-1\"><i class=\"fa fa-check value-icons\" aria-hidden=\"true\"><\/i><span class=\"sr-only\">Responsabilit\u00e9<\/span><\/div><div class=\"values-content col-xs-10 col-sm-9 col-md-10\">\n                        <h5>Responsabilit\u00e9<\/h5>\n                        <p>Nous sommes attentifs \u00e0 nos engagements envers nos coll\u00e8gues, nos partenaires et nos intervenants et les respectons d\u2019une fa\u00e7on financi\u00e8rement responsable.<\/p>\n                    <\/div><\/div><div class=\"values col-md-12\"><div class=\"values-icon-collaboration col-xs-1 col-sm-1 col-md-1\"><i class=\"fa fa-users value-icons\" aria-hidden=\"true\"><\/i><span class=\"sr-only\">Collaboration<\/span><\/div><div class=\"values-content col-xs-10 col-sm-9 col-md-10\">\n                        <h5>Collaboration<\/h5>\n                        <p>Nous nous effor\u00e7ons d\u2019obtenir des r\u00e9sultats dans un esprit de collaboration. Nos meilleurs r\u00e9sultats d\u00e9coulent des efforts de nos employ\u00e9s pour travailler en \u00e9troite collaboration, et partager des renseignements, des id\u00e9es et des ressources dans le but d\u2019atteindre des objectifs communs. <\/p>\n                    <\/div><\/div><div class=\"values col-md-12\"><div class=\"values-icon-innovation col-xs-1 col-sm-1 col-md-1\"><i class=\"fa fa-lightbulb value-icons\" aria-hidden=\"true\"><\/i><span class=\"sr-only\">Innovation<\/span><\/div><div class=\"values-content col-xs-10 col-sm-9 col-md-10\">\n                        <h5>Innovation<\/h5>\n                        <p>Nous nous lan\u00e7ons un d\u00e9fi \u00e0 nous-m\u00eames autant qu\u2019\u00e0 autrui d\u2019innover en trouvant de nouvelles fa\u00e7ons de travailler, en d\u00e9montrant la libert\u00e9 de cr\u00e9er, en ayant le courage d\u2019explorer des territoires inconnus et en tentant continuellement de nous am\u00e9liorer. <\/p>\n                    <\/div><\/div><\/div>\n<h2>Le Partenariat en chiffres<\/h2>\n<div class=\"related-stats purple col-sm-12 col-md-12 col-lg-6 display-left\"><div class=\"stats-header\">125<\/div>   <div class=\"stats-sub-header\">professionnels d\u00e9vou\u00e9s travaillent avec nous.<\/div>\n                    <\/div>\n<div class=\"related-stats orange col-sm-12 col-md-12 col-lg-6 display-left\"><div class=\"stats-header\">50 % <\/div>   <div class=\"stats-sub-header\">de notre \u00e9quipe travaille avec nous depuis 3 ans + <\/div>\n                    <\/div>\n<div class=\"related-stats blue col-sm-12 col-md-12 col-lg-6 display-left\"><div class=\"stats-header\">40 %<\/div>   <div class=\"stats-sub-header\">des membres de notre \u00e9quipe ont \u00e9t\u00e9 promus \u00e0 l'interne.<\/div>\n                    <\/div>\n<div class=\"related-stats green col-sm-12 col-md-12 col-lg-6 display-left\"><div class=\"stats-header\">40+<\/div>   <div class=\"stats-sub-header\"> \u00e9tudiants de doctorat, de ma\u00eetrise et de programmes coop depuis 2007.<\/div>\n                    <\/div>\n<h2><strong>Diversit\u00e9 et accessibilit\u00e9 <\/strong><\/h2>\n<p>Le Partenariat souscrit au principe de l\u2019\u00e9quit\u00e9 en mati\u00e8re d\u2019emploi et favorise la diversit\u00e9.<\/p>\n<p>Les candidats atteints d\u2019une incapacit\u00e9 peuvent demander des mesures d\u2019accommodement \u00e0 tout moment au cours du processus de recrutement, conform\u00e9ment \u00e0 la <em>Loi sur l\u2019accessibilit\u00e9 pour les personnes handicap\u00e9es de l\u2019Ontario<\/em> et au <em>Code des droits de la personne de l\u2019Ontario<\/em>.<\/p>\n<h2><strong>Joignez-vous au Partenariat<\/strong><\/h2>\n<p><span lang=\"fr\">Remarque\u00a0: toutes les offres d\u2019emploi sont actuellement disponibles en anglais. Leur traduction fran\u00e7aise est disponible sur demande en envoyant un courriel \u00e0 l\u2019adresse\u00a0:<\/span><span lang=\"fr\">\u00a0<a href=\"mailto:peopleandculture@partnershipagainstcancer.ca\" target=\"_blank\" rel=\"noopener noreferrer\" data-auth=\"NotApplicable\">peopleandculture@partnershipagainstcancer.ca<\/a>.<\/span><\/p>\n","protected":false},"excerpt":{"rendered":"<p>Ayez un impact! Au Partenariat canadien contre le cancer (le Partenariat), nous donnons aux professionnels les moyens d\u2019avoir un impact sur le syst\u00e8me canadien de lutte contre le cancer. En vous joignant \u00e0 notre \u00e9quipe, vous aurez l\u2019occasion unique de travailler au sein d\u2019une culture de collaboration, et ce, en compagnie d\u2019autres personnes d\u00e9vou\u00e9es et [&hellip;]<\/p>\n","protected":false},"author":37,"featured_media":17084,"parent":13326,"menu_order":5,"comment_status":"closed","ping_status":"closed","template":"content.php","meta":{"_acf_changed":false,"_monsterinsights_skip_tracking":false,"_monsterinsights_sitenote_active":false,"_monsterinsights_sitenote_note":"","_monsterinsights_sitenote_category":0,"ep_exclude_from_search":false,"footnotes":""},"categories":[],"tags":[],"site-tools":[],"ppma_author":[1973],"class_list":["post-13327","page","type-page","status-publish","has-post-thumbnail","hentry"],"acf":[],"yoast_head":"<!-- This site is optimized with the Yoast SEO plugin v27.3 - https:\/\/yoast.com\/product\/yoast-seo-wordpress\/ -->\n<title>Canadian Partnership Against Cancer<\/title>\n<meta name=\"description\" content=\"\u00cates-vous pr\u00eat \u00e0 faire une diff\u00e9rence? Cherchez-vous \u00e0 vous joindre \u00e0 une \u00e9quipe dont le travail est enrichissant, novateur et stimulant? D\u00e9couvrez les postes vacants.\" \/>\n<meta name=\"robots\" content=\"index, follow, max-snippet:-1, max-image-preview:large, max-video-preview:-1\" \/>\n<link rel=\"canonical\" href=\"https:\/\/www.partnershipagainstcancer.ca\/fr\/work-with-us\/careers\/\" \/>\n<meta property=\"og:locale\" content=\"fr_FR\" \/>\n<meta property=\"og:type\" content=\"article\" \/>\n<meta property=\"og:title\" content=\"Carri\u00e8res - Canadian Partnership Against Cancer\" \/>\n<meta property=\"og:description\" content=\"\u00cates-vous pr\u00eat \u00e0 faire une diff\u00e9rence? Cherchez-vous \u00e0 vous joindre \u00e0 une \u00e9quipe dont le travail est enrichissant, novateur et stimulant? D\u00e9couvrez les postes vacants.\" \/>\n<meta property=\"og:url\" content=\"https:\/\/www.partnershipagainstcancer.ca\/fr\/work-with-us\/careers\/\" \/>\n<meta property=\"og:site_name\" content=\"Canadian Partnership Against Cancer\" \/>\n<meta property=\"article:publisher\" content=\"https:\/\/www.facebook.com\/CanadianPartnershipAgainstCancer\/\" \/>\n<meta property=\"article:modified_time\" content=\"2025-01-17T12:39:48+00:00\" \/>\n<meta name=\"twitter:card\" content=\"summary_large_image\" \/>\n<meta name=\"twitter:site\" content=\"@cancerstratca\" \/>\n<meta name=\"twitter:label1\" content=\"Dur\u00e9e de lecture estim\u00e9e\" \/>\n\t<meta name=\"twitter:data1\" content=\"3 minutes\" \/>\n<script type=\"application\/ld+json\" class=\"yoast-schema-graph\">{\"@context\":\"https:\\\/\\\/schema.org\",\"@graph\":[{\"@type\":\"WebPage\",\"@id\":\"https:\\\/\\\/www.partnershipagainstcancer.ca\\\/fr\\\/work-with-us\\\/careers\\\/\",\"url\":\"https:\\\/\\\/www.partnershipagainstcancer.ca\\\/fr\\\/work-with-us\\\/careers\\\/\",\"name\":\"Carri\u00e8res - Canadian Partnership Against Cancer\",\"isPartOf\":{\"@id\":\"https:\\\/\\\/dev.partnershipagainstcancer.ca\\\/#website\"},\"primaryImageOfPage\":{\"@id\":\"https:\\\/\\\/www.partnershipagainstcancer.ca\\\/fr\\\/work-with-us\\\/careers\\\/#primaryimage\"},\"image\":{\"@id\":\"https:\\\/\\\/www.partnershipagainstcancer.ca\\\/fr\\\/work-with-us\\\/careers\\\/#primaryimage\"},\"thumbnailUrl\":\"\",\"datePublished\":\"2010-05-25T22:51:23+00:00\",\"dateModified\":\"2025-01-17T12:39:48+00:00\",\"description\":\"\u00cates-vous pr\u00eat \u00e0 faire une diff\u00e9rence? Cherchez-vous \u00e0 vous joindre \u00e0 une \u00e9quipe dont le travail est enrichissant, novateur et stimulant? D\u00e9couvrez les postes vacants.\",\"breadcrumb\":{\"@id\":\"https:\\\/\\\/www.partnershipagainstcancer.ca\\\/fr\\\/work-with-us\\\/careers\\\/#breadcrumb\"},\"inLanguage\":\"fr-FR\",\"potentialAction\":[{\"@type\":\"ReadAction\",\"target\":[\"https:\\\/\\\/www.partnershipagainstcancer.ca\\\/fr\\\/work-with-us\\\/careers\\\/\"]}]},{\"@type\":\"ImageObject\",\"inLanguage\":\"fr-FR\",\"@id\":\"https:\\\/\\\/www.partnershipagainstcancer.ca\\\/fr\\\/work-with-us\\\/careers\\\/#primaryimage\",\"url\":\"\",\"contentUrl\":\"\"},{\"@type\":\"BreadcrumbList\",\"@id\":\"https:\\\/\\\/www.partnershipagainstcancer.ca\\\/fr\\\/work-with-us\\\/careers\\\/#breadcrumb\",\"itemListElement\":[{\"@type\":\"ListItem\",\"position\":1,\"name\":\"Faites \u00e9quipe avec nous\",\"item\":\"https:\\\/\\\/www.partnershipagainstcancer.ca\\\/fr\\\/work-with-us\\\/\"},{\"@type\":\"ListItem\",\"position\":2,\"name\":\"Carri\u00e8res\"}]},{\"@type\":\"WebSite\",\"@id\":\"https:\\\/\\\/dev.partnershipagainstcancer.ca\\\/#website\",\"url\":\"https:\\\/\\\/dev.partnershipagainstcancer.ca\\\/\",\"name\":\"Canadian Partnership Against Cancer\",\"description\":\"\",\"potentialAction\":[{\"@type\":\"SearchAction\",\"target\":{\"@type\":\"EntryPoint\",\"urlTemplate\":\"https:\\\/\\\/dev.partnershipagainstcancer.ca\\\/?s={search_term_string}\"},\"query-input\":{\"@type\":\"PropertyValueSpecification\",\"valueRequired\":true,\"valueName\":\"search_term_string\"}}],\"inLanguage\":\"fr-FR\"}]}<\/script>\n<!-- \/ Yoast SEO plugin. -->","yoast_head_json":{"title":"Canadian Partnership Against Cancer","description":"\u00cates-vous pr\u00eat \u00e0 faire une diff\u00e9rence? Cherchez-vous \u00e0 vous joindre \u00e0 une \u00e9quipe dont le travail est enrichissant, novateur et stimulant? D\u00e9couvrez les postes vacants.","robots":{"index":"index","follow":"follow","max-snippet":"max-snippet:-1","max-image-preview":"max-image-preview:large","max-video-preview":"max-video-preview:-1"},"canonical":"https:\/\/www.partnershipagainstcancer.ca\/fr\/work-with-us\/careers\/","og_locale":"fr_FR","og_type":"article","og_title":"Carri\u00e8res - Canadian Partnership Against Cancer","og_description":"\u00cates-vous pr\u00eat \u00e0 faire une diff\u00e9rence? Cherchez-vous \u00e0 vous joindre \u00e0 une \u00e9quipe dont le travail est enrichissant, novateur et stimulant? D\u00e9couvrez les postes vacants.","og_url":"https:\/\/www.partnershipagainstcancer.ca\/fr\/work-with-us\/careers\/","og_site_name":"Canadian Partnership Against Cancer","article_publisher":"https:\/\/www.facebook.com\/CanadianPartnershipAgainstCancer\/","article_modified_time":"2025-01-17T12:39:48+00:00","twitter_card":"summary_large_image","twitter_site":"@cancerstratca","twitter_misc":{"Dur\u00e9e de lecture estim\u00e9e":"3 minutes"},"schema":{"@context":"https:\/\/schema.org","@graph":[{"@type":"WebPage","@id":"https:\/\/www.partnershipagainstcancer.ca\/fr\/work-with-us\/careers\/","url":"https:\/\/www.partnershipagainstcancer.ca\/fr\/work-with-us\/careers\/","name":"Carri\u00e8res - Canadian Partnership Against Cancer","isPartOf":{"@id":"https:\/\/dev.partnershipagainstcancer.ca\/#website"},"primaryImageOfPage":{"@id":"https:\/\/www.partnershipagainstcancer.ca\/fr\/work-with-us\/careers\/#primaryimage"},"image":{"@id":"https:\/\/www.partnershipagainstcancer.ca\/fr\/work-with-us\/careers\/#primaryimage"},"thumbnailUrl":"","datePublished":"2010-05-25T22:51:23+00:00","dateModified":"2025-01-17T12:39:48+00:00","description":"\u00cates-vous pr\u00eat \u00e0 faire une diff\u00e9rence? Cherchez-vous \u00e0 vous joindre \u00e0 une \u00e9quipe dont le travail est enrichissant, novateur et stimulant? D\u00e9couvrez les postes vacants.","breadcrumb":{"@id":"https:\/\/www.partnershipagainstcancer.ca\/fr\/work-with-us\/careers\/#breadcrumb"},"inLanguage":"fr-FR","potentialAction":[{"@type":"ReadAction","target":["https:\/\/www.partnershipagainstcancer.ca\/fr\/work-with-us\/careers\/"]}]},{"@type":"ImageObject","inLanguage":"fr-FR","@id":"https:\/\/www.partnershipagainstcancer.ca\/fr\/work-with-us\/careers\/#primaryimage","url":"","contentUrl":""},{"@type":"BreadcrumbList","@id":"https:\/\/www.partnershipagainstcancer.ca\/fr\/work-with-us\/careers\/#breadcrumb","itemListElement":[{"@type":"ListItem","position":1,"name":"Faites \u00e9quipe avec nous","item":"https:\/\/www.partnershipagainstcancer.ca\/fr\/work-with-us\/"},{"@type":"ListItem","position":2,"name":"Carri\u00e8res"}]},{"@type":"WebSite","@id":"https:\/\/dev.partnershipagainstcancer.ca\/#website","url":"https:\/\/dev.partnershipagainstcancer.ca\/","name":"Canadian Partnership Against Cancer","description":"","potentialAction":[{"@type":"SearchAction","target":{"@type":"EntryPoint","urlTemplate":"https:\/\/dev.partnershipagainstcancer.ca\/?s={search_term_string}"},"query-input":{"@type":"PropertyValueSpecification","valueRequired":true,"valueName":"search_term_string"}}],"inLanguage":"fr-FR"}]}},"_links":{"self":[{"href":"https:\/\/www.partnershipagainstcancer.ca\/fr\/wp-json\/wp\/v2\/pages\/13327","targetHints":{"allow":["GET"]}}],"collection":[{"href":"https:\/\/www.partnershipagainstcancer.ca\/fr\/wp-json\/wp\/v2\/pages"}],"about":[{"href":"https:\/\/www.partnershipagainstcancer.ca\/fr\/wp-json\/wp\/v2\/types\/page"}],"author":[{"embeddable":true,"href":"https:\/\/www.partnershipagainstcancer.ca\/fr\/wp-json\/wp\/v2\/users\/37"}],"replies":[{"embeddable":true,"href":"https:\/\/www.partnershipagainstcancer.ca\/fr\/wp-json\/wp\/v2\/comments?post=13327"}],"version-history":[{"count":5,"href":"https:\/\/www.partnershipagainstcancer.ca\/fr\/wp-json\/wp\/v2\/pages\/13327\/revisions"}],"predecessor-version":[{"id":71595,"href":"https:\/\/www.partnershipagainstcancer.ca\/fr\/wp-json\/wp\/v2\/pages\/13327\/revisions\/71595"}],"up":[{"embeddable":true,"href":"https:\/\/www.partnershipagainstcancer.ca\/fr\/wp-json\/wp\/v2\/pages\/13326"}],"wp:featuredmedia":[{"embeddable":true,"href":"https:\/\/www.partnershipagainstcancer.ca\/fr\/wp-json\/"}],"wp:attachment":[{"href":"https:\/\/www.partnershipagainstcancer.ca\/fr\/wp-json\/wp\/v2\/media?parent=13327"}],"wp:term":[{"taxonomy":"category","embeddable":true,"href":"https:\/\/www.partnershipagainstcancer.ca\/fr\/wp-json\/wp\/v2\/categories?post=13327"},{"taxonomy":"post_tag","embeddable":true,"href":"https:\/\/www.partnershipagainstcancer.ca\/fr\/wp-json\/wp\/v2\/tags?post=13327"},{"taxonomy":"site-tools","embeddable":true,"href":"https:\/\/www.partnershipagainstcancer.ca\/fr\/wp-json\/wp\/v2\/site-tools?post=13327"},{"taxonomy":"author","embeddable":true,"href":"https:\/\/www.partnershipagainstcancer.ca\/fr\/wp-json\/wp\/v2\/ppma_author?post=13327"}],"curies":[{"name":"wp","href":"https:\/\/api.w.org\/{rel}","templated":true}]}}