{"id":13299,"date":"2017-04-06T20:42:20","date_gmt":"2017-04-06T20:42:20","guid":{"rendered":"https:\/\/www.partnershipagainstcancer.cahome-fr\/"},"modified":"2025-04-07T09:05:02","modified_gmt":"2025-04-07T14:05:02","slug":"home-old","status":"publish","type":"page","link":"https:\/\/www.partnershipagainstcancer.ca\/fr\/home-old\/","title":{"rendered":"Accueil (Old)"},"content":{"rendered":"","protected":false},"excerpt":{"rendered":"","protected":false},"author":37,"featured_media":15080,"parent":0,"menu_order":-10,"comment_status":"closed","ping_status":"closed","template":"","meta":{"_acf_changed":false,"_monsterinsights_skip_tracking":false,"_monsterinsights_sitenote_active":false,"_monsterinsights_sitenote_note":"","_monsterinsights_sitenote_category":0,"ep_exclude_from_search":false,"footnotes":""},"categories":[],"tags":[],"site-tools":[],"ppma_author":[1973],"class_list":["post-13299","page","type-page","status-publish","has-post-thumbnail","hentry"],"acf":[],"yoast_head":"<!-- This site is optimized with the Yoast SEO plugin v27.3 - https:\/\/yoast.com\/product\/yoast-seo-wordpress\/ -->\n<title>Canadian Partnership Against Cancer<\/title>\n<meta name=\"description\" content=\"Le Partenariat canadien contre le cancer apporte sa collaboration et son soutien au milieu de la sant\u00e9 et de la lutte contre le cancer afin d\u2019am\u00e9liorer les r\u00e9sultats li\u00e9s au cancer pour l\u2019ensemble de la population du Canada.\" \/>\n<meta name=\"robots\" content=\"index, follow, max-snippet:-1, max-image-preview:large, max-video-preview:-1\" \/>\n<link rel=\"canonical\" href=\"https:\/\/www.partnershipagainstcancer.ca\/fr\/home-old\/\" \/>\n<meta property=\"og:locale\" content=\"fr_FR\" \/>\n<meta property=\"og:type\" content=\"article\" \/>\n<meta property=\"og:title\" content=\"Accueil (Old) - Canadian Partnership Against Cancer\" \/>\n<meta property=\"og:description\" content=\"Le Partenariat canadien contre le cancer apporte sa collaboration et son soutien au milieu de la sant\u00e9 et de la lutte contre le cancer afin d\u2019am\u00e9liorer les r\u00e9sultats li\u00e9s au cancer pour l\u2019ensemble de la population du Canada.\" \/>\n<meta property=\"og:url\" content=\"https:\/\/www.partnershipagainstcancer.ca\/fr\/home-old\/\" \/>\n<meta property=\"og:site_name\" content=\"Canadian Partnership Against Cancer\" \/>\n<meta property=\"article:publisher\" content=\"https:\/\/www.facebook.com\/CanadianPartnershipAgainstCancer\/\" \/>\n<meta property=\"article:modified_time\" content=\"2025-04-07T14:05:02+00:00\" \/>\n<meta name=\"twitter:card\" content=\"summary_large_image\" \/>\n<meta name=\"twitter:site\" content=\"@cancerstratca\" \/>\n<script type=\"application\/ld+json\" class=\"yoast-schema-graph\">{\"@context\":\"https:\\\/\\\/schema.org\",\"@graph\":[{\"@type\":\"WebPage\",\"@id\":\"https:\\\/\\\/www.partnershipagainstcancer.ca\\\/fr\\\/home-old\\\/\",\"url\":\"https:\\\/\\\/www.partnershipagainstcancer.ca\\\/fr\\\/home-old\\\/\",\"name\":\"Accueil (Old) - Canadian Partnership Against Cancer\",\"isPartOf\":{\"@id\":\"https:\\\/\\\/dev.partnershipagainstcancer.ca\\\/#website\"},\"primaryImageOfPage\":{\"@id\":\"https:\\\/\\\/www.partnershipagainstcancer.ca\\\/fr\\\/home-old\\\/#primaryimage\"},\"image\":{\"@id\":\"https:\\\/\\\/www.partnershipagainstcancer.ca\\\/fr\\\/home-old\\\/#primaryimage\"},\"thumbnailUrl\":\"\",\"datePublished\":\"2017-04-06T20:42:20+00:00\",\"dateModified\":\"2025-04-07T14:05:02+00:00\",\"description\":\"Le Partenariat canadien contre le cancer apporte sa collaboration et son soutien au milieu de la sant\u00e9 et de la lutte contre le cancer afin d\u2019am\u00e9liorer les r\u00e9sultats li\u00e9s au cancer pour l\u2019ensemble de la population du Canada.\",\"inLanguage\":\"fr-FR\",\"potentialAction\":[{\"@type\":\"ReadAction\",\"target\":[\"https:\\\/\\\/www.partnershipagainstcancer.ca\\\/fr\\\/home-old\\\/\"]}]},{\"@type\":\"ImageObject\",\"inLanguage\":\"fr-FR\",\"@id\":\"https:\\\/\\\/www.partnershipagainstcancer.ca\\\/fr\\\/home-old\\\/#primaryimage\",\"url\":\"\",\"contentUrl\":\"\"},{\"@type\":\"WebSite\",\"@id\":\"https:\\\/\\\/dev.partnershipagainstcancer.ca\\\/#website\",\"url\":\"https:\\\/\\\/dev.partnershipagainstcancer.ca\\\/\",\"name\":\"Canadian Partnership Against Cancer\",\"description\":\"\",\"potentialAction\":[{\"@type\":\"SearchAction\",\"target\":{\"@type\":\"EntryPoint\",\"urlTemplate\":\"https:\\\/\\\/dev.partnershipagainstcancer.ca\\\/?s={search_term_string}\"},\"query-input\":{\"@type\":\"PropertyValueSpecification\",\"valueRequired\":true,\"valueName\":\"search_term_string\"}}],\"inLanguage\":\"fr-FR\"}]}<\/script>\n<!-- \/ Yoast SEO plugin. -->","yoast_head_json":{"title":"Canadian Partnership Against Cancer","description":"Le Partenariat canadien contre le cancer apporte sa collaboration et son soutien au milieu de la sant\u00e9 et de la lutte contre le cancer afin d\u2019am\u00e9liorer les r\u00e9sultats li\u00e9s au cancer pour l\u2019ensemble de la population du Canada.","robots":{"index":"index","follow":"follow","max-snippet":"max-snippet:-1","max-image-preview":"max-image-preview:large","max-video-preview":"max-video-preview:-1"},"canonical":"https:\/\/www.partnershipagainstcancer.ca\/fr\/home-old\/","og_locale":"fr_FR","og_type":"article","og_title":"Accueil (Old) - Canadian Partnership Against Cancer","og_description":"Le Partenariat canadien contre le cancer apporte sa collaboration et son soutien au milieu de la sant\u00e9 et de la lutte contre le cancer afin d\u2019am\u00e9liorer les r\u00e9sultats li\u00e9s au cancer pour l\u2019ensemble de la population du Canada.","og_url":"https:\/\/www.partnershipagainstcancer.ca\/fr\/home-old\/","og_site_name":"Canadian Partnership Against Cancer","article_publisher":"https:\/\/www.facebook.com\/CanadianPartnershipAgainstCancer\/","article_modified_time":"2025-04-07T14:05:02+00:00","twitter_card":"summary_large_image","twitter_site":"@cancerstratca","schema":{"@context":"https:\/\/schema.org","@graph":[{"@type":"WebPage","@id":"https:\/\/www.partnershipagainstcancer.ca\/fr\/home-old\/","url":"https:\/\/www.partnershipagainstcancer.ca\/fr\/home-old\/","name":"Accueil (Old) - Canadian Partnership Against Cancer","isPartOf":{"@id":"https:\/\/dev.partnershipagainstcancer.ca\/#website"},"primaryImageOfPage":{"@id":"https:\/\/www.partnershipagainstcancer.ca\/fr\/home-old\/#primaryimage"},"image":{"@id":"https:\/\/www.partnershipagainstcancer.ca\/fr\/home-old\/#primaryimage"},"thumbnailUrl":"","datePublished":"2017-04-06T20:42:20+00:00","dateModified":"2025-04-07T14:05:02+00:00","description":"Le Partenariat canadien contre le cancer apporte sa collaboration et son soutien au milieu de la sant\u00e9 et de la lutte contre le cancer afin d\u2019am\u00e9liorer les r\u00e9sultats li\u00e9s au cancer pour l\u2019ensemble de la population du Canada.","inLanguage":"fr-FR","potentialAction":[{"@type":"ReadAction","target":["https:\/\/www.partnershipagainstcancer.ca\/fr\/home-old\/"]}]},{"@type":"ImageObject","inLanguage":"fr-FR","@id":"https:\/\/www.partnershipagainstcancer.ca\/fr\/home-old\/#primaryimage","url":"","contentUrl":""},{"@type":"WebSite","@id":"https:\/\/dev.partnershipagainstcancer.ca\/#website","url":"https:\/\/dev.partnershipagainstcancer.ca\/","name":"Canadian Partnership Against Cancer","description":"","potentialAction":[{"@type":"SearchAction","target":{"@type":"EntryPoint","urlTemplate":"https:\/\/dev.partnershipagainstcancer.ca\/?s={search_term_string}"},"query-input":{"@type":"PropertyValueSpecification","valueRequired":true,"valueName":"search_term_string"}}],"inLanguage":"fr-FR"}]}},"_links":{"self":[{"href":"https:\/\/www.partnershipagainstcancer.ca\/fr\/wp-json\/wp\/v2\/pages\/13299","targetHints":{"allow":["GET"]}}],"collection":[{"href":"https:\/\/www.partnershipagainstcancer.ca\/fr\/wp-json\/wp\/v2\/pages"}],"about":[{"href":"https:\/\/www.partnershipagainstcancer.ca\/fr\/wp-json\/wp\/v2\/types\/page"}],"author":[{"embeddable":true,"href":"https:\/\/www.partnershipagainstcancer.ca\/fr\/wp-json\/wp\/v2\/users\/37"}],"replies":[{"embeddable":true,"href":"https:\/\/www.partnershipagainstcancer.ca\/fr\/wp-json\/wp\/v2\/comments?post=13299"}],"version-history":[{"count":4,"href":"https:\/\/www.partnershipagainstcancer.ca\/fr\/wp-json\/wp\/v2\/pages\/13299\/revisions"}],"predecessor-version":[{"id":72162,"href":"https:\/\/www.partnershipagainstcancer.ca\/fr\/wp-json\/wp\/v2\/pages\/13299\/revisions\/72162"}],"wp:featuredmedia":[{"embeddable":true,"href":"https:\/\/www.partnershipagainstcancer.ca\/fr\/wp-json\/"}],"wp:attachment":[{"href":"https:\/\/www.partnershipagainstcancer.ca\/fr\/wp-json\/wp\/v2\/media?parent=13299"}],"wp:term":[{"taxonomy":"category","embeddable":true,"href":"https:\/\/www.partnershipagainstcancer.ca\/fr\/wp-json\/wp\/v2\/categories?post=13299"},{"taxonomy":"post_tag","embeddable":true,"href":"https:\/\/www.partnershipagainstcancer.ca\/fr\/wp-json\/wp\/v2\/tags?post=13299"},{"taxonomy":"site-tools","embeddable":true,"href":"https:\/\/www.partnershipagainstcancer.ca\/fr\/wp-json\/wp\/v2\/site-tools?post=13299"},{"taxonomy":"author","embeddable":true,"href":"https:\/\/www.partnershipagainstcancer.ca\/fr\/wp-json\/wp\/v2\/ppma_author?post=13299"}],"curies":[{"name":"wp","href":"https:\/\/api.w.org\/{rel}","templated":true}]}}